{"id":8197,"date":"2025-06-05T12:27:57","date_gmt":"2025-06-05T11:27:57","guid":{"rendered":"https:\/\/lda.be\/?post_type=product&#038;p=8197"},"modified":"2025-10-18T14:28:29","modified_gmt":"2025-10-18T13:28:29","slug":"52-serie-electrovanne-1-8-1-4","status":"publish","type":"product","link":"https:\/\/lda.be\/fr\/produit\/52-serie-electrovanne-1-8-1-4\/","title":{"rendered":"MAC 52 S\u00e9rie \u00e9lectrovanne 3\/2 NF-NO, 1\/8&#8243;-1\/4&#8243;, 1500Nl\/min"},"content":{"rendered":"<p>La s\u00e9rie MAC 52 est une \u00e9lectrovanne 3 voies qui excelle par ses performances et sa fiabilit\u00e9. Avec un d\u00e9bit impressionnant allant jusqu&#8217;\u00e0 1500 Nl\/min et des raccordements de 1\/8&#8243; ou 1\/4&#8243;, cette \u00e9lectrovanne offre un d\u00e9bit \u00e9lev\u00e9 sans sacrifier la vitesse ou la pr\u00e9cision.<\/p>\n<p>Gr\u00e2ce \u00e0 la conception \u00e9quilibr\u00e9e de son tiroir et \u00e0 un puissant ressort de rappel, la s\u00e9rie 52 se d\u00e9place rapidement et r\u00e9guli\u00e8rement. La vanne est disponible en plusieurs configurations : Individuelle, juxtaposables ou sur embase. Toutes les versions sont non d\u00e9brochables, ce qui offre une grande souplesse dans la conception et l&#8217;installation de votre application.<\/p>\n<p>Qu&#8217;il s&#8217;agisse d&#8217;automatisation industrielle, de lignes d&#8217;emballage ou de technologie m\u00e9dicale, la s\u00e9rie MAC 52 offre une combinaison solide de vitesse, de d\u00e9bit et de fiabilit\u00e9 dans un format robuste. Con\u00e7us pour fonctionner, construits pour durer.<\/p>\n","protected":false},"excerpt":{"rendered":"<p>La s\u00e9rie MAC 52 est une \u00e9lectrovanne 3 voies qui excelle par ses performances et sa fiabilit\u00e9. Avec un d\u00e9bit impressionnant allant jusqu&#8217;\u00e0 1500 Nl\/min et des raccordements de 1\/8&#8243; ou 1\/4&#8243;, cette \u00e9lectrovanne offre un d\u00e9bit \u00e9lev\u00e9 sans sacrifier la vitesse ou la pr\u00e9cision. Gr\u00e2ce \u00e0 la conception \u00e9quilibr\u00e9e de son tiroir et \u00e0 [&hellip;]<\/p>\n","protected":false},"featured_media":11091,"comment_status":"closed","ping_status":"closed","template":"","meta":[],"product_brand":[1747,1257,1632],"product_cat":[996,1118,1134,1136],"product_tag":[],"class_list":{"0":"post-8197","1":"product","2":"type-product","3":"status-publish","4":"has-post-thumbnail","6":"product_brand-large-3-way-valves","7":"product_brand-mac","8":"product_brand-traditional","9":"product_cat-pneumatique","10":"product_cat-vannes-pneumatique","11":"product_cat-distributeurs-pneumatiques","12":"product_cat-vannes-3-voies-a-grand-debit-1-500nl","14":"first","15":"instock","16":"shipping-taxable","17":"product-type-simple"},"yoast_head":"<!-- This site is optimized with the Yoast SEO plugin v27.3 - https:\/\/yoast.com\/product\/yoast-seo-wordpress\/ -->\n<title>MAC 52 S\u00e9rie \u00e9lectrovanne 3\/2 NF-NO, 1\/8&quot;-1\/4&quot;, 1500Nl\/min - LDA Belgique<\/title>\n<meta name=\"description\" content=\"La s\u00e9rie MAC 52 est une \u00e9lectrovanne 3 voies compacte \u00e0 haut d\u00e9bit, id\u00e9ale pour les applications o\u00f9 la vitesse et la fiabilit\u00e9 sont essentielles.\" \/>\n<meta name=\"robots\" content=\"index, follow, max-snippet:-1, max-image-preview:large, max-video-preview:-1\" \/>\n<link rel=\"canonical\" href=\"https:\/\/lda.be\/fr\/produit\/52-serie-electrovanne-1-8-1-4\/\" \/>\n<meta property=\"og:locale\" content=\"fr_FR\" \/>\n<meta property=\"og:type\" content=\"article\" \/>\n<meta property=\"og:title\" content=\"MAC 52 S\u00e9rie \u00e9lectrovanne 3\/2 NF-NO, 1\/8&quot;-1\/4&quot;, 1500Nl\/min - LDA Belgique\" \/>\n<meta property=\"og:description\" content=\"La s\u00e9rie MAC 52 est une \u00e9lectrovanne 3 voies compacte \u00e0 haut d\u00e9bit, id\u00e9ale pour les applications o\u00f9 la vitesse et la fiabilit\u00e9 sont essentielles.\" \/>\n<meta property=\"og:url\" content=\"https:\/\/lda.be\/fr\/produit\/52-serie-electrovanne-1-8-1-4\/\" \/>\n<meta property=\"og:site_name\" content=\"LDA Belgique\" \/>\n<meta property=\"article:modified_time\" content=\"2025-10-18T13:28:29+00:00\" \/>\n<meta property=\"og:image\" content=\"https:\/\/lda.be\/wp-content\/uploads\/2025\/08\/S52-Individual-\u25a01440.webp\" \/>\n\t<meta property=\"og:image:width\" content=\"1440\" \/>\n\t<meta property=\"og:image:height\" content=\"1440\" \/>\n\t<meta property=\"og:image:type\" content=\"image\/webp\" \/>\n<meta name=\"twitter:card\" content=\"summary_large_image\" \/>\n<meta name=\"twitter:label1\" content=\"Dur\u00e9e de lecture estim\u00e9e\" \/>\n\t<meta name=\"twitter:data1\" content=\"1 minute\" \/>\n<script type=\"application\/ld+json\" class=\"yoast-schema-graph\">{\"@context\":\"https:\\\/\\\/schema.org\",\"@graph\":[{\"@type\":\"WebPage\",\"@id\":\"https:\\\/\\\/lda.be\\\/fr\\\/produit\\\/52-serie-electrovanne-1-8-1-4\\\/\",\"url\":\"https:\\\/\\\/lda.be\\\/fr\\\/produit\\\/52-serie-electrovanne-1-8-1-4\\\/\",\"name\":\"MAC 52 S\u00e9rie \u00e9lectrovanne 3\\\/2 NF-NO, 1\\\/8\\\"-1\\\/4\\\", 1500Nl\\\/min - LDA Belgique\",\"isPartOf\":{\"@id\":\"https:\\\/\\\/lda.be\\\/fr\\\/#website\"},\"primaryImageOfPage\":{\"@id\":\"https:\\\/\\\/lda.be\\\/fr\\\/produit\\\/52-serie-electrovanne-1-8-1-4\\\/#primaryimage\"},\"image\":{\"@id\":\"https:\\\/\\\/lda.be\\\/fr\\\/produit\\\/52-serie-electrovanne-1-8-1-4\\\/#primaryimage\"},\"thumbnailUrl\":\"https:\\\/\\\/lda.be\\\/wp-content\\\/uploads\\\/2025\\\/08\\\/S52-Individual-\u25a01440.webp\",\"datePublished\":\"2025-06-05T11:27:57+00:00\",\"dateModified\":\"2025-10-18T13:28:29+00:00\",\"description\":\"La s\u00e9rie MAC 52 est une \u00e9lectrovanne 3 voies compacte \u00e0 haut d\u00e9bit, id\u00e9ale pour les applications o\u00f9 la vitesse et la fiabilit\u00e9 sont essentielles.\",\"breadcrumb\":{\"@id\":\"https:\\\/\\\/lda.be\\\/fr\\\/produit\\\/52-serie-electrovanne-1-8-1-4\\\/#breadcrumb\"},\"inLanguage\":\"fr-FR\",\"potentialAction\":[{\"@type\":\"ReadAction\",\"target\":[\"https:\\\/\\\/lda.be\\\/fr\\\/produit\\\/52-serie-electrovanne-1-8-1-4\\\/\"]}]},{\"@type\":\"ImageObject\",\"inLanguage\":\"fr-FR\",\"@id\":\"https:\\\/\\\/lda.be\\\/fr\\\/produit\\\/52-serie-electrovanne-1-8-1-4\\\/#primaryimage\",\"url\":\"https:\\\/\\\/lda.be\\\/wp-content\\\/uploads\\\/2025\\\/08\\\/S52-Individual-\u25a01440.webp\",\"contentUrl\":\"https:\\\/\\\/lda.be\\\/wp-content\\\/uploads\\\/2025\\\/08\\\/S52-Individual-\u25a01440.webp\",\"width\":1440,\"height\":1440},{\"@type\":\"BreadcrumbList\",\"@id\":\"https:\\\/\\\/lda.be\\\/fr\\\/produit\\\/52-serie-electrovanne-1-8-1-4\\\/#breadcrumb\",\"itemListElement\":[{\"@type\":\"ListItem\",\"position\":1,\"name\":\"Accueil\",\"item\":\"https:\\\/\\\/lda.be\\\/fr\\\/\"},{\"@type\":\"ListItem\",\"position\":2,\"name\":\"Produits\",\"item\":\"https:\\\/\\\/lda.be\\\/fr\\\/produits\\\/\"},{\"@type\":\"ListItem\",\"position\":3,\"name\":\"MAC 52 S\u00e9rie \u00e9lectrovanne 3\\\/2 NF-NO, 1\\\/8&#8243;-1\\\/4&#8243;, 1500Nl\\\/min\"}]},{\"@type\":\"WebSite\",\"@id\":\"https:\\\/\\\/lda.be\\\/fr\\\/#website\",\"url\":\"https:\\\/\\\/lda.be\\\/fr\\\/\",\"name\":\"LDA Belgium\",\"description\":\"Solutions For Life\",\"publisher\":{\"@id\":\"https:\\\/\\\/lda.be\\\/fr\\\/#organization\"},\"potentialAction\":[{\"@type\":\"SearchAction\",\"target\":{\"@type\":\"EntryPoint\",\"urlTemplate\":\"https:\\\/\\\/lda.be\\\/fr\\\/?s={search_term_string}\"},\"query-input\":{\"@type\":\"PropertyValueSpecification\",\"valueRequired\":true,\"valueName\":\"search_term_string\"}}],\"inLanguage\":\"fr-FR\"},{\"@type\":\"Organization\",\"@id\":\"https:\\\/\\\/lda.be\\\/fr\\\/#organization\",\"name\":\"LDA Belgium\",\"url\":\"https:\\\/\\\/lda.be\\\/fr\\\/\",\"logo\":{\"@type\":\"ImageObject\",\"inLanguage\":\"fr-FR\",\"@id\":\"https:\\\/\\\/lda.be\\\/fr\\\/#\\\/schema\\\/logo\\\/image\\\/\",\"url\":\"https:\\\/\\\/lda.be\\\/wp-content\\\/uploads\\\/2022\\\/07\\\/Logo-LDA.webp\",\"contentUrl\":\"https:\\\/\\\/lda.be\\\/wp-content\\\/uploads\\\/2022\\\/07\\\/Logo-LDA.webp\",\"width\":311,\"height\":101,\"caption\":\"LDA Belgium\"},\"image\":{\"@id\":\"https:\\\/\\\/lda.be\\\/fr\\\/#\\\/schema\\\/logo\\\/image\\\/\"},\"sameAs\":[\"https:\\\/\\\/www.linkedin.com\\\/company\\\/lda-belgium-nv\"]}]}<\/script>\n<!-- \/ Yoast SEO plugin. -->","yoast_head_json":{"title":"MAC 52 S\u00e9rie \u00e9lectrovanne 3\/2 NF-NO, 1\/8\"-1\/4\", 1500Nl\/min - LDA Belgique","description":"La s\u00e9rie MAC 52 est une \u00e9lectrovanne 3 voies compacte \u00e0 haut d\u00e9bit, id\u00e9ale pour les applications o\u00f9 la vitesse et la fiabilit\u00e9 sont essentielles.","robots":{"index":"index","follow":"follow","max-snippet":"max-snippet:-1","max-image-preview":"max-image-preview:large","max-video-preview":"max-video-preview:-1"},"canonical":"https:\/\/lda.be\/fr\/produit\/52-serie-electrovanne-1-8-1-4\/","og_locale":"fr_FR","og_type":"article","og_title":"MAC 52 S\u00e9rie \u00e9lectrovanne 3\/2 NF-NO, 1\/8\"-1\/4\", 1500Nl\/min - LDA Belgique","og_description":"La s\u00e9rie MAC 52 est une \u00e9lectrovanne 3 voies compacte \u00e0 haut d\u00e9bit, id\u00e9ale pour les applications o\u00f9 la vitesse et la fiabilit\u00e9 sont essentielles.","og_url":"https:\/\/lda.be\/fr\/produit\/52-serie-electrovanne-1-8-1-4\/","og_site_name":"LDA Belgique","article_modified_time":"2025-10-18T13:28:29+00:00","og_image":[{"width":1440,"height":1440,"url":"https:\/\/lda.be\/wp-content\/uploads\/2025\/08\/S52-Individual-\u25a01440.webp","type":"image\/webp"}],"twitter_card":"summary_large_image","twitter_misc":{"Dur\u00e9e de lecture estim\u00e9e":"1 minute"},"schema":{"@context":"https:\/\/schema.org","@graph":[{"@type":"WebPage","@id":"https:\/\/lda.be\/fr\/produit\/52-serie-electrovanne-1-8-1-4\/","url":"https:\/\/lda.be\/fr\/produit\/52-serie-electrovanne-1-8-1-4\/","name":"MAC 52 S\u00e9rie \u00e9lectrovanne 3\/2 NF-NO, 1\/8\"-1\/4\", 1500Nl\/min - LDA Belgique","isPartOf":{"@id":"https:\/\/lda.be\/fr\/#website"},"primaryImageOfPage":{"@id":"https:\/\/lda.be\/fr\/produit\/52-serie-electrovanne-1-8-1-4\/#primaryimage"},"image":{"@id":"https:\/\/lda.be\/fr\/produit\/52-serie-electrovanne-1-8-1-4\/#primaryimage"},"thumbnailUrl":"https:\/\/lda.be\/wp-content\/uploads\/2025\/08\/S52-Individual-\u25a01440.webp","datePublished":"2025-06-05T11:27:57+00:00","dateModified":"2025-10-18T13:28:29+00:00","description":"La s\u00e9rie MAC 52 est une \u00e9lectrovanne 3 voies compacte \u00e0 haut d\u00e9bit, id\u00e9ale pour les applications o\u00f9 la vitesse et la fiabilit\u00e9 sont essentielles.","breadcrumb":{"@id":"https:\/\/lda.be\/fr\/produit\/52-serie-electrovanne-1-8-1-4\/#breadcrumb"},"inLanguage":"fr-FR","potentialAction":[{"@type":"ReadAction","target":["https:\/\/lda.be\/fr\/produit\/52-serie-electrovanne-1-8-1-4\/"]}]},{"@type":"ImageObject","inLanguage":"fr-FR","@id":"https:\/\/lda.be\/fr\/produit\/52-serie-electrovanne-1-8-1-4\/#primaryimage","url":"https:\/\/lda.be\/wp-content\/uploads\/2025\/08\/S52-Individual-\u25a01440.webp","contentUrl":"https:\/\/lda.be\/wp-content\/uploads\/2025\/08\/S52-Individual-\u25a01440.webp","width":1440,"height":1440},{"@type":"BreadcrumbList","@id":"https:\/\/lda.be\/fr\/produit\/52-serie-electrovanne-1-8-1-4\/#breadcrumb","itemListElement":[{"@type":"ListItem","position":1,"name":"Accueil","item":"https:\/\/lda.be\/fr\/"},{"@type":"ListItem","position":2,"name":"Produits","item":"https:\/\/lda.be\/fr\/produits\/"},{"@type":"ListItem","position":3,"name":"MAC 52 S\u00e9rie \u00e9lectrovanne 3\/2 NF-NO, 1\/8&#8243;-1\/4&#8243;, 1500Nl\/min"}]},{"@type":"WebSite","@id":"https:\/\/lda.be\/fr\/#website","url":"https:\/\/lda.be\/fr\/","name":"LDA Belgium","description":"Solutions For Life","publisher":{"@id":"https:\/\/lda.be\/fr\/#organization"},"potentialAction":[{"@type":"SearchAction","target":{"@type":"EntryPoint","urlTemplate":"https:\/\/lda.be\/fr\/?s={search_term_string}"},"query-input":{"@type":"PropertyValueSpecification","valueRequired":true,"valueName":"search_term_string"}}],"inLanguage":"fr-FR"},{"@type":"Organization","@id":"https:\/\/lda.be\/fr\/#organization","name":"LDA Belgium","url":"https:\/\/lda.be\/fr\/","logo":{"@type":"ImageObject","inLanguage":"fr-FR","@id":"https:\/\/lda.be\/fr\/#\/schema\/logo\/image\/","url":"https:\/\/lda.be\/wp-content\/uploads\/2022\/07\/Logo-LDA.webp","contentUrl":"https:\/\/lda.be\/wp-content\/uploads\/2022\/07\/Logo-LDA.webp","width":311,"height":101,"caption":"LDA Belgium"},"image":{"@id":"https:\/\/lda.be\/fr\/#\/schema\/logo\/image\/"},"sameAs":["https:\/\/www.linkedin.com\/company\/lda-belgium-nv"]}]}},"_links":{"self":[{"href":"https:\/\/lda.be\/fr\/wp-json\/wp\/v2\/product\/8197","targetHints":{"allow":["GET"]}}],"collection":[{"href":"https:\/\/lda.be\/fr\/wp-json\/wp\/v2\/product"}],"about":[{"href":"https:\/\/lda.be\/fr\/wp-json\/wp\/v2\/types\/product"}],"replies":[{"embeddable":true,"href":"https:\/\/lda.be\/fr\/wp-json\/wp\/v2\/comments?post=8197"}],"wp:featuredmedia":[{"embeddable":true,"href":"https:\/\/lda.be\/fr\/wp-json\/wp\/v2\/media\/11091"}],"wp:attachment":[{"href":"https:\/\/lda.be\/fr\/wp-json\/wp\/v2\/media?parent=8197"}],"wp:term":[{"taxonomy":"product_brand","embeddable":true,"href":"https:\/\/lda.be\/fr\/wp-json\/wp\/v2\/product_brand?post=8197"},{"taxonomy":"product_cat","embeddable":true,"href":"https:\/\/lda.be\/fr\/wp-json\/wp\/v2\/product_cat?post=8197"},{"taxonomy":"product_tag","embeddable":true,"href":"https:\/\/lda.be\/fr\/wp-json\/wp\/v2\/product_tag?post=8197"}],"curies":[{"name":"wp","href":"https:\/\/api.w.org\/{rel}","templated":true}]}}