{"id":8307,"date":"2025-06-06T13:28:16","date_gmt":"2025-06-06T12:28:16","guid":{"rendered":"https:\/\/lda.be\/?post_type=product&#038;p=8307"},"modified":"2025-09-01T10:46:51","modified_gmt":"2025-09-01T09:46:51","slug":"68-serie-electrovanne","status":"publish","type":"product","link":"https:\/\/lda.be\/fr\/produit\/68-serie-electrovanne\/","title":{"rendered":"MAC 68 S\u00e9rie \u00e9lectrovanne 3\/2 NF-NO, 1\u201d &#8211; 1\u201d1\/2, 31000Nl\/min"},"content":{"rendered":"<p>La s\u00e9rie MAC 68 est une \u00e9lectrovanne 3 voies \u00e9quilibr\u00e9e. Elle est command\u00e9e par une petite vanne pilote 4 voies \u00e0 commande directe. Cette vanne pilote 4 voies offre une faible pression de fonctionnement minimale (sans piston ni ressort) et une r\u00e9sistance de commutation minimale. La conception \u00e9quilibr\u00e9e du pilote garantit des forces de commutation \u00e9lev\u00e9es et constantes et des temps de r\u00e9ponse reproductibles, quelles que soient les fluctuations de la pression d&#8217;entr\u00e9e.<\/p>\n<p>Il s&#8217;agit d&#8217;une vanne extr\u00eamement polyvalente\u00a0:<\/p>\n<p>1.\u00a0\u00a0\u00a0\u00a0\u00a0 Peut \u00eatre converti pour un fonctionnement sous vide.<br \/>\n2.\u00a0\u00a0\u00a0\u00a0\u00a0 Peut \u00eatre converti d&#8217;une fonction normalement ferm\u00e9e \u00e0 une fonction normalement ouverte.<br \/>\n3.\u00a0\u00a0\u00a0\u00a0\u00a0 Peut \u00e9galement \u00eatre converti en vanne pneumatique en rempla\u00e7ant la vanne pilote par une vanne pilote pneumatique.<br \/>\n4.\u00a0\u00a0\u00a0\u00a0\u00a0 La vanne pilote peut \u00eatre raccord\u00e9e \u00e0 l&#8217;air comprim\u00e9 en interne ou en externe.<\/p>\n<p>Un d\u00e9bit important dans un format compact est la meilleure fa\u00e7on de d\u00e9crire cette s\u00e9rie de vannes.<\/p>\n","protected":false},"excerpt":{"rendered":"<p>La s\u00e9rie MAC 68 est une \u00e9lectrovanne 3 voies \u00e9quilibr\u00e9e. Elle est command\u00e9e par une petite vanne pilote 4 voies \u00e0 commande directe. Cette vanne pilote 4 voies offre une faible pression de fonctionnement minimale (sans piston ni ressort) et une r\u00e9sistance de commutation minimale. La conception \u00e9quilibr\u00e9e du pilote garantit des forces de commutation [&hellip;]<\/p>\n","protected":false},"featured_media":11425,"comment_status":"closed","ping_status":"closed","template":"","meta":[],"product_brand":[1747,1257,1632],"product_cat":[996,1118,1134,1136],"product_tag":[],"class_list":{"0":"post-8307","1":"product","2":"type-product","3":"status-publish","4":"has-post-thumbnail","6":"product_brand-large-3-way-valves","7":"product_brand-mac","8":"product_brand-traditional","9":"product_cat-pneumatique","10":"product_cat-vannes-pneumatique","11":"product_cat-distributeurs-pneumatiques","12":"product_cat-vannes-3-voies-a-grand-debit-1-500nl","14":"first","15":"instock","16":"shipping-taxable","17":"product-type-simple"},"yoast_head":"<!-- This site is optimized with the Yoast SEO plugin v27.3 - https:\/\/yoast.com\/product\/yoast-seo-wordpress\/ -->\n<title>MAC 68 S\u00e9rie \u00e9lectrovanne 3\/2 NF-NO, 1\u201d - 1\u201d1\/2, 31000Nl\/min - LDA Belgique<\/title>\n<meta name=\"description\" content=\"\u00c9lectrovanne MAC Valves s\u00e9rie 68 1\u2033\u20131\u00bd\u2033 Cv 31 \u00e0 commande pilote en ligne, collecteur non enfichable, pilote 4 voies, basse tension de fonctionnement pour applications industrielles et sous vide.\" \/>\n<meta name=\"robots\" content=\"index, follow, max-snippet:-1, max-image-preview:large, max-video-preview:-1\" \/>\n<link rel=\"canonical\" href=\"https:\/\/lda.be\/fr\/produit\/68-serie-electrovanne\/\" \/>\n<meta property=\"og:locale\" content=\"fr_FR\" \/>\n<meta property=\"og:type\" content=\"article\" \/>\n<meta property=\"og:title\" content=\"MAC 68 S\u00e9rie \u00e9lectrovanne 3\/2 NF-NO, 1\u201d - 1\u201d1\/2, 31000Nl\/min - LDA Belgique\" \/>\n<meta property=\"og:description\" content=\"\u00c9lectrovanne MAC Valves s\u00e9rie 68 1\u2033\u20131\u00bd\u2033 Cv 31 \u00e0 commande pilote en ligne, collecteur non enfichable, pilote 4 voies, basse tension de fonctionnement pour applications industrielles et sous vide.\" \/>\n<meta property=\"og:url\" content=\"https:\/\/lda.be\/fr\/produit\/68-serie-electrovanne\/\" \/>\n<meta property=\"og:site_name\" content=\"LDA Belgique\" \/>\n<meta property=\"article:modified_time\" content=\"2025-09-01T09:46:51+00:00\" \/>\n<meta property=\"og:image\" content=\"https:\/\/lda.be\/wp-content\/uploads\/2025\/08\/S68-\u25a01440.webp\" \/>\n\t<meta property=\"og:image:width\" content=\"1440\" \/>\n\t<meta property=\"og:image:height\" content=\"1440\" \/>\n\t<meta property=\"og:image:type\" content=\"image\/webp\" \/>\n<meta name=\"twitter:card\" content=\"summary_large_image\" \/>\n<meta name=\"twitter:label1\" content=\"Dur\u00e9e de lecture estim\u00e9e\" \/>\n\t<meta name=\"twitter:data1\" content=\"1 minute\" \/>\n<script type=\"application\/ld+json\" class=\"yoast-schema-graph\">{\"@context\":\"https:\\\/\\\/schema.org\",\"@graph\":[{\"@type\":\"WebPage\",\"@id\":\"https:\\\/\\\/lda.be\\\/fr\\\/produit\\\/68-serie-electrovanne\\\/\",\"url\":\"https:\\\/\\\/lda.be\\\/fr\\\/produit\\\/68-serie-electrovanne\\\/\",\"name\":\"MAC 68 S\u00e9rie \u00e9lectrovanne 3\\\/2 NF-NO, 1\u201d - 1\u201d1\\\/2, 31000Nl\\\/min - LDA Belgique\",\"isPartOf\":{\"@id\":\"https:\\\/\\\/lda.be\\\/fr\\\/#website\"},\"primaryImageOfPage\":{\"@id\":\"https:\\\/\\\/lda.be\\\/fr\\\/produit\\\/68-serie-electrovanne\\\/#primaryimage\"},\"image\":{\"@id\":\"https:\\\/\\\/lda.be\\\/fr\\\/produit\\\/68-serie-electrovanne\\\/#primaryimage\"},\"thumbnailUrl\":\"https:\\\/\\\/lda.be\\\/wp-content\\\/uploads\\\/2025\\\/08\\\/S68-\u25a01440.webp\",\"datePublished\":\"2025-06-06T12:28:16+00:00\",\"dateModified\":\"2025-09-01T09:46:51+00:00\",\"description\":\"\u00c9lectrovanne MAC Valves s\u00e9rie 68 1\u2033\u20131\u00bd\u2033 Cv 31 \u00e0 commande pilote en ligne, collecteur non enfichable, pilote 4 voies, basse tension de fonctionnement pour applications industrielles et sous vide.\",\"breadcrumb\":{\"@id\":\"https:\\\/\\\/lda.be\\\/fr\\\/produit\\\/68-serie-electrovanne\\\/#breadcrumb\"},\"inLanguage\":\"fr-FR\",\"potentialAction\":[{\"@type\":\"ReadAction\",\"target\":[\"https:\\\/\\\/lda.be\\\/fr\\\/produit\\\/68-serie-electrovanne\\\/\"]}]},{\"@type\":\"ImageObject\",\"inLanguage\":\"fr-FR\",\"@id\":\"https:\\\/\\\/lda.be\\\/fr\\\/produit\\\/68-serie-electrovanne\\\/#primaryimage\",\"url\":\"https:\\\/\\\/lda.be\\\/wp-content\\\/uploads\\\/2025\\\/08\\\/S68-\u25a01440.webp\",\"contentUrl\":\"https:\\\/\\\/lda.be\\\/wp-content\\\/uploads\\\/2025\\\/08\\\/S68-\u25a01440.webp\",\"width\":1440,\"height\":1440},{\"@type\":\"BreadcrumbList\",\"@id\":\"https:\\\/\\\/lda.be\\\/fr\\\/produit\\\/68-serie-electrovanne\\\/#breadcrumb\",\"itemListElement\":[{\"@type\":\"ListItem\",\"position\":1,\"name\":\"Accueil\",\"item\":\"https:\\\/\\\/lda.be\\\/fr\\\/\"},{\"@type\":\"ListItem\",\"position\":2,\"name\":\"Produits\",\"item\":\"https:\\\/\\\/lda.be\\\/fr\\\/produits\\\/\"},{\"@type\":\"ListItem\",\"position\":3,\"name\":\"MAC 68 S\u00e9rie \u00e9lectrovanne 3\\\/2 NF-NO, 1\u201d &#8211; 1\u201d1\\\/2, 31000Nl\\\/min\"}]},{\"@type\":\"WebSite\",\"@id\":\"https:\\\/\\\/lda.be\\\/fr\\\/#website\",\"url\":\"https:\\\/\\\/lda.be\\\/fr\\\/\",\"name\":\"LDA Belgium\",\"description\":\"Solutions For Life\",\"publisher\":{\"@id\":\"https:\\\/\\\/lda.be\\\/fr\\\/#organization\"},\"potentialAction\":[{\"@type\":\"SearchAction\",\"target\":{\"@type\":\"EntryPoint\",\"urlTemplate\":\"https:\\\/\\\/lda.be\\\/fr\\\/?s={search_term_string}\"},\"query-input\":{\"@type\":\"PropertyValueSpecification\",\"valueRequired\":true,\"valueName\":\"search_term_string\"}}],\"inLanguage\":\"fr-FR\"},{\"@type\":\"Organization\",\"@id\":\"https:\\\/\\\/lda.be\\\/fr\\\/#organization\",\"name\":\"LDA Belgium\",\"url\":\"https:\\\/\\\/lda.be\\\/fr\\\/\",\"logo\":{\"@type\":\"ImageObject\",\"inLanguage\":\"fr-FR\",\"@id\":\"https:\\\/\\\/lda.be\\\/fr\\\/#\\\/schema\\\/logo\\\/image\\\/\",\"url\":\"https:\\\/\\\/lda.be\\\/wp-content\\\/uploads\\\/2022\\\/07\\\/Logo-LDA.webp\",\"contentUrl\":\"https:\\\/\\\/lda.be\\\/wp-content\\\/uploads\\\/2022\\\/07\\\/Logo-LDA.webp\",\"width\":311,\"height\":101,\"caption\":\"LDA Belgium\"},\"image\":{\"@id\":\"https:\\\/\\\/lda.be\\\/fr\\\/#\\\/schema\\\/logo\\\/image\\\/\"},\"sameAs\":[\"https:\\\/\\\/www.linkedin.com\\\/company\\\/lda-belgium-nv\"]}]}<\/script>\n<!-- \/ Yoast SEO plugin. -->","yoast_head_json":{"title":"MAC 68 S\u00e9rie \u00e9lectrovanne 3\/2 NF-NO, 1\u201d - 1\u201d1\/2, 31000Nl\/min - LDA Belgique","description":"\u00c9lectrovanne MAC Valves s\u00e9rie 68 1\u2033\u20131\u00bd\u2033 Cv 31 \u00e0 commande pilote en ligne, collecteur non enfichable, pilote 4 voies, basse tension de fonctionnement pour applications industrielles et sous vide.","robots":{"index":"index","follow":"follow","max-snippet":"max-snippet:-1","max-image-preview":"max-image-preview:large","max-video-preview":"max-video-preview:-1"},"canonical":"https:\/\/lda.be\/fr\/produit\/68-serie-electrovanne\/","og_locale":"fr_FR","og_type":"article","og_title":"MAC 68 S\u00e9rie \u00e9lectrovanne 3\/2 NF-NO, 1\u201d - 1\u201d1\/2, 31000Nl\/min - LDA Belgique","og_description":"\u00c9lectrovanne MAC Valves s\u00e9rie 68 1\u2033\u20131\u00bd\u2033 Cv 31 \u00e0 commande pilote en ligne, collecteur non enfichable, pilote 4 voies, basse tension de fonctionnement pour applications industrielles et sous vide.","og_url":"https:\/\/lda.be\/fr\/produit\/68-serie-electrovanne\/","og_site_name":"LDA Belgique","article_modified_time":"2025-09-01T09:46:51+00:00","og_image":[{"width":1440,"height":1440,"url":"https:\/\/lda.be\/wp-content\/uploads\/2025\/08\/S68-\u25a01440.webp","type":"image\/webp"}],"twitter_card":"summary_large_image","twitter_misc":{"Dur\u00e9e de lecture estim\u00e9e":"1 minute"},"schema":{"@context":"https:\/\/schema.org","@graph":[{"@type":"WebPage","@id":"https:\/\/lda.be\/fr\/produit\/68-serie-electrovanne\/","url":"https:\/\/lda.be\/fr\/produit\/68-serie-electrovanne\/","name":"MAC 68 S\u00e9rie \u00e9lectrovanne 3\/2 NF-NO, 1\u201d - 1\u201d1\/2, 31000Nl\/min - LDA Belgique","isPartOf":{"@id":"https:\/\/lda.be\/fr\/#website"},"primaryImageOfPage":{"@id":"https:\/\/lda.be\/fr\/produit\/68-serie-electrovanne\/#primaryimage"},"image":{"@id":"https:\/\/lda.be\/fr\/produit\/68-serie-electrovanne\/#primaryimage"},"thumbnailUrl":"https:\/\/lda.be\/wp-content\/uploads\/2025\/08\/S68-\u25a01440.webp","datePublished":"2025-06-06T12:28:16+00:00","dateModified":"2025-09-01T09:46:51+00:00","description":"\u00c9lectrovanne MAC Valves s\u00e9rie 68 1\u2033\u20131\u00bd\u2033 Cv 31 \u00e0 commande pilote en ligne, collecteur non enfichable, pilote 4 voies, basse tension de fonctionnement pour applications industrielles et sous vide.","breadcrumb":{"@id":"https:\/\/lda.be\/fr\/produit\/68-serie-electrovanne\/#breadcrumb"},"inLanguage":"fr-FR","potentialAction":[{"@type":"ReadAction","target":["https:\/\/lda.be\/fr\/produit\/68-serie-electrovanne\/"]}]},{"@type":"ImageObject","inLanguage":"fr-FR","@id":"https:\/\/lda.be\/fr\/produit\/68-serie-electrovanne\/#primaryimage","url":"https:\/\/lda.be\/wp-content\/uploads\/2025\/08\/S68-\u25a01440.webp","contentUrl":"https:\/\/lda.be\/wp-content\/uploads\/2025\/08\/S68-\u25a01440.webp","width":1440,"height":1440},{"@type":"BreadcrumbList","@id":"https:\/\/lda.be\/fr\/produit\/68-serie-electrovanne\/#breadcrumb","itemListElement":[{"@type":"ListItem","position":1,"name":"Accueil","item":"https:\/\/lda.be\/fr\/"},{"@type":"ListItem","position":2,"name":"Produits","item":"https:\/\/lda.be\/fr\/produits\/"},{"@type":"ListItem","position":3,"name":"MAC 68 S\u00e9rie \u00e9lectrovanne 3\/2 NF-NO, 1\u201d &#8211; 1\u201d1\/2, 31000Nl\/min"}]},{"@type":"WebSite","@id":"https:\/\/lda.be\/fr\/#website","url":"https:\/\/lda.be\/fr\/","name":"LDA Belgium","description":"Solutions For Life","publisher":{"@id":"https:\/\/lda.be\/fr\/#organization"},"potentialAction":[{"@type":"SearchAction","target":{"@type":"EntryPoint","urlTemplate":"https:\/\/lda.be\/fr\/?s={search_term_string}"},"query-input":{"@type":"PropertyValueSpecification","valueRequired":true,"valueName":"search_term_string"}}],"inLanguage":"fr-FR"},{"@type":"Organization","@id":"https:\/\/lda.be\/fr\/#organization","name":"LDA Belgium","url":"https:\/\/lda.be\/fr\/","logo":{"@type":"ImageObject","inLanguage":"fr-FR","@id":"https:\/\/lda.be\/fr\/#\/schema\/logo\/image\/","url":"https:\/\/lda.be\/wp-content\/uploads\/2022\/07\/Logo-LDA.webp","contentUrl":"https:\/\/lda.be\/wp-content\/uploads\/2022\/07\/Logo-LDA.webp","width":311,"height":101,"caption":"LDA Belgium"},"image":{"@id":"https:\/\/lda.be\/fr\/#\/schema\/logo\/image\/"},"sameAs":["https:\/\/www.linkedin.com\/company\/lda-belgium-nv"]}]}},"_links":{"self":[{"href":"https:\/\/lda.be\/fr\/wp-json\/wp\/v2\/product\/8307","targetHints":{"allow":["GET"]}}],"collection":[{"href":"https:\/\/lda.be\/fr\/wp-json\/wp\/v2\/product"}],"about":[{"href":"https:\/\/lda.be\/fr\/wp-json\/wp\/v2\/types\/product"}],"replies":[{"embeddable":true,"href":"https:\/\/lda.be\/fr\/wp-json\/wp\/v2\/comments?post=8307"}],"wp:featuredmedia":[{"embeddable":true,"href":"https:\/\/lda.be\/fr\/wp-json\/wp\/v2\/media\/11425"}],"wp:attachment":[{"href":"https:\/\/lda.be\/fr\/wp-json\/wp\/v2\/media?parent=8307"}],"wp:term":[{"taxonomy":"product_brand","embeddable":true,"href":"https:\/\/lda.be\/fr\/wp-json\/wp\/v2\/product_brand?post=8307"},{"taxonomy":"product_cat","embeddable":true,"href":"https:\/\/lda.be\/fr\/wp-json\/wp\/v2\/product_cat?post=8307"},{"taxonomy":"product_tag","embeddable":true,"href":"https:\/\/lda.be\/fr\/wp-json\/wp\/v2\/product_tag?post=8307"}],"curies":[{"name":"wp","href":"https:\/\/api.w.org\/{rel}","templated":true}]}}