{"id":8341,"date":"2025-06-10T08:53:04","date_gmt":"2025-06-10T07:53:04","guid":{"rendered":"https:\/\/lda.be\/?post_type=product&#038;p=8341"},"modified":"2025-09-04T10:07:57","modified_gmt":"2025-09-04T09:07:57","slug":"26-serie-electrovanne-1-8-24v","status":"publish","type":"product","link":"https:\/\/lda.be\/fr\/produit\/26-serie-electrovanne-1-8-24v\/","title":{"rendered":"MAC 26 S\u00e9rie \u00e9lectrovanne 5\/3, M5-M7-1\/8\u201d, 250Nl\/min"},"content":{"rendered":"<p>La s\u00e9rie MAC 26 est compos\u00e9e d&#8217;une vanne pilote Bullet Valve\u00ae 3 voies actionnant une vanne 5\/3 voies avec un d\u00e9bit de 250 Nl\/min. Elle est con\u00e7ue pour les applications \u00e0 vitesses de commutation \u00e9lev\u00e9es.<\/p>\n<p>Plus de deux ans de d\u00e9veloppement ont \u00e9t\u00e9 consacr\u00e9s \u00e0 l&#8217;optimisation de cette nouvelle vanne. Con\u00e7ue \u00e0 l&#8217;origine pour le march\u00e9 de la d\u00e9pose d&#8217;adh\u00e9sif \u00e0 grande vitesse, elle peut \u00e9galement \u00eatre utilis\u00e9e dans un large \u00e9ventail d&#8217;applications industrielles.<\/p>\n<p>Cette vanne est extr\u00eamement polyvalente\u00a0:<br \/>\n\u2022\u00a0\u00a0\u00a0\u00a0\u00a0\u00a0\u00a0\u00a0 Sp\u00e9cialement con\u00e7ue pour les applications \u00e0 haute temp\u00e9rature et \u00e0 grande vitesse\u00a0;<br \/>\n\u2022\u00a0\u00a0\u00a0\u00a0\u00a0\u00a0\u00a0\u00a0 Excellente r\u00e9p\u00e9tabilit\u00e9 tout au long de sa dur\u00e9e de vie gr\u00e2ce \u00e0 la conception du clapet pilot\u00e9\u00a0;<br \/>\n\u2022\u00a0\u00a0\u00a0\u00a0\u00a0\u00a0\u00a0\u00a0 Plage de temp\u00e9ratures de -18\u00a0\u00b0C \u00e0 +65\u00a0\u00b0C\u00a0;<br \/>\n\u2022\u00a0\u00a0\u00a0\u00a0\u00a0\u00a0\u00a0\u00a0 Modifi\u00e9e pour une vitesse et une r\u00e9p\u00e9tabilit\u00e9 accrues\u00a0;<br \/>\n\u2022\u00a0\u00a0\u00a0\u00a0\u00a0\u00a0\u00a0\u00a0 Si\u00e8ge conique brevet\u00e9 pour le pilote et la vanne.<\/p>\n","protected":false},"excerpt":{"rendered":"<p>La s\u00e9rie MAC 26 est compos\u00e9e d&#8217;une vanne pilote Bullet Valve\u00ae 3 voies actionnant une vanne 5\/3 voies avec un d\u00e9bit de 250 Nl\/min. Elle est con\u00e7ue pour les applications \u00e0 vitesses de commutation \u00e9lev\u00e9es. Plus de deux ans de d\u00e9veloppement ont \u00e9t\u00e9 consacr\u00e9s \u00e0 l&#8217;optimisation de cette nouvelle vanne. Con\u00e7ue \u00e0 l&#8217;origine pour le [&hellip;]<\/p>\n","protected":false},"featured_media":11783,"comment_status":"closed","ping_status":"closed","template":"","meta":[],"product_brand":[1257,1771,1632],"product_cat":[996,1118,1134,1142],"product_tag":[],"class_list":{"0":"post-8341","1":"product","2":"type-product","3":"status-publish","4":"has-post-thumbnail","6":"product_brand-mac","7":"product_brand-small-5-way-valves","8":"product_brand-traditional","9":"product_cat-pneumatique","10":"product_cat-vannes-pneumatique","11":"product_cat-distributeurs-pneumatiques","12":"product_cat-vannes-5-voies-a-faible-debit","14":"first","15":"instock","16":"shipping-taxable","17":"product-type-simple"},"yoast_head":"<!-- This site is optimized with the Yoast SEO plugin v27.3 - https:\/\/yoast.com\/product\/yoast-seo-wordpress\/ -->\n<title>MAC 26 S\u00e9rie \u00e9lectrovanne 5\/3, M5-M7-1\/8\u201d, 250Nl\/min - LDA Belgique<\/title>\n<meta name=\"description\" content=\"MAC Valves Electrovanne s\u00e9rie 26 1\/8\u2033-#10-32-M5-M7 Cv 0.25 pilot\u00e9e en ligne Bullet Valve Electrovanne pilote compacte haut d\u00e9bit 24 VDC.\" \/>\n<meta name=\"robots\" content=\"index, follow, max-snippet:-1, max-image-preview:large, max-video-preview:-1\" \/>\n<link rel=\"canonical\" href=\"https:\/\/lda.be\/fr\/produit\/26-serie-electrovanne-1-8-24v\/\" \/>\n<meta property=\"og:locale\" content=\"fr_FR\" \/>\n<meta property=\"og:type\" content=\"article\" \/>\n<meta property=\"og:title\" content=\"MAC 26 S\u00e9rie \u00e9lectrovanne 5\/3, M5-M7-1\/8\u201d, 250Nl\/min - LDA Belgique\" \/>\n<meta property=\"og:description\" content=\"MAC Valves Electrovanne s\u00e9rie 26 1\/8\u2033-#10-32-M5-M7 Cv 0.25 pilot\u00e9e en ligne Bullet Valve Electrovanne pilote compacte haut d\u00e9bit 24 VDC.\" \/>\n<meta property=\"og:url\" content=\"https:\/\/lda.be\/fr\/produit\/26-serie-electrovanne-1-8-24v\/\" \/>\n<meta property=\"og:site_name\" content=\"LDA Belgique\" \/>\n<meta property=\"article:modified_time\" content=\"2025-09-04T09:07:57+00:00\" \/>\n<meta property=\"og:image\" content=\"https:\/\/lda.be\/wp-content\/uploads\/2025\/09\/S26-\u25a01440.webp\" \/>\n\t<meta property=\"og:image:width\" content=\"1440\" \/>\n\t<meta property=\"og:image:height\" content=\"1440\" \/>\n\t<meta property=\"og:image:type\" content=\"image\/webp\" \/>\n<meta name=\"twitter:card\" content=\"summary_large_image\" \/>\n<meta name=\"twitter:label1\" content=\"Dur\u00e9e de lecture estim\u00e9e\" \/>\n\t<meta name=\"twitter:data1\" content=\"1 minute\" \/>\n<script type=\"application\/ld+json\" class=\"yoast-schema-graph\">{\"@context\":\"https:\\\/\\\/schema.org\",\"@graph\":[{\"@type\":\"WebPage\",\"@id\":\"https:\\\/\\\/lda.be\\\/fr\\\/produit\\\/26-serie-electrovanne-1-8-24v\\\/\",\"url\":\"https:\\\/\\\/lda.be\\\/fr\\\/produit\\\/26-serie-electrovanne-1-8-24v\\\/\",\"name\":\"MAC 26 S\u00e9rie \u00e9lectrovanne 5\\\/3, M5-M7-1\\\/8\u201d, 250Nl\\\/min - LDA Belgique\",\"isPartOf\":{\"@id\":\"https:\\\/\\\/lda.be\\\/fr\\\/#website\"},\"primaryImageOfPage\":{\"@id\":\"https:\\\/\\\/lda.be\\\/fr\\\/produit\\\/26-serie-electrovanne-1-8-24v\\\/#primaryimage\"},\"image\":{\"@id\":\"https:\\\/\\\/lda.be\\\/fr\\\/produit\\\/26-serie-electrovanne-1-8-24v\\\/#primaryimage\"},\"thumbnailUrl\":\"https:\\\/\\\/lda.be\\\/wp-content\\\/uploads\\\/2025\\\/09\\\/S26-\u25a01440.webp\",\"datePublished\":\"2025-06-10T07:53:04+00:00\",\"dateModified\":\"2025-09-04T09:07:57+00:00\",\"description\":\"MAC Valves Electrovanne s\u00e9rie 26 1\\\/8\u2033-#10-32-M5-M7 Cv 0.25 pilot\u00e9e en ligne Bullet Valve Electrovanne pilote compacte haut d\u00e9bit 24 VDC.\",\"breadcrumb\":{\"@id\":\"https:\\\/\\\/lda.be\\\/fr\\\/produit\\\/26-serie-electrovanne-1-8-24v\\\/#breadcrumb\"},\"inLanguage\":\"fr-FR\",\"potentialAction\":[{\"@type\":\"ReadAction\",\"target\":[\"https:\\\/\\\/lda.be\\\/fr\\\/produit\\\/26-serie-electrovanne-1-8-24v\\\/\"]}]},{\"@type\":\"ImageObject\",\"inLanguage\":\"fr-FR\",\"@id\":\"https:\\\/\\\/lda.be\\\/fr\\\/produit\\\/26-serie-electrovanne-1-8-24v\\\/#primaryimage\",\"url\":\"https:\\\/\\\/lda.be\\\/wp-content\\\/uploads\\\/2025\\\/09\\\/S26-\u25a01440.webp\",\"contentUrl\":\"https:\\\/\\\/lda.be\\\/wp-content\\\/uploads\\\/2025\\\/09\\\/S26-\u25a01440.webp\",\"width\":1440,\"height\":1440},{\"@type\":\"BreadcrumbList\",\"@id\":\"https:\\\/\\\/lda.be\\\/fr\\\/produit\\\/26-serie-electrovanne-1-8-24v\\\/#breadcrumb\",\"itemListElement\":[{\"@type\":\"ListItem\",\"position\":1,\"name\":\"Accueil\",\"item\":\"https:\\\/\\\/lda.be\\\/fr\\\/\"},{\"@type\":\"ListItem\",\"position\":2,\"name\":\"Produits\",\"item\":\"https:\\\/\\\/lda.be\\\/fr\\\/produits\\\/\"},{\"@type\":\"ListItem\",\"position\":3,\"name\":\"MAC 26 S\u00e9rie \u00e9lectrovanne 5\\\/3, M5-M7-1\\\/8\u201d, 250Nl\\\/min\"}]},{\"@type\":\"WebSite\",\"@id\":\"https:\\\/\\\/lda.be\\\/fr\\\/#website\",\"url\":\"https:\\\/\\\/lda.be\\\/fr\\\/\",\"name\":\"LDA Belgium\",\"description\":\"Solutions For Life\",\"publisher\":{\"@id\":\"https:\\\/\\\/lda.be\\\/fr\\\/#organization\"},\"potentialAction\":[{\"@type\":\"SearchAction\",\"target\":{\"@type\":\"EntryPoint\",\"urlTemplate\":\"https:\\\/\\\/lda.be\\\/fr\\\/?s={search_term_string}\"},\"query-input\":{\"@type\":\"PropertyValueSpecification\",\"valueRequired\":true,\"valueName\":\"search_term_string\"}}],\"inLanguage\":\"fr-FR\"},{\"@type\":\"Organization\",\"@id\":\"https:\\\/\\\/lda.be\\\/fr\\\/#organization\",\"name\":\"LDA Belgium\",\"url\":\"https:\\\/\\\/lda.be\\\/fr\\\/\",\"logo\":{\"@type\":\"ImageObject\",\"inLanguage\":\"fr-FR\",\"@id\":\"https:\\\/\\\/lda.be\\\/fr\\\/#\\\/schema\\\/logo\\\/image\\\/\",\"url\":\"https:\\\/\\\/lda.be\\\/wp-content\\\/uploads\\\/2022\\\/07\\\/Logo-LDA.webp\",\"contentUrl\":\"https:\\\/\\\/lda.be\\\/wp-content\\\/uploads\\\/2022\\\/07\\\/Logo-LDA.webp\",\"width\":311,\"height\":101,\"caption\":\"LDA Belgium\"},\"image\":{\"@id\":\"https:\\\/\\\/lda.be\\\/fr\\\/#\\\/schema\\\/logo\\\/image\\\/\"},\"sameAs\":[\"https:\\\/\\\/www.linkedin.com\\\/company\\\/lda-belgium-nv\"]}]}<\/script>\n<!-- \/ Yoast SEO plugin. -->","yoast_head_json":{"title":"MAC 26 S\u00e9rie \u00e9lectrovanne 5\/3, M5-M7-1\/8\u201d, 250Nl\/min - LDA Belgique","description":"MAC Valves Electrovanne s\u00e9rie 26 1\/8\u2033-#10-32-M5-M7 Cv 0.25 pilot\u00e9e en ligne Bullet Valve Electrovanne pilote compacte haut d\u00e9bit 24 VDC.","robots":{"index":"index","follow":"follow","max-snippet":"max-snippet:-1","max-image-preview":"max-image-preview:large","max-video-preview":"max-video-preview:-1"},"canonical":"https:\/\/lda.be\/fr\/produit\/26-serie-electrovanne-1-8-24v\/","og_locale":"fr_FR","og_type":"article","og_title":"MAC 26 S\u00e9rie \u00e9lectrovanne 5\/3, M5-M7-1\/8\u201d, 250Nl\/min - LDA Belgique","og_description":"MAC Valves Electrovanne s\u00e9rie 26 1\/8\u2033-#10-32-M5-M7 Cv 0.25 pilot\u00e9e en ligne Bullet Valve Electrovanne pilote compacte haut d\u00e9bit 24 VDC.","og_url":"https:\/\/lda.be\/fr\/produit\/26-serie-electrovanne-1-8-24v\/","og_site_name":"LDA Belgique","article_modified_time":"2025-09-04T09:07:57+00:00","og_image":[{"width":1440,"height":1440,"url":"https:\/\/lda.be\/wp-content\/uploads\/2025\/09\/S26-\u25a01440.webp","type":"image\/webp"}],"twitter_card":"summary_large_image","twitter_misc":{"Dur\u00e9e de lecture estim\u00e9e":"1 minute"},"schema":{"@context":"https:\/\/schema.org","@graph":[{"@type":"WebPage","@id":"https:\/\/lda.be\/fr\/produit\/26-serie-electrovanne-1-8-24v\/","url":"https:\/\/lda.be\/fr\/produit\/26-serie-electrovanne-1-8-24v\/","name":"MAC 26 S\u00e9rie \u00e9lectrovanne 5\/3, M5-M7-1\/8\u201d, 250Nl\/min - LDA Belgique","isPartOf":{"@id":"https:\/\/lda.be\/fr\/#website"},"primaryImageOfPage":{"@id":"https:\/\/lda.be\/fr\/produit\/26-serie-electrovanne-1-8-24v\/#primaryimage"},"image":{"@id":"https:\/\/lda.be\/fr\/produit\/26-serie-electrovanne-1-8-24v\/#primaryimage"},"thumbnailUrl":"https:\/\/lda.be\/wp-content\/uploads\/2025\/09\/S26-\u25a01440.webp","datePublished":"2025-06-10T07:53:04+00:00","dateModified":"2025-09-04T09:07:57+00:00","description":"MAC Valves Electrovanne s\u00e9rie 26 1\/8\u2033-#10-32-M5-M7 Cv 0.25 pilot\u00e9e en ligne Bullet Valve Electrovanne pilote compacte haut d\u00e9bit 24 VDC.","breadcrumb":{"@id":"https:\/\/lda.be\/fr\/produit\/26-serie-electrovanne-1-8-24v\/#breadcrumb"},"inLanguage":"fr-FR","potentialAction":[{"@type":"ReadAction","target":["https:\/\/lda.be\/fr\/produit\/26-serie-electrovanne-1-8-24v\/"]}]},{"@type":"ImageObject","inLanguage":"fr-FR","@id":"https:\/\/lda.be\/fr\/produit\/26-serie-electrovanne-1-8-24v\/#primaryimage","url":"https:\/\/lda.be\/wp-content\/uploads\/2025\/09\/S26-\u25a01440.webp","contentUrl":"https:\/\/lda.be\/wp-content\/uploads\/2025\/09\/S26-\u25a01440.webp","width":1440,"height":1440},{"@type":"BreadcrumbList","@id":"https:\/\/lda.be\/fr\/produit\/26-serie-electrovanne-1-8-24v\/#breadcrumb","itemListElement":[{"@type":"ListItem","position":1,"name":"Accueil","item":"https:\/\/lda.be\/fr\/"},{"@type":"ListItem","position":2,"name":"Produits","item":"https:\/\/lda.be\/fr\/produits\/"},{"@type":"ListItem","position":3,"name":"MAC 26 S\u00e9rie \u00e9lectrovanne 5\/3, M5-M7-1\/8\u201d, 250Nl\/min"}]},{"@type":"WebSite","@id":"https:\/\/lda.be\/fr\/#website","url":"https:\/\/lda.be\/fr\/","name":"LDA Belgium","description":"Solutions For Life","publisher":{"@id":"https:\/\/lda.be\/fr\/#organization"},"potentialAction":[{"@type":"SearchAction","target":{"@type":"EntryPoint","urlTemplate":"https:\/\/lda.be\/fr\/?s={search_term_string}"},"query-input":{"@type":"PropertyValueSpecification","valueRequired":true,"valueName":"search_term_string"}}],"inLanguage":"fr-FR"},{"@type":"Organization","@id":"https:\/\/lda.be\/fr\/#organization","name":"LDA Belgium","url":"https:\/\/lda.be\/fr\/","logo":{"@type":"ImageObject","inLanguage":"fr-FR","@id":"https:\/\/lda.be\/fr\/#\/schema\/logo\/image\/","url":"https:\/\/lda.be\/wp-content\/uploads\/2022\/07\/Logo-LDA.webp","contentUrl":"https:\/\/lda.be\/wp-content\/uploads\/2022\/07\/Logo-LDA.webp","width":311,"height":101,"caption":"LDA Belgium"},"image":{"@id":"https:\/\/lda.be\/fr\/#\/schema\/logo\/image\/"},"sameAs":["https:\/\/www.linkedin.com\/company\/lda-belgium-nv"]}]}},"_links":{"self":[{"href":"https:\/\/lda.be\/fr\/wp-json\/wp\/v2\/product\/8341","targetHints":{"allow":["GET"]}}],"collection":[{"href":"https:\/\/lda.be\/fr\/wp-json\/wp\/v2\/product"}],"about":[{"href":"https:\/\/lda.be\/fr\/wp-json\/wp\/v2\/types\/product"}],"replies":[{"embeddable":true,"href":"https:\/\/lda.be\/fr\/wp-json\/wp\/v2\/comments?post=8341"}],"wp:featuredmedia":[{"embeddable":true,"href":"https:\/\/lda.be\/fr\/wp-json\/wp\/v2\/media\/11783"}],"wp:attachment":[{"href":"https:\/\/lda.be\/fr\/wp-json\/wp\/v2\/media?parent=8341"}],"wp:term":[{"taxonomy":"product_brand","embeddable":true,"href":"https:\/\/lda.be\/fr\/wp-json\/wp\/v2\/product_brand?post=8341"},{"taxonomy":"product_cat","embeddable":true,"href":"https:\/\/lda.be\/fr\/wp-json\/wp\/v2\/product_cat?post=8341"},{"taxonomy":"product_tag","embeddable":true,"href":"https:\/\/lda.be\/fr\/wp-json\/wp\/v2\/product_tag?post=8341"}],"curies":[{"name":"wp","href":"https:\/\/api.w.org\/{rel}","templated":true}]}}