{"id":8434,"date":"2025-06-11T09:08:03","date_gmt":"2025-06-11T08:08:03","guid":{"rendered":"https:\/\/lda.be\/?post_type=product&#038;p=8434"},"modified":"2025-10-18T10:48:18","modified_gmt":"2025-10-18T09:48:18","slug":"46l-serie-electrovanne","status":"publish","type":"product","link":"https:\/\/lda.be\/fr\/produit\/46l-serie-electrovanne\/","title":{"rendered":"MAC 46L S\u00e9rie \u00e9lectrovanne 4\/2 NF-NO, M5 &#8211; 1\/8\u201d, 300Nl\/min"},"content":{"rendered":"<p>La s\u00e9rie MAC 46L est une \u00e9lectrovanne 4 voies \u00e0 commande directe \u00e9quip\u00e9e de notre clapet Bullet\u2122 brevet\u00e9. La technologie Bullet\u2122 est une technologie hybride unique qui utilise un \u00ab\u00a0sol\u00e9no\u00efde de levage\u00a0\u00bb (indiqu\u00e9 par le \u00ab\u00a0L\u00a0\u00bb de 46L). Cette vanne comporte moins de pi\u00e8ces et moins de points d&#8217;usure que notre vanne standard de la s\u00e9rie 46. Ce clapet de levage est isol\u00e9 de la section d&#8217;air comprim\u00e9, ce qui emp\u00eache l&#8217;accumulation de contaminants dans le syst\u00e8me \u00e9lectrique de la vanne.<br \/>\nNotre conception \u00e9quilibr\u00e9e exclusive offre des forces de commutation plus constantes et des temps de r\u00e9ponse reproductibles, quelles que soient les fluctuations de la pression d&#8217;entr\u00e9e.<br \/>\nLa s\u00e9rie 46L est disponible dans diff\u00e9rentes configurations, notamment : Individuel ou pour montage sur embase. Gr\u00e2ce \u00e0 sa faible consommation d&#8217;\u00e9nergie, cette vanne est particuli\u00e8rement adapt\u00e9e aux applications o\u00f9 l&#8217;espace et l&#8217;efficacit\u00e9 sont essentiels.<\/p>\n","protected":false},"excerpt":{"rendered":"<p>La s\u00e9rie MAC 46L est une \u00e9lectrovanne 4 voies \u00e0 commande directe \u00e9quip\u00e9e de notre clapet Bullet\u2122 brevet\u00e9. La technologie Bullet\u2122 est une technologie hybride unique qui utilise un \u00ab\u00a0sol\u00e9no\u00efde de levage\u00a0\u00bb (indiqu\u00e9 par le \u00ab\u00a0L\u00a0\u00bb de 46L). Cette vanne comporte moins de pi\u00e8ces et moins de points d&#8217;usure que notre vanne standard de la [&hellip;]<\/p>\n","protected":false},"featured_media":12131,"comment_status":"closed","ping_status":"closed","template":"","meta":[],"product_brand":[1257,1771,1632],"product_cat":[996,1118,1134,1142],"product_tag":[],"class_list":{"0":"post-8434","1":"product","2":"type-product","3":"status-publish","4":"has-post-thumbnail","6":"product_brand-mac","7":"product_brand-small-5-way-valves","8":"product_brand-traditional","9":"product_cat-pneumatique","10":"product_cat-vannes-pneumatique","11":"product_cat-distributeurs-pneumatiques","12":"product_cat-vannes-5-voies-a-faible-debit","14":"first","15":"instock","16":"shipping-taxable","17":"product-type-simple"},"yoast_head":"<!-- This site is optimized with the Yoast SEO plugin v27.3 - https:\/\/yoast.com\/product\/yoast-seo-wordpress\/ -->\n<title>MAC 46L S\u00e9rie \u00e9lectrovanne 4\/2 NF-NO, M5 - 1\/8\u201d, 300Nl\/min - LDA Belgique<\/title>\n<meta name=\"description\" content=\"MAC Valves S\u00e9rie 46L Valve \u00e0 clapet 4 voies \u00e0 impulsion\/grand d\u00e9bit compact en ligne\/manifold plug-in\/non plug-in tiroir coll\u00e9 pour l&#039;extraction des poussi\u00e8res.\" \/>\n<meta name=\"robots\" content=\"index, follow, max-snippet:-1, max-image-preview:large, max-video-preview:-1\" \/>\n<link rel=\"canonical\" href=\"https:\/\/lda.be\/fr\/produit\/46l-serie-electrovanne\/\" \/>\n<meta property=\"og:locale\" content=\"fr_FR\" \/>\n<meta property=\"og:type\" content=\"article\" \/>\n<meta property=\"og:title\" content=\"MAC 46L S\u00e9rie \u00e9lectrovanne 4\/2 NF-NO, M5 - 1\/8\u201d, 300Nl\/min - LDA Belgique\" \/>\n<meta property=\"og:description\" content=\"MAC Valves S\u00e9rie 46L Valve \u00e0 clapet 4 voies \u00e0 impulsion\/grand d\u00e9bit compact en ligne\/manifold plug-in\/non plug-in tiroir coll\u00e9 pour l&#039;extraction des poussi\u00e8res.\" \/>\n<meta property=\"og:url\" content=\"https:\/\/lda.be\/fr\/produit\/46l-serie-electrovanne\/\" \/>\n<meta property=\"og:site_name\" content=\"LDA Belgique\" \/>\n<meta property=\"article:modified_time\" content=\"2025-10-18T09:48:18+00:00\" \/>\n<meta property=\"og:image\" content=\"https:\/\/lda.be\/wp-content\/uploads\/2025\/09\/S46L-\u25a01440.webp\" \/>\n\t<meta property=\"og:image:width\" content=\"1440\" \/>\n\t<meta property=\"og:image:height\" content=\"1440\" \/>\n\t<meta property=\"og:image:type\" content=\"image\/webp\" \/>\n<meta name=\"twitter:card\" content=\"summary_large_image\" \/>\n<meta name=\"twitter:label1\" content=\"Dur\u00e9e de lecture estim\u00e9e\" \/>\n\t<meta name=\"twitter:data1\" content=\"1 minute\" \/>\n<script type=\"application\/ld+json\" class=\"yoast-schema-graph\">{\"@context\":\"https:\\\/\\\/schema.org\",\"@graph\":[{\"@type\":\"WebPage\",\"@id\":\"https:\\\/\\\/lda.be\\\/fr\\\/produit\\\/46l-serie-electrovanne\\\/\",\"url\":\"https:\\\/\\\/lda.be\\\/fr\\\/produit\\\/46l-serie-electrovanne\\\/\",\"name\":\"MAC 46L S\u00e9rie \u00e9lectrovanne 4\\\/2 NF-NO, M5 - 1\\\/8\u201d, 300Nl\\\/min - LDA Belgique\",\"isPartOf\":{\"@id\":\"https:\\\/\\\/lda.be\\\/fr\\\/#website\"},\"primaryImageOfPage\":{\"@id\":\"https:\\\/\\\/lda.be\\\/fr\\\/produit\\\/46l-serie-electrovanne\\\/#primaryimage\"},\"image\":{\"@id\":\"https:\\\/\\\/lda.be\\\/fr\\\/produit\\\/46l-serie-electrovanne\\\/#primaryimage\"},\"thumbnailUrl\":\"https:\\\/\\\/lda.be\\\/wp-content\\\/uploads\\\/2025\\\/09\\\/S46L-\u25a01440.webp\",\"datePublished\":\"2025-06-11T08:08:03+00:00\",\"dateModified\":\"2025-10-18T09:48:18+00:00\",\"description\":\"MAC Valves S\u00e9rie 46L Valve \u00e0 clapet 4 voies \u00e0 impulsion\\\/grand d\u00e9bit compact en ligne\\\/manifold plug-in\\\/non plug-in tiroir coll\u00e9 pour l'extraction des poussi\u00e8res.\",\"breadcrumb\":{\"@id\":\"https:\\\/\\\/lda.be\\\/fr\\\/produit\\\/46l-serie-electrovanne\\\/#breadcrumb\"},\"inLanguage\":\"fr-FR\",\"potentialAction\":[{\"@type\":\"ReadAction\",\"target\":[\"https:\\\/\\\/lda.be\\\/fr\\\/produit\\\/46l-serie-electrovanne\\\/\"]}]},{\"@type\":\"ImageObject\",\"inLanguage\":\"fr-FR\",\"@id\":\"https:\\\/\\\/lda.be\\\/fr\\\/produit\\\/46l-serie-electrovanne\\\/#primaryimage\",\"url\":\"https:\\\/\\\/lda.be\\\/wp-content\\\/uploads\\\/2025\\\/09\\\/S46L-\u25a01440.webp\",\"contentUrl\":\"https:\\\/\\\/lda.be\\\/wp-content\\\/uploads\\\/2025\\\/09\\\/S46L-\u25a01440.webp\",\"width\":1440,\"height\":1440},{\"@type\":\"BreadcrumbList\",\"@id\":\"https:\\\/\\\/lda.be\\\/fr\\\/produit\\\/46l-serie-electrovanne\\\/#breadcrumb\",\"itemListElement\":[{\"@type\":\"ListItem\",\"position\":1,\"name\":\"Accueil\",\"item\":\"https:\\\/\\\/lda.be\\\/fr\\\/\"},{\"@type\":\"ListItem\",\"position\":2,\"name\":\"Produits\",\"item\":\"https:\\\/\\\/lda.be\\\/fr\\\/produits\\\/\"},{\"@type\":\"ListItem\",\"position\":3,\"name\":\"MAC 46L S\u00e9rie \u00e9lectrovanne 4\\\/2 NF-NO, M5 &#8211; 1\\\/8\u201d, 300Nl\\\/min\"}]},{\"@type\":\"WebSite\",\"@id\":\"https:\\\/\\\/lda.be\\\/fr\\\/#website\",\"url\":\"https:\\\/\\\/lda.be\\\/fr\\\/\",\"name\":\"LDA Belgium\",\"description\":\"Solutions For Life\",\"publisher\":{\"@id\":\"https:\\\/\\\/lda.be\\\/fr\\\/#organization\"},\"potentialAction\":[{\"@type\":\"SearchAction\",\"target\":{\"@type\":\"EntryPoint\",\"urlTemplate\":\"https:\\\/\\\/lda.be\\\/fr\\\/?s={search_term_string}\"},\"query-input\":{\"@type\":\"PropertyValueSpecification\",\"valueRequired\":true,\"valueName\":\"search_term_string\"}}],\"inLanguage\":\"fr-FR\"},{\"@type\":\"Organization\",\"@id\":\"https:\\\/\\\/lda.be\\\/fr\\\/#organization\",\"name\":\"LDA Belgium\",\"url\":\"https:\\\/\\\/lda.be\\\/fr\\\/\",\"logo\":{\"@type\":\"ImageObject\",\"inLanguage\":\"fr-FR\",\"@id\":\"https:\\\/\\\/lda.be\\\/fr\\\/#\\\/schema\\\/logo\\\/image\\\/\",\"url\":\"https:\\\/\\\/lda.be\\\/wp-content\\\/uploads\\\/2022\\\/07\\\/Logo-LDA.webp\",\"contentUrl\":\"https:\\\/\\\/lda.be\\\/wp-content\\\/uploads\\\/2022\\\/07\\\/Logo-LDA.webp\",\"width\":311,\"height\":101,\"caption\":\"LDA Belgium\"},\"image\":{\"@id\":\"https:\\\/\\\/lda.be\\\/fr\\\/#\\\/schema\\\/logo\\\/image\\\/\"},\"sameAs\":[\"https:\\\/\\\/www.linkedin.com\\\/company\\\/lda-belgium-nv\"]}]}<\/script>\n<!-- \/ Yoast SEO plugin. -->","yoast_head_json":{"title":"MAC 46L S\u00e9rie \u00e9lectrovanne 4\/2 NF-NO, M5 - 1\/8\u201d, 300Nl\/min - LDA Belgique","description":"MAC Valves S\u00e9rie 46L Valve \u00e0 clapet 4 voies \u00e0 impulsion\/grand d\u00e9bit compact en ligne\/manifold plug-in\/non plug-in tiroir coll\u00e9 pour l'extraction des poussi\u00e8res.","robots":{"index":"index","follow":"follow","max-snippet":"max-snippet:-1","max-image-preview":"max-image-preview:large","max-video-preview":"max-video-preview:-1"},"canonical":"https:\/\/lda.be\/fr\/produit\/46l-serie-electrovanne\/","og_locale":"fr_FR","og_type":"article","og_title":"MAC 46L S\u00e9rie \u00e9lectrovanne 4\/2 NF-NO, M5 - 1\/8\u201d, 300Nl\/min - LDA Belgique","og_description":"MAC Valves S\u00e9rie 46L Valve \u00e0 clapet 4 voies \u00e0 impulsion\/grand d\u00e9bit compact en ligne\/manifold plug-in\/non plug-in tiroir coll\u00e9 pour l'extraction des poussi\u00e8res.","og_url":"https:\/\/lda.be\/fr\/produit\/46l-serie-electrovanne\/","og_site_name":"LDA Belgique","article_modified_time":"2025-10-18T09:48:18+00:00","og_image":[{"width":1440,"height":1440,"url":"https:\/\/lda.be\/wp-content\/uploads\/2025\/09\/S46L-\u25a01440.webp","type":"image\/webp"}],"twitter_card":"summary_large_image","twitter_misc":{"Dur\u00e9e de lecture estim\u00e9e":"1 minute"},"schema":{"@context":"https:\/\/schema.org","@graph":[{"@type":"WebPage","@id":"https:\/\/lda.be\/fr\/produit\/46l-serie-electrovanne\/","url":"https:\/\/lda.be\/fr\/produit\/46l-serie-electrovanne\/","name":"MAC 46L S\u00e9rie \u00e9lectrovanne 4\/2 NF-NO, M5 - 1\/8\u201d, 300Nl\/min - LDA Belgique","isPartOf":{"@id":"https:\/\/lda.be\/fr\/#website"},"primaryImageOfPage":{"@id":"https:\/\/lda.be\/fr\/produit\/46l-serie-electrovanne\/#primaryimage"},"image":{"@id":"https:\/\/lda.be\/fr\/produit\/46l-serie-electrovanne\/#primaryimage"},"thumbnailUrl":"https:\/\/lda.be\/wp-content\/uploads\/2025\/09\/S46L-\u25a01440.webp","datePublished":"2025-06-11T08:08:03+00:00","dateModified":"2025-10-18T09:48:18+00:00","description":"MAC Valves S\u00e9rie 46L Valve \u00e0 clapet 4 voies \u00e0 impulsion\/grand d\u00e9bit compact en ligne\/manifold plug-in\/non plug-in tiroir coll\u00e9 pour l'extraction des poussi\u00e8res.","breadcrumb":{"@id":"https:\/\/lda.be\/fr\/produit\/46l-serie-electrovanne\/#breadcrumb"},"inLanguage":"fr-FR","potentialAction":[{"@type":"ReadAction","target":["https:\/\/lda.be\/fr\/produit\/46l-serie-electrovanne\/"]}]},{"@type":"ImageObject","inLanguage":"fr-FR","@id":"https:\/\/lda.be\/fr\/produit\/46l-serie-electrovanne\/#primaryimage","url":"https:\/\/lda.be\/wp-content\/uploads\/2025\/09\/S46L-\u25a01440.webp","contentUrl":"https:\/\/lda.be\/wp-content\/uploads\/2025\/09\/S46L-\u25a01440.webp","width":1440,"height":1440},{"@type":"BreadcrumbList","@id":"https:\/\/lda.be\/fr\/produit\/46l-serie-electrovanne\/#breadcrumb","itemListElement":[{"@type":"ListItem","position":1,"name":"Accueil","item":"https:\/\/lda.be\/fr\/"},{"@type":"ListItem","position":2,"name":"Produits","item":"https:\/\/lda.be\/fr\/produits\/"},{"@type":"ListItem","position":3,"name":"MAC 46L S\u00e9rie \u00e9lectrovanne 4\/2 NF-NO, M5 &#8211; 1\/8\u201d, 300Nl\/min"}]},{"@type":"WebSite","@id":"https:\/\/lda.be\/fr\/#website","url":"https:\/\/lda.be\/fr\/","name":"LDA Belgium","description":"Solutions For Life","publisher":{"@id":"https:\/\/lda.be\/fr\/#organization"},"potentialAction":[{"@type":"SearchAction","target":{"@type":"EntryPoint","urlTemplate":"https:\/\/lda.be\/fr\/?s={search_term_string}"},"query-input":{"@type":"PropertyValueSpecification","valueRequired":true,"valueName":"search_term_string"}}],"inLanguage":"fr-FR"},{"@type":"Organization","@id":"https:\/\/lda.be\/fr\/#organization","name":"LDA Belgium","url":"https:\/\/lda.be\/fr\/","logo":{"@type":"ImageObject","inLanguage":"fr-FR","@id":"https:\/\/lda.be\/fr\/#\/schema\/logo\/image\/","url":"https:\/\/lda.be\/wp-content\/uploads\/2022\/07\/Logo-LDA.webp","contentUrl":"https:\/\/lda.be\/wp-content\/uploads\/2022\/07\/Logo-LDA.webp","width":311,"height":101,"caption":"LDA Belgium"},"image":{"@id":"https:\/\/lda.be\/fr\/#\/schema\/logo\/image\/"},"sameAs":["https:\/\/www.linkedin.com\/company\/lda-belgium-nv"]}]}},"_links":{"self":[{"href":"https:\/\/lda.be\/fr\/wp-json\/wp\/v2\/product\/8434","targetHints":{"allow":["GET"]}}],"collection":[{"href":"https:\/\/lda.be\/fr\/wp-json\/wp\/v2\/product"}],"about":[{"href":"https:\/\/lda.be\/fr\/wp-json\/wp\/v2\/types\/product"}],"replies":[{"embeddable":true,"href":"https:\/\/lda.be\/fr\/wp-json\/wp\/v2\/comments?post=8434"}],"wp:featuredmedia":[{"embeddable":true,"href":"https:\/\/lda.be\/fr\/wp-json\/wp\/v2\/media\/12131"}],"wp:attachment":[{"href":"https:\/\/lda.be\/fr\/wp-json\/wp\/v2\/media?parent=8434"}],"wp:term":[{"taxonomy":"product_brand","embeddable":true,"href":"https:\/\/lda.be\/fr\/wp-json\/wp\/v2\/product_brand?post=8434"},{"taxonomy":"product_cat","embeddable":true,"href":"https:\/\/lda.be\/fr\/wp-json\/wp\/v2\/product_cat?post=8434"},{"taxonomy":"product_tag","embeddable":true,"href":"https:\/\/lda.be\/fr\/wp-json\/wp\/v2\/product_tag?post=8434"}],"curies":[{"name":"wp","href":"https:\/\/api.w.org\/{rel}","templated":true}]}}