{"id":8468,"date":"2025-06-11T10:26:39","date_gmt":"2025-06-11T09:26:39","guid":{"rendered":"https:\/\/lda.be\/?post_type=product&#038;p=8468"},"modified":"2025-10-18T13:47:32","modified_gmt":"2025-10-18T12:47:32","slug":"700-serie-de-mac-valves","status":"publish","type":"product","link":"https:\/\/lda.be\/fr\/produit\/700-serie-de-mac-valves\/","title":{"rendered":"MAC 700 S\u00e9rie \u00e9lectrovanne 4\/2, 1\/8\u201d-1\/4\u201d, 700Nl\/min"},"content":{"rendered":"<p>La s\u00e9rie MAC 700 est une \u00e9lectrovanne pilot\u00e9e polyvalente \u00e0 4 voies.<\/p>\n<p>Cette vanne pilote offre une faible pression de fonctionnement minimale et une r\u00e9sistance de commutation minimale. La conception \u00e9quilibr\u00e9e du pilote garantit des forces de commutation \u00e9lev\u00e9es et constantes et des temps de r\u00e9ponse reproductibles, quelles que soient les fluctuations de la pression d&#8217;entr\u00e9e.<\/p>\n<p>La vanne peut \u00eatre connect\u00e9e en 4, 3 ou 2 voies, normalement ferm\u00e9e ou normalement ouverte. Elle est utilisable pour les applications d&#8217;air comprim\u00e9, de vide ou comme s\u00e9lecteur.<\/p>\n<p>Le tiroir est monobloc avec joints en caoutchouc moul\u00e9s, garantissant une dur\u00e9e de vie prolong\u00e9e et un entretien ais\u00e9.<\/p>\n","protected":false},"excerpt":{"rendered":"<p>La s\u00e9rie MAC 700 est une \u00e9lectrovanne pilot\u00e9e polyvalente \u00e0 4 voies. Cette vanne pilote offre une faible pression de fonctionnement minimale et une r\u00e9sistance de commutation minimale. La conception \u00e9quilibr\u00e9e du pilote garantit des forces de commutation \u00e9lev\u00e9es et constantes et des temps de r\u00e9ponse reproductibles, quelles que soient les fluctuations de la pression [&hellip;]<\/p>\n","protected":false},"featured_media":12240,"comment_status":"closed","ping_status":"closed","template":"","meta":[],"product_brand":[1257,1771,1632],"product_cat":[996,1118,1134,1142],"product_tag":[],"class_list":{"0":"post-8468","1":"product","2":"type-product","3":"status-publish","4":"has-post-thumbnail","6":"product_brand-mac","7":"product_brand-small-5-way-valves","8":"product_brand-traditional","9":"product_cat-pneumatique","10":"product_cat-vannes-pneumatique","11":"product_cat-distributeurs-pneumatiques","12":"product_cat-vannes-5-voies-a-faible-debit","14":"first","15":"instock","16":"shipping-taxable","17":"product-type-simple"},"yoast_head":"<!-- This site is optimized with the Yoast SEO plugin v27.3 - https:\/\/yoast.com\/product\/yoast-seo-wordpress\/ -->\n<title>MAC 700 S\u00e9rie \u00e9lectrovanne 4\/2, 1\/8\u201d-1\/4\u201d, 700Nl\/min - LDA Belgique<\/title>\n<meta name=\"description\" content=\"MAC Valves S\u00e9rie 700 Vanne pilote 5 voies \u00e0 bobine Cv 0.8 1\/8\u2033-1\/4\u2033 en ligne\/manifold plug-in\/stacking 12\/24 V DC ou 110\/240 V AC avec retour air\/ressort compacte et polyvalente.\" \/>\n<meta name=\"robots\" content=\"index, follow, max-snippet:-1, max-image-preview:large, max-video-preview:-1\" \/>\n<link rel=\"canonical\" href=\"https:\/\/lda.be\/fr\/produit\/700-serie-de-mac-valves\/\" \/>\n<meta property=\"og:locale\" content=\"fr_FR\" \/>\n<meta property=\"og:type\" content=\"article\" \/>\n<meta property=\"og:title\" content=\"MAC 700 S\u00e9rie \u00e9lectrovanne 4\/2, 1\/8\u201d-1\/4\u201d, 700Nl\/min - LDA Belgique\" \/>\n<meta property=\"og:description\" content=\"MAC Valves S\u00e9rie 700 Vanne pilote 5 voies \u00e0 bobine Cv 0.8 1\/8\u2033-1\/4\u2033 en ligne\/manifold plug-in\/stacking 12\/24 V DC ou 110\/240 V AC avec retour air\/ressort compacte et polyvalente.\" \/>\n<meta property=\"og:url\" content=\"https:\/\/lda.be\/fr\/produit\/700-serie-de-mac-valves\/\" \/>\n<meta property=\"og:site_name\" content=\"LDA Belgique\" \/>\n<meta property=\"article:modified_time\" content=\"2025-10-18T12:47:32+00:00\" \/>\n<meta property=\"og:image\" content=\"https:\/\/lda.be\/wp-content\/uploads\/2025\/10\/S700-\u25a01440.webp\" \/>\n\t<meta property=\"og:image:width\" content=\"1440\" \/>\n\t<meta property=\"og:image:height\" content=\"1440\" \/>\n\t<meta property=\"og:image:type\" content=\"image\/webp\" \/>\n<meta name=\"twitter:card\" content=\"summary_large_image\" \/>\n<meta name=\"twitter:label1\" content=\"Dur\u00e9e de lecture estim\u00e9e\" \/>\n\t<meta name=\"twitter:data1\" content=\"1 minute\" \/>\n<script type=\"application\/ld+json\" class=\"yoast-schema-graph\">{\"@context\":\"https:\\\/\\\/schema.org\",\"@graph\":[{\"@type\":\"WebPage\",\"@id\":\"https:\\\/\\\/lda.be\\\/fr\\\/produit\\\/700-serie-de-mac-valves\\\/\",\"url\":\"https:\\\/\\\/lda.be\\\/fr\\\/produit\\\/700-serie-de-mac-valves\\\/\",\"name\":\"MAC 700 S\u00e9rie \u00e9lectrovanne 4\\\/2, 1\\\/8\u201d-1\\\/4\u201d, 700Nl\\\/min - LDA Belgique\",\"isPartOf\":{\"@id\":\"https:\\\/\\\/lda.be\\\/fr\\\/#website\"},\"primaryImageOfPage\":{\"@id\":\"https:\\\/\\\/lda.be\\\/fr\\\/produit\\\/700-serie-de-mac-valves\\\/#primaryimage\"},\"image\":{\"@id\":\"https:\\\/\\\/lda.be\\\/fr\\\/produit\\\/700-serie-de-mac-valves\\\/#primaryimage\"},\"thumbnailUrl\":\"https:\\\/\\\/lda.be\\\/wp-content\\\/uploads\\\/2025\\\/10\\\/S700-\u25a01440.webp\",\"datePublished\":\"2025-06-11T09:26:39+00:00\",\"dateModified\":\"2025-10-18T12:47:32+00:00\",\"description\":\"MAC Valves S\u00e9rie 700 Vanne pilote 5 voies \u00e0 bobine Cv 0.8 1\\\/8\u2033-1\\\/4\u2033 en ligne\\\/manifold plug-in\\\/stacking 12\\\/24 V DC ou 110\\\/240 V AC avec retour air\\\/ressort compacte et polyvalente.\",\"breadcrumb\":{\"@id\":\"https:\\\/\\\/lda.be\\\/fr\\\/produit\\\/700-serie-de-mac-valves\\\/#breadcrumb\"},\"inLanguage\":\"fr-FR\",\"potentialAction\":[{\"@type\":\"ReadAction\",\"target\":[\"https:\\\/\\\/lda.be\\\/fr\\\/produit\\\/700-serie-de-mac-valves\\\/\"]}]},{\"@type\":\"ImageObject\",\"inLanguage\":\"fr-FR\",\"@id\":\"https:\\\/\\\/lda.be\\\/fr\\\/produit\\\/700-serie-de-mac-valves\\\/#primaryimage\",\"url\":\"https:\\\/\\\/lda.be\\\/wp-content\\\/uploads\\\/2025\\\/10\\\/S700-\u25a01440.webp\",\"contentUrl\":\"https:\\\/\\\/lda.be\\\/wp-content\\\/uploads\\\/2025\\\/10\\\/S700-\u25a01440.webp\",\"width\":1440,\"height\":1440},{\"@type\":\"BreadcrumbList\",\"@id\":\"https:\\\/\\\/lda.be\\\/fr\\\/produit\\\/700-serie-de-mac-valves\\\/#breadcrumb\",\"itemListElement\":[{\"@type\":\"ListItem\",\"position\":1,\"name\":\"Accueil\",\"item\":\"https:\\\/\\\/lda.be\\\/fr\\\/\"},{\"@type\":\"ListItem\",\"position\":2,\"name\":\"Produits\",\"item\":\"https:\\\/\\\/lda.be\\\/fr\\\/produits\\\/\"},{\"@type\":\"ListItem\",\"position\":3,\"name\":\"MAC 700 S\u00e9rie \u00e9lectrovanne 4\\\/2, 1\\\/8\u201d-1\\\/4\u201d, 700Nl\\\/min\"}]},{\"@type\":\"WebSite\",\"@id\":\"https:\\\/\\\/lda.be\\\/fr\\\/#website\",\"url\":\"https:\\\/\\\/lda.be\\\/fr\\\/\",\"name\":\"LDA Belgium\",\"description\":\"Solutions For Life\",\"publisher\":{\"@id\":\"https:\\\/\\\/lda.be\\\/fr\\\/#organization\"},\"potentialAction\":[{\"@type\":\"SearchAction\",\"target\":{\"@type\":\"EntryPoint\",\"urlTemplate\":\"https:\\\/\\\/lda.be\\\/fr\\\/?s={search_term_string}\"},\"query-input\":{\"@type\":\"PropertyValueSpecification\",\"valueRequired\":true,\"valueName\":\"search_term_string\"}}],\"inLanguage\":\"fr-FR\"},{\"@type\":\"Organization\",\"@id\":\"https:\\\/\\\/lda.be\\\/fr\\\/#organization\",\"name\":\"LDA Belgium\",\"url\":\"https:\\\/\\\/lda.be\\\/fr\\\/\",\"logo\":{\"@type\":\"ImageObject\",\"inLanguage\":\"fr-FR\",\"@id\":\"https:\\\/\\\/lda.be\\\/fr\\\/#\\\/schema\\\/logo\\\/image\\\/\",\"url\":\"https:\\\/\\\/lda.be\\\/wp-content\\\/uploads\\\/2022\\\/07\\\/Logo-LDA.webp\",\"contentUrl\":\"https:\\\/\\\/lda.be\\\/wp-content\\\/uploads\\\/2022\\\/07\\\/Logo-LDA.webp\",\"width\":311,\"height\":101,\"caption\":\"LDA Belgium\"},\"image\":{\"@id\":\"https:\\\/\\\/lda.be\\\/fr\\\/#\\\/schema\\\/logo\\\/image\\\/\"},\"sameAs\":[\"https:\\\/\\\/www.linkedin.com\\\/company\\\/lda-belgium-nv\"]}]}<\/script>\n<!-- \/ Yoast SEO plugin. -->","yoast_head_json":{"title":"MAC 700 S\u00e9rie \u00e9lectrovanne 4\/2, 1\/8\u201d-1\/4\u201d, 700Nl\/min - LDA Belgique","description":"MAC Valves S\u00e9rie 700 Vanne pilote 5 voies \u00e0 bobine Cv 0.8 1\/8\u2033-1\/4\u2033 en ligne\/manifold plug-in\/stacking 12\/24 V DC ou 110\/240 V AC avec retour air\/ressort compacte et polyvalente.","robots":{"index":"index","follow":"follow","max-snippet":"max-snippet:-1","max-image-preview":"max-image-preview:large","max-video-preview":"max-video-preview:-1"},"canonical":"https:\/\/lda.be\/fr\/produit\/700-serie-de-mac-valves\/","og_locale":"fr_FR","og_type":"article","og_title":"MAC 700 S\u00e9rie \u00e9lectrovanne 4\/2, 1\/8\u201d-1\/4\u201d, 700Nl\/min - LDA Belgique","og_description":"MAC Valves S\u00e9rie 700 Vanne pilote 5 voies \u00e0 bobine Cv 0.8 1\/8\u2033-1\/4\u2033 en ligne\/manifold plug-in\/stacking 12\/24 V DC ou 110\/240 V AC avec retour air\/ressort compacte et polyvalente.","og_url":"https:\/\/lda.be\/fr\/produit\/700-serie-de-mac-valves\/","og_site_name":"LDA Belgique","article_modified_time":"2025-10-18T12:47:32+00:00","og_image":[{"width":1440,"height":1440,"url":"https:\/\/lda.be\/wp-content\/uploads\/2025\/10\/S700-\u25a01440.webp","type":"image\/webp"}],"twitter_card":"summary_large_image","twitter_misc":{"Dur\u00e9e de lecture estim\u00e9e":"1 minute"},"schema":{"@context":"https:\/\/schema.org","@graph":[{"@type":"WebPage","@id":"https:\/\/lda.be\/fr\/produit\/700-serie-de-mac-valves\/","url":"https:\/\/lda.be\/fr\/produit\/700-serie-de-mac-valves\/","name":"MAC 700 S\u00e9rie \u00e9lectrovanne 4\/2, 1\/8\u201d-1\/4\u201d, 700Nl\/min - LDA Belgique","isPartOf":{"@id":"https:\/\/lda.be\/fr\/#website"},"primaryImageOfPage":{"@id":"https:\/\/lda.be\/fr\/produit\/700-serie-de-mac-valves\/#primaryimage"},"image":{"@id":"https:\/\/lda.be\/fr\/produit\/700-serie-de-mac-valves\/#primaryimage"},"thumbnailUrl":"https:\/\/lda.be\/wp-content\/uploads\/2025\/10\/S700-\u25a01440.webp","datePublished":"2025-06-11T09:26:39+00:00","dateModified":"2025-10-18T12:47:32+00:00","description":"MAC Valves S\u00e9rie 700 Vanne pilote 5 voies \u00e0 bobine Cv 0.8 1\/8\u2033-1\/4\u2033 en ligne\/manifold plug-in\/stacking 12\/24 V DC ou 110\/240 V AC avec retour air\/ressort compacte et polyvalente.","breadcrumb":{"@id":"https:\/\/lda.be\/fr\/produit\/700-serie-de-mac-valves\/#breadcrumb"},"inLanguage":"fr-FR","potentialAction":[{"@type":"ReadAction","target":["https:\/\/lda.be\/fr\/produit\/700-serie-de-mac-valves\/"]}]},{"@type":"ImageObject","inLanguage":"fr-FR","@id":"https:\/\/lda.be\/fr\/produit\/700-serie-de-mac-valves\/#primaryimage","url":"https:\/\/lda.be\/wp-content\/uploads\/2025\/10\/S700-\u25a01440.webp","contentUrl":"https:\/\/lda.be\/wp-content\/uploads\/2025\/10\/S700-\u25a01440.webp","width":1440,"height":1440},{"@type":"BreadcrumbList","@id":"https:\/\/lda.be\/fr\/produit\/700-serie-de-mac-valves\/#breadcrumb","itemListElement":[{"@type":"ListItem","position":1,"name":"Accueil","item":"https:\/\/lda.be\/fr\/"},{"@type":"ListItem","position":2,"name":"Produits","item":"https:\/\/lda.be\/fr\/produits\/"},{"@type":"ListItem","position":3,"name":"MAC 700 S\u00e9rie \u00e9lectrovanne 4\/2, 1\/8\u201d-1\/4\u201d, 700Nl\/min"}]},{"@type":"WebSite","@id":"https:\/\/lda.be\/fr\/#website","url":"https:\/\/lda.be\/fr\/","name":"LDA Belgium","description":"Solutions For Life","publisher":{"@id":"https:\/\/lda.be\/fr\/#organization"},"potentialAction":[{"@type":"SearchAction","target":{"@type":"EntryPoint","urlTemplate":"https:\/\/lda.be\/fr\/?s={search_term_string}"},"query-input":{"@type":"PropertyValueSpecification","valueRequired":true,"valueName":"search_term_string"}}],"inLanguage":"fr-FR"},{"@type":"Organization","@id":"https:\/\/lda.be\/fr\/#organization","name":"LDA Belgium","url":"https:\/\/lda.be\/fr\/","logo":{"@type":"ImageObject","inLanguage":"fr-FR","@id":"https:\/\/lda.be\/fr\/#\/schema\/logo\/image\/","url":"https:\/\/lda.be\/wp-content\/uploads\/2022\/07\/Logo-LDA.webp","contentUrl":"https:\/\/lda.be\/wp-content\/uploads\/2022\/07\/Logo-LDA.webp","width":311,"height":101,"caption":"LDA Belgium"},"image":{"@id":"https:\/\/lda.be\/fr\/#\/schema\/logo\/image\/"},"sameAs":["https:\/\/www.linkedin.com\/company\/lda-belgium-nv"]}]}},"_links":{"self":[{"href":"https:\/\/lda.be\/fr\/wp-json\/wp\/v2\/product\/8468","targetHints":{"allow":["GET"]}}],"collection":[{"href":"https:\/\/lda.be\/fr\/wp-json\/wp\/v2\/product"}],"about":[{"href":"https:\/\/lda.be\/fr\/wp-json\/wp\/v2\/types\/product"}],"replies":[{"embeddable":true,"href":"https:\/\/lda.be\/fr\/wp-json\/wp\/v2\/comments?post=8468"}],"wp:featuredmedia":[{"embeddable":true,"href":"https:\/\/lda.be\/fr\/wp-json\/wp\/v2\/media\/12240"}],"wp:attachment":[{"href":"https:\/\/lda.be\/fr\/wp-json\/wp\/v2\/media?parent=8468"}],"wp:term":[{"taxonomy":"product_brand","embeddable":true,"href":"https:\/\/lda.be\/fr\/wp-json\/wp\/v2\/product_brand?post=8468"},{"taxonomy":"product_cat","embeddable":true,"href":"https:\/\/lda.be\/fr\/wp-json\/wp\/v2\/product_cat?post=8468"},{"taxonomy":"product_tag","embeddable":true,"href":"https:\/\/lda.be\/fr\/wp-json\/wp\/v2\/product_tag?post=8468"}],"curies":[{"name":"wp","href":"https:\/\/api.w.org\/{rel}","templated":true}]}}