{"id":8587,"date":"2025-06-13T09:16:57","date_gmt":"2025-06-13T08:16:57","guid":{"rendered":"https:\/\/lda.be\/?post_type=product&#038;p=8587"},"modified":"2025-10-20T16:17:39","modified_gmt":"2025-10-20T15:17:39","slug":"mac-valves-800-serie-electrovanne","status":"publish","type":"product","link":"https:\/\/lda.be\/fr\/produit\/mac-valves-800-serie-electrovanne\/","title":{"rendered":"MAC 800 S\u00e9rie \u00e9lectrovanne 5\/2-5\/3, 1\/4\u201d-3\/8\u201d, 1400Nl\/min"},"content":{"rendered":"<p>La s\u00e9rie MAC 800 est une \u00e9lectrovanne pilot\u00e9e polyvalente \u00e0 4 voies.<\/p>\n<p>Cette vanne pilote offre une faible pression de fonctionnement minimale et une r\u00e9sistance de commutation minimale. La conception \u00e9quilibr\u00e9e du pilote garantit des forces de commutation \u00e9lev\u00e9es et constantes et des temps de r\u00e9ponse reproductibles, quelles que soient les fluctuations de la pression d&#8217;entr\u00e9e.<\/p>\n<p>La vanne peut \u00eatre connect\u00e9e en 5 , 3 ou 2 voies, normalement ferm\u00e9e ou normalement ouverte. Elle est utilisable pour les applications d&#8217;air comprim\u00e9, de vide ou comme s\u00e9lecteur.<\/p>\n<p>Le tiroir est monobloc avec joints en caoutchouc moul\u00e9s, garantissant une dur\u00e9e de vie prolong\u00e9e et un entretien ais\u00e9.<\/p>\n","protected":false},"excerpt":{"rendered":"<p>La s\u00e9rie MAC 800 est une \u00e9lectrovanne pilot\u00e9e polyvalente \u00e0 4 voies. Cette vanne pilote offre une faible pression de fonctionnement minimale et une r\u00e9sistance de commutation minimale. La conception \u00e9quilibr\u00e9e du pilote garantit des forces de commutation \u00e9lev\u00e9es et constantes et des temps de r\u00e9ponse reproductibles, quelles que soient les fluctuations de la pression [&hellip;]<\/p>\n","protected":false},"featured_media":12381,"comment_status":"closed","ping_status":"closed","template":"","meta":[],"product_brand":[1772,1257,1632],"product_cat":[996,1118,1134,1138],"product_tag":[],"class_list":{"0":"post-8587","1":"product","2":"type-product","3":"status-publish","4":"has-post-thumbnail","6":"product_brand-large-5-way-valves","7":"product_brand-mac","8":"product_brand-traditional","9":"product_cat-pneumatique","10":"product_cat-vannes-pneumatique","11":"product_cat-distributeurs-pneumatiques","12":"product_cat-vannes-5-voies-a-grand-debit-1-500nl","14":"first","15":"instock","16":"shipping-taxable","17":"product-type-simple"},"yoast_head":"<!-- This site is optimized with the Yoast SEO plugin v27.3 - https:\/\/yoast.com\/product\/yoast-seo-wordpress\/ -->\n<title>MAC 800 S\u00e9rie \u00e9lectrovanne 5\/2-5\/3, 1\/4\u201d-3\/8\u201d, 1400Nl\/min - LDA Belgique<\/title>\n<meta name=\"description\" content=\"MAC Valves 800 Series Distributeur \u00e0 tiroir 5 voies Cv 1.4 1\/4\u2033 inline\/manifold\/stacking plug-in\/non plug-in, air\/spring return, bonded spool.\" \/>\n<meta name=\"robots\" content=\"index, follow, max-snippet:-1, max-image-preview:large, max-video-preview:-1\" \/>\n<link rel=\"canonical\" href=\"https:\/\/lda.be\/fr\/produit\/800-serie-electrovanne\/\" \/>\n<meta property=\"og:locale\" content=\"fr_FR\" \/>\n<meta property=\"og:type\" content=\"article\" \/>\n<meta property=\"og:title\" content=\"MAC 800 S\u00e9rie \u00e9lectrovanne 5\/2-5\/3, 1\/4\u201d-3\/8\u201d, 1400Nl\/min - LDA Belgique\" \/>\n<meta property=\"og:description\" content=\"MAC Valves 800 Series Distributeur \u00e0 tiroir 5 voies Cv 1.4 1\/4\u2033 inline\/manifold\/stacking plug-in\/non plug-in, air\/spring return, bonded spool.\" \/>\n<meta property=\"og:url\" content=\"https:\/\/lda.be\/fr\/produit\/800-serie-electrovanne\/\" \/>\n<meta property=\"og:site_name\" content=\"LDA Belgique\" \/>\n<meta property=\"article:modified_time\" content=\"2025-10-20T15:17:39+00:00\" \/>\n<meta property=\"og:image\" content=\"https:\/\/lda.be\/wp-content\/uploads\/2025\/10\/S800-\u25a01440.webp\" \/>\n\t<meta property=\"og:image:width\" content=\"1440\" \/>\n\t<meta property=\"og:image:height\" content=\"1440\" \/>\n\t<meta property=\"og:image:type\" content=\"image\/webp\" \/>\n<meta name=\"twitter:card\" content=\"summary_large_image\" \/>\n<meta name=\"twitter:label1\" content=\"Dur\u00e9e de lecture estim\u00e9e\" \/>\n\t<meta name=\"twitter:data1\" content=\"1 minute\" \/>\n<script type=\"application\/ld+json\" class=\"yoast-schema-graph\">{\"@context\":\"https:\\\/\\\/schema.org\",\"@graph\":[{\"@type\":\"WebPage\",\"@id\":\"https:\\\/\\\/lda.be\\\/fr\\\/produit\\\/mac-valves-800-serie-electrovanne\\\/\",\"url\":\"https:\\\/\\\/lda.be\\\/fr\\\/produit\\\/800-serie-electrovanne\\\/\",\"name\":\"MAC 800 S\u00e9rie \u00e9lectrovanne 5\\\/2-5\\\/3, 1\\\/4\u201d-3\\\/8\u201d, 1400Nl\\\/min - LDA Belgique\",\"isPartOf\":{\"@id\":\"https:\\\/\\\/lda.be\\\/fr\\\/#website\"},\"primaryImageOfPage\":{\"@id\":\"https:\\\/\\\/lda.be\\\/fr\\\/produit\\\/800-serie-electrovanne\\\/#primaryimage\"},\"image\":{\"@id\":\"https:\\\/\\\/lda.be\\\/fr\\\/produit\\\/800-serie-electrovanne\\\/#primaryimage\"},\"thumbnailUrl\":\"https:\\\/\\\/lda.be\\\/wp-content\\\/uploads\\\/2025\\\/10\\\/S800-\u25a01440.webp\",\"datePublished\":\"2025-06-13T08:16:57+00:00\",\"dateModified\":\"2025-10-20T15:17:39+00:00\",\"description\":\"MAC Valves 800 Series Distributeur \u00e0 tiroir 5 voies Cv 1.4 1\\\/4\u2033 inline\\\/manifold\\\/stacking plug-in\\\/non plug-in, air\\\/spring return, bonded spool.\",\"breadcrumb\":{\"@id\":\"https:\\\/\\\/lda.be\\\/fr\\\/produit\\\/800-serie-electrovanne\\\/#breadcrumb\"},\"inLanguage\":\"fr-FR\",\"potentialAction\":[{\"@type\":\"ReadAction\",\"target\":[\"https:\\\/\\\/lda.be\\\/fr\\\/produit\\\/800-serie-electrovanne\\\/\"]}]},{\"@type\":\"ImageObject\",\"inLanguage\":\"fr-FR\",\"@id\":\"https:\\\/\\\/lda.be\\\/fr\\\/produit\\\/800-serie-electrovanne\\\/#primaryimage\",\"url\":\"https:\\\/\\\/lda.be\\\/wp-content\\\/uploads\\\/2025\\\/10\\\/S800-\u25a01440.webp\",\"contentUrl\":\"https:\\\/\\\/lda.be\\\/wp-content\\\/uploads\\\/2025\\\/10\\\/S800-\u25a01440.webp\",\"width\":1440,\"height\":1440},{\"@type\":\"BreadcrumbList\",\"@id\":\"https:\\\/\\\/lda.be\\\/fr\\\/produit\\\/800-serie-electrovanne\\\/#breadcrumb\",\"itemListElement\":[{\"@type\":\"ListItem\",\"position\":1,\"name\":\"Accueil\",\"item\":\"https:\\\/\\\/lda.be\\\/fr\\\/\"},{\"@type\":\"ListItem\",\"position\":2,\"name\":\"Produits\",\"item\":\"https:\\\/\\\/lda.be\\\/fr\\\/produits\\\/\"},{\"@type\":\"ListItem\",\"position\":3,\"name\":\"MAC 800 S\u00e9rie \u00e9lectrovanne 5\\\/2-5\\\/3, 1\\\/4\u201d-3\\\/8\u201d, 1400Nl\\\/min\"}]},{\"@type\":\"WebSite\",\"@id\":\"https:\\\/\\\/lda.be\\\/fr\\\/#website\",\"url\":\"https:\\\/\\\/lda.be\\\/fr\\\/\",\"name\":\"LDA Belgium\",\"description\":\"Solutions For Life\",\"publisher\":{\"@id\":\"https:\\\/\\\/lda.be\\\/fr\\\/#organization\"},\"potentialAction\":[{\"@type\":\"SearchAction\",\"target\":{\"@type\":\"EntryPoint\",\"urlTemplate\":\"https:\\\/\\\/lda.be\\\/fr\\\/?s={search_term_string}\"},\"query-input\":{\"@type\":\"PropertyValueSpecification\",\"valueRequired\":true,\"valueName\":\"search_term_string\"}}],\"inLanguage\":\"fr-FR\"},{\"@type\":\"Organization\",\"@id\":\"https:\\\/\\\/lda.be\\\/fr\\\/#organization\",\"name\":\"LDA Belgium\",\"url\":\"https:\\\/\\\/lda.be\\\/fr\\\/\",\"logo\":{\"@type\":\"ImageObject\",\"inLanguage\":\"fr-FR\",\"@id\":\"https:\\\/\\\/lda.be\\\/fr\\\/#\\\/schema\\\/logo\\\/image\\\/\",\"url\":\"https:\\\/\\\/lda.be\\\/wp-content\\\/uploads\\\/2022\\\/07\\\/Logo-LDA.webp\",\"contentUrl\":\"https:\\\/\\\/lda.be\\\/wp-content\\\/uploads\\\/2022\\\/07\\\/Logo-LDA.webp\",\"width\":311,\"height\":101,\"caption\":\"LDA Belgium\"},\"image\":{\"@id\":\"https:\\\/\\\/lda.be\\\/fr\\\/#\\\/schema\\\/logo\\\/image\\\/\"},\"sameAs\":[\"https:\\\/\\\/www.linkedin.com\\\/company\\\/lda-belgium-nv\"]}]}<\/script>\n<!-- \/ Yoast SEO plugin. -->","yoast_head_json":{"title":"MAC 800 S\u00e9rie \u00e9lectrovanne 5\/2-5\/3, 1\/4\u201d-3\/8\u201d, 1400Nl\/min - LDA Belgique","description":"MAC Valves 800 Series Distributeur \u00e0 tiroir 5 voies Cv 1.4 1\/4\u2033 inline\/manifold\/stacking plug-in\/non plug-in, air\/spring return, bonded spool.","robots":{"index":"index","follow":"follow","max-snippet":"max-snippet:-1","max-image-preview":"max-image-preview:large","max-video-preview":"max-video-preview:-1"},"canonical":"https:\/\/lda.be\/fr\/produit\/800-serie-electrovanne\/","og_locale":"fr_FR","og_type":"article","og_title":"MAC 800 S\u00e9rie \u00e9lectrovanne 5\/2-5\/3, 1\/4\u201d-3\/8\u201d, 1400Nl\/min - LDA Belgique","og_description":"MAC Valves 800 Series Distributeur \u00e0 tiroir 5 voies Cv 1.4 1\/4\u2033 inline\/manifold\/stacking plug-in\/non plug-in, air\/spring return, bonded spool.","og_url":"https:\/\/lda.be\/fr\/produit\/800-serie-electrovanne\/","og_site_name":"LDA Belgique","article_modified_time":"2025-10-20T15:17:39+00:00","og_image":[{"width":1440,"height":1440,"url":"https:\/\/lda.be\/wp-content\/uploads\/2025\/10\/S800-\u25a01440.webp","type":"image\/webp"}],"twitter_card":"summary_large_image","twitter_misc":{"Dur\u00e9e de lecture estim\u00e9e":"1 minute"},"schema":{"@context":"https:\/\/schema.org","@graph":[{"@type":"WebPage","@id":"https:\/\/lda.be\/fr\/produit\/mac-valves-800-serie-electrovanne\/","url":"https:\/\/lda.be\/fr\/produit\/800-serie-electrovanne\/","name":"MAC 800 S\u00e9rie \u00e9lectrovanne 5\/2-5\/3, 1\/4\u201d-3\/8\u201d, 1400Nl\/min - LDA Belgique","isPartOf":{"@id":"https:\/\/lda.be\/fr\/#website"},"primaryImageOfPage":{"@id":"https:\/\/lda.be\/fr\/produit\/800-serie-electrovanne\/#primaryimage"},"image":{"@id":"https:\/\/lda.be\/fr\/produit\/800-serie-electrovanne\/#primaryimage"},"thumbnailUrl":"https:\/\/lda.be\/wp-content\/uploads\/2025\/10\/S800-\u25a01440.webp","datePublished":"2025-06-13T08:16:57+00:00","dateModified":"2025-10-20T15:17:39+00:00","description":"MAC Valves 800 Series Distributeur \u00e0 tiroir 5 voies Cv 1.4 1\/4\u2033 inline\/manifold\/stacking plug-in\/non plug-in, air\/spring return, bonded spool.","breadcrumb":{"@id":"https:\/\/lda.be\/fr\/produit\/800-serie-electrovanne\/#breadcrumb"},"inLanguage":"fr-FR","potentialAction":[{"@type":"ReadAction","target":["https:\/\/lda.be\/fr\/produit\/800-serie-electrovanne\/"]}]},{"@type":"ImageObject","inLanguage":"fr-FR","@id":"https:\/\/lda.be\/fr\/produit\/800-serie-electrovanne\/#primaryimage","url":"https:\/\/lda.be\/wp-content\/uploads\/2025\/10\/S800-\u25a01440.webp","contentUrl":"https:\/\/lda.be\/wp-content\/uploads\/2025\/10\/S800-\u25a01440.webp","width":1440,"height":1440},{"@type":"BreadcrumbList","@id":"https:\/\/lda.be\/fr\/produit\/800-serie-electrovanne\/#breadcrumb","itemListElement":[{"@type":"ListItem","position":1,"name":"Accueil","item":"https:\/\/lda.be\/fr\/"},{"@type":"ListItem","position":2,"name":"Produits","item":"https:\/\/lda.be\/fr\/produits\/"},{"@type":"ListItem","position":3,"name":"MAC 800 S\u00e9rie \u00e9lectrovanne 5\/2-5\/3, 1\/4\u201d-3\/8\u201d, 1400Nl\/min"}]},{"@type":"WebSite","@id":"https:\/\/lda.be\/fr\/#website","url":"https:\/\/lda.be\/fr\/","name":"LDA Belgium","description":"Solutions For Life","publisher":{"@id":"https:\/\/lda.be\/fr\/#organization"},"potentialAction":[{"@type":"SearchAction","target":{"@type":"EntryPoint","urlTemplate":"https:\/\/lda.be\/fr\/?s={search_term_string}"},"query-input":{"@type":"PropertyValueSpecification","valueRequired":true,"valueName":"search_term_string"}}],"inLanguage":"fr-FR"},{"@type":"Organization","@id":"https:\/\/lda.be\/fr\/#organization","name":"LDA Belgium","url":"https:\/\/lda.be\/fr\/","logo":{"@type":"ImageObject","inLanguage":"fr-FR","@id":"https:\/\/lda.be\/fr\/#\/schema\/logo\/image\/","url":"https:\/\/lda.be\/wp-content\/uploads\/2022\/07\/Logo-LDA.webp","contentUrl":"https:\/\/lda.be\/wp-content\/uploads\/2022\/07\/Logo-LDA.webp","width":311,"height":101,"caption":"LDA Belgium"},"image":{"@id":"https:\/\/lda.be\/fr\/#\/schema\/logo\/image\/"},"sameAs":["https:\/\/www.linkedin.com\/company\/lda-belgium-nv"]}]}},"_links":{"self":[{"href":"https:\/\/lda.be\/fr\/wp-json\/wp\/v2\/product\/8587","targetHints":{"allow":["GET"]}}],"collection":[{"href":"https:\/\/lda.be\/fr\/wp-json\/wp\/v2\/product"}],"about":[{"href":"https:\/\/lda.be\/fr\/wp-json\/wp\/v2\/types\/product"}],"replies":[{"embeddable":true,"href":"https:\/\/lda.be\/fr\/wp-json\/wp\/v2\/comments?post=8587"}],"wp:featuredmedia":[{"embeddable":true,"href":"https:\/\/lda.be\/fr\/wp-json\/wp\/v2\/media\/12381"}],"wp:attachment":[{"href":"https:\/\/lda.be\/fr\/wp-json\/wp\/v2\/media?parent=8587"}],"wp:term":[{"taxonomy":"product_brand","embeddable":true,"href":"https:\/\/lda.be\/fr\/wp-json\/wp\/v2\/product_brand?post=8587"},{"taxonomy":"product_cat","embeddable":true,"href":"https:\/\/lda.be\/fr\/wp-json\/wp\/v2\/product_cat?post=8587"},{"taxonomy":"product_tag","embeddable":true,"href":"https:\/\/lda.be\/fr\/wp-json\/wp\/v2\/product_tag?post=8587"}],"curies":[{"name":"wp","href":"https:\/\/api.w.org\/{rel}","templated":true}]}}