{"id":8783,"date":"2025-06-18T15:26:36","date_gmt":"2025-06-18T14:26:36","guid":{"rendered":"https:\/\/lda.be\/?post_type=product&#038;p=8783"},"modified":"2025-12-26T18:08:01","modified_gmt":"2025-12-26T17:08:01","slug":"mac-valves-bv321","status":"publish","type":"product","link":"https:\/\/lda.be\/fr\/produit\/mac-valves-bv321\/","title":{"rendered":"MAC BV321 S\u00e9rie \u00e9lectrovanne 3\/2, \u00d821mm, 600Nl\/min"},"content":{"rendered":"<p>La s\u00e9rie MAC BV321 est une \u00e9lectrovanne 3 voies \u00e9quilibr\u00e9e, type \u00ab\u00a0Bullet Valve\u00ae\u00bb de \u00d821\u202fmm. Equip\u00e9e du sol\u00e9no\u00efde de levage unique de MAC avec clapet\/fixation int\u00e9gr\u00e9. Cette conception \u00e9quilibr\u00e9e maintient des forces de commutation \u00e9lev\u00e9es. Cela garantit des temps de r\u00e9ponse constants quelles que soient les variations de la pression d&#8217;entr\u00e9e.<br \/>\nLa vanne comporte un nombre compact de pi\u00e8ces, ce qui minimise l&#8217;usure et facilite la maintenance. La valve est livr\u00e9e comme une cartouche ou une configuration de collecteur non enfichable pour une utilisation modulaire.<br \/>\nAvec un d\u00e9bit allant jusqu&#8217;\u00e0 600Nl\/min, la BV321 est id\u00e9ale pour les applications n\u00e9cessitant un contr\u00f4le rapide et pr\u00e9cis de l&#8217;air dans des dimensions tr\u00e8s r\u00e9duites. Il s&#8217;agit d&#8217;une vanne extr\u00eamement polyvalente.<\/p>\n<p>Les \u00ab Bullet Valves\u00ae\u00a0\u00bb de la s\u00e9rie Mac sont id\u00e9ales pour le d\u00e9veloppement de votre application personnalis\u00e9e. LDA vous apporte le soutien n\u00e9cessaire \u00e0 la conception et \u00e0 la fabrication de votre vanne unique. Nous pouvons \u00e9galement usiner cette barreau pour vous.<\/p>\n<p><strong>Vannes \u00e0 double membrane disponibles\u00a0:<\/strong><\/p>\n<ul>\n<li>MAC D-Flex\u00ae Technology<\/li>\n<li>Quasi \u00e9tanches<\/li>\n<li>Compatibles avec diff\u00e9rents types de gaz tels que l\u2019oxyg\u00e8ne, oxyde nitreux, le CO2, etc.<\/li>\n<li>Compatibles avec diff\u00e9rents types de liquides pour un dosage de haute pr\u00e9cision, une distribution extr\u00eamement pr\u00e9cise et une excellente r\u00e9p\u00e9tabilit\u00e9.<\/li>\n<li>Membrane \u00e9quilibr\u00e9e<\/li>\n<\/ul>\n","protected":false},"excerpt":{"rendered":"<p>La s\u00e9rie MAC BV321 est une \u00e9lectrovanne 3 voies \u00e9quilibr\u00e9e, type \u00ab\u00a0Bullet Valve\u00ae\u00bb de \u00d821\u202fmm. Equip\u00e9e du sol\u00e9no\u00efde de levage unique de MAC avec clapet\/fixation int\u00e9gr\u00e9. Cette conception \u00e9quilibr\u00e9e maintient des forces de commutation \u00e9lev\u00e9es. Cela garantit des temps de r\u00e9ponse constants quelles que soient les variations de la pression d&#8217;entr\u00e9e. La vanne comporte un [&hellip;]<\/p>\n","protected":false},"featured_media":14623,"comment_status":"closed","ping_status":"closed","template":"","meta":[],"product_brand":[1279,1864,1257],"product_cat":[996,1118,1120,1124],"product_tag":[],"class_list":{"0":"post-8783","1":"product","2":"type-product","3":"status-publish","4":"has-post-thumbnail","6":"product_brand-bv","7":"product_brand-bv3xx","8":"product_brand-mac","9":"product_cat-pneumatique","10":"product_cat-vannes-pneumatique","11":"product_cat-bullet-valves","12":"product_cat-3-voies","14":"first","15":"instock","16":"shipping-taxable","17":"product-type-simple"},"yoast_head":"<!-- This site is optimized with the Yoast SEO plugin v27.3 - https:\/\/yoast.com\/product\/yoast-seo-wordpress\/ -->\n<title>MAC BV321 S\u00e9rie \u00e9lectrovanne 3\/2, \u00d821mm, 600Nl\/min - LDA Belgique<\/title>\n<meta name=\"description\" content=\"MAC Valves BV321 Bullet Valve\u00ae 3 voies cartouche de 21 mm d\u00e9bit 600 Nl\/min sol\u00e9no\u00efde de levage, multifonctionnelle et compacte. Disponible en Belgique\" \/>\n<meta name=\"robots\" content=\"index, follow, max-snippet:-1, max-image-preview:large, max-video-preview:-1\" \/>\n<link rel=\"canonical\" href=\"https:\/\/lda.be\/fr\/produit\/mac-valves-bv321\/\" \/>\n<meta property=\"og:locale\" content=\"fr_FR\" \/>\n<meta property=\"og:type\" content=\"article\" \/>\n<meta property=\"og:title\" content=\"MAC BV321 S\u00e9rie \u00e9lectrovanne 3\/2, \u00d821mm, 600Nl\/min - LDA Belgique\" \/>\n<meta property=\"og:description\" content=\"MAC Valves BV321 Bullet Valve\u00ae 3 voies cartouche de 21 mm d\u00e9bit 600 Nl\/min sol\u00e9no\u00efde de levage, multifonctionnelle et compacte. Disponible en Belgique\" \/>\n<meta property=\"og:url\" content=\"https:\/\/lda.be\/fr\/produit\/mac-valves-bv321\/\" \/>\n<meta property=\"og:site_name\" content=\"LDA Belgique\" \/>\n<meta property=\"article:modified_time\" content=\"2025-12-26T17:08:01+00:00\" \/>\n<meta property=\"og:image\" content=\"https:\/\/lda.be\/wp-content\/uploads\/2025\/12\/BV321-\u25a01440.webp\" \/>\n\t<meta property=\"og:image:width\" content=\"1440\" \/>\n\t<meta property=\"og:image:height\" content=\"1440\" \/>\n\t<meta property=\"og:image:type\" content=\"image\/webp\" \/>\n<meta name=\"twitter:card\" content=\"summary_large_image\" \/>\n<meta name=\"twitter:label1\" content=\"Dur\u00e9e de lecture estim\u00e9e\" \/>\n\t<meta name=\"twitter:data1\" content=\"2 minutes\" \/>\n<script type=\"application\/ld+json\" class=\"yoast-schema-graph\">{\"@context\":\"https:\\\/\\\/schema.org\",\"@graph\":[{\"@type\":\"WebPage\",\"@id\":\"https:\\\/\\\/lda.be\\\/fr\\\/produit\\\/mac-valves-bv321\\\/\",\"url\":\"https:\\\/\\\/lda.be\\\/fr\\\/produit\\\/mac-valves-bv321\\\/\",\"name\":\"MAC BV321 S\u00e9rie \u00e9lectrovanne 3\\\/2, \u00d821mm, 600Nl\\\/min - LDA Belgique\",\"isPartOf\":{\"@id\":\"https:\\\/\\\/lda.be\\\/fr\\\/#website\"},\"primaryImageOfPage\":{\"@id\":\"https:\\\/\\\/lda.be\\\/fr\\\/produit\\\/mac-valves-bv321\\\/#primaryimage\"},\"image\":{\"@id\":\"https:\\\/\\\/lda.be\\\/fr\\\/produit\\\/mac-valves-bv321\\\/#primaryimage\"},\"thumbnailUrl\":\"https:\\\/\\\/lda.be\\\/wp-content\\\/uploads\\\/2025\\\/12\\\/BV321-\u25a01440.webp\",\"datePublished\":\"2025-06-18T14:26:36+00:00\",\"dateModified\":\"2025-12-26T17:08:01+00:00\",\"description\":\"MAC Valves BV321 Bullet Valve\u00ae 3 voies cartouche de 21 mm d\u00e9bit 600 Nl\\\/min sol\u00e9no\u00efde de levage, multifonctionnelle et compacte. Disponible en Belgique\",\"breadcrumb\":{\"@id\":\"https:\\\/\\\/lda.be\\\/fr\\\/produit\\\/mac-valves-bv321\\\/#breadcrumb\"},\"inLanguage\":\"fr-FR\",\"potentialAction\":[{\"@type\":\"ReadAction\",\"target\":[\"https:\\\/\\\/lda.be\\\/fr\\\/produit\\\/mac-valves-bv321\\\/\"]}]},{\"@type\":\"ImageObject\",\"inLanguage\":\"fr-FR\",\"@id\":\"https:\\\/\\\/lda.be\\\/fr\\\/produit\\\/mac-valves-bv321\\\/#primaryimage\",\"url\":\"https:\\\/\\\/lda.be\\\/wp-content\\\/uploads\\\/2025\\\/12\\\/BV321-\u25a01440.webp\",\"contentUrl\":\"https:\\\/\\\/lda.be\\\/wp-content\\\/uploads\\\/2025\\\/12\\\/BV321-\u25a01440.webp\",\"width\":1440,\"height\":1440},{\"@type\":\"BreadcrumbList\",\"@id\":\"https:\\\/\\\/lda.be\\\/fr\\\/produit\\\/mac-valves-bv321\\\/#breadcrumb\",\"itemListElement\":[{\"@type\":\"ListItem\",\"position\":1,\"name\":\"Accueil\",\"item\":\"https:\\\/\\\/lda.be\\\/fr\\\/\"},{\"@type\":\"ListItem\",\"position\":2,\"name\":\"Produits\",\"item\":\"https:\\\/\\\/lda.be\\\/fr\\\/produits\\\/\"},{\"@type\":\"ListItem\",\"position\":3,\"name\":\"MAC BV321 S\u00e9rie \u00e9lectrovanne 3\\\/2, \u00d821mm, 600Nl\\\/min\"}]},{\"@type\":\"WebSite\",\"@id\":\"https:\\\/\\\/lda.be\\\/fr\\\/#website\",\"url\":\"https:\\\/\\\/lda.be\\\/fr\\\/\",\"name\":\"LDA Belgium\",\"description\":\"Solutions For Life\",\"publisher\":{\"@id\":\"https:\\\/\\\/lda.be\\\/fr\\\/#organization\"},\"potentialAction\":[{\"@type\":\"SearchAction\",\"target\":{\"@type\":\"EntryPoint\",\"urlTemplate\":\"https:\\\/\\\/lda.be\\\/fr\\\/?s={search_term_string}\"},\"query-input\":{\"@type\":\"PropertyValueSpecification\",\"valueRequired\":true,\"valueName\":\"search_term_string\"}}],\"inLanguage\":\"fr-FR\"},{\"@type\":\"Organization\",\"@id\":\"https:\\\/\\\/lda.be\\\/fr\\\/#organization\",\"name\":\"LDA Belgium\",\"url\":\"https:\\\/\\\/lda.be\\\/fr\\\/\",\"logo\":{\"@type\":\"ImageObject\",\"inLanguage\":\"fr-FR\",\"@id\":\"https:\\\/\\\/lda.be\\\/fr\\\/#\\\/schema\\\/logo\\\/image\\\/\",\"url\":\"https:\\\/\\\/lda.be\\\/wp-content\\\/uploads\\\/2022\\\/07\\\/Logo-LDA.webp\",\"contentUrl\":\"https:\\\/\\\/lda.be\\\/wp-content\\\/uploads\\\/2022\\\/07\\\/Logo-LDA.webp\",\"width\":311,\"height\":101,\"caption\":\"LDA Belgium\"},\"image\":{\"@id\":\"https:\\\/\\\/lda.be\\\/fr\\\/#\\\/schema\\\/logo\\\/image\\\/\"},\"sameAs\":[\"https:\\\/\\\/www.linkedin.com\\\/company\\\/lda-belgium-nv\"]}]}<\/script>\n<!-- \/ Yoast SEO plugin. -->","yoast_head_json":{"title":"MAC BV321 S\u00e9rie \u00e9lectrovanne 3\/2, \u00d821mm, 600Nl\/min - LDA Belgique","description":"MAC Valves BV321 Bullet Valve\u00ae 3 voies cartouche de 21 mm d\u00e9bit 600 Nl\/min sol\u00e9no\u00efde de levage, multifonctionnelle et compacte. Disponible en Belgique","robots":{"index":"index","follow":"follow","max-snippet":"max-snippet:-1","max-image-preview":"max-image-preview:large","max-video-preview":"max-video-preview:-1"},"canonical":"https:\/\/lda.be\/fr\/produit\/mac-valves-bv321\/","og_locale":"fr_FR","og_type":"article","og_title":"MAC BV321 S\u00e9rie \u00e9lectrovanne 3\/2, \u00d821mm, 600Nl\/min - LDA Belgique","og_description":"MAC Valves BV321 Bullet Valve\u00ae 3 voies cartouche de 21 mm d\u00e9bit 600 Nl\/min sol\u00e9no\u00efde de levage, multifonctionnelle et compacte. Disponible en Belgique","og_url":"https:\/\/lda.be\/fr\/produit\/mac-valves-bv321\/","og_site_name":"LDA Belgique","article_modified_time":"2025-12-26T17:08:01+00:00","og_image":[{"width":1440,"height":1440,"url":"https:\/\/lda.be\/wp-content\/uploads\/2025\/12\/BV321-\u25a01440.webp","type":"image\/webp"}],"twitter_card":"summary_large_image","twitter_misc":{"Dur\u00e9e de lecture estim\u00e9e":"2 minutes"},"schema":{"@context":"https:\/\/schema.org","@graph":[{"@type":"WebPage","@id":"https:\/\/lda.be\/fr\/produit\/mac-valves-bv321\/","url":"https:\/\/lda.be\/fr\/produit\/mac-valves-bv321\/","name":"MAC BV321 S\u00e9rie \u00e9lectrovanne 3\/2, \u00d821mm, 600Nl\/min - LDA Belgique","isPartOf":{"@id":"https:\/\/lda.be\/fr\/#website"},"primaryImageOfPage":{"@id":"https:\/\/lda.be\/fr\/produit\/mac-valves-bv321\/#primaryimage"},"image":{"@id":"https:\/\/lda.be\/fr\/produit\/mac-valves-bv321\/#primaryimage"},"thumbnailUrl":"https:\/\/lda.be\/wp-content\/uploads\/2025\/12\/BV321-\u25a01440.webp","datePublished":"2025-06-18T14:26:36+00:00","dateModified":"2025-12-26T17:08:01+00:00","description":"MAC Valves BV321 Bullet Valve\u00ae 3 voies cartouche de 21 mm d\u00e9bit 600 Nl\/min sol\u00e9no\u00efde de levage, multifonctionnelle et compacte. Disponible en Belgique","breadcrumb":{"@id":"https:\/\/lda.be\/fr\/produit\/mac-valves-bv321\/#breadcrumb"},"inLanguage":"fr-FR","potentialAction":[{"@type":"ReadAction","target":["https:\/\/lda.be\/fr\/produit\/mac-valves-bv321\/"]}]},{"@type":"ImageObject","inLanguage":"fr-FR","@id":"https:\/\/lda.be\/fr\/produit\/mac-valves-bv321\/#primaryimage","url":"https:\/\/lda.be\/wp-content\/uploads\/2025\/12\/BV321-\u25a01440.webp","contentUrl":"https:\/\/lda.be\/wp-content\/uploads\/2025\/12\/BV321-\u25a01440.webp","width":1440,"height":1440},{"@type":"BreadcrumbList","@id":"https:\/\/lda.be\/fr\/produit\/mac-valves-bv321\/#breadcrumb","itemListElement":[{"@type":"ListItem","position":1,"name":"Accueil","item":"https:\/\/lda.be\/fr\/"},{"@type":"ListItem","position":2,"name":"Produits","item":"https:\/\/lda.be\/fr\/produits\/"},{"@type":"ListItem","position":3,"name":"MAC BV321 S\u00e9rie \u00e9lectrovanne 3\/2, \u00d821mm, 600Nl\/min"}]},{"@type":"WebSite","@id":"https:\/\/lda.be\/fr\/#website","url":"https:\/\/lda.be\/fr\/","name":"LDA Belgium","description":"Solutions For Life","publisher":{"@id":"https:\/\/lda.be\/fr\/#organization"},"potentialAction":[{"@type":"SearchAction","target":{"@type":"EntryPoint","urlTemplate":"https:\/\/lda.be\/fr\/?s={search_term_string}"},"query-input":{"@type":"PropertyValueSpecification","valueRequired":true,"valueName":"search_term_string"}}],"inLanguage":"fr-FR"},{"@type":"Organization","@id":"https:\/\/lda.be\/fr\/#organization","name":"LDA Belgium","url":"https:\/\/lda.be\/fr\/","logo":{"@type":"ImageObject","inLanguage":"fr-FR","@id":"https:\/\/lda.be\/fr\/#\/schema\/logo\/image\/","url":"https:\/\/lda.be\/wp-content\/uploads\/2022\/07\/Logo-LDA.webp","contentUrl":"https:\/\/lda.be\/wp-content\/uploads\/2022\/07\/Logo-LDA.webp","width":311,"height":101,"caption":"LDA Belgium"},"image":{"@id":"https:\/\/lda.be\/fr\/#\/schema\/logo\/image\/"},"sameAs":["https:\/\/www.linkedin.com\/company\/lda-belgium-nv"]}]}},"_links":{"self":[{"href":"https:\/\/lda.be\/fr\/wp-json\/wp\/v2\/product\/8783","targetHints":{"allow":["GET"]}}],"collection":[{"href":"https:\/\/lda.be\/fr\/wp-json\/wp\/v2\/product"}],"about":[{"href":"https:\/\/lda.be\/fr\/wp-json\/wp\/v2\/types\/product"}],"replies":[{"embeddable":true,"href":"https:\/\/lda.be\/fr\/wp-json\/wp\/v2\/comments?post=8783"}],"wp:featuredmedia":[{"embeddable":true,"href":"https:\/\/lda.be\/fr\/wp-json\/wp\/v2\/media\/14623"}],"wp:attachment":[{"href":"https:\/\/lda.be\/fr\/wp-json\/wp\/v2\/media?parent=8783"}],"wp:term":[{"taxonomy":"product_brand","embeddable":true,"href":"https:\/\/lda.be\/fr\/wp-json\/wp\/v2\/product_brand?post=8783"},{"taxonomy":"product_cat","embeddable":true,"href":"https:\/\/lda.be\/fr\/wp-json\/wp\/v2\/product_cat?post=8783"},{"taxonomy":"product_tag","embeddable":true,"href":"https:\/\/lda.be\/fr\/wp-json\/wp\/v2\/product_tag?post=8783"}],"curies":[{"name":"wp","href":"https:\/\/api.w.org\/{rel}","templated":true}]}}