{"id":8886,"date":"2025-06-23T08:31:23","date_gmt":"2025-06-23T07:31:23","guid":{"rendered":"https:\/\/lda.be\/?post_type=product&#038;p=8886"},"modified":"2025-06-23T08:39:59","modified_gmt":"2025-06-23T07:39:59","slug":"vanne-a-liquide","status":"publish","type":"product","link":"https:\/\/lda.be\/fr\/produit\/vanne-a-liquide\/","title":{"rendered":"Vanne \u00e0 liquide"},"content":{"rendered":"<p>La s\u00e9rie de vannes \u00e0 liquides MAC Valves a \u00e9t\u00e9 d\u00e9velopp\u00e9e pour un contr\u00f4le pr\u00e9cis et fiable des liquides et des gaz dans les applications industrielles. Bas\u00e9es sur la technologie \u00e9prouv\u00e9e Bullet Valve\u00ae, ces vannes associent une conception de cartouche compacte \u00e0 une commande pilote avanc\u00e9e. Gr\u00e2ce au tiroir coll\u00e9 et \u00e0 l&#8217;effet d&#8217;essuyage, ces vannes offrent une longue dur\u00e9e de vie, une vitesse de commutation \u00e9lev\u00e9e et un risque minimal d&#8217;encrassement ou de grippage.<\/p>\n<p>Les vannes \u00e0 liquides sont disponibles dans diff\u00e9rents mat\u00e9riaux tels que le bronze, l&#8217;acier inoxydable 316, le Delrin et, en option, des plastiques de qualit\u00e9 alimentaire. Les options \u00e9lastom\u00e8res comprennent le FFKM et le PEEK. La forme de la cartouche permet une int\u00e9gration facile dans les syst\u00e8mes en ligne ou \u00e0 collecteur et prend en charge les configurations sans vis pour un assemblage rapide.<\/p>\n<p>Les r\u00e9gulateurs de d\u00e9bit proportionnels (PFC), les vannes \u00e0 passage direct, les vannes \u00e0 simple et double membrane (s\u00e9par\u00e9es du fluide), les \u00e9lectrovannes en contact avec le fluide et les pompes doseuses pour liquides sont quelques-uns des produits de la famille des vannes pour liquides de MAC.<\/p>\n<p>Vous voulez savoir quelle vanne liquide est la mieux adapt\u00e9e \u00e0 votre syst\u00e8me ? Demandez un devis d\u00e8s aujourd&#8217;hui et d\u00e9couvrez comment ces solutions compactes et puissantes optimisent le contr\u00f4le des liquides et des gaz.<\/p>\n","protected":false},"excerpt":{"rendered":"<p>La s\u00e9rie de vannes \u00e0 liquides MAC Valves a \u00e9t\u00e9 d\u00e9velopp\u00e9e pour un contr\u00f4le pr\u00e9cis et fiable des liquides et des gaz dans les applications industrielles. Bas\u00e9es sur la technologie \u00e9prouv\u00e9e Bullet Valve\u00ae, ces vannes associent une conception de cartouche compacte \u00e0 une commande pilote avanc\u00e9e. Gr\u00e2ce au tiroir coll\u00e9 et \u00e0 l&#8217;effet d&#8217;essuyage, ces [&hellip;]<\/p>\n","protected":false},"featured_media":8844,"comment_status":"closed","ping_status":"closed","template":"","meta":[],"product_brand":[1257],"product_cat":[891,1561],"product_tag":[],"class_list":{"0":"post-8886","1":"product","2":"type-product","3":"status-publish","4":"has-post-thumbnail","6":"product_brand-mac","7":"product_cat-vannes-pour-fluides-et-gaz","8":"product_cat-vannes-a-liquide","10":"first","11":"instock","12":"shipping-taxable","13":"product-type-simple"},"yoast_head":"<!-- This site is optimized with the Yoast SEO plugin v27.3 - https:\/\/yoast.com\/product\/yoast-seo-wordpress\/ -->\n<title>Vanne \u00e0 liquide - LDA Belgique<\/title>\n<meta name=\"description\" content=\"MAC Valves Liquid Bullet Valve\u00ae s\u00e9rie de vannes \u00e0 cartouche \u00e0 2 et 3 voies pour le contr\u00f4le des liquides et des gaz, membrane ou sans membrane.\" \/>\n<meta name=\"robots\" content=\"index, follow, max-snippet:-1, max-image-preview:large, max-video-preview:-1\" \/>\n<link rel=\"canonical\" href=\"https:\/\/lda.be\/fr\/produit\/vanne-a-liquide\/\" \/>\n<meta property=\"og:locale\" content=\"fr_FR\" \/>\n<meta property=\"og:type\" content=\"article\" \/>\n<meta property=\"og:title\" content=\"Vanne \u00e0 liquide - LDA Belgique\" \/>\n<meta property=\"og:description\" content=\"MAC Valves Liquid Bullet Valve\u00ae s\u00e9rie de vannes \u00e0 cartouche \u00e0 2 et 3 voies pour le contr\u00f4le des liquides et des gaz, membrane ou sans membrane.\" \/>\n<meta property=\"og:url\" content=\"https:\/\/lda.be\/fr\/produit\/vanne-a-liquide\/\" \/>\n<meta property=\"og:site_name\" content=\"LDA Belgique\" \/>\n<meta property=\"article:modified_time\" content=\"2025-06-23T07:39:59+00:00\" \/>\n<meta property=\"og:image\" content=\"https:\/\/lda.be\/wp-content\/uploads\/2025\/06\/LV-single.webp\" \/>\n\t<meta property=\"og:image:width\" content=\"800\" \/>\n\t<meta property=\"og:image:height\" content=\"800\" \/>\n\t<meta property=\"og:image:type\" content=\"image\/webp\" \/>\n<meta name=\"twitter:card\" content=\"summary_large_image\" \/>\n<meta name=\"twitter:label1\" content=\"Dur\u00e9e de lecture estim\u00e9e\" \/>\n\t<meta name=\"twitter:data1\" content=\"2 minutes\" \/>\n<script type=\"application\/ld+json\" class=\"yoast-schema-graph\">{\"@context\":\"https:\\\/\\\/schema.org\",\"@graph\":[{\"@type\":\"WebPage\",\"@id\":\"https:\\\/\\\/lda.be\\\/fr\\\/produit\\\/vanne-a-liquide\\\/\",\"url\":\"https:\\\/\\\/lda.be\\\/fr\\\/produit\\\/vanne-a-liquide\\\/\",\"name\":\"Vanne \u00e0 liquide - LDA Belgique\",\"isPartOf\":{\"@id\":\"https:\\\/\\\/lda.be\\\/fr\\\/#website\"},\"primaryImageOfPage\":{\"@id\":\"https:\\\/\\\/lda.be\\\/fr\\\/produit\\\/vanne-a-liquide\\\/#primaryimage\"},\"image\":{\"@id\":\"https:\\\/\\\/lda.be\\\/fr\\\/produit\\\/vanne-a-liquide\\\/#primaryimage\"},\"thumbnailUrl\":\"https:\\\/\\\/lda.be\\\/wp-content\\\/uploads\\\/2025\\\/06\\\/LV-single.webp\",\"datePublished\":\"2025-06-23T07:31:23+00:00\",\"dateModified\":\"2025-06-23T07:39:59+00:00\",\"description\":\"MAC Valves Liquid Bullet Valve\u00ae s\u00e9rie de vannes \u00e0 cartouche \u00e0 2 et 3 voies pour le contr\u00f4le des liquides et des gaz, membrane ou sans membrane.\",\"breadcrumb\":{\"@id\":\"https:\\\/\\\/lda.be\\\/fr\\\/produit\\\/vanne-a-liquide\\\/#breadcrumb\"},\"inLanguage\":\"fr-FR\",\"potentialAction\":[{\"@type\":\"ReadAction\",\"target\":[\"https:\\\/\\\/lda.be\\\/fr\\\/produit\\\/vanne-a-liquide\\\/\"]}]},{\"@type\":\"ImageObject\",\"inLanguage\":\"fr-FR\",\"@id\":\"https:\\\/\\\/lda.be\\\/fr\\\/produit\\\/vanne-a-liquide\\\/#primaryimage\",\"url\":\"https:\\\/\\\/lda.be\\\/wp-content\\\/uploads\\\/2025\\\/06\\\/LV-single.webp\",\"contentUrl\":\"https:\\\/\\\/lda.be\\\/wp-content\\\/uploads\\\/2025\\\/06\\\/LV-single.webp\",\"width\":800,\"height\":800,\"caption\":\"Liquid bullet valve MAC Valves\"},{\"@type\":\"BreadcrumbList\",\"@id\":\"https:\\\/\\\/lda.be\\\/fr\\\/produit\\\/vanne-a-liquide\\\/#breadcrumb\",\"itemListElement\":[{\"@type\":\"ListItem\",\"position\":1,\"name\":\"Accueil\",\"item\":\"https:\\\/\\\/lda.be\\\/fr\\\/\"},{\"@type\":\"ListItem\",\"position\":2,\"name\":\"Produits\",\"item\":\"https:\\\/\\\/lda.be\\\/fr\\\/produits\\\/\"},{\"@type\":\"ListItem\",\"position\":3,\"name\":\"Vanne \u00e0 liquide\"}]},{\"@type\":\"WebSite\",\"@id\":\"https:\\\/\\\/lda.be\\\/fr\\\/#website\",\"url\":\"https:\\\/\\\/lda.be\\\/fr\\\/\",\"name\":\"LDA Belgium\",\"description\":\"Solutions For Life\",\"publisher\":{\"@id\":\"https:\\\/\\\/lda.be\\\/fr\\\/#organization\"},\"potentialAction\":[{\"@type\":\"SearchAction\",\"target\":{\"@type\":\"EntryPoint\",\"urlTemplate\":\"https:\\\/\\\/lda.be\\\/fr\\\/?s={search_term_string}\"},\"query-input\":{\"@type\":\"PropertyValueSpecification\",\"valueRequired\":true,\"valueName\":\"search_term_string\"}}],\"inLanguage\":\"fr-FR\"},{\"@type\":\"Organization\",\"@id\":\"https:\\\/\\\/lda.be\\\/fr\\\/#organization\",\"name\":\"LDA Belgium\",\"url\":\"https:\\\/\\\/lda.be\\\/fr\\\/\",\"logo\":{\"@type\":\"ImageObject\",\"inLanguage\":\"fr-FR\",\"@id\":\"https:\\\/\\\/lda.be\\\/fr\\\/#\\\/schema\\\/logo\\\/image\\\/\",\"url\":\"https:\\\/\\\/lda.be\\\/wp-content\\\/uploads\\\/2022\\\/07\\\/Logo-LDA.webp\",\"contentUrl\":\"https:\\\/\\\/lda.be\\\/wp-content\\\/uploads\\\/2022\\\/07\\\/Logo-LDA.webp\",\"width\":311,\"height\":101,\"caption\":\"LDA Belgium\"},\"image\":{\"@id\":\"https:\\\/\\\/lda.be\\\/fr\\\/#\\\/schema\\\/logo\\\/image\\\/\"},\"sameAs\":[\"https:\\\/\\\/www.linkedin.com\\\/company\\\/lda-belgium-nv\"]}]}<\/script>\n<!-- \/ Yoast SEO plugin. -->","yoast_head_json":{"title":"Vanne \u00e0 liquide - LDA Belgique","description":"MAC Valves Liquid Bullet Valve\u00ae s\u00e9rie de vannes \u00e0 cartouche \u00e0 2 et 3 voies pour le contr\u00f4le des liquides et des gaz, membrane ou sans membrane.","robots":{"index":"index","follow":"follow","max-snippet":"max-snippet:-1","max-image-preview":"max-image-preview:large","max-video-preview":"max-video-preview:-1"},"canonical":"https:\/\/lda.be\/fr\/produit\/vanne-a-liquide\/","og_locale":"fr_FR","og_type":"article","og_title":"Vanne \u00e0 liquide - LDA Belgique","og_description":"MAC Valves Liquid Bullet Valve\u00ae s\u00e9rie de vannes \u00e0 cartouche \u00e0 2 et 3 voies pour le contr\u00f4le des liquides et des gaz, membrane ou sans membrane.","og_url":"https:\/\/lda.be\/fr\/produit\/vanne-a-liquide\/","og_site_name":"LDA Belgique","article_modified_time":"2025-06-23T07:39:59+00:00","og_image":[{"width":800,"height":800,"url":"https:\/\/lda.be\/wp-content\/uploads\/2025\/06\/LV-single.webp","type":"image\/webp"}],"twitter_card":"summary_large_image","twitter_misc":{"Dur\u00e9e de lecture estim\u00e9e":"2 minutes"},"schema":{"@context":"https:\/\/schema.org","@graph":[{"@type":"WebPage","@id":"https:\/\/lda.be\/fr\/produit\/vanne-a-liquide\/","url":"https:\/\/lda.be\/fr\/produit\/vanne-a-liquide\/","name":"Vanne \u00e0 liquide - LDA Belgique","isPartOf":{"@id":"https:\/\/lda.be\/fr\/#website"},"primaryImageOfPage":{"@id":"https:\/\/lda.be\/fr\/produit\/vanne-a-liquide\/#primaryimage"},"image":{"@id":"https:\/\/lda.be\/fr\/produit\/vanne-a-liquide\/#primaryimage"},"thumbnailUrl":"https:\/\/lda.be\/wp-content\/uploads\/2025\/06\/LV-single.webp","datePublished":"2025-06-23T07:31:23+00:00","dateModified":"2025-06-23T07:39:59+00:00","description":"MAC Valves Liquid Bullet Valve\u00ae s\u00e9rie de vannes \u00e0 cartouche \u00e0 2 et 3 voies pour le contr\u00f4le des liquides et des gaz, membrane ou sans membrane.","breadcrumb":{"@id":"https:\/\/lda.be\/fr\/produit\/vanne-a-liquide\/#breadcrumb"},"inLanguage":"fr-FR","potentialAction":[{"@type":"ReadAction","target":["https:\/\/lda.be\/fr\/produit\/vanne-a-liquide\/"]}]},{"@type":"ImageObject","inLanguage":"fr-FR","@id":"https:\/\/lda.be\/fr\/produit\/vanne-a-liquide\/#primaryimage","url":"https:\/\/lda.be\/wp-content\/uploads\/2025\/06\/LV-single.webp","contentUrl":"https:\/\/lda.be\/wp-content\/uploads\/2025\/06\/LV-single.webp","width":800,"height":800,"caption":"Liquid bullet valve MAC Valves"},{"@type":"BreadcrumbList","@id":"https:\/\/lda.be\/fr\/produit\/vanne-a-liquide\/#breadcrumb","itemListElement":[{"@type":"ListItem","position":1,"name":"Accueil","item":"https:\/\/lda.be\/fr\/"},{"@type":"ListItem","position":2,"name":"Produits","item":"https:\/\/lda.be\/fr\/produits\/"},{"@type":"ListItem","position":3,"name":"Vanne \u00e0 liquide"}]},{"@type":"WebSite","@id":"https:\/\/lda.be\/fr\/#website","url":"https:\/\/lda.be\/fr\/","name":"LDA Belgium","description":"Solutions For Life","publisher":{"@id":"https:\/\/lda.be\/fr\/#organization"},"potentialAction":[{"@type":"SearchAction","target":{"@type":"EntryPoint","urlTemplate":"https:\/\/lda.be\/fr\/?s={search_term_string}"},"query-input":{"@type":"PropertyValueSpecification","valueRequired":true,"valueName":"search_term_string"}}],"inLanguage":"fr-FR"},{"@type":"Organization","@id":"https:\/\/lda.be\/fr\/#organization","name":"LDA Belgium","url":"https:\/\/lda.be\/fr\/","logo":{"@type":"ImageObject","inLanguage":"fr-FR","@id":"https:\/\/lda.be\/fr\/#\/schema\/logo\/image\/","url":"https:\/\/lda.be\/wp-content\/uploads\/2022\/07\/Logo-LDA.webp","contentUrl":"https:\/\/lda.be\/wp-content\/uploads\/2022\/07\/Logo-LDA.webp","width":311,"height":101,"caption":"LDA Belgium"},"image":{"@id":"https:\/\/lda.be\/fr\/#\/schema\/logo\/image\/"},"sameAs":["https:\/\/www.linkedin.com\/company\/lda-belgium-nv"]}]}},"_links":{"self":[{"href":"https:\/\/lda.be\/fr\/wp-json\/wp\/v2\/product\/8886","targetHints":{"allow":["GET"]}}],"collection":[{"href":"https:\/\/lda.be\/fr\/wp-json\/wp\/v2\/product"}],"about":[{"href":"https:\/\/lda.be\/fr\/wp-json\/wp\/v2\/types\/product"}],"replies":[{"embeddable":true,"href":"https:\/\/lda.be\/fr\/wp-json\/wp\/v2\/comments?post=8886"}],"wp:featuredmedia":[{"embeddable":true,"href":"https:\/\/lda.be\/fr\/wp-json\/wp\/v2\/media\/8844"}],"wp:attachment":[{"href":"https:\/\/lda.be\/fr\/wp-json\/wp\/v2\/media?parent=8886"}],"wp:term":[{"taxonomy":"product_brand","embeddable":true,"href":"https:\/\/lda.be\/fr\/wp-json\/wp\/v2\/product_brand?post=8886"},{"taxonomy":"product_cat","embeddable":true,"href":"https:\/\/lda.be\/fr\/wp-json\/wp\/v2\/product_cat?post=8886"},{"taxonomy":"product_tag","embeddable":true,"href":"https:\/\/lda.be\/fr\/wp-json\/wp\/v2\/product_tag?post=8886"}],"curies":[{"name":"wp","href":"https:\/\/api.w.org\/{rel}","templated":true}]}}