{"id":8923,"date":"2025-06-23T10:41:45","date_gmt":"2025-06-23T09:41:45","guid":{"rendered":"https:\/\/lda.be\/?post_type=product&#038;p=8923"},"modified":"2026-01-28T17:31:39","modified_gmt":"2026-01-28T16:31:39","slug":"vannes-de-delolmatage","status":"publish","type":"product","link":"https:\/\/lda.be\/fr\/produit\/vannes-de-delolmatage\/","title":{"rendered":"MAC PV07 S\u00e9rie \u00e9lectrovanne 2\/2, 1\u00bd\u201d, 70.000Nl\/min"},"content":{"rendered":"<p><strong>La s\u00e9rie MAC PV07<\/strong> est sp\u00e9cialement con\u00e7ue pour remplacer directement les technologies d\u2019\u00e9lectrovannes \u00e0 impulsion existantes. La solution MAC Valves int\u00e8gre une conception avec tiroir \u00e0 grande dur\u00e9e de vie, diff\u00e9rent de la technologie \u00e0 diaphragme conventionnelle. De plus, MAC Valves utilise une vanne pilote \u00e9quilibr\u00e9e \u00e0 la pression qui prot\u00e8ge efficacement la bobine de toute contamination en suspension dans l\u2019air. Ces vannes sont disponibles avec des configurations de pilote \u00e0 bobine int\u00e9gr\u00e9e et \u00e0 pilotage pneumatique.<\/p>\n<p><strong>Installation directe\u00a0:<\/strong> Les \u00e9lectrovannes \u00e0 impulsion sont propos\u00e9es avec diff\u00e9rentes plaques d\u2019adaptations. Ces plaques permettent de remplacer les \u00e9lectrovannes \u00e0 membrane par la technologie de tiroir \u00e9quilibr\u00e9 MAC Valves, sans n\u00e9cessiter de modifications du syst\u00e8me. De plus, la configuration \u00e0 commande pneumatique MAC Valves est compatible avec les installations de pilotes situ\u00e9es \u00e0 distance de la vanne.<\/p>\n<p><strong>Compatibilit\u00e9 avec les environnements difficiles\u00a0:<\/strong> Les caract\u00e9ristiques standard de ces \u00e9lectrovannes sont : un corps en aluminium moul\u00e9 sous pression, des joints Viton\u00ae et un pilote prot\u00e9g\u00e9 de l\u2019environnement ext\u00e9rieur. Ces mat\u00e9riaux offrent une large plage de temp\u00e9ratures de fonctionnement ainsi que des hautes capacit\u00e9s de r\u00e9sistance chimique.<\/p>\n<p><strong>Maintenance\u00a0:<\/strong> Les \u00e9lectrovannes \u00e0 impulsion MAC Valves offrent un co\u00fbt de production r\u00e9duit en minimisant les temps d\u2019arr\u00eats gr\u00e2ce \u00e0 sa grande fiabilit\u00e9. De plus, lorsque cela est n\u00e9cessaire l\u2019entretien est simplifi\u00e9 gr\u00e2ce aux kits de r\u00e9parations disponibles.<\/p>\n<p><strong>La plus efficace et la plus durable des \u00e9lectrovannes \u00e0 impulsion actuellement disponible sur le march\u00e9.<\/strong><\/p>\n","protected":false},"excerpt":{"rendered":"<p>La s\u00e9rie MAC PV07 est sp\u00e9cialement con\u00e7ue pour remplacer directement les technologies d\u2019\u00e9lectrovannes \u00e0 impulsion existantes. La solution MAC Valves int\u00e8gre une conception avec tiroir \u00e0 grande dur\u00e9e de vie, diff\u00e9rent de la technologie \u00e0 diaphragme conventionnelle. De plus, MAC Valves utilise une vanne pilote \u00e9quilibr\u00e9e \u00e0 la pression qui prot\u00e8ge efficacement la bobine de [&hellip;]<\/p>\n","protected":false},"featured_media":15205,"comment_status":"closed","ping_status":"closed","template":"","meta":[],"product_brand":[1257,1280],"product_cat":[996,1118,1150],"product_tag":[],"class_list":{"0":"post-8923","1":"product","2":"type-product","3":"status-publish","4":"has-post-thumbnail","6":"product_brand-mac","7":"product_brand-pv","8":"product_cat-pneumatique","9":"product_cat-vannes-pneumatique","10":"product_cat-vanne-de-decolmatage","12":"first","13":"instock","14":"shipping-taxable","15":"product-type-simple"},"yoast_head":"<!-- This site is optimized with the Yoast SEO plugin v27.3 - https:\/\/yoast.com\/product\/yoast-seo-wordpress\/ -->\n<title>MAC PV07 S\u00e9rie \u00e9lectrovanne 2\/2, 1\u00bd\u201d, 70.000Nl\/min - LDA Belgique<\/title>\n<meta name=\"description\" content=\"MAC Valves Pulse Valve PV07 Valve \u00e0 cartouche 2 voies 1&quot; NPT\/BSP avec une solution \u00e0 haut d\u00e9bit pour l&#039;air puls\u00e9 et l&#039;extraction de poussi\u00e8re.\" \/>\n<meta name=\"robots\" content=\"index, follow, max-snippet:-1, max-image-preview:large, max-video-preview:-1\" \/>\n<link rel=\"canonical\" href=\"https:\/\/lda.be\/fr\/produit\/vannes-de-delolmatage\/\" \/>\n<meta property=\"og:locale\" content=\"fr_FR\" \/>\n<meta property=\"og:type\" content=\"article\" \/>\n<meta property=\"og:title\" content=\"MAC PV07 S\u00e9rie \u00e9lectrovanne 2\/2, 1\u00bd\u201d, 70.000Nl\/min - LDA Belgique\" \/>\n<meta property=\"og:description\" content=\"MAC Valves Pulse Valve PV07 Valve \u00e0 cartouche 2 voies 1&quot; NPT\/BSP avec une solution \u00e0 haut d\u00e9bit pour l&#039;air puls\u00e9 et l&#039;extraction de poussi\u00e8re.\" \/>\n<meta property=\"og:url\" content=\"https:\/\/lda.be\/fr\/produit\/vannes-de-delolmatage\/\" \/>\n<meta property=\"og:site_name\" content=\"LDA Belgique\" \/>\n<meta property=\"article:modified_time\" content=\"2026-01-28T16:31:39+00:00\" \/>\n<meta property=\"og:image\" content=\"https:\/\/lda.be\/wp-content\/uploads\/2026\/01\/PV07_2-\u25a01440.webp\" \/>\n\t<meta property=\"og:image:width\" content=\"1440\" \/>\n\t<meta property=\"og:image:height\" content=\"1440\" \/>\n\t<meta property=\"og:image:type\" content=\"image\/webp\" \/>\n<meta name=\"twitter:card\" content=\"summary_large_image\" \/>\n<meta name=\"twitter:label1\" content=\"Dur\u00e9e de lecture estim\u00e9e\" \/>\n\t<meta name=\"twitter:data1\" content=\"2 minutes\" \/>\n<script type=\"application\/ld+json\" class=\"yoast-schema-graph\">{\"@context\":\"https:\\\/\\\/schema.org\",\"@graph\":[{\"@type\":\"WebPage\",\"@id\":\"https:\\\/\\\/lda.be\\\/fr\\\/produit\\\/vannes-de-delolmatage\\\/\",\"url\":\"https:\\\/\\\/lda.be\\\/fr\\\/produit\\\/vannes-de-delolmatage\\\/\",\"name\":\"MAC PV07 S\u00e9rie \u00e9lectrovanne 2\\\/2, 1\u00bd\u201d, 70.000Nl\\\/min - LDA Belgique\",\"isPartOf\":{\"@id\":\"https:\\\/\\\/lda.be\\\/fr\\\/#website\"},\"primaryImageOfPage\":{\"@id\":\"https:\\\/\\\/lda.be\\\/fr\\\/produit\\\/vannes-de-delolmatage\\\/#primaryimage\"},\"image\":{\"@id\":\"https:\\\/\\\/lda.be\\\/fr\\\/produit\\\/vannes-de-delolmatage\\\/#primaryimage\"},\"thumbnailUrl\":\"https:\\\/\\\/lda.be\\\/wp-content\\\/uploads\\\/2026\\\/01\\\/PV07_2-\u25a01440.webp\",\"datePublished\":\"2025-06-23T09:41:45+00:00\",\"dateModified\":\"2026-01-28T16:31:39+00:00\",\"description\":\"MAC Valves Pulse Valve PV07 Valve \u00e0 cartouche 2 voies 1\\\" NPT\\\/BSP avec une solution \u00e0 haut d\u00e9bit pour l'air puls\u00e9 et l'extraction de poussi\u00e8re.\",\"breadcrumb\":{\"@id\":\"https:\\\/\\\/lda.be\\\/fr\\\/produit\\\/vannes-de-delolmatage\\\/#breadcrumb\"},\"inLanguage\":\"fr-FR\",\"potentialAction\":[{\"@type\":\"ReadAction\",\"target\":[\"https:\\\/\\\/lda.be\\\/fr\\\/produit\\\/vannes-de-delolmatage\\\/\"]}]},{\"@type\":\"ImageObject\",\"inLanguage\":\"fr-FR\",\"@id\":\"https:\\\/\\\/lda.be\\\/fr\\\/produit\\\/vannes-de-delolmatage\\\/#primaryimage\",\"url\":\"https:\\\/\\\/lda.be\\\/wp-content\\\/uploads\\\/2026\\\/01\\\/PV07_2-\u25a01440.webp\",\"contentUrl\":\"https:\\\/\\\/lda.be\\\/wp-content\\\/uploads\\\/2026\\\/01\\\/PV07_2-\u25a01440.webp\",\"width\":1440,\"height\":1440},{\"@type\":\"BreadcrumbList\",\"@id\":\"https:\\\/\\\/lda.be\\\/fr\\\/produit\\\/vannes-de-delolmatage\\\/#breadcrumb\",\"itemListElement\":[{\"@type\":\"ListItem\",\"position\":1,\"name\":\"Accueil\",\"item\":\"https:\\\/\\\/lda.be\\\/fr\\\/\"},{\"@type\":\"ListItem\",\"position\":2,\"name\":\"Produits\",\"item\":\"https:\\\/\\\/lda.be\\\/fr\\\/produits\\\/\"},{\"@type\":\"ListItem\",\"position\":3,\"name\":\"MAC PV07 S\u00e9rie \u00e9lectrovanne 2\\\/2, 1\u00bd\u201d, 70.000Nl\\\/min\"}]},{\"@type\":\"WebSite\",\"@id\":\"https:\\\/\\\/lda.be\\\/fr\\\/#website\",\"url\":\"https:\\\/\\\/lda.be\\\/fr\\\/\",\"name\":\"LDA Belgium\",\"description\":\"Solutions For Life\",\"publisher\":{\"@id\":\"https:\\\/\\\/lda.be\\\/fr\\\/#organization\"},\"potentialAction\":[{\"@type\":\"SearchAction\",\"target\":{\"@type\":\"EntryPoint\",\"urlTemplate\":\"https:\\\/\\\/lda.be\\\/fr\\\/?s={search_term_string}\"},\"query-input\":{\"@type\":\"PropertyValueSpecification\",\"valueRequired\":true,\"valueName\":\"search_term_string\"}}],\"inLanguage\":\"fr-FR\"},{\"@type\":\"Organization\",\"@id\":\"https:\\\/\\\/lda.be\\\/fr\\\/#organization\",\"name\":\"LDA Belgium\",\"url\":\"https:\\\/\\\/lda.be\\\/fr\\\/\",\"logo\":{\"@type\":\"ImageObject\",\"inLanguage\":\"fr-FR\",\"@id\":\"https:\\\/\\\/lda.be\\\/fr\\\/#\\\/schema\\\/logo\\\/image\\\/\",\"url\":\"https:\\\/\\\/lda.be\\\/wp-content\\\/uploads\\\/2022\\\/07\\\/Logo-LDA.webp\",\"contentUrl\":\"https:\\\/\\\/lda.be\\\/wp-content\\\/uploads\\\/2022\\\/07\\\/Logo-LDA.webp\",\"width\":311,\"height\":101,\"caption\":\"LDA Belgium\"},\"image\":{\"@id\":\"https:\\\/\\\/lda.be\\\/fr\\\/#\\\/schema\\\/logo\\\/image\\\/\"},\"sameAs\":[\"https:\\\/\\\/www.linkedin.com\\\/company\\\/lda-belgium-nv\"]}]}<\/script>\n<!-- \/ Yoast SEO plugin. -->","yoast_head_json":{"title":"MAC PV07 S\u00e9rie \u00e9lectrovanne 2\/2, 1\u00bd\u201d, 70.000Nl\/min - LDA Belgique","description":"MAC Valves Pulse Valve PV07 Valve \u00e0 cartouche 2 voies 1\" NPT\/BSP avec une solution \u00e0 haut d\u00e9bit pour l'air puls\u00e9 et l'extraction de poussi\u00e8re.","robots":{"index":"index","follow":"follow","max-snippet":"max-snippet:-1","max-image-preview":"max-image-preview:large","max-video-preview":"max-video-preview:-1"},"canonical":"https:\/\/lda.be\/fr\/produit\/vannes-de-delolmatage\/","og_locale":"fr_FR","og_type":"article","og_title":"MAC PV07 S\u00e9rie \u00e9lectrovanne 2\/2, 1\u00bd\u201d, 70.000Nl\/min - LDA Belgique","og_description":"MAC Valves Pulse Valve PV07 Valve \u00e0 cartouche 2 voies 1\" NPT\/BSP avec une solution \u00e0 haut d\u00e9bit pour l'air puls\u00e9 et l'extraction de poussi\u00e8re.","og_url":"https:\/\/lda.be\/fr\/produit\/vannes-de-delolmatage\/","og_site_name":"LDA Belgique","article_modified_time":"2026-01-28T16:31:39+00:00","og_image":[{"width":1440,"height":1440,"url":"https:\/\/lda.be\/wp-content\/uploads\/2026\/01\/PV07_2-\u25a01440.webp","type":"image\/webp"}],"twitter_card":"summary_large_image","twitter_misc":{"Dur\u00e9e de lecture estim\u00e9e":"2 minutes"},"schema":{"@context":"https:\/\/schema.org","@graph":[{"@type":"WebPage","@id":"https:\/\/lda.be\/fr\/produit\/vannes-de-delolmatage\/","url":"https:\/\/lda.be\/fr\/produit\/vannes-de-delolmatage\/","name":"MAC PV07 S\u00e9rie \u00e9lectrovanne 2\/2, 1\u00bd\u201d, 70.000Nl\/min - LDA Belgique","isPartOf":{"@id":"https:\/\/lda.be\/fr\/#website"},"primaryImageOfPage":{"@id":"https:\/\/lda.be\/fr\/produit\/vannes-de-delolmatage\/#primaryimage"},"image":{"@id":"https:\/\/lda.be\/fr\/produit\/vannes-de-delolmatage\/#primaryimage"},"thumbnailUrl":"https:\/\/lda.be\/wp-content\/uploads\/2026\/01\/PV07_2-\u25a01440.webp","datePublished":"2025-06-23T09:41:45+00:00","dateModified":"2026-01-28T16:31:39+00:00","description":"MAC Valves Pulse Valve PV07 Valve \u00e0 cartouche 2 voies 1\" NPT\/BSP avec une solution \u00e0 haut d\u00e9bit pour l'air puls\u00e9 et l'extraction de poussi\u00e8re.","breadcrumb":{"@id":"https:\/\/lda.be\/fr\/produit\/vannes-de-delolmatage\/#breadcrumb"},"inLanguage":"fr-FR","potentialAction":[{"@type":"ReadAction","target":["https:\/\/lda.be\/fr\/produit\/vannes-de-delolmatage\/"]}]},{"@type":"ImageObject","inLanguage":"fr-FR","@id":"https:\/\/lda.be\/fr\/produit\/vannes-de-delolmatage\/#primaryimage","url":"https:\/\/lda.be\/wp-content\/uploads\/2026\/01\/PV07_2-\u25a01440.webp","contentUrl":"https:\/\/lda.be\/wp-content\/uploads\/2026\/01\/PV07_2-\u25a01440.webp","width":1440,"height":1440},{"@type":"BreadcrumbList","@id":"https:\/\/lda.be\/fr\/produit\/vannes-de-delolmatage\/#breadcrumb","itemListElement":[{"@type":"ListItem","position":1,"name":"Accueil","item":"https:\/\/lda.be\/fr\/"},{"@type":"ListItem","position":2,"name":"Produits","item":"https:\/\/lda.be\/fr\/produits\/"},{"@type":"ListItem","position":3,"name":"MAC PV07 S\u00e9rie \u00e9lectrovanne 2\/2, 1\u00bd\u201d, 70.000Nl\/min"}]},{"@type":"WebSite","@id":"https:\/\/lda.be\/fr\/#website","url":"https:\/\/lda.be\/fr\/","name":"LDA Belgium","description":"Solutions For Life","publisher":{"@id":"https:\/\/lda.be\/fr\/#organization"},"potentialAction":[{"@type":"SearchAction","target":{"@type":"EntryPoint","urlTemplate":"https:\/\/lda.be\/fr\/?s={search_term_string}"},"query-input":{"@type":"PropertyValueSpecification","valueRequired":true,"valueName":"search_term_string"}}],"inLanguage":"fr-FR"},{"@type":"Organization","@id":"https:\/\/lda.be\/fr\/#organization","name":"LDA Belgium","url":"https:\/\/lda.be\/fr\/","logo":{"@type":"ImageObject","inLanguage":"fr-FR","@id":"https:\/\/lda.be\/fr\/#\/schema\/logo\/image\/","url":"https:\/\/lda.be\/wp-content\/uploads\/2022\/07\/Logo-LDA.webp","contentUrl":"https:\/\/lda.be\/wp-content\/uploads\/2022\/07\/Logo-LDA.webp","width":311,"height":101,"caption":"LDA Belgium"},"image":{"@id":"https:\/\/lda.be\/fr\/#\/schema\/logo\/image\/"},"sameAs":["https:\/\/www.linkedin.com\/company\/lda-belgium-nv"]}]}},"_links":{"self":[{"href":"https:\/\/lda.be\/fr\/wp-json\/wp\/v2\/product\/8923","targetHints":{"allow":["GET"]}}],"collection":[{"href":"https:\/\/lda.be\/fr\/wp-json\/wp\/v2\/product"}],"about":[{"href":"https:\/\/lda.be\/fr\/wp-json\/wp\/v2\/types\/product"}],"replies":[{"embeddable":true,"href":"https:\/\/lda.be\/fr\/wp-json\/wp\/v2\/comments?post=8923"}],"wp:featuredmedia":[{"embeddable":true,"href":"https:\/\/lda.be\/fr\/wp-json\/wp\/v2\/media\/15205"}],"wp:attachment":[{"href":"https:\/\/lda.be\/fr\/wp-json\/wp\/v2\/media?parent=8923"}],"wp:term":[{"taxonomy":"product_brand","embeddable":true,"href":"https:\/\/lda.be\/fr\/wp-json\/wp\/v2\/product_brand?post=8923"},{"taxonomy":"product_cat","embeddable":true,"href":"https:\/\/lda.be\/fr\/wp-json\/wp\/v2\/product_cat?post=8923"},{"taxonomy":"product_tag","embeddable":true,"href":"https:\/\/lda.be\/fr\/wp-json\/wp\/v2\/product_tag?post=8923"}],"curies":[{"name":"wp","href":"https:\/\/api.w.org\/{rel}","templated":true}]}}