{"id":8988,"date":"2025-06-24T14:27:06","date_gmt":"2025-06-24T13:27:06","guid":{"rendered":"https:\/\/lda.be\/?post_type=product&#038;p=8988"},"modified":"2026-03-25T14:59:24","modified_gmt":"2026-03-25T13:59:24","slug":"mi-o-67-bus-de-terrain","status":"publish","type":"product","link":"https:\/\/lda.be\/fr\/produit\/mi-o-67-bus-de-terrain\/","title":{"rendered":"MAC MI\/O 67 Contr\u00f4leur de bus de terrain"},"content":{"rendered":"<p><strong>Contr\u00f4leur de bus de terrain MAC MI\/O 67<\/strong><\/p>\n<p>Le bus de terrain MAC Valves MI\/O 67 est un module de bus de terrain intelligemment con\u00e7u qui fait \u00e9voluer la technologie bien connue des vannes pneumatiques MAC vers l&#8217;industrie 4.0.<br \/>\nEn int\u00e9grant les embases MAConnect\u00ae existantes \u00e0 un module de protocole (EtherNet\/IP, EtherCAT, Profinet, PowerLink, I\/O Link ou Modbus\/TCP), la logique de commande et l&#8217;alimentation sont toutes deux contr\u00f4l\u00e9es via une connexion standardis\u00e9e. Cela permet de cr\u00e9er un syst\u00e8me compact et \u00e9pur\u00e9 avec un minimum de c\u00e2blage et une modularit\u00e9 maximale. Vous trouverez ci-dessous quelques-unes des caract\u00e9ristiques g\u00e9n\u00e9rales de la plateforme.<\/p>\n<p><strong>Module de communication MI\/O-67\u00ae<\/strong><\/p>\n<p>Le module de communication est le c\u0153ur de la plateforme MI\/O-67\u00ae et constitue le module minimum requis pour la mise en \u0153uvre d&#8217;une solution de bus de terrain. Six protocoles sont disponibles\u00a0:<\/p>\n<ol>\n<li>EtherNet\/IP\u00ae<\/li>\n<li>EtherCAT\u00ae<\/li>\n<li>POWERLINK\u00ae<\/li>\n<li>PROFINET\u00ae<\/li>\n<li>Modbus\/TCP\u00ae<\/li>\n<li>I\/O Link<\/li>\n<\/ol>\n<p>Chaque module de communication peut contr\u00f4ler jusqu&#8217;\u00e0 32 \u00e9lectrovannes (32 simples ou 16 doubles au maximum, ou une combinaison des deux jusqu&#8217;\u00e0 un maximum de 32).<br \/>\nLe module peut fournir un courant maximal de 8 A (0,5 A maximum par canal) \u00e0 l\u2019embase MAConnect\u00ae.<br \/>\nVous pouvez connecter jusqu&#8217;\u00e0 12 modules d&#8217;extension suppl\u00e9mentaires \u00e0 chaque module de communication et r\u00e9partir les 8 A entre ces modules.<br \/>\nTous les modules MI\/O-67\u00ae fonctionnent en 24 V CC. Le n\u0153ud est connect\u00e9 \u00e0 l\u2019embase MAConnect\u00ae via un adaptateur sp\u00e9cifique \u00e0 la s\u00e9rie de vanne concern\u00e9.<br \/>\nLe module de communication est disponible avec un connecteur d&#8217;alimentation mini-jack 4 broches 7\/8&#8243; et un connecteur mini-jack 5 broches 7\/8&#8243;. Il dispose de deux ports Ethernet M12 pour la communication avec d&#8217;autres p\u00e9riph\u00e9riques r\u00e9seau. Pour des raisons d&#8217;isolation, l&#8217;alimentation de la vanne est s\u00e9par\u00e9e via un connecteur distinct de celle de l&#8217;\u00e9lectronique\u00a0; les deux peuvent supporter un courant maximal de 8 A.<\/p>\n<p><strong>Modules d&#8217;extension disponibles :<\/strong><\/p>\n<ul>\n<li>Module d&#8217; I\/O num\u00e9riques MI\/O-67\u00ae : configurable en 16 sorties et 16 entr\u00e9es, ou en 8 entr\u00e9es et 8 sorties.<\/li>\n<li>Module d&#8217; I\/O analogiques MI\/O-67\u00ae : courant (4-20 mA) ou tension (0-10 V CC)<\/li>\n<li>Module PowerPlus\u2122 MI\/O-67\u00ae : 12 points de sortie suppl\u00e9mentaires \u00e0 0,5 A par canal.<\/li>\n<\/ul>\n<p><strong>S\u00e9rie MAConnect\u00ae MI\/O-67\u00ae<\/strong><\/p>\n<p>Trois adaptateurs de la s\u00e9rie MAConnect\u00ae sont disponibles :<\/p>\n<ul>\n<li>Serie 36 \u2013 300Nl max. 3 voies<\/li>\n<li>Serie 46 \u2013 300Nl max. 4 voies<\/li>\n<li>Serie 42 \u2013 400Nl max. 5 voies<\/li>\n<li>Serie 92 \u2013 1200Nl max. 5 voies<\/li>\n<\/ul>\n","protected":false},"excerpt":{"rendered":"<p>Contr\u00f4leur de bus de terrain MAC MI\/O 67 Le bus de terrain MAC Valves MI\/O 67 est un module de bus de terrain intelligemment con\u00e7u qui fait \u00e9voluer la technologie bien connue des vannes pneumatiques MAC vers l&#8217;industrie 4.0. En int\u00e9grant les embases MAConnect\u00ae existantes \u00e0 un module de protocole (EtherNet\/IP, EtherCAT, Profinet, PowerLink, I\/O [&hellip;]<\/p>\n","protected":false},"featured_media":16071,"comment_status":"closed","ping_status":"closed","template":"","meta":[],"product_brand":[1257,1282],"product_cat":[996,1118,1128],"product_tag":[],"class_list":{"0":"post-8988","1":"product","2":"type-product","3":"status-publish","4":"has-post-thumbnail","6":"product_brand-mac","7":"product_brand-mio-fieldbus","8":"product_cat-pneumatique","9":"product_cat-vannes-pneumatique","10":"product_cat-bus-de-terrain","12":"first","13":"instock","14":"shipping-taxable","15":"product-type-simple"},"yoast_head":"<!-- This site is optimized with the Yoast SEO plugin v27.3 - https:\/\/yoast.com\/product\/yoast-seo-wordpress\/ -->\n<title>MAC MI\/O 67 Contr\u00f4leur de bus de terrain - LDA Belgique<\/title>\n<meta name=\"description\" content=\"MAC Valves MI\/O-67 Fieldbus Platform contr\u00f4le les vannes MAConnect\u00ae via EtherNet\/IP, EtherCAT, Profinet, PowerLink ou Modbus\/TCP, IP67.\" \/>\n<meta name=\"robots\" content=\"index, follow, max-snippet:-1, max-image-preview:large, max-video-preview:-1\" \/>\n<link rel=\"canonical\" href=\"https:\/\/lda.be\/fr\/produit\/mi-o-67-bus-de-terrain\/\" \/>\n<meta property=\"og:locale\" content=\"fr_FR\" \/>\n<meta property=\"og:type\" content=\"article\" \/>\n<meta property=\"og:title\" content=\"MAC MI\/O 67 Contr\u00f4leur de bus de terrain - LDA Belgique\" \/>\n<meta property=\"og:description\" content=\"MAC Valves MI\/O-67 Fieldbus Platform contr\u00f4le les vannes MAConnect\u00ae via EtherNet\/IP, EtherCAT, Profinet, PowerLink ou Modbus\/TCP, IP67.\" \/>\n<meta property=\"og:url\" content=\"https:\/\/lda.be\/fr\/produit\/mi-o-67-bus-de-terrain\/\" \/>\n<meta property=\"og:site_name\" content=\"LDA Belgique\" \/>\n<meta property=\"article:modified_time\" content=\"2026-03-25T13:59:24+00:00\" \/>\n<meta property=\"og:image\" content=\"https:\/\/lda.be\/wp-content\/uploads\/2026\/03\/MIO67-Assy-\u25a01440.webp\" \/>\n\t<meta property=\"og:image:width\" content=\"1440\" \/>\n\t<meta property=\"og:image:height\" content=\"1440\" \/>\n\t<meta property=\"og:image:type\" content=\"image\/webp\" \/>\n<meta name=\"twitter:card\" content=\"summary_large_image\" \/>\n<meta name=\"twitter:label1\" content=\"Dur\u00e9e de lecture estim\u00e9e\" \/>\n\t<meta name=\"twitter:data1\" content=\"3 minutes\" \/>\n<script type=\"application\/ld+json\" class=\"yoast-schema-graph\">{\"@context\":\"https:\\\/\\\/schema.org\",\"@graph\":[{\"@type\":\"WebPage\",\"@id\":\"https:\\\/\\\/lda.be\\\/fr\\\/produit\\\/mi-o-67-bus-de-terrain\\\/\",\"url\":\"https:\\\/\\\/lda.be\\\/fr\\\/produit\\\/mi-o-67-bus-de-terrain\\\/\",\"name\":\"MAC MI\\\/O 67 Contr\u00f4leur de bus de terrain - LDA Belgique\",\"isPartOf\":{\"@id\":\"https:\\\/\\\/lda.be\\\/fr\\\/#website\"},\"primaryImageOfPage\":{\"@id\":\"https:\\\/\\\/lda.be\\\/fr\\\/produit\\\/mi-o-67-bus-de-terrain\\\/#primaryimage\"},\"image\":{\"@id\":\"https:\\\/\\\/lda.be\\\/fr\\\/produit\\\/mi-o-67-bus-de-terrain\\\/#primaryimage\"},\"thumbnailUrl\":\"https:\\\/\\\/lda.be\\\/wp-content\\\/uploads\\\/2026\\\/03\\\/MIO67-Assy-\u25a01440.webp\",\"datePublished\":\"2025-06-24T13:27:06+00:00\",\"dateModified\":\"2026-03-25T13:59:24+00:00\",\"description\":\"MAC Valves MI\\\/O-67 Fieldbus Platform contr\u00f4le les vannes MAConnect\u00ae via EtherNet\\\/IP, EtherCAT, Profinet, PowerLink ou Modbus\\\/TCP, IP67.\",\"breadcrumb\":{\"@id\":\"https:\\\/\\\/lda.be\\\/fr\\\/produit\\\/mi-o-67-bus-de-terrain\\\/#breadcrumb\"},\"inLanguage\":\"fr-FR\",\"potentialAction\":[{\"@type\":\"ReadAction\",\"target\":[\"https:\\\/\\\/lda.be\\\/fr\\\/produit\\\/mi-o-67-bus-de-terrain\\\/\"]}]},{\"@type\":\"ImageObject\",\"inLanguage\":\"fr-FR\",\"@id\":\"https:\\\/\\\/lda.be\\\/fr\\\/produit\\\/mi-o-67-bus-de-terrain\\\/#primaryimage\",\"url\":\"https:\\\/\\\/lda.be\\\/wp-content\\\/uploads\\\/2026\\\/03\\\/MIO67-Assy-\u25a01440.webp\",\"contentUrl\":\"https:\\\/\\\/lda.be\\\/wp-content\\\/uploads\\\/2026\\\/03\\\/MIO67-Assy-\u25a01440.webp\",\"width\":1440,\"height\":1440},{\"@type\":\"BreadcrumbList\",\"@id\":\"https:\\\/\\\/lda.be\\\/fr\\\/produit\\\/mi-o-67-bus-de-terrain\\\/#breadcrumb\",\"itemListElement\":[{\"@type\":\"ListItem\",\"position\":1,\"name\":\"Accueil\",\"item\":\"https:\\\/\\\/lda.be\\\/fr\\\/\"},{\"@type\":\"ListItem\",\"position\":2,\"name\":\"Produits\",\"item\":\"https:\\\/\\\/lda.be\\\/fr\\\/produits\\\/\"},{\"@type\":\"ListItem\",\"position\":3,\"name\":\"MAC MI\\\/O 67 Contr\u00f4leur de bus de terrain\"}]},{\"@type\":\"WebSite\",\"@id\":\"https:\\\/\\\/lda.be\\\/fr\\\/#website\",\"url\":\"https:\\\/\\\/lda.be\\\/fr\\\/\",\"name\":\"LDA Belgium\",\"description\":\"Solutions For Life\",\"publisher\":{\"@id\":\"https:\\\/\\\/lda.be\\\/fr\\\/#organization\"},\"potentialAction\":[{\"@type\":\"SearchAction\",\"target\":{\"@type\":\"EntryPoint\",\"urlTemplate\":\"https:\\\/\\\/lda.be\\\/fr\\\/?s={search_term_string}\"},\"query-input\":{\"@type\":\"PropertyValueSpecification\",\"valueRequired\":true,\"valueName\":\"search_term_string\"}}],\"inLanguage\":\"fr-FR\"},{\"@type\":\"Organization\",\"@id\":\"https:\\\/\\\/lda.be\\\/fr\\\/#organization\",\"name\":\"LDA Belgium\",\"url\":\"https:\\\/\\\/lda.be\\\/fr\\\/\",\"logo\":{\"@type\":\"ImageObject\",\"inLanguage\":\"fr-FR\",\"@id\":\"https:\\\/\\\/lda.be\\\/fr\\\/#\\\/schema\\\/logo\\\/image\\\/\",\"url\":\"https:\\\/\\\/lda.be\\\/wp-content\\\/uploads\\\/2022\\\/07\\\/Logo-LDA.webp\",\"contentUrl\":\"https:\\\/\\\/lda.be\\\/wp-content\\\/uploads\\\/2022\\\/07\\\/Logo-LDA.webp\",\"width\":311,\"height\":101,\"caption\":\"LDA Belgium\"},\"image\":{\"@id\":\"https:\\\/\\\/lda.be\\\/fr\\\/#\\\/schema\\\/logo\\\/image\\\/\"},\"sameAs\":[\"https:\\\/\\\/www.linkedin.com\\\/company\\\/lda-belgium-nv\"]}]}<\/script>\n<!-- \/ Yoast SEO plugin. -->","yoast_head_json":{"title":"MAC MI\/O 67 Contr\u00f4leur de bus de terrain - LDA Belgique","description":"MAC Valves MI\/O-67 Fieldbus Platform contr\u00f4le les vannes MAConnect\u00ae via EtherNet\/IP, EtherCAT, Profinet, PowerLink ou Modbus\/TCP, IP67.","robots":{"index":"index","follow":"follow","max-snippet":"max-snippet:-1","max-image-preview":"max-image-preview:large","max-video-preview":"max-video-preview:-1"},"canonical":"https:\/\/lda.be\/fr\/produit\/mi-o-67-bus-de-terrain\/","og_locale":"fr_FR","og_type":"article","og_title":"MAC MI\/O 67 Contr\u00f4leur de bus de terrain - LDA Belgique","og_description":"MAC Valves MI\/O-67 Fieldbus Platform contr\u00f4le les vannes MAConnect\u00ae via EtherNet\/IP, EtherCAT, Profinet, PowerLink ou Modbus\/TCP, IP67.","og_url":"https:\/\/lda.be\/fr\/produit\/mi-o-67-bus-de-terrain\/","og_site_name":"LDA Belgique","article_modified_time":"2026-03-25T13:59:24+00:00","og_image":[{"width":1440,"height":1440,"url":"https:\/\/lda.be\/wp-content\/uploads\/2026\/03\/MIO67-Assy-\u25a01440.webp","type":"image\/webp"}],"twitter_card":"summary_large_image","twitter_misc":{"Dur\u00e9e de lecture estim\u00e9e":"3 minutes"},"schema":{"@context":"https:\/\/schema.org","@graph":[{"@type":"WebPage","@id":"https:\/\/lda.be\/fr\/produit\/mi-o-67-bus-de-terrain\/","url":"https:\/\/lda.be\/fr\/produit\/mi-o-67-bus-de-terrain\/","name":"MAC MI\/O 67 Contr\u00f4leur de bus de terrain - LDA Belgique","isPartOf":{"@id":"https:\/\/lda.be\/fr\/#website"},"primaryImageOfPage":{"@id":"https:\/\/lda.be\/fr\/produit\/mi-o-67-bus-de-terrain\/#primaryimage"},"image":{"@id":"https:\/\/lda.be\/fr\/produit\/mi-o-67-bus-de-terrain\/#primaryimage"},"thumbnailUrl":"https:\/\/lda.be\/wp-content\/uploads\/2026\/03\/MIO67-Assy-\u25a01440.webp","datePublished":"2025-06-24T13:27:06+00:00","dateModified":"2026-03-25T13:59:24+00:00","description":"MAC Valves MI\/O-67 Fieldbus Platform contr\u00f4le les vannes MAConnect\u00ae via EtherNet\/IP, EtherCAT, Profinet, PowerLink ou Modbus\/TCP, IP67.","breadcrumb":{"@id":"https:\/\/lda.be\/fr\/produit\/mi-o-67-bus-de-terrain\/#breadcrumb"},"inLanguage":"fr-FR","potentialAction":[{"@type":"ReadAction","target":["https:\/\/lda.be\/fr\/produit\/mi-o-67-bus-de-terrain\/"]}]},{"@type":"ImageObject","inLanguage":"fr-FR","@id":"https:\/\/lda.be\/fr\/produit\/mi-o-67-bus-de-terrain\/#primaryimage","url":"https:\/\/lda.be\/wp-content\/uploads\/2026\/03\/MIO67-Assy-\u25a01440.webp","contentUrl":"https:\/\/lda.be\/wp-content\/uploads\/2026\/03\/MIO67-Assy-\u25a01440.webp","width":1440,"height":1440},{"@type":"BreadcrumbList","@id":"https:\/\/lda.be\/fr\/produit\/mi-o-67-bus-de-terrain\/#breadcrumb","itemListElement":[{"@type":"ListItem","position":1,"name":"Accueil","item":"https:\/\/lda.be\/fr\/"},{"@type":"ListItem","position":2,"name":"Produits","item":"https:\/\/lda.be\/fr\/produits\/"},{"@type":"ListItem","position":3,"name":"MAC MI\/O 67 Contr\u00f4leur de bus de terrain"}]},{"@type":"WebSite","@id":"https:\/\/lda.be\/fr\/#website","url":"https:\/\/lda.be\/fr\/","name":"LDA Belgium","description":"Solutions For Life","publisher":{"@id":"https:\/\/lda.be\/fr\/#organization"},"potentialAction":[{"@type":"SearchAction","target":{"@type":"EntryPoint","urlTemplate":"https:\/\/lda.be\/fr\/?s={search_term_string}"},"query-input":{"@type":"PropertyValueSpecification","valueRequired":true,"valueName":"search_term_string"}}],"inLanguage":"fr-FR"},{"@type":"Organization","@id":"https:\/\/lda.be\/fr\/#organization","name":"LDA Belgium","url":"https:\/\/lda.be\/fr\/","logo":{"@type":"ImageObject","inLanguage":"fr-FR","@id":"https:\/\/lda.be\/fr\/#\/schema\/logo\/image\/","url":"https:\/\/lda.be\/wp-content\/uploads\/2022\/07\/Logo-LDA.webp","contentUrl":"https:\/\/lda.be\/wp-content\/uploads\/2022\/07\/Logo-LDA.webp","width":311,"height":101,"caption":"LDA Belgium"},"image":{"@id":"https:\/\/lda.be\/fr\/#\/schema\/logo\/image\/"},"sameAs":["https:\/\/www.linkedin.com\/company\/lda-belgium-nv"]}]}},"_links":{"self":[{"href":"https:\/\/lda.be\/fr\/wp-json\/wp\/v2\/product\/8988","targetHints":{"allow":["GET"]}}],"collection":[{"href":"https:\/\/lda.be\/fr\/wp-json\/wp\/v2\/product"}],"about":[{"href":"https:\/\/lda.be\/fr\/wp-json\/wp\/v2\/types\/product"}],"replies":[{"embeddable":true,"href":"https:\/\/lda.be\/fr\/wp-json\/wp\/v2\/comments?post=8988"}],"wp:featuredmedia":[{"embeddable":true,"href":"https:\/\/lda.be\/fr\/wp-json\/wp\/v2\/media\/16071"}],"wp:attachment":[{"href":"https:\/\/lda.be\/fr\/wp-json\/wp\/v2\/media?parent=8988"}],"wp:term":[{"taxonomy":"product_brand","embeddable":true,"href":"https:\/\/lda.be\/fr\/wp-json\/wp\/v2\/product_brand?post=8988"},{"taxonomy":"product_cat","embeddable":true,"href":"https:\/\/lda.be\/fr\/wp-json\/wp\/v2\/product_cat?post=8988"},{"taxonomy":"product_tag","embeddable":true,"href":"https:\/\/lda.be\/fr\/wp-json\/wp\/v2\/product_tag?post=8988"}],"curies":[{"name":"wp","href":"https:\/\/api.w.org\/{rel}","templated":true}]}}