{"id":9043,"date":"2025-06-25T08:49:13","date_gmt":"2025-06-25T07:49:13","guid":{"rendered":"https:\/\/lda.be\/?post_type=product&#038;p=9043"},"modified":"2026-01-18T11:12:16","modified_gmt":"2026-01-18T10:12:16","slug":"iso2-electrovanne","status":"publish","type":"product","link":"https:\/\/lda.be\/fr\/produit\/iso2-electrovanne\/","title":{"rendered":"MAC ISO 2 S\u00e9rie \u00e9lectrovanne 5\/2-5\/3, 3\/8\u201d &#8211; 1\/2\u201d , 3000Nl\/min"},"content":{"rendered":"<p>La s\u00e9rie MAC ISO 2 est une \u00e9lectrovanne pilot\u00e9e polyvalente \u00e0 4 voies ou commande pneumatique \u00e0 distance. Conform\u00e9ment ISO 5599\/1 et ISO 5599\/2.<br \/>\nCette vanne pilote offre une faible pression de fonctionnement minimale et une r\u00e9sistance de commutation minimale. La conception \u00e9quilibr\u00e9e du pilote garantit des forces de commutation \u00e9lev\u00e9es et constantes et des temps de r\u00e9ponse reproductibles, quelles que soient les fluctuations de la pression d&#8217;entr\u00e9e.<br \/>\nLa vanne peut \u00eatre connect\u00e9e en 5 ou 3 voies, entr\u00e9e de pression d&#8217;air simple ou double. Elle est utilisable pour les applications d&#8217;air comprim\u00e9, de vide ou comme s\u00e9lecteur.<\/p>\n<p>Le tiroir est monobloc avec joints en caoutchouc moul\u00e9s, garantissant une dur\u00e9e de vie prolong\u00e9e et un entretien ais\u00e9.<\/p>\n<p>Vous pouvez choisir entre des versions individuelles ou sur embase, enfichables ou non, et il existe des options pour des r\u00e9gulateurs de pression int\u00e9gr\u00e9s.<\/p>\n","protected":false},"excerpt":{"rendered":"<p>La s\u00e9rie MAC ISO 2 est une \u00e9lectrovanne pilot\u00e9e polyvalente \u00e0 4 voies ou commande pneumatique \u00e0 distance. Conform\u00e9ment ISO 5599\/1 et ISO 5599\/2. Cette vanne pilote offre une faible pression de fonctionnement minimale et une r\u00e9sistance de commutation minimale. La conception \u00e9quilibr\u00e9e du pilote garantit des forces de commutation \u00e9lev\u00e9es et constantes et des [&hellip;]<\/p>\n","protected":false},"featured_media":14792,"comment_status":"closed","ping_status":"closed","template":"","meta":[],"product_brand":[1875,1257],"product_cat":[996,1118,1130],"product_tag":[],"class_list":{"0":"post-9043","1":"product","2":"type-product","3":"status-publish","4":"has-post-thumbnail","6":"product_brand-iso_valves","7":"product_brand-mac","8":"product_cat-pneumatique","9":"product_cat-vannes-pneumatique","10":"product_cat-vannes-iso","12":"first","13":"instock","14":"shipping-taxable","15":"product-type-simple"},"yoast_head":"<!-- This site is optimized with the Yoast SEO plugin v27.3 - https:\/\/yoast.com\/product\/yoast-seo-wordpress\/ -->\n<title>MAC ISO 2 S\u00e9rie \u00e9lectrovanne 5\/2-5\/3, 3\/8\u201d - 1\/2\u201d , 3000Nl\/min - LDA Belgique<\/title>\n<meta name=\"description\" content=\"MAC Valves Bloc d&#039;\u00e9lectrovannes ISO2 3\/8&quot; - 1\/2&quot; d\u00e9bit jusqu&#039;\u00e0 3.000 Nl\/min effet d&#039;essuyage en ligne\/manifold selon la norme ISO 5599-2.\" \/>\n<meta name=\"robots\" content=\"index, follow, max-snippet:-1, max-image-preview:large, max-video-preview:-1\" \/>\n<link rel=\"canonical\" href=\"https:\/\/lda.be\/fr\/produit\/iso2-electrovanne\/\" \/>\n<meta property=\"og:locale\" content=\"fr_FR\" \/>\n<meta property=\"og:type\" content=\"article\" \/>\n<meta property=\"og:title\" content=\"MAC ISO 2 S\u00e9rie \u00e9lectrovanne 5\/2-5\/3, 3\/8\u201d - 1\/2\u201d , 3000Nl\/min - LDA Belgique\" \/>\n<meta property=\"og:description\" content=\"MAC Valves Bloc d&#039;\u00e9lectrovannes ISO2 3\/8&quot; - 1\/2&quot; d\u00e9bit jusqu&#039;\u00e0 3.000 Nl\/min effet d&#039;essuyage en ligne\/manifold selon la norme ISO 5599-2.\" \/>\n<meta property=\"og:url\" content=\"https:\/\/lda.be\/fr\/produit\/iso2-electrovanne\/\" \/>\n<meta property=\"og:site_name\" content=\"LDA Belgique\" \/>\n<meta property=\"article:modified_time\" content=\"2026-01-18T10:12:16+00:00\" \/>\n<meta property=\"og:image\" content=\"https:\/\/lda.be\/wp-content\/uploads\/2026\/01\/ISO_2-\u25a01440.webp\" \/>\n\t<meta property=\"og:image:width\" content=\"1440\" \/>\n\t<meta property=\"og:image:height\" content=\"1440\" \/>\n\t<meta property=\"og:image:type\" content=\"image\/webp\" \/>\n<meta name=\"twitter:card\" content=\"summary_large_image\" \/>\n<meta name=\"twitter:label1\" content=\"Dur\u00e9e de lecture estim\u00e9e\" \/>\n\t<meta name=\"twitter:data1\" content=\"1 minute\" \/>\n<script type=\"application\/ld+json\" class=\"yoast-schema-graph\">{\"@context\":\"https:\\\/\\\/schema.org\",\"@graph\":[{\"@type\":\"WebPage\",\"@id\":\"https:\\\/\\\/lda.be\\\/fr\\\/produit\\\/iso2-electrovanne\\\/\",\"url\":\"https:\\\/\\\/lda.be\\\/fr\\\/produit\\\/iso2-electrovanne\\\/\",\"name\":\"MAC ISO 2 S\u00e9rie \u00e9lectrovanne 5\\\/2-5\\\/3, 3\\\/8\u201d - 1\\\/2\u201d , 3000Nl\\\/min - LDA Belgique\",\"isPartOf\":{\"@id\":\"https:\\\/\\\/lda.be\\\/fr\\\/#website\"},\"primaryImageOfPage\":{\"@id\":\"https:\\\/\\\/lda.be\\\/fr\\\/produit\\\/iso2-electrovanne\\\/#primaryimage\"},\"image\":{\"@id\":\"https:\\\/\\\/lda.be\\\/fr\\\/produit\\\/iso2-electrovanne\\\/#primaryimage\"},\"thumbnailUrl\":\"https:\\\/\\\/lda.be\\\/wp-content\\\/uploads\\\/2026\\\/01\\\/ISO_2-\u25a01440.webp\",\"datePublished\":\"2025-06-25T07:49:13+00:00\",\"dateModified\":\"2026-01-18T10:12:16+00:00\",\"description\":\"MAC Valves Bloc d'\u00e9lectrovannes ISO2 3\\\/8\\\" - 1\\\/2\\\" d\u00e9bit jusqu'\u00e0 3.000 Nl\\\/min effet d'essuyage en ligne\\\/manifold selon la norme ISO 5599-2.\",\"breadcrumb\":{\"@id\":\"https:\\\/\\\/lda.be\\\/fr\\\/produit\\\/iso2-electrovanne\\\/#breadcrumb\"},\"inLanguage\":\"fr-FR\",\"potentialAction\":[{\"@type\":\"ReadAction\",\"target\":[\"https:\\\/\\\/lda.be\\\/fr\\\/produit\\\/iso2-electrovanne\\\/\"]}]},{\"@type\":\"ImageObject\",\"inLanguage\":\"fr-FR\",\"@id\":\"https:\\\/\\\/lda.be\\\/fr\\\/produit\\\/iso2-electrovanne\\\/#primaryimage\",\"url\":\"https:\\\/\\\/lda.be\\\/wp-content\\\/uploads\\\/2026\\\/01\\\/ISO_2-\u25a01440.webp\",\"contentUrl\":\"https:\\\/\\\/lda.be\\\/wp-content\\\/uploads\\\/2026\\\/01\\\/ISO_2-\u25a01440.webp\",\"width\":1440,\"height\":1440},{\"@type\":\"BreadcrumbList\",\"@id\":\"https:\\\/\\\/lda.be\\\/fr\\\/produit\\\/iso2-electrovanne\\\/#breadcrumb\",\"itemListElement\":[{\"@type\":\"ListItem\",\"position\":1,\"name\":\"Accueil\",\"item\":\"https:\\\/\\\/lda.be\\\/fr\\\/\"},{\"@type\":\"ListItem\",\"position\":2,\"name\":\"Produits\",\"item\":\"https:\\\/\\\/lda.be\\\/fr\\\/produits\\\/\"},{\"@type\":\"ListItem\",\"position\":3,\"name\":\"MAC ISO 2 S\u00e9rie \u00e9lectrovanne 5\\\/2-5\\\/3, 3\\\/8\u201d &#8211; 1\\\/2\u201d , 3000Nl\\\/min\"}]},{\"@type\":\"WebSite\",\"@id\":\"https:\\\/\\\/lda.be\\\/fr\\\/#website\",\"url\":\"https:\\\/\\\/lda.be\\\/fr\\\/\",\"name\":\"LDA Belgium\",\"description\":\"Solutions For Life\",\"publisher\":{\"@id\":\"https:\\\/\\\/lda.be\\\/fr\\\/#organization\"},\"potentialAction\":[{\"@type\":\"SearchAction\",\"target\":{\"@type\":\"EntryPoint\",\"urlTemplate\":\"https:\\\/\\\/lda.be\\\/fr\\\/?s={search_term_string}\"},\"query-input\":{\"@type\":\"PropertyValueSpecification\",\"valueRequired\":true,\"valueName\":\"search_term_string\"}}],\"inLanguage\":\"fr-FR\"},{\"@type\":\"Organization\",\"@id\":\"https:\\\/\\\/lda.be\\\/fr\\\/#organization\",\"name\":\"LDA Belgium\",\"url\":\"https:\\\/\\\/lda.be\\\/fr\\\/\",\"logo\":{\"@type\":\"ImageObject\",\"inLanguage\":\"fr-FR\",\"@id\":\"https:\\\/\\\/lda.be\\\/fr\\\/#\\\/schema\\\/logo\\\/image\\\/\",\"url\":\"https:\\\/\\\/lda.be\\\/wp-content\\\/uploads\\\/2022\\\/07\\\/Logo-LDA.webp\",\"contentUrl\":\"https:\\\/\\\/lda.be\\\/wp-content\\\/uploads\\\/2022\\\/07\\\/Logo-LDA.webp\",\"width\":311,\"height\":101,\"caption\":\"LDA Belgium\"},\"image\":{\"@id\":\"https:\\\/\\\/lda.be\\\/fr\\\/#\\\/schema\\\/logo\\\/image\\\/\"},\"sameAs\":[\"https:\\\/\\\/www.linkedin.com\\\/company\\\/lda-belgium-nv\"]}]}<\/script>\n<!-- \/ Yoast SEO plugin. -->","yoast_head_json":{"title":"MAC ISO 2 S\u00e9rie \u00e9lectrovanne 5\/2-5\/3, 3\/8\u201d - 1\/2\u201d , 3000Nl\/min - LDA Belgique","description":"MAC Valves Bloc d'\u00e9lectrovannes ISO2 3\/8\" - 1\/2\" d\u00e9bit jusqu'\u00e0 3.000 Nl\/min effet d'essuyage en ligne\/manifold selon la norme ISO 5599-2.","robots":{"index":"index","follow":"follow","max-snippet":"max-snippet:-1","max-image-preview":"max-image-preview:large","max-video-preview":"max-video-preview:-1"},"canonical":"https:\/\/lda.be\/fr\/produit\/iso2-electrovanne\/","og_locale":"fr_FR","og_type":"article","og_title":"MAC ISO 2 S\u00e9rie \u00e9lectrovanne 5\/2-5\/3, 3\/8\u201d - 1\/2\u201d , 3000Nl\/min - LDA Belgique","og_description":"MAC Valves Bloc d'\u00e9lectrovannes ISO2 3\/8\" - 1\/2\" d\u00e9bit jusqu'\u00e0 3.000 Nl\/min effet d'essuyage en ligne\/manifold selon la norme ISO 5599-2.","og_url":"https:\/\/lda.be\/fr\/produit\/iso2-electrovanne\/","og_site_name":"LDA Belgique","article_modified_time":"2026-01-18T10:12:16+00:00","og_image":[{"width":1440,"height":1440,"url":"https:\/\/lda.be\/wp-content\/uploads\/2026\/01\/ISO_2-\u25a01440.webp","type":"image\/webp"}],"twitter_card":"summary_large_image","twitter_misc":{"Dur\u00e9e de lecture estim\u00e9e":"1 minute"},"schema":{"@context":"https:\/\/schema.org","@graph":[{"@type":"WebPage","@id":"https:\/\/lda.be\/fr\/produit\/iso2-electrovanne\/","url":"https:\/\/lda.be\/fr\/produit\/iso2-electrovanne\/","name":"MAC ISO 2 S\u00e9rie \u00e9lectrovanne 5\/2-5\/3, 3\/8\u201d - 1\/2\u201d , 3000Nl\/min - LDA Belgique","isPartOf":{"@id":"https:\/\/lda.be\/fr\/#website"},"primaryImageOfPage":{"@id":"https:\/\/lda.be\/fr\/produit\/iso2-electrovanne\/#primaryimage"},"image":{"@id":"https:\/\/lda.be\/fr\/produit\/iso2-electrovanne\/#primaryimage"},"thumbnailUrl":"https:\/\/lda.be\/wp-content\/uploads\/2026\/01\/ISO_2-\u25a01440.webp","datePublished":"2025-06-25T07:49:13+00:00","dateModified":"2026-01-18T10:12:16+00:00","description":"MAC Valves Bloc d'\u00e9lectrovannes ISO2 3\/8\" - 1\/2\" d\u00e9bit jusqu'\u00e0 3.000 Nl\/min effet d'essuyage en ligne\/manifold selon la norme ISO 5599-2.","breadcrumb":{"@id":"https:\/\/lda.be\/fr\/produit\/iso2-electrovanne\/#breadcrumb"},"inLanguage":"fr-FR","potentialAction":[{"@type":"ReadAction","target":["https:\/\/lda.be\/fr\/produit\/iso2-electrovanne\/"]}]},{"@type":"ImageObject","inLanguage":"fr-FR","@id":"https:\/\/lda.be\/fr\/produit\/iso2-electrovanne\/#primaryimage","url":"https:\/\/lda.be\/wp-content\/uploads\/2026\/01\/ISO_2-\u25a01440.webp","contentUrl":"https:\/\/lda.be\/wp-content\/uploads\/2026\/01\/ISO_2-\u25a01440.webp","width":1440,"height":1440},{"@type":"BreadcrumbList","@id":"https:\/\/lda.be\/fr\/produit\/iso2-electrovanne\/#breadcrumb","itemListElement":[{"@type":"ListItem","position":1,"name":"Accueil","item":"https:\/\/lda.be\/fr\/"},{"@type":"ListItem","position":2,"name":"Produits","item":"https:\/\/lda.be\/fr\/produits\/"},{"@type":"ListItem","position":3,"name":"MAC ISO 2 S\u00e9rie \u00e9lectrovanne 5\/2-5\/3, 3\/8\u201d &#8211; 1\/2\u201d , 3000Nl\/min"}]},{"@type":"WebSite","@id":"https:\/\/lda.be\/fr\/#website","url":"https:\/\/lda.be\/fr\/","name":"LDA Belgium","description":"Solutions For Life","publisher":{"@id":"https:\/\/lda.be\/fr\/#organization"},"potentialAction":[{"@type":"SearchAction","target":{"@type":"EntryPoint","urlTemplate":"https:\/\/lda.be\/fr\/?s={search_term_string}"},"query-input":{"@type":"PropertyValueSpecification","valueRequired":true,"valueName":"search_term_string"}}],"inLanguage":"fr-FR"},{"@type":"Organization","@id":"https:\/\/lda.be\/fr\/#organization","name":"LDA Belgium","url":"https:\/\/lda.be\/fr\/","logo":{"@type":"ImageObject","inLanguage":"fr-FR","@id":"https:\/\/lda.be\/fr\/#\/schema\/logo\/image\/","url":"https:\/\/lda.be\/wp-content\/uploads\/2022\/07\/Logo-LDA.webp","contentUrl":"https:\/\/lda.be\/wp-content\/uploads\/2022\/07\/Logo-LDA.webp","width":311,"height":101,"caption":"LDA Belgium"},"image":{"@id":"https:\/\/lda.be\/fr\/#\/schema\/logo\/image\/"},"sameAs":["https:\/\/www.linkedin.com\/company\/lda-belgium-nv"]}]}},"_links":{"self":[{"href":"https:\/\/lda.be\/fr\/wp-json\/wp\/v2\/product\/9043","targetHints":{"allow":["GET"]}}],"collection":[{"href":"https:\/\/lda.be\/fr\/wp-json\/wp\/v2\/product"}],"about":[{"href":"https:\/\/lda.be\/fr\/wp-json\/wp\/v2\/types\/product"}],"replies":[{"embeddable":true,"href":"https:\/\/lda.be\/fr\/wp-json\/wp\/v2\/comments?post=9043"}],"wp:featuredmedia":[{"embeddable":true,"href":"https:\/\/lda.be\/fr\/wp-json\/wp\/v2\/media\/14792"}],"wp:attachment":[{"href":"https:\/\/lda.be\/fr\/wp-json\/wp\/v2\/media?parent=9043"}],"wp:term":[{"taxonomy":"product_brand","embeddable":true,"href":"https:\/\/lda.be\/fr\/wp-json\/wp\/v2\/product_brand?post=9043"},{"taxonomy":"product_cat","embeddable":true,"href":"https:\/\/lda.be\/fr\/wp-json\/wp\/v2\/product_cat?post=9043"},{"taxonomy":"product_tag","embeddable":true,"href":"https:\/\/lda.be\/fr\/wp-json\/wp\/v2\/product_tag?post=9043"}],"curies":[{"name":"wp","href":"https:\/\/api.w.org\/{rel}","templated":true}]}}