{"id":9194,"date":"2025-07-01T13:27:00","date_gmt":"2025-07-01T12:27:00","guid":{"rendered":"https:\/\/lda.be\/?post_type=product&#038;p=9194"},"modified":"2025-07-01T13:41:53","modified_gmt":"2025-07-01T12:41:53","slug":"5k-serie-din-connecteur-standard-lighted-suppressed-non-gasketed","status":"publish","type":"product","link":"https:\/\/lda.be\/fr\/produit\/5k-serie-din-connecteur-standard-lighted-suppressed-non-gasketed\/","title":{"rendered":"5K S\u00e9rie DIN connecteur &#8211; Standard, Lighted, Suppressed, Non-Gasketed"},"content":{"rendered":"<p>Le Canfield 5K est un connecteur d&#8217;\u00e9lectrovanne compact sans joint int\u00e9gr\u00e9. Il est enti\u00e8rement moul\u00e9 et \u00e9quip\u00e9 d&#8217;un c\u00e2ble en PU durable adapt\u00e9 \u00e0 une utilisation industrielle quotidienne. Comme le connecteur est d\u00e9pourvu de joint, il est id\u00e9al pour les applications o\u00f9 un joint s\u00e9par\u00e9 est pr\u00e9sent ou une solution d&#8217;\u00e9tanch\u00e9it\u00e9 propri\u00e9taire est n\u00e9cessaire.<\/p>\n<p>Ce connecteur est disponible en trois versions. Il existe un mod\u00e8le standard, une version avec LED indiquant la pr\u00e9sence de tension, et un mod\u00e8le avec LED et suppression MOV offrant une protection contre les pics de tension. Il supporte des tensions allant jusqu&#8217;\u00e0 250 volts AC ou 300 volts DC et d\u00e9livre un courant allant jusqu&#8217;\u00e0 10 amp\u00e8res.<\/p>\n<p>Le 5K offre un indice de protection IP65 qui le rend \u00e9tanche \u00e0 la poussi\u00e8re et aux \u00e9claboussures. Il se connecte via une interface DIN 43650 Forme A et est disponible dans diff\u00e9rentes configurations de broches. Pour les environnements exigeants, des types de c\u00e2bles sp\u00e9ciaux sont disponibles sur demande.<\/p>\n<p>Vous voulez savoir si le 5K convient \u00e0 votre application ? Demandez un devis d\u00e8s aujourd&#8217;hui et d\u00e9couvrez la bonne solution pour votre installation.<\/p>\n","protected":false},"excerpt":{"rendered":"<p>Le Canfield 5K est un connecteur d&#8217;\u00e9lectrovanne compact sans joint int\u00e9gr\u00e9. Il est enti\u00e8rement moul\u00e9 et \u00e9quip\u00e9 d&#8217;un c\u00e2ble en PU durable adapt\u00e9 \u00e0 une utilisation industrielle quotidienne. Comme le connecteur est d\u00e9pourvu de joint, il est id\u00e9al pour les applications o\u00f9 un joint s\u00e9par\u00e9 est pr\u00e9sent ou une solution d&#8217;\u00e9tanch\u00e9it\u00e9 propri\u00e9taire est n\u00e9cessaire. Ce [&hellip;]<\/p>\n","protected":false},"featured_media":9191,"comment_status":"closed","ping_status":"closed","template":"","meta":[],"product_brand":[1610],"product_cat":[818,828,1608],"product_tag":[],"class_list":{"0":"post-9194","1":"product","2":"type-product","3":"status-publish","4":"has-post-thumbnail","6":"product_brand-canfield","7":"product_cat-connecteurs-et-cables","8":"product_cat-connecteurs","9":"product_cat-connecteurs-industriels-de-type-a-b-c-et-micro","11":"first","12":"instock","13":"shipping-taxable","14":"product-type-simple"},"yoast_head":"<!-- This site is optimized with the Yoast SEO plugin v27.3 - https:\/\/yoast.com\/product\/yoast-seo-wordpress\/ -->\n<title>5K S\u00e9rie DIN connecteur - Standard, Lighted, Suppressed, Non-Gasketed - LDA Belgique<\/title>\n<meta name=\"description\" content=\"Connecteur d&#039;\u00e9lectrovanne Canfield 5K DIN sans joint avec c\u00e2ble PU, IP65, protection LED et MOV, jusqu&#039;\u00e0 250 V AC ou 300 V DC, 10 A CHez LDA belgique\" \/>\n<meta name=\"robots\" content=\"index, follow, max-snippet:-1, max-image-preview:large, max-video-preview:-1\" \/>\n<link rel=\"canonical\" href=\"https:\/\/lda.be\/fr\/produit\/5k-serie-din-connecteur-standard-lighted-suppressed-non-gasketed\/\" \/>\n<meta property=\"og:locale\" content=\"fr_FR\" \/>\n<meta property=\"og:type\" content=\"article\" \/>\n<meta property=\"og:title\" content=\"5K S\u00e9rie DIN connecteur - Standard, Lighted, Suppressed, Non-Gasketed - LDA Belgique\" \/>\n<meta property=\"og:description\" content=\"Connecteur d&#039;\u00e9lectrovanne Canfield 5K DIN sans joint avec c\u00e2ble PU, IP65, protection LED et MOV, jusqu&#039;\u00e0 250 V AC ou 300 V DC, 10 A CHez LDA belgique\" \/>\n<meta property=\"og:url\" content=\"https:\/\/lda.be\/fr\/produit\/5k-serie-din-connecteur-standard-lighted-suppressed-non-gasketed\/\" \/>\n<meta property=\"og:site_name\" content=\"LDA Belgique\" \/>\n<meta property=\"article:modified_time\" content=\"2025-07-01T12:41:53+00:00\" \/>\n<meta property=\"og:image\" content=\"https:\/\/lda.be\/wp-content\/uploads\/2025\/07\/5k.webp\" \/>\n\t<meta property=\"og:image:width\" content=\"800\" \/>\n\t<meta property=\"og:image:height\" content=\"800\" \/>\n\t<meta property=\"og:image:type\" content=\"image\/webp\" \/>\n<meta name=\"twitter:card\" content=\"summary_large_image\" \/>\n<meta name=\"twitter:label1\" content=\"Dur\u00e9e de lecture estim\u00e9e\" \/>\n\t<meta name=\"twitter:data1\" content=\"2 minutes\" \/>\n<script type=\"application\/ld+json\" class=\"yoast-schema-graph\">{\"@context\":\"https:\\\/\\\/schema.org\",\"@graph\":[{\"@type\":\"WebPage\",\"@id\":\"https:\\\/\\\/lda.be\\\/fr\\\/produit\\\/5k-serie-din-connecteur-standard-lighted-suppressed-non-gasketed\\\/\",\"url\":\"https:\\\/\\\/lda.be\\\/fr\\\/produit\\\/5k-serie-din-connecteur-standard-lighted-suppressed-non-gasketed\\\/\",\"name\":\"5K S\u00e9rie DIN connecteur - Standard, Lighted, Suppressed, Non-Gasketed - LDA Belgique\",\"isPartOf\":{\"@id\":\"https:\\\/\\\/lda.be\\\/fr\\\/#website\"},\"primaryImageOfPage\":{\"@id\":\"https:\\\/\\\/lda.be\\\/fr\\\/produit\\\/5k-serie-din-connecteur-standard-lighted-suppressed-non-gasketed\\\/#primaryimage\"},\"image\":{\"@id\":\"https:\\\/\\\/lda.be\\\/fr\\\/produit\\\/5k-serie-din-connecteur-standard-lighted-suppressed-non-gasketed\\\/#primaryimage\"},\"thumbnailUrl\":\"https:\\\/\\\/lda.be\\\/wp-content\\\/uploads\\\/2025\\\/07\\\/5k.webp\",\"datePublished\":\"2025-07-01T12:27:00+00:00\",\"dateModified\":\"2025-07-01T12:41:53+00:00\",\"description\":\"Connecteur d'\u00e9lectrovanne Canfield 5K DIN sans joint avec c\u00e2ble PU, IP65, protection LED et MOV, jusqu'\u00e0 250 V AC ou 300 V DC, 10 A CHez LDA belgique\",\"breadcrumb\":{\"@id\":\"https:\\\/\\\/lda.be\\\/fr\\\/produit\\\/5k-serie-din-connecteur-standard-lighted-suppressed-non-gasketed\\\/#breadcrumb\"},\"inLanguage\":\"fr-FR\",\"potentialAction\":[{\"@type\":\"ReadAction\",\"target\":[\"https:\\\/\\\/lda.be\\\/fr\\\/produit\\\/5k-serie-din-connecteur-standard-lighted-suppressed-non-gasketed\\\/\"]}]},{\"@type\":\"ImageObject\",\"inLanguage\":\"fr-FR\",\"@id\":\"https:\\\/\\\/lda.be\\\/fr\\\/produit\\\/5k-serie-din-connecteur-standard-lighted-suppressed-non-gasketed\\\/#primaryimage\",\"url\":\"https:\\\/\\\/lda.be\\\/wp-content\\\/uploads\\\/2025\\\/07\\\/5k.webp\",\"contentUrl\":\"https:\\\/\\\/lda.be\\\/wp-content\\\/uploads\\\/2025\\\/07\\\/5k.webp\",\"width\":800,\"height\":800,\"caption\":\"5k connector\"},{\"@type\":\"BreadcrumbList\",\"@id\":\"https:\\\/\\\/lda.be\\\/fr\\\/produit\\\/5k-serie-din-connecteur-standard-lighted-suppressed-non-gasketed\\\/#breadcrumb\",\"itemListElement\":[{\"@type\":\"ListItem\",\"position\":1,\"name\":\"Accueil\",\"item\":\"https:\\\/\\\/lda.be\\\/fr\\\/\"},{\"@type\":\"ListItem\",\"position\":2,\"name\":\"Produits\",\"item\":\"https:\\\/\\\/lda.be\\\/fr\\\/produits\\\/\"},{\"@type\":\"ListItem\",\"position\":3,\"name\":\"5K S\u00e9rie DIN connecteur &#8211; Standard, Lighted, Suppressed, Non-Gasketed\"}]},{\"@type\":\"WebSite\",\"@id\":\"https:\\\/\\\/lda.be\\\/fr\\\/#website\",\"url\":\"https:\\\/\\\/lda.be\\\/fr\\\/\",\"name\":\"LDA Belgium\",\"description\":\"Solutions For Life\",\"publisher\":{\"@id\":\"https:\\\/\\\/lda.be\\\/fr\\\/#organization\"},\"potentialAction\":[{\"@type\":\"SearchAction\",\"target\":{\"@type\":\"EntryPoint\",\"urlTemplate\":\"https:\\\/\\\/lda.be\\\/fr\\\/?s={search_term_string}\"},\"query-input\":{\"@type\":\"PropertyValueSpecification\",\"valueRequired\":true,\"valueName\":\"search_term_string\"}}],\"inLanguage\":\"fr-FR\"},{\"@type\":\"Organization\",\"@id\":\"https:\\\/\\\/lda.be\\\/fr\\\/#organization\",\"name\":\"LDA Belgium\",\"url\":\"https:\\\/\\\/lda.be\\\/fr\\\/\",\"logo\":{\"@type\":\"ImageObject\",\"inLanguage\":\"fr-FR\",\"@id\":\"https:\\\/\\\/lda.be\\\/fr\\\/#\\\/schema\\\/logo\\\/image\\\/\",\"url\":\"https:\\\/\\\/lda.be\\\/wp-content\\\/uploads\\\/2022\\\/07\\\/Logo-LDA.webp\",\"contentUrl\":\"https:\\\/\\\/lda.be\\\/wp-content\\\/uploads\\\/2022\\\/07\\\/Logo-LDA.webp\",\"width\":311,\"height\":101,\"caption\":\"LDA Belgium\"},\"image\":{\"@id\":\"https:\\\/\\\/lda.be\\\/fr\\\/#\\\/schema\\\/logo\\\/image\\\/\"},\"sameAs\":[\"https:\\\/\\\/www.linkedin.com\\\/company\\\/lda-belgium-nv\"]}]}<\/script>\n<!-- \/ Yoast SEO plugin. -->","yoast_head_json":{"title":"5K S\u00e9rie DIN connecteur - Standard, Lighted, Suppressed, Non-Gasketed - LDA Belgique","description":"Connecteur d'\u00e9lectrovanne Canfield 5K DIN sans joint avec c\u00e2ble PU, IP65, protection LED et MOV, jusqu'\u00e0 250 V AC ou 300 V DC, 10 A CHez LDA belgique","robots":{"index":"index","follow":"follow","max-snippet":"max-snippet:-1","max-image-preview":"max-image-preview:large","max-video-preview":"max-video-preview:-1"},"canonical":"https:\/\/lda.be\/fr\/produit\/5k-serie-din-connecteur-standard-lighted-suppressed-non-gasketed\/","og_locale":"fr_FR","og_type":"article","og_title":"5K S\u00e9rie DIN connecteur - Standard, Lighted, Suppressed, Non-Gasketed - LDA Belgique","og_description":"Connecteur d'\u00e9lectrovanne Canfield 5K DIN sans joint avec c\u00e2ble PU, IP65, protection LED et MOV, jusqu'\u00e0 250 V AC ou 300 V DC, 10 A CHez LDA belgique","og_url":"https:\/\/lda.be\/fr\/produit\/5k-serie-din-connecteur-standard-lighted-suppressed-non-gasketed\/","og_site_name":"LDA Belgique","article_modified_time":"2025-07-01T12:41:53+00:00","og_image":[{"width":800,"height":800,"url":"https:\/\/lda.be\/wp-content\/uploads\/2025\/07\/5k.webp","type":"image\/webp"}],"twitter_card":"summary_large_image","twitter_misc":{"Dur\u00e9e de lecture estim\u00e9e":"2 minutes"},"schema":{"@context":"https:\/\/schema.org","@graph":[{"@type":"WebPage","@id":"https:\/\/lda.be\/fr\/produit\/5k-serie-din-connecteur-standard-lighted-suppressed-non-gasketed\/","url":"https:\/\/lda.be\/fr\/produit\/5k-serie-din-connecteur-standard-lighted-suppressed-non-gasketed\/","name":"5K S\u00e9rie DIN connecteur - Standard, Lighted, Suppressed, Non-Gasketed - LDA Belgique","isPartOf":{"@id":"https:\/\/lda.be\/fr\/#website"},"primaryImageOfPage":{"@id":"https:\/\/lda.be\/fr\/produit\/5k-serie-din-connecteur-standard-lighted-suppressed-non-gasketed\/#primaryimage"},"image":{"@id":"https:\/\/lda.be\/fr\/produit\/5k-serie-din-connecteur-standard-lighted-suppressed-non-gasketed\/#primaryimage"},"thumbnailUrl":"https:\/\/lda.be\/wp-content\/uploads\/2025\/07\/5k.webp","datePublished":"2025-07-01T12:27:00+00:00","dateModified":"2025-07-01T12:41:53+00:00","description":"Connecteur d'\u00e9lectrovanne Canfield 5K DIN sans joint avec c\u00e2ble PU, IP65, protection LED et MOV, jusqu'\u00e0 250 V AC ou 300 V DC, 10 A CHez LDA belgique","breadcrumb":{"@id":"https:\/\/lda.be\/fr\/produit\/5k-serie-din-connecteur-standard-lighted-suppressed-non-gasketed\/#breadcrumb"},"inLanguage":"fr-FR","potentialAction":[{"@type":"ReadAction","target":["https:\/\/lda.be\/fr\/produit\/5k-serie-din-connecteur-standard-lighted-suppressed-non-gasketed\/"]}]},{"@type":"ImageObject","inLanguage":"fr-FR","@id":"https:\/\/lda.be\/fr\/produit\/5k-serie-din-connecteur-standard-lighted-suppressed-non-gasketed\/#primaryimage","url":"https:\/\/lda.be\/wp-content\/uploads\/2025\/07\/5k.webp","contentUrl":"https:\/\/lda.be\/wp-content\/uploads\/2025\/07\/5k.webp","width":800,"height":800,"caption":"5k connector"},{"@type":"BreadcrumbList","@id":"https:\/\/lda.be\/fr\/produit\/5k-serie-din-connecteur-standard-lighted-suppressed-non-gasketed\/#breadcrumb","itemListElement":[{"@type":"ListItem","position":1,"name":"Accueil","item":"https:\/\/lda.be\/fr\/"},{"@type":"ListItem","position":2,"name":"Produits","item":"https:\/\/lda.be\/fr\/produits\/"},{"@type":"ListItem","position":3,"name":"5K S\u00e9rie DIN connecteur &#8211; Standard, Lighted, Suppressed, Non-Gasketed"}]},{"@type":"WebSite","@id":"https:\/\/lda.be\/fr\/#website","url":"https:\/\/lda.be\/fr\/","name":"LDA Belgium","description":"Solutions For Life","publisher":{"@id":"https:\/\/lda.be\/fr\/#organization"},"potentialAction":[{"@type":"SearchAction","target":{"@type":"EntryPoint","urlTemplate":"https:\/\/lda.be\/fr\/?s={search_term_string}"},"query-input":{"@type":"PropertyValueSpecification","valueRequired":true,"valueName":"search_term_string"}}],"inLanguage":"fr-FR"},{"@type":"Organization","@id":"https:\/\/lda.be\/fr\/#organization","name":"LDA Belgium","url":"https:\/\/lda.be\/fr\/","logo":{"@type":"ImageObject","inLanguage":"fr-FR","@id":"https:\/\/lda.be\/fr\/#\/schema\/logo\/image\/","url":"https:\/\/lda.be\/wp-content\/uploads\/2022\/07\/Logo-LDA.webp","contentUrl":"https:\/\/lda.be\/wp-content\/uploads\/2022\/07\/Logo-LDA.webp","width":311,"height":101,"caption":"LDA Belgium"},"image":{"@id":"https:\/\/lda.be\/fr\/#\/schema\/logo\/image\/"},"sameAs":["https:\/\/www.linkedin.com\/company\/lda-belgium-nv"]}]}},"_links":{"self":[{"href":"https:\/\/lda.be\/fr\/wp-json\/wp\/v2\/product\/9194","targetHints":{"allow":["GET"]}}],"collection":[{"href":"https:\/\/lda.be\/fr\/wp-json\/wp\/v2\/product"}],"about":[{"href":"https:\/\/lda.be\/fr\/wp-json\/wp\/v2\/types\/product"}],"replies":[{"embeddable":true,"href":"https:\/\/lda.be\/fr\/wp-json\/wp\/v2\/comments?post=9194"}],"wp:featuredmedia":[{"embeddable":true,"href":"https:\/\/lda.be\/fr\/wp-json\/wp\/v2\/media\/9191"}],"wp:attachment":[{"href":"https:\/\/lda.be\/fr\/wp-json\/wp\/v2\/media?parent=9194"}],"wp:term":[{"taxonomy":"product_brand","embeddable":true,"href":"https:\/\/lda.be\/fr\/wp-json\/wp\/v2\/product_brand?post=9194"},{"taxonomy":"product_cat","embeddable":true,"href":"https:\/\/lda.be\/fr\/wp-json\/wp\/v2\/product_cat?post=9194"},{"taxonomy":"product_tag","embeddable":true,"href":"https:\/\/lda.be\/fr\/wp-json\/wp\/v2\/product_tag?post=9194"}],"curies":[{"name":"wp","href":"https:\/\/api.w.org\/{rel}","templated":true}]}}