{"id":9295,"date":"2025-07-02T13:21:12","date_gmt":"2025-07-02T12:21:12","guid":{"rendered":"https:\/\/lda.be\/?post_type=product&#038;p=9295"},"modified":"2025-07-02T13:31:29","modified_gmt":"2025-07-02T12:31:29","slug":"mccr-distribution-de-controle-multiple","status":"publish","type":"product","link":"https:\/\/lda.be\/fr\/produit\/mccr-distribution-de-controle-multiple\/","title":{"rendered":"MCCR &#8211; Distribution de contr\u00f4le multiple."},"content":{"rendered":"<p>Le connecteur MCCR de Canfield est un connecteur de distribution de c\u00e2bles brevet\u00e9 qui utilise la technologie de passage. Il permet de contr\u00f4ler plusieurs dispositifs en parall\u00e8le ou ind\u00e9pendamment et d&#8217;utiliser l&#8217;interface DIN Style\u00a0 &#8220;A&#8221;\u00a0 EN175301-803 (anciennement DIN 43650). Ce produit vous permet d&#8217;\u00e9conomiser au moins un chemin de c\u00e2ble entre le contr\u00f4leur et l&#8217;\u00e9lectrovanne. Il comprend le mat\u00e9riel et les processus n\u00e9cessaires.<\/p>\n<p>Le MCCR est con\u00e7u pour les vannes doubles et les blocs d&#8217;\u00e9lectrovannes ! Il facilite la simplification du c\u00e2blage et le remplacement des composants dans un environnement automatis\u00e9 ou modulaire. La protection environnementale IP65 reste intacte.<\/p>\n<p>Gr\u00e2ce \u00e0 la t\u00eate de joint mince qui s&#8217;adapte parfaitement entre un seul connecteur d&#8217;entr\u00e9e femelle et le dispositif m\u00e2le correspondant. Un c\u00e2ble \u00e0 trois fils avec un connecteur femelle 5K sort de la t\u00eate du MCCR. Avec deux circuits disponibles, vous pouvez piloter des appareils en aval s\u00e9par\u00e9ment (ind\u00e9pendamment) ou en parall\u00e8le (simultan\u00e9ment), et ils peuvent \u00e9galement \u00eatre connect\u00e9s en s\u00e9rie, en fonction des besoins de puissance.<\/p>\n<p>Demandez un devis d\u00e8s aujourd&#8217;hui !<\/p>\n","protected":false},"excerpt":{"rendered":"<p>Le connecteur MCCR de Canfield est un connecteur de distribution de c\u00e2bles brevet\u00e9 qui utilise la technologie de passage. Il permet de contr\u00f4ler plusieurs dispositifs en parall\u00e8le ou ind\u00e9pendamment et d&#8217;utiliser l&#8217;interface DIN Style\u00a0 &#8220;A&#8221;\u00a0 EN175301-803 (anciennement DIN 43650). Ce produit vous permet d&#8217;\u00e9conomiser au moins un chemin de c\u00e2ble entre le contr\u00f4leur et l&#8217;\u00e9lectrovanne. [&hellip;]<\/p>\n","protected":false},"featured_media":9290,"comment_status":"closed","ping_status":"closed","template":"","meta":[],"product_brand":[1610],"product_cat":[818,828,1608],"product_tag":[],"class_list":{"0":"post-9295","1":"product","2":"type-product","3":"status-publish","4":"has-post-thumbnail","6":"product_brand-canfield","7":"product_cat-connecteurs-et-cables","8":"product_cat-connecteurs","9":"product_cat-connecteurs-industriels-de-type-a-b-c-et-micro","11":"first","12":"instock","13":"shipping-taxable","14":"product-type-simple"},"yoast_head":"<!-- This site is optimized with the Yoast SEO plugin v27.3 - https:\/\/yoast.com\/product\/yoast-seo-wordpress\/ -->\n<title>MCCR - Distribution de contr\u00f4le multiple. - LDA Belgique<\/title>\n<meta name=\"description\" content=\"Syst\u00e8me de distribution modulaire MCCR de Canfield pour les vannes DIN de style &quot;A&quot;. La technologie brevet\u00e9e des conduits permet d&#039;\u00e9conomiser le c\u00e2blage\" \/>\n<meta name=\"robots\" content=\"index, follow, max-snippet:-1, max-image-preview:large, max-video-preview:-1\" \/>\n<link rel=\"canonical\" href=\"https:\/\/lda.be\/fr\/produit\/mccr-distribution-de-controle-multiple\/\" \/>\n<meta property=\"og:locale\" content=\"fr_FR\" \/>\n<meta property=\"og:type\" content=\"article\" \/>\n<meta property=\"og:title\" content=\"MCCR - Distribution de contr\u00f4le multiple. - LDA Belgique\" \/>\n<meta property=\"og:description\" content=\"Syst\u00e8me de distribution modulaire MCCR de Canfield pour les vannes DIN de style &quot;A&quot;. La technologie brevet\u00e9e des conduits permet d&#039;\u00e9conomiser le c\u00e2blage\" \/>\n<meta property=\"og:url\" content=\"https:\/\/lda.be\/fr\/produit\/mccr-distribution-de-controle-multiple\/\" \/>\n<meta property=\"og:site_name\" content=\"LDA Belgique\" \/>\n<meta property=\"article:modified_time\" content=\"2025-07-02T12:31:29+00:00\" \/>\n<meta property=\"og:image\" content=\"https:\/\/lda.be\/wp-content\/uploads\/2025\/07\/MCCR.webp\" \/>\n\t<meta property=\"og:image:width\" content=\"800\" \/>\n\t<meta property=\"og:image:height\" content=\"800\" \/>\n\t<meta property=\"og:image:type\" content=\"image\/webp\" \/>\n<meta name=\"twitter:card\" content=\"summary_large_image\" \/>\n<meta name=\"twitter:label1\" content=\"Dur\u00e9e de lecture estim\u00e9e\" \/>\n\t<meta name=\"twitter:data1\" content=\"2 minutes\" \/>\n<script type=\"application\/ld+json\" class=\"yoast-schema-graph\">{\"@context\":\"https:\\\/\\\/schema.org\",\"@graph\":[{\"@type\":\"WebPage\",\"@id\":\"https:\\\/\\\/lda.be\\\/fr\\\/produit\\\/mccr-distribution-de-controle-multiple\\\/\",\"url\":\"https:\\\/\\\/lda.be\\\/fr\\\/produit\\\/mccr-distribution-de-controle-multiple\\\/\",\"name\":\"MCCR - Distribution de contr\u00f4le multiple. - LDA Belgique\",\"isPartOf\":{\"@id\":\"https:\\\/\\\/lda.be\\\/fr\\\/#website\"},\"primaryImageOfPage\":{\"@id\":\"https:\\\/\\\/lda.be\\\/fr\\\/produit\\\/mccr-distribution-de-controle-multiple\\\/#primaryimage\"},\"image\":{\"@id\":\"https:\\\/\\\/lda.be\\\/fr\\\/produit\\\/mccr-distribution-de-controle-multiple\\\/#primaryimage\"},\"thumbnailUrl\":\"https:\\\/\\\/lda.be\\\/wp-content\\\/uploads\\\/2025\\\/07\\\/MCCR.webp\",\"datePublished\":\"2025-07-02T12:21:12+00:00\",\"dateModified\":\"2025-07-02T12:31:29+00:00\",\"description\":\"Syst\u00e8me de distribution modulaire MCCR de Canfield pour les vannes DIN de style \\\"A\\\". La technologie brevet\u00e9e des conduits permet d'\u00e9conomiser le c\u00e2blage\",\"breadcrumb\":{\"@id\":\"https:\\\/\\\/lda.be\\\/fr\\\/produit\\\/mccr-distribution-de-controle-multiple\\\/#breadcrumb\"},\"inLanguage\":\"fr-FR\",\"potentialAction\":[{\"@type\":\"ReadAction\",\"target\":[\"https:\\\/\\\/lda.be\\\/fr\\\/produit\\\/mccr-distribution-de-controle-multiple\\\/\"]}]},{\"@type\":\"ImageObject\",\"inLanguage\":\"fr-FR\",\"@id\":\"https:\\\/\\\/lda.be\\\/fr\\\/produit\\\/mccr-distribution-de-controle-multiple\\\/#primaryimage\",\"url\":\"https:\\\/\\\/lda.be\\\/wp-content\\\/uploads\\\/2025\\\/07\\\/MCCR.webp\",\"contentUrl\":\"https:\\\/\\\/lda.be\\\/wp-content\\\/uploads\\\/2025\\\/07\\\/MCCR.webp\",\"width\":800,\"height\":800,\"caption\":\"canfield MCCR connector\"},{\"@type\":\"BreadcrumbList\",\"@id\":\"https:\\\/\\\/lda.be\\\/fr\\\/produit\\\/mccr-distribution-de-controle-multiple\\\/#breadcrumb\",\"itemListElement\":[{\"@type\":\"ListItem\",\"position\":1,\"name\":\"Accueil\",\"item\":\"https:\\\/\\\/lda.be\\\/fr\\\/\"},{\"@type\":\"ListItem\",\"position\":2,\"name\":\"Produits\",\"item\":\"https:\\\/\\\/lda.be\\\/fr\\\/produits\\\/\"},{\"@type\":\"ListItem\",\"position\":3,\"name\":\"MCCR &#8211; Distribution de contr\u00f4le multiple.\"}]},{\"@type\":\"WebSite\",\"@id\":\"https:\\\/\\\/lda.be\\\/fr\\\/#website\",\"url\":\"https:\\\/\\\/lda.be\\\/fr\\\/\",\"name\":\"LDA Belgium\",\"description\":\"Solutions For Life\",\"publisher\":{\"@id\":\"https:\\\/\\\/lda.be\\\/fr\\\/#organization\"},\"potentialAction\":[{\"@type\":\"SearchAction\",\"target\":{\"@type\":\"EntryPoint\",\"urlTemplate\":\"https:\\\/\\\/lda.be\\\/fr\\\/?s={search_term_string}\"},\"query-input\":{\"@type\":\"PropertyValueSpecification\",\"valueRequired\":true,\"valueName\":\"search_term_string\"}}],\"inLanguage\":\"fr-FR\"},{\"@type\":\"Organization\",\"@id\":\"https:\\\/\\\/lda.be\\\/fr\\\/#organization\",\"name\":\"LDA Belgium\",\"url\":\"https:\\\/\\\/lda.be\\\/fr\\\/\",\"logo\":{\"@type\":\"ImageObject\",\"inLanguage\":\"fr-FR\",\"@id\":\"https:\\\/\\\/lda.be\\\/fr\\\/#\\\/schema\\\/logo\\\/image\\\/\",\"url\":\"https:\\\/\\\/lda.be\\\/wp-content\\\/uploads\\\/2022\\\/07\\\/Logo-LDA.webp\",\"contentUrl\":\"https:\\\/\\\/lda.be\\\/wp-content\\\/uploads\\\/2022\\\/07\\\/Logo-LDA.webp\",\"width\":311,\"height\":101,\"caption\":\"LDA Belgium\"},\"image\":{\"@id\":\"https:\\\/\\\/lda.be\\\/fr\\\/#\\\/schema\\\/logo\\\/image\\\/\"},\"sameAs\":[\"https:\\\/\\\/www.linkedin.com\\\/company\\\/lda-belgium-nv\"]}]}<\/script>\n<!-- \/ Yoast SEO plugin. -->","yoast_head_json":{"title":"MCCR - Distribution de contr\u00f4le multiple. - LDA Belgique","description":"Syst\u00e8me de distribution modulaire MCCR de Canfield pour les vannes DIN de style \"A\". La technologie brevet\u00e9e des conduits permet d'\u00e9conomiser le c\u00e2blage","robots":{"index":"index","follow":"follow","max-snippet":"max-snippet:-1","max-image-preview":"max-image-preview:large","max-video-preview":"max-video-preview:-1"},"canonical":"https:\/\/lda.be\/fr\/produit\/mccr-distribution-de-controle-multiple\/","og_locale":"fr_FR","og_type":"article","og_title":"MCCR - Distribution de contr\u00f4le multiple. - LDA Belgique","og_description":"Syst\u00e8me de distribution modulaire MCCR de Canfield pour les vannes DIN de style \"A\". La technologie brevet\u00e9e des conduits permet d'\u00e9conomiser le c\u00e2blage","og_url":"https:\/\/lda.be\/fr\/produit\/mccr-distribution-de-controle-multiple\/","og_site_name":"LDA Belgique","article_modified_time":"2025-07-02T12:31:29+00:00","og_image":[{"width":800,"height":800,"url":"https:\/\/lda.be\/wp-content\/uploads\/2025\/07\/MCCR.webp","type":"image\/webp"}],"twitter_card":"summary_large_image","twitter_misc":{"Dur\u00e9e de lecture estim\u00e9e":"2 minutes"},"schema":{"@context":"https:\/\/schema.org","@graph":[{"@type":"WebPage","@id":"https:\/\/lda.be\/fr\/produit\/mccr-distribution-de-controle-multiple\/","url":"https:\/\/lda.be\/fr\/produit\/mccr-distribution-de-controle-multiple\/","name":"MCCR - Distribution de contr\u00f4le multiple. - LDA Belgique","isPartOf":{"@id":"https:\/\/lda.be\/fr\/#website"},"primaryImageOfPage":{"@id":"https:\/\/lda.be\/fr\/produit\/mccr-distribution-de-controle-multiple\/#primaryimage"},"image":{"@id":"https:\/\/lda.be\/fr\/produit\/mccr-distribution-de-controle-multiple\/#primaryimage"},"thumbnailUrl":"https:\/\/lda.be\/wp-content\/uploads\/2025\/07\/MCCR.webp","datePublished":"2025-07-02T12:21:12+00:00","dateModified":"2025-07-02T12:31:29+00:00","description":"Syst\u00e8me de distribution modulaire MCCR de Canfield pour les vannes DIN de style \"A\". La technologie brevet\u00e9e des conduits permet d'\u00e9conomiser le c\u00e2blage","breadcrumb":{"@id":"https:\/\/lda.be\/fr\/produit\/mccr-distribution-de-controle-multiple\/#breadcrumb"},"inLanguage":"fr-FR","potentialAction":[{"@type":"ReadAction","target":["https:\/\/lda.be\/fr\/produit\/mccr-distribution-de-controle-multiple\/"]}]},{"@type":"ImageObject","inLanguage":"fr-FR","@id":"https:\/\/lda.be\/fr\/produit\/mccr-distribution-de-controle-multiple\/#primaryimage","url":"https:\/\/lda.be\/wp-content\/uploads\/2025\/07\/MCCR.webp","contentUrl":"https:\/\/lda.be\/wp-content\/uploads\/2025\/07\/MCCR.webp","width":800,"height":800,"caption":"canfield MCCR connector"},{"@type":"BreadcrumbList","@id":"https:\/\/lda.be\/fr\/produit\/mccr-distribution-de-controle-multiple\/#breadcrumb","itemListElement":[{"@type":"ListItem","position":1,"name":"Accueil","item":"https:\/\/lda.be\/fr\/"},{"@type":"ListItem","position":2,"name":"Produits","item":"https:\/\/lda.be\/fr\/produits\/"},{"@type":"ListItem","position":3,"name":"MCCR &#8211; Distribution de contr\u00f4le multiple."}]},{"@type":"WebSite","@id":"https:\/\/lda.be\/fr\/#website","url":"https:\/\/lda.be\/fr\/","name":"LDA Belgium","description":"Solutions For Life","publisher":{"@id":"https:\/\/lda.be\/fr\/#organization"},"potentialAction":[{"@type":"SearchAction","target":{"@type":"EntryPoint","urlTemplate":"https:\/\/lda.be\/fr\/?s={search_term_string}"},"query-input":{"@type":"PropertyValueSpecification","valueRequired":true,"valueName":"search_term_string"}}],"inLanguage":"fr-FR"},{"@type":"Organization","@id":"https:\/\/lda.be\/fr\/#organization","name":"LDA Belgium","url":"https:\/\/lda.be\/fr\/","logo":{"@type":"ImageObject","inLanguage":"fr-FR","@id":"https:\/\/lda.be\/fr\/#\/schema\/logo\/image\/","url":"https:\/\/lda.be\/wp-content\/uploads\/2022\/07\/Logo-LDA.webp","contentUrl":"https:\/\/lda.be\/wp-content\/uploads\/2022\/07\/Logo-LDA.webp","width":311,"height":101,"caption":"LDA Belgium"},"image":{"@id":"https:\/\/lda.be\/fr\/#\/schema\/logo\/image\/"},"sameAs":["https:\/\/www.linkedin.com\/company\/lda-belgium-nv"]}]}},"_links":{"self":[{"href":"https:\/\/lda.be\/fr\/wp-json\/wp\/v2\/product\/9295","targetHints":{"allow":["GET"]}}],"collection":[{"href":"https:\/\/lda.be\/fr\/wp-json\/wp\/v2\/product"}],"about":[{"href":"https:\/\/lda.be\/fr\/wp-json\/wp\/v2\/types\/product"}],"replies":[{"embeddable":true,"href":"https:\/\/lda.be\/fr\/wp-json\/wp\/v2\/comments?post=9295"}],"wp:featuredmedia":[{"embeddable":true,"href":"https:\/\/lda.be\/fr\/wp-json\/wp\/v2\/media\/9290"}],"wp:attachment":[{"href":"https:\/\/lda.be\/fr\/wp-json\/wp\/v2\/media?parent=9295"}],"wp:term":[{"taxonomy":"product_brand","embeddable":true,"href":"https:\/\/lda.be\/fr\/wp-json\/wp\/v2\/product_brand?post=9295"},{"taxonomy":"product_cat","embeddable":true,"href":"https:\/\/lda.be\/fr\/wp-json\/wp\/v2\/product_cat?post=9295"},{"taxonomy":"product_tag","embeddable":true,"href":"https:\/\/lda.be\/fr\/wp-json\/wp\/v2\/product_tag?post=9295"}],"curies":[{"name":"wp","href":"https:\/\/api.w.org\/{rel}","templated":true}]}}