{"id":9378,"date":"2025-07-03T14:50:16","date_gmt":"2025-07-03T13:50:16","guid":{"rendered":"https:\/\/lda.be\/?post_type=product&#038;p=9378"},"modified":"2025-07-03T15:11:05","modified_gmt":"2025-07-03T14:11:05","slug":"r5000-serie-redresseur-a-pont-complet","status":"publish","type":"product","link":"https:\/\/lda.be\/fr\/produit\/r5000-serie-redresseur-a-pont-complet\/","title":{"rendered":"R5000 S\u00e9rie &#8211; Redresseur \u00e0 pont complet"},"content":{"rendered":"<p>La s\u00e9rie R5000 de Canfield est un connecteur d&#8217;\u00e9lectrovanne enti\u00e8rement moul\u00e9 avec un redresseur de cellule \u00e0 pont int\u00e9gr\u00e9 (pleine onde). Le module convertit la tension CA en tension CC, ce qui \u00e9limine les vibrations de la vanne (AC-hum) et emp\u00eache la br\u00fblure de la bobine due au blocage des vannes. Cela prolonge la dur\u00e9e de vie des vannes et garantit un fonctionnement plus silencieux.<\/p>\n<p>Le R5000 s&#8217;adapte aux \u00e9lectrovannes standard avec une connexion DIN 43650 Forme A (maintenant EN175301-803). Le connecteur peut \u00eatre facilement c\u00e2bl\u00e9 \u00e0 l&#8217;int\u00e9rieur m\u00eame du bo\u00eetier. Il est disponible avec une entr\u00e9e PG9, PG11 ou 1\/2\u2033 et est livr\u00e9 en standard avec une vis, un joint et une d\u00e9charge de traction.<\/p>\n<p>Selon la version, le R5000 est disponible avec une indication LED pour un diagnostic visuel, et avec une suppression MOV contre les pics de tension. Le courant continu maximal est de 1 A, avec une charge de pointe pouvant atteindre 15 A pendant 15 millisecondes. Le connecteur est conforme \u00e0 la norme IP65 et convient \u00e0 une utilisation en int\u00e9rieur ou en ext\u00e9rieur.<\/p>\n<p>Vous voulez savoir si la s\u00e9rie R5000 est la bonne solution pour le c\u00e2blage de vos vannes ? Demandez d\u00e8s aujourd&#8217;hui un devis \u00e0 LDA Belgium et optez pour une connexion silencieuse et fiable.<\/p>\n","protected":false},"excerpt":{"rendered":"<p>La s\u00e9rie R5000 de Canfield est un connecteur d&#8217;\u00e9lectrovanne enti\u00e8rement moul\u00e9 avec un redresseur de cellule \u00e0 pont int\u00e9gr\u00e9 (pleine onde). Le module convertit la tension CA en tension CC, ce qui \u00e9limine les vibrations de la vanne (AC-hum) et emp\u00eache la br\u00fblure de la bobine due au blocage des vannes. Cela prolonge la dur\u00e9e [&hellip;]<\/p>\n","protected":false},"featured_media":9382,"comment_status":"closed","ping_status":"closed","template":"","meta":[],"product_brand":[1610],"product_cat":[818,828,1608],"product_tag":[],"class_list":{"0":"post-9378","1":"product","2":"type-product","3":"status-publish","4":"has-post-thumbnail","6":"product_brand-canfield","7":"product_cat-connecteurs-et-cables","8":"product_cat-connecteurs","9":"product_cat-connecteurs-industriels-de-type-a-b-c-et-micro","11":"first","12":"instock","13":"shipping-taxable","14":"product-type-simple"},"yoast_head":"<!-- This site is optimized with the Yoast SEO plugin v27.3 - https:\/\/yoast.com\/product\/yoast-seo-wordpress\/ -->\n<title>R5000 S\u00e9rie - Redresseur \u00e0 pont complet - LDA Belgique<\/title>\n<meta name=\"description\" content=\"Canfield R5000 connecteur d&#039;\u00e9lectrovanne avec redresseur interne, DIN Forme A, entr\u00e9e 6-240 V AC, 1 A, en option avec LED et MOV. IP65. LDA Belgique\" \/>\n<meta name=\"robots\" content=\"index, follow, max-snippet:-1, max-image-preview:large, max-video-preview:-1\" \/>\n<link rel=\"canonical\" href=\"https:\/\/lda.be\/fr\/produit\/r5000-serie-redresseur-a-pont-complet\/\" \/>\n<meta property=\"og:locale\" content=\"fr_FR\" \/>\n<meta property=\"og:type\" content=\"article\" \/>\n<meta property=\"og:title\" content=\"R5000 S\u00e9rie - Redresseur \u00e0 pont complet - LDA Belgique\" \/>\n<meta property=\"og:description\" content=\"Canfield R5000 connecteur d&#039;\u00e9lectrovanne avec redresseur interne, DIN Forme A, entr\u00e9e 6-240 V AC, 1 A, en option avec LED et MOV. IP65. LDA Belgique\" \/>\n<meta property=\"og:url\" content=\"https:\/\/lda.be\/fr\/produit\/r5000-serie-redresseur-a-pont-complet\/\" \/>\n<meta property=\"og:site_name\" content=\"LDA Belgique\" \/>\n<meta property=\"article:modified_time\" content=\"2025-07-03T14:11:05+00:00\" \/>\n<meta property=\"og:image\" content=\"https:\/\/lda.be\/wp-content\/uploads\/2025\/07\/R5000.webp\" \/>\n\t<meta property=\"og:image:width\" content=\"800\" \/>\n\t<meta property=\"og:image:height\" content=\"800\" \/>\n\t<meta property=\"og:image:type\" content=\"image\/webp\" \/>\n<meta name=\"twitter:card\" content=\"summary_large_image\" \/>\n<meta name=\"twitter:label1\" content=\"Dur\u00e9e de lecture estim\u00e9e\" \/>\n\t<meta name=\"twitter:data1\" content=\"2 minutes\" \/>\n<script type=\"application\/ld+json\" class=\"yoast-schema-graph\">{\"@context\":\"https:\\\/\\\/schema.org\",\"@graph\":[{\"@type\":\"WebPage\",\"@id\":\"https:\\\/\\\/lda.be\\\/fr\\\/produit\\\/r5000-serie-redresseur-a-pont-complet\\\/\",\"url\":\"https:\\\/\\\/lda.be\\\/fr\\\/produit\\\/r5000-serie-redresseur-a-pont-complet\\\/\",\"name\":\"R5000 S\u00e9rie - Redresseur \u00e0 pont complet - LDA Belgique\",\"isPartOf\":{\"@id\":\"https:\\\/\\\/lda.be\\\/fr\\\/#website\"},\"primaryImageOfPage\":{\"@id\":\"https:\\\/\\\/lda.be\\\/fr\\\/produit\\\/r5000-serie-redresseur-a-pont-complet\\\/#primaryimage\"},\"image\":{\"@id\":\"https:\\\/\\\/lda.be\\\/fr\\\/produit\\\/r5000-serie-redresseur-a-pont-complet\\\/#primaryimage\"},\"thumbnailUrl\":\"https:\\\/\\\/lda.be\\\/wp-content\\\/uploads\\\/2025\\\/07\\\/R5000.webp\",\"datePublished\":\"2025-07-03T13:50:16+00:00\",\"dateModified\":\"2025-07-03T14:11:05+00:00\",\"description\":\"Canfield R5000 connecteur d'\u00e9lectrovanne avec redresseur interne, DIN Forme A, entr\u00e9e 6-240 V AC, 1 A, en option avec LED et MOV. IP65. LDA Belgique\",\"breadcrumb\":{\"@id\":\"https:\\\/\\\/lda.be\\\/fr\\\/produit\\\/r5000-serie-redresseur-a-pont-complet\\\/#breadcrumb\"},\"inLanguage\":\"fr-FR\",\"potentialAction\":[{\"@type\":\"ReadAction\",\"target\":[\"https:\\\/\\\/lda.be\\\/fr\\\/produit\\\/r5000-serie-redresseur-a-pont-complet\\\/\"]}]},{\"@type\":\"ImageObject\",\"inLanguage\":\"fr-FR\",\"@id\":\"https:\\\/\\\/lda.be\\\/fr\\\/produit\\\/r5000-serie-redresseur-a-pont-complet\\\/#primaryimage\",\"url\":\"https:\\\/\\\/lda.be\\\/wp-content\\\/uploads\\\/2025\\\/07\\\/R5000.webp\",\"contentUrl\":\"https:\\\/\\\/lda.be\\\/wp-content\\\/uploads\\\/2025\\\/07\\\/R5000.webp\",\"width\":800,\"height\":800},{\"@type\":\"BreadcrumbList\",\"@id\":\"https:\\\/\\\/lda.be\\\/fr\\\/produit\\\/r5000-serie-redresseur-a-pont-complet\\\/#breadcrumb\",\"itemListElement\":[{\"@type\":\"ListItem\",\"position\":1,\"name\":\"Accueil\",\"item\":\"https:\\\/\\\/lda.be\\\/fr\\\/\"},{\"@type\":\"ListItem\",\"position\":2,\"name\":\"Produits\",\"item\":\"https:\\\/\\\/lda.be\\\/fr\\\/produits\\\/\"},{\"@type\":\"ListItem\",\"position\":3,\"name\":\"R5000 S\u00e9rie &#8211; Redresseur \u00e0 pont complet\"}]},{\"@type\":\"WebSite\",\"@id\":\"https:\\\/\\\/lda.be\\\/fr\\\/#website\",\"url\":\"https:\\\/\\\/lda.be\\\/fr\\\/\",\"name\":\"LDA Belgium\",\"description\":\"Solutions For Life\",\"publisher\":{\"@id\":\"https:\\\/\\\/lda.be\\\/fr\\\/#organization\"},\"potentialAction\":[{\"@type\":\"SearchAction\",\"target\":{\"@type\":\"EntryPoint\",\"urlTemplate\":\"https:\\\/\\\/lda.be\\\/fr\\\/?s={search_term_string}\"},\"query-input\":{\"@type\":\"PropertyValueSpecification\",\"valueRequired\":true,\"valueName\":\"search_term_string\"}}],\"inLanguage\":\"fr-FR\"},{\"@type\":\"Organization\",\"@id\":\"https:\\\/\\\/lda.be\\\/fr\\\/#organization\",\"name\":\"LDA Belgium\",\"url\":\"https:\\\/\\\/lda.be\\\/fr\\\/\",\"logo\":{\"@type\":\"ImageObject\",\"inLanguage\":\"fr-FR\",\"@id\":\"https:\\\/\\\/lda.be\\\/fr\\\/#\\\/schema\\\/logo\\\/image\\\/\",\"url\":\"https:\\\/\\\/lda.be\\\/wp-content\\\/uploads\\\/2022\\\/07\\\/Logo-LDA.webp\",\"contentUrl\":\"https:\\\/\\\/lda.be\\\/wp-content\\\/uploads\\\/2022\\\/07\\\/Logo-LDA.webp\",\"width\":311,\"height\":101,\"caption\":\"LDA Belgium\"},\"image\":{\"@id\":\"https:\\\/\\\/lda.be\\\/fr\\\/#\\\/schema\\\/logo\\\/image\\\/\"},\"sameAs\":[\"https:\\\/\\\/www.linkedin.com\\\/company\\\/lda-belgium-nv\"]}]}<\/script>\n<!-- \/ Yoast SEO plugin. -->","yoast_head_json":{"title":"R5000 S\u00e9rie - Redresseur \u00e0 pont complet - LDA Belgique","description":"Canfield R5000 connecteur d'\u00e9lectrovanne avec redresseur interne, DIN Forme A, entr\u00e9e 6-240 V AC, 1 A, en option avec LED et MOV. IP65. LDA Belgique","robots":{"index":"index","follow":"follow","max-snippet":"max-snippet:-1","max-image-preview":"max-image-preview:large","max-video-preview":"max-video-preview:-1"},"canonical":"https:\/\/lda.be\/fr\/produit\/r5000-serie-redresseur-a-pont-complet\/","og_locale":"fr_FR","og_type":"article","og_title":"R5000 S\u00e9rie - Redresseur \u00e0 pont complet - LDA Belgique","og_description":"Canfield R5000 connecteur d'\u00e9lectrovanne avec redresseur interne, DIN Forme A, entr\u00e9e 6-240 V AC, 1 A, en option avec LED et MOV. IP65. LDA Belgique","og_url":"https:\/\/lda.be\/fr\/produit\/r5000-serie-redresseur-a-pont-complet\/","og_site_name":"LDA Belgique","article_modified_time":"2025-07-03T14:11:05+00:00","og_image":[{"width":800,"height":800,"url":"https:\/\/lda.be\/wp-content\/uploads\/2025\/07\/R5000.webp","type":"image\/webp"}],"twitter_card":"summary_large_image","twitter_misc":{"Dur\u00e9e de lecture estim\u00e9e":"2 minutes"},"schema":{"@context":"https:\/\/schema.org","@graph":[{"@type":"WebPage","@id":"https:\/\/lda.be\/fr\/produit\/r5000-serie-redresseur-a-pont-complet\/","url":"https:\/\/lda.be\/fr\/produit\/r5000-serie-redresseur-a-pont-complet\/","name":"R5000 S\u00e9rie - Redresseur \u00e0 pont complet - LDA Belgique","isPartOf":{"@id":"https:\/\/lda.be\/fr\/#website"},"primaryImageOfPage":{"@id":"https:\/\/lda.be\/fr\/produit\/r5000-serie-redresseur-a-pont-complet\/#primaryimage"},"image":{"@id":"https:\/\/lda.be\/fr\/produit\/r5000-serie-redresseur-a-pont-complet\/#primaryimage"},"thumbnailUrl":"https:\/\/lda.be\/wp-content\/uploads\/2025\/07\/R5000.webp","datePublished":"2025-07-03T13:50:16+00:00","dateModified":"2025-07-03T14:11:05+00:00","description":"Canfield R5000 connecteur d'\u00e9lectrovanne avec redresseur interne, DIN Forme A, entr\u00e9e 6-240 V AC, 1 A, en option avec LED et MOV. IP65. LDA Belgique","breadcrumb":{"@id":"https:\/\/lda.be\/fr\/produit\/r5000-serie-redresseur-a-pont-complet\/#breadcrumb"},"inLanguage":"fr-FR","potentialAction":[{"@type":"ReadAction","target":["https:\/\/lda.be\/fr\/produit\/r5000-serie-redresseur-a-pont-complet\/"]}]},{"@type":"ImageObject","inLanguage":"fr-FR","@id":"https:\/\/lda.be\/fr\/produit\/r5000-serie-redresseur-a-pont-complet\/#primaryimage","url":"https:\/\/lda.be\/wp-content\/uploads\/2025\/07\/R5000.webp","contentUrl":"https:\/\/lda.be\/wp-content\/uploads\/2025\/07\/R5000.webp","width":800,"height":800},{"@type":"BreadcrumbList","@id":"https:\/\/lda.be\/fr\/produit\/r5000-serie-redresseur-a-pont-complet\/#breadcrumb","itemListElement":[{"@type":"ListItem","position":1,"name":"Accueil","item":"https:\/\/lda.be\/fr\/"},{"@type":"ListItem","position":2,"name":"Produits","item":"https:\/\/lda.be\/fr\/produits\/"},{"@type":"ListItem","position":3,"name":"R5000 S\u00e9rie &#8211; Redresseur \u00e0 pont complet"}]},{"@type":"WebSite","@id":"https:\/\/lda.be\/fr\/#website","url":"https:\/\/lda.be\/fr\/","name":"LDA Belgium","description":"Solutions For Life","publisher":{"@id":"https:\/\/lda.be\/fr\/#organization"},"potentialAction":[{"@type":"SearchAction","target":{"@type":"EntryPoint","urlTemplate":"https:\/\/lda.be\/fr\/?s={search_term_string}"},"query-input":{"@type":"PropertyValueSpecification","valueRequired":true,"valueName":"search_term_string"}}],"inLanguage":"fr-FR"},{"@type":"Organization","@id":"https:\/\/lda.be\/fr\/#organization","name":"LDA Belgium","url":"https:\/\/lda.be\/fr\/","logo":{"@type":"ImageObject","inLanguage":"fr-FR","@id":"https:\/\/lda.be\/fr\/#\/schema\/logo\/image\/","url":"https:\/\/lda.be\/wp-content\/uploads\/2022\/07\/Logo-LDA.webp","contentUrl":"https:\/\/lda.be\/wp-content\/uploads\/2022\/07\/Logo-LDA.webp","width":311,"height":101,"caption":"LDA Belgium"},"image":{"@id":"https:\/\/lda.be\/fr\/#\/schema\/logo\/image\/"},"sameAs":["https:\/\/www.linkedin.com\/company\/lda-belgium-nv"]}]}},"_links":{"self":[{"href":"https:\/\/lda.be\/fr\/wp-json\/wp\/v2\/product\/9378","targetHints":{"allow":["GET"]}}],"collection":[{"href":"https:\/\/lda.be\/fr\/wp-json\/wp\/v2\/product"}],"about":[{"href":"https:\/\/lda.be\/fr\/wp-json\/wp\/v2\/types\/product"}],"replies":[{"embeddable":true,"href":"https:\/\/lda.be\/fr\/wp-json\/wp\/v2\/comments?post=9378"}],"wp:featuredmedia":[{"embeddable":true,"href":"https:\/\/lda.be\/fr\/wp-json\/wp\/v2\/media\/9382"}],"wp:attachment":[{"href":"https:\/\/lda.be\/fr\/wp-json\/wp\/v2\/media?parent=9378"}],"wp:term":[{"taxonomy":"product_brand","embeddable":true,"href":"https:\/\/lda.be\/fr\/wp-json\/wp\/v2\/product_brand?post=9378"},{"taxonomy":"product_cat","embeddable":true,"href":"https:\/\/lda.be\/fr\/wp-json\/wp\/v2\/product_cat?post=9378"},{"taxonomy":"product_tag","embeddable":true,"href":"https:\/\/lda.be\/fr\/wp-json\/wp\/v2\/product_tag?post=9378"}],"curies":[{"name":"wp","href":"https:\/\/api.w.org\/{rel}","templated":true}]}}