{"id":9395,"date":"2025-07-03T15:20:40","date_gmt":"2025-07-03T14:20:40","guid":{"rendered":"https:\/\/lda.be\/?post_type=product&#038;p=9395"},"modified":"2025-07-03T15:34:16","modified_gmt":"2025-07-03T14:34:16","slug":"m5-interfaces-males-a-deconnexion-rapide","status":"publish","type":"product","link":"https:\/\/lda.be\/fr\/produit\/m5-interfaces-males-a-deconnexion-rapide\/","title":{"rendered":"M5 &#8211; Interfaces m\u00e2les \u00e0 d\u00e9connexion rapide"},"content":{"rendered":"<p>Les connecteurs m\u00e2les Canfield de la s\u00e9rie M5 sont con\u00e7us comme des connecteurs \u00e9lectriques rapides pour les \u00e9lectrovannes, les pressostats et les capteurs dans les applications pneumatiques et hydrauliques. Ces connecteurs sont utilis\u00e9s lors du moulage, de l&#8217;empotage ou de la r\u00e9sinification des bobines ou comme interface robuste lors de l&#8217;assemblage final des syst\u00e8mes de vannes. Gr\u00e2ce \u00e0 leur large compatibilit\u00e9, ils conviennent aux formats standard ISO, MINI et Sub-Micro.<\/p>\n<p>La s\u00e9rie M5 est disponible en diff\u00e9rentes versions : pour montage encastr\u00e9, montage sur panneau, montage sur plaque ou conduit \u00bd\u2033. Les versions ISO ont un espacement des broches de 18 mm conform\u00e9ment \u00e0 la norme DIN EN175301-803 Forme A. Les connecteurs MINI suivent le format industriel standard de 11 mm et les connecteurs Sub-Micro sont disponibles avec un espacement des broches de 8 mm (DIN Style C) ou de 9,4 mm. Selon le mod\u00e8le, des versions avec contacts de terre 2+ ou 3+ sont disponibles.<\/p>\n<p>Le bo\u00eetier est en nylon renforc\u00e9 de fibres de verre et r\u00e9siste \u00e0 des temp\u00e9ratures allant jusqu&#8217;\u00e0 125 \u00b0C (105 \u00b0C pour les versions pour conduits). Tous les mod\u00e8les comportent des trous de montage avec des vis de taille M2,5 ou M3 et sont fournis avec le mat\u00e9riel de montage. Leur finition robuste et leurs options de montage polyvalentes les rendent utilisables dans les applications mobiles, les appareils OEM ou l&#8217;automatisation industrielle.<\/p>\n<p>Vous voulez savoir quel connecteur m\u00e2le M5 convient \u00e0 votre application ? Demandez d\u00e8s aujourd&#8217;hui un devis \u00e0 LDA Belgium et connectez votre syst\u00e8me \u00e0 un standard fiable.<\/p>\n","protected":false},"excerpt":{"rendered":"<p>Les connecteurs m\u00e2les Canfield de la s\u00e9rie M5 sont con\u00e7us comme des connecteurs \u00e9lectriques rapides pour les \u00e9lectrovannes, les pressostats et les capteurs dans les applications pneumatiques et hydrauliques. Ces connecteurs sont utilis\u00e9s lors du moulage, de l&#8217;empotage ou de la r\u00e9sinification des bobines ou comme interface robuste lors de l&#8217;assemblage final des syst\u00e8mes de [&hellip;]<\/p>\n","protected":false},"featured_media":9392,"comment_status":"closed","ping_status":"closed","template":"","meta":[],"product_brand":[1610],"product_cat":[818,828,1608],"product_tag":[],"class_list":{"0":"post-9395","1":"product","2":"type-product","3":"status-publish","4":"has-post-thumbnail","6":"product_brand-canfield","7":"product_cat-connecteurs-et-cables","8":"product_cat-connecteurs","9":"product_cat-connecteurs-industriels-de-type-a-b-c-et-micro","11":"first","12":"instock","13":"shipping-taxable","14":"product-type-simple"},"yoast_head":"<!-- This site is optimized with the Yoast SEO plugin v27.3 - https:\/\/yoast.com\/product\/yoast-seo-wordpress\/ -->\n<title>M5 - Interfaces m\u00e2les \u00e0 d\u00e9connexion rapide - LDA Belgique<\/title>\n<meta name=\"description\" content=\"Connecteur m\u00e2le Canfield s\u00e9rie M5 pour vannes ISO, MINI ou Sub-Micro. Terre 2+ ou 3+, jusqu&#039;\u00e0 250 V et 10 A, encastr\u00e9 ou conduit, nylon renforc\u00e9 de fibre de verre. LDA Belgique\" \/>\n<meta name=\"robots\" content=\"index, follow, max-snippet:-1, max-image-preview:large, max-video-preview:-1\" \/>\n<link rel=\"canonical\" href=\"https:\/\/lda.be\/fr\/produit\/m5-interfaces-males-a-deconnexion-rapide\/\" \/>\n<meta property=\"og:locale\" content=\"fr_FR\" \/>\n<meta property=\"og:type\" content=\"article\" \/>\n<meta property=\"og:title\" content=\"M5 - Interfaces m\u00e2les \u00e0 d\u00e9connexion rapide - LDA Belgique\" \/>\n<meta property=\"og:description\" content=\"Connecteur m\u00e2le Canfield s\u00e9rie M5 pour vannes ISO, MINI ou Sub-Micro. Terre 2+ ou 3+, jusqu&#039;\u00e0 250 V et 10 A, encastr\u00e9 ou conduit, nylon renforc\u00e9 de fibre de verre. LDA Belgique\" \/>\n<meta property=\"og:url\" content=\"https:\/\/lda.be\/fr\/produit\/m5-interfaces-males-a-deconnexion-rapide\/\" \/>\n<meta property=\"og:site_name\" content=\"LDA Belgique\" \/>\n<meta property=\"article:modified_time\" content=\"2025-07-03T14:34:16+00:00\" \/>\n<meta property=\"og:image\" content=\"https:\/\/lda.be\/wp-content\/uploads\/2025\/07\/M5.webp\" \/>\n\t<meta property=\"og:image:width\" content=\"800\" \/>\n\t<meta property=\"og:image:height\" content=\"800\" \/>\n\t<meta property=\"og:image:type\" content=\"image\/webp\" \/>\n<meta name=\"twitter:card\" content=\"summary_large_image\" \/>\n<meta name=\"twitter:label1\" content=\"Dur\u00e9e de lecture estim\u00e9e\" \/>\n\t<meta name=\"twitter:data1\" content=\"2 minutes\" \/>\n<script type=\"application\/ld+json\" class=\"yoast-schema-graph\">{\"@context\":\"https:\\\/\\\/schema.org\",\"@graph\":[{\"@type\":\"WebPage\",\"@id\":\"https:\\\/\\\/lda.be\\\/fr\\\/produit\\\/m5-interfaces-males-a-deconnexion-rapide\\\/\",\"url\":\"https:\\\/\\\/lda.be\\\/fr\\\/produit\\\/m5-interfaces-males-a-deconnexion-rapide\\\/\",\"name\":\"M5 - Interfaces m\u00e2les \u00e0 d\u00e9connexion rapide - LDA Belgique\",\"isPartOf\":{\"@id\":\"https:\\\/\\\/lda.be\\\/fr\\\/#website\"},\"primaryImageOfPage\":{\"@id\":\"https:\\\/\\\/lda.be\\\/fr\\\/produit\\\/m5-interfaces-males-a-deconnexion-rapide\\\/#primaryimage\"},\"image\":{\"@id\":\"https:\\\/\\\/lda.be\\\/fr\\\/produit\\\/m5-interfaces-males-a-deconnexion-rapide\\\/#primaryimage\"},\"thumbnailUrl\":\"https:\\\/\\\/lda.be\\\/wp-content\\\/uploads\\\/2025\\\/07\\\/M5.webp\",\"datePublished\":\"2025-07-03T14:20:40+00:00\",\"dateModified\":\"2025-07-03T14:34:16+00:00\",\"description\":\"Connecteur m\u00e2le Canfield s\u00e9rie M5 pour vannes ISO, MINI ou Sub-Micro. Terre 2+ ou 3+, jusqu'\u00e0 250 V et 10 A, encastr\u00e9 ou conduit, nylon renforc\u00e9 de fibre de verre. LDA Belgique\",\"breadcrumb\":{\"@id\":\"https:\\\/\\\/lda.be\\\/fr\\\/produit\\\/m5-interfaces-males-a-deconnexion-rapide\\\/#breadcrumb\"},\"inLanguage\":\"fr-FR\",\"potentialAction\":[{\"@type\":\"ReadAction\",\"target\":[\"https:\\\/\\\/lda.be\\\/fr\\\/produit\\\/m5-interfaces-males-a-deconnexion-rapide\\\/\"]}]},{\"@type\":\"ImageObject\",\"inLanguage\":\"fr-FR\",\"@id\":\"https:\\\/\\\/lda.be\\\/fr\\\/produit\\\/m5-interfaces-males-a-deconnexion-rapide\\\/#primaryimage\",\"url\":\"https:\\\/\\\/lda.be\\\/wp-content\\\/uploads\\\/2025\\\/07\\\/M5.webp\",\"contentUrl\":\"https:\\\/\\\/lda.be\\\/wp-content\\\/uploads\\\/2025\\\/07\\\/M5.webp\",\"width\":800,\"height\":800,\"caption\":\"m5 connector\"},{\"@type\":\"BreadcrumbList\",\"@id\":\"https:\\\/\\\/lda.be\\\/fr\\\/produit\\\/m5-interfaces-males-a-deconnexion-rapide\\\/#breadcrumb\",\"itemListElement\":[{\"@type\":\"ListItem\",\"position\":1,\"name\":\"Accueil\",\"item\":\"https:\\\/\\\/lda.be\\\/fr\\\/\"},{\"@type\":\"ListItem\",\"position\":2,\"name\":\"Produits\",\"item\":\"https:\\\/\\\/lda.be\\\/fr\\\/produits\\\/\"},{\"@type\":\"ListItem\",\"position\":3,\"name\":\"M5 &#8211; Interfaces m\u00e2les \u00e0 d\u00e9connexion rapide\"}]},{\"@type\":\"WebSite\",\"@id\":\"https:\\\/\\\/lda.be\\\/fr\\\/#website\",\"url\":\"https:\\\/\\\/lda.be\\\/fr\\\/\",\"name\":\"LDA Belgium\",\"description\":\"Solutions For Life\",\"publisher\":{\"@id\":\"https:\\\/\\\/lda.be\\\/fr\\\/#organization\"},\"potentialAction\":[{\"@type\":\"SearchAction\",\"target\":{\"@type\":\"EntryPoint\",\"urlTemplate\":\"https:\\\/\\\/lda.be\\\/fr\\\/?s={search_term_string}\"},\"query-input\":{\"@type\":\"PropertyValueSpecification\",\"valueRequired\":true,\"valueName\":\"search_term_string\"}}],\"inLanguage\":\"fr-FR\"},{\"@type\":\"Organization\",\"@id\":\"https:\\\/\\\/lda.be\\\/fr\\\/#organization\",\"name\":\"LDA Belgium\",\"url\":\"https:\\\/\\\/lda.be\\\/fr\\\/\",\"logo\":{\"@type\":\"ImageObject\",\"inLanguage\":\"fr-FR\",\"@id\":\"https:\\\/\\\/lda.be\\\/fr\\\/#\\\/schema\\\/logo\\\/image\\\/\",\"url\":\"https:\\\/\\\/lda.be\\\/wp-content\\\/uploads\\\/2022\\\/07\\\/Logo-LDA.webp\",\"contentUrl\":\"https:\\\/\\\/lda.be\\\/wp-content\\\/uploads\\\/2022\\\/07\\\/Logo-LDA.webp\",\"width\":311,\"height\":101,\"caption\":\"LDA Belgium\"},\"image\":{\"@id\":\"https:\\\/\\\/lda.be\\\/fr\\\/#\\\/schema\\\/logo\\\/image\\\/\"},\"sameAs\":[\"https:\\\/\\\/www.linkedin.com\\\/company\\\/lda-belgium-nv\"]}]}<\/script>\n<!-- \/ Yoast SEO plugin. -->","yoast_head_json":{"title":"M5 - Interfaces m\u00e2les \u00e0 d\u00e9connexion rapide - LDA Belgique","description":"Connecteur m\u00e2le Canfield s\u00e9rie M5 pour vannes ISO, MINI ou Sub-Micro. Terre 2+ ou 3+, jusqu'\u00e0 250 V et 10 A, encastr\u00e9 ou conduit, nylon renforc\u00e9 de fibre de verre. LDA Belgique","robots":{"index":"index","follow":"follow","max-snippet":"max-snippet:-1","max-image-preview":"max-image-preview:large","max-video-preview":"max-video-preview:-1"},"canonical":"https:\/\/lda.be\/fr\/produit\/m5-interfaces-males-a-deconnexion-rapide\/","og_locale":"fr_FR","og_type":"article","og_title":"M5 - Interfaces m\u00e2les \u00e0 d\u00e9connexion rapide - LDA Belgique","og_description":"Connecteur m\u00e2le Canfield s\u00e9rie M5 pour vannes ISO, MINI ou Sub-Micro. Terre 2+ ou 3+, jusqu'\u00e0 250 V et 10 A, encastr\u00e9 ou conduit, nylon renforc\u00e9 de fibre de verre. LDA Belgique","og_url":"https:\/\/lda.be\/fr\/produit\/m5-interfaces-males-a-deconnexion-rapide\/","og_site_name":"LDA Belgique","article_modified_time":"2025-07-03T14:34:16+00:00","og_image":[{"width":800,"height":800,"url":"https:\/\/lda.be\/wp-content\/uploads\/2025\/07\/M5.webp","type":"image\/webp"}],"twitter_card":"summary_large_image","twitter_misc":{"Dur\u00e9e de lecture estim\u00e9e":"2 minutes"},"schema":{"@context":"https:\/\/schema.org","@graph":[{"@type":"WebPage","@id":"https:\/\/lda.be\/fr\/produit\/m5-interfaces-males-a-deconnexion-rapide\/","url":"https:\/\/lda.be\/fr\/produit\/m5-interfaces-males-a-deconnexion-rapide\/","name":"M5 - Interfaces m\u00e2les \u00e0 d\u00e9connexion rapide - LDA Belgique","isPartOf":{"@id":"https:\/\/lda.be\/fr\/#website"},"primaryImageOfPage":{"@id":"https:\/\/lda.be\/fr\/produit\/m5-interfaces-males-a-deconnexion-rapide\/#primaryimage"},"image":{"@id":"https:\/\/lda.be\/fr\/produit\/m5-interfaces-males-a-deconnexion-rapide\/#primaryimage"},"thumbnailUrl":"https:\/\/lda.be\/wp-content\/uploads\/2025\/07\/M5.webp","datePublished":"2025-07-03T14:20:40+00:00","dateModified":"2025-07-03T14:34:16+00:00","description":"Connecteur m\u00e2le Canfield s\u00e9rie M5 pour vannes ISO, MINI ou Sub-Micro. Terre 2+ ou 3+, jusqu'\u00e0 250 V et 10 A, encastr\u00e9 ou conduit, nylon renforc\u00e9 de fibre de verre. LDA Belgique","breadcrumb":{"@id":"https:\/\/lda.be\/fr\/produit\/m5-interfaces-males-a-deconnexion-rapide\/#breadcrumb"},"inLanguage":"fr-FR","potentialAction":[{"@type":"ReadAction","target":["https:\/\/lda.be\/fr\/produit\/m5-interfaces-males-a-deconnexion-rapide\/"]}]},{"@type":"ImageObject","inLanguage":"fr-FR","@id":"https:\/\/lda.be\/fr\/produit\/m5-interfaces-males-a-deconnexion-rapide\/#primaryimage","url":"https:\/\/lda.be\/wp-content\/uploads\/2025\/07\/M5.webp","contentUrl":"https:\/\/lda.be\/wp-content\/uploads\/2025\/07\/M5.webp","width":800,"height":800,"caption":"m5 connector"},{"@type":"BreadcrumbList","@id":"https:\/\/lda.be\/fr\/produit\/m5-interfaces-males-a-deconnexion-rapide\/#breadcrumb","itemListElement":[{"@type":"ListItem","position":1,"name":"Accueil","item":"https:\/\/lda.be\/fr\/"},{"@type":"ListItem","position":2,"name":"Produits","item":"https:\/\/lda.be\/fr\/produits\/"},{"@type":"ListItem","position":3,"name":"M5 &#8211; Interfaces m\u00e2les \u00e0 d\u00e9connexion rapide"}]},{"@type":"WebSite","@id":"https:\/\/lda.be\/fr\/#website","url":"https:\/\/lda.be\/fr\/","name":"LDA Belgium","description":"Solutions For Life","publisher":{"@id":"https:\/\/lda.be\/fr\/#organization"},"potentialAction":[{"@type":"SearchAction","target":{"@type":"EntryPoint","urlTemplate":"https:\/\/lda.be\/fr\/?s={search_term_string}"},"query-input":{"@type":"PropertyValueSpecification","valueRequired":true,"valueName":"search_term_string"}}],"inLanguage":"fr-FR"},{"@type":"Organization","@id":"https:\/\/lda.be\/fr\/#organization","name":"LDA Belgium","url":"https:\/\/lda.be\/fr\/","logo":{"@type":"ImageObject","inLanguage":"fr-FR","@id":"https:\/\/lda.be\/fr\/#\/schema\/logo\/image\/","url":"https:\/\/lda.be\/wp-content\/uploads\/2022\/07\/Logo-LDA.webp","contentUrl":"https:\/\/lda.be\/wp-content\/uploads\/2022\/07\/Logo-LDA.webp","width":311,"height":101,"caption":"LDA Belgium"},"image":{"@id":"https:\/\/lda.be\/fr\/#\/schema\/logo\/image\/"},"sameAs":["https:\/\/www.linkedin.com\/company\/lda-belgium-nv"]}]}},"_links":{"self":[{"href":"https:\/\/lda.be\/fr\/wp-json\/wp\/v2\/product\/9395","targetHints":{"allow":["GET"]}}],"collection":[{"href":"https:\/\/lda.be\/fr\/wp-json\/wp\/v2\/product"}],"about":[{"href":"https:\/\/lda.be\/fr\/wp-json\/wp\/v2\/types\/product"}],"replies":[{"embeddable":true,"href":"https:\/\/lda.be\/fr\/wp-json\/wp\/v2\/comments?post=9395"}],"wp:featuredmedia":[{"embeddable":true,"href":"https:\/\/lda.be\/fr\/wp-json\/wp\/v2\/media\/9392"}],"wp:attachment":[{"href":"https:\/\/lda.be\/fr\/wp-json\/wp\/v2\/media?parent=9395"}],"wp:term":[{"taxonomy":"product_brand","embeddable":true,"href":"https:\/\/lda.be\/fr\/wp-json\/wp\/v2\/product_brand?post=9395"},{"taxonomy":"product_cat","embeddable":true,"href":"https:\/\/lda.be\/fr\/wp-json\/wp\/v2\/product_cat?post=9395"},{"taxonomy":"product_tag","embeddable":true,"href":"https:\/\/lda.be\/fr\/wp-json\/wp\/v2\/product_tag?post=9395"}],"curies":[{"name":"wp","href":"https:\/\/api.w.org\/{rel}","templated":true}]}}