{"id":9411,"date":"2025-07-04T12:50:11","date_gmt":"2025-07-04T11:50:11","guid":{"rendered":"https:\/\/lda.be\/?post_type=product&#038;p=9411"},"modified":"2025-07-04T12:57:49","modified_gmt":"2025-07-04T11:57:49","slug":"m8-canfast-serie-connecteurs-ronds","status":"publish","type":"product","link":"https:\/\/lda.be\/fr\/produit\/m8-canfast-serie-connecteurs-ronds\/","title":{"rendered":"M8 CANFAST s\u00e9rie connecteurs ronds"},"content":{"rendered":"<p>La s\u00e9rie CANFAST\u00ae M8 de Canfield Connector consiste en une gamme de connecteurs ronds compacts M8 sp\u00e9cialement con\u00e7us pour une connexion fiable \u00e0 des capteurs, des actionneurs et des \u00e9lectrovannes. Enti\u00e8rement moul\u00e9s et dot\u00e9s en standard d&#8217;une protection anti-vibration, ces connecteurs r\u00e9pondent aux exigences industrielles les plus courantes en mati\u00e8re de connexions rapides, s\u00fbres et sans erreur. Vous avez le choix entre des versions droites m\u00e2les ou femelles \u00e0 3 ou 4 broches, et ils sont compatibles avec le code A.<\/p>\n<p>Leur conception compacte et leur construction robuste les rendent id\u00e9aux pour les applications dans les domaines de la construction m\u00e9canique, de l&#8217;automatisation, du transport et des lignes d&#8217;emballage. Les connecteurs sont \u00e9quip\u00e9s d&#8217;un presse-\u00e9toupe en laiton nickel\u00e9 et de contacts en laiton plaqu\u00e9 or, ce qui garantit une transmission fiable du signal, m\u00eame en cas de vibrations ou dans des environnements humides. Ils sont disponibles avec un c\u00e2ble PVC ou PUR de diff\u00e9rentes longueurs.<\/p>\n<p>Avec un joint IP68\/IP69, ils restent \u00e9tanches \u00e0 la poussi\u00e8re et \u00e0 l&#8217;eau, m\u00eame en cas d&#8217;immersion ou de nettoyage \u00e0 haute pression. Les connecteurs CANFAST\u00ae sont fabriqu\u00e9s aux \u00c9tats-Unis selon des normes de qualit\u00e9 strictes et sont disponibles pour une livraison rapide.<\/p>\n<p>Vous vous demandez si le M8 CANFAST convient \u00e0 votre installation ? Demandez d\u00e8s aujourd&#8217;hui un devis \u00e0 LDA Belgium et assurez-vous d&#8217;une connexion fiable de votre automatisation !<\/p>\n","protected":false},"excerpt":{"rendered":"<p>La s\u00e9rie CANFAST\u00ae M8 de Canfield Connector consiste en une gamme de connecteurs ronds compacts M8 sp\u00e9cialement con\u00e7us pour une connexion fiable \u00e0 des capteurs, des actionneurs et des \u00e9lectrovannes. Enti\u00e8rement moul\u00e9s et dot\u00e9s en standard d&#8217;une protection anti-vibration, ces connecteurs r\u00e9pondent aux exigences industrielles les plus courantes en mati\u00e8re de connexions rapides, s\u00fbres et [&hellip;]<\/p>\n","protected":false},"featured_media":9405,"comment_status":"closed","ping_status":"closed","template":"","meta":[],"product_brand":[1610],"product_cat":[818,828,1613],"product_tag":[],"class_list":{"0":"post-9411","1":"product","2":"type-product","3":"status-publish","4":"has-post-thumbnail","6":"product_brand-canfield","7":"product_cat-connecteurs-et-cables","8":"product_cat-connecteurs","9":"product_cat-m8-connecteurs","11":"first","12":"instock","13":"shipping-taxable","14":"product-type-simple"},"yoast_head":"<!-- This site is optimized with the Yoast SEO plugin v27.3 - https:\/\/yoast.com\/product\/yoast-seo-wordpress\/ -->\n<title>M8 CANFAST s\u00e9rie connecteurs ronds - LDA Belgique<\/title>\n<meta name=\"description\" content=\"Canfield CANFAST\u00ae M8 connecteur rond 3 ou 4 p\u00f4les, moul\u00e9, IP68\/IP69, 120 V, 4 A, avec c\u00e2ble PVC ou PUR, m\u00e2le ou femelle. LDA Belgium\" \/>\n<meta name=\"robots\" content=\"index, follow, max-snippet:-1, max-image-preview:large, max-video-preview:-1\" \/>\n<link rel=\"canonical\" href=\"https:\/\/lda.be\/fr\/produit\/m8-canfast-serie-connecteurs-ronds\/\" \/>\n<meta property=\"og:locale\" content=\"fr_FR\" \/>\n<meta property=\"og:type\" content=\"article\" \/>\n<meta property=\"og:title\" content=\"M8 CANFAST s\u00e9rie connecteurs ronds - LDA Belgique\" \/>\n<meta property=\"og:description\" content=\"Canfield CANFAST\u00ae M8 connecteur rond 3 ou 4 p\u00f4les, moul\u00e9, IP68\/IP69, 120 V, 4 A, avec c\u00e2ble PVC ou PUR, m\u00e2le ou femelle. LDA Belgium\" \/>\n<meta property=\"og:url\" content=\"https:\/\/lda.be\/fr\/produit\/m8-canfast-serie-connecteurs-ronds\/\" \/>\n<meta property=\"og:site_name\" content=\"LDA Belgique\" \/>\n<meta property=\"article:modified_time\" content=\"2025-07-04T11:57:49+00:00\" \/>\n<meta property=\"og:image\" content=\"https:\/\/lda.be\/wp-content\/uploads\/2025\/07\/M8-CANFAST-Round-Connectors.webp\" \/>\n\t<meta property=\"og:image:width\" content=\"800\" \/>\n\t<meta property=\"og:image:height\" content=\"800\" \/>\n\t<meta property=\"og:image:type\" content=\"image\/webp\" \/>\n<meta name=\"twitter:card\" content=\"summary_large_image\" \/>\n<meta name=\"twitter:label1\" content=\"Dur\u00e9e de lecture estim\u00e9e\" \/>\n\t<meta name=\"twitter:data1\" content=\"2 minutes\" \/>\n<script type=\"application\/ld+json\" class=\"yoast-schema-graph\">{\"@context\":\"https:\\\/\\\/schema.org\",\"@graph\":[{\"@type\":\"WebPage\",\"@id\":\"https:\\\/\\\/lda.be\\\/fr\\\/produit\\\/m8-canfast-serie-connecteurs-ronds\\\/\",\"url\":\"https:\\\/\\\/lda.be\\\/fr\\\/produit\\\/m8-canfast-serie-connecteurs-ronds\\\/\",\"name\":\"M8 CANFAST s\u00e9rie connecteurs ronds - LDA Belgique\",\"isPartOf\":{\"@id\":\"https:\\\/\\\/lda.be\\\/fr\\\/#website\"},\"primaryImageOfPage\":{\"@id\":\"https:\\\/\\\/lda.be\\\/fr\\\/produit\\\/m8-canfast-serie-connecteurs-ronds\\\/#primaryimage\"},\"image\":{\"@id\":\"https:\\\/\\\/lda.be\\\/fr\\\/produit\\\/m8-canfast-serie-connecteurs-ronds\\\/#primaryimage\"},\"thumbnailUrl\":\"https:\\\/\\\/lda.be\\\/wp-content\\\/uploads\\\/2025\\\/07\\\/M8-CANFAST-Round-Connectors.webp\",\"datePublished\":\"2025-07-04T11:50:11+00:00\",\"dateModified\":\"2025-07-04T11:57:49+00:00\",\"description\":\"Canfield CANFAST\u00ae M8 connecteur rond 3 ou 4 p\u00f4les, moul\u00e9, IP68\\\/IP69, 120 V, 4 A, avec c\u00e2ble PVC ou PUR, m\u00e2le ou femelle. LDA Belgium\",\"breadcrumb\":{\"@id\":\"https:\\\/\\\/lda.be\\\/fr\\\/produit\\\/m8-canfast-serie-connecteurs-ronds\\\/#breadcrumb\"},\"inLanguage\":\"fr-FR\",\"potentialAction\":[{\"@type\":\"ReadAction\",\"target\":[\"https:\\\/\\\/lda.be\\\/fr\\\/produit\\\/m8-canfast-serie-connecteurs-ronds\\\/\"]}]},{\"@type\":\"ImageObject\",\"inLanguage\":\"fr-FR\",\"@id\":\"https:\\\/\\\/lda.be\\\/fr\\\/produit\\\/m8-canfast-serie-connecteurs-ronds\\\/#primaryimage\",\"url\":\"https:\\\/\\\/lda.be\\\/wp-content\\\/uploads\\\/2025\\\/07\\\/M8-CANFAST-Round-Connectors.webp\",\"contentUrl\":\"https:\\\/\\\/lda.be\\\/wp-content\\\/uploads\\\/2025\\\/07\\\/M8-CANFAST-Round-Connectors.webp\",\"width\":800,\"height\":800,\"caption\":\"m8 canfast\"},{\"@type\":\"BreadcrumbList\",\"@id\":\"https:\\\/\\\/lda.be\\\/fr\\\/produit\\\/m8-canfast-serie-connecteurs-ronds\\\/#breadcrumb\",\"itemListElement\":[{\"@type\":\"ListItem\",\"position\":1,\"name\":\"Accueil\",\"item\":\"https:\\\/\\\/lda.be\\\/fr\\\/\"},{\"@type\":\"ListItem\",\"position\":2,\"name\":\"Produits\",\"item\":\"https:\\\/\\\/lda.be\\\/fr\\\/produits\\\/\"},{\"@type\":\"ListItem\",\"position\":3,\"name\":\"M8 CANFAST s\u00e9rie connecteurs ronds\"}]},{\"@type\":\"WebSite\",\"@id\":\"https:\\\/\\\/lda.be\\\/fr\\\/#website\",\"url\":\"https:\\\/\\\/lda.be\\\/fr\\\/\",\"name\":\"LDA Belgium\",\"description\":\"Solutions For Life\",\"publisher\":{\"@id\":\"https:\\\/\\\/lda.be\\\/fr\\\/#organization\"},\"potentialAction\":[{\"@type\":\"SearchAction\",\"target\":{\"@type\":\"EntryPoint\",\"urlTemplate\":\"https:\\\/\\\/lda.be\\\/fr\\\/?s={search_term_string}\"},\"query-input\":{\"@type\":\"PropertyValueSpecification\",\"valueRequired\":true,\"valueName\":\"search_term_string\"}}],\"inLanguage\":\"fr-FR\"},{\"@type\":\"Organization\",\"@id\":\"https:\\\/\\\/lda.be\\\/fr\\\/#organization\",\"name\":\"LDA Belgium\",\"url\":\"https:\\\/\\\/lda.be\\\/fr\\\/\",\"logo\":{\"@type\":\"ImageObject\",\"inLanguage\":\"fr-FR\",\"@id\":\"https:\\\/\\\/lda.be\\\/fr\\\/#\\\/schema\\\/logo\\\/image\\\/\",\"url\":\"https:\\\/\\\/lda.be\\\/wp-content\\\/uploads\\\/2022\\\/07\\\/Logo-LDA.webp\",\"contentUrl\":\"https:\\\/\\\/lda.be\\\/wp-content\\\/uploads\\\/2022\\\/07\\\/Logo-LDA.webp\",\"width\":311,\"height\":101,\"caption\":\"LDA Belgium\"},\"image\":{\"@id\":\"https:\\\/\\\/lda.be\\\/fr\\\/#\\\/schema\\\/logo\\\/image\\\/\"},\"sameAs\":[\"https:\\\/\\\/www.linkedin.com\\\/company\\\/lda-belgium-nv\"]}]}<\/script>\n<!-- \/ Yoast SEO plugin. -->","yoast_head_json":{"title":"M8 CANFAST s\u00e9rie connecteurs ronds - LDA Belgique","description":"Canfield CANFAST\u00ae M8 connecteur rond 3 ou 4 p\u00f4les, moul\u00e9, IP68\/IP69, 120 V, 4 A, avec c\u00e2ble PVC ou PUR, m\u00e2le ou femelle. LDA Belgium","robots":{"index":"index","follow":"follow","max-snippet":"max-snippet:-1","max-image-preview":"max-image-preview:large","max-video-preview":"max-video-preview:-1"},"canonical":"https:\/\/lda.be\/fr\/produit\/m8-canfast-serie-connecteurs-ronds\/","og_locale":"fr_FR","og_type":"article","og_title":"M8 CANFAST s\u00e9rie connecteurs ronds - LDA Belgique","og_description":"Canfield CANFAST\u00ae M8 connecteur rond 3 ou 4 p\u00f4les, moul\u00e9, IP68\/IP69, 120 V, 4 A, avec c\u00e2ble PVC ou PUR, m\u00e2le ou femelle. LDA Belgium","og_url":"https:\/\/lda.be\/fr\/produit\/m8-canfast-serie-connecteurs-ronds\/","og_site_name":"LDA Belgique","article_modified_time":"2025-07-04T11:57:49+00:00","og_image":[{"width":800,"height":800,"url":"https:\/\/lda.be\/wp-content\/uploads\/2025\/07\/M8-CANFAST-Round-Connectors.webp","type":"image\/webp"}],"twitter_card":"summary_large_image","twitter_misc":{"Dur\u00e9e de lecture estim\u00e9e":"2 minutes"},"schema":{"@context":"https:\/\/schema.org","@graph":[{"@type":"WebPage","@id":"https:\/\/lda.be\/fr\/produit\/m8-canfast-serie-connecteurs-ronds\/","url":"https:\/\/lda.be\/fr\/produit\/m8-canfast-serie-connecteurs-ronds\/","name":"M8 CANFAST s\u00e9rie connecteurs ronds - LDA Belgique","isPartOf":{"@id":"https:\/\/lda.be\/fr\/#website"},"primaryImageOfPage":{"@id":"https:\/\/lda.be\/fr\/produit\/m8-canfast-serie-connecteurs-ronds\/#primaryimage"},"image":{"@id":"https:\/\/lda.be\/fr\/produit\/m8-canfast-serie-connecteurs-ronds\/#primaryimage"},"thumbnailUrl":"https:\/\/lda.be\/wp-content\/uploads\/2025\/07\/M8-CANFAST-Round-Connectors.webp","datePublished":"2025-07-04T11:50:11+00:00","dateModified":"2025-07-04T11:57:49+00:00","description":"Canfield CANFAST\u00ae M8 connecteur rond 3 ou 4 p\u00f4les, moul\u00e9, IP68\/IP69, 120 V, 4 A, avec c\u00e2ble PVC ou PUR, m\u00e2le ou femelle. LDA Belgium","breadcrumb":{"@id":"https:\/\/lda.be\/fr\/produit\/m8-canfast-serie-connecteurs-ronds\/#breadcrumb"},"inLanguage":"fr-FR","potentialAction":[{"@type":"ReadAction","target":["https:\/\/lda.be\/fr\/produit\/m8-canfast-serie-connecteurs-ronds\/"]}]},{"@type":"ImageObject","inLanguage":"fr-FR","@id":"https:\/\/lda.be\/fr\/produit\/m8-canfast-serie-connecteurs-ronds\/#primaryimage","url":"https:\/\/lda.be\/wp-content\/uploads\/2025\/07\/M8-CANFAST-Round-Connectors.webp","contentUrl":"https:\/\/lda.be\/wp-content\/uploads\/2025\/07\/M8-CANFAST-Round-Connectors.webp","width":800,"height":800,"caption":"m8 canfast"},{"@type":"BreadcrumbList","@id":"https:\/\/lda.be\/fr\/produit\/m8-canfast-serie-connecteurs-ronds\/#breadcrumb","itemListElement":[{"@type":"ListItem","position":1,"name":"Accueil","item":"https:\/\/lda.be\/fr\/"},{"@type":"ListItem","position":2,"name":"Produits","item":"https:\/\/lda.be\/fr\/produits\/"},{"@type":"ListItem","position":3,"name":"M8 CANFAST s\u00e9rie connecteurs ronds"}]},{"@type":"WebSite","@id":"https:\/\/lda.be\/fr\/#website","url":"https:\/\/lda.be\/fr\/","name":"LDA Belgium","description":"Solutions For Life","publisher":{"@id":"https:\/\/lda.be\/fr\/#organization"},"potentialAction":[{"@type":"SearchAction","target":{"@type":"EntryPoint","urlTemplate":"https:\/\/lda.be\/fr\/?s={search_term_string}"},"query-input":{"@type":"PropertyValueSpecification","valueRequired":true,"valueName":"search_term_string"}}],"inLanguage":"fr-FR"},{"@type":"Organization","@id":"https:\/\/lda.be\/fr\/#organization","name":"LDA Belgium","url":"https:\/\/lda.be\/fr\/","logo":{"@type":"ImageObject","inLanguage":"fr-FR","@id":"https:\/\/lda.be\/fr\/#\/schema\/logo\/image\/","url":"https:\/\/lda.be\/wp-content\/uploads\/2022\/07\/Logo-LDA.webp","contentUrl":"https:\/\/lda.be\/wp-content\/uploads\/2022\/07\/Logo-LDA.webp","width":311,"height":101,"caption":"LDA Belgium"},"image":{"@id":"https:\/\/lda.be\/fr\/#\/schema\/logo\/image\/"},"sameAs":["https:\/\/www.linkedin.com\/company\/lda-belgium-nv"]}]}},"_links":{"self":[{"href":"https:\/\/lda.be\/fr\/wp-json\/wp\/v2\/product\/9411","targetHints":{"allow":["GET"]}}],"collection":[{"href":"https:\/\/lda.be\/fr\/wp-json\/wp\/v2\/product"}],"about":[{"href":"https:\/\/lda.be\/fr\/wp-json\/wp\/v2\/types\/product"}],"replies":[{"embeddable":true,"href":"https:\/\/lda.be\/fr\/wp-json\/wp\/v2\/comments?post=9411"}],"wp:featuredmedia":[{"embeddable":true,"href":"https:\/\/lda.be\/fr\/wp-json\/wp\/v2\/media\/9405"}],"wp:attachment":[{"href":"https:\/\/lda.be\/fr\/wp-json\/wp\/v2\/media?parent=9411"}],"wp:term":[{"taxonomy":"product_brand","embeddable":true,"href":"https:\/\/lda.be\/fr\/wp-json\/wp\/v2\/product_brand?post=9411"},{"taxonomy":"product_cat","embeddable":true,"href":"https:\/\/lda.be\/fr\/wp-json\/wp\/v2\/product_cat?post=9411"},{"taxonomy":"product_tag","embeddable":true,"href":"https:\/\/lda.be\/fr\/wp-json\/wp\/v2\/product_tag?post=9411"}],"curies":[{"name":"wp","href":"https:\/\/api.w.org\/{rel}","templated":true}]}}