{"id":9470,"date":"2025-07-07T13:05:26","date_gmt":"2025-07-07T12:05:26","guid":{"rendered":"https:\/\/lda.be\/?post_type=product&#038;p=9470"},"modified":"2025-07-07T13:18:05","modified_gmt":"2025-07-07T12:18:05","slug":"m12-canfast-connecteurs-ronds","status":"publish","type":"product","link":"https:\/\/lda.be\/fr\/produit\/m12-canfast-connecteurs-ronds\/","title":{"rendered":"M12 CANFAST connecteurs ronds"},"content":{"rendered":"<p>La s\u00e9rie CANFAST\u00ae M8 de Canfield Connector est une gamme robuste de connecteurs ronds moul\u00e9s avec filetage M8, con\u00e7us pour le raccordement rapide et r\u00e9sistant aux vibrations de capteurs, d&#8217;actionneurs et d&#8217;\u00e9lectrovannes dans les syst\u00e8mes automatis\u00e9s. Ces connecteurs conviennent aux applications n\u00e9cessitant une connexion \u00e9lectrique robuste et fiable, m\u00eame dans des environnements humides, poussi\u00e9reux ou soumis \u00e0 des contraintes m\u00e9caniques.<\/p>\n<p>La s\u00e9rie M8 est disponible en versions m\u00e2le et femelle droites \u00e0 3 ou 4 broches, avec un codage A standard. Selon l&#8217;application, ils sont disponibles avec un c\u00e2ble PVC ou PUR, blind\u00e9 ou non blind\u00e9. Les connecteurs sont \u00e9tanches IP68\/IP69 lorsqu&#8217;ils sont mont\u00e9s correctement, ce qui les rend r\u00e9sistants \u00e0 l&#8217;immersion et au nettoyage \u00e0 haute pression. Ils conviennent donc aux lignes d&#8217;emballage, \u00e0 la robotique et aux syst\u00e8mes mobiles, entre autres.<\/p>\n<p>Les contacts sont en laiton plaqu\u00e9 or pour une transmission fiable des signaux. Le presse-\u00e9toupe est en laiton nickel\u00e9 et offre une fixation s\u00fbre. Les connecteurs CANFAST\u00ae M8 sont fabriqu\u00e9s aux Etats-Unis et r\u00e9pondent \u00e0 des normes de qualit\u00e9 strictes pour une application industrielle.<\/p>\n<p>Vous voulez savoir quelle version correspond \u00e0 votre syst\u00e8me ? Demandez d\u00e8s aujourd&#8217;hui une offre via LDA Belgium et connectez votre installation de mani\u00e8re robuste et rapide.<\/p>\n","protected":false},"excerpt":{"rendered":"<p>La s\u00e9rie CANFAST\u00ae M8 de Canfield Connector est une gamme robuste de connecteurs ronds moul\u00e9s avec filetage M8, con\u00e7us pour le raccordement rapide et r\u00e9sistant aux vibrations de capteurs, d&#8217;actionneurs et d&#8217;\u00e9lectrovannes dans les syst\u00e8mes automatis\u00e9s. Ces connecteurs conviennent aux applications n\u00e9cessitant une connexion \u00e9lectrique robuste et fiable, m\u00eame dans des environnements humides, poussi\u00e9reux ou [&hellip;]<\/p>\n","protected":false},"featured_media":9461,"comment_status":"closed","ping_status":"closed","template":"","meta":[],"product_brand":[1610],"product_cat":[818,828,1616],"product_tag":[],"class_list":{"0":"post-9470","1":"product","2":"type-product","3":"status-publish","4":"has-post-thumbnail","6":"product_brand-canfield","7":"product_cat-connecteurs-et-cables","8":"product_cat-connecteurs","9":"product_cat-m12-connecteurs","11":"first","12":"instock","13":"shipping-taxable","14":"product-type-simple"},"yoast_head":"<!-- This site is optimized with the Yoast SEO plugin v27.3 - https:\/\/yoast.com\/product\/yoast-seo-wordpress\/ -->\n<title>M12 CANFAST connecteurs ronds - LDA Belgique<\/title>\n<meta name=\"description\" content=\"Canfield M8 CANFAST\u00ae connecteur droit, 3 ou 4 broches, moul\u00e9, IP68\/IP69, 120 V, 4 A, avec c\u00e2ble PVC ou PUR en 1-10 m. LDA Belgium\" \/>\n<meta name=\"robots\" content=\"index, follow, max-snippet:-1, max-image-preview:large, max-video-preview:-1\" \/>\n<link rel=\"canonical\" href=\"https:\/\/lda.be\/fr\/produit\/m12-canfast-connecteurs-ronds\/\" \/>\n<meta property=\"og:locale\" content=\"fr_FR\" \/>\n<meta property=\"og:type\" content=\"article\" \/>\n<meta property=\"og:title\" content=\"M12 CANFAST connecteurs ronds - LDA Belgique\" \/>\n<meta property=\"og:description\" content=\"Canfield M8 CANFAST\u00ae connecteur droit, 3 ou 4 broches, moul\u00e9, IP68\/IP69, 120 V, 4 A, avec c\u00e2ble PVC ou PUR en 1-10 m. LDA Belgium\" \/>\n<meta property=\"og:url\" content=\"https:\/\/lda.be\/fr\/produit\/m12-canfast-connecteurs-ronds\/\" \/>\n<meta property=\"og:site_name\" content=\"LDA Belgique\" \/>\n<meta property=\"article:modified_time\" content=\"2025-07-07T12:18:05+00:00\" \/>\n<meta property=\"og:image\" content=\"https:\/\/lda.be\/wp-content\/uploads\/2025\/07\/M12-canfast.webp\" \/>\n\t<meta property=\"og:image:width\" content=\"800\" \/>\n\t<meta property=\"og:image:height\" content=\"800\" \/>\n\t<meta property=\"og:image:type\" content=\"image\/webp\" \/>\n<meta name=\"twitter:card\" content=\"summary_large_image\" \/>\n<meta name=\"twitter:label1\" content=\"Dur\u00e9e de lecture estim\u00e9e\" \/>\n\t<meta name=\"twitter:data1\" content=\"2 minutes\" \/>\n<script type=\"application\/ld+json\" class=\"yoast-schema-graph\">{\"@context\":\"https:\\\/\\\/schema.org\",\"@graph\":[{\"@type\":\"WebPage\",\"@id\":\"https:\\\/\\\/lda.be\\\/fr\\\/produit\\\/m12-canfast-connecteurs-ronds\\\/\",\"url\":\"https:\\\/\\\/lda.be\\\/fr\\\/produit\\\/m12-canfast-connecteurs-ronds\\\/\",\"name\":\"M12 CANFAST connecteurs ronds - LDA Belgique\",\"isPartOf\":{\"@id\":\"https:\\\/\\\/lda.be\\\/fr\\\/#website\"},\"primaryImageOfPage\":{\"@id\":\"https:\\\/\\\/lda.be\\\/fr\\\/produit\\\/m12-canfast-connecteurs-ronds\\\/#primaryimage\"},\"image\":{\"@id\":\"https:\\\/\\\/lda.be\\\/fr\\\/produit\\\/m12-canfast-connecteurs-ronds\\\/#primaryimage\"},\"thumbnailUrl\":\"https:\\\/\\\/lda.be\\\/wp-content\\\/uploads\\\/2025\\\/07\\\/M12-canfast.webp\",\"datePublished\":\"2025-07-07T12:05:26+00:00\",\"dateModified\":\"2025-07-07T12:18:05+00:00\",\"description\":\"Canfield M8 CANFAST\u00ae connecteur droit, 3 ou 4 broches, moul\u00e9, IP68\\\/IP69, 120 V, 4 A, avec c\u00e2ble PVC ou PUR en 1-10 m. LDA Belgium\",\"breadcrumb\":{\"@id\":\"https:\\\/\\\/lda.be\\\/fr\\\/produit\\\/m12-canfast-connecteurs-ronds\\\/#breadcrumb\"},\"inLanguage\":\"fr-FR\",\"potentialAction\":[{\"@type\":\"ReadAction\",\"target\":[\"https:\\\/\\\/lda.be\\\/fr\\\/produit\\\/m12-canfast-connecteurs-ronds\\\/\"]}]},{\"@type\":\"ImageObject\",\"inLanguage\":\"fr-FR\",\"@id\":\"https:\\\/\\\/lda.be\\\/fr\\\/produit\\\/m12-canfast-connecteurs-ronds\\\/#primaryimage\",\"url\":\"https:\\\/\\\/lda.be\\\/wp-content\\\/uploads\\\/2025\\\/07\\\/M12-canfast.webp\",\"contentUrl\":\"https:\\\/\\\/lda.be\\\/wp-content\\\/uploads\\\/2025\\\/07\\\/M12-canfast.webp\",\"width\":800,\"height\":800,\"caption\":\"M12 canfast round product\"},{\"@type\":\"BreadcrumbList\",\"@id\":\"https:\\\/\\\/lda.be\\\/fr\\\/produit\\\/m12-canfast-connecteurs-ronds\\\/#breadcrumb\",\"itemListElement\":[{\"@type\":\"ListItem\",\"position\":1,\"name\":\"Accueil\",\"item\":\"https:\\\/\\\/lda.be\\\/fr\\\/\"},{\"@type\":\"ListItem\",\"position\":2,\"name\":\"Produits\",\"item\":\"https:\\\/\\\/lda.be\\\/fr\\\/produits\\\/\"},{\"@type\":\"ListItem\",\"position\":3,\"name\":\"M12 CANFAST connecteurs ronds\"}]},{\"@type\":\"WebSite\",\"@id\":\"https:\\\/\\\/lda.be\\\/fr\\\/#website\",\"url\":\"https:\\\/\\\/lda.be\\\/fr\\\/\",\"name\":\"LDA Belgium\",\"description\":\"Solutions For Life\",\"publisher\":{\"@id\":\"https:\\\/\\\/lda.be\\\/fr\\\/#organization\"},\"potentialAction\":[{\"@type\":\"SearchAction\",\"target\":{\"@type\":\"EntryPoint\",\"urlTemplate\":\"https:\\\/\\\/lda.be\\\/fr\\\/?s={search_term_string}\"},\"query-input\":{\"@type\":\"PropertyValueSpecification\",\"valueRequired\":true,\"valueName\":\"search_term_string\"}}],\"inLanguage\":\"fr-FR\"},{\"@type\":\"Organization\",\"@id\":\"https:\\\/\\\/lda.be\\\/fr\\\/#organization\",\"name\":\"LDA Belgium\",\"url\":\"https:\\\/\\\/lda.be\\\/fr\\\/\",\"logo\":{\"@type\":\"ImageObject\",\"inLanguage\":\"fr-FR\",\"@id\":\"https:\\\/\\\/lda.be\\\/fr\\\/#\\\/schema\\\/logo\\\/image\\\/\",\"url\":\"https:\\\/\\\/lda.be\\\/wp-content\\\/uploads\\\/2022\\\/07\\\/Logo-LDA.webp\",\"contentUrl\":\"https:\\\/\\\/lda.be\\\/wp-content\\\/uploads\\\/2022\\\/07\\\/Logo-LDA.webp\",\"width\":311,\"height\":101,\"caption\":\"LDA Belgium\"},\"image\":{\"@id\":\"https:\\\/\\\/lda.be\\\/fr\\\/#\\\/schema\\\/logo\\\/image\\\/\"},\"sameAs\":[\"https:\\\/\\\/www.linkedin.com\\\/company\\\/lda-belgium-nv\"]}]}<\/script>\n<!-- \/ Yoast SEO plugin. -->","yoast_head_json":{"title":"M12 CANFAST connecteurs ronds - LDA Belgique","description":"Canfield M8 CANFAST\u00ae connecteur droit, 3 ou 4 broches, moul\u00e9, IP68\/IP69, 120 V, 4 A, avec c\u00e2ble PVC ou PUR en 1-10 m. LDA Belgium","robots":{"index":"index","follow":"follow","max-snippet":"max-snippet:-1","max-image-preview":"max-image-preview:large","max-video-preview":"max-video-preview:-1"},"canonical":"https:\/\/lda.be\/fr\/produit\/m12-canfast-connecteurs-ronds\/","og_locale":"fr_FR","og_type":"article","og_title":"M12 CANFAST connecteurs ronds - LDA Belgique","og_description":"Canfield M8 CANFAST\u00ae connecteur droit, 3 ou 4 broches, moul\u00e9, IP68\/IP69, 120 V, 4 A, avec c\u00e2ble PVC ou PUR en 1-10 m. LDA Belgium","og_url":"https:\/\/lda.be\/fr\/produit\/m12-canfast-connecteurs-ronds\/","og_site_name":"LDA Belgique","article_modified_time":"2025-07-07T12:18:05+00:00","og_image":[{"width":800,"height":800,"url":"https:\/\/lda.be\/wp-content\/uploads\/2025\/07\/M12-canfast.webp","type":"image\/webp"}],"twitter_card":"summary_large_image","twitter_misc":{"Dur\u00e9e de lecture estim\u00e9e":"2 minutes"},"schema":{"@context":"https:\/\/schema.org","@graph":[{"@type":"WebPage","@id":"https:\/\/lda.be\/fr\/produit\/m12-canfast-connecteurs-ronds\/","url":"https:\/\/lda.be\/fr\/produit\/m12-canfast-connecteurs-ronds\/","name":"M12 CANFAST connecteurs ronds - LDA Belgique","isPartOf":{"@id":"https:\/\/lda.be\/fr\/#website"},"primaryImageOfPage":{"@id":"https:\/\/lda.be\/fr\/produit\/m12-canfast-connecteurs-ronds\/#primaryimage"},"image":{"@id":"https:\/\/lda.be\/fr\/produit\/m12-canfast-connecteurs-ronds\/#primaryimage"},"thumbnailUrl":"https:\/\/lda.be\/wp-content\/uploads\/2025\/07\/M12-canfast.webp","datePublished":"2025-07-07T12:05:26+00:00","dateModified":"2025-07-07T12:18:05+00:00","description":"Canfield M8 CANFAST\u00ae connecteur droit, 3 ou 4 broches, moul\u00e9, IP68\/IP69, 120 V, 4 A, avec c\u00e2ble PVC ou PUR en 1-10 m. LDA Belgium","breadcrumb":{"@id":"https:\/\/lda.be\/fr\/produit\/m12-canfast-connecteurs-ronds\/#breadcrumb"},"inLanguage":"fr-FR","potentialAction":[{"@type":"ReadAction","target":["https:\/\/lda.be\/fr\/produit\/m12-canfast-connecteurs-ronds\/"]}]},{"@type":"ImageObject","inLanguage":"fr-FR","@id":"https:\/\/lda.be\/fr\/produit\/m12-canfast-connecteurs-ronds\/#primaryimage","url":"https:\/\/lda.be\/wp-content\/uploads\/2025\/07\/M12-canfast.webp","contentUrl":"https:\/\/lda.be\/wp-content\/uploads\/2025\/07\/M12-canfast.webp","width":800,"height":800,"caption":"M12 canfast round product"},{"@type":"BreadcrumbList","@id":"https:\/\/lda.be\/fr\/produit\/m12-canfast-connecteurs-ronds\/#breadcrumb","itemListElement":[{"@type":"ListItem","position":1,"name":"Accueil","item":"https:\/\/lda.be\/fr\/"},{"@type":"ListItem","position":2,"name":"Produits","item":"https:\/\/lda.be\/fr\/produits\/"},{"@type":"ListItem","position":3,"name":"M12 CANFAST connecteurs ronds"}]},{"@type":"WebSite","@id":"https:\/\/lda.be\/fr\/#website","url":"https:\/\/lda.be\/fr\/","name":"LDA Belgium","description":"Solutions For Life","publisher":{"@id":"https:\/\/lda.be\/fr\/#organization"},"potentialAction":[{"@type":"SearchAction","target":{"@type":"EntryPoint","urlTemplate":"https:\/\/lda.be\/fr\/?s={search_term_string}"},"query-input":{"@type":"PropertyValueSpecification","valueRequired":true,"valueName":"search_term_string"}}],"inLanguage":"fr-FR"},{"@type":"Organization","@id":"https:\/\/lda.be\/fr\/#organization","name":"LDA Belgium","url":"https:\/\/lda.be\/fr\/","logo":{"@type":"ImageObject","inLanguage":"fr-FR","@id":"https:\/\/lda.be\/fr\/#\/schema\/logo\/image\/","url":"https:\/\/lda.be\/wp-content\/uploads\/2022\/07\/Logo-LDA.webp","contentUrl":"https:\/\/lda.be\/wp-content\/uploads\/2022\/07\/Logo-LDA.webp","width":311,"height":101,"caption":"LDA Belgium"},"image":{"@id":"https:\/\/lda.be\/fr\/#\/schema\/logo\/image\/"},"sameAs":["https:\/\/www.linkedin.com\/company\/lda-belgium-nv"]}]}},"_links":{"self":[{"href":"https:\/\/lda.be\/fr\/wp-json\/wp\/v2\/product\/9470","targetHints":{"allow":["GET"]}}],"collection":[{"href":"https:\/\/lda.be\/fr\/wp-json\/wp\/v2\/product"}],"about":[{"href":"https:\/\/lda.be\/fr\/wp-json\/wp\/v2\/types\/product"}],"replies":[{"embeddable":true,"href":"https:\/\/lda.be\/fr\/wp-json\/wp\/v2\/comments?post=9470"}],"wp:featuredmedia":[{"embeddable":true,"href":"https:\/\/lda.be\/fr\/wp-json\/wp\/v2\/media\/9461"}],"wp:attachment":[{"href":"https:\/\/lda.be\/fr\/wp-json\/wp\/v2\/media?parent=9470"}],"wp:term":[{"taxonomy":"product_brand","embeddable":true,"href":"https:\/\/lda.be\/fr\/wp-json\/wp\/v2\/product_brand?post=9470"},{"taxonomy":"product_cat","embeddable":true,"href":"https:\/\/lda.be\/fr\/wp-json\/wp\/v2\/product_cat?post=9470"},{"taxonomy":"product_tag","embeddable":true,"href":"https:\/\/lda.be\/fr\/wp-json\/wp\/v2\/product_tag?post=9470"}],"curies":[{"name":"wp","href":"https:\/\/api.w.org\/{rel}","templated":true}]}}