{"id":9480,"date":"2025-07-07T13:51:16","date_gmt":"2025-07-07T12:51:16","guid":{"rendered":"https:\/\/lda.be\/?post_type=product&#038;p=9480"},"modified":"2025-07-07T14:32:16","modified_gmt":"2025-07-07T13:32:16","slug":"m12-90-canfast-connecteurs-ronds","status":"publish","type":"product","link":"https:\/\/lda.be\/fr\/produit\/m12-90-canfast-connecteurs-ronds\/","title":{"rendered":"M12 90\u00b0 CANFAST connecteurs ronds"},"content":{"rendered":"<p>La s\u00e9rie CANFAST\u00ae M12 de Canfield se compose de connecteurs ronds coul\u00e9s \u00e0 90\u00b0 de haute qualit\u00e9 avec un filetage M12 pour une utilisation dans l&#8217;automatisation, la technologie des vannes et le c\u00e2blage des capteurs. Leur conception angulaire les rend id\u00e9aux pour les installations compactes ou difficiles d&#8217;acc\u00e8s o\u00f9 les c\u00e2bles ne peuvent pas d\u00e9passer directement vers l&#8217;arri\u00e8re.<\/p>\n<p>Ces connecteurs sont disponibles en version m\u00e2le ou femelle, avec 3, 4 ou 5 broches et un codage A standard. Toutes les versions sont enti\u00e8rement moul\u00e9es pour une r\u00e9sistance maximale aux vibrations et une bonne \u00e9tanch\u00e9it\u00e9. La gamme CANFAST\u00ae est con\u00e7ue pour un assemblage rapide, une grande fiabilit\u00e9 et des performances durables dans des environnements industriels difficiles.<\/p>\n<p>Les connecteurs sont disponibles avec des c\u00e2bles en PVC ou PUR de 1 \u00e0 10 m\u00e8tres de long, blind\u00e9s ou non. L&#8217;indice de protection IP68\/IP69\/IP69K garantit une protection contre la poussi\u00e8re, l&#8217;humidit\u00e9, l&#8217;immersion et le nettoyage \u00e0 haute pression. Les contacts sont dor\u00e9s pour une transmission stable du signal et le presse-\u00e9toupe est en laiton nickel\u00e9.<\/p>\n<p>Vous voulez savoir si le M12 90\u00b0 CANFAST convient \u00e0 votre syst\u00e8me ? Demandez votre devis d\u00e8s aujourd&#8217;hui via LDA Belgium et connectez vos vannes et capteurs en toute fiabilit\u00e9.<\/p>\n","protected":false},"excerpt":{"rendered":"<p>La s\u00e9rie CANFAST\u00ae M12 de Canfield se compose de connecteurs ronds coul\u00e9s \u00e0 90\u00b0 de haute qualit\u00e9 avec un filetage M12 pour une utilisation dans l&#8217;automatisation, la technologie des vannes et le c\u00e2blage des capteurs. Leur conception angulaire les rend id\u00e9aux pour les installations compactes ou difficiles d&#8217;acc\u00e8s o\u00f9 les c\u00e2bles ne peuvent pas d\u00e9passer [&hellip;]<\/p>\n","protected":false},"featured_media":9478,"comment_status":"closed","ping_status":"closed","template":"","meta":[],"product_brand":[1610],"product_cat":[818,828,1616],"product_tag":[],"class_list":{"0":"post-9480","1":"product","2":"type-product","3":"status-publish","4":"has-post-thumbnail","6":"product_brand-canfield","7":"product_cat-connecteurs-et-cables","8":"product_cat-connecteurs","9":"product_cat-m12-connecteurs","11":"first","12":"instock","13":"shipping-taxable","14":"product-type-simple"},"yoast_head":"<!-- This site is optimized with the Yoast SEO plugin v27.3 - https:\/\/yoast.com\/product\/yoast-seo-wordpress\/ -->\n<title>M12 90\u00b0 CANFAST connecteurs ronds - LDA Belgique<\/title>\n<meta name=\"description\" content=\"Canfield CANFAST\u00ae M12 90\u00b0 connecteur moul\u00e9, IP69K, 3-5 broches, 250 V, 4 A, avec c\u00e2ble PVC ou PUR jusqu&#039;\u00e0 10 m. LDA Belgique pour une utilisation dans l&#039;automatisation\" \/>\n<meta name=\"robots\" content=\"index, follow, max-snippet:-1, max-image-preview:large, max-video-preview:-1\" \/>\n<link rel=\"canonical\" href=\"https:\/\/lda.be\/fr\/produit\/m12-90-canfast-connecteurs-ronds\/\" \/>\n<meta property=\"og:locale\" content=\"fr_FR\" \/>\n<meta property=\"og:type\" content=\"article\" \/>\n<meta property=\"og:title\" content=\"M12 90\u00b0 CANFAST connecteurs ronds - LDA Belgique\" \/>\n<meta property=\"og:description\" content=\"Canfield CANFAST\u00ae M12 90\u00b0 connecteur moul\u00e9, IP69K, 3-5 broches, 250 V, 4 A, avec c\u00e2ble PVC ou PUR jusqu&#039;\u00e0 10 m. LDA Belgique pour une utilisation dans l&#039;automatisation\" \/>\n<meta property=\"og:url\" content=\"https:\/\/lda.be\/fr\/produit\/m12-90-canfast-connecteurs-ronds\/\" \/>\n<meta property=\"og:site_name\" content=\"LDA Belgique\" \/>\n<meta property=\"article:modified_time\" content=\"2025-07-07T13:32:16+00:00\" \/>\n<meta property=\"og:image\" content=\"https:\/\/lda.be\/wp-content\/uploads\/2025\/07\/M12-90\u00b0.webp\" \/>\n\t<meta property=\"og:image:width\" content=\"800\" \/>\n\t<meta property=\"og:image:height\" content=\"800\" \/>\n\t<meta property=\"og:image:type\" content=\"image\/webp\" \/>\n<meta name=\"twitter:card\" content=\"summary_large_image\" \/>\n<meta name=\"twitter:label1\" content=\"Dur\u00e9e de lecture estim\u00e9e\" \/>\n\t<meta name=\"twitter:data1\" content=\"2 minutes\" \/>\n<script type=\"application\/ld+json\" class=\"yoast-schema-graph\">{\"@context\":\"https:\\\/\\\/schema.org\",\"@graph\":[{\"@type\":\"WebPage\",\"@id\":\"https:\\\/\\\/lda.be\\\/fr\\\/produit\\\/m12-90-canfast-connecteurs-ronds\\\/\",\"url\":\"https:\\\/\\\/lda.be\\\/fr\\\/produit\\\/m12-90-canfast-connecteurs-ronds\\\/\",\"name\":\"M12 90\u00b0 CANFAST connecteurs ronds - LDA Belgique\",\"isPartOf\":{\"@id\":\"https:\\\/\\\/lda.be\\\/fr\\\/#website\"},\"primaryImageOfPage\":{\"@id\":\"https:\\\/\\\/lda.be\\\/fr\\\/produit\\\/m12-90-canfast-connecteurs-ronds\\\/#primaryimage\"},\"image\":{\"@id\":\"https:\\\/\\\/lda.be\\\/fr\\\/produit\\\/m12-90-canfast-connecteurs-ronds\\\/#primaryimage\"},\"thumbnailUrl\":\"https:\\\/\\\/lda.be\\\/wp-content\\\/uploads\\\/2025\\\/07\\\/M12-90\u00b0.webp\",\"datePublished\":\"2025-07-07T12:51:16+00:00\",\"dateModified\":\"2025-07-07T13:32:16+00:00\",\"description\":\"Canfield CANFAST\u00ae M12 90\u00b0 connecteur moul\u00e9, IP69K, 3-5 broches, 250 V, 4 A, avec c\u00e2ble PVC ou PUR jusqu'\u00e0 10 m. LDA Belgique pour une utilisation dans l'automatisation\",\"breadcrumb\":{\"@id\":\"https:\\\/\\\/lda.be\\\/fr\\\/produit\\\/m12-90-canfast-connecteurs-ronds\\\/#breadcrumb\"},\"inLanguage\":\"fr-FR\",\"potentialAction\":[{\"@type\":\"ReadAction\",\"target\":[\"https:\\\/\\\/lda.be\\\/fr\\\/produit\\\/m12-90-canfast-connecteurs-ronds\\\/\"]}]},{\"@type\":\"ImageObject\",\"inLanguage\":\"fr-FR\",\"@id\":\"https:\\\/\\\/lda.be\\\/fr\\\/produit\\\/m12-90-canfast-connecteurs-ronds\\\/#primaryimage\",\"url\":\"https:\\\/\\\/lda.be\\\/wp-content\\\/uploads\\\/2025\\\/07\\\/M12-90\u00b0.webp\",\"contentUrl\":\"https:\\\/\\\/lda.be\\\/wp-content\\\/uploads\\\/2025\\\/07\\\/M12-90\u00b0.webp\",\"width\":800,\"height\":800,\"caption\":\"canfield canfast connector\"},{\"@type\":\"BreadcrumbList\",\"@id\":\"https:\\\/\\\/lda.be\\\/fr\\\/produit\\\/m12-90-canfast-connecteurs-ronds\\\/#breadcrumb\",\"itemListElement\":[{\"@type\":\"ListItem\",\"position\":1,\"name\":\"Accueil\",\"item\":\"https:\\\/\\\/lda.be\\\/fr\\\/\"},{\"@type\":\"ListItem\",\"position\":2,\"name\":\"Produits\",\"item\":\"https:\\\/\\\/lda.be\\\/fr\\\/produits\\\/\"},{\"@type\":\"ListItem\",\"position\":3,\"name\":\"M12 90\u00b0 CANFAST connecteurs ronds\"}]},{\"@type\":\"WebSite\",\"@id\":\"https:\\\/\\\/lda.be\\\/fr\\\/#website\",\"url\":\"https:\\\/\\\/lda.be\\\/fr\\\/\",\"name\":\"LDA Belgium\",\"description\":\"Solutions For Life\",\"publisher\":{\"@id\":\"https:\\\/\\\/lda.be\\\/fr\\\/#organization\"},\"potentialAction\":[{\"@type\":\"SearchAction\",\"target\":{\"@type\":\"EntryPoint\",\"urlTemplate\":\"https:\\\/\\\/lda.be\\\/fr\\\/?s={search_term_string}\"},\"query-input\":{\"@type\":\"PropertyValueSpecification\",\"valueRequired\":true,\"valueName\":\"search_term_string\"}}],\"inLanguage\":\"fr-FR\"},{\"@type\":\"Organization\",\"@id\":\"https:\\\/\\\/lda.be\\\/fr\\\/#organization\",\"name\":\"LDA Belgium\",\"url\":\"https:\\\/\\\/lda.be\\\/fr\\\/\",\"logo\":{\"@type\":\"ImageObject\",\"inLanguage\":\"fr-FR\",\"@id\":\"https:\\\/\\\/lda.be\\\/fr\\\/#\\\/schema\\\/logo\\\/image\\\/\",\"url\":\"https:\\\/\\\/lda.be\\\/wp-content\\\/uploads\\\/2022\\\/07\\\/Logo-LDA.webp\",\"contentUrl\":\"https:\\\/\\\/lda.be\\\/wp-content\\\/uploads\\\/2022\\\/07\\\/Logo-LDA.webp\",\"width\":311,\"height\":101,\"caption\":\"LDA Belgium\"},\"image\":{\"@id\":\"https:\\\/\\\/lda.be\\\/fr\\\/#\\\/schema\\\/logo\\\/image\\\/\"},\"sameAs\":[\"https:\\\/\\\/www.linkedin.com\\\/company\\\/lda-belgium-nv\"]}]}<\/script>\n<!-- \/ Yoast SEO plugin. -->","yoast_head_json":{"title":"M12 90\u00b0 CANFAST connecteurs ronds - LDA Belgique","description":"Canfield CANFAST\u00ae M12 90\u00b0 connecteur moul\u00e9, IP69K, 3-5 broches, 250 V, 4 A, avec c\u00e2ble PVC ou PUR jusqu'\u00e0 10 m. LDA Belgique pour une utilisation dans l'automatisation","robots":{"index":"index","follow":"follow","max-snippet":"max-snippet:-1","max-image-preview":"max-image-preview:large","max-video-preview":"max-video-preview:-1"},"canonical":"https:\/\/lda.be\/fr\/produit\/m12-90-canfast-connecteurs-ronds\/","og_locale":"fr_FR","og_type":"article","og_title":"M12 90\u00b0 CANFAST connecteurs ronds - LDA Belgique","og_description":"Canfield CANFAST\u00ae M12 90\u00b0 connecteur moul\u00e9, IP69K, 3-5 broches, 250 V, 4 A, avec c\u00e2ble PVC ou PUR jusqu'\u00e0 10 m. LDA Belgique pour une utilisation dans l'automatisation","og_url":"https:\/\/lda.be\/fr\/produit\/m12-90-canfast-connecteurs-ronds\/","og_site_name":"LDA Belgique","article_modified_time":"2025-07-07T13:32:16+00:00","og_image":[{"width":800,"height":800,"url":"https:\/\/lda.be\/wp-content\/uploads\/2025\/07\/M12-90\u00b0.webp","type":"image\/webp"}],"twitter_card":"summary_large_image","twitter_misc":{"Dur\u00e9e de lecture estim\u00e9e":"2 minutes"},"schema":{"@context":"https:\/\/schema.org","@graph":[{"@type":"WebPage","@id":"https:\/\/lda.be\/fr\/produit\/m12-90-canfast-connecteurs-ronds\/","url":"https:\/\/lda.be\/fr\/produit\/m12-90-canfast-connecteurs-ronds\/","name":"M12 90\u00b0 CANFAST connecteurs ronds - LDA Belgique","isPartOf":{"@id":"https:\/\/lda.be\/fr\/#website"},"primaryImageOfPage":{"@id":"https:\/\/lda.be\/fr\/produit\/m12-90-canfast-connecteurs-ronds\/#primaryimage"},"image":{"@id":"https:\/\/lda.be\/fr\/produit\/m12-90-canfast-connecteurs-ronds\/#primaryimage"},"thumbnailUrl":"https:\/\/lda.be\/wp-content\/uploads\/2025\/07\/M12-90\u00b0.webp","datePublished":"2025-07-07T12:51:16+00:00","dateModified":"2025-07-07T13:32:16+00:00","description":"Canfield CANFAST\u00ae M12 90\u00b0 connecteur moul\u00e9, IP69K, 3-5 broches, 250 V, 4 A, avec c\u00e2ble PVC ou PUR jusqu'\u00e0 10 m. LDA Belgique pour une utilisation dans l'automatisation","breadcrumb":{"@id":"https:\/\/lda.be\/fr\/produit\/m12-90-canfast-connecteurs-ronds\/#breadcrumb"},"inLanguage":"fr-FR","potentialAction":[{"@type":"ReadAction","target":["https:\/\/lda.be\/fr\/produit\/m12-90-canfast-connecteurs-ronds\/"]}]},{"@type":"ImageObject","inLanguage":"fr-FR","@id":"https:\/\/lda.be\/fr\/produit\/m12-90-canfast-connecteurs-ronds\/#primaryimage","url":"https:\/\/lda.be\/wp-content\/uploads\/2025\/07\/M12-90\u00b0.webp","contentUrl":"https:\/\/lda.be\/wp-content\/uploads\/2025\/07\/M12-90\u00b0.webp","width":800,"height":800,"caption":"canfield canfast connector"},{"@type":"BreadcrumbList","@id":"https:\/\/lda.be\/fr\/produit\/m12-90-canfast-connecteurs-ronds\/#breadcrumb","itemListElement":[{"@type":"ListItem","position":1,"name":"Accueil","item":"https:\/\/lda.be\/fr\/"},{"@type":"ListItem","position":2,"name":"Produits","item":"https:\/\/lda.be\/fr\/produits\/"},{"@type":"ListItem","position":3,"name":"M12 90\u00b0 CANFAST connecteurs ronds"}]},{"@type":"WebSite","@id":"https:\/\/lda.be\/fr\/#website","url":"https:\/\/lda.be\/fr\/","name":"LDA Belgium","description":"Solutions For Life","publisher":{"@id":"https:\/\/lda.be\/fr\/#organization"},"potentialAction":[{"@type":"SearchAction","target":{"@type":"EntryPoint","urlTemplate":"https:\/\/lda.be\/fr\/?s={search_term_string}"},"query-input":{"@type":"PropertyValueSpecification","valueRequired":true,"valueName":"search_term_string"}}],"inLanguage":"fr-FR"},{"@type":"Organization","@id":"https:\/\/lda.be\/fr\/#organization","name":"LDA Belgium","url":"https:\/\/lda.be\/fr\/","logo":{"@type":"ImageObject","inLanguage":"fr-FR","@id":"https:\/\/lda.be\/fr\/#\/schema\/logo\/image\/","url":"https:\/\/lda.be\/wp-content\/uploads\/2022\/07\/Logo-LDA.webp","contentUrl":"https:\/\/lda.be\/wp-content\/uploads\/2022\/07\/Logo-LDA.webp","width":311,"height":101,"caption":"LDA Belgium"},"image":{"@id":"https:\/\/lda.be\/fr\/#\/schema\/logo\/image\/"},"sameAs":["https:\/\/www.linkedin.com\/company\/lda-belgium-nv"]}]}},"_links":{"self":[{"href":"https:\/\/lda.be\/fr\/wp-json\/wp\/v2\/product\/9480","targetHints":{"allow":["GET"]}}],"collection":[{"href":"https:\/\/lda.be\/fr\/wp-json\/wp\/v2\/product"}],"about":[{"href":"https:\/\/lda.be\/fr\/wp-json\/wp\/v2\/types\/product"}],"replies":[{"embeddable":true,"href":"https:\/\/lda.be\/fr\/wp-json\/wp\/v2\/comments?post=9480"}],"wp:featuredmedia":[{"embeddable":true,"href":"https:\/\/lda.be\/fr\/wp-json\/wp\/v2\/media\/9478"}],"wp:attachment":[{"href":"https:\/\/lda.be\/fr\/wp-json\/wp\/v2\/media?parent=9480"}],"wp:term":[{"taxonomy":"product_brand","embeddable":true,"href":"https:\/\/lda.be\/fr\/wp-json\/wp\/v2\/product_brand?post=9480"},{"taxonomy":"product_cat","embeddable":true,"href":"https:\/\/lda.be\/fr\/wp-json\/wp\/v2\/product_cat?post=9480"},{"taxonomy":"product_tag","embeddable":true,"href":"https:\/\/lda.be\/fr\/wp-json\/wp\/v2\/product_tag?post=9480"}],"curies":[{"name":"wp","href":"https:\/\/api.w.org\/{rel}","templated":true}]}}