{"id":9499,"date":"2025-07-08T10:19:22","date_gmt":"2025-07-08T09:19:22","guid":{"rendered":"https:\/\/lda.be\/?post_type=product&#038;p=9499"},"modified":"2025-07-08T13:49:44","modified_gmt":"2025-07-08T12:49:44","slug":"7000-capteur-de-proximite-a-courant-eleve","status":"publish","type":"product","link":"https:\/\/lda.be\/fr\/produit\/7000-capteur-de-proximite-a-courant-eleve\/","title":{"rendered":"S\u00e9rie 7000 &#8211; Capcteur de proximit\u00e9 \u00e0 courant \u00e9lev\u00e9"},"content":{"rendered":"<p>Les capteurs de proximit\u00e9 Canfield de la s\u00e9rie 7000 sont con\u00e7us pour la reconnaissance de position sur les v\u00e9rins pneumatiques et hydrauliques. Ces capteurs conviennent au montage sur des v\u00e9rins \u00e0 tirants de 2\u2033 \u00e0 8\u2033 d&#8217;al\u00e9sage ou sur des v\u00e9rins ronds de 3\/4\u2033 \u00e0 4\u2033 de diam\u00e8tre. Gr\u00e2ce \u00e0 leur conception robuste et \u00e9conomique, ils sont utilis\u00e9s dans le monde entier dans les domaines de l&#8217;automatisation, de la construction m\u00e9canique et des applications industrielles.<\/p>\n<p>Les capteurs sont disponibles dans diff\u00e9rents types de commutation, y compris les contacts Reed \u00e0 2 fils (NO\/NC), Reed SPDT, les sorties \u00e9lectroniques PNP\/NPN et TRIAC, avec ou sans indication LED. La version avec capteur \u00e0 effet Hall 120 V AC est unique dans la gamme. Ils prennent en charge des fonctions de commutation de 6 V DC \u00e0 240 V AC, avec un courant jusqu&#8217;\u00e0 4 A et un appel de courant jusqu&#8217;\u00e0 50 A. Les options de protection comprennent MOV, l&#8217;indication par LED et la protection contre les surtensions.<\/p>\n<p>Le montage s&#8217;effectue \u00e0 l&#8217;aide de bornes universelles auto-ajustables ou de colliers de serrage optionnels. Chaque capteur est livr\u00e9 avec un support de montage, un c\u00e2ble ou un connecteur M12 (en option), et poss\u00e8de un indice de protection IP67\/NEMA 6 pour les environnements industriels.<\/p>\n<p>Vous voulez savoir quelle version correspond \u00e0 votre v\u00e9rin ? Demandez d\u00e8s aujourd&#8217;hui un devis \u00e0 LDA Belgium et automatisez avec certitude.<\/p>\n","protected":false},"excerpt":{"rendered":"<p>Les capteurs de proximit\u00e9 Canfield de la s\u00e9rie 7000 sont con\u00e7us pour la reconnaissance de position sur les v\u00e9rins pneumatiques et hydrauliques. Ces capteurs conviennent au montage sur des v\u00e9rins \u00e0 tirants de 2\u2033 \u00e0 8\u2033 d&#8217;al\u00e9sage ou sur des v\u00e9rins ronds de 3\/4\u2033 \u00e0 4\u2033 de diam\u00e8tre. Gr\u00e2ce \u00e0 leur conception robuste et \u00e9conomique, [&hellip;]<\/p>\n","protected":false},"featured_media":9497,"comment_status":"closed","ping_status":"closed","template":"","meta":[],"product_brand":[1610],"product_cat":[996,856,1618],"product_tag":[],"class_list":{"0":"post-9499","1":"product","2":"type-product","3":"status-publish","4":"has-post-thumbnail","6":"product_brand-canfield","7":"product_cat-pneumatique","8":"product_cat-verin","9":"product_cat-detecteurs-et-capteurs","11":"first","12":"instock","13":"shipping-taxable","14":"product-type-simple"},"yoast_head":"<!-- This site is optimized with the Yoast SEO plugin v27.3 - https:\/\/yoast.com\/product\/yoast-seo-wordpress\/ -->\n<title>S\u00e9rie 7000 - Capcteur de proximit\u00e9 \u00e0 courant \u00e9lev\u00e9 - LDA Belgique<\/title>\n<meta name=\"description\" content=\"Capteur Canfield 7000 pour v\u00e9rins, al\u00e9sage 2-8&quot;, reed ou \u00e9lectronique, NO\/NC, 6-240 V, 1-4 A, avec LED\/MOV, IP67, M12 ou c\u00e2ble. LDA Belgique\" \/>\n<meta name=\"robots\" content=\"index, follow, max-snippet:-1, max-image-preview:large, max-video-preview:-1\" \/>\n<link rel=\"canonical\" href=\"https:\/\/lda.be\/fr\/produit\/7000-capteur-de-proximite-a-courant-eleve\/\" \/>\n<meta property=\"og:locale\" content=\"fr_FR\" \/>\n<meta property=\"og:type\" content=\"article\" \/>\n<meta property=\"og:title\" content=\"S\u00e9rie 7000 - Capcteur de proximit\u00e9 \u00e0 courant \u00e9lev\u00e9 - LDA Belgique\" \/>\n<meta property=\"og:description\" content=\"Capteur Canfield 7000 pour v\u00e9rins, al\u00e9sage 2-8&quot;, reed ou \u00e9lectronique, NO\/NC, 6-240 V, 1-4 A, avec LED\/MOV, IP67, M12 ou c\u00e2ble. LDA Belgique\" \/>\n<meta property=\"og:url\" content=\"https:\/\/lda.be\/fr\/produit\/7000-capteur-de-proximite-a-courant-eleve\/\" \/>\n<meta property=\"og:site_name\" content=\"LDA Belgique\" \/>\n<meta property=\"article:modified_time\" content=\"2025-07-08T12:49:44+00:00\" \/>\n<meta property=\"og:image\" content=\"https:\/\/lda.be\/wp-content\/uploads\/2025\/07\/7000-sensor.webp\" \/>\n\t<meta property=\"og:image:width\" content=\"800\" \/>\n\t<meta property=\"og:image:height\" content=\"800\" \/>\n\t<meta property=\"og:image:type\" content=\"image\/webp\" \/>\n<meta name=\"twitter:card\" content=\"summary_large_image\" \/>\n<meta name=\"twitter:label1\" content=\"Dur\u00e9e de lecture estim\u00e9e\" \/>\n\t<meta name=\"twitter:data1\" content=\"2 minutes\" \/>\n<script type=\"application\/ld+json\" class=\"yoast-schema-graph\">{\"@context\":\"https:\\\/\\\/schema.org\",\"@graph\":[{\"@type\":\"WebPage\",\"@id\":\"https:\\\/\\\/lda.be\\\/fr\\\/produit\\\/7000-capteur-de-proximite-a-courant-eleve\\\/\",\"url\":\"https:\\\/\\\/lda.be\\\/fr\\\/produit\\\/7000-capteur-de-proximite-a-courant-eleve\\\/\",\"name\":\"S\u00e9rie 7000 - Capcteur de proximit\u00e9 \u00e0 courant \u00e9lev\u00e9 - LDA Belgique\",\"isPartOf\":{\"@id\":\"https:\\\/\\\/lda.be\\\/fr\\\/#website\"},\"primaryImageOfPage\":{\"@id\":\"https:\\\/\\\/lda.be\\\/fr\\\/produit\\\/7000-capteur-de-proximite-a-courant-eleve\\\/#primaryimage\"},\"image\":{\"@id\":\"https:\\\/\\\/lda.be\\\/fr\\\/produit\\\/7000-capteur-de-proximite-a-courant-eleve\\\/#primaryimage\"},\"thumbnailUrl\":\"https:\\\/\\\/lda.be\\\/wp-content\\\/uploads\\\/2025\\\/07\\\/7000-sensor.webp\",\"datePublished\":\"2025-07-08T09:19:22+00:00\",\"dateModified\":\"2025-07-08T12:49:44+00:00\",\"description\":\"Capteur Canfield 7000 pour v\u00e9rins, al\u00e9sage 2-8\\\", reed ou \u00e9lectronique, NO\\\/NC, 6-240 V, 1-4 A, avec LED\\\/MOV, IP67, M12 ou c\u00e2ble. LDA Belgique\",\"breadcrumb\":{\"@id\":\"https:\\\/\\\/lda.be\\\/fr\\\/produit\\\/7000-capteur-de-proximite-a-courant-eleve\\\/#breadcrumb\"},\"inLanguage\":\"fr-FR\",\"potentialAction\":[{\"@type\":\"ReadAction\",\"target\":[\"https:\\\/\\\/lda.be\\\/fr\\\/produit\\\/7000-capteur-de-proximite-a-courant-eleve\\\/\"]}]},{\"@type\":\"ImageObject\",\"inLanguage\":\"fr-FR\",\"@id\":\"https:\\\/\\\/lda.be\\\/fr\\\/produit\\\/7000-capteur-de-proximite-a-courant-eleve\\\/#primaryimage\",\"url\":\"https:\\\/\\\/lda.be\\\/wp-content\\\/uploads\\\/2025\\\/07\\\/7000-sensor.webp\",\"contentUrl\":\"https:\\\/\\\/lda.be\\\/wp-content\\\/uploads\\\/2025\\\/07\\\/7000-sensor.webp\",\"width\":800,\"height\":800,\"caption\":\"7000 proximity sensor van canfield\"},{\"@type\":\"BreadcrumbList\",\"@id\":\"https:\\\/\\\/lda.be\\\/fr\\\/produit\\\/7000-capteur-de-proximite-a-courant-eleve\\\/#breadcrumb\",\"itemListElement\":[{\"@type\":\"ListItem\",\"position\":1,\"name\":\"Accueil\",\"item\":\"https:\\\/\\\/lda.be\\\/fr\\\/\"},{\"@type\":\"ListItem\",\"position\":2,\"name\":\"Produits\",\"item\":\"https:\\\/\\\/lda.be\\\/fr\\\/produits\\\/\"},{\"@type\":\"ListItem\",\"position\":3,\"name\":\"S\u00e9rie 7000 &#8211; Capcteur de proximit\u00e9 \u00e0 courant \u00e9lev\u00e9\"}]},{\"@type\":\"WebSite\",\"@id\":\"https:\\\/\\\/lda.be\\\/fr\\\/#website\",\"url\":\"https:\\\/\\\/lda.be\\\/fr\\\/\",\"name\":\"LDA Belgium\",\"description\":\"Solutions For Life\",\"publisher\":{\"@id\":\"https:\\\/\\\/lda.be\\\/fr\\\/#organization\"},\"potentialAction\":[{\"@type\":\"SearchAction\",\"target\":{\"@type\":\"EntryPoint\",\"urlTemplate\":\"https:\\\/\\\/lda.be\\\/fr\\\/?s={search_term_string}\"},\"query-input\":{\"@type\":\"PropertyValueSpecification\",\"valueRequired\":true,\"valueName\":\"search_term_string\"}}],\"inLanguage\":\"fr-FR\"},{\"@type\":\"Organization\",\"@id\":\"https:\\\/\\\/lda.be\\\/fr\\\/#organization\",\"name\":\"LDA Belgium\",\"url\":\"https:\\\/\\\/lda.be\\\/fr\\\/\",\"logo\":{\"@type\":\"ImageObject\",\"inLanguage\":\"fr-FR\",\"@id\":\"https:\\\/\\\/lda.be\\\/fr\\\/#\\\/schema\\\/logo\\\/image\\\/\",\"url\":\"https:\\\/\\\/lda.be\\\/wp-content\\\/uploads\\\/2022\\\/07\\\/Logo-LDA.webp\",\"contentUrl\":\"https:\\\/\\\/lda.be\\\/wp-content\\\/uploads\\\/2022\\\/07\\\/Logo-LDA.webp\",\"width\":311,\"height\":101,\"caption\":\"LDA Belgium\"},\"image\":{\"@id\":\"https:\\\/\\\/lda.be\\\/fr\\\/#\\\/schema\\\/logo\\\/image\\\/\"},\"sameAs\":[\"https:\\\/\\\/www.linkedin.com\\\/company\\\/lda-belgium-nv\"]}]}<\/script>\n<!-- \/ Yoast SEO plugin. -->","yoast_head_json":{"title":"S\u00e9rie 7000 - Capcteur de proximit\u00e9 \u00e0 courant \u00e9lev\u00e9 - LDA Belgique","description":"Capteur Canfield 7000 pour v\u00e9rins, al\u00e9sage 2-8\", reed ou \u00e9lectronique, NO\/NC, 6-240 V, 1-4 A, avec LED\/MOV, IP67, M12 ou c\u00e2ble. LDA Belgique","robots":{"index":"index","follow":"follow","max-snippet":"max-snippet:-1","max-image-preview":"max-image-preview:large","max-video-preview":"max-video-preview:-1"},"canonical":"https:\/\/lda.be\/fr\/produit\/7000-capteur-de-proximite-a-courant-eleve\/","og_locale":"fr_FR","og_type":"article","og_title":"S\u00e9rie 7000 - Capcteur de proximit\u00e9 \u00e0 courant \u00e9lev\u00e9 - LDA Belgique","og_description":"Capteur Canfield 7000 pour v\u00e9rins, al\u00e9sage 2-8\", reed ou \u00e9lectronique, NO\/NC, 6-240 V, 1-4 A, avec LED\/MOV, IP67, M12 ou c\u00e2ble. LDA Belgique","og_url":"https:\/\/lda.be\/fr\/produit\/7000-capteur-de-proximite-a-courant-eleve\/","og_site_name":"LDA Belgique","article_modified_time":"2025-07-08T12:49:44+00:00","og_image":[{"width":800,"height":800,"url":"https:\/\/lda.be\/wp-content\/uploads\/2025\/07\/7000-sensor.webp","type":"image\/webp"}],"twitter_card":"summary_large_image","twitter_misc":{"Dur\u00e9e de lecture estim\u00e9e":"2 minutes"},"schema":{"@context":"https:\/\/schema.org","@graph":[{"@type":"WebPage","@id":"https:\/\/lda.be\/fr\/produit\/7000-capteur-de-proximite-a-courant-eleve\/","url":"https:\/\/lda.be\/fr\/produit\/7000-capteur-de-proximite-a-courant-eleve\/","name":"S\u00e9rie 7000 - Capcteur de proximit\u00e9 \u00e0 courant \u00e9lev\u00e9 - LDA Belgique","isPartOf":{"@id":"https:\/\/lda.be\/fr\/#website"},"primaryImageOfPage":{"@id":"https:\/\/lda.be\/fr\/produit\/7000-capteur-de-proximite-a-courant-eleve\/#primaryimage"},"image":{"@id":"https:\/\/lda.be\/fr\/produit\/7000-capteur-de-proximite-a-courant-eleve\/#primaryimage"},"thumbnailUrl":"https:\/\/lda.be\/wp-content\/uploads\/2025\/07\/7000-sensor.webp","datePublished":"2025-07-08T09:19:22+00:00","dateModified":"2025-07-08T12:49:44+00:00","description":"Capteur Canfield 7000 pour v\u00e9rins, al\u00e9sage 2-8\", reed ou \u00e9lectronique, NO\/NC, 6-240 V, 1-4 A, avec LED\/MOV, IP67, M12 ou c\u00e2ble. LDA Belgique","breadcrumb":{"@id":"https:\/\/lda.be\/fr\/produit\/7000-capteur-de-proximite-a-courant-eleve\/#breadcrumb"},"inLanguage":"fr-FR","potentialAction":[{"@type":"ReadAction","target":["https:\/\/lda.be\/fr\/produit\/7000-capteur-de-proximite-a-courant-eleve\/"]}]},{"@type":"ImageObject","inLanguage":"fr-FR","@id":"https:\/\/lda.be\/fr\/produit\/7000-capteur-de-proximite-a-courant-eleve\/#primaryimage","url":"https:\/\/lda.be\/wp-content\/uploads\/2025\/07\/7000-sensor.webp","contentUrl":"https:\/\/lda.be\/wp-content\/uploads\/2025\/07\/7000-sensor.webp","width":800,"height":800,"caption":"7000 proximity sensor van canfield"},{"@type":"BreadcrumbList","@id":"https:\/\/lda.be\/fr\/produit\/7000-capteur-de-proximite-a-courant-eleve\/#breadcrumb","itemListElement":[{"@type":"ListItem","position":1,"name":"Accueil","item":"https:\/\/lda.be\/fr\/"},{"@type":"ListItem","position":2,"name":"Produits","item":"https:\/\/lda.be\/fr\/produits\/"},{"@type":"ListItem","position":3,"name":"S\u00e9rie 7000 &#8211; Capcteur de proximit\u00e9 \u00e0 courant \u00e9lev\u00e9"}]},{"@type":"WebSite","@id":"https:\/\/lda.be\/fr\/#website","url":"https:\/\/lda.be\/fr\/","name":"LDA Belgium","description":"Solutions For Life","publisher":{"@id":"https:\/\/lda.be\/fr\/#organization"},"potentialAction":[{"@type":"SearchAction","target":{"@type":"EntryPoint","urlTemplate":"https:\/\/lda.be\/fr\/?s={search_term_string}"},"query-input":{"@type":"PropertyValueSpecification","valueRequired":true,"valueName":"search_term_string"}}],"inLanguage":"fr-FR"},{"@type":"Organization","@id":"https:\/\/lda.be\/fr\/#organization","name":"LDA Belgium","url":"https:\/\/lda.be\/fr\/","logo":{"@type":"ImageObject","inLanguage":"fr-FR","@id":"https:\/\/lda.be\/fr\/#\/schema\/logo\/image\/","url":"https:\/\/lda.be\/wp-content\/uploads\/2022\/07\/Logo-LDA.webp","contentUrl":"https:\/\/lda.be\/wp-content\/uploads\/2022\/07\/Logo-LDA.webp","width":311,"height":101,"caption":"LDA Belgium"},"image":{"@id":"https:\/\/lda.be\/fr\/#\/schema\/logo\/image\/"},"sameAs":["https:\/\/www.linkedin.com\/company\/lda-belgium-nv"]}]}},"_links":{"self":[{"href":"https:\/\/lda.be\/fr\/wp-json\/wp\/v2\/product\/9499","targetHints":{"allow":["GET"]}}],"collection":[{"href":"https:\/\/lda.be\/fr\/wp-json\/wp\/v2\/product"}],"about":[{"href":"https:\/\/lda.be\/fr\/wp-json\/wp\/v2\/types\/product"}],"replies":[{"embeddable":true,"href":"https:\/\/lda.be\/fr\/wp-json\/wp\/v2\/comments?post=9499"}],"wp:featuredmedia":[{"embeddable":true,"href":"https:\/\/lda.be\/fr\/wp-json\/wp\/v2\/media\/9497"}],"wp:attachment":[{"href":"https:\/\/lda.be\/fr\/wp-json\/wp\/v2\/media?parent=9499"}],"wp:term":[{"taxonomy":"product_brand","embeddable":true,"href":"https:\/\/lda.be\/fr\/wp-json\/wp\/v2\/product_brand?post=9499"},{"taxonomy":"product_cat","embeddable":true,"href":"https:\/\/lda.be\/fr\/wp-json\/wp\/v2\/product_cat?post=9499"},{"taxonomy":"product_tag","embeddable":true,"href":"https:\/\/lda.be\/fr\/wp-json\/wp\/v2\/product_tag?post=9499"}],"curies":[{"name":"wp","href":"https:\/\/api.w.org\/{rel}","templated":true}]}}