{"id":9510,"date":"2025-07-08T11:08:12","date_gmt":"2025-07-08T10:08:12","guid":{"rendered":"https:\/\/lda.be\/?post_type=product&#038;p=9510"},"modified":"2025-07-08T13:55:54","modified_gmt":"2025-07-08T12:55:54","slug":"7c-capteur-de-proximite-a-courant-eleve","status":"publish","type":"product","link":"https:\/\/lda.be\/fr\/produit\/7c-capteur-de-proximite-a-courant-eleve\/","title":{"rendered":"S\u00e9rie 7C &#8211; Capteur de proximit\u00e9 \u00e0 courant \u00e9lev\u00e9"},"content":{"rendered":"<p>Les capteurs de proximit\u00e9 Canfield de la s\u00e9rie 7C sont con\u00e7us pour d\u00e9tecter la position du piston sur les v\u00e9rins pneumatiques avec un piston magn\u00e9tique et un al\u00e9sage de 2\u2033 \u00e0 8\u2033. Ces capteurs combinent un design avec une large gamme de fonctions de commutation, ce qui les rend d\u00e9ployables dans presque tous les environnements industriels.<\/p>\n<p>La s\u00e9rie 7C utilise des colliers universels auto-ajustables pour le montage sur des cylindres \u00e0 barre de traction NFPA de 2\u2033 \u00e0 6\u2033 (style 0) ou de 6\u2033 \u00e0 8\u2033 (style 9). Ils sont livr\u00e9s avec une sortie de conduit \u00bd\u2033 ou un connecteur automobile (3 ou 5 p\u00f4les), en fonction de l&#8217;application et des r\u00e9glementations.<\/p>\n<p>La gamme comprend un large choix de circuits : des simples contacts Reed NO\/NC aux SPDT, aux sorties TRIAC pour charge AC et aux sorties \u00e9lectroniques PNP ou NPN. Les mod\u00e8les sont disponibles avec une protection contre les surtensions MOV, une indication par LED rouge et une plage de commutation de 5 \u00e0 240 V AC\/DC avec un courant maximum jusqu&#8217;\u00e0 4 A et un appel jusqu&#8217;\u00e0 50 A. Cette polyvalence rend la s\u00e9rie 7C adapt\u00e9e \u00e0 l&#8217;automatisation, \u00e0 l&#8217;hydraulique mobile et \u00e0 d&#8217;autres applications exigeantes.<\/p>\n<p>Vous voulez savoir quel type de la s\u00e9rie 7C convient \u00e0 votre v\u00e9rin ? Demandez un devis \u00e0 LDA Belgium d\u00e8s aujourd&#8217;hui et choisissez une solution de capteur qui correspond \u00e0 votre sch\u00e9ma de commutation et \u00e0 vos besoins de montage.<\/p>\n","protected":false},"excerpt":{"rendered":"<p>Les capteurs de proximit\u00e9 Canfield de la s\u00e9rie 7C sont con\u00e7us pour d\u00e9tecter la position du piston sur les v\u00e9rins pneumatiques avec un piston magn\u00e9tique et un al\u00e9sage de 2\u2033 \u00e0 8\u2033. Ces capteurs combinent un design avec une large gamme de fonctions de commutation, ce qui les rend d\u00e9ployables dans presque tous les environnements [&hellip;]<\/p>\n","protected":false},"featured_media":9503,"comment_status":"closed","ping_status":"closed","template":"","meta":[],"product_brand":[1610],"product_cat":[996,856,1618],"product_tag":[],"class_list":{"0":"post-9510","1":"product","2":"type-product","3":"status-publish","4":"has-post-thumbnail","6":"product_brand-canfield","7":"product_cat-pneumatique","8":"product_cat-verin","9":"product_cat-detecteurs-et-capteurs","11":"first","12":"instock","13":"shipping-taxable","14":"product-type-simple"},"yoast_head":"<!-- This site is optimized with the Yoast SEO plugin v27.3 - https:\/\/yoast.com\/product\/yoast-seo-wordpress\/ -->\n<title>S\u00e9rie 7C - Capteur de proximit\u00e9 \u00e0 courant \u00e9lev\u00e9 - LDA Belgique<\/title>\n<meta name=\"description\" content=\"Capteur cylindrique Canfield 7C avec \u00e9l\u00e9ment \u00e9lectronique Reed, 5-240 V, jusqu&#039;\u00e0 4 A, MOV\/LED, connexion automobile pass-through. LDA Belgique\" \/>\n<meta name=\"robots\" content=\"index, follow, max-snippet:-1, max-image-preview:large, max-video-preview:-1\" \/>\n<link rel=\"canonical\" href=\"https:\/\/lda.be\/fr\/produit\/7c-capteur-de-proximite-a-courant-eleve\/\" \/>\n<meta property=\"og:locale\" content=\"fr_FR\" \/>\n<meta property=\"og:type\" content=\"article\" \/>\n<meta property=\"og:title\" content=\"S\u00e9rie 7C - Capteur de proximit\u00e9 \u00e0 courant \u00e9lev\u00e9 - LDA Belgique\" \/>\n<meta property=\"og:description\" content=\"Capteur cylindrique Canfield 7C avec \u00e9l\u00e9ment \u00e9lectronique Reed, 5-240 V, jusqu&#039;\u00e0 4 A, MOV\/LED, connexion automobile pass-through. LDA Belgique\" \/>\n<meta property=\"og:url\" content=\"https:\/\/lda.be\/fr\/produit\/7c-capteur-de-proximite-a-courant-eleve\/\" \/>\n<meta property=\"og:site_name\" content=\"LDA Belgique\" \/>\n<meta property=\"article:modified_time\" content=\"2025-07-08T12:55:54+00:00\" \/>\n<meta property=\"og:image\" content=\"https:\/\/lda.be\/wp-content\/uploads\/2025\/07\/7c.webp\" \/>\n\t<meta property=\"og:image:width\" content=\"800\" \/>\n\t<meta property=\"og:image:height\" content=\"800\" \/>\n\t<meta property=\"og:image:type\" content=\"image\/webp\" \/>\n<meta name=\"twitter:card\" content=\"summary_large_image\" \/>\n<meta name=\"twitter:label1\" content=\"Dur\u00e9e de lecture estim\u00e9e\" \/>\n\t<meta name=\"twitter:data1\" content=\"2 minutes\" \/>\n<script type=\"application\/ld+json\" class=\"yoast-schema-graph\">{\"@context\":\"https:\\\/\\\/schema.org\",\"@graph\":[{\"@type\":\"WebPage\",\"@id\":\"https:\\\/\\\/lda.be\\\/fr\\\/produit\\\/7c-capteur-de-proximite-a-courant-eleve\\\/\",\"url\":\"https:\\\/\\\/lda.be\\\/fr\\\/produit\\\/7c-capteur-de-proximite-a-courant-eleve\\\/\",\"name\":\"S\u00e9rie 7C - Capteur de proximit\u00e9 \u00e0 courant \u00e9lev\u00e9 - LDA Belgique\",\"isPartOf\":{\"@id\":\"https:\\\/\\\/lda.be\\\/fr\\\/#website\"},\"primaryImageOfPage\":{\"@id\":\"https:\\\/\\\/lda.be\\\/fr\\\/produit\\\/7c-capteur-de-proximite-a-courant-eleve\\\/#primaryimage\"},\"image\":{\"@id\":\"https:\\\/\\\/lda.be\\\/fr\\\/produit\\\/7c-capteur-de-proximite-a-courant-eleve\\\/#primaryimage\"},\"thumbnailUrl\":\"https:\\\/\\\/lda.be\\\/wp-content\\\/uploads\\\/2025\\\/07\\\/7c.webp\",\"datePublished\":\"2025-07-08T10:08:12+00:00\",\"dateModified\":\"2025-07-08T12:55:54+00:00\",\"description\":\"Capteur cylindrique Canfield 7C avec \u00e9l\u00e9ment \u00e9lectronique Reed, 5-240 V, jusqu'\u00e0 4 A, MOV\\\/LED, connexion automobile pass-through. LDA Belgique\",\"breadcrumb\":{\"@id\":\"https:\\\/\\\/lda.be\\\/fr\\\/produit\\\/7c-capteur-de-proximite-a-courant-eleve\\\/#breadcrumb\"},\"inLanguage\":\"fr-FR\",\"potentialAction\":[{\"@type\":\"ReadAction\",\"target\":[\"https:\\\/\\\/lda.be\\\/fr\\\/produit\\\/7c-capteur-de-proximite-a-courant-eleve\\\/\"]}]},{\"@type\":\"ImageObject\",\"inLanguage\":\"fr-FR\",\"@id\":\"https:\\\/\\\/lda.be\\\/fr\\\/produit\\\/7c-capteur-de-proximite-a-courant-eleve\\\/#primaryimage\",\"url\":\"https:\\\/\\\/lda.be\\\/wp-content\\\/uploads\\\/2025\\\/07\\\/7c.webp\",\"contentUrl\":\"https:\\\/\\\/lda.be\\\/wp-content\\\/uploads\\\/2025\\\/07\\\/7c.webp\",\"width\":800,\"height\":800,\"caption\":\"7C canfield sensor\"},{\"@type\":\"BreadcrumbList\",\"@id\":\"https:\\\/\\\/lda.be\\\/fr\\\/produit\\\/7c-capteur-de-proximite-a-courant-eleve\\\/#breadcrumb\",\"itemListElement\":[{\"@type\":\"ListItem\",\"position\":1,\"name\":\"Accueil\",\"item\":\"https:\\\/\\\/lda.be\\\/fr\\\/\"},{\"@type\":\"ListItem\",\"position\":2,\"name\":\"Produits\",\"item\":\"https:\\\/\\\/lda.be\\\/fr\\\/produits\\\/\"},{\"@type\":\"ListItem\",\"position\":3,\"name\":\"S\u00e9rie 7C &#8211; Capteur de proximit\u00e9 \u00e0 courant \u00e9lev\u00e9\"}]},{\"@type\":\"WebSite\",\"@id\":\"https:\\\/\\\/lda.be\\\/fr\\\/#website\",\"url\":\"https:\\\/\\\/lda.be\\\/fr\\\/\",\"name\":\"LDA Belgium\",\"description\":\"Solutions For Life\",\"publisher\":{\"@id\":\"https:\\\/\\\/lda.be\\\/fr\\\/#organization\"},\"potentialAction\":[{\"@type\":\"SearchAction\",\"target\":{\"@type\":\"EntryPoint\",\"urlTemplate\":\"https:\\\/\\\/lda.be\\\/fr\\\/?s={search_term_string}\"},\"query-input\":{\"@type\":\"PropertyValueSpecification\",\"valueRequired\":true,\"valueName\":\"search_term_string\"}}],\"inLanguage\":\"fr-FR\"},{\"@type\":\"Organization\",\"@id\":\"https:\\\/\\\/lda.be\\\/fr\\\/#organization\",\"name\":\"LDA Belgium\",\"url\":\"https:\\\/\\\/lda.be\\\/fr\\\/\",\"logo\":{\"@type\":\"ImageObject\",\"inLanguage\":\"fr-FR\",\"@id\":\"https:\\\/\\\/lda.be\\\/fr\\\/#\\\/schema\\\/logo\\\/image\\\/\",\"url\":\"https:\\\/\\\/lda.be\\\/wp-content\\\/uploads\\\/2022\\\/07\\\/Logo-LDA.webp\",\"contentUrl\":\"https:\\\/\\\/lda.be\\\/wp-content\\\/uploads\\\/2022\\\/07\\\/Logo-LDA.webp\",\"width\":311,\"height\":101,\"caption\":\"LDA Belgium\"},\"image\":{\"@id\":\"https:\\\/\\\/lda.be\\\/fr\\\/#\\\/schema\\\/logo\\\/image\\\/\"},\"sameAs\":[\"https:\\\/\\\/www.linkedin.com\\\/company\\\/lda-belgium-nv\"]}]}<\/script>\n<!-- \/ Yoast SEO plugin. -->","yoast_head_json":{"title":"S\u00e9rie 7C - Capteur de proximit\u00e9 \u00e0 courant \u00e9lev\u00e9 - LDA Belgique","description":"Capteur cylindrique Canfield 7C avec \u00e9l\u00e9ment \u00e9lectronique Reed, 5-240 V, jusqu'\u00e0 4 A, MOV\/LED, connexion automobile pass-through. LDA Belgique","robots":{"index":"index","follow":"follow","max-snippet":"max-snippet:-1","max-image-preview":"max-image-preview:large","max-video-preview":"max-video-preview:-1"},"canonical":"https:\/\/lda.be\/fr\/produit\/7c-capteur-de-proximite-a-courant-eleve\/","og_locale":"fr_FR","og_type":"article","og_title":"S\u00e9rie 7C - Capteur de proximit\u00e9 \u00e0 courant \u00e9lev\u00e9 - LDA Belgique","og_description":"Capteur cylindrique Canfield 7C avec \u00e9l\u00e9ment \u00e9lectronique Reed, 5-240 V, jusqu'\u00e0 4 A, MOV\/LED, connexion automobile pass-through. LDA Belgique","og_url":"https:\/\/lda.be\/fr\/produit\/7c-capteur-de-proximite-a-courant-eleve\/","og_site_name":"LDA Belgique","article_modified_time":"2025-07-08T12:55:54+00:00","og_image":[{"width":800,"height":800,"url":"https:\/\/lda.be\/wp-content\/uploads\/2025\/07\/7c.webp","type":"image\/webp"}],"twitter_card":"summary_large_image","twitter_misc":{"Dur\u00e9e de lecture estim\u00e9e":"2 minutes"},"schema":{"@context":"https:\/\/schema.org","@graph":[{"@type":"WebPage","@id":"https:\/\/lda.be\/fr\/produit\/7c-capteur-de-proximite-a-courant-eleve\/","url":"https:\/\/lda.be\/fr\/produit\/7c-capteur-de-proximite-a-courant-eleve\/","name":"S\u00e9rie 7C - Capteur de proximit\u00e9 \u00e0 courant \u00e9lev\u00e9 - LDA Belgique","isPartOf":{"@id":"https:\/\/lda.be\/fr\/#website"},"primaryImageOfPage":{"@id":"https:\/\/lda.be\/fr\/produit\/7c-capteur-de-proximite-a-courant-eleve\/#primaryimage"},"image":{"@id":"https:\/\/lda.be\/fr\/produit\/7c-capteur-de-proximite-a-courant-eleve\/#primaryimage"},"thumbnailUrl":"https:\/\/lda.be\/wp-content\/uploads\/2025\/07\/7c.webp","datePublished":"2025-07-08T10:08:12+00:00","dateModified":"2025-07-08T12:55:54+00:00","description":"Capteur cylindrique Canfield 7C avec \u00e9l\u00e9ment \u00e9lectronique Reed, 5-240 V, jusqu'\u00e0 4 A, MOV\/LED, connexion automobile pass-through. LDA Belgique","breadcrumb":{"@id":"https:\/\/lda.be\/fr\/produit\/7c-capteur-de-proximite-a-courant-eleve\/#breadcrumb"},"inLanguage":"fr-FR","potentialAction":[{"@type":"ReadAction","target":["https:\/\/lda.be\/fr\/produit\/7c-capteur-de-proximite-a-courant-eleve\/"]}]},{"@type":"ImageObject","inLanguage":"fr-FR","@id":"https:\/\/lda.be\/fr\/produit\/7c-capteur-de-proximite-a-courant-eleve\/#primaryimage","url":"https:\/\/lda.be\/wp-content\/uploads\/2025\/07\/7c.webp","contentUrl":"https:\/\/lda.be\/wp-content\/uploads\/2025\/07\/7c.webp","width":800,"height":800,"caption":"7C canfield sensor"},{"@type":"BreadcrumbList","@id":"https:\/\/lda.be\/fr\/produit\/7c-capteur-de-proximite-a-courant-eleve\/#breadcrumb","itemListElement":[{"@type":"ListItem","position":1,"name":"Accueil","item":"https:\/\/lda.be\/fr\/"},{"@type":"ListItem","position":2,"name":"Produits","item":"https:\/\/lda.be\/fr\/produits\/"},{"@type":"ListItem","position":3,"name":"S\u00e9rie 7C &#8211; Capteur de proximit\u00e9 \u00e0 courant \u00e9lev\u00e9"}]},{"@type":"WebSite","@id":"https:\/\/lda.be\/fr\/#website","url":"https:\/\/lda.be\/fr\/","name":"LDA Belgium","description":"Solutions For Life","publisher":{"@id":"https:\/\/lda.be\/fr\/#organization"},"potentialAction":[{"@type":"SearchAction","target":{"@type":"EntryPoint","urlTemplate":"https:\/\/lda.be\/fr\/?s={search_term_string}"},"query-input":{"@type":"PropertyValueSpecification","valueRequired":true,"valueName":"search_term_string"}}],"inLanguage":"fr-FR"},{"@type":"Organization","@id":"https:\/\/lda.be\/fr\/#organization","name":"LDA Belgium","url":"https:\/\/lda.be\/fr\/","logo":{"@type":"ImageObject","inLanguage":"fr-FR","@id":"https:\/\/lda.be\/fr\/#\/schema\/logo\/image\/","url":"https:\/\/lda.be\/wp-content\/uploads\/2022\/07\/Logo-LDA.webp","contentUrl":"https:\/\/lda.be\/wp-content\/uploads\/2022\/07\/Logo-LDA.webp","width":311,"height":101,"caption":"LDA Belgium"},"image":{"@id":"https:\/\/lda.be\/fr\/#\/schema\/logo\/image\/"},"sameAs":["https:\/\/www.linkedin.com\/company\/lda-belgium-nv"]}]}},"_links":{"self":[{"href":"https:\/\/lda.be\/fr\/wp-json\/wp\/v2\/product\/9510","targetHints":{"allow":["GET"]}}],"collection":[{"href":"https:\/\/lda.be\/fr\/wp-json\/wp\/v2\/product"}],"about":[{"href":"https:\/\/lda.be\/fr\/wp-json\/wp\/v2\/types\/product"}],"replies":[{"embeddable":true,"href":"https:\/\/lda.be\/fr\/wp-json\/wp\/v2\/comments?post=9510"}],"wp:featuredmedia":[{"embeddable":true,"href":"https:\/\/lda.be\/fr\/wp-json\/wp\/v2\/media\/9503"}],"wp:attachment":[{"href":"https:\/\/lda.be\/fr\/wp-json\/wp\/v2\/media?parent=9510"}],"wp:term":[{"taxonomy":"product_brand","embeddable":true,"href":"https:\/\/lda.be\/fr\/wp-json\/wp\/v2\/product_brand?post=9510"},{"taxonomy":"product_cat","embeddable":true,"href":"https:\/\/lda.be\/fr\/wp-json\/wp\/v2\/product_cat?post=9510"},{"taxonomy":"product_tag","embeddable":true,"href":"https:\/\/lda.be\/fr\/wp-json\/wp\/v2\/product_tag?post=9510"}],"curies":[{"name":"wp","href":"https:\/\/api.w.org\/{rel}","templated":true}]}}