{"id":9520,"date":"2025-07-08T12:48:21","date_gmt":"2025-07-08T11:48:21","guid":{"rendered":"https:\/\/lda.be\/?post_type=product&#038;p=9520"},"modified":"2025-07-08T13:59:59","modified_gmt":"2025-07-08T12:59:59","slug":"7gl-capteur-de-proximite-pour-emplacement-general","status":"publish","type":"product","link":"https:\/\/lda.be\/fr\/produit\/7gl-capteur-de-proximite-pour-emplacement-general\/","title":{"rendered":"S\u00e9rie 7GL &#8211; Capteur de proximit\u00e9 pour emplacement g\u00e9n\u00e9ral"},"content":{"rendered":"<p>Le Canfield 7GL est un capteur de proximit\u00e9 robuste con\u00e7u pour d\u00e9tecter la position du piston sur les v\u00e9rins \u00e0 tige pouss\u00e9e NFPA avec des al\u00e9sages de 2\u2033 \u00e0 8\u2033. Bas\u00e9 sur la technologie \u00e9prouv\u00e9e de la \u00ab pince flottante \u00bb de la s\u00e9rie 7000, le capteur offre un montage facile et stable sans ajustements pour diff\u00e9rentes tailles de cylindres.<\/p>\n<p>Destin\u00e9e aux environnements industriels g\u00e9n\u00e9raux, cette version est dot\u00e9e d&#8217;un bo\u00eetier robuste en aluminium 6061-T6 anodis\u00e9, avec une carte de circuit imprim\u00e9 interne enti\u00e8rement rev\u00eatue d&#8217;\u00e9poxy. Le 7GL est m\u00e9caniquement r\u00e9sistant aux chocs et aux vibrations et est livr\u00e9 avec une connexion de conduit standard \u00bd\u2033 et 9 pieds de c\u00e2ble PVC. Gr\u00e2ce \u00e0 sa sensibilit\u00e9 parall\u00e8le de 85 Gauss, il fonctionne de mani\u00e8re fiable avec les cylindres \u00e0 piston magn\u00e9tique.<\/p>\n<p>Le capteur contient un contact Reed \u00e0 ouverture normale (SPST) et commute jusqu&#8217;\u00e0 0,5 A \u00e0 des tensions de 0 \u00e0 120 V AC\/DC. Ses temps de commutation rapides (0,5 ms on, 0,1 ms off) le rendent id\u00e9al pour les applications o\u00f9 la vitesse et la pr\u00e9cision de r\u00e9p\u00e9tition sont cruciales.<\/p>\n<p>Vous voulez savoir si le 7GL convient \u00e0 votre environnement de cylindre ? Demandez d\u00e8s aujourd&#8217;hui un devis \u00e0 LDA Belgium et choisissez une solution de d\u00e9tection durable et r\u00e9sistante aux vibrations.<\/p>\n","protected":false},"excerpt":{"rendered":"<p>Le Canfield 7GL est un capteur de proximit\u00e9 robuste con\u00e7u pour d\u00e9tecter la position du piston sur les v\u00e9rins \u00e0 tige pouss\u00e9e NFPA avec des al\u00e9sages de 2\u2033 \u00e0 8\u2033. Bas\u00e9 sur la technologie \u00e9prouv\u00e9e de la \u00ab pince flottante \u00bb de la s\u00e9rie 7000, le capteur offre un montage facile et stable sans ajustements [&hellip;]<\/p>\n","protected":false},"featured_media":9514,"comment_status":"closed","ping_status":"closed","template":"","meta":[],"product_brand":[1610],"product_cat":[996,856,1618],"product_tag":[],"class_list":{"0":"post-9520","1":"product","2":"type-product","3":"status-publish","4":"has-post-thumbnail","6":"product_brand-canfield","7":"product_cat-pneumatique","8":"product_cat-verin","9":"product_cat-detecteurs-et-capteurs","11":"first","12":"instock","13":"shipping-taxable","14":"product-type-simple"},"yoast_head":"<!-- This site is optimized with the Yoast SEO plugin v27.3 - https:\/\/yoast.com\/product\/yoast-seo-wordpress\/ -->\n<title>S\u00e9rie 7GL - Capteur de proximit\u00e9 pour emplacement g\u00e9n\u00e9ral - LDA Belgique<\/title>\n<meta name=\"description\" content=\"Capteur de proximit\u00e9 Canfield 7GL met reedcontact, 0-120 V AC\/DC, 0,5 A, bo\u00eetier aluminium, rev\u00eatement \u00e9poxy, conduit 1\/2\u2033, IP65. LDA Belgique\" \/>\n<meta name=\"robots\" content=\"index, follow, max-snippet:-1, max-image-preview:large, max-video-preview:-1\" \/>\n<link rel=\"canonical\" href=\"https:\/\/lda.be\/fr\/produit\/7gl-capteur-de-proximite-pour-emplacement-general\/\" \/>\n<meta property=\"og:locale\" content=\"fr_FR\" \/>\n<meta property=\"og:type\" content=\"article\" \/>\n<meta property=\"og:title\" content=\"S\u00e9rie 7GL - Capteur de proximit\u00e9 pour emplacement g\u00e9n\u00e9ral - LDA Belgique\" \/>\n<meta property=\"og:description\" content=\"Capteur de proximit\u00e9 Canfield 7GL met reedcontact, 0-120 V AC\/DC, 0,5 A, bo\u00eetier aluminium, rev\u00eatement \u00e9poxy, conduit 1\/2\u2033, IP65. LDA Belgique\" \/>\n<meta property=\"og:url\" content=\"https:\/\/lda.be\/fr\/produit\/7gl-capteur-de-proximite-pour-emplacement-general\/\" \/>\n<meta property=\"og:site_name\" content=\"LDA Belgique\" \/>\n<meta property=\"article:modified_time\" content=\"2025-07-08T12:59:59+00:00\" \/>\n<meta property=\"og:image\" content=\"https:\/\/lda.be\/wp-content\/uploads\/2025\/07\/7gl.webp\" \/>\n\t<meta property=\"og:image:width\" content=\"800\" \/>\n\t<meta property=\"og:image:height\" content=\"800\" \/>\n\t<meta property=\"og:image:type\" content=\"image\/webp\" \/>\n<meta name=\"twitter:card\" content=\"summary_large_image\" \/>\n<meta name=\"twitter:label1\" content=\"Dur\u00e9e de lecture estim\u00e9e\" \/>\n\t<meta name=\"twitter:data1\" content=\"2 minutes\" \/>\n<script type=\"application\/ld+json\" class=\"yoast-schema-graph\">{\"@context\":\"https:\\\/\\\/schema.org\",\"@graph\":[{\"@type\":\"WebPage\",\"@id\":\"https:\\\/\\\/lda.be\\\/fr\\\/produit\\\/7gl-capteur-de-proximite-pour-emplacement-general\\\/\",\"url\":\"https:\\\/\\\/lda.be\\\/fr\\\/produit\\\/7gl-capteur-de-proximite-pour-emplacement-general\\\/\",\"name\":\"S\u00e9rie 7GL - Capteur de proximit\u00e9 pour emplacement g\u00e9n\u00e9ral - LDA Belgique\",\"isPartOf\":{\"@id\":\"https:\\\/\\\/lda.be\\\/fr\\\/#website\"},\"primaryImageOfPage\":{\"@id\":\"https:\\\/\\\/lda.be\\\/fr\\\/produit\\\/7gl-capteur-de-proximite-pour-emplacement-general\\\/#primaryimage\"},\"image\":{\"@id\":\"https:\\\/\\\/lda.be\\\/fr\\\/produit\\\/7gl-capteur-de-proximite-pour-emplacement-general\\\/#primaryimage\"},\"thumbnailUrl\":\"https:\\\/\\\/lda.be\\\/wp-content\\\/uploads\\\/2025\\\/07\\\/7gl.webp\",\"datePublished\":\"2025-07-08T11:48:21+00:00\",\"dateModified\":\"2025-07-08T12:59:59+00:00\",\"description\":\"Capteur de proximit\u00e9 Canfield 7GL met reedcontact, 0-120 V AC\\\/DC, 0,5 A, bo\u00eetier aluminium, rev\u00eatement \u00e9poxy, conduit 1\\\/2\u2033, IP65. LDA Belgique\",\"breadcrumb\":{\"@id\":\"https:\\\/\\\/lda.be\\\/fr\\\/produit\\\/7gl-capteur-de-proximite-pour-emplacement-general\\\/#breadcrumb\"},\"inLanguage\":\"fr-FR\",\"potentialAction\":[{\"@type\":\"ReadAction\",\"target\":[\"https:\\\/\\\/lda.be\\\/fr\\\/produit\\\/7gl-capteur-de-proximite-pour-emplacement-general\\\/\"]}]},{\"@type\":\"ImageObject\",\"inLanguage\":\"fr-FR\",\"@id\":\"https:\\\/\\\/lda.be\\\/fr\\\/produit\\\/7gl-capteur-de-proximite-pour-emplacement-general\\\/#primaryimage\",\"url\":\"https:\\\/\\\/lda.be\\\/wp-content\\\/uploads\\\/2025\\\/07\\\/7gl.webp\",\"contentUrl\":\"https:\\\/\\\/lda.be\\\/wp-content\\\/uploads\\\/2025\\\/07\\\/7gl.webp\",\"width\":800,\"height\":800,\"caption\":\"7GL sensor\"},{\"@type\":\"BreadcrumbList\",\"@id\":\"https:\\\/\\\/lda.be\\\/fr\\\/produit\\\/7gl-capteur-de-proximite-pour-emplacement-general\\\/#breadcrumb\",\"itemListElement\":[{\"@type\":\"ListItem\",\"position\":1,\"name\":\"Accueil\",\"item\":\"https:\\\/\\\/lda.be\\\/fr\\\/\"},{\"@type\":\"ListItem\",\"position\":2,\"name\":\"Produits\",\"item\":\"https:\\\/\\\/lda.be\\\/fr\\\/produits\\\/\"},{\"@type\":\"ListItem\",\"position\":3,\"name\":\"S\u00e9rie 7GL &#8211; Capteur de proximit\u00e9 pour emplacement g\u00e9n\u00e9ral\"}]},{\"@type\":\"WebSite\",\"@id\":\"https:\\\/\\\/lda.be\\\/fr\\\/#website\",\"url\":\"https:\\\/\\\/lda.be\\\/fr\\\/\",\"name\":\"LDA Belgium\",\"description\":\"Solutions For Life\",\"publisher\":{\"@id\":\"https:\\\/\\\/lda.be\\\/fr\\\/#organization\"},\"potentialAction\":[{\"@type\":\"SearchAction\",\"target\":{\"@type\":\"EntryPoint\",\"urlTemplate\":\"https:\\\/\\\/lda.be\\\/fr\\\/?s={search_term_string}\"},\"query-input\":{\"@type\":\"PropertyValueSpecification\",\"valueRequired\":true,\"valueName\":\"search_term_string\"}}],\"inLanguage\":\"fr-FR\"},{\"@type\":\"Organization\",\"@id\":\"https:\\\/\\\/lda.be\\\/fr\\\/#organization\",\"name\":\"LDA Belgium\",\"url\":\"https:\\\/\\\/lda.be\\\/fr\\\/\",\"logo\":{\"@type\":\"ImageObject\",\"inLanguage\":\"fr-FR\",\"@id\":\"https:\\\/\\\/lda.be\\\/fr\\\/#\\\/schema\\\/logo\\\/image\\\/\",\"url\":\"https:\\\/\\\/lda.be\\\/wp-content\\\/uploads\\\/2022\\\/07\\\/Logo-LDA.webp\",\"contentUrl\":\"https:\\\/\\\/lda.be\\\/wp-content\\\/uploads\\\/2022\\\/07\\\/Logo-LDA.webp\",\"width\":311,\"height\":101,\"caption\":\"LDA Belgium\"},\"image\":{\"@id\":\"https:\\\/\\\/lda.be\\\/fr\\\/#\\\/schema\\\/logo\\\/image\\\/\"},\"sameAs\":[\"https:\\\/\\\/www.linkedin.com\\\/company\\\/lda-belgium-nv\"]}]}<\/script>\n<!-- \/ Yoast SEO plugin. -->","yoast_head_json":{"title":"S\u00e9rie 7GL - Capteur de proximit\u00e9 pour emplacement g\u00e9n\u00e9ral - LDA Belgique","description":"Capteur de proximit\u00e9 Canfield 7GL met reedcontact, 0-120 V AC\/DC, 0,5 A, bo\u00eetier aluminium, rev\u00eatement \u00e9poxy, conduit 1\/2\u2033, IP65. LDA Belgique","robots":{"index":"index","follow":"follow","max-snippet":"max-snippet:-1","max-image-preview":"max-image-preview:large","max-video-preview":"max-video-preview:-1"},"canonical":"https:\/\/lda.be\/fr\/produit\/7gl-capteur-de-proximite-pour-emplacement-general\/","og_locale":"fr_FR","og_type":"article","og_title":"S\u00e9rie 7GL - Capteur de proximit\u00e9 pour emplacement g\u00e9n\u00e9ral - LDA Belgique","og_description":"Capteur de proximit\u00e9 Canfield 7GL met reedcontact, 0-120 V AC\/DC, 0,5 A, bo\u00eetier aluminium, rev\u00eatement \u00e9poxy, conduit 1\/2\u2033, IP65. LDA Belgique","og_url":"https:\/\/lda.be\/fr\/produit\/7gl-capteur-de-proximite-pour-emplacement-general\/","og_site_name":"LDA Belgique","article_modified_time":"2025-07-08T12:59:59+00:00","og_image":[{"width":800,"height":800,"url":"https:\/\/lda.be\/wp-content\/uploads\/2025\/07\/7gl.webp","type":"image\/webp"}],"twitter_card":"summary_large_image","twitter_misc":{"Dur\u00e9e de lecture estim\u00e9e":"2 minutes"},"schema":{"@context":"https:\/\/schema.org","@graph":[{"@type":"WebPage","@id":"https:\/\/lda.be\/fr\/produit\/7gl-capteur-de-proximite-pour-emplacement-general\/","url":"https:\/\/lda.be\/fr\/produit\/7gl-capteur-de-proximite-pour-emplacement-general\/","name":"S\u00e9rie 7GL - Capteur de proximit\u00e9 pour emplacement g\u00e9n\u00e9ral - LDA Belgique","isPartOf":{"@id":"https:\/\/lda.be\/fr\/#website"},"primaryImageOfPage":{"@id":"https:\/\/lda.be\/fr\/produit\/7gl-capteur-de-proximite-pour-emplacement-general\/#primaryimage"},"image":{"@id":"https:\/\/lda.be\/fr\/produit\/7gl-capteur-de-proximite-pour-emplacement-general\/#primaryimage"},"thumbnailUrl":"https:\/\/lda.be\/wp-content\/uploads\/2025\/07\/7gl.webp","datePublished":"2025-07-08T11:48:21+00:00","dateModified":"2025-07-08T12:59:59+00:00","description":"Capteur de proximit\u00e9 Canfield 7GL met reedcontact, 0-120 V AC\/DC, 0,5 A, bo\u00eetier aluminium, rev\u00eatement \u00e9poxy, conduit 1\/2\u2033, IP65. LDA Belgique","breadcrumb":{"@id":"https:\/\/lda.be\/fr\/produit\/7gl-capteur-de-proximite-pour-emplacement-general\/#breadcrumb"},"inLanguage":"fr-FR","potentialAction":[{"@type":"ReadAction","target":["https:\/\/lda.be\/fr\/produit\/7gl-capteur-de-proximite-pour-emplacement-general\/"]}]},{"@type":"ImageObject","inLanguage":"fr-FR","@id":"https:\/\/lda.be\/fr\/produit\/7gl-capteur-de-proximite-pour-emplacement-general\/#primaryimage","url":"https:\/\/lda.be\/wp-content\/uploads\/2025\/07\/7gl.webp","contentUrl":"https:\/\/lda.be\/wp-content\/uploads\/2025\/07\/7gl.webp","width":800,"height":800,"caption":"7GL sensor"},{"@type":"BreadcrumbList","@id":"https:\/\/lda.be\/fr\/produit\/7gl-capteur-de-proximite-pour-emplacement-general\/#breadcrumb","itemListElement":[{"@type":"ListItem","position":1,"name":"Accueil","item":"https:\/\/lda.be\/fr\/"},{"@type":"ListItem","position":2,"name":"Produits","item":"https:\/\/lda.be\/fr\/produits\/"},{"@type":"ListItem","position":3,"name":"S\u00e9rie 7GL &#8211; Capteur de proximit\u00e9 pour emplacement g\u00e9n\u00e9ral"}]},{"@type":"WebSite","@id":"https:\/\/lda.be\/fr\/#website","url":"https:\/\/lda.be\/fr\/","name":"LDA Belgium","description":"Solutions For Life","publisher":{"@id":"https:\/\/lda.be\/fr\/#organization"},"potentialAction":[{"@type":"SearchAction","target":{"@type":"EntryPoint","urlTemplate":"https:\/\/lda.be\/fr\/?s={search_term_string}"},"query-input":{"@type":"PropertyValueSpecification","valueRequired":true,"valueName":"search_term_string"}}],"inLanguage":"fr-FR"},{"@type":"Organization","@id":"https:\/\/lda.be\/fr\/#organization","name":"LDA Belgium","url":"https:\/\/lda.be\/fr\/","logo":{"@type":"ImageObject","inLanguage":"fr-FR","@id":"https:\/\/lda.be\/fr\/#\/schema\/logo\/image\/","url":"https:\/\/lda.be\/wp-content\/uploads\/2022\/07\/Logo-LDA.webp","contentUrl":"https:\/\/lda.be\/wp-content\/uploads\/2022\/07\/Logo-LDA.webp","width":311,"height":101,"caption":"LDA Belgium"},"image":{"@id":"https:\/\/lda.be\/fr\/#\/schema\/logo\/image\/"},"sameAs":["https:\/\/www.linkedin.com\/company\/lda-belgium-nv"]}]}},"_links":{"self":[{"href":"https:\/\/lda.be\/fr\/wp-json\/wp\/v2\/product\/9520","targetHints":{"allow":["GET"]}}],"collection":[{"href":"https:\/\/lda.be\/fr\/wp-json\/wp\/v2\/product"}],"about":[{"href":"https:\/\/lda.be\/fr\/wp-json\/wp\/v2\/types\/product"}],"replies":[{"embeddable":true,"href":"https:\/\/lda.be\/fr\/wp-json\/wp\/v2\/comments?post=9520"}],"wp:featuredmedia":[{"embeddable":true,"href":"https:\/\/lda.be\/fr\/wp-json\/wp\/v2\/media\/9514"}],"wp:attachment":[{"href":"https:\/\/lda.be\/fr\/wp-json\/wp\/v2\/media?parent=9520"}],"wp:term":[{"taxonomy":"product_brand","embeddable":true,"href":"https:\/\/lda.be\/fr\/wp-json\/wp\/v2\/product_brand?post=9520"},{"taxonomy":"product_cat","embeddable":true,"href":"https:\/\/lda.be\/fr\/wp-json\/wp\/v2\/product_cat?post=9520"},{"taxonomy":"product_tag","embeddable":true,"href":"https:\/\/lda.be\/fr\/wp-json\/wp\/v2\/product_tag?post=9520"}],"curies":[{"name":"wp","href":"https:\/\/api.w.org\/{rel}","templated":true}]}}