{"id":9531,"date":"2025-07-08T13:42:47","date_gmt":"2025-07-08T12:42:47","guid":{"rendered":"https:\/\/lda.be\/?post_type=product&#038;p=9531"},"modified":"2025-07-08T14:27:35","modified_gmt":"2025-07-08T13:27:35","slug":"serie-7hl-capcteur-de-proximite-pour-atex","status":"publish","type":"product","link":"https:\/\/lda.be\/fr\/produit\/serie-7hl-capcteur-de-proximite-pour-atex\/","title":{"rendered":"S\u00e9rie 7HL &#8211; Capcteur de proximit\u00e9 pour ATEX"},"content":{"rendered":"<p>La s\u00e9rie 7HL de Canfield est un capteur de proximit\u00e9 \u00e0 longue dur\u00e9e d&#8217;action con\u00e7u pour d\u00e9tecter la position du piston sur les v\u00e9rins \u00e0 barre de traction NFPA avec des al\u00e9sages de 2\u2033 \u00e0 8\u2033. Ce capteur est sp\u00e9cialement con\u00e7u pour \u00eatre utilis\u00e9 dans des environnements dangereux o\u00f9 du gaz, de la poussi\u00e8re ou des vapeurs inflammables peuvent \u00eatre pr\u00e9sents. Le 7HL s&#8217;appuie sur la conception \u00e9prouv\u00e9e de la s\u00e9rie 7000 avec un syst\u00e8me de montage &#8220;flottant&#8221; et dispose d&#8217;une certification CSA pour la s\u00e9curit\u00e9 antid\u00e9flagrante.<\/p>\n<p>Le bo\u00eetier est en aluminium 6061-T6 anodis\u00e9 et enti\u00e8rement rempli de r\u00e9sine \u00e9poxy pour une protection contre les vibrations, les chocs et la p\u00e9n\u00e9tration d&#8217;humidit\u00e9 ou de poussi\u00e8re. Le capteur est \u00e9quip\u00e9 d&#8217;un contact Reed normalement ouvert qui commute \u00e0 0-120 V AC\/DC, jusqu&#8217;\u00e0 une charge de 10 W r\u00e9sistive et un courant de 0,5 A. Le temps de r\u00e9ponse rapide (0,5 A) permet d&#8217;\u00e9viter les erreurs de mesure. Le temps de r\u00e9ponse rapide (0,5 ms on, 0,1 ms off) rend le capteur adapt\u00e9 aux applications dynamiques.<\/p>\n<p>Le c\u00e2ble SJTOW standard de 9 pieds de long est adapt\u00e9 \u00e0 une utilisation intensive et se connecte via un raccord de conduit \u00bd\u2033. Le capteur a un indice de temp\u00e9rature T6 et une plage de temp\u00e9rature de fonctionnement de -20 \u00b0C \u00e0 +80 \u00b0C. Il est conforme aux classifications CSA pour une utilisation dans des zones avec gaz, poussi\u00e8re et fibres.<\/p>\n<p>Vous souhaitez savoir si la s\u00e9rie 7HL convient \u00e0 votre application dans les zones antid\u00e9flagrantes ? Demandez d\u00e8s aujourd&#8217;hui un devis \u00e0 LDA Belgium et optez pour la s\u00e9curit\u00e9, la fiabilit\u00e9 et la robustess<\/p>\n","protected":false},"excerpt":{"rendered":"<p>La s\u00e9rie 7HL de Canfield est un capteur de proximit\u00e9 \u00e0 longue dur\u00e9e d&#8217;action con\u00e7u pour d\u00e9tecter la position du piston sur les v\u00e9rins \u00e0 barre de traction NFPA avec des al\u00e9sages de 2\u2033 \u00e0 8\u2033. Ce capteur est sp\u00e9cialement con\u00e7u pour \u00eatre utilis\u00e9 dans des environnements dangereux o\u00f9 du gaz, de la poussi\u00e8re ou [&hellip;]<\/p>\n","protected":false},"featured_media":9524,"comment_status":"closed","ping_status":"closed","template":"","meta":[],"product_brand":[1610],"product_cat":[996,856,1618],"product_tag":[],"class_list":{"0":"post-9531","1":"product","2":"type-product","3":"status-publish","4":"has-post-thumbnail","6":"product_brand-canfield","7":"product_cat-pneumatique","8":"product_cat-verin","9":"product_cat-detecteurs-et-capteurs","11":"first","12":"instock","13":"shipping-taxable","14":"product-type-simple"},"yoast_head":"<!-- This site is optimized with the Yoast SEO plugin v27.3 - https:\/\/yoast.com\/product\/yoast-seo-wordpress\/ -->\n<title>S\u00e9rie 7HL - Capcteur de proximit\u00e9 pour ATEX - LDA Belgique<\/title>\n<meta name=\"description\" content=\"Capteur de proximit\u00e9 Canfield 7HL pour cylindres, antid\u00e9flagrant (CSA), 0-120 V AC\/DC, IP65, bo\u00eetier en aluminium, 0,5 A. LDA Belgium\" \/>\n<meta name=\"robots\" content=\"index, follow, max-snippet:-1, max-image-preview:large, max-video-preview:-1\" \/>\n<link rel=\"canonical\" href=\"https:\/\/lda.be\/fr\/produit\/serie-7hl-capcteur-de-proximite-pour-atex\/\" \/>\n<meta property=\"og:locale\" content=\"fr_FR\" \/>\n<meta property=\"og:type\" content=\"article\" \/>\n<meta property=\"og:title\" content=\"S\u00e9rie 7HL - Capcteur de proximit\u00e9 pour ATEX - LDA Belgique\" \/>\n<meta property=\"og:description\" content=\"Capteur de proximit\u00e9 Canfield 7HL pour cylindres, antid\u00e9flagrant (CSA), 0-120 V AC\/DC, IP65, bo\u00eetier en aluminium, 0,5 A. LDA Belgium\" \/>\n<meta property=\"og:url\" content=\"https:\/\/lda.be\/fr\/produit\/serie-7hl-capcteur-de-proximite-pour-atex\/\" \/>\n<meta property=\"og:site_name\" content=\"LDA Belgique\" \/>\n<meta property=\"article:modified_time\" content=\"2025-07-08T13:27:35+00:00\" \/>\n<meta property=\"og:image\" content=\"https:\/\/lda.be\/wp-content\/uploads\/2025\/07\/7hl.webp\" \/>\n\t<meta property=\"og:image:width\" content=\"800\" \/>\n\t<meta property=\"og:image:height\" content=\"800\" \/>\n\t<meta property=\"og:image:type\" content=\"image\/webp\" \/>\n<meta name=\"twitter:card\" content=\"summary_large_image\" \/>\n<meta name=\"twitter:label1\" content=\"Dur\u00e9e de lecture estim\u00e9e\" \/>\n\t<meta name=\"twitter:data1\" content=\"1 minute\" \/>\n<script type=\"application\/ld+json\" class=\"yoast-schema-graph\">{\"@context\":\"https:\\\/\\\/schema.org\",\"@graph\":[{\"@type\":\"WebPage\",\"@id\":\"https:\\\/\\\/lda.be\\\/fr\\\/produit\\\/serie-7hl-capcteur-de-proximite-pour-atex\\\/\",\"url\":\"https:\\\/\\\/lda.be\\\/fr\\\/produit\\\/serie-7hl-capcteur-de-proximite-pour-atex\\\/\",\"name\":\"S\u00e9rie 7HL - Capcteur de proximit\u00e9 pour ATEX - LDA Belgique\",\"isPartOf\":{\"@id\":\"https:\\\/\\\/lda.be\\\/fr\\\/#website\"},\"primaryImageOfPage\":{\"@id\":\"https:\\\/\\\/lda.be\\\/fr\\\/produit\\\/serie-7hl-capcteur-de-proximite-pour-atex\\\/#primaryimage\"},\"image\":{\"@id\":\"https:\\\/\\\/lda.be\\\/fr\\\/produit\\\/serie-7hl-capcteur-de-proximite-pour-atex\\\/#primaryimage\"},\"thumbnailUrl\":\"https:\\\/\\\/lda.be\\\/wp-content\\\/uploads\\\/2025\\\/07\\\/7hl.webp\",\"datePublished\":\"2025-07-08T12:42:47+00:00\",\"dateModified\":\"2025-07-08T13:27:35+00:00\",\"description\":\"Capteur de proximit\u00e9 Canfield 7HL pour cylindres, antid\u00e9flagrant (CSA), 0-120 V AC\\\/DC, IP65, bo\u00eetier en aluminium, 0,5 A. LDA Belgium\",\"breadcrumb\":{\"@id\":\"https:\\\/\\\/lda.be\\\/fr\\\/produit\\\/serie-7hl-capcteur-de-proximite-pour-atex\\\/#breadcrumb\"},\"inLanguage\":\"fr-FR\",\"potentialAction\":[{\"@type\":\"ReadAction\",\"target\":[\"https:\\\/\\\/lda.be\\\/fr\\\/produit\\\/serie-7hl-capcteur-de-proximite-pour-atex\\\/\"]}]},{\"@type\":\"ImageObject\",\"inLanguage\":\"fr-FR\",\"@id\":\"https:\\\/\\\/lda.be\\\/fr\\\/produit\\\/serie-7hl-capcteur-de-proximite-pour-atex\\\/#primaryimage\",\"url\":\"https:\\\/\\\/lda.be\\\/wp-content\\\/uploads\\\/2025\\\/07\\\/7hl.webp\",\"contentUrl\":\"https:\\\/\\\/lda.be\\\/wp-content\\\/uploads\\\/2025\\\/07\\\/7hl.webp\",\"width\":800,\"height\":800,\"caption\":\"7hl sensor canfield\"},{\"@type\":\"BreadcrumbList\",\"@id\":\"https:\\\/\\\/lda.be\\\/fr\\\/produit\\\/serie-7hl-capcteur-de-proximite-pour-atex\\\/#breadcrumb\",\"itemListElement\":[{\"@type\":\"ListItem\",\"position\":1,\"name\":\"Accueil\",\"item\":\"https:\\\/\\\/lda.be\\\/fr\\\/\"},{\"@type\":\"ListItem\",\"position\":2,\"name\":\"Produits\",\"item\":\"https:\\\/\\\/lda.be\\\/fr\\\/produits\\\/\"},{\"@type\":\"ListItem\",\"position\":3,\"name\":\"S\u00e9rie 7HL &#8211; Capcteur de proximit\u00e9 pour ATEX\"}]},{\"@type\":\"WebSite\",\"@id\":\"https:\\\/\\\/lda.be\\\/fr\\\/#website\",\"url\":\"https:\\\/\\\/lda.be\\\/fr\\\/\",\"name\":\"LDA Belgium\",\"description\":\"Solutions For Life\",\"publisher\":{\"@id\":\"https:\\\/\\\/lda.be\\\/fr\\\/#organization\"},\"potentialAction\":[{\"@type\":\"SearchAction\",\"target\":{\"@type\":\"EntryPoint\",\"urlTemplate\":\"https:\\\/\\\/lda.be\\\/fr\\\/?s={search_term_string}\"},\"query-input\":{\"@type\":\"PropertyValueSpecification\",\"valueRequired\":true,\"valueName\":\"search_term_string\"}}],\"inLanguage\":\"fr-FR\"},{\"@type\":\"Organization\",\"@id\":\"https:\\\/\\\/lda.be\\\/fr\\\/#organization\",\"name\":\"LDA Belgium\",\"url\":\"https:\\\/\\\/lda.be\\\/fr\\\/\",\"logo\":{\"@type\":\"ImageObject\",\"inLanguage\":\"fr-FR\",\"@id\":\"https:\\\/\\\/lda.be\\\/fr\\\/#\\\/schema\\\/logo\\\/image\\\/\",\"url\":\"https:\\\/\\\/lda.be\\\/wp-content\\\/uploads\\\/2022\\\/07\\\/Logo-LDA.webp\",\"contentUrl\":\"https:\\\/\\\/lda.be\\\/wp-content\\\/uploads\\\/2022\\\/07\\\/Logo-LDA.webp\",\"width\":311,\"height\":101,\"caption\":\"LDA Belgium\"},\"image\":{\"@id\":\"https:\\\/\\\/lda.be\\\/fr\\\/#\\\/schema\\\/logo\\\/image\\\/\"},\"sameAs\":[\"https:\\\/\\\/www.linkedin.com\\\/company\\\/lda-belgium-nv\"]}]}<\/script>\n<!-- \/ Yoast SEO plugin. -->","yoast_head_json":{"title":"S\u00e9rie 7HL - Capcteur de proximit\u00e9 pour ATEX - LDA Belgique","description":"Capteur de proximit\u00e9 Canfield 7HL pour cylindres, antid\u00e9flagrant (CSA), 0-120 V AC\/DC, IP65, bo\u00eetier en aluminium, 0,5 A. LDA Belgium","robots":{"index":"index","follow":"follow","max-snippet":"max-snippet:-1","max-image-preview":"max-image-preview:large","max-video-preview":"max-video-preview:-1"},"canonical":"https:\/\/lda.be\/fr\/produit\/serie-7hl-capcteur-de-proximite-pour-atex\/","og_locale":"fr_FR","og_type":"article","og_title":"S\u00e9rie 7HL - Capcteur de proximit\u00e9 pour ATEX - LDA Belgique","og_description":"Capteur de proximit\u00e9 Canfield 7HL pour cylindres, antid\u00e9flagrant (CSA), 0-120 V AC\/DC, IP65, bo\u00eetier en aluminium, 0,5 A. LDA Belgium","og_url":"https:\/\/lda.be\/fr\/produit\/serie-7hl-capcteur-de-proximite-pour-atex\/","og_site_name":"LDA Belgique","article_modified_time":"2025-07-08T13:27:35+00:00","og_image":[{"width":800,"height":800,"url":"https:\/\/lda.be\/wp-content\/uploads\/2025\/07\/7hl.webp","type":"image\/webp"}],"twitter_card":"summary_large_image","twitter_misc":{"Dur\u00e9e de lecture estim\u00e9e":"1 minute"},"schema":{"@context":"https:\/\/schema.org","@graph":[{"@type":"WebPage","@id":"https:\/\/lda.be\/fr\/produit\/serie-7hl-capcteur-de-proximite-pour-atex\/","url":"https:\/\/lda.be\/fr\/produit\/serie-7hl-capcteur-de-proximite-pour-atex\/","name":"S\u00e9rie 7HL - Capcteur de proximit\u00e9 pour ATEX - LDA Belgique","isPartOf":{"@id":"https:\/\/lda.be\/fr\/#website"},"primaryImageOfPage":{"@id":"https:\/\/lda.be\/fr\/produit\/serie-7hl-capcteur-de-proximite-pour-atex\/#primaryimage"},"image":{"@id":"https:\/\/lda.be\/fr\/produit\/serie-7hl-capcteur-de-proximite-pour-atex\/#primaryimage"},"thumbnailUrl":"https:\/\/lda.be\/wp-content\/uploads\/2025\/07\/7hl.webp","datePublished":"2025-07-08T12:42:47+00:00","dateModified":"2025-07-08T13:27:35+00:00","description":"Capteur de proximit\u00e9 Canfield 7HL pour cylindres, antid\u00e9flagrant (CSA), 0-120 V AC\/DC, IP65, bo\u00eetier en aluminium, 0,5 A. LDA Belgium","breadcrumb":{"@id":"https:\/\/lda.be\/fr\/produit\/serie-7hl-capcteur-de-proximite-pour-atex\/#breadcrumb"},"inLanguage":"fr-FR","potentialAction":[{"@type":"ReadAction","target":["https:\/\/lda.be\/fr\/produit\/serie-7hl-capcteur-de-proximite-pour-atex\/"]}]},{"@type":"ImageObject","inLanguage":"fr-FR","@id":"https:\/\/lda.be\/fr\/produit\/serie-7hl-capcteur-de-proximite-pour-atex\/#primaryimage","url":"https:\/\/lda.be\/wp-content\/uploads\/2025\/07\/7hl.webp","contentUrl":"https:\/\/lda.be\/wp-content\/uploads\/2025\/07\/7hl.webp","width":800,"height":800,"caption":"7hl sensor canfield"},{"@type":"BreadcrumbList","@id":"https:\/\/lda.be\/fr\/produit\/serie-7hl-capcteur-de-proximite-pour-atex\/#breadcrumb","itemListElement":[{"@type":"ListItem","position":1,"name":"Accueil","item":"https:\/\/lda.be\/fr\/"},{"@type":"ListItem","position":2,"name":"Produits","item":"https:\/\/lda.be\/fr\/produits\/"},{"@type":"ListItem","position":3,"name":"S\u00e9rie 7HL &#8211; Capcteur de proximit\u00e9 pour ATEX"}]},{"@type":"WebSite","@id":"https:\/\/lda.be\/fr\/#website","url":"https:\/\/lda.be\/fr\/","name":"LDA Belgium","description":"Solutions For Life","publisher":{"@id":"https:\/\/lda.be\/fr\/#organization"},"potentialAction":[{"@type":"SearchAction","target":{"@type":"EntryPoint","urlTemplate":"https:\/\/lda.be\/fr\/?s={search_term_string}"},"query-input":{"@type":"PropertyValueSpecification","valueRequired":true,"valueName":"search_term_string"}}],"inLanguage":"fr-FR"},{"@type":"Organization","@id":"https:\/\/lda.be\/fr\/#organization","name":"LDA Belgium","url":"https:\/\/lda.be\/fr\/","logo":{"@type":"ImageObject","inLanguage":"fr-FR","@id":"https:\/\/lda.be\/fr\/#\/schema\/logo\/image\/","url":"https:\/\/lda.be\/wp-content\/uploads\/2022\/07\/Logo-LDA.webp","contentUrl":"https:\/\/lda.be\/wp-content\/uploads\/2022\/07\/Logo-LDA.webp","width":311,"height":101,"caption":"LDA Belgium"},"image":{"@id":"https:\/\/lda.be\/fr\/#\/schema\/logo\/image\/"},"sameAs":["https:\/\/www.linkedin.com\/company\/lda-belgium-nv"]}]}},"_links":{"self":[{"href":"https:\/\/lda.be\/fr\/wp-json\/wp\/v2\/product\/9531","targetHints":{"allow":["GET"]}}],"collection":[{"href":"https:\/\/lda.be\/fr\/wp-json\/wp\/v2\/product"}],"about":[{"href":"https:\/\/lda.be\/fr\/wp-json\/wp\/v2\/types\/product"}],"replies":[{"embeddable":true,"href":"https:\/\/lda.be\/fr\/wp-json\/wp\/v2\/comments?post=9531"}],"wp:featuredmedia":[{"embeddable":true,"href":"https:\/\/lda.be\/fr\/wp-json\/wp\/v2\/media\/9524"}],"wp:attachment":[{"href":"https:\/\/lda.be\/fr\/wp-json\/wp\/v2\/media?parent=9531"}],"wp:term":[{"taxonomy":"product_brand","embeddable":true,"href":"https:\/\/lda.be\/fr\/wp-json\/wp\/v2\/product_brand?post=9531"},{"taxonomy":"product_cat","embeddable":true,"href":"https:\/\/lda.be\/fr\/wp-json\/wp\/v2\/product_cat?post=9531"},{"taxonomy":"product_tag","embeddable":true,"href":"https:\/\/lda.be\/fr\/wp-json\/wp\/v2\/product_tag?post=9531"}],"curies":[{"name":"wp","href":"https:\/\/api.w.org\/{rel}","templated":true}]}}