{"id":9542,"date":"2025-07-08T14:56:01","date_gmt":"2025-07-08T13:56:01","guid":{"rendered":"https:\/\/lda.be\/?post_type=product&#038;p=9542"},"modified":"2025-07-08T15:13:54","modified_gmt":"2025-07-08T14:13:54","slug":"serie-8000-capteurs-electroniques-et-reed-a-faible-courant","status":"publish","type":"product","link":"https:\/\/lda.be\/fr\/produit\/serie-8000-capteurs-electroniques-et-reed-a-faible-courant\/","title":{"rendered":"S\u00e9rie 8000 &#8211; Capteurs \u00e9lectroniques et Reed \u00e0 faible courant"},"content":{"rendered":"<p>La s\u00e9rie 8000 de Canfield est une gamme polyvalente de capteurs de v\u00e9rins sp\u00e9cialement con\u00e7us pour d\u00e9tecter la position des pistons sur des v\u00e9rins ronds, \u00e0 barre de traction NFPA ou extrud\u00e9s avec des al\u00e9sages de 9\/16\u2033 \u00e0 8\u2033. Les capteurs combinent petite taille et haute performance et sont disponibles en version reed ou \u00e9lectronique. Ils s&#8217;adaptent aux v\u00e9rins standard et sp\u00e9ciaux gr\u00e2ce \u00e0 diff\u00e9rents styles de montage.<\/p>\n<p>Avec une tension de fonctionnement de 0 \u00e0 120 V AC\/DC et une commutation jusqu&#8217;\u00e0 0,5 A, les capteurs conviennent aux applications industrielles l\u00e9g\u00e8res et plus lourdes. Chaque mod\u00e8le est dot\u00e9 d&#8217;un indicateur LED lumineux avec un grand angle de vue pour une surveillance visuelle ais\u00e9e. Le montage est rapide et facile gr\u00e2ce \u00e0 des options de fixation universelles ou d\u00e9di\u00e9es. Le bo\u00eetier compact garantit que le capteur ne d\u00e9passe pas, m\u00eame sur les petits cylindres.<\/p>\n<p>Demandez d\u00e8s aujourd&#8217;hui un devis \u00e0 LDA Belgium et d\u00e9couvrez comment la s\u00e9rie 8000 simplifie et s\u00e9curise l&#8217;automatisation de vos v\u00e9rins.<\/p>\n","protected":false},"excerpt":{"rendered":"<p>La s\u00e9rie 8000 de Canfield est une gamme polyvalente de capteurs de v\u00e9rins sp\u00e9cialement con\u00e7us pour d\u00e9tecter la position des pistons sur des v\u00e9rins ronds, \u00e0 barre de traction NFPA ou extrud\u00e9s avec des al\u00e9sages de 9\/16\u2033 \u00e0 8\u2033. Les capteurs combinent petite taille et haute performance et sont disponibles en version reed ou \u00e9lectronique. [&hellip;]<\/p>\n","protected":false},"featured_media":9537,"comment_status":"closed","ping_status":"closed","template":"","meta":[],"product_brand":[1610],"product_cat":[996,856,1618],"product_tag":[],"class_list":{"0":"post-9542","1":"product","2":"type-product","3":"status-publish","4":"has-post-thumbnail","6":"product_brand-canfield","7":"product_cat-pneumatique","8":"product_cat-verin","9":"product_cat-detecteurs-et-capteurs","11":"first","12":"instock","13":"shipping-taxable","14":"product-type-simple"},"yoast_head":"<!-- This site is optimized with the Yoast SEO plugin v27.3 - https:\/\/yoast.com\/product\/yoast-seo-wordpress\/ -->\n<title>S\u00e9rie 8000 - Capteurs \u00e9lectroniques et Reed \u00e0 faible courant - LDA Belgique<\/title>\n<meta name=\"description\" content=\"Capteur Canfield 8000 pour cylindres ronds et NFPA, 0-120 V AC\/DC, 0,5 A, reed ou \u00e9lectronique, avec LED, MOV ou connexion rapide. LDA Belgique\" \/>\n<meta name=\"robots\" content=\"index, follow, max-snippet:-1, max-image-preview:large, max-video-preview:-1\" \/>\n<link rel=\"canonical\" href=\"https:\/\/lda.be\/fr\/produit\/serie-8000-capteurs-electroniques-et-reed-a-faible-courant\/\" \/>\n<meta property=\"og:locale\" content=\"fr_FR\" \/>\n<meta property=\"og:type\" content=\"article\" \/>\n<meta property=\"og:title\" content=\"S\u00e9rie 8000 - Capteurs \u00e9lectroniques et Reed \u00e0 faible courant - LDA Belgique\" \/>\n<meta property=\"og:description\" content=\"Capteur Canfield 8000 pour cylindres ronds et NFPA, 0-120 V AC\/DC, 0,5 A, reed ou \u00e9lectronique, avec LED, MOV ou connexion rapide. LDA Belgique\" \/>\n<meta property=\"og:url\" content=\"https:\/\/lda.be\/fr\/produit\/serie-8000-capteurs-electroniques-et-reed-a-faible-courant\/\" \/>\n<meta property=\"og:site_name\" content=\"LDA Belgique\" \/>\n<meta property=\"article:modified_time\" content=\"2025-07-08T14:13:54+00:00\" \/>\n<meta property=\"og:image\" content=\"https:\/\/lda.be\/wp-content\/uploads\/2025\/07\/8000-sensor.webp\" \/>\n\t<meta property=\"og:image:width\" content=\"800\" \/>\n\t<meta property=\"og:image:height\" content=\"800\" \/>\n\t<meta property=\"og:image:type\" content=\"image\/webp\" \/>\n<meta name=\"twitter:card\" content=\"summary_large_image\" \/>\n<meta name=\"twitter:label1\" content=\"Dur\u00e9e de lecture estim\u00e9e\" \/>\n\t<meta name=\"twitter:data1\" content=\"1 minute\" \/>\n<script type=\"application\/ld+json\" class=\"yoast-schema-graph\">{\"@context\":\"https:\\\/\\\/schema.org\",\"@graph\":[{\"@type\":\"WebPage\",\"@id\":\"https:\\\/\\\/lda.be\\\/fr\\\/produit\\\/serie-8000-capteurs-electroniques-et-reed-a-faible-courant\\\/\",\"url\":\"https:\\\/\\\/lda.be\\\/fr\\\/produit\\\/serie-8000-capteurs-electroniques-et-reed-a-faible-courant\\\/\",\"name\":\"S\u00e9rie 8000 - Capteurs \u00e9lectroniques et Reed \u00e0 faible courant - LDA Belgique\",\"isPartOf\":{\"@id\":\"https:\\\/\\\/lda.be\\\/fr\\\/#website\"},\"primaryImageOfPage\":{\"@id\":\"https:\\\/\\\/lda.be\\\/fr\\\/produit\\\/serie-8000-capteurs-electroniques-et-reed-a-faible-courant\\\/#primaryimage\"},\"image\":{\"@id\":\"https:\\\/\\\/lda.be\\\/fr\\\/produit\\\/serie-8000-capteurs-electroniques-et-reed-a-faible-courant\\\/#primaryimage\"},\"thumbnailUrl\":\"https:\\\/\\\/lda.be\\\/wp-content\\\/uploads\\\/2025\\\/07\\\/8000-sensor.webp\",\"datePublished\":\"2025-07-08T13:56:01+00:00\",\"dateModified\":\"2025-07-08T14:13:54+00:00\",\"description\":\"Capteur Canfield 8000 pour cylindres ronds et NFPA, 0-120 V AC\\\/DC, 0,5 A, reed ou \u00e9lectronique, avec LED, MOV ou connexion rapide. LDA Belgique\",\"breadcrumb\":{\"@id\":\"https:\\\/\\\/lda.be\\\/fr\\\/produit\\\/serie-8000-capteurs-electroniques-et-reed-a-faible-courant\\\/#breadcrumb\"},\"inLanguage\":\"fr-FR\",\"potentialAction\":[{\"@type\":\"ReadAction\",\"target\":[\"https:\\\/\\\/lda.be\\\/fr\\\/produit\\\/serie-8000-capteurs-electroniques-et-reed-a-faible-courant\\\/\"]}]},{\"@type\":\"ImageObject\",\"inLanguage\":\"fr-FR\",\"@id\":\"https:\\\/\\\/lda.be\\\/fr\\\/produit\\\/serie-8000-capteurs-electroniques-et-reed-a-faible-courant\\\/#primaryimage\",\"url\":\"https:\\\/\\\/lda.be\\\/wp-content\\\/uploads\\\/2025\\\/07\\\/8000-sensor.webp\",\"contentUrl\":\"https:\\\/\\\/lda.be\\\/wp-content\\\/uploads\\\/2025\\\/07\\\/8000-sensor.webp\",\"width\":800,\"height\":800,\"caption\":\"8000 canfield sensor\"},{\"@type\":\"BreadcrumbList\",\"@id\":\"https:\\\/\\\/lda.be\\\/fr\\\/produit\\\/serie-8000-capteurs-electroniques-et-reed-a-faible-courant\\\/#breadcrumb\",\"itemListElement\":[{\"@type\":\"ListItem\",\"position\":1,\"name\":\"Accueil\",\"item\":\"https:\\\/\\\/lda.be\\\/fr\\\/\"},{\"@type\":\"ListItem\",\"position\":2,\"name\":\"Produits\",\"item\":\"https:\\\/\\\/lda.be\\\/fr\\\/produits\\\/\"},{\"@type\":\"ListItem\",\"position\":3,\"name\":\"S\u00e9rie 8000 &#8211; Capteurs \u00e9lectroniques et Reed \u00e0 faible courant\"}]},{\"@type\":\"WebSite\",\"@id\":\"https:\\\/\\\/lda.be\\\/fr\\\/#website\",\"url\":\"https:\\\/\\\/lda.be\\\/fr\\\/\",\"name\":\"LDA Belgium\",\"description\":\"Solutions For Life\",\"publisher\":{\"@id\":\"https:\\\/\\\/lda.be\\\/fr\\\/#organization\"},\"potentialAction\":[{\"@type\":\"SearchAction\",\"target\":{\"@type\":\"EntryPoint\",\"urlTemplate\":\"https:\\\/\\\/lda.be\\\/fr\\\/?s={search_term_string}\"},\"query-input\":{\"@type\":\"PropertyValueSpecification\",\"valueRequired\":true,\"valueName\":\"search_term_string\"}}],\"inLanguage\":\"fr-FR\"},{\"@type\":\"Organization\",\"@id\":\"https:\\\/\\\/lda.be\\\/fr\\\/#organization\",\"name\":\"LDA Belgium\",\"url\":\"https:\\\/\\\/lda.be\\\/fr\\\/\",\"logo\":{\"@type\":\"ImageObject\",\"inLanguage\":\"fr-FR\",\"@id\":\"https:\\\/\\\/lda.be\\\/fr\\\/#\\\/schema\\\/logo\\\/image\\\/\",\"url\":\"https:\\\/\\\/lda.be\\\/wp-content\\\/uploads\\\/2022\\\/07\\\/Logo-LDA.webp\",\"contentUrl\":\"https:\\\/\\\/lda.be\\\/wp-content\\\/uploads\\\/2022\\\/07\\\/Logo-LDA.webp\",\"width\":311,\"height\":101,\"caption\":\"LDA Belgium\"},\"image\":{\"@id\":\"https:\\\/\\\/lda.be\\\/fr\\\/#\\\/schema\\\/logo\\\/image\\\/\"},\"sameAs\":[\"https:\\\/\\\/www.linkedin.com\\\/company\\\/lda-belgium-nv\"]}]}<\/script>\n<!-- \/ Yoast SEO plugin. -->","yoast_head_json":{"title":"S\u00e9rie 8000 - Capteurs \u00e9lectroniques et Reed \u00e0 faible courant - LDA Belgique","description":"Capteur Canfield 8000 pour cylindres ronds et NFPA, 0-120 V AC\/DC, 0,5 A, reed ou \u00e9lectronique, avec LED, MOV ou connexion rapide. LDA Belgique","robots":{"index":"index","follow":"follow","max-snippet":"max-snippet:-1","max-image-preview":"max-image-preview:large","max-video-preview":"max-video-preview:-1"},"canonical":"https:\/\/lda.be\/fr\/produit\/serie-8000-capteurs-electroniques-et-reed-a-faible-courant\/","og_locale":"fr_FR","og_type":"article","og_title":"S\u00e9rie 8000 - Capteurs \u00e9lectroniques et Reed \u00e0 faible courant - LDA Belgique","og_description":"Capteur Canfield 8000 pour cylindres ronds et NFPA, 0-120 V AC\/DC, 0,5 A, reed ou \u00e9lectronique, avec LED, MOV ou connexion rapide. LDA Belgique","og_url":"https:\/\/lda.be\/fr\/produit\/serie-8000-capteurs-electroniques-et-reed-a-faible-courant\/","og_site_name":"LDA Belgique","article_modified_time":"2025-07-08T14:13:54+00:00","og_image":[{"width":800,"height":800,"url":"https:\/\/lda.be\/wp-content\/uploads\/2025\/07\/8000-sensor.webp","type":"image\/webp"}],"twitter_card":"summary_large_image","twitter_misc":{"Dur\u00e9e de lecture estim\u00e9e":"1 minute"},"schema":{"@context":"https:\/\/schema.org","@graph":[{"@type":"WebPage","@id":"https:\/\/lda.be\/fr\/produit\/serie-8000-capteurs-electroniques-et-reed-a-faible-courant\/","url":"https:\/\/lda.be\/fr\/produit\/serie-8000-capteurs-electroniques-et-reed-a-faible-courant\/","name":"S\u00e9rie 8000 - Capteurs \u00e9lectroniques et Reed \u00e0 faible courant - LDA Belgique","isPartOf":{"@id":"https:\/\/lda.be\/fr\/#website"},"primaryImageOfPage":{"@id":"https:\/\/lda.be\/fr\/produit\/serie-8000-capteurs-electroniques-et-reed-a-faible-courant\/#primaryimage"},"image":{"@id":"https:\/\/lda.be\/fr\/produit\/serie-8000-capteurs-electroniques-et-reed-a-faible-courant\/#primaryimage"},"thumbnailUrl":"https:\/\/lda.be\/wp-content\/uploads\/2025\/07\/8000-sensor.webp","datePublished":"2025-07-08T13:56:01+00:00","dateModified":"2025-07-08T14:13:54+00:00","description":"Capteur Canfield 8000 pour cylindres ronds et NFPA, 0-120 V AC\/DC, 0,5 A, reed ou \u00e9lectronique, avec LED, MOV ou connexion rapide. LDA Belgique","breadcrumb":{"@id":"https:\/\/lda.be\/fr\/produit\/serie-8000-capteurs-electroniques-et-reed-a-faible-courant\/#breadcrumb"},"inLanguage":"fr-FR","potentialAction":[{"@type":"ReadAction","target":["https:\/\/lda.be\/fr\/produit\/serie-8000-capteurs-electroniques-et-reed-a-faible-courant\/"]}]},{"@type":"ImageObject","inLanguage":"fr-FR","@id":"https:\/\/lda.be\/fr\/produit\/serie-8000-capteurs-electroniques-et-reed-a-faible-courant\/#primaryimage","url":"https:\/\/lda.be\/wp-content\/uploads\/2025\/07\/8000-sensor.webp","contentUrl":"https:\/\/lda.be\/wp-content\/uploads\/2025\/07\/8000-sensor.webp","width":800,"height":800,"caption":"8000 canfield sensor"},{"@type":"BreadcrumbList","@id":"https:\/\/lda.be\/fr\/produit\/serie-8000-capteurs-electroniques-et-reed-a-faible-courant\/#breadcrumb","itemListElement":[{"@type":"ListItem","position":1,"name":"Accueil","item":"https:\/\/lda.be\/fr\/"},{"@type":"ListItem","position":2,"name":"Produits","item":"https:\/\/lda.be\/fr\/produits\/"},{"@type":"ListItem","position":3,"name":"S\u00e9rie 8000 &#8211; Capteurs \u00e9lectroniques et Reed \u00e0 faible courant"}]},{"@type":"WebSite","@id":"https:\/\/lda.be\/fr\/#website","url":"https:\/\/lda.be\/fr\/","name":"LDA Belgium","description":"Solutions For Life","publisher":{"@id":"https:\/\/lda.be\/fr\/#organization"},"potentialAction":[{"@type":"SearchAction","target":{"@type":"EntryPoint","urlTemplate":"https:\/\/lda.be\/fr\/?s={search_term_string}"},"query-input":{"@type":"PropertyValueSpecification","valueRequired":true,"valueName":"search_term_string"}}],"inLanguage":"fr-FR"},{"@type":"Organization","@id":"https:\/\/lda.be\/fr\/#organization","name":"LDA Belgium","url":"https:\/\/lda.be\/fr\/","logo":{"@type":"ImageObject","inLanguage":"fr-FR","@id":"https:\/\/lda.be\/fr\/#\/schema\/logo\/image\/","url":"https:\/\/lda.be\/wp-content\/uploads\/2022\/07\/Logo-LDA.webp","contentUrl":"https:\/\/lda.be\/wp-content\/uploads\/2022\/07\/Logo-LDA.webp","width":311,"height":101,"caption":"LDA Belgium"},"image":{"@id":"https:\/\/lda.be\/fr\/#\/schema\/logo\/image\/"},"sameAs":["https:\/\/www.linkedin.com\/company\/lda-belgium-nv"]}]}},"_links":{"self":[{"href":"https:\/\/lda.be\/fr\/wp-json\/wp\/v2\/product\/9542","targetHints":{"allow":["GET"]}}],"collection":[{"href":"https:\/\/lda.be\/fr\/wp-json\/wp\/v2\/product"}],"about":[{"href":"https:\/\/lda.be\/fr\/wp-json\/wp\/v2\/types\/product"}],"replies":[{"embeddable":true,"href":"https:\/\/lda.be\/fr\/wp-json\/wp\/v2\/comments?post=9542"}],"wp:featuredmedia":[{"embeddable":true,"href":"https:\/\/lda.be\/fr\/wp-json\/wp\/v2\/media\/9537"}],"wp:attachment":[{"href":"https:\/\/lda.be\/fr\/wp-json\/wp\/v2\/media?parent=9542"}],"wp:term":[{"taxonomy":"product_brand","embeddable":true,"href":"https:\/\/lda.be\/fr\/wp-json\/wp\/v2\/product_brand?post=9542"},{"taxonomy":"product_cat","embeddable":true,"href":"https:\/\/lda.be\/fr\/wp-json\/wp\/v2\/product_cat?post=9542"},{"taxonomy":"product_tag","embeddable":true,"href":"https:\/\/lda.be\/fr\/wp-json\/wp\/v2\/product_tag?post=9542"}],"curies":[{"name":"wp","href":"https:\/\/api.w.org\/{rel}","templated":true}]}}