{"id":9567,"date":"2025-07-14T09:08:43","date_gmt":"2025-07-14T08:08:43","guid":{"rendered":"https:\/\/lda.be\/?post_type=product&#038;p=9567"},"modified":"2025-07-14T09:20:07","modified_gmt":"2025-07-14T08:20:07","slug":"serie-9c-capteur-de-proximite-avec-rainure-ronde","status":"publish","type":"product","link":"https:\/\/lda.be\/fr\/produit\/serie-9c-capteur-de-proximite-avec-rainure-ronde\/","title":{"rendered":"S\u00e9rie 9C capteur de proximit\u00e9 avec rainure ronde"},"content":{"rendered":"<p>La s\u00e9rie 9C de Canfield est un capteur de proximit\u00e9 universel con\u00e7u pour les actionneurs lin\u00e9aires avec des profils en aluminium et des pistons magn\u00e9tiques tels que ceux utilis\u00e9s par SMC, Bimba, Fabco et d&#8217;autres marques. Ce capteur se monte directement dans une fente standard de 4 mm et est fix\u00e9 \u00e0 l&#8217;aide de la vis de montage int\u00e9gr\u00e9e.<\/p>\n<p>Disponible en version reed ou \u00e9lectronique, le capteur d\u00e9tecte la position du piston du v\u00e9rin par l&#8217;interm\u00e9diaire d&#8217;un champ magn\u00e9tique. L&#8217;indicateur LED sur le capteur est visible sous de larges angles et simplifie l&#8217;installation et le diagnostic.<\/p>\n<p>Le capteur fonctionne en courant alternatif et continu et commute jusqu&#8217;\u00e0 0,5 A \u00e0 des tensions de 5-120 V AC\/DC (reed) ou 5-28 V DC (\u00e9lectronique, PNP\/NPN). Le bo\u00eetier est fabriqu\u00e9 en polym\u00e8res de haute qualit\u00e9 et con\u00e7u pour r\u00e9pondre \u00e0 la norme IP67 \/ NEMA 6, garantissant une protection contre l&#8217;humidit\u00e9, la poussi\u00e8re et les vibrations dans les environnements industriels.<\/p>\n<p>Vous voulez savoir si la s\u00e9rie 9C est faite pour vous ? Demandez un devis \u00e0 LDA d\u00e8s aujourd&#8217;hui et optez pour une d\u00e9tection de position sans interf\u00e9rence.<\/p>\n","protected":false},"excerpt":{"rendered":"<p>La s\u00e9rie 9C de Canfield est un capteur de proximit\u00e9 universel con\u00e7u pour les actionneurs lin\u00e9aires avec des profils en aluminium et des pistons magn\u00e9tiques tels que ceux utilis\u00e9s par SMC, Bimba, Fabco et d&#8217;autres marques. Ce capteur se monte directement dans une fente standard de 4 mm et est fix\u00e9 \u00e0 l&#8217;aide de la [&hellip;]<\/p>\n","protected":false},"featured_media":9562,"comment_status":"closed","ping_status":"closed","template":"","meta":[],"product_brand":[1610],"product_cat":[996,856,1618],"product_tag":[],"class_list":{"0":"post-9567","1":"product","2":"type-product","3":"status-publish","4":"has-post-thumbnail","6":"product_brand-canfield","7":"product_cat-pneumatique","8":"product_cat-verin","9":"product_cat-detecteurs-et-capteurs","11":"first","12":"instock","13":"shipping-taxable","14":"product-type-simple"},"yoast_head":"<!-- This site is optimized with the Yoast SEO plugin v27.3 - https:\/\/yoast.com\/product\/yoast-seo-wordpress\/ -->\n<title>S\u00e9rie 9C capteur de proximit\u00e9 avec rainure ronde - LDA Belgique<\/title>\n<meta name=\"description\" content=\"Capteur de proximit\u00e9 Canfield 9C pour acteurs en aluminium, 5-120 V AC\/DC, PNP\/NPN ou reed, LED, IP67, c\u00e2ble PVC ou pigtail M8\/M12. LDA Belgium\" \/>\n<meta name=\"robots\" content=\"index, follow, max-snippet:-1, max-image-preview:large, max-video-preview:-1\" \/>\n<link rel=\"canonical\" href=\"https:\/\/lda.be\/fr\/produit\/serie-9c-capteur-de-proximite-avec-rainure-ronde\/\" \/>\n<meta property=\"og:locale\" content=\"fr_FR\" \/>\n<meta property=\"og:type\" content=\"article\" \/>\n<meta property=\"og:title\" content=\"S\u00e9rie 9C capteur de proximit\u00e9 avec rainure ronde - LDA Belgique\" \/>\n<meta property=\"og:description\" content=\"Capteur de proximit\u00e9 Canfield 9C pour acteurs en aluminium, 5-120 V AC\/DC, PNP\/NPN ou reed, LED, IP67, c\u00e2ble PVC ou pigtail M8\/M12. LDA Belgium\" \/>\n<meta property=\"og:url\" content=\"https:\/\/lda.be\/fr\/produit\/serie-9c-capteur-de-proximite-avec-rainure-ronde\/\" \/>\n<meta property=\"og:site_name\" content=\"LDA Belgique\" \/>\n<meta property=\"article:modified_time\" content=\"2025-07-14T08:20:07+00:00\" \/>\n<meta property=\"og:image\" content=\"https:\/\/lda.be\/wp-content\/uploads\/2025\/07\/9c.webp\" \/>\n\t<meta property=\"og:image:width\" content=\"800\" \/>\n\t<meta property=\"og:image:height\" content=\"800\" \/>\n\t<meta property=\"og:image:type\" content=\"image\/webp\" \/>\n<meta name=\"twitter:card\" content=\"summary_large_image\" \/>\n<meta name=\"twitter:label1\" content=\"Dur\u00e9e de lecture estim\u00e9e\" \/>\n\t<meta name=\"twitter:data1\" content=\"1 minute\" \/>\n<script type=\"application\/ld+json\" class=\"yoast-schema-graph\">{\"@context\":\"https:\\\/\\\/schema.org\",\"@graph\":[{\"@type\":\"WebPage\",\"@id\":\"https:\\\/\\\/lda.be\\\/fr\\\/produit\\\/serie-9c-capteur-de-proximite-avec-rainure-ronde\\\/\",\"url\":\"https:\\\/\\\/lda.be\\\/fr\\\/produit\\\/serie-9c-capteur-de-proximite-avec-rainure-ronde\\\/\",\"name\":\"S\u00e9rie 9C capteur de proximit\u00e9 avec rainure ronde - LDA Belgique\",\"isPartOf\":{\"@id\":\"https:\\\/\\\/lda.be\\\/fr\\\/#website\"},\"primaryImageOfPage\":{\"@id\":\"https:\\\/\\\/lda.be\\\/fr\\\/produit\\\/serie-9c-capteur-de-proximite-avec-rainure-ronde\\\/#primaryimage\"},\"image\":{\"@id\":\"https:\\\/\\\/lda.be\\\/fr\\\/produit\\\/serie-9c-capteur-de-proximite-avec-rainure-ronde\\\/#primaryimage\"},\"thumbnailUrl\":\"https:\\\/\\\/lda.be\\\/wp-content\\\/uploads\\\/2025\\\/07\\\/9c.webp\",\"datePublished\":\"2025-07-14T08:08:43+00:00\",\"dateModified\":\"2025-07-14T08:20:07+00:00\",\"description\":\"Capteur de proximit\u00e9 Canfield 9C pour acteurs en aluminium, 5-120 V AC\\\/DC, PNP\\\/NPN ou reed, LED, IP67, c\u00e2ble PVC ou pigtail M8\\\/M12. LDA Belgium\",\"breadcrumb\":{\"@id\":\"https:\\\/\\\/lda.be\\\/fr\\\/produit\\\/serie-9c-capteur-de-proximite-avec-rainure-ronde\\\/#breadcrumb\"},\"inLanguage\":\"fr-FR\",\"potentialAction\":[{\"@type\":\"ReadAction\",\"target\":[\"https:\\\/\\\/lda.be\\\/fr\\\/produit\\\/serie-9c-capteur-de-proximite-avec-rainure-ronde\\\/\"]}]},{\"@type\":\"ImageObject\",\"inLanguage\":\"fr-FR\",\"@id\":\"https:\\\/\\\/lda.be\\\/fr\\\/produit\\\/serie-9c-capteur-de-proximite-avec-rainure-ronde\\\/#primaryimage\",\"url\":\"https:\\\/\\\/lda.be\\\/wp-content\\\/uploads\\\/2025\\\/07\\\/9c.webp\",\"contentUrl\":\"https:\\\/\\\/lda.be\\\/wp-content\\\/uploads\\\/2025\\\/07\\\/9c.webp\",\"width\":800,\"height\":800,\"caption\":\"Canfield 9c sensor\"},{\"@type\":\"BreadcrumbList\",\"@id\":\"https:\\\/\\\/lda.be\\\/fr\\\/produit\\\/serie-9c-capteur-de-proximite-avec-rainure-ronde\\\/#breadcrumb\",\"itemListElement\":[{\"@type\":\"ListItem\",\"position\":1,\"name\":\"Accueil\",\"item\":\"https:\\\/\\\/lda.be\\\/fr\\\/\"},{\"@type\":\"ListItem\",\"position\":2,\"name\":\"Produits\",\"item\":\"https:\\\/\\\/lda.be\\\/fr\\\/produits\\\/\"},{\"@type\":\"ListItem\",\"position\":3,\"name\":\"S\u00e9rie 9C capteur de proximit\u00e9 avec rainure ronde\"}]},{\"@type\":\"WebSite\",\"@id\":\"https:\\\/\\\/lda.be\\\/fr\\\/#website\",\"url\":\"https:\\\/\\\/lda.be\\\/fr\\\/\",\"name\":\"LDA Belgium\",\"description\":\"Solutions For Life\",\"publisher\":{\"@id\":\"https:\\\/\\\/lda.be\\\/fr\\\/#organization\"},\"potentialAction\":[{\"@type\":\"SearchAction\",\"target\":{\"@type\":\"EntryPoint\",\"urlTemplate\":\"https:\\\/\\\/lda.be\\\/fr\\\/?s={search_term_string}\"},\"query-input\":{\"@type\":\"PropertyValueSpecification\",\"valueRequired\":true,\"valueName\":\"search_term_string\"}}],\"inLanguage\":\"fr-FR\"},{\"@type\":\"Organization\",\"@id\":\"https:\\\/\\\/lda.be\\\/fr\\\/#organization\",\"name\":\"LDA Belgium\",\"url\":\"https:\\\/\\\/lda.be\\\/fr\\\/\",\"logo\":{\"@type\":\"ImageObject\",\"inLanguage\":\"fr-FR\",\"@id\":\"https:\\\/\\\/lda.be\\\/fr\\\/#\\\/schema\\\/logo\\\/image\\\/\",\"url\":\"https:\\\/\\\/lda.be\\\/wp-content\\\/uploads\\\/2022\\\/07\\\/Logo-LDA.webp\",\"contentUrl\":\"https:\\\/\\\/lda.be\\\/wp-content\\\/uploads\\\/2022\\\/07\\\/Logo-LDA.webp\",\"width\":311,\"height\":101,\"caption\":\"LDA Belgium\"},\"image\":{\"@id\":\"https:\\\/\\\/lda.be\\\/fr\\\/#\\\/schema\\\/logo\\\/image\\\/\"},\"sameAs\":[\"https:\\\/\\\/www.linkedin.com\\\/company\\\/lda-belgium-nv\"]}]}<\/script>\n<!-- \/ Yoast SEO plugin. -->","yoast_head_json":{"title":"S\u00e9rie 9C capteur de proximit\u00e9 avec rainure ronde - LDA Belgique","description":"Capteur de proximit\u00e9 Canfield 9C pour acteurs en aluminium, 5-120 V AC\/DC, PNP\/NPN ou reed, LED, IP67, c\u00e2ble PVC ou pigtail M8\/M12. LDA Belgium","robots":{"index":"index","follow":"follow","max-snippet":"max-snippet:-1","max-image-preview":"max-image-preview:large","max-video-preview":"max-video-preview:-1"},"canonical":"https:\/\/lda.be\/fr\/produit\/serie-9c-capteur-de-proximite-avec-rainure-ronde\/","og_locale":"fr_FR","og_type":"article","og_title":"S\u00e9rie 9C capteur de proximit\u00e9 avec rainure ronde - LDA Belgique","og_description":"Capteur de proximit\u00e9 Canfield 9C pour acteurs en aluminium, 5-120 V AC\/DC, PNP\/NPN ou reed, LED, IP67, c\u00e2ble PVC ou pigtail M8\/M12. LDA Belgium","og_url":"https:\/\/lda.be\/fr\/produit\/serie-9c-capteur-de-proximite-avec-rainure-ronde\/","og_site_name":"LDA Belgique","article_modified_time":"2025-07-14T08:20:07+00:00","og_image":[{"width":800,"height":800,"url":"https:\/\/lda.be\/wp-content\/uploads\/2025\/07\/9c.webp","type":"image\/webp"}],"twitter_card":"summary_large_image","twitter_misc":{"Dur\u00e9e de lecture estim\u00e9e":"1 minute"},"schema":{"@context":"https:\/\/schema.org","@graph":[{"@type":"WebPage","@id":"https:\/\/lda.be\/fr\/produit\/serie-9c-capteur-de-proximite-avec-rainure-ronde\/","url":"https:\/\/lda.be\/fr\/produit\/serie-9c-capteur-de-proximite-avec-rainure-ronde\/","name":"S\u00e9rie 9C capteur de proximit\u00e9 avec rainure ronde - LDA Belgique","isPartOf":{"@id":"https:\/\/lda.be\/fr\/#website"},"primaryImageOfPage":{"@id":"https:\/\/lda.be\/fr\/produit\/serie-9c-capteur-de-proximite-avec-rainure-ronde\/#primaryimage"},"image":{"@id":"https:\/\/lda.be\/fr\/produit\/serie-9c-capteur-de-proximite-avec-rainure-ronde\/#primaryimage"},"thumbnailUrl":"https:\/\/lda.be\/wp-content\/uploads\/2025\/07\/9c.webp","datePublished":"2025-07-14T08:08:43+00:00","dateModified":"2025-07-14T08:20:07+00:00","description":"Capteur de proximit\u00e9 Canfield 9C pour acteurs en aluminium, 5-120 V AC\/DC, PNP\/NPN ou reed, LED, IP67, c\u00e2ble PVC ou pigtail M8\/M12. LDA Belgium","breadcrumb":{"@id":"https:\/\/lda.be\/fr\/produit\/serie-9c-capteur-de-proximite-avec-rainure-ronde\/#breadcrumb"},"inLanguage":"fr-FR","potentialAction":[{"@type":"ReadAction","target":["https:\/\/lda.be\/fr\/produit\/serie-9c-capteur-de-proximite-avec-rainure-ronde\/"]}]},{"@type":"ImageObject","inLanguage":"fr-FR","@id":"https:\/\/lda.be\/fr\/produit\/serie-9c-capteur-de-proximite-avec-rainure-ronde\/#primaryimage","url":"https:\/\/lda.be\/wp-content\/uploads\/2025\/07\/9c.webp","contentUrl":"https:\/\/lda.be\/wp-content\/uploads\/2025\/07\/9c.webp","width":800,"height":800,"caption":"Canfield 9c sensor"},{"@type":"BreadcrumbList","@id":"https:\/\/lda.be\/fr\/produit\/serie-9c-capteur-de-proximite-avec-rainure-ronde\/#breadcrumb","itemListElement":[{"@type":"ListItem","position":1,"name":"Accueil","item":"https:\/\/lda.be\/fr\/"},{"@type":"ListItem","position":2,"name":"Produits","item":"https:\/\/lda.be\/fr\/produits\/"},{"@type":"ListItem","position":3,"name":"S\u00e9rie 9C capteur de proximit\u00e9 avec rainure ronde"}]},{"@type":"WebSite","@id":"https:\/\/lda.be\/fr\/#website","url":"https:\/\/lda.be\/fr\/","name":"LDA Belgium","description":"Solutions For Life","publisher":{"@id":"https:\/\/lda.be\/fr\/#organization"},"potentialAction":[{"@type":"SearchAction","target":{"@type":"EntryPoint","urlTemplate":"https:\/\/lda.be\/fr\/?s={search_term_string}"},"query-input":{"@type":"PropertyValueSpecification","valueRequired":true,"valueName":"search_term_string"}}],"inLanguage":"fr-FR"},{"@type":"Organization","@id":"https:\/\/lda.be\/fr\/#organization","name":"LDA Belgium","url":"https:\/\/lda.be\/fr\/","logo":{"@type":"ImageObject","inLanguage":"fr-FR","@id":"https:\/\/lda.be\/fr\/#\/schema\/logo\/image\/","url":"https:\/\/lda.be\/wp-content\/uploads\/2022\/07\/Logo-LDA.webp","contentUrl":"https:\/\/lda.be\/wp-content\/uploads\/2022\/07\/Logo-LDA.webp","width":311,"height":101,"caption":"LDA Belgium"},"image":{"@id":"https:\/\/lda.be\/fr\/#\/schema\/logo\/image\/"},"sameAs":["https:\/\/www.linkedin.com\/company\/lda-belgium-nv"]}]}},"_links":{"self":[{"href":"https:\/\/lda.be\/fr\/wp-json\/wp\/v2\/product\/9567","targetHints":{"allow":["GET"]}}],"collection":[{"href":"https:\/\/lda.be\/fr\/wp-json\/wp\/v2\/product"}],"about":[{"href":"https:\/\/lda.be\/fr\/wp-json\/wp\/v2\/types\/product"}],"replies":[{"embeddable":true,"href":"https:\/\/lda.be\/fr\/wp-json\/wp\/v2\/comments?post=9567"}],"wp:featuredmedia":[{"embeddable":true,"href":"https:\/\/lda.be\/fr\/wp-json\/wp\/v2\/media\/9562"}],"wp:attachment":[{"href":"https:\/\/lda.be\/fr\/wp-json\/wp\/v2\/media?parent=9567"}],"wp:term":[{"taxonomy":"product_brand","embeddable":true,"href":"https:\/\/lda.be\/fr\/wp-json\/wp\/v2\/product_brand?post=9567"},{"taxonomy":"product_cat","embeddable":true,"href":"https:\/\/lda.be\/fr\/wp-json\/wp\/v2\/product_cat?post=9567"},{"taxonomy":"product_tag","embeddable":true,"href":"https:\/\/lda.be\/fr\/wp-json\/wp\/v2\/product_tag?post=9567"}],"curies":[{"name":"wp","href":"https:\/\/api.w.org\/{rel}","templated":true}]}}