{"id":9578,"date":"2025-07-14T10:04:27","date_gmt":"2025-07-14T09:04:27","guid":{"rendered":"https:\/\/lda.be\/?post_type=product&#038;p=9578"},"modified":"2025-07-14T10:37:23","modified_gmt":"2025-07-14T09:37:23","slug":"serie-9d-detecteur-de-proximite-magnetique","status":"publish","type":"product","link":"https:\/\/lda.be\/fr\/produit\/serie-9d-detecteur-de-proximite-magnetique\/","title":{"rendered":"S\u00e9rie 9D &#8211; d\u00e9tecteur de proximit\u00e9 magn\u00e9tique"},"content":{"rendered":"<p>La s\u00e9rie 9D de Canfield est un d\u00e9tecteur de proximit\u00e9 universel et ultra-compact pour la reconnaissance de la position du piston magn\u00e9tique sur les actionneurs lin\u00e9aires. Le d\u00e9tecteur s&#8217;ins\u00e8re dans des fentes en queue d&#8217;aronde standard de 1\/4\u2033, s&#8217;int\u00e9grant parfaitement aux syst\u00e8mes de v\u00e9rins les plus courants. Plusieurs pinces d&#8217;adaptation sont disponibles pour d&#8217;autres tailles, notamment pour les cylindres ronds de 12 mm, 14 mm, les cylindres NFPA ou les cylindres \u00e0 tirants de la s\u00e9rie plate de 3\/4\u2033 \u00e0 8\u2033 d&#8217;al\u00e9sage.<\/p>\n<p>Le 9D est disponible en version reed ou \u00e9lectronique (PNP ou NPN) et est livr\u00e9 avec 9 pieds de c\u00e2ble PVC, un raccord rapide m\u00e2le de 8 mm ou un raccord m\u00e2le de 12 mm pour un interrupteur double. L&#8217;indicateur LED sur l&#8217;interrupteur est visible dans un grand angle de vision, id\u00e9al pour un diagnostic et une installation rapides. Les versions \u00e9lectroniques offrent une meilleure sensibilit\u00e9 (25 Gauss), moins d&#8217;hyst\u00e9r\u00e9sis et une zone morte plus petite.<\/p>\n<p>Cet interrupteur est fabriqu\u00e9 en plastique de haute qualit\u00e9, il est conforme \u00e0 la norme IP67 et r\u00e9siste aux vibrations et aux chocs. Avec une plage de tension de 5 \u00e0 120 V AC\/DC (reed) ou de 5 \u00e0 28 V DC (\u00e9lectronique) et une capacit\u00e9 de courant allant jusqu&#8217;\u00e0 0,25 A, la s\u00e9rie 9D peut \u00eatre utilis\u00e9e dans un large \u00e9ventail d&#8217;applications industrielles.<\/p>\n<p>Vous voulez savoir si le 9D convient \u00e0 votre actionneur ? Demandez un devis d\u00e8s aujourd&#8217;hui via LDA Belgium et d\u00e9couvrez cette solution de d\u00e9tection flexible.<\/p>\n","protected":false},"excerpt":{"rendered":"<p>La s\u00e9rie 9D de Canfield est un d\u00e9tecteur de proximit\u00e9 universel et ultra-compact pour la reconnaissance de la position du piston magn\u00e9tique sur les actionneurs lin\u00e9aires. Le d\u00e9tecteur s&#8217;ins\u00e8re dans des fentes en queue d&#8217;aronde standard de 1\/4\u2033, s&#8217;int\u00e9grant parfaitement aux syst\u00e8mes de v\u00e9rins les plus courants. Plusieurs pinces d&#8217;adaptation sont disponibles pour d&#8217;autres tailles, [&hellip;]<\/p>\n","protected":false},"featured_media":9575,"comment_status":"closed","ping_status":"closed","template":"","meta":[],"product_brand":[1610],"product_cat":[996,856,1618],"product_tag":[],"class_list":{"0":"post-9578","1":"product","2":"type-product","3":"status-publish","4":"has-post-thumbnail","6":"product_brand-canfield","7":"product_cat-pneumatique","8":"product_cat-verin","9":"product_cat-detecteurs-et-capteurs","11":"first","12":"instock","13":"shipping-taxable","14":"product-type-simple"},"yoast_head":"<!-- This site is optimized with the Yoast SEO plugin v27.3 - https:\/\/yoast.com\/product\/yoast-seo-wordpress\/ -->\n<title>S\u00e9rie 9D - d\u00e9tecteur de proximit\u00e9 magn\u00e9tique - LDA Belgique<\/title>\n<meta name=\"description\" content=\"Capteur de proximit\u00e9 Canfield 9D pour queue d&#039;aronde 1\/4\u2033 ou cylindres, 5-120 V AC\/DC ou 5-28 V DC, PNP\/NPN\/reed, LED, IP67. LDA Belgique\" \/>\n<meta name=\"robots\" content=\"index, follow, max-snippet:-1, max-image-preview:large, max-video-preview:-1\" \/>\n<link rel=\"canonical\" href=\"https:\/\/lda.be\/fr\/produit\/serie-9d-detecteur-de-proximite-magnetique\/\" \/>\n<meta property=\"og:locale\" content=\"fr_FR\" \/>\n<meta property=\"og:type\" content=\"article\" \/>\n<meta property=\"og:title\" content=\"S\u00e9rie 9D - d\u00e9tecteur de proximit\u00e9 magn\u00e9tique - LDA Belgique\" \/>\n<meta property=\"og:description\" content=\"Capteur de proximit\u00e9 Canfield 9D pour queue d&#039;aronde 1\/4\u2033 ou cylindres, 5-120 V AC\/DC ou 5-28 V DC, PNP\/NPN\/reed, LED, IP67. LDA Belgique\" \/>\n<meta property=\"og:url\" content=\"https:\/\/lda.be\/fr\/produit\/serie-9d-detecteur-de-proximite-magnetique\/\" \/>\n<meta property=\"og:site_name\" content=\"LDA Belgique\" \/>\n<meta property=\"article:modified_time\" content=\"2025-07-14T09:37:23+00:00\" \/>\n<meta property=\"og:image\" content=\"https:\/\/lda.be\/wp-content\/uploads\/2025\/07\/9D.webp\" \/>\n\t<meta property=\"og:image:width\" content=\"800\" \/>\n\t<meta property=\"og:image:height\" content=\"800\" \/>\n\t<meta property=\"og:image:type\" content=\"image\/webp\" \/>\n<meta name=\"twitter:card\" content=\"summary_large_image\" \/>\n<meta name=\"twitter:label1\" content=\"Dur\u00e9e de lecture estim\u00e9e\" \/>\n\t<meta name=\"twitter:data1\" content=\"2 minutes\" \/>\n<script type=\"application\/ld+json\" class=\"yoast-schema-graph\">{\"@context\":\"https:\\\/\\\/schema.org\",\"@graph\":[{\"@type\":\"WebPage\",\"@id\":\"https:\\\/\\\/lda.be\\\/fr\\\/produit\\\/serie-9d-detecteur-de-proximite-magnetique\\\/\",\"url\":\"https:\\\/\\\/lda.be\\\/fr\\\/produit\\\/serie-9d-detecteur-de-proximite-magnetique\\\/\",\"name\":\"S\u00e9rie 9D - d\u00e9tecteur de proximit\u00e9 magn\u00e9tique - LDA Belgique\",\"isPartOf\":{\"@id\":\"https:\\\/\\\/lda.be\\\/fr\\\/#website\"},\"primaryImageOfPage\":{\"@id\":\"https:\\\/\\\/lda.be\\\/fr\\\/produit\\\/serie-9d-detecteur-de-proximite-magnetique\\\/#primaryimage\"},\"image\":{\"@id\":\"https:\\\/\\\/lda.be\\\/fr\\\/produit\\\/serie-9d-detecteur-de-proximite-magnetique\\\/#primaryimage\"},\"thumbnailUrl\":\"https:\\\/\\\/lda.be\\\/wp-content\\\/uploads\\\/2025\\\/07\\\/9D.webp\",\"datePublished\":\"2025-07-14T09:04:27+00:00\",\"dateModified\":\"2025-07-14T09:37:23+00:00\",\"description\":\"Capteur de proximit\u00e9 Canfield 9D pour queue d'aronde 1\\\/4\u2033 ou cylindres, 5-120 V AC\\\/DC ou 5-28 V DC, PNP\\\/NPN\\\/reed, LED, IP67. LDA Belgique\",\"breadcrumb\":{\"@id\":\"https:\\\/\\\/lda.be\\\/fr\\\/produit\\\/serie-9d-detecteur-de-proximite-magnetique\\\/#breadcrumb\"},\"inLanguage\":\"fr-FR\",\"potentialAction\":[{\"@type\":\"ReadAction\",\"target\":[\"https:\\\/\\\/lda.be\\\/fr\\\/produit\\\/serie-9d-detecteur-de-proximite-magnetique\\\/\"]}]},{\"@type\":\"ImageObject\",\"inLanguage\":\"fr-FR\",\"@id\":\"https:\\\/\\\/lda.be\\\/fr\\\/produit\\\/serie-9d-detecteur-de-proximite-magnetique\\\/#primaryimage\",\"url\":\"https:\\\/\\\/lda.be\\\/wp-content\\\/uploads\\\/2025\\\/07\\\/9D.webp\",\"contentUrl\":\"https:\\\/\\\/lda.be\\\/wp-content\\\/uploads\\\/2025\\\/07\\\/9D.webp\",\"width\":800,\"height\":800,\"caption\":\"Canfield 9d schakelaar\"},{\"@type\":\"BreadcrumbList\",\"@id\":\"https:\\\/\\\/lda.be\\\/fr\\\/produit\\\/serie-9d-detecteur-de-proximite-magnetique\\\/#breadcrumb\",\"itemListElement\":[{\"@type\":\"ListItem\",\"position\":1,\"name\":\"Accueil\",\"item\":\"https:\\\/\\\/lda.be\\\/fr\\\/\"},{\"@type\":\"ListItem\",\"position\":2,\"name\":\"Produits\",\"item\":\"https:\\\/\\\/lda.be\\\/fr\\\/produits\\\/\"},{\"@type\":\"ListItem\",\"position\":3,\"name\":\"S\u00e9rie 9D &#8211; d\u00e9tecteur de proximit\u00e9 magn\u00e9tique\"}]},{\"@type\":\"WebSite\",\"@id\":\"https:\\\/\\\/lda.be\\\/fr\\\/#website\",\"url\":\"https:\\\/\\\/lda.be\\\/fr\\\/\",\"name\":\"LDA Belgium\",\"description\":\"Solutions For Life\",\"publisher\":{\"@id\":\"https:\\\/\\\/lda.be\\\/fr\\\/#organization\"},\"potentialAction\":[{\"@type\":\"SearchAction\",\"target\":{\"@type\":\"EntryPoint\",\"urlTemplate\":\"https:\\\/\\\/lda.be\\\/fr\\\/?s={search_term_string}\"},\"query-input\":{\"@type\":\"PropertyValueSpecification\",\"valueRequired\":true,\"valueName\":\"search_term_string\"}}],\"inLanguage\":\"fr-FR\"},{\"@type\":\"Organization\",\"@id\":\"https:\\\/\\\/lda.be\\\/fr\\\/#organization\",\"name\":\"LDA Belgium\",\"url\":\"https:\\\/\\\/lda.be\\\/fr\\\/\",\"logo\":{\"@type\":\"ImageObject\",\"inLanguage\":\"fr-FR\",\"@id\":\"https:\\\/\\\/lda.be\\\/fr\\\/#\\\/schema\\\/logo\\\/image\\\/\",\"url\":\"https:\\\/\\\/lda.be\\\/wp-content\\\/uploads\\\/2022\\\/07\\\/Logo-LDA.webp\",\"contentUrl\":\"https:\\\/\\\/lda.be\\\/wp-content\\\/uploads\\\/2022\\\/07\\\/Logo-LDA.webp\",\"width\":311,\"height\":101,\"caption\":\"LDA Belgium\"},\"image\":{\"@id\":\"https:\\\/\\\/lda.be\\\/fr\\\/#\\\/schema\\\/logo\\\/image\\\/\"},\"sameAs\":[\"https:\\\/\\\/www.linkedin.com\\\/company\\\/lda-belgium-nv\"]}]}<\/script>\n<!-- \/ Yoast SEO plugin. -->","yoast_head_json":{"title":"S\u00e9rie 9D - d\u00e9tecteur de proximit\u00e9 magn\u00e9tique - LDA Belgique","description":"Capteur de proximit\u00e9 Canfield 9D pour queue d'aronde 1\/4\u2033 ou cylindres, 5-120 V AC\/DC ou 5-28 V DC, PNP\/NPN\/reed, LED, IP67. LDA Belgique","robots":{"index":"index","follow":"follow","max-snippet":"max-snippet:-1","max-image-preview":"max-image-preview:large","max-video-preview":"max-video-preview:-1"},"canonical":"https:\/\/lda.be\/fr\/produit\/serie-9d-detecteur-de-proximite-magnetique\/","og_locale":"fr_FR","og_type":"article","og_title":"S\u00e9rie 9D - d\u00e9tecteur de proximit\u00e9 magn\u00e9tique - LDA Belgique","og_description":"Capteur de proximit\u00e9 Canfield 9D pour queue d'aronde 1\/4\u2033 ou cylindres, 5-120 V AC\/DC ou 5-28 V DC, PNP\/NPN\/reed, LED, IP67. LDA Belgique","og_url":"https:\/\/lda.be\/fr\/produit\/serie-9d-detecteur-de-proximite-magnetique\/","og_site_name":"LDA Belgique","article_modified_time":"2025-07-14T09:37:23+00:00","og_image":[{"width":800,"height":800,"url":"https:\/\/lda.be\/wp-content\/uploads\/2025\/07\/9D.webp","type":"image\/webp"}],"twitter_card":"summary_large_image","twitter_misc":{"Dur\u00e9e de lecture estim\u00e9e":"2 minutes"},"schema":{"@context":"https:\/\/schema.org","@graph":[{"@type":"WebPage","@id":"https:\/\/lda.be\/fr\/produit\/serie-9d-detecteur-de-proximite-magnetique\/","url":"https:\/\/lda.be\/fr\/produit\/serie-9d-detecteur-de-proximite-magnetique\/","name":"S\u00e9rie 9D - d\u00e9tecteur de proximit\u00e9 magn\u00e9tique - LDA Belgique","isPartOf":{"@id":"https:\/\/lda.be\/fr\/#website"},"primaryImageOfPage":{"@id":"https:\/\/lda.be\/fr\/produit\/serie-9d-detecteur-de-proximite-magnetique\/#primaryimage"},"image":{"@id":"https:\/\/lda.be\/fr\/produit\/serie-9d-detecteur-de-proximite-magnetique\/#primaryimage"},"thumbnailUrl":"https:\/\/lda.be\/wp-content\/uploads\/2025\/07\/9D.webp","datePublished":"2025-07-14T09:04:27+00:00","dateModified":"2025-07-14T09:37:23+00:00","description":"Capteur de proximit\u00e9 Canfield 9D pour queue d'aronde 1\/4\u2033 ou cylindres, 5-120 V AC\/DC ou 5-28 V DC, PNP\/NPN\/reed, LED, IP67. LDA Belgique","breadcrumb":{"@id":"https:\/\/lda.be\/fr\/produit\/serie-9d-detecteur-de-proximite-magnetique\/#breadcrumb"},"inLanguage":"fr-FR","potentialAction":[{"@type":"ReadAction","target":["https:\/\/lda.be\/fr\/produit\/serie-9d-detecteur-de-proximite-magnetique\/"]}]},{"@type":"ImageObject","inLanguage":"fr-FR","@id":"https:\/\/lda.be\/fr\/produit\/serie-9d-detecteur-de-proximite-magnetique\/#primaryimage","url":"https:\/\/lda.be\/wp-content\/uploads\/2025\/07\/9D.webp","contentUrl":"https:\/\/lda.be\/wp-content\/uploads\/2025\/07\/9D.webp","width":800,"height":800,"caption":"Canfield 9d schakelaar"},{"@type":"BreadcrumbList","@id":"https:\/\/lda.be\/fr\/produit\/serie-9d-detecteur-de-proximite-magnetique\/#breadcrumb","itemListElement":[{"@type":"ListItem","position":1,"name":"Accueil","item":"https:\/\/lda.be\/fr\/"},{"@type":"ListItem","position":2,"name":"Produits","item":"https:\/\/lda.be\/fr\/produits\/"},{"@type":"ListItem","position":3,"name":"S\u00e9rie 9D &#8211; d\u00e9tecteur de proximit\u00e9 magn\u00e9tique"}]},{"@type":"WebSite","@id":"https:\/\/lda.be\/fr\/#website","url":"https:\/\/lda.be\/fr\/","name":"LDA Belgium","description":"Solutions For Life","publisher":{"@id":"https:\/\/lda.be\/fr\/#organization"},"potentialAction":[{"@type":"SearchAction","target":{"@type":"EntryPoint","urlTemplate":"https:\/\/lda.be\/fr\/?s={search_term_string}"},"query-input":{"@type":"PropertyValueSpecification","valueRequired":true,"valueName":"search_term_string"}}],"inLanguage":"fr-FR"},{"@type":"Organization","@id":"https:\/\/lda.be\/fr\/#organization","name":"LDA Belgium","url":"https:\/\/lda.be\/fr\/","logo":{"@type":"ImageObject","inLanguage":"fr-FR","@id":"https:\/\/lda.be\/fr\/#\/schema\/logo\/image\/","url":"https:\/\/lda.be\/wp-content\/uploads\/2022\/07\/Logo-LDA.webp","contentUrl":"https:\/\/lda.be\/wp-content\/uploads\/2022\/07\/Logo-LDA.webp","width":311,"height":101,"caption":"LDA Belgium"},"image":{"@id":"https:\/\/lda.be\/fr\/#\/schema\/logo\/image\/"},"sameAs":["https:\/\/www.linkedin.com\/company\/lda-belgium-nv"]}]}},"_links":{"self":[{"href":"https:\/\/lda.be\/fr\/wp-json\/wp\/v2\/product\/9578","targetHints":{"allow":["GET"]}}],"collection":[{"href":"https:\/\/lda.be\/fr\/wp-json\/wp\/v2\/product"}],"about":[{"href":"https:\/\/lda.be\/fr\/wp-json\/wp\/v2\/types\/product"}],"replies":[{"embeddable":true,"href":"https:\/\/lda.be\/fr\/wp-json\/wp\/v2\/comments?post=9578"}],"wp:featuredmedia":[{"embeddable":true,"href":"https:\/\/lda.be\/fr\/wp-json\/wp\/v2\/media\/9575"}],"wp:attachment":[{"href":"https:\/\/lda.be\/fr\/wp-json\/wp\/v2\/media?parent=9578"}],"wp:term":[{"taxonomy":"product_brand","embeddable":true,"href":"https:\/\/lda.be\/fr\/wp-json\/wp\/v2\/product_brand?post=9578"},{"taxonomy":"product_cat","embeddable":true,"href":"https:\/\/lda.be\/fr\/wp-json\/wp\/v2\/product_cat?post=9578"},{"taxonomy":"product_tag","embeddable":true,"href":"https:\/\/lda.be\/fr\/wp-json\/wp\/v2\/product_tag?post=9578"}],"curies":[{"name":"wp","href":"https:\/\/api.w.org\/{rel}","templated":true}]}}