{"id":9589,"date":"2025-07-14T11:09:15","date_gmt":"2025-07-14T10:09:15","guid":{"rendered":"https:\/\/lda.be\/?post_type=product&#038;p=9589"},"modified":"2025-07-14T11:15:31","modified_gmt":"2025-07-14T10:15:31","slug":"serie-9e-detecteur-de-proximite-magnetique","status":"publish","type":"product","link":"https:\/\/lda.be\/fr\/produit\/serie-9e-detecteur-de-proximite-magnetique\/","title":{"rendered":"S\u00e9rie 9E &#8211; d\u00e9tecteur de proximit\u00e9 magn\u00e9tique"},"content":{"rendered":"<p>La s\u00e9rie 9E de Canfield est un commutateur magn\u00e9tique ultra-compact pour les actionneurs et les v\u00e9rins dot\u00e9s d&#8217;une fente standard en queue d&#8217;aronde de 1\/4\u2033. Utilisable avec des marques telles que Fabco, Numatics et Rotomation, le capteur offre une flexibilit\u00e9 maximale dans les applications o\u00f9 l&#8217;espace de montage est limit\u00e9. Outre le montage standard en queue d&#8217;aronde, plusieurs options de serrage sont disponibles pour les v\u00e9rins ronds et les v\u00e9rins \u00e0 tirants de la s\u00e9rie NFPA\/flat de 3\/4\u2033 \u00e0 8\u2033 d&#8217;al\u00e9sage.<\/p>\n<p>La s\u00e9rie 9E est disponible en tant que contact Reed (SPST, NO) ou en version \u00e9lectronique avec sortie PNP ou NPN. Gr\u00e2ce \u00e0 la LED interne et au grand angle de vision, l&#8217;\u00e9tat peut \u00eatre rapidement v\u00e9rifi\u00e9 visuellement. Les mod\u00e8les \u00e9lectroniques commutent d\u00e8s 25 Gauss et ont une hyst\u00e9r\u00e9sis minimale. Toutes les versions sont conformes \u00e0 la norme IP67 et conviennent aux environnements industriels.<\/p>\n<p>L&#8217;installation est facile, sans outils suppl\u00e9mentaires. L&#8217;interrupteur est imm\u00e9diatement pr\u00eat \u00e0 \u00eatre install\u00e9 et est livr\u00e9 avec tout le mat\u00e9riel de fixation.<\/p>\n<p>Vous voulez savoir si le 9E convient \u00e0 votre profil de fente ou \u00e0 votre disposition de cylindre ? Demandez votre devis d\u00e8s aujourd&#8217;hui via LDA Belgium et optez pour une d\u00e9tection compacte et flexible.<\/p>\n","protected":false},"excerpt":{"rendered":"<p>La s\u00e9rie 9E de Canfield est un commutateur magn\u00e9tique ultra-compact pour les actionneurs et les v\u00e9rins dot\u00e9s d&#8217;une fente standard en queue d&#8217;aronde de 1\/4\u2033. Utilisable avec des marques telles que Fabco, Numatics et Rotomation, le capteur offre une flexibilit\u00e9 maximale dans les applications o\u00f9 l&#8217;espace de montage est limit\u00e9. Outre le montage standard en [&hellip;]<\/p>\n","protected":false},"featured_media":9583,"comment_status":"closed","ping_status":"closed","template":"","meta":[],"product_brand":[1610],"product_cat":[996,856,1618],"product_tag":[],"class_list":{"0":"post-9589","1":"product","2":"type-product","3":"status-publish","4":"has-post-thumbnail","6":"product_brand-canfield","7":"product_cat-pneumatique","8":"product_cat-verin","9":"product_cat-detecteurs-et-capteurs","11":"first","12":"instock","13":"shipping-taxable","14":"product-type-simple"},"yoast_head":"<!-- This site is optimized with the Yoast SEO plugin v27.3 - https:\/\/yoast.com\/product\/yoast-seo-wordpress\/ -->\n<title>S\u00e9rie 9E - d\u00e9tecteur de proximit\u00e9 magn\u00e9tique - LDA Belgique<\/title>\n<meta name=\"description\" content=\"Capteur de proximit\u00e9 Canfield 9E pour \u00bc\u2033 queue d&#039;aronde ou cylindres, 5-120 V AC\/DC ou 5-28 V DC, PNP\/NPN\/reed, LED, IP67. LDA Belgique\" \/>\n<meta name=\"robots\" content=\"index, follow, max-snippet:-1, max-image-preview:large, max-video-preview:-1\" \/>\n<link rel=\"canonical\" href=\"https:\/\/lda.be\/fr\/produit\/serie-9e-detecteur-de-proximite-magnetique\/\" \/>\n<meta property=\"og:locale\" content=\"fr_FR\" \/>\n<meta property=\"og:type\" content=\"article\" \/>\n<meta property=\"og:title\" content=\"S\u00e9rie 9E - d\u00e9tecteur de proximit\u00e9 magn\u00e9tique - LDA Belgique\" \/>\n<meta property=\"og:description\" content=\"Capteur de proximit\u00e9 Canfield 9E pour \u00bc\u2033 queue d&#039;aronde ou cylindres, 5-120 V AC\/DC ou 5-28 V DC, PNP\/NPN\/reed, LED, IP67. LDA Belgique\" \/>\n<meta property=\"og:url\" content=\"https:\/\/lda.be\/fr\/produit\/serie-9e-detecteur-de-proximite-magnetique\/\" \/>\n<meta property=\"og:site_name\" content=\"LDA Belgique\" \/>\n<meta property=\"article:modified_time\" content=\"2025-07-14T10:15:31+00:00\" \/>\n<meta property=\"og:image\" content=\"https:\/\/lda.be\/wp-content\/uploads\/2025\/07\/9E.webp\" \/>\n\t<meta property=\"og:image:width\" content=\"800\" \/>\n\t<meta property=\"og:image:height\" content=\"800\" \/>\n\t<meta property=\"og:image:type\" content=\"image\/webp\" \/>\n<meta name=\"twitter:card\" content=\"summary_large_image\" \/>\n<meta name=\"twitter:label1\" content=\"Dur\u00e9e de lecture estim\u00e9e\" \/>\n\t<meta name=\"twitter:data1\" content=\"1 minute\" \/>\n<script type=\"application\/ld+json\" class=\"yoast-schema-graph\">{\"@context\":\"https:\\\/\\\/schema.org\",\"@graph\":[{\"@type\":\"WebPage\",\"@id\":\"https:\\\/\\\/lda.be\\\/fr\\\/produit\\\/serie-9e-detecteur-de-proximite-magnetique\\\/\",\"url\":\"https:\\\/\\\/lda.be\\\/fr\\\/produit\\\/serie-9e-detecteur-de-proximite-magnetique\\\/\",\"name\":\"S\u00e9rie 9E - d\u00e9tecteur de proximit\u00e9 magn\u00e9tique - LDA Belgique\",\"isPartOf\":{\"@id\":\"https:\\\/\\\/lda.be\\\/fr\\\/#website\"},\"primaryImageOfPage\":{\"@id\":\"https:\\\/\\\/lda.be\\\/fr\\\/produit\\\/serie-9e-detecteur-de-proximite-magnetique\\\/#primaryimage\"},\"image\":{\"@id\":\"https:\\\/\\\/lda.be\\\/fr\\\/produit\\\/serie-9e-detecteur-de-proximite-magnetique\\\/#primaryimage\"},\"thumbnailUrl\":\"https:\\\/\\\/lda.be\\\/wp-content\\\/uploads\\\/2025\\\/07\\\/9E.webp\",\"datePublished\":\"2025-07-14T10:09:15+00:00\",\"dateModified\":\"2025-07-14T10:15:31+00:00\",\"description\":\"Capteur de proximit\u00e9 Canfield 9E pour \u00bc\u2033 queue d'aronde ou cylindres, 5-120 V AC\\\/DC ou 5-28 V DC, PNP\\\/NPN\\\/reed, LED, IP67. LDA Belgique\",\"breadcrumb\":{\"@id\":\"https:\\\/\\\/lda.be\\\/fr\\\/produit\\\/serie-9e-detecteur-de-proximite-magnetique\\\/#breadcrumb\"},\"inLanguage\":\"fr-FR\",\"potentialAction\":[{\"@type\":\"ReadAction\",\"target\":[\"https:\\\/\\\/lda.be\\\/fr\\\/produit\\\/serie-9e-detecteur-de-proximite-magnetique\\\/\"]}]},{\"@type\":\"ImageObject\",\"inLanguage\":\"fr-FR\",\"@id\":\"https:\\\/\\\/lda.be\\\/fr\\\/produit\\\/serie-9e-detecteur-de-proximite-magnetique\\\/#primaryimage\",\"url\":\"https:\\\/\\\/lda.be\\\/wp-content\\\/uploads\\\/2025\\\/07\\\/9E.webp\",\"contentUrl\":\"https:\\\/\\\/lda.be\\\/wp-content\\\/uploads\\\/2025\\\/07\\\/9E.webp\",\"width\":800,\"height\":800,\"caption\":\"Canfield 9e\"},{\"@type\":\"BreadcrumbList\",\"@id\":\"https:\\\/\\\/lda.be\\\/fr\\\/produit\\\/serie-9e-detecteur-de-proximite-magnetique\\\/#breadcrumb\",\"itemListElement\":[{\"@type\":\"ListItem\",\"position\":1,\"name\":\"Accueil\",\"item\":\"https:\\\/\\\/lda.be\\\/fr\\\/\"},{\"@type\":\"ListItem\",\"position\":2,\"name\":\"Produits\",\"item\":\"https:\\\/\\\/lda.be\\\/fr\\\/produits\\\/\"},{\"@type\":\"ListItem\",\"position\":3,\"name\":\"S\u00e9rie 9E &#8211; d\u00e9tecteur de proximit\u00e9 magn\u00e9tique\"}]},{\"@type\":\"WebSite\",\"@id\":\"https:\\\/\\\/lda.be\\\/fr\\\/#website\",\"url\":\"https:\\\/\\\/lda.be\\\/fr\\\/\",\"name\":\"LDA Belgium\",\"description\":\"Solutions For Life\",\"publisher\":{\"@id\":\"https:\\\/\\\/lda.be\\\/fr\\\/#organization\"},\"potentialAction\":[{\"@type\":\"SearchAction\",\"target\":{\"@type\":\"EntryPoint\",\"urlTemplate\":\"https:\\\/\\\/lda.be\\\/fr\\\/?s={search_term_string}\"},\"query-input\":{\"@type\":\"PropertyValueSpecification\",\"valueRequired\":true,\"valueName\":\"search_term_string\"}}],\"inLanguage\":\"fr-FR\"},{\"@type\":\"Organization\",\"@id\":\"https:\\\/\\\/lda.be\\\/fr\\\/#organization\",\"name\":\"LDA Belgium\",\"url\":\"https:\\\/\\\/lda.be\\\/fr\\\/\",\"logo\":{\"@type\":\"ImageObject\",\"inLanguage\":\"fr-FR\",\"@id\":\"https:\\\/\\\/lda.be\\\/fr\\\/#\\\/schema\\\/logo\\\/image\\\/\",\"url\":\"https:\\\/\\\/lda.be\\\/wp-content\\\/uploads\\\/2022\\\/07\\\/Logo-LDA.webp\",\"contentUrl\":\"https:\\\/\\\/lda.be\\\/wp-content\\\/uploads\\\/2022\\\/07\\\/Logo-LDA.webp\",\"width\":311,\"height\":101,\"caption\":\"LDA Belgium\"},\"image\":{\"@id\":\"https:\\\/\\\/lda.be\\\/fr\\\/#\\\/schema\\\/logo\\\/image\\\/\"},\"sameAs\":[\"https:\\\/\\\/www.linkedin.com\\\/company\\\/lda-belgium-nv\"]}]}<\/script>\n<!-- \/ Yoast SEO plugin. -->","yoast_head_json":{"title":"S\u00e9rie 9E - d\u00e9tecteur de proximit\u00e9 magn\u00e9tique - LDA Belgique","description":"Capteur de proximit\u00e9 Canfield 9E pour \u00bc\u2033 queue d'aronde ou cylindres, 5-120 V AC\/DC ou 5-28 V DC, PNP\/NPN\/reed, LED, IP67. LDA Belgique","robots":{"index":"index","follow":"follow","max-snippet":"max-snippet:-1","max-image-preview":"max-image-preview:large","max-video-preview":"max-video-preview:-1"},"canonical":"https:\/\/lda.be\/fr\/produit\/serie-9e-detecteur-de-proximite-magnetique\/","og_locale":"fr_FR","og_type":"article","og_title":"S\u00e9rie 9E - d\u00e9tecteur de proximit\u00e9 magn\u00e9tique - LDA Belgique","og_description":"Capteur de proximit\u00e9 Canfield 9E pour \u00bc\u2033 queue d'aronde ou cylindres, 5-120 V AC\/DC ou 5-28 V DC, PNP\/NPN\/reed, LED, IP67. LDA Belgique","og_url":"https:\/\/lda.be\/fr\/produit\/serie-9e-detecteur-de-proximite-magnetique\/","og_site_name":"LDA Belgique","article_modified_time":"2025-07-14T10:15:31+00:00","og_image":[{"width":800,"height":800,"url":"https:\/\/lda.be\/wp-content\/uploads\/2025\/07\/9E.webp","type":"image\/webp"}],"twitter_card":"summary_large_image","twitter_misc":{"Dur\u00e9e de lecture estim\u00e9e":"1 minute"},"schema":{"@context":"https:\/\/schema.org","@graph":[{"@type":"WebPage","@id":"https:\/\/lda.be\/fr\/produit\/serie-9e-detecteur-de-proximite-magnetique\/","url":"https:\/\/lda.be\/fr\/produit\/serie-9e-detecteur-de-proximite-magnetique\/","name":"S\u00e9rie 9E - d\u00e9tecteur de proximit\u00e9 magn\u00e9tique - LDA Belgique","isPartOf":{"@id":"https:\/\/lda.be\/fr\/#website"},"primaryImageOfPage":{"@id":"https:\/\/lda.be\/fr\/produit\/serie-9e-detecteur-de-proximite-magnetique\/#primaryimage"},"image":{"@id":"https:\/\/lda.be\/fr\/produit\/serie-9e-detecteur-de-proximite-magnetique\/#primaryimage"},"thumbnailUrl":"https:\/\/lda.be\/wp-content\/uploads\/2025\/07\/9E.webp","datePublished":"2025-07-14T10:09:15+00:00","dateModified":"2025-07-14T10:15:31+00:00","description":"Capteur de proximit\u00e9 Canfield 9E pour \u00bc\u2033 queue d'aronde ou cylindres, 5-120 V AC\/DC ou 5-28 V DC, PNP\/NPN\/reed, LED, IP67. LDA Belgique","breadcrumb":{"@id":"https:\/\/lda.be\/fr\/produit\/serie-9e-detecteur-de-proximite-magnetique\/#breadcrumb"},"inLanguage":"fr-FR","potentialAction":[{"@type":"ReadAction","target":["https:\/\/lda.be\/fr\/produit\/serie-9e-detecteur-de-proximite-magnetique\/"]}]},{"@type":"ImageObject","inLanguage":"fr-FR","@id":"https:\/\/lda.be\/fr\/produit\/serie-9e-detecteur-de-proximite-magnetique\/#primaryimage","url":"https:\/\/lda.be\/wp-content\/uploads\/2025\/07\/9E.webp","contentUrl":"https:\/\/lda.be\/wp-content\/uploads\/2025\/07\/9E.webp","width":800,"height":800,"caption":"Canfield 9e"},{"@type":"BreadcrumbList","@id":"https:\/\/lda.be\/fr\/produit\/serie-9e-detecteur-de-proximite-magnetique\/#breadcrumb","itemListElement":[{"@type":"ListItem","position":1,"name":"Accueil","item":"https:\/\/lda.be\/fr\/"},{"@type":"ListItem","position":2,"name":"Produits","item":"https:\/\/lda.be\/fr\/produits\/"},{"@type":"ListItem","position":3,"name":"S\u00e9rie 9E &#8211; d\u00e9tecteur de proximit\u00e9 magn\u00e9tique"}]},{"@type":"WebSite","@id":"https:\/\/lda.be\/fr\/#website","url":"https:\/\/lda.be\/fr\/","name":"LDA Belgium","description":"Solutions For Life","publisher":{"@id":"https:\/\/lda.be\/fr\/#organization"},"potentialAction":[{"@type":"SearchAction","target":{"@type":"EntryPoint","urlTemplate":"https:\/\/lda.be\/fr\/?s={search_term_string}"},"query-input":{"@type":"PropertyValueSpecification","valueRequired":true,"valueName":"search_term_string"}}],"inLanguage":"fr-FR"},{"@type":"Organization","@id":"https:\/\/lda.be\/fr\/#organization","name":"LDA Belgium","url":"https:\/\/lda.be\/fr\/","logo":{"@type":"ImageObject","inLanguage":"fr-FR","@id":"https:\/\/lda.be\/fr\/#\/schema\/logo\/image\/","url":"https:\/\/lda.be\/wp-content\/uploads\/2022\/07\/Logo-LDA.webp","contentUrl":"https:\/\/lda.be\/wp-content\/uploads\/2022\/07\/Logo-LDA.webp","width":311,"height":101,"caption":"LDA Belgium"},"image":{"@id":"https:\/\/lda.be\/fr\/#\/schema\/logo\/image\/"},"sameAs":["https:\/\/www.linkedin.com\/company\/lda-belgium-nv"]}]}},"_links":{"self":[{"href":"https:\/\/lda.be\/fr\/wp-json\/wp\/v2\/product\/9589","targetHints":{"allow":["GET"]}}],"collection":[{"href":"https:\/\/lda.be\/fr\/wp-json\/wp\/v2\/product"}],"about":[{"href":"https:\/\/lda.be\/fr\/wp-json\/wp\/v2\/types\/product"}],"replies":[{"embeddable":true,"href":"https:\/\/lda.be\/fr\/wp-json\/wp\/v2\/comments?post=9589"}],"wp:featuredmedia":[{"embeddable":true,"href":"https:\/\/lda.be\/fr\/wp-json\/wp\/v2\/media\/9583"}],"wp:attachment":[{"href":"https:\/\/lda.be\/fr\/wp-json\/wp\/v2\/media?parent=9589"}],"wp:term":[{"taxonomy":"product_brand","embeddable":true,"href":"https:\/\/lda.be\/fr\/wp-json\/wp\/v2\/product_brand?post=9589"},{"taxonomy":"product_cat","embeddable":true,"href":"https:\/\/lda.be\/fr\/wp-json\/wp\/v2\/product_cat?post=9589"},{"taxonomy":"product_tag","embeddable":true,"href":"https:\/\/lda.be\/fr\/wp-json\/wp\/v2\/product_tag?post=9589"}],"curies":[{"name":"wp","href":"https:\/\/api.w.org\/{rel}","templated":true}]}}