{"id":9598,"date":"2025-07-14T13:34:57","date_gmt":"2025-07-14T12:34:57","guid":{"rendered":"https:\/\/lda.be\/?post_type=product&#038;p=9598"},"modified":"2025-07-14T13:41:53","modified_gmt":"2025-07-14T12:41:53","slug":"serie-9f-detecteur-rainure-en-t","status":"publish","type":"product","link":"https:\/\/lda.be\/fr\/produit\/serie-9f-detecteur-rainure-en-t\/","title":{"rendered":"S\u00e9rie 9F &#8211;  d\u00e9tecteur Rainure en T"},"content":{"rendered":"<p>La s\u00e9rie 9F de Canfield est un d\u00e9tecteur de proximit\u00e9 ultra-compact con\u00e7u pour \u00eatre mont\u00e9 dans une rainure en T de 4 mm de large, largement utilis\u00e9e avec les v\u00e9rins modernes en profil\u00e9 d&#8217;aluminium de marques telles que Festo, Numatics, Fabco et Rotomation. Gr\u00e2ce \u00e0 sa taille compacte, le d\u00e9tecteur s&#8217;int\u00e8gre facilement dans les espaces restreints sans compromettre les performances ou la robustesse.<\/p>\n<p>L&#8217;interrupteur est disponible en version reed ou en mod\u00e8le \u00e9lectronique avec sortie PNP ou NPN. Le commutateur \u00e9lectronique r\u00e9agit \u00e0 partir de 25 Gauss avec une hyst\u00e9r\u00e9sis minimale, tandis que les mod\u00e8les \u00e0 lames prennent en charge une large gamme de tensions allant jusqu&#8217;\u00e0 120 V AC\/DC. Toutes les versions sont dot\u00e9es d&#8217;une LED indiquant l&#8217;\u00e9tat de commutation et sont conformes \u00e0 la norme IP67 pour une utilisation en milieu industriel.<\/p>\n<p>Les options de connexion disponibles comprennent un c\u00e2ble PVC de 9 pieds, un raccord rapide m\u00e2le de 8 mm ou un interrupteur double avec un raccord rapide de 12 mm. La s\u00e9rie 9F est livr\u00e9e avec le mat\u00e9riel de montage et est pr\u00eate \u00e0 \u00eatre install\u00e9e imm\u00e9diatement.<\/p>\n<p>Vous voulez savoir si la s\u00e9rie 9F convient \u00e0 votre cylindre ? Demandez votre devis d\u00e8s aujourd&#8217;hui via LDA Belgium et connectez vos syst\u00e8mes de mani\u00e8re intelligente, rapide et durable.<\/p>\n","protected":false},"excerpt":{"rendered":"<p>La s\u00e9rie 9F de Canfield est un d\u00e9tecteur de proximit\u00e9 ultra-compact con\u00e7u pour \u00eatre mont\u00e9 dans une rainure en T de 4 mm de large, largement utilis\u00e9e avec les v\u00e9rins modernes en profil\u00e9 d&#8217;aluminium de marques telles que Festo, Numatics, Fabco et Rotomation. Gr\u00e2ce \u00e0 sa taille compacte, le d\u00e9tecteur s&#8217;int\u00e8gre facilement dans les espaces [&hellip;]<\/p>\n","protected":false},"featured_media":9596,"comment_status":"closed","ping_status":"closed","template":"","meta":[],"product_brand":[1610],"product_cat":[996,856,1618],"product_tag":[],"class_list":{"0":"post-9598","1":"product","2":"type-product","3":"status-publish","4":"has-post-thumbnail","6":"product_brand-canfield","7":"product_cat-pneumatique","8":"product_cat-verin","9":"product_cat-detecteurs-et-capteurs","11":"first","12":"instock","13":"shipping-taxable","14":"product-type-simple"},"yoast_head":"<!-- This site is optimized with the Yoast SEO plugin v27.3 - https:\/\/yoast.com\/product\/yoast-seo-wordpress\/ -->\n<title>S\u00e9rie 9F - d\u00e9tecteur Rainure en T - LDA Belgique<\/title>\n<meta name=\"description\" content=\"Capteur de proximit\u00e9 Canfield 9F pour rainure en T de 4 mm, reed ou \u00e9lectronique, 5-120 V AC\/DC, LED, IP67, c\u00e2ble de 9 pieds ou pigtail M8\/M12. LDA Belgique\" \/>\n<meta name=\"robots\" content=\"index, follow, max-snippet:-1, max-image-preview:large, max-video-preview:-1\" \/>\n<link rel=\"canonical\" href=\"https:\/\/lda.be\/fr\/produit\/serie-9f-detecteur-rainure-en-t\/\" \/>\n<meta property=\"og:locale\" content=\"fr_FR\" \/>\n<meta property=\"og:type\" content=\"article\" \/>\n<meta property=\"og:title\" content=\"S\u00e9rie 9F - d\u00e9tecteur Rainure en T - LDA Belgique\" \/>\n<meta property=\"og:description\" content=\"Capteur de proximit\u00e9 Canfield 9F pour rainure en T de 4 mm, reed ou \u00e9lectronique, 5-120 V AC\/DC, LED, IP67, c\u00e2ble de 9 pieds ou pigtail M8\/M12. LDA Belgique\" \/>\n<meta property=\"og:url\" content=\"https:\/\/lda.be\/fr\/produit\/serie-9f-detecteur-rainure-en-t\/\" \/>\n<meta property=\"og:site_name\" content=\"LDA Belgique\" \/>\n<meta property=\"article:modified_time\" content=\"2025-07-14T12:41:53+00:00\" \/>\n<meta property=\"og:image\" content=\"https:\/\/lda.be\/wp-content\/uploads\/2025\/07\/9F.webp\" \/>\n\t<meta property=\"og:image:width\" content=\"800\" \/>\n\t<meta property=\"og:image:height\" content=\"800\" \/>\n\t<meta property=\"og:image:type\" content=\"image\/webp\" \/>\n<meta name=\"twitter:card\" content=\"summary_large_image\" \/>\n<meta name=\"twitter:label1\" content=\"Dur\u00e9e de lecture estim\u00e9e\" \/>\n\t<meta name=\"twitter:data1\" content=\"2 minutes\" \/>\n<script type=\"application\/ld+json\" class=\"yoast-schema-graph\">{\"@context\":\"https:\\\/\\\/schema.org\",\"@graph\":[{\"@type\":\"WebPage\",\"@id\":\"https:\\\/\\\/lda.be\\\/fr\\\/produit\\\/serie-9f-detecteur-rainure-en-t\\\/\",\"url\":\"https:\\\/\\\/lda.be\\\/fr\\\/produit\\\/serie-9f-detecteur-rainure-en-t\\\/\",\"name\":\"S\u00e9rie 9F - d\u00e9tecteur Rainure en T - LDA Belgique\",\"isPartOf\":{\"@id\":\"https:\\\/\\\/lda.be\\\/fr\\\/#website\"},\"primaryImageOfPage\":{\"@id\":\"https:\\\/\\\/lda.be\\\/fr\\\/produit\\\/serie-9f-detecteur-rainure-en-t\\\/#primaryimage\"},\"image\":{\"@id\":\"https:\\\/\\\/lda.be\\\/fr\\\/produit\\\/serie-9f-detecteur-rainure-en-t\\\/#primaryimage\"},\"thumbnailUrl\":\"https:\\\/\\\/lda.be\\\/wp-content\\\/uploads\\\/2025\\\/07\\\/9F.webp\",\"datePublished\":\"2025-07-14T12:34:57+00:00\",\"dateModified\":\"2025-07-14T12:41:53+00:00\",\"description\":\"Capteur de proximit\u00e9 Canfield 9F pour rainure en T de 4 mm, reed ou \u00e9lectronique, 5-120 V AC\\\/DC, LED, IP67, c\u00e2ble de 9 pieds ou pigtail M8\\\/M12. LDA Belgique\",\"breadcrumb\":{\"@id\":\"https:\\\/\\\/lda.be\\\/fr\\\/produit\\\/serie-9f-detecteur-rainure-en-t\\\/#breadcrumb\"},\"inLanguage\":\"fr-FR\",\"potentialAction\":[{\"@type\":\"ReadAction\",\"target\":[\"https:\\\/\\\/lda.be\\\/fr\\\/produit\\\/serie-9f-detecteur-rainure-en-t\\\/\"]}]},{\"@type\":\"ImageObject\",\"inLanguage\":\"fr-FR\",\"@id\":\"https:\\\/\\\/lda.be\\\/fr\\\/produit\\\/serie-9f-detecteur-rainure-en-t\\\/#primaryimage\",\"url\":\"https:\\\/\\\/lda.be\\\/wp-content\\\/uploads\\\/2025\\\/07\\\/9F.webp\",\"contentUrl\":\"https:\\\/\\\/lda.be\\\/wp-content\\\/uploads\\\/2025\\\/07\\\/9F.webp\",\"width\":800,\"height\":800,\"caption\":\"9f canfield\"},{\"@type\":\"BreadcrumbList\",\"@id\":\"https:\\\/\\\/lda.be\\\/fr\\\/produit\\\/serie-9f-detecteur-rainure-en-t\\\/#breadcrumb\",\"itemListElement\":[{\"@type\":\"ListItem\",\"position\":1,\"name\":\"Accueil\",\"item\":\"https:\\\/\\\/lda.be\\\/fr\\\/\"},{\"@type\":\"ListItem\",\"position\":2,\"name\":\"Produits\",\"item\":\"https:\\\/\\\/lda.be\\\/fr\\\/produits\\\/\"},{\"@type\":\"ListItem\",\"position\":3,\"name\":\"S\u00e9rie 9F &#8211; d\u00e9tecteur Rainure en T\"}]},{\"@type\":\"WebSite\",\"@id\":\"https:\\\/\\\/lda.be\\\/fr\\\/#website\",\"url\":\"https:\\\/\\\/lda.be\\\/fr\\\/\",\"name\":\"LDA Belgium\",\"description\":\"Solutions For Life\",\"publisher\":{\"@id\":\"https:\\\/\\\/lda.be\\\/fr\\\/#organization\"},\"potentialAction\":[{\"@type\":\"SearchAction\",\"target\":{\"@type\":\"EntryPoint\",\"urlTemplate\":\"https:\\\/\\\/lda.be\\\/fr\\\/?s={search_term_string}\"},\"query-input\":{\"@type\":\"PropertyValueSpecification\",\"valueRequired\":true,\"valueName\":\"search_term_string\"}}],\"inLanguage\":\"fr-FR\"},{\"@type\":\"Organization\",\"@id\":\"https:\\\/\\\/lda.be\\\/fr\\\/#organization\",\"name\":\"LDA Belgium\",\"url\":\"https:\\\/\\\/lda.be\\\/fr\\\/\",\"logo\":{\"@type\":\"ImageObject\",\"inLanguage\":\"fr-FR\",\"@id\":\"https:\\\/\\\/lda.be\\\/fr\\\/#\\\/schema\\\/logo\\\/image\\\/\",\"url\":\"https:\\\/\\\/lda.be\\\/wp-content\\\/uploads\\\/2022\\\/07\\\/Logo-LDA.webp\",\"contentUrl\":\"https:\\\/\\\/lda.be\\\/wp-content\\\/uploads\\\/2022\\\/07\\\/Logo-LDA.webp\",\"width\":311,\"height\":101,\"caption\":\"LDA Belgium\"},\"image\":{\"@id\":\"https:\\\/\\\/lda.be\\\/fr\\\/#\\\/schema\\\/logo\\\/image\\\/\"},\"sameAs\":[\"https:\\\/\\\/www.linkedin.com\\\/company\\\/lda-belgium-nv\"]}]}<\/script>\n<!-- \/ Yoast SEO plugin. -->","yoast_head_json":{"title":"S\u00e9rie 9F - d\u00e9tecteur Rainure en T - LDA Belgique","description":"Capteur de proximit\u00e9 Canfield 9F pour rainure en T de 4 mm, reed ou \u00e9lectronique, 5-120 V AC\/DC, LED, IP67, c\u00e2ble de 9 pieds ou pigtail M8\/M12. LDA Belgique","robots":{"index":"index","follow":"follow","max-snippet":"max-snippet:-1","max-image-preview":"max-image-preview:large","max-video-preview":"max-video-preview:-1"},"canonical":"https:\/\/lda.be\/fr\/produit\/serie-9f-detecteur-rainure-en-t\/","og_locale":"fr_FR","og_type":"article","og_title":"S\u00e9rie 9F - d\u00e9tecteur Rainure en T - LDA Belgique","og_description":"Capteur de proximit\u00e9 Canfield 9F pour rainure en T de 4 mm, reed ou \u00e9lectronique, 5-120 V AC\/DC, LED, IP67, c\u00e2ble de 9 pieds ou pigtail M8\/M12. LDA Belgique","og_url":"https:\/\/lda.be\/fr\/produit\/serie-9f-detecteur-rainure-en-t\/","og_site_name":"LDA Belgique","article_modified_time":"2025-07-14T12:41:53+00:00","og_image":[{"width":800,"height":800,"url":"https:\/\/lda.be\/wp-content\/uploads\/2025\/07\/9F.webp","type":"image\/webp"}],"twitter_card":"summary_large_image","twitter_misc":{"Dur\u00e9e de lecture estim\u00e9e":"2 minutes"},"schema":{"@context":"https:\/\/schema.org","@graph":[{"@type":"WebPage","@id":"https:\/\/lda.be\/fr\/produit\/serie-9f-detecteur-rainure-en-t\/","url":"https:\/\/lda.be\/fr\/produit\/serie-9f-detecteur-rainure-en-t\/","name":"S\u00e9rie 9F - d\u00e9tecteur Rainure en T - LDA Belgique","isPartOf":{"@id":"https:\/\/lda.be\/fr\/#website"},"primaryImageOfPage":{"@id":"https:\/\/lda.be\/fr\/produit\/serie-9f-detecteur-rainure-en-t\/#primaryimage"},"image":{"@id":"https:\/\/lda.be\/fr\/produit\/serie-9f-detecteur-rainure-en-t\/#primaryimage"},"thumbnailUrl":"https:\/\/lda.be\/wp-content\/uploads\/2025\/07\/9F.webp","datePublished":"2025-07-14T12:34:57+00:00","dateModified":"2025-07-14T12:41:53+00:00","description":"Capteur de proximit\u00e9 Canfield 9F pour rainure en T de 4 mm, reed ou \u00e9lectronique, 5-120 V AC\/DC, LED, IP67, c\u00e2ble de 9 pieds ou pigtail M8\/M12. LDA Belgique","breadcrumb":{"@id":"https:\/\/lda.be\/fr\/produit\/serie-9f-detecteur-rainure-en-t\/#breadcrumb"},"inLanguage":"fr-FR","potentialAction":[{"@type":"ReadAction","target":["https:\/\/lda.be\/fr\/produit\/serie-9f-detecteur-rainure-en-t\/"]}]},{"@type":"ImageObject","inLanguage":"fr-FR","@id":"https:\/\/lda.be\/fr\/produit\/serie-9f-detecteur-rainure-en-t\/#primaryimage","url":"https:\/\/lda.be\/wp-content\/uploads\/2025\/07\/9F.webp","contentUrl":"https:\/\/lda.be\/wp-content\/uploads\/2025\/07\/9F.webp","width":800,"height":800,"caption":"9f canfield"},{"@type":"BreadcrumbList","@id":"https:\/\/lda.be\/fr\/produit\/serie-9f-detecteur-rainure-en-t\/#breadcrumb","itemListElement":[{"@type":"ListItem","position":1,"name":"Accueil","item":"https:\/\/lda.be\/fr\/"},{"@type":"ListItem","position":2,"name":"Produits","item":"https:\/\/lda.be\/fr\/produits\/"},{"@type":"ListItem","position":3,"name":"S\u00e9rie 9F &#8211; d\u00e9tecteur Rainure en T"}]},{"@type":"WebSite","@id":"https:\/\/lda.be\/fr\/#website","url":"https:\/\/lda.be\/fr\/","name":"LDA Belgium","description":"Solutions For Life","publisher":{"@id":"https:\/\/lda.be\/fr\/#organization"},"potentialAction":[{"@type":"SearchAction","target":{"@type":"EntryPoint","urlTemplate":"https:\/\/lda.be\/fr\/?s={search_term_string}"},"query-input":{"@type":"PropertyValueSpecification","valueRequired":true,"valueName":"search_term_string"}}],"inLanguage":"fr-FR"},{"@type":"Organization","@id":"https:\/\/lda.be\/fr\/#organization","name":"LDA Belgium","url":"https:\/\/lda.be\/fr\/","logo":{"@type":"ImageObject","inLanguage":"fr-FR","@id":"https:\/\/lda.be\/fr\/#\/schema\/logo\/image\/","url":"https:\/\/lda.be\/wp-content\/uploads\/2022\/07\/Logo-LDA.webp","contentUrl":"https:\/\/lda.be\/wp-content\/uploads\/2022\/07\/Logo-LDA.webp","width":311,"height":101,"caption":"LDA Belgium"},"image":{"@id":"https:\/\/lda.be\/fr\/#\/schema\/logo\/image\/"},"sameAs":["https:\/\/www.linkedin.com\/company\/lda-belgium-nv"]}]}},"_links":{"self":[{"href":"https:\/\/lda.be\/fr\/wp-json\/wp\/v2\/product\/9598","targetHints":{"allow":["GET"]}}],"collection":[{"href":"https:\/\/lda.be\/fr\/wp-json\/wp\/v2\/product"}],"about":[{"href":"https:\/\/lda.be\/fr\/wp-json\/wp\/v2\/types\/product"}],"replies":[{"embeddable":true,"href":"https:\/\/lda.be\/fr\/wp-json\/wp\/v2\/comments?post=9598"}],"wp:featuredmedia":[{"embeddable":true,"href":"https:\/\/lda.be\/fr\/wp-json\/wp\/v2\/media\/9596"}],"wp:attachment":[{"href":"https:\/\/lda.be\/fr\/wp-json\/wp\/v2\/media?parent=9598"}],"wp:term":[{"taxonomy":"product_brand","embeddable":true,"href":"https:\/\/lda.be\/fr\/wp-json\/wp\/v2\/product_brand?post=9598"},{"taxonomy":"product_cat","embeddable":true,"href":"https:\/\/lda.be\/fr\/wp-json\/wp\/v2\/product_cat?post=9598"},{"taxonomy":"product_tag","embeddable":true,"href":"https:\/\/lda.be\/fr\/wp-json\/wp\/v2\/product_tag?post=9598"}],"curies":[{"name":"wp","href":"https:\/\/api.w.org\/{rel}","templated":true}]}}