{"id":9607,"date":"2025-07-14T14:09:24","date_gmt":"2025-07-14T13:09:24","guid":{"rendered":"https:\/\/lda.be\/?post_type=product&#038;p=9607"},"modified":"2025-07-14T14:39:16","modified_gmt":"2025-07-14T13:39:16","slug":"serie-9h-detecteur-rainure-en-t-4x4","status":"publish","type":"product","link":"https:\/\/lda.be\/fr\/produit\/serie-9h-detecteur-rainure-en-t-4x4\/","title":{"rendered":"S\u00e9rie 9H &#8211; d\u00e9tecteur rainure en T (4&#215;4)"},"content":{"rendered":"<p>La s\u00e9rie 9H de Canfield est un d\u00e9tecteur de proximit\u00e9 qui s&#8217;ins\u00e8re dans une rainure carr\u00e9e de 4\u00d74 mm des actionneurs lin\u00e9aires de type extrusion d&#8217;aluminium. Ce d\u00e9tecteur est id\u00e9al pour les applications n\u00e9cessitant une d\u00e9tection fiable de la position. Le 9H est disponible en versions reed et \u00e9lectronique, avec un raccord rapide m\u00e2le de 8 mm ou un interrupteur double avec un raccord de 12 mm.<\/p>\n<p>Les versions \u00e9lectroniques ont une sensibilit\u00e9 \u00e9lev\u00e9e de 40 Gauss et un temps de r\u00e9ponse rapide avec une hyst\u00e9r\u00e9sis minimale. Les mod\u00e8les \u00e0 lames offrent une large plage de tension allant jusqu&#8217;\u00e0 120 V AC\/DC et conviennent aux entr\u00e9es PLC. Chaque interrupteur est dot\u00e9 d&#8217;un voyant LED qui indique clairement l&#8217;\u00e9tat de l&#8217;interrupteur sous de nombreux angles de vue.<\/p>\n<p>Le bo\u00eetier est fabriqu\u00e9 en PBT et TPU et est con\u00e7u pour une protection IP67 \/ NEMA 6. L&#8217;interrupteur est livr\u00e9 avec le mat\u00e9riel de montage et est pr\u00eat \u00e0 \u00eatre install\u00e9 directement dans la rainure. Il est compatible avec les v\u00e9rins de Festo, Numatics et Rotomation, entre autres.<\/p>\n<p>Vous voulez savoir si la s\u00e9rie 9H convient \u00e0 votre v\u00e9rin en profil\u00e9 d&#8217;aluminium ? Demandez d\u00e8s aujourd&#8217;hui un devis \u00e0 LDA Belgium<\/p>\n","protected":false},"excerpt":{"rendered":"<p>La s\u00e9rie 9H de Canfield est un d\u00e9tecteur de proximit\u00e9 qui s&#8217;ins\u00e8re dans une rainure carr\u00e9e de 4\u00d74 mm des actionneurs lin\u00e9aires de type extrusion d&#8217;aluminium. Ce d\u00e9tecteur est id\u00e9al pour les applications n\u00e9cessitant une d\u00e9tection fiable de la position. Le 9H est disponible en versions reed et \u00e9lectronique, avec un raccord rapide m\u00e2le de [&hellip;]<\/p>\n","protected":false},"featured_media":9602,"comment_status":"closed","ping_status":"closed","template":"","meta":[],"product_brand":[1610],"product_cat":[996,856,1618],"product_tag":[],"class_list":{"0":"post-9607","1":"product","2":"type-product","3":"status-publish","4":"has-post-thumbnail","6":"product_brand-canfield","7":"product_cat-pneumatique","8":"product_cat-verin","9":"product_cat-detecteurs-et-capteurs","11":"first","12":"instock","13":"shipping-taxable","14":"product-type-simple"},"yoast_head":"<!-- This site is optimized with the Yoast SEO plugin v27.3 - https:\/\/yoast.com\/product\/yoast-seo-wordpress\/ -->\n<title>S\u00e9rie 9H - d\u00e9tecteur rainure en T (4x4) - LDA Belgique<\/title>\n<meta name=\"description\" content=\"Capteur Canfield 9H pour rainure en T 4\u00d74 mm dans les actionneurs alu, reed ou \u00e9lectronique, 5-120 V, LED, IP67, c\u00e2ble ou pigtail M8\/M12. LDA Belgique\" \/>\n<meta name=\"robots\" content=\"index, follow, max-snippet:-1, max-image-preview:large, max-video-preview:-1\" \/>\n<link rel=\"canonical\" href=\"https:\/\/lda.be\/fr\/produit\/serie-9h-detecteur-rainure-en-t-4x4\/\" \/>\n<meta property=\"og:locale\" content=\"fr_FR\" \/>\n<meta property=\"og:type\" content=\"article\" \/>\n<meta property=\"og:title\" content=\"S\u00e9rie 9H - d\u00e9tecteur rainure en T (4x4) - LDA Belgique\" \/>\n<meta property=\"og:description\" content=\"Capteur Canfield 9H pour rainure en T 4\u00d74 mm dans les actionneurs alu, reed ou \u00e9lectronique, 5-120 V, LED, IP67, c\u00e2ble ou pigtail M8\/M12. LDA Belgique\" \/>\n<meta property=\"og:url\" content=\"https:\/\/lda.be\/fr\/produit\/serie-9h-detecteur-rainure-en-t-4x4\/\" \/>\n<meta property=\"og:site_name\" content=\"LDA Belgique\" \/>\n<meta property=\"article:modified_time\" content=\"2025-07-14T13:39:16+00:00\" \/>\n<meta property=\"og:image\" content=\"https:\/\/lda.be\/wp-content\/uploads\/2025\/07\/9H.webp\" \/>\n\t<meta property=\"og:image:width\" content=\"800\" \/>\n\t<meta property=\"og:image:height\" content=\"800\" \/>\n\t<meta property=\"og:image:type\" content=\"image\/webp\" \/>\n<meta name=\"twitter:card\" content=\"summary_large_image\" \/>\n<meta name=\"twitter:label1\" content=\"Dur\u00e9e de lecture estim\u00e9e\" \/>\n\t<meta name=\"twitter:data1\" content=\"1 minute\" \/>\n<script type=\"application\/ld+json\" class=\"yoast-schema-graph\">{\"@context\":\"https:\\\/\\\/schema.org\",\"@graph\":[{\"@type\":\"WebPage\",\"@id\":\"https:\\\/\\\/lda.be\\\/fr\\\/produit\\\/serie-9h-detecteur-rainure-en-t-4x4\\\/\",\"url\":\"https:\\\/\\\/lda.be\\\/fr\\\/produit\\\/serie-9h-detecteur-rainure-en-t-4x4\\\/\",\"name\":\"S\u00e9rie 9H - d\u00e9tecteur rainure en T (4x4) - LDA Belgique\",\"isPartOf\":{\"@id\":\"https:\\\/\\\/lda.be\\\/fr\\\/#website\"},\"primaryImageOfPage\":{\"@id\":\"https:\\\/\\\/lda.be\\\/fr\\\/produit\\\/serie-9h-detecteur-rainure-en-t-4x4\\\/#primaryimage\"},\"image\":{\"@id\":\"https:\\\/\\\/lda.be\\\/fr\\\/produit\\\/serie-9h-detecteur-rainure-en-t-4x4\\\/#primaryimage\"},\"thumbnailUrl\":\"https:\\\/\\\/lda.be\\\/wp-content\\\/uploads\\\/2025\\\/07\\\/9H.webp\",\"datePublished\":\"2025-07-14T13:09:24+00:00\",\"dateModified\":\"2025-07-14T13:39:16+00:00\",\"description\":\"Capteur Canfield 9H pour rainure en T 4\u00d74 mm dans les actionneurs alu, reed ou \u00e9lectronique, 5-120 V, LED, IP67, c\u00e2ble ou pigtail M8\\\/M12. LDA Belgique\",\"breadcrumb\":{\"@id\":\"https:\\\/\\\/lda.be\\\/fr\\\/produit\\\/serie-9h-detecteur-rainure-en-t-4x4\\\/#breadcrumb\"},\"inLanguage\":\"fr-FR\",\"potentialAction\":[{\"@type\":\"ReadAction\",\"target\":[\"https:\\\/\\\/lda.be\\\/fr\\\/produit\\\/serie-9h-detecteur-rainure-en-t-4x4\\\/\"]}]},{\"@type\":\"ImageObject\",\"inLanguage\":\"fr-FR\",\"@id\":\"https:\\\/\\\/lda.be\\\/fr\\\/produit\\\/serie-9h-detecteur-rainure-en-t-4x4\\\/#primaryimage\",\"url\":\"https:\\\/\\\/lda.be\\\/wp-content\\\/uploads\\\/2025\\\/07\\\/9H.webp\",\"contentUrl\":\"https:\\\/\\\/lda.be\\\/wp-content\\\/uploads\\\/2025\\\/07\\\/9H.webp\",\"width\":800,\"height\":800,\"caption\":\"9h canfield switch\"},{\"@type\":\"BreadcrumbList\",\"@id\":\"https:\\\/\\\/lda.be\\\/fr\\\/produit\\\/serie-9h-detecteur-rainure-en-t-4x4\\\/#breadcrumb\",\"itemListElement\":[{\"@type\":\"ListItem\",\"position\":1,\"name\":\"Accueil\",\"item\":\"https:\\\/\\\/lda.be\\\/fr\\\/\"},{\"@type\":\"ListItem\",\"position\":2,\"name\":\"Produits\",\"item\":\"https:\\\/\\\/lda.be\\\/fr\\\/produits\\\/\"},{\"@type\":\"ListItem\",\"position\":3,\"name\":\"S\u00e9rie 9H &#8211; d\u00e9tecteur rainure en T (4&#215;4)\"}]},{\"@type\":\"WebSite\",\"@id\":\"https:\\\/\\\/lda.be\\\/fr\\\/#website\",\"url\":\"https:\\\/\\\/lda.be\\\/fr\\\/\",\"name\":\"LDA Belgium\",\"description\":\"Solutions For Life\",\"publisher\":{\"@id\":\"https:\\\/\\\/lda.be\\\/fr\\\/#organization\"},\"potentialAction\":[{\"@type\":\"SearchAction\",\"target\":{\"@type\":\"EntryPoint\",\"urlTemplate\":\"https:\\\/\\\/lda.be\\\/fr\\\/?s={search_term_string}\"},\"query-input\":{\"@type\":\"PropertyValueSpecification\",\"valueRequired\":true,\"valueName\":\"search_term_string\"}}],\"inLanguage\":\"fr-FR\"},{\"@type\":\"Organization\",\"@id\":\"https:\\\/\\\/lda.be\\\/fr\\\/#organization\",\"name\":\"LDA Belgium\",\"url\":\"https:\\\/\\\/lda.be\\\/fr\\\/\",\"logo\":{\"@type\":\"ImageObject\",\"inLanguage\":\"fr-FR\",\"@id\":\"https:\\\/\\\/lda.be\\\/fr\\\/#\\\/schema\\\/logo\\\/image\\\/\",\"url\":\"https:\\\/\\\/lda.be\\\/wp-content\\\/uploads\\\/2022\\\/07\\\/Logo-LDA.webp\",\"contentUrl\":\"https:\\\/\\\/lda.be\\\/wp-content\\\/uploads\\\/2022\\\/07\\\/Logo-LDA.webp\",\"width\":311,\"height\":101,\"caption\":\"LDA Belgium\"},\"image\":{\"@id\":\"https:\\\/\\\/lda.be\\\/fr\\\/#\\\/schema\\\/logo\\\/image\\\/\"},\"sameAs\":[\"https:\\\/\\\/www.linkedin.com\\\/company\\\/lda-belgium-nv\"]}]}<\/script>\n<!-- \/ Yoast SEO plugin. -->","yoast_head_json":{"title":"S\u00e9rie 9H - d\u00e9tecteur rainure en T (4x4) - LDA Belgique","description":"Capteur Canfield 9H pour rainure en T 4\u00d74 mm dans les actionneurs alu, reed ou \u00e9lectronique, 5-120 V, LED, IP67, c\u00e2ble ou pigtail M8\/M12. LDA Belgique","robots":{"index":"index","follow":"follow","max-snippet":"max-snippet:-1","max-image-preview":"max-image-preview:large","max-video-preview":"max-video-preview:-1"},"canonical":"https:\/\/lda.be\/fr\/produit\/serie-9h-detecteur-rainure-en-t-4x4\/","og_locale":"fr_FR","og_type":"article","og_title":"S\u00e9rie 9H - d\u00e9tecteur rainure en T (4x4) - LDA Belgique","og_description":"Capteur Canfield 9H pour rainure en T 4\u00d74 mm dans les actionneurs alu, reed ou \u00e9lectronique, 5-120 V, LED, IP67, c\u00e2ble ou pigtail M8\/M12. LDA Belgique","og_url":"https:\/\/lda.be\/fr\/produit\/serie-9h-detecteur-rainure-en-t-4x4\/","og_site_name":"LDA Belgique","article_modified_time":"2025-07-14T13:39:16+00:00","og_image":[{"width":800,"height":800,"url":"https:\/\/lda.be\/wp-content\/uploads\/2025\/07\/9H.webp","type":"image\/webp"}],"twitter_card":"summary_large_image","twitter_misc":{"Dur\u00e9e de lecture estim\u00e9e":"1 minute"},"schema":{"@context":"https:\/\/schema.org","@graph":[{"@type":"WebPage","@id":"https:\/\/lda.be\/fr\/produit\/serie-9h-detecteur-rainure-en-t-4x4\/","url":"https:\/\/lda.be\/fr\/produit\/serie-9h-detecteur-rainure-en-t-4x4\/","name":"S\u00e9rie 9H - d\u00e9tecteur rainure en T (4x4) - LDA Belgique","isPartOf":{"@id":"https:\/\/lda.be\/fr\/#website"},"primaryImageOfPage":{"@id":"https:\/\/lda.be\/fr\/produit\/serie-9h-detecteur-rainure-en-t-4x4\/#primaryimage"},"image":{"@id":"https:\/\/lda.be\/fr\/produit\/serie-9h-detecteur-rainure-en-t-4x4\/#primaryimage"},"thumbnailUrl":"https:\/\/lda.be\/wp-content\/uploads\/2025\/07\/9H.webp","datePublished":"2025-07-14T13:09:24+00:00","dateModified":"2025-07-14T13:39:16+00:00","description":"Capteur Canfield 9H pour rainure en T 4\u00d74 mm dans les actionneurs alu, reed ou \u00e9lectronique, 5-120 V, LED, IP67, c\u00e2ble ou pigtail M8\/M12. LDA Belgique","breadcrumb":{"@id":"https:\/\/lda.be\/fr\/produit\/serie-9h-detecteur-rainure-en-t-4x4\/#breadcrumb"},"inLanguage":"fr-FR","potentialAction":[{"@type":"ReadAction","target":["https:\/\/lda.be\/fr\/produit\/serie-9h-detecteur-rainure-en-t-4x4\/"]}]},{"@type":"ImageObject","inLanguage":"fr-FR","@id":"https:\/\/lda.be\/fr\/produit\/serie-9h-detecteur-rainure-en-t-4x4\/#primaryimage","url":"https:\/\/lda.be\/wp-content\/uploads\/2025\/07\/9H.webp","contentUrl":"https:\/\/lda.be\/wp-content\/uploads\/2025\/07\/9H.webp","width":800,"height":800,"caption":"9h canfield switch"},{"@type":"BreadcrumbList","@id":"https:\/\/lda.be\/fr\/produit\/serie-9h-detecteur-rainure-en-t-4x4\/#breadcrumb","itemListElement":[{"@type":"ListItem","position":1,"name":"Accueil","item":"https:\/\/lda.be\/fr\/"},{"@type":"ListItem","position":2,"name":"Produits","item":"https:\/\/lda.be\/fr\/produits\/"},{"@type":"ListItem","position":3,"name":"S\u00e9rie 9H &#8211; d\u00e9tecteur rainure en T (4&#215;4)"}]},{"@type":"WebSite","@id":"https:\/\/lda.be\/fr\/#website","url":"https:\/\/lda.be\/fr\/","name":"LDA Belgium","description":"Solutions For Life","publisher":{"@id":"https:\/\/lda.be\/fr\/#organization"},"potentialAction":[{"@type":"SearchAction","target":{"@type":"EntryPoint","urlTemplate":"https:\/\/lda.be\/fr\/?s={search_term_string}"},"query-input":{"@type":"PropertyValueSpecification","valueRequired":true,"valueName":"search_term_string"}}],"inLanguage":"fr-FR"},{"@type":"Organization","@id":"https:\/\/lda.be\/fr\/#organization","name":"LDA Belgium","url":"https:\/\/lda.be\/fr\/","logo":{"@type":"ImageObject","inLanguage":"fr-FR","@id":"https:\/\/lda.be\/fr\/#\/schema\/logo\/image\/","url":"https:\/\/lda.be\/wp-content\/uploads\/2022\/07\/Logo-LDA.webp","contentUrl":"https:\/\/lda.be\/wp-content\/uploads\/2022\/07\/Logo-LDA.webp","width":311,"height":101,"caption":"LDA Belgium"},"image":{"@id":"https:\/\/lda.be\/fr\/#\/schema\/logo\/image\/"},"sameAs":["https:\/\/www.linkedin.com\/company\/lda-belgium-nv"]}]}},"_links":{"self":[{"href":"https:\/\/lda.be\/fr\/wp-json\/wp\/v2\/product\/9607","targetHints":{"allow":["GET"]}}],"collection":[{"href":"https:\/\/lda.be\/fr\/wp-json\/wp\/v2\/product"}],"about":[{"href":"https:\/\/lda.be\/fr\/wp-json\/wp\/v2\/types\/product"}],"replies":[{"embeddable":true,"href":"https:\/\/lda.be\/fr\/wp-json\/wp\/v2\/comments?post=9607"}],"wp:featuredmedia":[{"embeddable":true,"href":"https:\/\/lda.be\/fr\/wp-json\/wp\/v2\/media\/9602"}],"wp:attachment":[{"href":"https:\/\/lda.be\/fr\/wp-json\/wp\/v2\/media?parent=9607"}],"wp:term":[{"taxonomy":"product_brand","embeddable":true,"href":"https:\/\/lda.be\/fr\/wp-json\/wp\/v2\/product_brand?post=9607"},{"taxonomy":"product_cat","embeddable":true,"href":"https:\/\/lda.be\/fr\/wp-json\/wp\/v2\/product_cat?post=9607"},{"taxonomy":"product_tag","embeddable":true,"href":"https:\/\/lda.be\/fr\/wp-json\/wp\/v2\/product_tag?post=9607"}],"curies":[{"name":"wp","href":"https:\/\/api.w.org\/{rel}","templated":true}]}}