{"id":9619,"date":"2025-07-14T15:08:18","date_gmt":"2025-07-14T14:08:18","guid":{"rendered":"https:\/\/lda.be\/?post_type=product&#038;p=9619"},"modified":"2025-07-14T15:24:35","modified_gmt":"2025-07-14T14:24:35","slug":"serie-9k-detecteur-pour-rainure-en-u","status":"publish","type":"product","link":"https:\/\/lda.be\/fr\/produit\/serie-9k-detecteur-pour-rainure-en-u\/","title":{"rendered":"S\u00e9rie 9K &#8211; D\u00e9tecteur pour rainure en U"},"content":{"rendered":"<p>La s\u00e9rie 9K de Canfield est un d\u00e9tecteur de proximit\u00e9 compact con\u00e7u sp\u00e9cialement pour \u00eatre mont\u00e9 dans une rainure en U de 4,2 mm de large des actionneurs lin\u00e9aires de type extrusion d&#8217;aluminium. Cette rainure se trouve g\u00e9n\u00e9ralement dans les cylindres de marques telles que Mindman et Koganei. Gr\u00e2ce \u00e0 son design fin, le commutateur s&#8217;ins\u00e8re parfaitement dans la rainure, sans pi\u00e8ces de montage externes ni installation complexe.<\/p>\n<p>La s\u00e9rie 9K est disponible en version reed ou \u00e9lectronique. Chaque version est dot\u00e9e d&#8217;une indication par LED. La variante reed fonctionne jusqu&#8217;\u00e0 120 V AC\/DC et comporte une limitation de tension interne, tandis que les mod\u00e8les \u00e9lectroniques PNP et NPN r\u00e9pondent \u00e0 partir de 40 Gauss avec une hyst\u00e9r\u00e9sis minimale. Tous les interrupteurs sont enti\u00e8rement scell\u00e9s IP67 et offrent un fonctionnement fiable dans les environnements industriels humides et poussi\u00e9reux.<\/p>\n<p>Vous voulez savoir si la s\u00e9rie 9K convient \u00e0 votre profil en U ? Demandez votre devis d\u00e8s aujourd&#8217;hui via LDA Belgium et connectez votre solution de d\u00e9tection avec pr\u00e9cision et facilit\u00e9.<\/p>\n","protected":false},"excerpt":{"rendered":"<p>La s\u00e9rie 9K de Canfield est un d\u00e9tecteur de proximit\u00e9 compact con\u00e7u sp\u00e9cialement pour \u00eatre mont\u00e9 dans une rainure en U de 4,2 mm de large des actionneurs lin\u00e9aires de type extrusion d&#8217;aluminium. Cette rainure se trouve g\u00e9n\u00e9ralement dans les cylindres de marques telles que Mindman et Koganei. Gr\u00e2ce \u00e0 son design fin, le commutateur [&hellip;]<\/p>\n","protected":false},"featured_media":9612,"comment_status":"closed","ping_status":"closed","template":"","meta":[],"product_brand":[1610],"product_cat":[996,856,1618],"product_tag":[],"class_list":{"0":"post-9619","1":"product","2":"type-product","3":"status-publish","4":"has-post-thumbnail","6":"product_brand-canfield","7":"product_cat-pneumatique","8":"product_cat-verin","9":"product_cat-detecteurs-et-capteurs","11":"first","12":"instock","13":"shipping-taxable","14":"product-type-simple"},"yoast_head":"<!-- This site is optimized with the Yoast SEO plugin v27.3 - https:\/\/yoast.com\/product\/yoast-seo-wordpress\/ -->\n<title>S\u00e9rie 9K - D\u00e9tecteur pour rainure en U - LDA Belgique<\/title>\n<meta name=\"description\" content=\"Capteur de proximit\u00e9 Canfield 9K pour rainure en U de 4,2 mm (Mindman, Koganei), reed ou \u00e9lectronique, LED, 5-120 V, IP67. LDA Belgique\" \/>\n<meta name=\"robots\" content=\"index, follow, max-snippet:-1, max-image-preview:large, max-video-preview:-1\" \/>\n<link rel=\"canonical\" href=\"https:\/\/lda.be\/fr\/produit\/serie-9k-detecteur-pour-rainure-en-u\/\" \/>\n<meta property=\"og:locale\" content=\"fr_FR\" \/>\n<meta property=\"og:type\" content=\"article\" \/>\n<meta property=\"og:title\" content=\"S\u00e9rie 9K - D\u00e9tecteur pour rainure en U - LDA Belgique\" \/>\n<meta property=\"og:description\" content=\"Capteur de proximit\u00e9 Canfield 9K pour rainure en U de 4,2 mm (Mindman, Koganei), reed ou \u00e9lectronique, LED, 5-120 V, IP67. LDA Belgique\" \/>\n<meta property=\"og:url\" content=\"https:\/\/lda.be\/fr\/produit\/serie-9k-detecteur-pour-rainure-en-u\/\" \/>\n<meta property=\"og:site_name\" content=\"LDA Belgique\" \/>\n<meta property=\"article:modified_time\" content=\"2025-07-14T14:24:35+00:00\" \/>\n<meta property=\"og:image\" content=\"https:\/\/lda.be\/wp-content\/uploads\/2025\/07\/9K.webp\" \/>\n\t<meta property=\"og:image:width\" content=\"800\" \/>\n\t<meta property=\"og:image:height\" content=\"800\" \/>\n\t<meta property=\"og:image:type\" content=\"image\/webp\" \/>\n<meta name=\"twitter:card\" content=\"summary_large_image\" \/>\n<meta name=\"twitter:label1\" content=\"Dur\u00e9e de lecture estim\u00e9e\" \/>\n\t<meta name=\"twitter:data1\" content=\"1 minute\" \/>\n<script type=\"application\/ld+json\" class=\"yoast-schema-graph\">{\"@context\":\"https:\\\/\\\/schema.org\",\"@graph\":[{\"@type\":\"WebPage\",\"@id\":\"https:\\\/\\\/lda.be\\\/fr\\\/produit\\\/serie-9k-detecteur-pour-rainure-en-u\\\/\",\"url\":\"https:\\\/\\\/lda.be\\\/fr\\\/produit\\\/serie-9k-detecteur-pour-rainure-en-u\\\/\",\"name\":\"S\u00e9rie 9K - D\u00e9tecteur pour rainure en U - LDA Belgique\",\"isPartOf\":{\"@id\":\"https:\\\/\\\/lda.be\\\/fr\\\/#website\"},\"primaryImageOfPage\":{\"@id\":\"https:\\\/\\\/lda.be\\\/fr\\\/produit\\\/serie-9k-detecteur-pour-rainure-en-u\\\/#primaryimage\"},\"image\":{\"@id\":\"https:\\\/\\\/lda.be\\\/fr\\\/produit\\\/serie-9k-detecteur-pour-rainure-en-u\\\/#primaryimage\"},\"thumbnailUrl\":\"https:\\\/\\\/lda.be\\\/wp-content\\\/uploads\\\/2025\\\/07\\\/9K.webp\",\"datePublished\":\"2025-07-14T14:08:18+00:00\",\"dateModified\":\"2025-07-14T14:24:35+00:00\",\"description\":\"Capteur de proximit\u00e9 Canfield 9K pour rainure en U de 4,2 mm (Mindman, Koganei), reed ou \u00e9lectronique, LED, 5-120 V, IP67. LDA Belgique\",\"breadcrumb\":{\"@id\":\"https:\\\/\\\/lda.be\\\/fr\\\/produit\\\/serie-9k-detecteur-pour-rainure-en-u\\\/#breadcrumb\"},\"inLanguage\":\"fr-FR\",\"potentialAction\":[{\"@type\":\"ReadAction\",\"target\":[\"https:\\\/\\\/lda.be\\\/fr\\\/produit\\\/serie-9k-detecteur-pour-rainure-en-u\\\/\"]}]},{\"@type\":\"ImageObject\",\"inLanguage\":\"fr-FR\",\"@id\":\"https:\\\/\\\/lda.be\\\/fr\\\/produit\\\/serie-9k-detecteur-pour-rainure-en-u\\\/#primaryimage\",\"url\":\"https:\\\/\\\/lda.be\\\/wp-content\\\/uploads\\\/2025\\\/07\\\/9K.webp\",\"contentUrl\":\"https:\\\/\\\/lda.be\\\/wp-content\\\/uploads\\\/2025\\\/07\\\/9K.webp\",\"width\":800,\"height\":800,\"caption\":\"canfield 9K schakelaar\"},{\"@type\":\"BreadcrumbList\",\"@id\":\"https:\\\/\\\/lda.be\\\/fr\\\/produit\\\/serie-9k-detecteur-pour-rainure-en-u\\\/#breadcrumb\",\"itemListElement\":[{\"@type\":\"ListItem\",\"position\":1,\"name\":\"Accueil\",\"item\":\"https:\\\/\\\/lda.be\\\/fr\\\/\"},{\"@type\":\"ListItem\",\"position\":2,\"name\":\"Produits\",\"item\":\"https:\\\/\\\/lda.be\\\/fr\\\/produits\\\/\"},{\"@type\":\"ListItem\",\"position\":3,\"name\":\"S\u00e9rie 9K &#8211; D\u00e9tecteur pour rainure en U\"}]},{\"@type\":\"WebSite\",\"@id\":\"https:\\\/\\\/lda.be\\\/fr\\\/#website\",\"url\":\"https:\\\/\\\/lda.be\\\/fr\\\/\",\"name\":\"LDA Belgium\",\"description\":\"Solutions For Life\",\"publisher\":{\"@id\":\"https:\\\/\\\/lda.be\\\/fr\\\/#organization\"},\"potentialAction\":[{\"@type\":\"SearchAction\",\"target\":{\"@type\":\"EntryPoint\",\"urlTemplate\":\"https:\\\/\\\/lda.be\\\/fr\\\/?s={search_term_string}\"},\"query-input\":{\"@type\":\"PropertyValueSpecification\",\"valueRequired\":true,\"valueName\":\"search_term_string\"}}],\"inLanguage\":\"fr-FR\"},{\"@type\":\"Organization\",\"@id\":\"https:\\\/\\\/lda.be\\\/fr\\\/#organization\",\"name\":\"LDA Belgium\",\"url\":\"https:\\\/\\\/lda.be\\\/fr\\\/\",\"logo\":{\"@type\":\"ImageObject\",\"inLanguage\":\"fr-FR\",\"@id\":\"https:\\\/\\\/lda.be\\\/fr\\\/#\\\/schema\\\/logo\\\/image\\\/\",\"url\":\"https:\\\/\\\/lda.be\\\/wp-content\\\/uploads\\\/2022\\\/07\\\/Logo-LDA.webp\",\"contentUrl\":\"https:\\\/\\\/lda.be\\\/wp-content\\\/uploads\\\/2022\\\/07\\\/Logo-LDA.webp\",\"width\":311,\"height\":101,\"caption\":\"LDA Belgium\"},\"image\":{\"@id\":\"https:\\\/\\\/lda.be\\\/fr\\\/#\\\/schema\\\/logo\\\/image\\\/\"},\"sameAs\":[\"https:\\\/\\\/www.linkedin.com\\\/company\\\/lda-belgium-nv\"]}]}<\/script>\n<!-- \/ Yoast SEO plugin. -->","yoast_head_json":{"title":"S\u00e9rie 9K - D\u00e9tecteur pour rainure en U - LDA Belgique","description":"Capteur de proximit\u00e9 Canfield 9K pour rainure en U de 4,2 mm (Mindman, Koganei), reed ou \u00e9lectronique, LED, 5-120 V, IP67. LDA Belgique","robots":{"index":"index","follow":"follow","max-snippet":"max-snippet:-1","max-image-preview":"max-image-preview:large","max-video-preview":"max-video-preview:-1"},"canonical":"https:\/\/lda.be\/fr\/produit\/serie-9k-detecteur-pour-rainure-en-u\/","og_locale":"fr_FR","og_type":"article","og_title":"S\u00e9rie 9K - D\u00e9tecteur pour rainure en U - LDA Belgique","og_description":"Capteur de proximit\u00e9 Canfield 9K pour rainure en U de 4,2 mm (Mindman, Koganei), reed ou \u00e9lectronique, LED, 5-120 V, IP67. LDA Belgique","og_url":"https:\/\/lda.be\/fr\/produit\/serie-9k-detecteur-pour-rainure-en-u\/","og_site_name":"LDA Belgique","article_modified_time":"2025-07-14T14:24:35+00:00","og_image":[{"width":800,"height":800,"url":"https:\/\/lda.be\/wp-content\/uploads\/2025\/07\/9K.webp","type":"image\/webp"}],"twitter_card":"summary_large_image","twitter_misc":{"Dur\u00e9e de lecture estim\u00e9e":"1 minute"},"schema":{"@context":"https:\/\/schema.org","@graph":[{"@type":"WebPage","@id":"https:\/\/lda.be\/fr\/produit\/serie-9k-detecteur-pour-rainure-en-u\/","url":"https:\/\/lda.be\/fr\/produit\/serie-9k-detecteur-pour-rainure-en-u\/","name":"S\u00e9rie 9K - D\u00e9tecteur pour rainure en U - LDA Belgique","isPartOf":{"@id":"https:\/\/lda.be\/fr\/#website"},"primaryImageOfPage":{"@id":"https:\/\/lda.be\/fr\/produit\/serie-9k-detecteur-pour-rainure-en-u\/#primaryimage"},"image":{"@id":"https:\/\/lda.be\/fr\/produit\/serie-9k-detecteur-pour-rainure-en-u\/#primaryimage"},"thumbnailUrl":"https:\/\/lda.be\/wp-content\/uploads\/2025\/07\/9K.webp","datePublished":"2025-07-14T14:08:18+00:00","dateModified":"2025-07-14T14:24:35+00:00","description":"Capteur de proximit\u00e9 Canfield 9K pour rainure en U de 4,2 mm (Mindman, Koganei), reed ou \u00e9lectronique, LED, 5-120 V, IP67. LDA Belgique","breadcrumb":{"@id":"https:\/\/lda.be\/fr\/produit\/serie-9k-detecteur-pour-rainure-en-u\/#breadcrumb"},"inLanguage":"fr-FR","potentialAction":[{"@type":"ReadAction","target":["https:\/\/lda.be\/fr\/produit\/serie-9k-detecteur-pour-rainure-en-u\/"]}]},{"@type":"ImageObject","inLanguage":"fr-FR","@id":"https:\/\/lda.be\/fr\/produit\/serie-9k-detecteur-pour-rainure-en-u\/#primaryimage","url":"https:\/\/lda.be\/wp-content\/uploads\/2025\/07\/9K.webp","contentUrl":"https:\/\/lda.be\/wp-content\/uploads\/2025\/07\/9K.webp","width":800,"height":800,"caption":"canfield 9K schakelaar"},{"@type":"BreadcrumbList","@id":"https:\/\/lda.be\/fr\/produit\/serie-9k-detecteur-pour-rainure-en-u\/#breadcrumb","itemListElement":[{"@type":"ListItem","position":1,"name":"Accueil","item":"https:\/\/lda.be\/fr\/"},{"@type":"ListItem","position":2,"name":"Produits","item":"https:\/\/lda.be\/fr\/produits\/"},{"@type":"ListItem","position":3,"name":"S\u00e9rie 9K &#8211; D\u00e9tecteur pour rainure en U"}]},{"@type":"WebSite","@id":"https:\/\/lda.be\/fr\/#website","url":"https:\/\/lda.be\/fr\/","name":"LDA Belgium","description":"Solutions For Life","publisher":{"@id":"https:\/\/lda.be\/fr\/#organization"},"potentialAction":[{"@type":"SearchAction","target":{"@type":"EntryPoint","urlTemplate":"https:\/\/lda.be\/fr\/?s={search_term_string}"},"query-input":{"@type":"PropertyValueSpecification","valueRequired":true,"valueName":"search_term_string"}}],"inLanguage":"fr-FR"},{"@type":"Organization","@id":"https:\/\/lda.be\/fr\/#organization","name":"LDA Belgium","url":"https:\/\/lda.be\/fr\/","logo":{"@type":"ImageObject","inLanguage":"fr-FR","@id":"https:\/\/lda.be\/fr\/#\/schema\/logo\/image\/","url":"https:\/\/lda.be\/wp-content\/uploads\/2022\/07\/Logo-LDA.webp","contentUrl":"https:\/\/lda.be\/wp-content\/uploads\/2022\/07\/Logo-LDA.webp","width":311,"height":101,"caption":"LDA Belgium"},"image":{"@id":"https:\/\/lda.be\/fr\/#\/schema\/logo\/image\/"},"sameAs":["https:\/\/www.linkedin.com\/company\/lda-belgium-nv"]}]}},"_links":{"self":[{"href":"https:\/\/lda.be\/fr\/wp-json\/wp\/v2\/product\/9619","targetHints":{"allow":["GET"]}}],"collection":[{"href":"https:\/\/lda.be\/fr\/wp-json\/wp\/v2\/product"}],"about":[{"href":"https:\/\/lda.be\/fr\/wp-json\/wp\/v2\/types\/product"}],"replies":[{"embeddable":true,"href":"https:\/\/lda.be\/fr\/wp-json\/wp\/v2\/comments?post=9619"}],"wp:featuredmedia":[{"embeddable":true,"href":"https:\/\/lda.be\/fr\/wp-json\/wp\/v2\/media\/9612"}],"wp:attachment":[{"href":"https:\/\/lda.be\/fr\/wp-json\/wp\/v2\/media?parent=9619"}],"wp:term":[{"taxonomy":"product_brand","embeddable":true,"href":"https:\/\/lda.be\/fr\/wp-json\/wp\/v2\/product_brand?post=9619"},{"taxonomy":"product_cat","embeddable":true,"href":"https:\/\/lda.be\/fr\/wp-json\/wp\/v2\/product_cat?post=9619"},{"taxonomy":"product_tag","embeddable":true,"href":"https:\/\/lda.be\/fr\/wp-json\/wp\/v2\/product_tag?post=9619"}],"curies":[{"name":"wp","href":"https:\/\/api.w.org\/{rel}","templated":true}]}}