{"id":9630,"date":"2025-07-15T09:44:32","date_gmt":"2025-07-15T08:44:32","guid":{"rendered":"https:\/\/lda.be\/?post_type=product&#038;p=9630"},"modified":"2025-07-15T09:57:21","modified_gmt":"2025-07-15T08:57:21","slug":"serie-9m50-detecteur-pour-rainure-en-d","status":"publish","type":"product","link":"https:\/\/lda.be\/fr\/produit\/serie-9m50-detecteur-pour-rainure-en-d\/","title":{"rendered":"S\u00e9rie 9M50 &#8211; D\u00e9tecteur pour rainure en D"},"content":{"rendered":"<p>La s\u00e9rie 9M50 de Canfield est un petit d\u00e9tecteur de proximit\u00e9 destin\u00e9 \u00e0 \u00eatre mont\u00e9 dans les rainures en D de 6,5 mm de large utilis\u00e9es dans les actionneurs lin\u00e9aires de Norgren et d&#8217;autres fabricants. Gr\u00e2ce \u00e0 sa conception intelligente, le d\u00e9tecteur est gliss\u00e9 le long de la rainure, tourn\u00e9 et fix\u00e9 sans d\u00e9passer du profil\u00e9. L&#8217;interrupteur se trouve au m\u00eame niveau que le cylindre, ce qui garantit un montage soign\u00e9, prot\u00e9g\u00e9 et peu encombrant.<\/p>\n<p>L&#8217;interrupteur est disponible avec la technologie Reed ou comme mod\u00e8le \u00e9lectronique (PNP ou NPN), chacun avec une indication LED. Les versions \u00e0 lames supportent des tensions allant jusqu&#8217;\u00e0 120 V AC\/DC, tandis que les variantes \u00e9lectroniques sont plus sensibles (25 Gauss) et r\u00e9agissent avec une hyst\u00e9r\u00e9sis minimale. Le bo\u00eetier enti\u00e8rement en polyur\u00e9thane offre une protection IP67 contre l&#8217;eau et la poussi\u00e8re.<\/p>\n<p>Vous voulez savoir si le 9M50 convient \u00e0 votre rainure en D ? Demandez d\u00e8s aujourd&#8217;hui un devis \u00e0 LDA Belgium et am\u00e9liorez l&#8217;automatisation de vos cylindres avec cette solution intelligente<\/p>\n<p>Compatibilit\u00e9 avec les rainures : rainure D de 6,5 mm (par ex. Norgren)<\/p>\n","protected":false},"excerpt":{"rendered":"<p>La s\u00e9rie 9M50 de Canfield est un petit d\u00e9tecteur de proximit\u00e9 destin\u00e9 \u00e0 \u00eatre mont\u00e9 dans les rainures en D de 6,5 mm de large utilis\u00e9es dans les actionneurs lin\u00e9aires de Norgren et d&#8217;autres fabricants. Gr\u00e2ce \u00e0 sa conception intelligente, le d\u00e9tecteur est gliss\u00e9 le long de la rainure, tourn\u00e9 et fix\u00e9 sans d\u00e9passer du [&hellip;]<\/p>\n","protected":false},"featured_media":9628,"comment_status":"closed","ping_status":"closed","template":"","meta":[],"product_brand":[1610],"product_cat":[996,856,1618],"product_tag":[],"class_list":{"0":"post-9630","1":"product","2":"type-product","3":"status-publish","4":"has-post-thumbnail","6":"product_brand-canfield","7":"product_cat-pneumatique","8":"product_cat-verin","9":"product_cat-detecteurs-et-capteurs","11":"first","12":"instock","13":"shipping-taxable","14":"product-type-simple"},"yoast_head":"<!-- This site is optimized with the Yoast SEO plugin v27.3 - https:\/\/yoast.com\/product\/yoast-seo-wordpress\/ -->\n<title>S\u00e9rie 9M50 - D\u00e9tecteur pour rainure en D - LDA Belgique<\/title>\n<meta name=\"description\" content=\"S\u00e9rie 9M50 d\u00e9tecteur pour rainure en D de 6,5 mm (Norgren), reed ou \u00e9lectronique, LED, 5-120 V AC\/DC ou 5-28 V DC, IP67, encastr\u00e9. LDA Belgique\" \/>\n<meta name=\"robots\" content=\"index, follow, max-snippet:-1, max-image-preview:large, max-video-preview:-1\" \/>\n<link rel=\"canonical\" href=\"https:\/\/lda.be\/fr\/produit\/serie-9m50-detecteur-pour-rainure-en-d\/\" \/>\n<meta property=\"og:locale\" content=\"fr_FR\" \/>\n<meta property=\"og:type\" content=\"article\" \/>\n<meta property=\"og:title\" content=\"S\u00e9rie 9M50 - D\u00e9tecteur pour rainure en D - LDA Belgique\" \/>\n<meta property=\"og:description\" content=\"S\u00e9rie 9M50 d\u00e9tecteur pour rainure en D de 6,5 mm (Norgren), reed ou \u00e9lectronique, LED, 5-120 V AC\/DC ou 5-28 V DC, IP67, encastr\u00e9. LDA Belgique\" \/>\n<meta property=\"og:url\" content=\"https:\/\/lda.be\/fr\/produit\/serie-9m50-detecteur-pour-rainure-en-d\/\" \/>\n<meta property=\"og:site_name\" content=\"LDA Belgique\" \/>\n<meta property=\"article:modified_time\" content=\"2025-07-15T08:57:21+00:00\" \/>\n<meta property=\"og:image\" content=\"https:\/\/lda.be\/wp-content\/uploads\/2025\/07\/9M50-1.webp\" \/>\n\t<meta property=\"og:image:width\" content=\"800\" \/>\n\t<meta property=\"og:image:height\" content=\"800\" \/>\n\t<meta property=\"og:image:type\" content=\"image\/webp\" \/>\n<meta name=\"twitter:card\" content=\"summary_large_image\" \/>\n<meta name=\"twitter:label1\" content=\"Dur\u00e9e de lecture estim\u00e9e\" \/>\n\t<meta name=\"twitter:data1\" content=\"2 minutes\" \/>\n<script type=\"application\/ld+json\" class=\"yoast-schema-graph\">{\"@context\":\"https:\\\/\\\/schema.org\",\"@graph\":[{\"@type\":\"WebPage\",\"@id\":\"https:\\\/\\\/lda.be\\\/fr\\\/produit\\\/serie-9m50-detecteur-pour-rainure-en-d\\\/\",\"url\":\"https:\\\/\\\/lda.be\\\/fr\\\/produit\\\/serie-9m50-detecteur-pour-rainure-en-d\\\/\",\"name\":\"S\u00e9rie 9M50 - D\u00e9tecteur pour rainure en D - LDA Belgique\",\"isPartOf\":{\"@id\":\"https:\\\/\\\/lda.be\\\/fr\\\/#website\"},\"primaryImageOfPage\":{\"@id\":\"https:\\\/\\\/lda.be\\\/fr\\\/produit\\\/serie-9m50-detecteur-pour-rainure-en-d\\\/#primaryimage\"},\"image\":{\"@id\":\"https:\\\/\\\/lda.be\\\/fr\\\/produit\\\/serie-9m50-detecteur-pour-rainure-en-d\\\/#primaryimage\"},\"thumbnailUrl\":\"https:\\\/\\\/lda.be\\\/wp-content\\\/uploads\\\/2025\\\/07\\\/9M50-1.webp\",\"datePublished\":\"2025-07-15T08:44:32+00:00\",\"dateModified\":\"2025-07-15T08:57:21+00:00\",\"description\":\"S\u00e9rie 9M50 d\u00e9tecteur pour rainure en D de 6,5 mm (Norgren), reed ou \u00e9lectronique, LED, 5-120 V AC\\\/DC ou 5-28 V DC, IP67, encastr\u00e9. LDA Belgique\",\"breadcrumb\":{\"@id\":\"https:\\\/\\\/lda.be\\\/fr\\\/produit\\\/serie-9m50-detecteur-pour-rainure-en-d\\\/#breadcrumb\"},\"inLanguage\":\"fr-FR\",\"potentialAction\":[{\"@type\":\"ReadAction\",\"target\":[\"https:\\\/\\\/lda.be\\\/fr\\\/produit\\\/serie-9m50-detecteur-pour-rainure-en-d\\\/\"]}]},{\"@type\":\"ImageObject\",\"inLanguage\":\"fr-FR\",\"@id\":\"https:\\\/\\\/lda.be\\\/fr\\\/produit\\\/serie-9m50-detecteur-pour-rainure-en-d\\\/#primaryimage\",\"url\":\"https:\\\/\\\/lda.be\\\/wp-content\\\/uploads\\\/2025\\\/07\\\/9M50-1.webp\",\"contentUrl\":\"https:\\\/\\\/lda.be\\\/wp-content\\\/uploads\\\/2025\\\/07\\\/9M50-1.webp\",\"width\":800,\"height\":800,\"caption\":\"9M50 canfield switch\"},{\"@type\":\"BreadcrumbList\",\"@id\":\"https:\\\/\\\/lda.be\\\/fr\\\/produit\\\/serie-9m50-detecteur-pour-rainure-en-d\\\/#breadcrumb\",\"itemListElement\":[{\"@type\":\"ListItem\",\"position\":1,\"name\":\"Accueil\",\"item\":\"https:\\\/\\\/lda.be\\\/fr\\\/\"},{\"@type\":\"ListItem\",\"position\":2,\"name\":\"Produits\",\"item\":\"https:\\\/\\\/lda.be\\\/fr\\\/produits\\\/\"},{\"@type\":\"ListItem\",\"position\":3,\"name\":\"S\u00e9rie 9M50 &#8211; D\u00e9tecteur pour rainure en D\"}]},{\"@type\":\"WebSite\",\"@id\":\"https:\\\/\\\/lda.be\\\/fr\\\/#website\",\"url\":\"https:\\\/\\\/lda.be\\\/fr\\\/\",\"name\":\"LDA Belgium\",\"description\":\"Solutions For Life\",\"publisher\":{\"@id\":\"https:\\\/\\\/lda.be\\\/fr\\\/#organization\"},\"potentialAction\":[{\"@type\":\"SearchAction\",\"target\":{\"@type\":\"EntryPoint\",\"urlTemplate\":\"https:\\\/\\\/lda.be\\\/fr\\\/?s={search_term_string}\"},\"query-input\":{\"@type\":\"PropertyValueSpecification\",\"valueRequired\":true,\"valueName\":\"search_term_string\"}}],\"inLanguage\":\"fr-FR\"},{\"@type\":\"Organization\",\"@id\":\"https:\\\/\\\/lda.be\\\/fr\\\/#organization\",\"name\":\"LDA Belgium\",\"url\":\"https:\\\/\\\/lda.be\\\/fr\\\/\",\"logo\":{\"@type\":\"ImageObject\",\"inLanguage\":\"fr-FR\",\"@id\":\"https:\\\/\\\/lda.be\\\/fr\\\/#\\\/schema\\\/logo\\\/image\\\/\",\"url\":\"https:\\\/\\\/lda.be\\\/wp-content\\\/uploads\\\/2022\\\/07\\\/Logo-LDA.webp\",\"contentUrl\":\"https:\\\/\\\/lda.be\\\/wp-content\\\/uploads\\\/2022\\\/07\\\/Logo-LDA.webp\",\"width\":311,\"height\":101,\"caption\":\"LDA Belgium\"},\"image\":{\"@id\":\"https:\\\/\\\/lda.be\\\/fr\\\/#\\\/schema\\\/logo\\\/image\\\/\"},\"sameAs\":[\"https:\\\/\\\/www.linkedin.com\\\/company\\\/lda-belgium-nv\"]}]}<\/script>\n<!-- \/ Yoast SEO plugin. -->","yoast_head_json":{"title":"S\u00e9rie 9M50 - D\u00e9tecteur pour rainure en D - LDA Belgique","description":"S\u00e9rie 9M50 d\u00e9tecteur pour rainure en D de 6,5 mm (Norgren), reed ou \u00e9lectronique, LED, 5-120 V AC\/DC ou 5-28 V DC, IP67, encastr\u00e9. LDA Belgique","robots":{"index":"index","follow":"follow","max-snippet":"max-snippet:-1","max-image-preview":"max-image-preview:large","max-video-preview":"max-video-preview:-1"},"canonical":"https:\/\/lda.be\/fr\/produit\/serie-9m50-detecteur-pour-rainure-en-d\/","og_locale":"fr_FR","og_type":"article","og_title":"S\u00e9rie 9M50 - D\u00e9tecteur pour rainure en D - LDA Belgique","og_description":"S\u00e9rie 9M50 d\u00e9tecteur pour rainure en D de 6,5 mm (Norgren), reed ou \u00e9lectronique, LED, 5-120 V AC\/DC ou 5-28 V DC, IP67, encastr\u00e9. LDA Belgique","og_url":"https:\/\/lda.be\/fr\/produit\/serie-9m50-detecteur-pour-rainure-en-d\/","og_site_name":"LDA Belgique","article_modified_time":"2025-07-15T08:57:21+00:00","og_image":[{"width":800,"height":800,"url":"https:\/\/lda.be\/wp-content\/uploads\/2025\/07\/9M50-1.webp","type":"image\/webp"}],"twitter_card":"summary_large_image","twitter_misc":{"Dur\u00e9e de lecture estim\u00e9e":"2 minutes"},"schema":{"@context":"https:\/\/schema.org","@graph":[{"@type":"WebPage","@id":"https:\/\/lda.be\/fr\/produit\/serie-9m50-detecteur-pour-rainure-en-d\/","url":"https:\/\/lda.be\/fr\/produit\/serie-9m50-detecteur-pour-rainure-en-d\/","name":"S\u00e9rie 9M50 - D\u00e9tecteur pour rainure en D - LDA Belgique","isPartOf":{"@id":"https:\/\/lda.be\/fr\/#website"},"primaryImageOfPage":{"@id":"https:\/\/lda.be\/fr\/produit\/serie-9m50-detecteur-pour-rainure-en-d\/#primaryimage"},"image":{"@id":"https:\/\/lda.be\/fr\/produit\/serie-9m50-detecteur-pour-rainure-en-d\/#primaryimage"},"thumbnailUrl":"https:\/\/lda.be\/wp-content\/uploads\/2025\/07\/9M50-1.webp","datePublished":"2025-07-15T08:44:32+00:00","dateModified":"2025-07-15T08:57:21+00:00","description":"S\u00e9rie 9M50 d\u00e9tecteur pour rainure en D de 6,5 mm (Norgren), reed ou \u00e9lectronique, LED, 5-120 V AC\/DC ou 5-28 V DC, IP67, encastr\u00e9. LDA Belgique","breadcrumb":{"@id":"https:\/\/lda.be\/fr\/produit\/serie-9m50-detecteur-pour-rainure-en-d\/#breadcrumb"},"inLanguage":"fr-FR","potentialAction":[{"@type":"ReadAction","target":["https:\/\/lda.be\/fr\/produit\/serie-9m50-detecteur-pour-rainure-en-d\/"]}]},{"@type":"ImageObject","inLanguage":"fr-FR","@id":"https:\/\/lda.be\/fr\/produit\/serie-9m50-detecteur-pour-rainure-en-d\/#primaryimage","url":"https:\/\/lda.be\/wp-content\/uploads\/2025\/07\/9M50-1.webp","contentUrl":"https:\/\/lda.be\/wp-content\/uploads\/2025\/07\/9M50-1.webp","width":800,"height":800,"caption":"9M50 canfield switch"},{"@type":"BreadcrumbList","@id":"https:\/\/lda.be\/fr\/produit\/serie-9m50-detecteur-pour-rainure-en-d\/#breadcrumb","itemListElement":[{"@type":"ListItem","position":1,"name":"Accueil","item":"https:\/\/lda.be\/fr\/"},{"@type":"ListItem","position":2,"name":"Produits","item":"https:\/\/lda.be\/fr\/produits\/"},{"@type":"ListItem","position":3,"name":"S\u00e9rie 9M50 &#8211; D\u00e9tecteur pour rainure en D"}]},{"@type":"WebSite","@id":"https:\/\/lda.be\/fr\/#website","url":"https:\/\/lda.be\/fr\/","name":"LDA Belgium","description":"Solutions For Life","publisher":{"@id":"https:\/\/lda.be\/fr\/#organization"},"potentialAction":[{"@type":"SearchAction","target":{"@type":"EntryPoint","urlTemplate":"https:\/\/lda.be\/fr\/?s={search_term_string}"},"query-input":{"@type":"PropertyValueSpecification","valueRequired":true,"valueName":"search_term_string"}}],"inLanguage":"fr-FR"},{"@type":"Organization","@id":"https:\/\/lda.be\/fr\/#organization","name":"LDA Belgium","url":"https:\/\/lda.be\/fr\/","logo":{"@type":"ImageObject","inLanguage":"fr-FR","@id":"https:\/\/lda.be\/fr\/#\/schema\/logo\/image\/","url":"https:\/\/lda.be\/wp-content\/uploads\/2022\/07\/Logo-LDA.webp","contentUrl":"https:\/\/lda.be\/wp-content\/uploads\/2022\/07\/Logo-LDA.webp","width":311,"height":101,"caption":"LDA Belgium"},"image":{"@id":"https:\/\/lda.be\/fr\/#\/schema\/logo\/image\/"},"sameAs":["https:\/\/www.linkedin.com\/company\/lda-belgium-nv"]}]}},"_links":{"self":[{"href":"https:\/\/lda.be\/fr\/wp-json\/wp\/v2\/product\/9630","targetHints":{"allow":["GET"]}}],"collection":[{"href":"https:\/\/lda.be\/fr\/wp-json\/wp\/v2\/product"}],"about":[{"href":"https:\/\/lda.be\/fr\/wp-json\/wp\/v2\/types\/product"}],"replies":[{"embeddable":true,"href":"https:\/\/lda.be\/fr\/wp-json\/wp\/v2\/comments?post=9630"}],"wp:featuredmedia":[{"embeddable":true,"href":"https:\/\/lda.be\/fr\/wp-json\/wp\/v2\/media\/9628"}],"wp:attachment":[{"href":"https:\/\/lda.be\/fr\/wp-json\/wp\/v2\/media?parent=9630"}],"wp:term":[{"taxonomy":"product_brand","embeddable":true,"href":"https:\/\/lda.be\/fr\/wp-json\/wp\/v2\/product_brand?post=9630"},{"taxonomy":"product_cat","embeddable":true,"href":"https:\/\/lda.be\/fr\/wp-json\/wp\/v2\/product_cat?post=9630"},{"taxonomy":"product_tag","embeddable":true,"href":"https:\/\/lda.be\/fr\/wp-json\/wp\/v2\/product_tag?post=9630"}],"curies":[{"name":"wp","href":"https:\/\/api.w.org\/{rel}","templated":true}]}}