{"id":9642,"date":"2025-07-15T11:06:58","date_gmt":"2025-07-15T10:06:58","guid":{"rendered":"https:\/\/lda.be\/?post_type=product&#038;p=9642"},"modified":"2025-07-15T11:20:49","modified_gmt":"2025-07-15T10:20:49","slug":"serie-9q-detecteur-pour-rainure-en-t","status":"publish","type":"product","link":"https:\/\/lda.be\/fr\/produit\/serie-9q-detecteur-pour-rainure-en-t\/","title":{"rendered":"S\u00e9rie 9Q &#8211; d\u00e9tecteur pour rainure en T"},"content":{"rendered":"<p>La s\u00e9rie 9Q de Canfield est un d\u00e9tecteur de proximit\u00e9 robuste con\u00e7u pour un montage facile dans les rainures en T des cylindres en profil\u00e9 d&#8217;aluminium, sans d\u00e9montage du capuchon d&#8217;extr\u00e9mit\u00e9. Gr\u00e2ce \u00e0 un m\u00e9canisme d&#8217;insertion et de verrouillage astucieux, le capteur est solidement positionn\u00e9 contre le profil\u00e9 du cylindre. Il est id\u00e9al pour les v\u00e9rins de Parker, Fabco, Festo, Numatics et Rotomation, entre autres.<\/p>\n<p>Le 9Q est disponible en tant que contact Reed ou avec d\u00e9tection \u00e9lectronique (PNP ou NPN), chacun \u00e9tant \u00e9quip\u00e9 d&#8217;une LED haute visibilit\u00e9 pour une v\u00e9rification rapide de l&#8217;\u00e9tat. Les versions Reed commutent jusqu&#8217;\u00e0 120 V AC\/DC tandis que les types \u00e9lectroniques r\u00e9pondent \u00e0 partir de 25 Gauss avec une hyst\u00e9r\u00e9sis minimale. Le capteur est enti\u00e8rement moul\u00e9 en polyur\u00e9thane avec un bo\u00eetier en nylon dur pour une r\u00e9sistance optimale aux chocs, aux vibrations et \u00e0 l&#8217;humidit\u00e9.<\/p>\n<p>Vous voulez savoir si le 9Q convient \u00e0 votre cylindre ? Demandez votre devis d\u00e8s aujourd&#8217;hui via LDA Belgium et optez pour une solution de capteur compacte, durable et sans souci.<\/p>\n","protected":false},"excerpt":{"rendered":"<p>La s\u00e9rie 9Q de Canfield est un d\u00e9tecteur de proximit\u00e9 robuste con\u00e7u pour un montage facile dans les rainures en T des cylindres en profil\u00e9 d&#8217;aluminium, sans d\u00e9montage du capuchon d&#8217;extr\u00e9mit\u00e9. Gr\u00e2ce \u00e0 un m\u00e9canisme d&#8217;insertion et de verrouillage astucieux, le capteur est solidement positionn\u00e9 contre le profil\u00e9 du cylindre. Il est id\u00e9al pour les [&hellip;]<\/p>\n","protected":false},"featured_media":9640,"comment_status":"closed","ping_status":"closed","template":"","meta":[],"product_brand":[1610],"product_cat":[996,856,1618],"product_tag":[],"class_list":{"0":"post-9642","1":"product","2":"type-product","3":"status-publish","4":"has-post-thumbnail","6":"product_brand-canfield","7":"product_cat-pneumatique","8":"product_cat-verin","9":"product_cat-detecteurs-et-capteurs","11":"first","12":"instock","13":"shipping-taxable","14":"product-type-simple"},"yoast_head":"<!-- This site is optimized with the Yoast SEO plugin v27.3 - https:\/\/yoast.com\/product\/yoast-seo-wordpress\/ -->\n<title>S\u00e9rie 9Q - d\u00e9tecteur pour rainure en T - LDA Belgique<\/title>\n<meta name=\"description\" content=\"d\u00e9tecteur Canfield 9Q pour rainure en T (Festo, Parker, Fabco), reed ou \u00e9lectronique, LED, 5-120 V AC\/DC ou 5-28 V DC, IP67. LDA Belgique\" \/>\n<meta name=\"robots\" content=\"index, follow, max-snippet:-1, max-image-preview:large, max-video-preview:-1\" \/>\n<link rel=\"canonical\" href=\"https:\/\/lda.be\/fr\/produit\/serie-9q-detecteur-pour-rainure-en-t\/\" \/>\n<meta property=\"og:locale\" content=\"fr_FR\" \/>\n<meta property=\"og:type\" content=\"article\" \/>\n<meta property=\"og:title\" content=\"S\u00e9rie 9Q - d\u00e9tecteur pour rainure en T - LDA Belgique\" \/>\n<meta property=\"og:description\" content=\"d\u00e9tecteur Canfield 9Q pour rainure en T (Festo, Parker, Fabco), reed ou \u00e9lectronique, LED, 5-120 V AC\/DC ou 5-28 V DC, IP67. LDA Belgique\" \/>\n<meta property=\"og:url\" content=\"https:\/\/lda.be\/fr\/produit\/serie-9q-detecteur-pour-rainure-en-t\/\" \/>\n<meta property=\"og:site_name\" content=\"LDA Belgique\" \/>\n<meta property=\"article:modified_time\" content=\"2025-07-15T10:20:49+00:00\" \/>\n<meta property=\"og:image\" content=\"https:\/\/lda.be\/wp-content\/uploads\/2025\/07\/9Q.webp\" \/>\n\t<meta property=\"og:image:width\" content=\"800\" \/>\n\t<meta property=\"og:image:height\" content=\"800\" \/>\n\t<meta property=\"og:image:type\" content=\"image\/webp\" \/>\n<meta name=\"twitter:card\" content=\"summary_large_image\" \/>\n<meta name=\"twitter:label1\" content=\"Dur\u00e9e de lecture estim\u00e9e\" \/>\n\t<meta name=\"twitter:data1\" content=\"1 minute\" \/>\n<script type=\"application\/ld+json\" class=\"yoast-schema-graph\">{\"@context\":\"https:\\\/\\\/schema.org\",\"@graph\":[{\"@type\":\"WebPage\",\"@id\":\"https:\\\/\\\/lda.be\\\/fr\\\/produit\\\/serie-9q-detecteur-pour-rainure-en-t\\\/\",\"url\":\"https:\\\/\\\/lda.be\\\/fr\\\/produit\\\/serie-9q-detecteur-pour-rainure-en-t\\\/\",\"name\":\"S\u00e9rie 9Q - d\u00e9tecteur pour rainure en T - LDA Belgique\",\"isPartOf\":{\"@id\":\"https:\\\/\\\/lda.be\\\/fr\\\/#website\"},\"primaryImageOfPage\":{\"@id\":\"https:\\\/\\\/lda.be\\\/fr\\\/produit\\\/serie-9q-detecteur-pour-rainure-en-t\\\/#primaryimage\"},\"image\":{\"@id\":\"https:\\\/\\\/lda.be\\\/fr\\\/produit\\\/serie-9q-detecteur-pour-rainure-en-t\\\/#primaryimage\"},\"thumbnailUrl\":\"https:\\\/\\\/lda.be\\\/wp-content\\\/uploads\\\/2025\\\/07\\\/9Q.webp\",\"datePublished\":\"2025-07-15T10:06:58+00:00\",\"dateModified\":\"2025-07-15T10:20:49+00:00\",\"description\":\"d\u00e9tecteur Canfield 9Q pour rainure en T (Festo, Parker, Fabco), reed ou \u00e9lectronique, LED, 5-120 V AC\\\/DC ou 5-28 V DC, IP67. LDA Belgique\",\"breadcrumb\":{\"@id\":\"https:\\\/\\\/lda.be\\\/fr\\\/produit\\\/serie-9q-detecteur-pour-rainure-en-t\\\/#breadcrumb\"},\"inLanguage\":\"fr-FR\",\"potentialAction\":[{\"@type\":\"ReadAction\",\"target\":[\"https:\\\/\\\/lda.be\\\/fr\\\/produit\\\/serie-9q-detecteur-pour-rainure-en-t\\\/\"]}]},{\"@type\":\"ImageObject\",\"inLanguage\":\"fr-FR\",\"@id\":\"https:\\\/\\\/lda.be\\\/fr\\\/produit\\\/serie-9q-detecteur-pour-rainure-en-t\\\/#primaryimage\",\"url\":\"https:\\\/\\\/lda.be\\\/wp-content\\\/uploads\\\/2025\\\/07\\\/9Q.webp\",\"contentUrl\":\"https:\\\/\\\/lda.be\\\/wp-content\\\/uploads\\\/2025\\\/07\\\/9Q.webp\",\"width\":800,\"height\":800,\"caption\":\"9Q canfield schakelaar\"},{\"@type\":\"BreadcrumbList\",\"@id\":\"https:\\\/\\\/lda.be\\\/fr\\\/produit\\\/serie-9q-detecteur-pour-rainure-en-t\\\/#breadcrumb\",\"itemListElement\":[{\"@type\":\"ListItem\",\"position\":1,\"name\":\"Accueil\",\"item\":\"https:\\\/\\\/lda.be\\\/fr\\\/\"},{\"@type\":\"ListItem\",\"position\":2,\"name\":\"Produits\",\"item\":\"https:\\\/\\\/lda.be\\\/fr\\\/produits\\\/\"},{\"@type\":\"ListItem\",\"position\":3,\"name\":\"S\u00e9rie 9Q &#8211; d\u00e9tecteur pour rainure en T\"}]},{\"@type\":\"WebSite\",\"@id\":\"https:\\\/\\\/lda.be\\\/fr\\\/#website\",\"url\":\"https:\\\/\\\/lda.be\\\/fr\\\/\",\"name\":\"LDA Belgium\",\"description\":\"Solutions For Life\",\"publisher\":{\"@id\":\"https:\\\/\\\/lda.be\\\/fr\\\/#organization\"},\"potentialAction\":[{\"@type\":\"SearchAction\",\"target\":{\"@type\":\"EntryPoint\",\"urlTemplate\":\"https:\\\/\\\/lda.be\\\/fr\\\/?s={search_term_string}\"},\"query-input\":{\"@type\":\"PropertyValueSpecification\",\"valueRequired\":true,\"valueName\":\"search_term_string\"}}],\"inLanguage\":\"fr-FR\"},{\"@type\":\"Organization\",\"@id\":\"https:\\\/\\\/lda.be\\\/fr\\\/#organization\",\"name\":\"LDA Belgium\",\"url\":\"https:\\\/\\\/lda.be\\\/fr\\\/\",\"logo\":{\"@type\":\"ImageObject\",\"inLanguage\":\"fr-FR\",\"@id\":\"https:\\\/\\\/lda.be\\\/fr\\\/#\\\/schema\\\/logo\\\/image\\\/\",\"url\":\"https:\\\/\\\/lda.be\\\/wp-content\\\/uploads\\\/2022\\\/07\\\/Logo-LDA.webp\",\"contentUrl\":\"https:\\\/\\\/lda.be\\\/wp-content\\\/uploads\\\/2022\\\/07\\\/Logo-LDA.webp\",\"width\":311,\"height\":101,\"caption\":\"LDA Belgium\"},\"image\":{\"@id\":\"https:\\\/\\\/lda.be\\\/fr\\\/#\\\/schema\\\/logo\\\/image\\\/\"},\"sameAs\":[\"https:\\\/\\\/www.linkedin.com\\\/company\\\/lda-belgium-nv\"]}]}<\/script>\n<!-- \/ Yoast SEO plugin. -->","yoast_head_json":{"title":"S\u00e9rie 9Q - d\u00e9tecteur pour rainure en T - LDA Belgique","description":"d\u00e9tecteur Canfield 9Q pour rainure en T (Festo, Parker, Fabco), reed ou \u00e9lectronique, LED, 5-120 V AC\/DC ou 5-28 V DC, IP67. LDA Belgique","robots":{"index":"index","follow":"follow","max-snippet":"max-snippet:-1","max-image-preview":"max-image-preview:large","max-video-preview":"max-video-preview:-1"},"canonical":"https:\/\/lda.be\/fr\/produit\/serie-9q-detecteur-pour-rainure-en-t\/","og_locale":"fr_FR","og_type":"article","og_title":"S\u00e9rie 9Q - d\u00e9tecteur pour rainure en T - LDA Belgique","og_description":"d\u00e9tecteur Canfield 9Q pour rainure en T (Festo, Parker, Fabco), reed ou \u00e9lectronique, LED, 5-120 V AC\/DC ou 5-28 V DC, IP67. LDA Belgique","og_url":"https:\/\/lda.be\/fr\/produit\/serie-9q-detecteur-pour-rainure-en-t\/","og_site_name":"LDA Belgique","article_modified_time":"2025-07-15T10:20:49+00:00","og_image":[{"width":800,"height":800,"url":"https:\/\/lda.be\/wp-content\/uploads\/2025\/07\/9Q.webp","type":"image\/webp"}],"twitter_card":"summary_large_image","twitter_misc":{"Dur\u00e9e de lecture estim\u00e9e":"1 minute"},"schema":{"@context":"https:\/\/schema.org","@graph":[{"@type":"WebPage","@id":"https:\/\/lda.be\/fr\/produit\/serie-9q-detecteur-pour-rainure-en-t\/","url":"https:\/\/lda.be\/fr\/produit\/serie-9q-detecteur-pour-rainure-en-t\/","name":"S\u00e9rie 9Q - d\u00e9tecteur pour rainure en T - LDA Belgique","isPartOf":{"@id":"https:\/\/lda.be\/fr\/#website"},"primaryImageOfPage":{"@id":"https:\/\/lda.be\/fr\/produit\/serie-9q-detecteur-pour-rainure-en-t\/#primaryimage"},"image":{"@id":"https:\/\/lda.be\/fr\/produit\/serie-9q-detecteur-pour-rainure-en-t\/#primaryimage"},"thumbnailUrl":"https:\/\/lda.be\/wp-content\/uploads\/2025\/07\/9Q.webp","datePublished":"2025-07-15T10:06:58+00:00","dateModified":"2025-07-15T10:20:49+00:00","description":"d\u00e9tecteur Canfield 9Q pour rainure en T (Festo, Parker, Fabco), reed ou \u00e9lectronique, LED, 5-120 V AC\/DC ou 5-28 V DC, IP67. LDA Belgique","breadcrumb":{"@id":"https:\/\/lda.be\/fr\/produit\/serie-9q-detecteur-pour-rainure-en-t\/#breadcrumb"},"inLanguage":"fr-FR","potentialAction":[{"@type":"ReadAction","target":["https:\/\/lda.be\/fr\/produit\/serie-9q-detecteur-pour-rainure-en-t\/"]}]},{"@type":"ImageObject","inLanguage":"fr-FR","@id":"https:\/\/lda.be\/fr\/produit\/serie-9q-detecteur-pour-rainure-en-t\/#primaryimage","url":"https:\/\/lda.be\/wp-content\/uploads\/2025\/07\/9Q.webp","contentUrl":"https:\/\/lda.be\/wp-content\/uploads\/2025\/07\/9Q.webp","width":800,"height":800,"caption":"9Q canfield schakelaar"},{"@type":"BreadcrumbList","@id":"https:\/\/lda.be\/fr\/produit\/serie-9q-detecteur-pour-rainure-en-t\/#breadcrumb","itemListElement":[{"@type":"ListItem","position":1,"name":"Accueil","item":"https:\/\/lda.be\/fr\/"},{"@type":"ListItem","position":2,"name":"Produits","item":"https:\/\/lda.be\/fr\/produits\/"},{"@type":"ListItem","position":3,"name":"S\u00e9rie 9Q &#8211; d\u00e9tecteur pour rainure en T"}]},{"@type":"WebSite","@id":"https:\/\/lda.be\/fr\/#website","url":"https:\/\/lda.be\/fr\/","name":"LDA Belgium","description":"Solutions For Life","publisher":{"@id":"https:\/\/lda.be\/fr\/#organization"},"potentialAction":[{"@type":"SearchAction","target":{"@type":"EntryPoint","urlTemplate":"https:\/\/lda.be\/fr\/?s={search_term_string}"},"query-input":{"@type":"PropertyValueSpecification","valueRequired":true,"valueName":"search_term_string"}}],"inLanguage":"fr-FR"},{"@type":"Organization","@id":"https:\/\/lda.be\/fr\/#organization","name":"LDA Belgium","url":"https:\/\/lda.be\/fr\/","logo":{"@type":"ImageObject","inLanguage":"fr-FR","@id":"https:\/\/lda.be\/fr\/#\/schema\/logo\/image\/","url":"https:\/\/lda.be\/wp-content\/uploads\/2022\/07\/Logo-LDA.webp","contentUrl":"https:\/\/lda.be\/wp-content\/uploads\/2022\/07\/Logo-LDA.webp","width":311,"height":101,"caption":"LDA Belgium"},"image":{"@id":"https:\/\/lda.be\/fr\/#\/schema\/logo\/image\/"},"sameAs":["https:\/\/www.linkedin.com\/company\/lda-belgium-nv"]}]}},"_links":{"self":[{"href":"https:\/\/lda.be\/fr\/wp-json\/wp\/v2\/product\/9642","targetHints":{"allow":["GET"]}}],"collection":[{"href":"https:\/\/lda.be\/fr\/wp-json\/wp\/v2\/product"}],"about":[{"href":"https:\/\/lda.be\/fr\/wp-json\/wp\/v2\/types\/product"}],"replies":[{"embeddable":true,"href":"https:\/\/lda.be\/fr\/wp-json\/wp\/v2\/comments?post=9642"}],"wp:featuredmedia":[{"embeddable":true,"href":"https:\/\/lda.be\/fr\/wp-json\/wp\/v2\/media\/9640"}],"wp:attachment":[{"href":"https:\/\/lda.be\/fr\/wp-json\/wp\/v2\/media?parent=9642"}],"wp:term":[{"taxonomy":"product_brand","embeddable":true,"href":"https:\/\/lda.be\/fr\/wp-json\/wp\/v2\/product_brand?post=9642"},{"taxonomy":"product_cat","embeddable":true,"href":"https:\/\/lda.be\/fr\/wp-json\/wp\/v2\/product_cat?post=9642"},{"taxonomy":"product_tag","embeddable":true,"href":"https:\/\/lda.be\/fr\/wp-json\/wp\/v2\/product_tag?post=9642"}],"curies":[{"name":"wp","href":"https:\/\/api.w.org\/{rel}","templated":true}]}}