{"id":9662,"date":"2025-07-15T13:27:41","date_gmt":"2025-07-15T12:27:41","guid":{"rendered":"https:\/\/lda.be\/?post_type=product&#038;p=9662"},"modified":"2025-07-15T14:42:52","modified_gmt":"2025-07-15T13:42:52","slug":"cs-capteur-magnetique-filete","status":"publish","type":"product","link":"https:\/\/lda.be\/fr\/produit\/cs-capteur-magnetique-filete\/","title":{"rendered":"S\u00e9rie CS &#8211; Capteur magn\u00e9tique filet\u00e9"},"content":{"rendered":"<p>La s\u00e9rie CS de Canfield est un capteur de proximit\u00e9 cylindrique robuste avec montage filet\u00e9 M8. Il est sp\u00e9cialement con\u00e7u pour la d\u00e9tection pr\u00e9cise d&#8217;objets magn\u00e9tiques dans les applications industrielles et mobiles. Gr\u00e2ce \u00e0 sa construction enti\u00e8rement encapsul\u00e9e en acier inoxydable et TPU, ce capteur r\u00e9siste \u00e0 l&#8217;humidit\u00e9 et aux vibrations. Le capteur peut \u00eatre facilement fix\u00e9 directement sur des ch\u00e2ssis de machines, des actionneurs ou des supports personnalis\u00e9s.<\/p>\n<p>Le capteur CS est disponible sous forme de contact Reed (jusqu&#8217;\u00e0 120 V AC\/DC) ou en version \u00e9lectronique avec sortie PNP ou NPN (5-24 V DC). Les deux versions offrent une puissance de commutation allant jusqu&#8217;\u00e0 5 W. La version reed r\u00e9agit \u00e0 85 Gauss, la version \u00e9lectronique \u00e0 25 Gauss. La taille compacte de ce capteur le rend id\u00e9al pour les applications o\u00f9 l&#8217;espace est limit\u00e9 mais o\u00f9 la fiabilit\u00e9 est essentielle.<\/p>\n<p>La s\u00e9rie CS est certifi\u00e9e IP67\/NEMA 6, r\u00e9siste aux chocs et aux vibrations et est livr\u00e9e en standard avec un emballage en vrac ou individuel.<\/p>\n<p>Demandez d\u00e8s aujourd&#8217;hui un devis \u00e0 LDA Belgium et d\u00e9couvrez la pr\u00e9cision polyvalente de la s\u00e9rie CS.<\/p>\n","protected":false},"excerpt":{"rendered":"<p>La s\u00e9rie CS de Canfield est un capteur de proximit\u00e9 cylindrique robuste avec montage filet\u00e9 M8. Il est sp\u00e9cialement con\u00e7u pour la d\u00e9tection pr\u00e9cise d&#8217;objets magn\u00e9tiques dans les applications industrielles et mobiles. Gr\u00e2ce \u00e0 sa construction enti\u00e8rement encapsul\u00e9e en acier inoxydable et TPU, ce capteur r\u00e9siste \u00e0 l&#8217;humidit\u00e9 et aux vibrations. Le capteur peut \u00eatre [&hellip;]<\/p>\n","protected":false},"featured_media":9656,"comment_status":"closed","ping_status":"closed","template":"","meta":[],"product_brand":[1610],"product_cat":[996,856,1618],"product_tag":[],"class_list":{"0":"post-9662","1":"product","2":"type-product","3":"status-publish","4":"has-post-thumbnail","6":"product_brand-canfield","7":"product_cat-pneumatique","8":"product_cat-verin","9":"product_cat-detecteurs-et-capteurs","11":"first","12":"instock","13":"shipping-taxable","14":"product-type-simple"},"yoast_head":"<!-- This site is optimized with the Yoast SEO plugin v27.3 - https:\/\/yoast.com\/product\/yoast-seo-wordpress\/ -->\n<title>S\u00e9rie CS - Capteur magn\u00e9tique filet\u00e9 - LDA Belgique<\/title>\n<meta name=\"description\" content=\"d\u00e9tecteur cylindrique filet\u00e9 Canfield CS M8, Reed ou \u00e9lectronique, 5-120 V, IP67, bo\u00eetier en acier inoxydable, c\u00e2ble de 9. LDA Belgique\" \/>\n<meta name=\"robots\" content=\"index, follow, max-snippet:-1, max-image-preview:large, max-video-preview:-1\" \/>\n<link rel=\"canonical\" href=\"https:\/\/lda.be\/fr\/produit\/cs-capteur-magnetique-filete\/\" \/>\n<meta property=\"og:locale\" content=\"fr_FR\" \/>\n<meta property=\"og:type\" content=\"article\" \/>\n<meta property=\"og:title\" content=\"S\u00e9rie CS - Capteur magn\u00e9tique filet\u00e9 - LDA Belgique\" \/>\n<meta property=\"og:description\" content=\"d\u00e9tecteur cylindrique filet\u00e9 Canfield CS M8, Reed ou \u00e9lectronique, 5-120 V, IP67, bo\u00eetier en acier inoxydable, c\u00e2ble de 9. LDA Belgique\" \/>\n<meta property=\"og:url\" content=\"https:\/\/lda.be\/fr\/produit\/cs-capteur-magnetique-filete\/\" \/>\n<meta property=\"og:site_name\" content=\"LDA Belgique\" \/>\n<meta property=\"article:modified_time\" content=\"2025-07-15T13:42:52+00:00\" \/>\n<meta property=\"og:image\" content=\"https:\/\/lda.be\/wp-content\/uploads\/2025\/07\/CS.webp\" \/>\n\t<meta property=\"og:image:width\" content=\"800\" \/>\n\t<meta property=\"og:image:height\" content=\"800\" \/>\n\t<meta property=\"og:image:type\" content=\"image\/webp\" \/>\n<meta name=\"twitter:card\" content=\"summary_large_image\" \/>\n<meta name=\"twitter:label1\" content=\"Dur\u00e9e de lecture estim\u00e9e\" \/>\n\t<meta name=\"twitter:data1\" content=\"2 minutes\" \/>\n<script type=\"application\/ld+json\" class=\"yoast-schema-graph\">{\"@context\":\"https:\\\/\\\/schema.org\",\"@graph\":[{\"@type\":\"WebPage\",\"@id\":\"https:\\\/\\\/lda.be\\\/fr\\\/produit\\\/cs-capteur-magnetique-filete\\\/\",\"url\":\"https:\\\/\\\/lda.be\\\/fr\\\/produit\\\/cs-capteur-magnetique-filete\\\/\",\"name\":\"S\u00e9rie CS - Capteur magn\u00e9tique filet\u00e9 - LDA Belgique\",\"isPartOf\":{\"@id\":\"https:\\\/\\\/lda.be\\\/fr\\\/#website\"},\"primaryImageOfPage\":{\"@id\":\"https:\\\/\\\/lda.be\\\/fr\\\/produit\\\/cs-capteur-magnetique-filete\\\/#primaryimage\"},\"image\":{\"@id\":\"https:\\\/\\\/lda.be\\\/fr\\\/produit\\\/cs-capteur-magnetique-filete\\\/#primaryimage\"},\"thumbnailUrl\":\"https:\\\/\\\/lda.be\\\/wp-content\\\/uploads\\\/2025\\\/07\\\/CS.webp\",\"datePublished\":\"2025-07-15T12:27:41+00:00\",\"dateModified\":\"2025-07-15T13:42:52+00:00\",\"description\":\"d\u00e9tecteur cylindrique filet\u00e9 Canfield CS M8, Reed ou \u00e9lectronique, 5-120 V, IP67, bo\u00eetier en acier inoxydable, c\u00e2ble de 9. LDA Belgique\",\"breadcrumb\":{\"@id\":\"https:\\\/\\\/lda.be\\\/fr\\\/produit\\\/cs-capteur-magnetique-filete\\\/#breadcrumb\"},\"inLanguage\":\"fr-FR\",\"potentialAction\":[{\"@type\":\"ReadAction\",\"target\":[\"https:\\\/\\\/lda.be\\\/fr\\\/produit\\\/cs-capteur-magnetique-filete\\\/\"]}]},{\"@type\":\"ImageObject\",\"inLanguage\":\"fr-FR\",\"@id\":\"https:\\\/\\\/lda.be\\\/fr\\\/produit\\\/cs-capteur-magnetique-filete\\\/#primaryimage\",\"url\":\"https:\\\/\\\/lda.be\\\/wp-content\\\/uploads\\\/2025\\\/07\\\/CS.webp\",\"contentUrl\":\"https:\\\/\\\/lda.be\\\/wp-content\\\/uploads\\\/2025\\\/07\\\/CS.webp\",\"width\":800,\"height\":800,\"caption\":\"CS canfield sensor\"},{\"@type\":\"BreadcrumbList\",\"@id\":\"https:\\\/\\\/lda.be\\\/fr\\\/produit\\\/cs-capteur-magnetique-filete\\\/#breadcrumb\",\"itemListElement\":[{\"@type\":\"ListItem\",\"position\":1,\"name\":\"Accueil\",\"item\":\"https:\\\/\\\/lda.be\\\/fr\\\/\"},{\"@type\":\"ListItem\",\"position\":2,\"name\":\"Produits\",\"item\":\"https:\\\/\\\/lda.be\\\/fr\\\/produits\\\/\"},{\"@type\":\"ListItem\",\"position\":3,\"name\":\"S\u00e9rie CS &#8211; Capteur magn\u00e9tique filet\u00e9\"}]},{\"@type\":\"WebSite\",\"@id\":\"https:\\\/\\\/lda.be\\\/fr\\\/#website\",\"url\":\"https:\\\/\\\/lda.be\\\/fr\\\/\",\"name\":\"LDA Belgium\",\"description\":\"Solutions For Life\",\"publisher\":{\"@id\":\"https:\\\/\\\/lda.be\\\/fr\\\/#organization\"},\"potentialAction\":[{\"@type\":\"SearchAction\",\"target\":{\"@type\":\"EntryPoint\",\"urlTemplate\":\"https:\\\/\\\/lda.be\\\/fr\\\/?s={search_term_string}\"},\"query-input\":{\"@type\":\"PropertyValueSpecification\",\"valueRequired\":true,\"valueName\":\"search_term_string\"}}],\"inLanguage\":\"fr-FR\"},{\"@type\":\"Organization\",\"@id\":\"https:\\\/\\\/lda.be\\\/fr\\\/#organization\",\"name\":\"LDA Belgium\",\"url\":\"https:\\\/\\\/lda.be\\\/fr\\\/\",\"logo\":{\"@type\":\"ImageObject\",\"inLanguage\":\"fr-FR\",\"@id\":\"https:\\\/\\\/lda.be\\\/fr\\\/#\\\/schema\\\/logo\\\/image\\\/\",\"url\":\"https:\\\/\\\/lda.be\\\/wp-content\\\/uploads\\\/2022\\\/07\\\/Logo-LDA.webp\",\"contentUrl\":\"https:\\\/\\\/lda.be\\\/wp-content\\\/uploads\\\/2022\\\/07\\\/Logo-LDA.webp\",\"width\":311,\"height\":101,\"caption\":\"LDA Belgium\"},\"image\":{\"@id\":\"https:\\\/\\\/lda.be\\\/fr\\\/#\\\/schema\\\/logo\\\/image\\\/\"},\"sameAs\":[\"https:\\\/\\\/www.linkedin.com\\\/company\\\/lda-belgium-nv\"]}]}<\/script>\n<!-- \/ Yoast SEO plugin. -->","yoast_head_json":{"title":"S\u00e9rie CS - Capteur magn\u00e9tique filet\u00e9 - LDA Belgique","description":"d\u00e9tecteur cylindrique filet\u00e9 Canfield CS M8, Reed ou \u00e9lectronique, 5-120 V, IP67, bo\u00eetier en acier inoxydable, c\u00e2ble de 9. LDA Belgique","robots":{"index":"index","follow":"follow","max-snippet":"max-snippet:-1","max-image-preview":"max-image-preview:large","max-video-preview":"max-video-preview:-1"},"canonical":"https:\/\/lda.be\/fr\/produit\/cs-capteur-magnetique-filete\/","og_locale":"fr_FR","og_type":"article","og_title":"S\u00e9rie CS - Capteur magn\u00e9tique filet\u00e9 - LDA Belgique","og_description":"d\u00e9tecteur cylindrique filet\u00e9 Canfield CS M8, Reed ou \u00e9lectronique, 5-120 V, IP67, bo\u00eetier en acier inoxydable, c\u00e2ble de 9. LDA Belgique","og_url":"https:\/\/lda.be\/fr\/produit\/cs-capteur-magnetique-filete\/","og_site_name":"LDA Belgique","article_modified_time":"2025-07-15T13:42:52+00:00","og_image":[{"width":800,"height":800,"url":"https:\/\/lda.be\/wp-content\/uploads\/2025\/07\/CS.webp","type":"image\/webp"}],"twitter_card":"summary_large_image","twitter_misc":{"Dur\u00e9e de lecture estim\u00e9e":"2 minutes"},"schema":{"@context":"https:\/\/schema.org","@graph":[{"@type":"WebPage","@id":"https:\/\/lda.be\/fr\/produit\/cs-capteur-magnetique-filete\/","url":"https:\/\/lda.be\/fr\/produit\/cs-capteur-magnetique-filete\/","name":"S\u00e9rie CS - Capteur magn\u00e9tique filet\u00e9 - LDA Belgique","isPartOf":{"@id":"https:\/\/lda.be\/fr\/#website"},"primaryImageOfPage":{"@id":"https:\/\/lda.be\/fr\/produit\/cs-capteur-magnetique-filete\/#primaryimage"},"image":{"@id":"https:\/\/lda.be\/fr\/produit\/cs-capteur-magnetique-filete\/#primaryimage"},"thumbnailUrl":"https:\/\/lda.be\/wp-content\/uploads\/2025\/07\/CS.webp","datePublished":"2025-07-15T12:27:41+00:00","dateModified":"2025-07-15T13:42:52+00:00","description":"d\u00e9tecteur cylindrique filet\u00e9 Canfield CS M8, Reed ou \u00e9lectronique, 5-120 V, IP67, bo\u00eetier en acier inoxydable, c\u00e2ble de 9. LDA Belgique","breadcrumb":{"@id":"https:\/\/lda.be\/fr\/produit\/cs-capteur-magnetique-filete\/#breadcrumb"},"inLanguage":"fr-FR","potentialAction":[{"@type":"ReadAction","target":["https:\/\/lda.be\/fr\/produit\/cs-capteur-magnetique-filete\/"]}]},{"@type":"ImageObject","inLanguage":"fr-FR","@id":"https:\/\/lda.be\/fr\/produit\/cs-capteur-magnetique-filete\/#primaryimage","url":"https:\/\/lda.be\/wp-content\/uploads\/2025\/07\/CS.webp","contentUrl":"https:\/\/lda.be\/wp-content\/uploads\/2025\/07\/CS.webp","width":800,"height":800,"caption":"CS canfield sensor"},{"@type":"BreadcrumbList","@id":"https:\/\/lda.be\/fr\/produit\/cs-capteur-magnetique-filete\/#breadcrumb","itemListElement":[{"@type":"ListItem","position":1,"name":"Accueil","item":"https:\/\/lda.be\/fr\/"},{"@type":"ListItem","position":2,"name":"Produits","item":"https:\/\/lda.be\/fr\/produits\/"},{"@type":"ListItem","position":3,"name":"S\u00e9rie CS &#8211; Capteur magn\u00e9tique filet\u00e9"}]},{"@type":"WebSite","@id":"https:\/\/lda.be\/fr\/#website","url":"https:\/\/lda.be\/fr\/","name":"LDA Belgium","description":"Solutions For Life","publisher":{"@id":"https:\/\/lda.be\/fr\/#organization"},"potentialAction":[{"@type":"SearchAction","target":{"@type":"EntryPoint","urlTemplate":"https:\/\/lda.be\/fr\/?s={search_term_string}"},"query-input":{"@type":"PropertyValueSpecification","valueRequired":true,"valueName":"search_term_string"}}],"inLanguage":"fr-FR"},{"@type":"Organization","@id":"https:\/\/lda.be\/fr\/#organization","name":"LDA Belgium","url":"https:\/\/lda.be\/fr\/","logo":{"@type":"ImageObject","inLanguage":"fr-FR","@id":"https:\/\/lda.be\/fr\/#\/schema\/logo\/image\/","url":"https:\/\/lda.be\/wp-content\/uploads\/2022\/07\/Logo-LDA.webp","contentUrl":"https:\/\/lda.be\/wp-content\/uploads\/2022\/07\/Logo-LDA.webp","width":311,"height":101,"caption":"LDA Belgium"},"image":{"@id":"https:\/\/lda.be\/fr\/#\/schema\/logo\/image\/"},"sameAs":["https:\/\/www.linkedin.com\/company\/lda-belgium-nv"]}]}},"_links":{"self":[{"href":"https:\/\/lda.be\/fr\/wp-json\/wp\/v2\/product\/9662","targetHints":{"allow":["GET"]}}],"collection":[{"href":"https:\/\/lda.be\/fr\/wp-json\/wp\/v2\/product"}],"about":[{"href":"https:\/\/lda.be\/fr\/wp-json\/wp\/v2\/types\/product"}],"replies":[{"embeddable":true,"href":"https:\/\/lda.be\/fr\/wp-json\/wp\/v2\/comments?post=9662"}],"wp:featuredmedia":[{"embeddable":true,"href":"https:\/\/lda.be\/fr\/wp-json\/wp\/v2\/media\/9656"}],"wp:attachment":[{"href":"https:\/\/lda.be\/fr\/wp-json\/wp\/v2\/media?parent=9662"}],"wp:term":[{"taxonomy":"product_brand","embeddable":true,"href":"https:\/\/lda.be\/fr\/wp-json\/wp\/v2\/product_brand?post=9662"},{"taxonomy":"product_cat","embeddable":true,"href":"https:\/\/lda.be\/fr\/wp-json\/wp\/v2\/product_cat?post=9662"},{"taxonomy":"product_tag","embeddable":true,"href":"https:\/\/lda.be\/fr\/wp-json\/wp\/v2\/product_tag?post=9662"}],"curies":[{"name":"wp","href":"https:\/\/api.w.org\/{rel}","templated":true}]}}