{"id":9671,"date":"2025-07-15T14:55:09","date_gmt":"2025-07-15T13:55:09","guid":{"rendered":"https:\/\/lda.be\/?post_type=product&#038;p=9671"},"modified":"2025-07-15T15:07:50","modified_gmt":"2025-07-15T14:07:50","slug":"serie-eis-capteur-electronique-dinclinaison","status":"publish","type":"product","link":"https:\/\/lda.be\/fr\/produit\/serie-eis-capteur-electronique-dinclinaison\/","title":{"rendered":"S\u00e9rie EiS &#8211; Capteur \u00e9lectronique d&#8217;inclinaison"},"content":{"rendered":"<p>L&#8217;inclinom\u00e8tre de Canfield est un capteur d&#8217;inclinaison \u00e9lectronique con\u00e7u pour les applications industrielles o\u00f9 une mesure pr\u00e9cise de l&#8217;angle est essentielle. Ce capteur utilise une technologie avanc\u00e9e de puce MEMS et est disponible en versions avec sortie tension ou courant. Gr\u00e2ce \u00e0 sa conception robuste et miniaturis\u00e9e, le capteur est facile \u00e0 int\u00e9grer dans les machines et les installations.<\/p>\n<p>Le capteur offre un choix de mesures sur un ou deux axes, avec diff\u00e9rents types de sortie : 0,5-9,5 V, 0,5-4,5 V ou 4-20 mA. Chaque mod\u00e8le poss\u00e8de un d\u00e9calage centr\u00e9 (par exemple 5 V ou 12 mA \u00e0 0\u00b0) et un facteur d&#8217;\u00e9chelle qui d\u00e9pend de la plage de mesure s\u00e9lectionn\u00e9e (jusqu&#8217;\u00e0 \u00b185\u00b0). Cela permet de calculer facilement des angles pr\u00e9cis \u00e0 l&#8217;aide d&#8217;une formule standard. Le capteur dispose d&#8217;options de connexion pour une int\u00e9gration flexible.<\/p>\n<p>Veuillez noter que cet inclinom\u00e8tre n&#8217;est pas un composant de s\u00e9curit\u00e9 conform\u00e9ment \u00e0 la directive europ\u00e9enne sur les machines et ne doit pas \u00eatre utilis\u00e9 dans des applications o\u00f9 la s\u00e9curit\u00e9 des personnes d\u00e9pend de la fonction du capteur.<\/p>\n<p>Demandez d\u00e8s aujourd&#8217;hui un devis \u00e0 LDA Belgium et int\u00e9grez ce capteur d&#8217;inclinaison pr\u00e9cis dans votre installation.<\/p>\n","protected":false},"excerpt":{"rendered":"<p>L&#8217;inclinom\u00e8tre de Canfield est un capteur d&#8217;inclinaison \u00e9lectronique con\u00e7u pour les applications industrielles o\u00f9 une mesure pr\u00e9cise de l&#8217;angle est essentielle. Ce capteur utilise une technologie avanc\u00e9e de puce MEMS et est disponible en versions avec sortie tension ou courant. Gr\u00e2ce \u00e0 sa conception robuste et miniaturis\u00e9e, le capteur est facile \u00e0 int\u00e9grer dans les [&hellip;]<\/p>\n","protected":false},"featured_media":9663,"comment_status":"closed","ping_status":"closed","template":"","meta":[],"product_brand":[1610],"product_cat":[996,856,1618],"product_tag":[],"class_list":{"0":"post-9671","1":"product","2":"type-product","3":"status-publish","4":"has-post-thumbnail","6":"product_brand-canfield","7":"product_cat-pneumatique","8":"product_cat-verin","9":"product_cat-detecteurs-et-capteurs","11":"first","12":"instock","13":"shipping-taxable","14":"product-type-simple"},"yoast_head":"<!-- This site is optimized with the Yoast SEO plugin v27.3 - https:\/\/yoast.com\/product\/yoast-seo-wordpress\/ -->\n<title>S\u00e9rie EiS - Capteur \u00e9lectronique d&#039;inclinaison - LDA Belgique<\/title>\n<meta name=\"description\" content=\"Inclinom\u00e8tre Canfield avec technologie MEMS, tension ou 4-20 mA, capteur d&#039;inclinaison pr\u00e9cis jusqu&#039;\u00e0 \u00b185\u00b0, connecteur M8\/M12\/Deutsch. LDA Belgique\" \/>\n<meta name=\"robots\" content=\"index, follow, max-snippet:-1, max-image-preview:large, max-video-preview:-1\" \/>\n<link rel=\"canonical\" href=\"https:\/\/lda.be\/fr\/produit\/serie-eis-capteur-electronique-dinclinaison\/\" \/>\n<meta property=\"og:locale\" content=\"fr_FR\" \/>\n<meta property=\"og:type\" content=\"article\" \/>\n<meta property=\"og:title\" content=\"S\u00e9rie EiS - Capteur \u00e9lectronique d&#039;inclinaison - LDA Belgique\" \/>\n<meta property=\"og:description\" content=\"Inclinom\u00e8tre Canfield avec technologie MEMS, tension ou 4-20 mA, capteur d&#039;inclinaison pr\u00e9cis jusqu&#039;\u00e0 \u00b185\u00b0, connecteur M8\/M12\/Deutsch. LDA Belgique\" \/>\n<meta property=\"og:url\" content=\"https:\/\/lda.be\/fr\/produit\/serie-eis-capteur-electronique-dinclinaison\/\" \/>\n<meta property=\"og:site_name\" content=\"LDA Belgique\" \/>\n<meta property=\"article:modified_time\" content=\"2025-07-15T14:07:50+00:00\" \/>\n<meta property=\"og:image\" content=\"https:\/\/lda.be\/wp-content\/uploads\/2025\/07\/EIS.webp\" \/>\n\t<meta property=\"og:image:width\" content=\"800\" \/>\n\t<meta property=\"og:image:height\" content=\"800\" \/>\n\t<meta property=\"og:image:type\" content=\"image\/webp\" \/>\n<meta name=\"twitter:card\" content=\"summary_large_image\" \/>\n<meta name=\"twitter:label1\" content=\"Dur\u00e9e de lecture estim\u00e9e\" \/>\n\t<meta name=\"twitter:data1\" content=\"1 minute\" \/>\n<script type=\"application\/ld+json\" class=\"yoast-schema-graph\">{\"@context\":\"https:\\\/\\\/schema.org\",\"@graph\":[{\"@type\":\"WebPage\",\"@id\":\"https:\\\/\\\/lda.be\\\/fr\\\/produit\\\/serie-eis-capteur-electronique-dinclinaison\\\/\",\"url\":\"https:\\\/\\\/lda.be\\\/fr\\\/produit\\\/serie-eis-capteur-electronique-dinclinaison\\\/\",\"name\":\"S\u00e9rie EiS - Capteur \u00e9lectronique d'inclinaison - LDA Belgique\",\"isPartOf\":{\"@id\":\"https:\\\/\\\/lda.be\\\/fr\\\/#website\"},\"primaryImageOfPage\":{\"@id\":\"https:\\\/\\\/lda.be\\\/fr\\\/produit\\\/serie-eis-capteur-electronique-dinclinaison\\\/#primaryimage\"},\"image\":{\"@id\":\"https:\\\/\\\/lda.be\\\/fr\\\/produit\\\/serie-eis-capteur-electronique-dinclinaison\\\/#primaryimage\"},\"thumbnailUrl\":\"https:\\\/\\\/lda.be\\\/wp-content\\\/uploads\\\/2025\\\/07\\\/EIS.webp\",\"datePublished\":\"2025-07-15T13:55:09+00:00\",\"dateModified\":\"2025-07-15T14:07:50+00:00\",\"description\":\"Inclinom\u00e8tre Canfield avec technologie MEMS, tension ou 4-20 mA, capteur d'inclinaison pr\u00e9cis jusqu'\u00e0 \u00b185\u00b0, connecteur M8\\\/M12\\\/Deutsch. LDA Belgique\",\"breadcrumb\":{\"@id\":\"https:\\\/\\\/lda.be\\\/fr\\\/produit\\\/serie-eis-capteur-electronique-dinclinaison\\\/#breadcrumb\"},\"inLanguage\":\"fr-FR\",\"potentialAction\":[{\"@type\":\"ReadAction\",\"target\":[\"https:\\\/\\\/lda.be\\\/fr\\\/produit\\\/serie-eis-capteur-electronique-dinclinaison\\\/\"]}]},{\"@type\":\"ImageObject\",\"inLanguage\":\"fr-FR\",\"@id\":\"https:\\\/\\\/lda.be\\\/fr\\\/produit\\\/serie-eis-capteur-electronique-dinclinaison\\\/#primaryimage\",\"url\":\"https:\\\/\\\/lda.be\\\/wp-content\\\/uploads\\\/2025\\\/07\\\/EIS.webp\",\"contentUrl\":\"https:\\\/\\\/lda.be\\\/wp-content\\\/uploads\\\/2025\\\/07\\\/EIS.webp\",\"width\":800,\"height\":800},{\"@type\":\"BreadcrumbList\",\"@id\":\"https:\\\/\\\/lda.be\\\/fr\\\/produit\\\/serie-eis-capteur-electronique-dinclinaison\\\/#breadcrumb\",\"itemListElement\":[{\"@type\":\"ListItem\",\"position\":1,\"name\":\"Accueil\",\"item\":\"https:\\\/\\\/lda.be\\\/fr\\\/\"},{\"@type\":\"ListItem\",\"position\":2,\"name\":\"Produits\",\"item\":\"https:\\\/\\\/lda.be\\\/fr\\\/produits\\\/\"},{\"@type\":\"ListItem\",\"position\":3,\"name\":\"S\u00e9rie EiS &#8211; Capteur \u00e9lectronique d&#8217;inclinaison\"}]},{\"@type\":\"WebSite\",\"@id\":\"https:\\\/\\\/lda.be\\\/fr\\\/#website\",\"url\":\"https:\\\/\\\/lda.be\\\/fr\\\/\",\"name\":\"LDA Belgium\",\"description\":\"Solutions For Life\",\"publisher\":{\"@id\":\"https:\\\/\\\/lda.be\\\/fr\\\/#organization\"},\"potentialAction\":[{\"@type\":\"SearchAction\",\"target\":{\"@type\":\"EntryPoint\",\"urlTemplate\":\"https:\\\/\\\/lda.be\\\/fr\\\/?s={search_term_string}\"},\"query-input\":{\"@type\":\"PropertyValueSpecification\",\"valueRequired\":true,\"valueName\":\"search_term_string\"}}],\"inLanguage\":\"fr-FR\"},{\"@type\":\"Organization\",\"@id\":\"https:\\\/\\\/lda.be\\\/fr\\\/#organization\",\"name\":\"LDA Belgium\",\"url\":\"https:\\\/\\\/lda.be\\\/fr\\\/\",\"logo\":{\"@type\":\"ImageObject\",\"inLanguage\":\"fr-FR\",\"@id\":\"https:\\\/\\\/lda.be\\\/fr\\\/#\\\/schema\\\/logo\\\/image\\\/\",\"url\":\"https:\\\/\\\/lda.be\\\/wp-content\\\/uploads\\\/2022\\\/07\\\/Logo-LDA.webp\",\"contentUrl\":\"https:\\\/\\\/lda.be\\\/wp-content\\\/uploads\\\/2022\\\/07\\\/Logo-LDA.webp\",\"width\":311,\"height\":101,\"caption\":\"LDA Belgium\"},\"image\":{\"@id\":\"https:\\\/\\\/lda.be\\\/fr\\\/#\\\/schema\\\/logo\\\/image\\\/\"},\"sameAs\":[\"https:\\\/\\\/www.linkedin.com\\\/company\\\/lda-belgium-nv\"]}]}<\/script>\n<!-- \/ Yoast SEO plugin. -->","yoast_head_json":{"title":"S\u00e9rie EiS - Capteur \u00e9lectronique d'inclinaison - LDA Belgique","description":"Inclinom\u00e8tre Canfield avec technologie MEMS, tension ou 4-20 mA, capteur d'inclinaison pr\u00e9cis jusqu'\u00e0 \u00b185\u00b0, connecteur M8\/M12\/Deutsch. LDA Belgique","robots":{"index":"index","follow":"follow","max-snippet":"max-snippet:-1","max-image-preview":"max-image-preview:large","max-video-preview":"max-video-preview:-1"},"canonical":"https:\/\/lda.be\/fr\/produit\/serie-eis-capteur-electronique-dinclinaison\/","og_locale":"fr_FR","og_type":"article","og_title":"S\u00e9rie EiS - Capteur \u00e9lectronique d'inclinaison - LDA Belgique","og_description":"Inclinom\u00e8tre Canfield avec technologie MEMS, tension ou 4-20 mA, capteur d'inclinaison pr\u00e9cis jusqu'\u00e0 \u00b185\u00b0, connecteur M8\/M12\/Deutsch. LDA Belgique","og_url":"https:\/\/lda.be\/fr\/produit\/serie-eis-capteur-electronique-dinclinaison\/","og_site_name":"LDA Belgique","article_modified_time":"2025-07-15T14:07:50+00:00","og_image":[{"width":800,"height":800,"url":"https:\/\/lda.be\/wp-content\/uploads\/2025\/07\/EIS.webp","type":"image\/webp"}],"twitter_card":"summary_large_image","twitter_misc":{"Dur\u00e9e de lecture estim\u00e9e":"1 minute"},"schema":{"@context":"https:\/\/schema.org","@graph":[{"@type":"WebPage","@id":"https:\/\/lda.be\/fr\/produit\/serie-eis-capteur-electronique-dinclinaison\/","url":"https:\/\/lda.be\/fr\/produit\/serie-eis-capteur-electronique-dinclinaison\/","name":"S\u00e9rie EiS - Capteur \u00e9lectronique d'inclinaison - LDA Belgique","isPartOf":{"@id":"https:\/\/lda.be\/fr\/#website"},"primaryImageOfPage":{"@id":"https:\/\/lda.be\/fr\/produit\/serie-eis-capteur-electronique-dinclinaison\/#primaryimage"},"image":{"@id":"https:\/\/lda.be\/fr\/produit\/serie-eis-capteur-electronique-dinclinaison\/#primaryimage"},"thumbnailUrl":"https:\/\/lda.be\/wp-content\/uploads\/2025\/07\/EIS.webp","datePublished":"2025-07-15T13:55:09+00:00","dateModified":"2025-07-15T14:07:50+00:00","description":"Inclinom\u00e8tre Canfield avec technologie MEMS, tension ou 4-20 mA, capteur d'inclinaison pr\u00e9cis jusqu'\u00e0 \u00b185\u00b0, connecteur M8\/M12\/Deutsch. LDA Belgique","breadcrumb":{"@id":"https:\/\/lda.be\/fr\/produit\/serie-eis-capteur-electronique-dinclinaison\/#breadcrumb"},"inLanguage":"fr-FR","potentialAction":[{"@type":"ReadAction","target":["https:\/\/lda.be\/fr\/produit\/serie-eis-capteur-electronique-dinclinaison\/"]}]},{"@type":"ImageObject","inLanguage":"fr-FR","@id":"https:\/\/lda.be\/fr\/produit\/serie-eis-capteur-electronique-dinclinaison\/#primaryimage","url":"https:\/\/lda.be\/wp-content\/uploads\/2025\/07\/EIS.webp","contentUrl":"https:\/\/lda.be\/wp-content\/uploads\/2025\/07\/EIS.webp","width":800,"height":800},{"@type":"BreadcrumbList","@id":"https:\/\/lda.be\/fr\/produit\/serie-eis-capteur-electronique-dinclinaison\/#breadcrumb","itemListElement":[{"@type":"ListItem","position":1,"name":"Accueil","item":"https:\/\/lda.be\/fr\/"},{"@type":"ListItem","position":2,"name":"Produits","item":"https:\/\/lda.be\/fr\/produits\/"},{"@type":"ListItem","position":3,"name":"S\u00e9rie EiS &#8211; Capteur \u00e9lectronique d&#8217;inclinaison"}]},{"@type":"WebSite","@id":"https:\/\/lda.be\/fr\/#website","url":"https:\/\/lda.be\/fr\/","name":"LDA Belgium","description":"Solutions For Life","publisher":{"@id":"https:\/\/lda.be\/fr\/#organization"},"potentialAction":[{"@type":"SearchAction","target":{"@type":"EntryPoint","urlTemplate":"https:\/\/lda.be\/fr\/?s={search_term_string}"},"query-input":{"@type":"PropertyValueSpecification","valueRequired":true,"valueName":"search_term_string"}}],"inLanguage":"fr-FR"},{"@type":"Organization","@id":"https:\/\/lda.be\/fr\/#organization","name":"LDA Belgium","url":"https:\/\/lda.be\/fr\/","logo":{"@type":"ImageObject","inLanguage":"fr-FR","@id":"https:\/\/lda.be\/fr\/#\/schema\/logo\/image\/","url":"https:\/\/lda.be\/wp-content\/uploads\/2022\/07\/Logo-LDA.webp","contentUrl":"https:\/\/lda.be\/wp-content\/uploads\/2022\/07\/Logo-LDA.webp","width":311,"height":101,"caption":"LDA Belgium"},"image":{"@id":"https:\/\/lda.be\/fr\/#\/schema\/logo\/image\/"},"sameAs":["https:\/\/www.linkedin.com\/company\/lda-belgium-nv"]}]}},"_links":{"self":[{"href":"https:\/\/lda.be\/fr\/wp-json\/wp\/v2\/product\/9671","targetHints":{"allow":["GET"]}}],"collection":[{"href":"https:\/\/lda.be\/fr\/wp-json\/wp\/v2\/product"}],"about":[{"href":"https:\/\/lda.be\/fr\/wp-json\/wp\/v2\/types\/product"}],"replies":[{"embeddable":true,"href":"https:\/\/lda.be\/fr\/wp-json\/wp\/v2\/comments?post=9671"}],"wp:featuredmedia":[{"embeddable":true,"href":"https:\/\/lda.be\/fr\/wp-json\/wp\/v2\/media\/9663"}],"wp:attachment":[{"href":"https:\/\/lda.be\/fr\/wp-json\/wp\/v2\/media?parent=9671"}],"wp:term":[{"taxonomy":"product_brand","embeddable":true,"href":"https:\/\/lda.be\/fr\/wp-json\/wp\/v2\/product_brand?post=9671"},{"taxonomy":"product_cat","embeddable":true,"href":"https:\/\/lda.be\/fr\/wp-json\/wp\/v2\/product_cat?post=9671"},{"taxonomy":"product_tag","embeddable":true,"href":"https:\/\/lda.be\/fr\/wp-json\/wp\/v2\/product_tag?post=9671"}],"curies":[{"name":"wp","href":"https:\/\/api.w.org\/{rel}","templated":true}]}}