{"id":9681,"date":"2025-07-16T09:30:10","date_gmt":"2025-07-16T08:30:10","guid":{"rendered":"https:\/\/lda.be\/?post_type=product&#038;p=9681"},"modified":"2025-07-16T09:38:56","modified_gmt":"2025-07-16T08:38:56","slug":"serie-eis-j1939-et-canopen-inclinometre-electronique","status":"publish","type":"product","link":"https:\/\/lda.be\/fr\/produit\/serie-eis-j1939-et-canopen-inclinometre-electronique\/","title":{"rendered":"S\u00e9rie EiS J1939 et CANopen &#8211; Inclinom\u00e8tre \u00e9lectronique"},"content":{"rendered":"<p>La s\u00e9rie EiS de Canfield est un inclinom\u00e8tre avanc\u00e9 \u00e0 deux canaux. Cette s\u00e9rie mesure les variations angulaires par rapport \u00e0 la gravit\u00e9. Gr\u00e2ce au choix entre les interfaces CANopen et SAE J1939, ce capteur s&#8217;int\u00e8gre parfaitement dans les r\u00e9seaux industriels et mobiles modernes. Le capteur d&#8217;inclinaison est calibr\u00e9 avec une pr\u00e9cision de \u00b10,3\u00b0 et une r\u00e9solution de 0,01\u00b0, ce qui est id\u00e9al pour les applications dynamiques o\u00f9 la pr\u00e9cision est cruciale.<\/p>\n<p>La s\u00e9rie EiS s&#8217;appuie sur une solide technologie MEMS et se pr\u00e9sente sous la forme d&#8217;un bo\u00eetier en m\u00e9tal moul\u00e9 avec une finition en poudre noire. Il est scell\u00e9 \u00e0 l&#8217;\u00e9poxy et prot\u00e9g\u00e9 selon la norme IP69K, c&#8217;est-\u00e0-dire qu&#8217;il r\u00e9siste \u00e0 la poussi\u00e8re, \u00e0 l&#8217;eau, aux vibrations et aux fluctuations de temp\u00e9rature jusqu&#8217;\u00e0 -40 \u00b0C. Les applications typiques sont le nivellement des plates-formes, la d\u00e9tection de l&#8217;angle de la fl\u00e8che, la surveillance de l&#8217;angle de la cam\u00e9ra ou la d\u00e9tection de mouvement sur les outils mobiles. Gr\u00e2ce aux deux trous de fixation de \u00d8 4,2 mm, le montage est facile et solide.<\/p>\n<p>Demandez d\u00e8s aujourd&#8217;hui un devis \u00e0 LDA Belgium et choisissez un inclinom\u00e8tre CAN industriel pr\u00eat \u00e0 affronter les conditions les plus difficiles.<\/p>\n","protected":false},"excerpt":{"rendered":"<p>La s\u00e9rie EiS de Canfield est un inclinom\u00e8tre avanc\u00e9 \u00e0 deux canaux. Cette s\u00e9rie mesure les variations angulaires par rapport \u00e0 la gravit\u00e9. Gr\u00e2ce au choix entre les interfaces CANopen et SAE J1939, ce capteur s&#8217;int\u00e8gre parfaitement dans les r\u00e9seaux industriels et mobiles modernes. Le capteur d&#8217;inclinaison est calibr\u00e9 avec une pr\u00e9cision de \u00b10,3\u00b0 et [&hellip;]<\/p>\n","protected":false},"featured_media":9676,"comment_status":"closed","ping_status":"closed","template":"","meta":[],"product_brand":[1610],"product_cat":[996,856,1618],"product_tag":[],"class_list":{"0":"post-9681","1":"product","2":"type-product","3":"status-publish","4":"has-post-thumbnail","6":"product_brand-canfield","7":"product_cat-pneumatique","8":"product_cat-verin","9":"product_cat-detecteurs-et-capteurs","11":"first","12":"instock","13":"shipping-taxable","14":"product-type-simple"},"yoast_head":"<!-- This site is optimized with the Yoast SEO plugin v27.3 - https:\/\/yoast.com\/product\/yoast-seo-wordpress\/ -->\n<title>S\u00e9rie EiS J1939 et CANopen - Inclinom\u00e8tre \u00e9lectronique - LDA Belgique<\/title>\n<meta name=\"description\" content=\"Inclinom\u00e8tre Canfield EiS 2 axes avec CANopen ou J1939, \u00b190\u00b0, IP69K, pr\u00e9cision 0,3\u00b0, 8-30 V, connecteur M8\/M12\/Deutsch. LDA Belgique\" \/>\n<meta name=\"robots\" content=\"index, follow, max-snippet:-1, max-image-preview:large, max-video-preview:-1\" \/>\n<link rel=\"canonical\" href=\"https:\/\/lda.be\/fr\/produit\/serie-eis-j1939-et-canopen-inclinometre-electronique\/\" \/>\n<meta property=\"og:locale\" content=\"fr_FR\" \/>\n<meta property=\"og:type\" content=\"article\" \/>\n<meta property=\"og:title\" content=\"S\u00e9rie EiS J1939 et CANopen - Inclinom\u00e8tre \u00e9lectronique - LDA Belgique\" \/>\n<meta property=\"og:description\" content=\"Inclinom\u00e8tre Canfield EiS 2 axes avec CANopen ou J1939, \u00b190\u00b0, IP69K, pr\u00e9cision 0,3\u00b0, 8-30 V, connecteur M8\/M12\/Deutsch. LDA Belgique\" \/>\n<meta property=\"og:url\" content=\"https:\/\/lda.be\/fr\/produit\/serie-eis-j1939-et-canopen-inclinometre-electronique\/\" \/>\n<meta property=\"og:site_name\" content=\"LDA Belgique\" \/>\n<meta property=\"article:modified_time\" content=\"2025-07-16T08:38:56+00:00\" \/>\n<meta property=\"og:image\" content=\"https:\/\/lda.be\/wp-content\/uploads\/2025\/07\/EIS-1.webp\" \/>\n\t<meta property=\"og:image:width\" content=\"800\" \/>\n\t<meta property=\"og:image:height\" content=\"800\" \/>\n\t<meta property=\"og:image:type\" content=\"image\/webp\" \/>\n<meta name=\"twitter:card\" content=\"summary_large_image\" \/>\n<script type=\"application\/ld+json\" class=\"yoast-schema-graph\">{\"@context\":\"https:\\\/\\\/schema.org\",\"@graph\":[{\"@type\":\"WebPage\",\"@id\":\"https:\\\/\\\/lda.be\\\/fr\\\/produit\\\/serie-eis-j1939-et-canopen-inclinometre-electronique\\\/\",\"url\":\"https:\\\/\\\/lda.be\\\/fr\\\/produit\\\/serie-eis-j1939-et-canopen-inclinometre-electronique\\\/\",\"name\":\"S\u00e9rie EiS J1939 et CANopen - Inclinom\u00e8tre \u00e9lectronique - LDA Belgique\",\"isPartOf\":{\"@id\":\"https:\\\/\\\/lda.be\\\/fr\\\/#website\"},\"primaryImageOfPage\":{\"@id\":\"https:\\\/\\\/lda.be\\\/fr\\\/produit\\\/serie-eis-j1939-et-canopen-inclinometre-electronique\\\/#primaryimage\"},\"image\":{\"@id\":\"https:\\\/\\\/lda.be\\\/fr\\\/produit\\\/serie-eis-j1939-et-canopen-inclinometre-electronique\\\/#primaryimage\"},\"thumbnailUrl\":\"https:\\\/\\\/lda.be\\\/wp-content\\\/uploads\\\/2025\\\/07\\\/EIS-1.webp\",\"datePublished\":\"2025-07-16T08:30:10+00:00\",\"dateModified\":\"2025-07-16T08:38:56+00:00\",\"description\":\"Inclinom\u00e8tre Canfield EiS 2 axes avec CANopen ou J1939, \u00b190\u00b0, IP69K, pr\u00e9cision 0,3\u00b0, 8-30 V, connecteur M8\\\/M12\\\/Deutsch. LDA Belgique\",\"breadcrumb\":{\"@id\":\"https:\\\/\\\/lda.be\\\/fr\\\/produit\\\/serie-eis-j1939-et-canopen-inclinometre-electronique\\\/#breadcrumb\"},\"inLanguage\":\"fr-FR\",\"potentialAction\":[{\"@type\":\"ReadAction\",\"target\":[\"https:\\\/\\\/lda.be\\\/fr\\\/produit\\\/serie-eis-j1939-et-canopen-inclinometre-electronique\\\/\"]}]},{\"@type\":\"ImageObject\",\"inLanguage\":\"fr-FR\",\"@id\":\"https:\\\/\\\/lda.be\\\/fr\\\/produit\\\/serie-eis-j1939-et-canopen-inclinometre-electronique\\\/#primaryimage\",\"url\":\"https:\\\/\\\/lda.be\\\/wp-content\\\/uploads\\\/2025\\\/07\\\/EIS-1.webp\",\"contentUrl\":\"https:\\\/\\\/lda.be\\\/wp-content\\\/uploads\\\/2025\\\/07\\\/EIS-1.webp\",\"width\":800,\"height\":800,\"caption\":\"Canfield EiS inclinometer\"},{\"@type\":\"BreadcrumbList\",\"@id\":\"https:\\\/\\\/lda.be\\\/fr\\\/produit\\\/serie-eis-j1939-et-canopen-inclinometre-electronique\\\/#breadcrumb\",\"itemListElement\":[{\"@type\":\"ListItem\",\"position\":1,\"name\":\"Accueil\",\"item\":\"https:\\\/\\\/lda.be\\\/fr\\\/\"},{\"@type\":\"ListItem\",\"position\":2,\"name\":\"Produits\",\"item\":\"https:\\\/\\\/lda.be\\\/fr\\\/produits\\\/\"},{\"@type\":\"ListItem\",\"position\":3,\"name\":\"S\u00e9rie EiS J1939 et CANopen &#8211; Inclinom\u00e8tre \u00e9lectronique\"}]},{\"@type\":\"WebSite\",\"@id\":\"https:\\\/\\\/lda.be\\\/fr\\\/#website\",\"url\":\"https:\\\/\\\/lda.be\\\/fr\\\/\",\"name\":\"LDA Belgium\",\"description\":\"Solutions For Life\",\"publisher\":{\"@id\":\"https:\\\/\\\/lda.be\\\/fr\\\/#organization\"},\"potentialAction\":[{\"@type\":\"SearchAction\",\"target\":{\"@type\":\"EntryPoint\",\"urlTemplate\":\"https:\\\/\\\/lda.be\\\/fr\\\/?s={search_term_string}\"},\"query-input\":{\"@type\":\"PropertyValueSpecification\",\"valueRequired\":true,\"valueName\":\"search_term_string\"}}],\"inLanguage\":\"fr-FR\"},{\"@type\":\"Organization\",\"@id\":\"https:\\\/\\\/lda.be\\\/fr\\\/#organization\",\"name\":\"LDA Belgium\",\"url\":\"https:\\\/\\\/lda.be\\\/fr\\\/\",\"logo\":{\"@type\":\"ImageObject\",\"inLanguage\":\"fr-FR\",\"@id\":\"https:\\\/\\\/lda.be\\\/fr\\\/#\\\/schema\\\/logo\\\/image\\\/\",\"url\":\"https:\\\/\\\/lda.be\\\/wp-content\\\/uploads\\\/2022\\\/07\\\/Logo-LDA.webp\",\"contentUrl\":\"https:\\\/\\\/lda.be\\\/wp-content\\\/uploads\\\/2022\\\/07\\\/Logo-LDA.webp\",\"width\":311,\"height\":101,\"caption\":\"LDA Belgium\"},\"image\":{\"@id\":\"https:\\\/\\\/lda.be\\\/fr\\\/#\\\/schema\\\/logo\\\/image\\\/\"},\"sameAs\":[\"https:\\\/\\\/www.linkedin.com\\\/company\\\/lda-belgium-nv\"]}]}<\/script>\n<!-- \/ Yoast SEO plugin. -->","yoast_head_json":{"title":"S\u00e9rie EiS J1939 et CANopen - Inclinom\u00e8tre \u00e9lectronique - LDA Belgique","description":"Inclinom\u00e8tre Canfield EiS 2 axes avec CANopen ou J1939, \u00b190\u00b0, IP69K, pr\u00e9cision 0,3\u00b0, 8-30 V, connecteur M8\/M12\/Deutsch. LDA Belgique","robots":{"index":"index","follow":"follow","max-snippet":"max-snippet:-1","max-image-preview":"max-image-preview:large","max-video-preview":"max-video-preview:-1"},"canonical":"https:\/\/lda.be\/fr\/produit\/serie-eis-j1939-et-canopen-inclinometre-electronique\/","og_locale":"fr_FR","og_type":"article","og_title":"S\u00e9rie EiS J1939 et CANopen - Inclinom\u00e8tre \u00e9lectronique - LDA Belgique","og_description":"Inclinom\u00e8tre Canfield EiS 2 axes avec CANopen ou J1939, \u00b190\u00b0, IP69K, pr\u00e9cision 0,3\u00b0, 8-30 V, connecteur M8\/M12\/Deutsch. LDA Belgique","og_url":"https:\/\/lda.be\/fr\/produit\/serie-eis-j1939-et-canopen-inclinometre-electronique\/","og_site_name":"LDA Belgique","article_modified_time":"2025-07-16T08:38:56+00:00","og_image":[{"width":800,"height":800,"url":"https:\/\/lda.be\/wp-content\/uploads\/2025\/07\/EIS-1.webp","type":"image\/webp"}],"twitter_card":"summary_large_image","schema":{"@context":"https:\/\/schema.org","@graph":[{"@type":"WebPage","@id":"https:\/\/lda.be\/fr\/produit\/serie-eis-j1939-et-canopen-inclinometre-electronique\/","url":"https:\/\/lda.be\/fr\/produit\/serie-eis-j1939-et-canopen-inclinometre-electronique\/","name":"S\u00e9rie EiS J1939 et CANopen - Inclinom\u00e8tre \u00e9lectronique - LDA Belgique","isPartOf":{"@id":"https:\/\/lda.be\/fr\/#website"},"primaryImageOfPage":{"@id":"https:\/\/lda.be\/fr\/produit\/serie-eis-j1939-et-canopen-inclinometre-electronique\/#primaryimage"},"image":{"@id":"https:\/\/lda.be\/fr\/produit\/serie-eis-j1939-et-canopen-inclinometre-electronique\/#primaryimage"},"thumbnailUrl":"https:\/\/lda.be\/wp-content\/uploads\/2025\/07\/EIS-1.webp","datePublished":"2025-07-16T08:30:10+00:00","dateModified":"2025-07-16T08:38:56+00:00","description":"Inclinom\u00e8tre Canfield EiS 2 axes avec CANopen ou J1939, \u00b190\u00b0, IP69K, pr\u00e9cision 0,3\u00b0, 8-30 V, connecteur M8\/M12\/Deutsch. LDA Belgique","breadcrumb":{"@id":"https:\/\/lda.be\/fr\/produit\/serie-eis-j1939-et-canopen-inclinometre-electronique\/#breadcrumb"},"inLanguage":"fr-FR","potentialAction":[{"@type":"ReadAction","target":["https:\/\/lda.be\/fr\/produit\/serie-eis-j1939-et-canopen-inclinometre-electronique\/"]}]},{"@type":"ImageObject","inLanguage":"fr-FR","@id":"https:\/\/lda.be\/fr\/produit\/serie-eis-j1939-et-canopen-inclinometre-electronique\/#primaryimage","url":"https:\/\/lda.be\/wp-content\/uploads\/2025\/07\/EIS-1.webp","contentUrl":"https:\/\/lda.be\/wp-content\/uploads\/2025\/07\/EIS-1.webp","width":800,"height":800,"caption":"Canfield EiS inclinometer"},{"@type":"BreadcrumbList","@id":"https:\/\/lda.be\/fr\/produit\/serie-eis-j1939-et-canopen-inclinometre-electronique\/#breadcrumb","itemListElement":[{"@type":"ListItem","position":1,"name":"Accueil","item":"https:\/\/lda.be\/fr\/"},{"@type":"ListItem","position":2,"name":"Produits","item":"https:\/\/lda.be\/fr\/produits\/"},{"@type":"ListItem","position":3,"name":"S\u00e9rie EiS J1939 et CANopen &#8211; Inclinom\u00e8tre \u00e9lectronique"}]},{"@type":"WebSite","@id":"https:\/\/lda.be\/fr\/#website","url":"https:\/\/lda.be\/fr\/","name":"LDA Belgium","description":"Solutions For Life","publisher":{"@id":"https:\/\/lda.be\/fr\/#organization"},"potentialAction":[{"@type":"SearchAction","target":{"@type":"EntryPoint","urlTemplate":"https:\/\/lda.be\/fr\/?s={search_term_string}"},"query-input":{"@type":"PropertyValueSpecification","valueRequired":true,"valueName":"search_term_string"}}],"inLanguage":"fr-FR"},{"@type":"Organization","@id":"https:\/\/lda.be\/fr\/#organization","name":"LDA Belgium","url":"https:\/\/lda.be\/fr\/","logo":{"@type":"ImageObject","inLanguage":"fr-FR","@id":"https:\/\/lda.be\/fr\/#\/schema\/logo\/image\/","url":"https:\/\/lda.be\/wp-content\/uploads\/2022\/07\/Logo-LDA.webp","contentUrl":"https:\/\/lda.be\/wp-content\/uploads\/2022\/07\/Logo-LDA.webp","width":311,"height":101,"caption":"LDA Belgium"},"image":{"@id":"https:\/\/lda.be\/fr\/#\/schema\/logo\/image\/"},"sameAs":["https:\/\/www.linkedin.com\/company\/lda-belgium-nv"]}]}},"_links":{"self":[{"href":"https:\/\/lda.be\/fr\/wp-json\/wp\/v2\/product\/9681","targetHints":{"allow":["GET"]}}],"collection":[{"href":"https:\/\/lda.be\/fr\/wp-json\/wp\/v2\/product"}],"about":[{"href":"https:\/\/lda.be\/fr\/wp-json\/wp\/v2\/types\/product"}],"replies":[{"embeddable":true,"href":"https:\/\/lda.be\/fr\/wp-json\/wp\/v2\/comments?post=9681"}],"wp:featuredmedia":[{"embeddable":true,"href":"https:\/\/lda.be\/fr\/wp-json\/wp\/v2\/media\/9676"}],"wp:attachment":[{"href":"https:\/\/lda.be\/fr\/wp-json\/wp\/v2\/media?parent=9681"}],"wp:term":[{"taxonomy":"product_brand","embeddable":true,"href":"https:\/\/lda.be\/fr\/wp-json\/wp\/v2\/product_brand?post=9681"},{"taxonomy":"product_cat","embeddable":true,"href":"https:\/\/lda.be\/fr\/wp-json\/wp\/v2\/product_cat?post=9681"},{"taxonomy":"product_tag","embeddable":true,"href":"https:\/\/lda.be\/fr\/wp-json\/wp\/v2\/product_tag?post=9681"}],"curies":[{"name":"wp","href":"https:\/\/api.w.org\/{rel}","templated":true}]}}