{"id":9690,"date":"2025-07-16T10:12:27","date_gmt":"2025-07-16T09:12:27","guid":{"rendered":"https:\/\/lda.be\/?post_type=product&#038;p=9690"},"modified":"2025-07-16T10:23:45","modified_gmt":"2025-07-16T09:23:45","slug":"serie-ets-detecteur-a-bascule","status":"publish","type":"product","link":"https:\/\/lda.be\/fr\/produit\/serie-ets-detecteur-a-bascule\/","title":{"rendered":"S\u00e9rie ETS &#8211; D\u00e9tecteur \u00e0 bascule"},"content":{"rendered":"<p>La s\u00e9rie ETS de Canfield est un d\u00e9t\u00e9cteur d&#8217;inclinaison robuste enti\u00e8rement \u00e9lectronique qui active une sortie d&#8217;interrupteur \u00e0 un angle d&#8217;inclinaison pr\u00e9d\u00e9fini. Le d\u00e9t\u00e9cteur utilise la technologie MEMS pour mesurer avec pr\u00e9cision la position d&#8217;un objet par rapport \u00e0 la gravit\u00e9 et peut \u00eatre utilis\u00e9 en version \u00e0 un ou deux axes. Les applications comprennent le nivellement des plateformes, la d\u00e9tection de la position des bras, la stabilisation des cam\u00e9ras ou la d\u00e9tection des mouvements.<\/p>\n<p>La sortie de commutation (source PNP) commute \u00e0 un angle d\u00e9fini de \u00b115\u00b0, \u00b130\u00b0, \u00b145\u00b0, \u00b160\u00b0 ou \u00b185\u00b0, avec une pr\u00e9cision de \u00b10,5\u00b0 et une d\u00e9viation maximale due \u00e0 la temp\u00e9rature de seulement \u00b11\u00b0. Le bo\u00eetier compact en m\u00e9tal moul\u00e9 est recouvert d&#8217;une couche de poudre noire, enti\u00e8rement encapsul\u00e9 dans de l&#8217;\u00e9poxy et r\u00e9sistant \u00e0 la poussi\u00e8re, \u00e0 l&#8217;eau et aux vibrations selon la norme IP69K.<\/p>\n<p>Demandez d\u00e8s aujourd&#8217;hui votre devis \u00e0 LDA Belgique et commutez automatiquement au bon moment avec la s\u00e9rie ETS.<\/p>\n","protected":false},"excerpt":{"rendered":"<p>La s\u00e9rie ETS de Canfield est un d\u00e9t\u00e9cteur d&#8217;inclinaison robuste enti\u00e8rement \u00e9lectronique qui active une sortie d&#8217;interrupteur \u00e0 un angle d&#8217;inclinaison pr\u00e9d\u00e9fini. Le d\u00e9t\u00e9cteur utilise la technologie MEMS pour mesurer avec pr\u00e9cision la position d&#8217;un objet par rapport \u00e0 la gravit\u00e9 et peut \u00eatre utilis\u00e9 en version \u00e0 un ou deux axes. Les applications comprennent [&hellip;]<\/p>\n","protected":false},"featured_media":9688,"comment_status":"closed","ping_status":"closed","template":"","meta":[],"product_brand":[1610],"product_cat":[996,856,1618],"product_tag":[],"class_list":{"0":"post-9690","1":"product","2":"type-product","3":"status-publish","4":"has-post-thumbnail","6":"product_brand-canfield","7":"product_cat-pneumatique","8":"product_cat-verin","9":"product_cat-detecteurs-et-capteurs","11":"first","12":"instock","13":"shipping-taxable","14":"product-type-simple"},"yoast_head":"<!-- This site is optimized with the Yoast SEO plugin v27.3 - https:\/\/yoast.com\/product\/yoast-seo-wordpress\/ -->\n<title>S\u00e9rie ETS - D\u00e9tecteur \u00e0 bascule - LDA Belgique<\/title>\n<meta name=\"description\" content=\"Commutateur d&#039;inclinaison Canfield ETS, \u00e0 base de MEMS, angle r\u00e9glable jusqu&#039;\u00e0 \u00b185\u00b0, sortie PNP, IP69K, 12-24 V DC, c\u00e2ble ou M8\/M12\/Deutsch. LDA Belgique\" \/>\n<meta name=\"robots\" content=\"index, follow, max-snippet:-1, max-image-preview:large, max-video-preview:-1\" \/>\n<link rel=\"canonical\" href=\"https:\/\/lda.be\/fr\/produit\/serie-ets-detecteur-a-bascule\/\" \/>\n<meta property=\"og:locale\" content=\"fr_FR\" \/>\n<meta property=\"og:type\" content=\"article\" \/>\n<meta property=\"og:title\" content=\"S\u00e9rie ETS - D\u00e9tecteur \u00e0 bascule - LDA Belgique\" \/>\n<meta property=\"og:description\" content=\"Commutateur d&#039;inclinaison Canfield ETS, \u00e0 base de MEMS, angle r\u00e9glable jusqu&#039;\u00e0 \u00b185\u00b0, sortie PNP, IP69K, 12-24 V DC, c\u00e2ble ou M8\/M12\/Deutsch. LDA Belgique\" \/>\n<meta property=\"og:url\" content=\"https:\/\/lda.be\/fr\/produit\/serie-ets-detecteur-a-bascule\/\" \/>\n<meta property=\"og:site_name\" content=\"LDA Belgique\" \/>\n<meta property=\"article:modified_time\" content=\"2025-07-16T09:23:45+00:00\" \/>\n<meta property=\"og:image\" content=\"https:\/\/lda.be\/wp-content\/uploads\/2025\/07\/ETS.webp\" \/>\n\t<meta property=\"og:image:width\" content=\"800\" \/>\n\t<meta property=\"og:image:height\" content=\"800\" \/>\n\t<meta property=\"og:image:type\" content=\"image\/webp\" \/>\n<meta name=\"twitter:card\" content=\"summary_large_image\" \/>\n<meta name=\"twitter:label1\" content=\"Dur\u00e9e de lecture estim\u00e9e\" \/>\n\t<meta name=\"twitter:data1\" content=\"1 minute\" \/>\n<script type=\"application\/ld+json\" class=\"yoast-schema-graph\">{\"@context\":\"https:\\\/\\\/schema.org\",\"@graph\":[{\"@type\":\"WebPage\",\"@id\":\"https:\\\/\\\/lda.be\\\/fr\\\/produit\\\/serie-ets-detecteur-a-bascule\\\/\",\"url\":\"https:\\\/\\\/lda.be\\\/fr\\\/produit\\\/serie-ets-detecteur-a-bascule\\\/\",\"name\":\"S\u00e9rie ETS - D\u00e9tecteur \u00e0 bascule - LDA Belgique\",\"isPartOf\":{\"@id\":\"https:\\\/\\\/lda.be\\\/fr\\\/#website\"},\"primaryImageOfPage\":{\"@id\":\"https:\\\/\\\/lda.be\\\/fr\\\/produit\\\/serie-ets-detecteur-a-bascule\\\/#primaryimage\"},\"image\":{\"@id\":\"https:\\\/\\\/lda.be\\\/fr\\\/produit\\\/serie-ets-detecteur-a-bascule\\\/#primaryimage\"},\"thumbnailUrl\":\"https:\\\/\\\/lda.be\\\/wp-content\\\/uploads\\\/2025\\\/07\\\/ETS.webp\",\"datePublished\":\"2025-07-16T09:12:27+00:00\",\"dateModified\":\"2025-07-16T09:23:45+00:00\",\"description\":\"Commutateur d'inclinaison Canfield ETS, \u00e0 base de MEMS, angle r\u00e9glable jusqu'\u00e0 \u00b185\u00b0, sortie PNP, IP69K, 12-24 V DC, c\u00e2ble ou M8\\\/M12\\\/Deutsch. LDA Belgique\",\"breadcrumb\":{\"@id\":\"https:\\\/\\\/lda.be\\\/fr\\\/produit\\\/serie-ets-detecteur-a-bascule\\\/#breadcrumb\"},\"inLanguage\":\"fr-FR\",\"potentialAction\":[{\"@type\":\"ReadAction\",\"target\":[\"https:\\\/\\\/lda.be\\\/fr\\\/produit\\\/serie-ets-detecteur-a-bascule\\\/\"]}]},{\"@type\":\"ImageObject\",\"inLanguage\":\"fr-FR\",\"@id\":\"https:\\\/\\\/lda.be\\\/fr\\\/produit\\\/serie-ets-detecteur-a-bascule\\\/#primaryimage\",\"url\":\"https:\\\/\\\/lda.be\\\/wp-content\\\/uploads\\\/2025\\\/07\\\/ETS.webp\",\"contentUrl\":\"https:\\\/\\\/lda.be\\\/wp-content\\\/uploads\\\/2025\\\/07\\\/ETS.webp\",\"width\":800,\"height\":800,\"caption\":\"canfield ets schakelaar\"},{\"@type\":\"BreadcrumbList\",\"@id\":\"https:\\\/\\\/lda.be\\\/fr\\\/produit\\\/serie-ets-detecteur-a-bascule\\\/#breadcrumb\",\"itemListElement\":[{\"@type\":\"ListItem\",\"position\":1,\"name\":\"Accueil\",\"item\":\"https:\\\/\\\/lda.be\\\/fr\\\/\"},{\"@type\":\"ListItem\",\"position\":2,\"name\":\"Produits\",\"item\":\"https:\\\/\\\/lda.be\\\/fr\\\/produits\\\/\"},{\"@type\":\"ListItem\",\"position\":3,\"name\":\"S\u00e9rie ETS &#8211; D\u00e9tecteur \u00e0 bascule\"}]},{\"@type\":\"WebSite\",\"@id\":\"https:\\\/\\\/lda.be\\\/fr\\\/#website\",\"url\":\"https:\\\/\\\/lda.be\\\/fr\\\/\",\"name\":\"LDA Belgium\",\"description\":\"Solutions For Life\",\"publisher\":{\"@id\":\"https:\\\/\\\/lda.be\\\/fr\\\/#organization\"},\"potentialAction\":[{\"@type\":\"SearchAction\",\"target\":{\"@type\":\"EntryPoint\",\"urlTemplate\":\"https:\\\/\\\/lda.be\\\/fr\\\/?s={search_term_string}\"},\"query-input\":{\"@type\":\"PropertyValueSpecification\",\"valueRequired\":true,\"valueName\":\"search_term_string\"}}],\"inLanguage\":\"fr-FR\"},{\"@type\":\"Organization\",\"@id\":\"https:\\\/\\\/lda.be\\\/fr\\\/#organization\",\"name\":\"LDA Belgium\",\"url\":\"https:\\\/\\\/lda.be\\\/fr\\\/\",\"logo\":{\"@type\":\"ImageObject\",\"inLanguage\":\"fr-FR\",\"@id\":\"https:\\\/\\\/lda.be\\\/fr\\\/#\\\/schema\\\/logo\\\/image\\\/\",\"url\":\"https:\\\/\\\/lda.be\\\/wp-content\\\/uploads\\\/2022\\\/07\\\/Logo-LDA.webp\",\"contentUrl\":\"https:\\\/\\\/lda.be\\\/wp-content\\\/uploads\\\/2022\\\/07\\\/Logo-LDA.webp\",\"width\":311,\"height\":101,\"caption\":\"LDA Belgium\"},\"image\":{\"@id\":\"https:\\\/\\\/lda.be\\\/fr\\\/#\\\/schema\\\/logo\\\/image\\\/\"},\"sameAs\":[\"https:\\\/\\\/www.linkedin.com\\\/company\\\/lda-belgium-nv\"]}]}<\/script>\n<!-- \/ Yoast SEO plugin. -->","yoast_head_json":{"title":"S\u00e9rie ETS - D\u00e9tecteur \u00e0 bascule - LDA Belgique","description":"Commutateur d'inclinaison Canfield ETS, \u00e0 base de MEMS, angle r\u00e9glable jusqu'\u00e0 \u00b185\u00b0, sortie PNP, IP69K, 12-24 V DC, c\u00e2ble ou M8\/M12\/Deutsch. LDA Belgique","robots":{"index":"index","follow":"follow","max-snippet":"max-snippet:-1","max-image-preview":"max-image-preview:large","max-video-preview":"max-video-preview:-1"},"canonical":"https:\/\/lda.be\/fr\/produit\/serie-ets-detecteur-a-bascule\/","og_locale":"fr_FR","og_type":"article","og_title":"S\u00e9rie ETS - D\u00e9tecteur \u00e0 bascule - LDA Belgique","og_description":"Commutateur d'inclinaison Canfield ETS, \u00e0 base de MEMS, angle r\u00e9glable jusqu'\u00e0 \u00b185\u00b0, sortie PNP, IP69K, 12-24 V DC, c\u00e2ble ou M8\/M12\/Deutsch. LDA Belgique","og_url":"https:\/\/lda.be\/fr\/produit\/serie-ets-detecteur-a-bascule\/","og_site_name":"LDA Belgique","article_modified_time":"2025-07-16T09:23:45+00:00","og_image":[{"width":800,"height":800,"url":"https:\/\/lda.be\/wp-content\/uploads\/2025\/07\/ETS.webp","type":"image\/webp"}],"twitter_card":"summary_large_image","twitter_misc":{"Dur\u00e9e de lecture estim\u00e9e":"1 minute"},"schema":{"@context":"https:\/\/schema.org","@graph":[{"@type":"WebPage","@id":"https:\/\/lda.be\/fr\/produit\/serie-ets-detecteur-a-bascule\/","url":"https:\/\/lda.be\/fr\/produit\/serie-ets-detecteur-a-bascule\/","name":"S\u00e9rie ETS - D\u00e9tecteur \u00e0 bascule - LDA Belgique","isPartOf":{"@id":"https:\/\/lda.be\/fr\/#website"},"primaryImageOfPage":{"@id":"https:\/\/lda.be\/fr\/produit\/serie-ets-detecteur-a-bascule\/#primaryimage"},"image":{"@id":"https:\/\/lda.be\/fr\/produit\/serie-ets-detecteur-a-bascule\/#primaryimage"},"thumbnailUrl":"https:\/\/lda.be\/wp-content\/uploads\/2025\/07\/ETS.webp","datePublished":"2025-07-16T09:12:27+00:00","dateModified":"2025-07-16T09:23:45+00:00","description":"Commutateur d'inclinaison Canfield ETS, \u00e0 base de MEMS, angle r\u00e9glable jusqu'\u00e0 \u00b185\u00b0, sortie PNP, IP69K, 12-24 V DC, c\u00e2ble ou M8\/M12\/Deutsch. LDA Belgique","breadcrumb":{"@id":"https:\/\/lda.be\/fr\/produit\/serie-ets-detecteur-a-bascule\/#breadcrumb"},"inLanguage":"fr-FR","potentialAction":[{"@type":"ReadAction","target":["https:\/\/lda.be\/fr\/produit\/serie-ets-detecteur-a-bascule\/"]}]},{"@type":"ImageObject","inLanguage":"fr-FR","@id":"https:\/\/lda.be\/fr\/produit\/serie-ets-detecteur-a-bascule\/#primaryimage","url":"https:\/\/lda.be\/wp-content\/uploads\/2025\/07\/ETS.webp","contentUrl":"https:\/\/lda.be\/wp-content\/uploads\/2025\/07\/ETS.webp","width":800,"height":800,"caption":"canfield ets schakelaar"},{"@type":"BreadcrumbList","@id":"https:\/\/lda.be\/fr\/produit\/serie-ets-detecteur-a-bascule\/#breadcrumb","itemListElement":[{"@type":"ListItem","position":1,"name":"Accueil","item":"https:\/\/lda.be\/fr\/"},{"@type":"ListItem","position":2,"name":"Produits","item":"https:\/\/lda.be\/fr\/produits\/"},{"@type":"ListItem","position":3,"name":"S\u00e9rie ETS &#8211; D\u00e9tecteur \u00e0 bascule"}]},{"@type":"WebSite","@id":"https:\/\/lda.be\/fr\/#website","url":"https:\/\/lda.be\/fr\/","name":"LDA Belgium","description":"Solutions For Life","publisher":{"@id":"https:\/\/lda.be\/fr\/#organization"},"potentialAction":[{"@type":"SearchAction","target":{"@type":"EntryPoint","urlTemplate":"https:\/\/lda.be\/fr\/?s={search_term_string}"},"query-input":{"@type":"PropertyValueSpecification","valueRequired":true,"valueName":"search_term_string"}}],"inLanguage":"fr-FR"},{"@type":"Organization","@id":"https:\/\/lda.be\/fr\/#organization","name":"LDA Belgium","url":"https:\/\/lda.be\/fr\/","logo":{"@type":"ImageObject","inLanguage":"fr-FR","@id":"https:\/\/lda.be\/fr\/#\/schema\/logo\/image\/","url":"https:\/\/lda.be\/wp-content\/uploads\/2022\/07\/Logo-LDA.webp","contentUrl":"https:\/\/lda.be\/wp-content\/uploads\/2022\/07\/Logo-LDA.webp","width":311,"height":101,"caption":"LDA Belgium"},"image":{"@id":"https:\/\/lda.be\/fr\/#\/schema\/logo\/image\/"},"sameAs":["https:\/\/www.linkedin.com\/company\/lda-belgium-nv"]}]}},"_links":{"self":[{"href":"https:\/\/lda.be\/fr\/wp-json\/wp\/v2\/product\/9690","targetHints":{"allow":["GET"]}}],"collection":[{"href":"https:\/\/lda.be\/fr\/wp-json\/wp\/v2\/product"}],"about":[{"href":"https:\/\/lda.be\/fr\/wp-json\/wp\/v2\/types\/product"}],"replies":[{"embeddable":true,"href":"https:\/\/lda.be\/fr\/wp-json\/wp\/v2\/comments?post=9690"}],"wp:featuredmedia":[{"embeddable":true,"href":"https:\/\/lda.be\/fr\/wp-json\/wp\/v2\/media\/9688"}],"wp:attachment":[{"href":"https:\/\/lda.be\/fr\/wp-json\/wp\/v2\/media?parent=9690"}],"wp:term":[{"taxonomy":"product_brand","embeddable":true,"href":"https:\/\/lda.be\/fr\/wp-json\/wp\/v2\/product_brand?post=9690"},{"taxonomy":"product_cat","embeddable":true,"href":"https:\/\/lda.be\/fr\/wp-json\/wp\/v2\/product_cat?post=9690"},{"taxonomy":"product_tag","embeddable":true,"href":"https:\/\/lda.be\/fr\/wp-json\/wp\/v2\/product_tag?post=9690"}],"curies":[{"name":"wp","href":"https:\/\/api.w.org\/{rel}","templated":true}]}}