{"id":9702,"date":"2025-07-16T11:33:54","date_gmt":"2025-07-16T10:33:54","guid":{"rendered":"https:\/\/lda.be\/?post_type=product&#038;p=9702"},"modified":"2025-07-16T12:34:16","modified_gmt":"2025-07-16T11:34:16","slug":"serie-5800-minuterie-micro-logique-din","status":"publish","type":"product","link":"https:\/\/lda.be\/fr\/produit\/serie-5800-minuterie-micro-logique-din\/","title":{"rendered":"S\u00e9rie 5800 &#8211; Minuterie micro logique DIN"},"content":{"rendered":"<p>La minuterie \u00e9lectronique Micro Logic Timer (MLT) de la s\u00e9rie 5800 de Canfield est enti\u00e8rement int\u00e9gr\u00e9e dans un connecteur d&#8217;\u00e9lectrovanne MINI ou ISO standard (DIN EN175301-803 forme A). Cette unit\u00e9 de temporisation intelligente vous permet d&#8217;appliquer des fonctions de temporisation et de commutation logique directement au niveau de la vanne, sans armoire ou relais s\u00e9par\u00e9. Cela permet d&#8217;\u00e9conomiser de l&#8217;espace et du c\u00e2blage dans l&#8217;automatisation industrielle.<\/p>\n<p>Le MLT est disponible dans 13 configurations de temporisation diff\u00e9rentes, notamment : temporisation d&#8217;intervalle, temporisation tout ou rien, cycle et temporisation simple, avec ou sans d\u00e9clencheur. Le r\u00e9glage de la temporisation s&#8217;effectue \u00e0 l&#8217;aide d&#8217;un simple cadran situ\u00e9 sur le bo\u00eetier. L&#8217;\u00e9lectronique est enti\u00e8rement moul\u00e9e en polycarbonate transparent et \u00e9quip\u00e9e d&#8217;un indicateur LED. La s\u00e9rie 5800 est adapt\u00e9e \u00e0 la tension alternative ou continue, avec une plage de tension de 12-240 VDC ou 24-240 VAC.<\/p>\n<p>La s\u00e9rie 5800 est applicable aux syst\u00e8mes pneumatiques, \u00e0 la commande de machines, \u00e0 l&#8217;hydraulique, \u00e0 la technologie d&#8217;emballage, etc.<\/p>\n<p>Demandez d\u00e8s aujourd&#8217;hui un devis \u00e0 LDA Belgium et ajoutez une puissante fonctionnalit\u00e9 de synchronisation \u00e0 votre installation existante.<\/p>\n","protected":false},"excerpt":{"rendered":"<p>La minuterie \u00e9lectronique Micro Logic Timer (MLT) de la s\u00e9rie 5800 de Canfield est enti\u00e8rement int\u00e9gr\u00e9e dans un connecteur d&#8217;\u00e9lectrovanne MINI ou ISO standard (DIN EN175301-803 forme A). Cette unit\u00e9 de temporisation intelligente vous permet d&#8217;appliquer des fonctions de temporisation et de commutation logique directement au niveau de la vanne, sans armoire ou relais s\u00e9par\u00e9. [&hellip;]<\/p>\n","protected":false},"featured_media":9697,"comment_status":"closed","ping_status":"closed","template":"","meta":[],"product_brand":[1610],"product_cat":[818,836],"product_tag":[],"class_list":{"0":"post-9702","1":"product","2":"type-product","3":"status-publish","4":"has-post-thumbnail","6":"product_brand-canfield","7":"product_cat-connecteurs-et-cables","8":"product_cat-minuteries-et-electronique","10":"first","11":"instock","12":"shipping-taxable","13":"product-type-simple"},"yoast_head":"<!-- This site is optimized with the Yoast SEO plugin v27.3 - https:\/\/yoast.com\/product\/yoast-seo-wordpress\/ -->\n<title>S\u00e9rie 5800 - Minuterie micro logique DIN - LDA Belgique<\/title>\n<meta name=\"description\" content=\"Minuterie micro logique Canfield 5800, 12-240 V AC\/DC, int\u00e9gr\u00e9e dans un connecteur DIN ou MINI, jusqu&#039;\u00e0 33 min, , IP65. LDA Belgique\" \/>\n<meta name=\"robots\" content=\"index, follow, max-snippet:-1, max-image-preview:large, max-video-preview:-1\" \/>\n<link rel=\"canonical\" href=\"https:\/\/lda.be\/fr\/produit\/serie-5800-minuterie-micro-logique-din\/\" \/>\n<meta property=\"og:locale\" content=\"fr_FR\" \/>\n<meta property=\"og:type\" content=\"article\" \/>\n<meta property=\"og:title\" content=\"S\u00e9rie 5800 - Minuterie micro logique DIN - LDA Belgique\" \/>\n<meta property=\"og:description\" content=\"Minuterie micro logique Canfield 5800, 12-240 V AC\/DC, int\u00e9gr\u00e9e dans un connecteur DIN ou MINI, jusqu&#039;\u00e0 33 min, , IP65. LDA Belgique\" \/>\n<meta property=\"og:url\" content=\"https:\/\/lda.be\/fr\/produit\/serie-5800-minuterie-micro-logique-din\/\" \/>\n<meta property=\"og:site_name\" content=\"LDA Belgique\" \/>\n<meta property=\"article:modified_time\" content=\"2025-07-16T11:34:16+00:00\" \/>\n<meta property=\"og:image\" content=\"https:\/\/lda.be\/wp-content\/uploads\/2025\/07\/5800.webp\" \/>\n\t<meta property=\"og:image:width\" content=\"800\" \/>\n\t<meta property=\"og:image:height\" content=\"800\" \/>\n\t<meta property=\"og:image:type\" content=\"image\/webp\" \/>\n<meta name=\"twitter:card\" content=\"summary_large_image\" \/>\n<meta name=\"twitter:label1\" content=\"Dur\u00e9e de lecture estim\u00e9e\" \/>\n\t<meta name=\"twitter:data1\" content=\"1 minute\" \/>\n<script type=\"application\/ld+json\" class=\"yoast-schema-graph\">{\"@context\":\"https:\\\/\\\/schema.org\",\"@graph\":[{\"@type\":\"WebPage\",\"@id\":\"https:\\\/\\\/lda.be\\\/fr\\\/produit\\\/serie-5800-minuterie-micro-logique-din\\\/\",\"url\":\"https:\\\/\\\/lda.be\\\/fr\\\/produit\\\/serie-5800-minuterie-micro-logique-din\\\/\",\"name\":\"S\u00e9rie 5800 - Minuterie micro logique DIN - LDA Belgique\",\"isPartOf\":{\"@id\":\"https:\\\/\\\/lda.be\\\/fr\\\/#website\"},\"primaryImageOfPage\":{\"@id\":\"https:\\\/\\\/lda.be\\\/fr\\\/produit\\\/serie-5800-minuterie-micro-logique-din\\\/#primaryimage\"},\"image\":{\"@id\":\"https:\\\/\\\/lda.be\\\/fr\\\/produit\\\/serie-5800-minuterie-micro-logique-din\\\/#primaryimage\"},\"thumbnailUrl\":\"https:\\\/\\\/lda.be\\\/wp-content\\\/uploads\\\/2025\\\/07\\\/5800.webp\",\"datePublished\":\"2025-07-16T10:33:54+00:00\",\"dateModified\":\"2025-07-16T11:34:16+00:00\",\"description\":\"Minuterie micro logique Canfield 5800, 12-240 V AC\\\/DC, int\u00e9gr\u00e9e dans un connecteur DIN ou MINI, jusqu'\u00e0 33 min, , IP65. LDA Belgique\",\"breadcrumb\":{\"@id\":\"https:\\\/\\\/lda.be\\\/fr\\\/produit\\\/serie-5800-minuterie-micro-logique-din\\\/#breadcrumb\"},\"inLanguage\":\"fr-FR\",\"potentialAction\":[{\"@type\":\"ReadAction\",\"target\":[\"https:\\\/\\\/lda.be\\\/fr\\\/produit\\\/serie-5800-minuterie-micro-logique-din\\\/\"]}]},{\"@type\":\"ImageObject\",\"inLanguage\":\"fr-FR\",\"@id\":\"https:\\\/\\\/lda.be\\\/fr\\\/produit\\\/serie-5800-minuterie-micro-logique-din\\\/#primaryimage\",\"url\":\"https:\\\/\\\/lda.be\\\/wp-content\\\/uploads\\\/2025\\\/07\\\/5800.webp\",\"contentUrl\":\"https:\\\/\\\/lda.be\\\/wp-content\\\/uploads\\\/2025\\\/07\\\/5800.webp\",\"width\":800,\"height\":800,\"caption\":\"canfield 5800 logic timer\"},{\"@type\":\"BreadcrumbList\",\"@id\":\"https:\\\/\\\/lda.be\\\/fr\\\/produit\\\/serie-5800-minuterie-micro-logique-din\\\/#breadcrumb\",\"itemListElement\":[{\"@type\":\"ListItem\",\"position\":1,\"name\":\"Accueil\",\"item\":\"https:\\\/\\\/lda.be\\\/fr\\\/\"},{\"@type\":\"ListItem\",\"position\":2,\"name\":\"Produits\",\"item\":\"https:\\\/\\\/lda.be\\\/fr\\\/produits\\\/\"},{\"@type\":\"ListItem\",\"position\":3,\"name\":\"S\u00e9rie 5800 &#8211; Minuterie micro logique DIN\"}]},{\"@type\":\"WebSite\",\"@id\":\"https:\\\/\\\/lda.be\\\/fr\\\/#website\",\"url\":\"https:\\\/\\\/lda.be\\\/fr\\\/\",\"name\":\"LDA Belgium\",\"description\":\"Solutions For Life\",\"publisher\":{\"@id\":\"https:\\\/\\\/lda.be\\\/fr\\\/#organization\"},\"potentialAction\":[{\"@type\":\"SearchAction\",\"target\":{\"@type\":\"EntryPoint\",\"urlTemplate\":\"https:\\\/\\\/lda.be\\\/fr\\\/?s={search_term_string}\"},\"query-input\":{\"@type\":\"PropertyValueSpecification\",\"valueRequired\":true,\"valueName\":\"search_term_string\"}}],\"inLanguage\":\"fr-FR\"},{\"@type\":\"Organization\",\"@id\":\"https:\\\/\\\/lda.be\\\/fr\\\/#organization\",\"name\":\"LDA Belgium\",\"url\":\"https:\\\/\\\/lda.be\\\/fr\\\/\",\"logo\":{\"@type\":\"ImageObject\",\"inLanguage\":\"fr-FR\",\"@id\":\"https:\\\/\\\/lda.be\\\/fr\\\/#\\\/schema\\\/logo\\\/image\\\/\",\"url\":\"https:\\\/\\\/lda.be\\\/wp-content\\\/uploads\\\/2022\\\/07\\\/Logo-LDA.webp\",\"contentUrl\":\"https:\\\/\\\/lda.be\\\/wp-content\\\/uploads\\\/2022\\\/07\\\/Logo-LDA.webp\",\"width\":311,\"height\":101,\"caption\":\"LDA Belgium\"},\"image\":{\"@id\":\"https:\\\/\\\/lda.be\\\/fr\\\/#\\\/schema\\\/logo\\\/image\\\/\"},\"sameAs\":[\"https:\\\/\\\/www.linkedin.com\\\/company\\\/lda-belgium-nv\"]}]}<\/script>\n<!-- \/ Yoast SEO plugin. -->","yoast_head_json":{"title":"S\u00e9rie 5800 - Minuterie micro logique DIN - LDA Belgique","description":"Minuterie micro logique Canfield 5800, 12-240 V AC\/DC, int\u00e9gr\u00e9e dans un connecteur DIN ou MINI, jusqu'\u00e0 33 min, , IP65. LDA Belgique","robots":{"index":"index","follow":"follow","max-snippet":"max-snippet:-1","max-image-preview":"max-image-preview:large","max-video-preview":"max-video-preview:-1"},"canonical":"https:\/\/lda.be\/fr\/produit\/serie-5800-minuterie-micro-logique-din\/","og_locale":"fr_FR","og_type":"article","og_title":"S\u00e9rie 5800 - Minuterie micro logique DIN - LDA Belgique","og_description":"Minuterie micro logique Canfield 5800, 12-240 V AC\/DC, int\u00e9gr\u00e9e dans un connecteur DIN ou MINI, jusqu'\u00e0 33 min, , IP65. LDA Belgique","og_url":"https:\/\/lda.be\/fr\/produit\/serie-5800-minuterie-micro-logique-din\/","og_site_name":"LDA Belgique","article_modified_time":"2025-07-16T11:34:16+00:00","og_image":[{"width":800,"height":800,"url":"https:\/\/lda.be\/wp-content\/uploads\/2025\/07\/5800.webp","type":"image\/webp"}],"twitter_card":"summary_large_image","twitter_misc":{"Dur\u00e9e de lecture estim\u00e9e":"1 minute"},"schema":{"@context":"https:\/\/schema.org","@graph":[{"@type":"WebPage","@id":"https:\/\/lda.be\/fr\/produit\/serie-5800-minuterie-micro-logique-din\/","url":"https:\/\/lda.be\/fr\/produit\/serie-5800-minuterie-micro-logique-din\/","name":"S\u00e9rie 5800 - Minuterie micro logique DIN - LDA Belgique","isPartOf":{"@id":"https:\/\/lda.be\/fr\/#website"},"primaryImageOfPage":{"@id":"https:\/\/lda.be\/fr\/produit\/serie-5800-minuterie-micro-logique-din\/#primaryimage"},"image":{"@id":"https:\/\/lda.be\/fr\/produit\/serie-5800-minuterie-micro-logique-din\/#primaryimage"},"thumbnailUrl":"https:\/\/lda.be\/wp-content\/uploads\/2025\/07\/5800.webp","datePublished":"2025-07-16T10:33:54+00:00","dateModified":"2025-07-16T11:34:16+00:00","description":"Minuterie micro logique Canfield 5800, 12-240 V AC\/DC, int\u00e9gr\u00e9e dans un connecteur DIN ou MINI, jusqu'\u00e0 33 min, , IP65. LDA Belgique","breadcrumb":{"@id":"https:\/\/lda.be\/fr\/produit\/serie-5800-minuterie-micro-logique-din\/#breadcrumb"},"inLanguage":"fr-FR","potentialAction":[{"@type":"ReadAction","target":["https:\/\/lda.be\/fr\/produit\/serie-5800-minuterie-micro-logique-din\/"]}]},{"@type":"ImageObject","inLanguage":"fr-FR","@id":"https:\/\/lda.be\/fr\/produit\/serie-5800-minuterie-micro-logique-din\/#primaryimage","url":"https:\/\/lda.be\/wp-content\/uploads\/2025\/07\/5800.webp","contentUrl":"https:\/\/lda.be\/wp-content\/uploads\/2025\/07\/5800.webp","width":800,"height":800,"caption":"canfield 5800 logic timer"},{"@type":"BreadcrumbList","@id":"https:\/\/lda.be\/fr\/produit\/serie-5800-minuterie-micro-logique-din\/#breadcrumb","itemListElement":[{"@type":"ListItem","position":1,"name":"Accueil","item":"https:\/\/lda.be\/fr\/"},{"@type":"ListItem","position":2,"name":"Produits","item":"https:\/\/lda.be\/fr\/produits\/"},{"@type":"ListItem","position":3,"name":"S\u00e9rie 5800 &#8211; Minuterie micro logique DIN"}]},{"@type":"WebSite","@id":"https:\/\/lda.be\/fr\/#website","url":"https:\/\/lda.be\/fr\/","name":"LDA Belgium","description":"Solutions For Life","publisher":{"@id":"https:\/\/lda.be\/fr\/#organization"},"potentialAction":[{"@type":"SearchAction","target":{"@type":"EntryPoint","urlTemplate":"https:\/\/lda.be\/fr\/?s={search_term_string}"},"query-input":{"@type":"PropertyValueSpecification","valueRequired":true,"valueName":"search_term_string"}}],"inLanguage":"fr-FR"},{"@type":"Organization","@id":"https:\/\/lda.be\/fr\/#organization","name":"LDA Belgium","url":"https:\/\/lda.be\/fr\/","logo":{"@type":"ImageObject","inLanguage":"fr-FR","@id":"https:\/\/lda.be\/fr\/#\/schema\/logo\/image\/","url":"https:\/\/lda.be\/wp-content\/uploads\/2022\/07\/Logo-LDA.webp","contentUrl":"https:\/\/lda.be\/wp-content\/uploads\/2022\/07\/Logo-LDA.webp","width":311,"height":101,"caption":"LDA Belgium"},"image":{"@id":"https:\/\/lda.be\/fr\/#\/schema\/logo\/image\/"},"sameAs":["https:\/\/www.linkedin.com\/company\/lda-belgium-nv"]}]}},"_links":{"self":[{"href":"https:\/\/lda.be\/fr\/wp-json\/wp\/v2\/product\/9702","targetHints":{"allow":["GET"]}}],"collection":[{"href":"https:\/\/lda.be\/fr\/wp-json\/wp\/v2\/product"}],"about":[{"href":"https:\/\/lda.be\/fr\/wp-json\/wp\/v2\/types\/product"}],"replies":[{"embeddable":true,"href":"https:\/\/lda.be\/fr\/wp-json\/wp\/v2\/comments?post=9702"}],"wp:featuredmedia":[{"embeddable":true,"href":"https:\/\/lda.be\/fr\/wp-json\/wp\/v2\/media\/9697"}],"wp:attachment":[{"href":"https:\/\/lda.be\/fr\/wp-json\/wp\/v2\/media?parent=9702"}],"wp:term":[{"taxonomy":"product_brand","embeddable":true,"href":"https:\/\/lda.be\/fr\/wp-json\/wp\/v2\/product_brand?post=9702"},{"taxonomy":"product_cat","embeddable":true,"href":"https:\/\/lda.be\/fr\/wp-json\/wp\/v2\/product_cat?post=9702"},{"taxonomy":"product_tag","embeddable":true,"href":"https:\/\/lda.be\/fr\/wp-json\/wp\/v2\/product_tag?post=9702"}],"curies":[{"name":"wp","href":"https:\/\/api.w.org\/{rel}","templated":true}]}}