{"id":9712,"date":"2025-07-16T13:02:26","date_gmt":"2025-07-16T12:02:26","guid":{"rendered":"https:\/\/lda.be\/?post_type=product&#038;p=9712"},"modified":"2025-07-16T13:13:19","modified_gmt":"2025-07-16T12:13:19","slug":"serie-crt-minuteur-de-relevage-de-condensats","status":"publish","type":"product","link":"https:\/\/lda.be\/fr\/produit\/serie-crt-minuteur-de-relevage-de-condensats\/","title":{"rendered":"S\u00e9rie CRT &#8211; Minuteur de relevage de condensats"},"content":{"rendered":"<p>La minuterie Sandwich CRT de Canfield est une minuterie modulaire sp\u00e9cialement con\u00e7ue pour les syst\u00e8mes d&#8217;air comprim\u00e9. Cette minuterie transforme n&#8217;importe quelle \u00e9lectrovanne dot\u00e9e d&#8217;une interface DIN Style \u00ab A \u00bb EN175301-803 en un dispositif automatique d&#8217;\u00e9limination des condensats. L&#8217;unit\u00e9 est simplement ins\u00e9r\u00e9e entre la bobine et le connecteur, sans n\u00e9cessiter de c\u00e2blage suppl\u00e9mentaire. De cette mani\u00e8re, les installations existantes peuvent \u00eatre \u00e9quip\u00e9es sans effort d&#8217;une solution efficace de r\u00e9cup\u00e9ration des condensats.<\/p>\n<p>Le temps de cycle r\u00e9glable (\u0394T1) va de 1 \u00e0 45 minutes, et le temps d&#8217;ouverture de la vanne (\u0394T2) de 0,25 \u00e0 25 secondes. Gr\u00e2ce aux molettes de r\u00e9glage intuitives et \u00e0 l&#8217;indicateur d&#8217;\u00e9tat LED, vous pouvez imm\u00e9diatement voir si la minuterie est active. Disponible dans les variantes de tension 12-60 VDC ou 120-240 VAC, avec diverses options de connexion telles que c\u00e2ble avec fiche ou conduit \u00bd&#8221;.<\/p>\n<p>Le temporisateur de condensat est enti\u00e8rement moul\u00e9 dans un bo\u00eetier robuste en polyamide et r\u00e9siste \u00e0 la poussi\u00e8re, \u00e0 l&#8217;eau et aux vibrations. Il est id\u00e9al pour les applications sur les s\u00e9parateurs d&#8217;eau, les filtres et les lignes d&#8217;air comprim\u00e9 o\u00f9 la vidange automatique est essentielle.<\/p>\n<p>Demandez un devis \u00e0 LDA Belgium d\u00e8s aujourd&#8217;hui et am\u00e9liorez votre syst\u00e8me avec une solution de condensat durable et intelligente.<\/p>\n","protected":false},"excerpt":{"rendered":"<p>La minuterie Sandwich CRT de Canfield est une minuterie modulaire sp\u00e9cialement con\u00e7ue pour les syst\u00e8mes d&#8217;air comprim\u00e9. Cette minuterie transforme n&#8217;importe quelle \u00e9lectrovanne dot\u00e9e d&#8217;une interface DIN Style \u00ab A \u00bb EN175301-803 en un dispositif automatique d&#8217;\u00e9limination des condensats. L&#8217;unit\u00e9 est simplement ins\u00e9r\u00e9e entre la bobine et le connecteur, sans n\u00e9cessiter de c\u00e2blage suppl\u00e9mentaire. De [&hellip;]<\/p>\n","protected":false},"featured_media":9707,"comment_status":"closed","ping_status":"closed","template":"","meta":[],"product_brand":[1610],"product_cat":[818,836],"product_tag":[],"class_list":{"0":"post-9712","1":"product","2":"type-product","3":"status-publish","4":"has-post-thumbnail","6":"product_brand-canfield","7":"product_cat-connecteurs-et-cables","8":"product_cat-minuteries-et-electronique","10":"first","11":"instock","12":"shipping-taxable","13":"product-type-simple"},"yoast_head":"<!-- This site is optimized with the Yoast SEO plugin v27.3 - https:\/\/yoast.com\/product\/yoast-seo-wordpress\/ -->\n<title>S\u00e9rie CRT - Minuteur de relevage de condensats - LDA Belgique<\/title>\n<meta name=\"description\" content=\"Temporisateur de condensat Canfield CRT, cycle 1-45 min, d\u00e9charge 0,25-25 s, DIN EN175301-803, 12-240 V AC\/DC, IP65 pour l&#039;\u00e9limination du condensat. LDA Belgique\" \/>\n<meta name=\"robots\" content=\"index, follow, max-snippet:-1, max-image-preview:large, max-video-preview:-1\" \/>\n<link rel=\"canonical\" href=\"https:\/\/lda.be\/fr\/produit\/serie-crt-minuteur-de-relevage-de-condensats\/\" \/>\n<meta property=\"og:locale\" content=\"fr_FR\" \/>\n<meta property=\"og:type\" content=\"article\" \/>\n<meta property=\"og:title\" content=\"S\u00e9rie CRT - Minuteur de relevage de condensats - LDA Belgique\" \/>\n<meta property=\"og:description\" content=\"Temporisateur de condensat Canfield CRT, cycle 1-45 min, d\u00e9charge 0,25-25 s, DIN EN175301-803, 12-240 V AC\/DC, IP65 pour l&#039;\u00e9limination du condensat. LDA Belgique\" \/>\n<meta property=\"og:url\" content=\"https:\/\/lda.be\/fr\/produit\/serie-crt-minuteur-de-relevage-de-condensats\/\" \/>\n<meta property=\"og:site_name\" content=\"LDA Belgique\" \/>\n<meta property=\"article:modified_time\" content=\"2025-07-16T12:13:19+00:00\" \/>\n<meta property=\"og:image\" content=\"https:\/\/lda.be\/wp-content\/uploads\/2025\/07\/crt.webp\" \/>\n\t<meta property=\"og:image:width\" content=\"800\" \/>\n\t<meta property=\"og:image:height\" content=\"800\" \/>\n\t<meta property=\"og:image:type\" content=\"image\/webp\" \/>\n<meta name=\"twitter:card\" content=\"summary_large_image\" \/>\n<meta name=\"twitter:label1\" content=\"Dur\u00e9e de lecture estim\u00e9e\" \/>\n\t<meta name=\"twitter:data1\" content=\"2 minutes\" \/>\n<script type=\"application\/ld+json\" class=\"yoast-schema-graph\">{\"@context\":\"https:\\\/\\\/schema.org\",\"@graph\":[{\"@type\":\"WebPage\",\"@id\":\"https:\\\/\\\/lda.be\\\/fr\\\/produit\\\/serie-crt-minuteur-de-relevage-de-condensats\\\/\",\"url\":\"https:\\\/\\\/lda.be\\\/fr\\\/produit\\\/serie-crt-minuteur-de-relevage-de-condensats\\\/\",\"name\":\"S\u00e9rie CRT - Minuteur de relevage de condensats - LDA Belgique\",\"isPartOf\":{\"@id\":\"https:\\\/\\\/lda.be\\\/fr\\\/#website\"},\"primaryImageOfPage\":{\"@id\":\"https:\\\/\\\/lda.be\\\/fr\\\/produit\\\/serie-crt-minuteur-de-relevage-de-condensats\\\/#primaryimage\"},\"image\":{\"@id\":\"https:\\\/\\\/lda.be\\\/fr\\\/produit\\\/serie-crt-minuteur-de-relevage-de-condensats\\\/#primaryimage\"},\"thumbnailUrl\":\"https:\\\/\\\/lda.be\\\/wp-content\\\/uploads\\\/2025\\\/07\\\/crt.webp\",\"datePublished\":\"2025-07-16T12:02:26+00:00\",\"dateModified\":\"2025-07-16T12:13:19+00:00\",\"description\":\"Temporisateur de condensat Canfield CRT, cycle 1-45 min, d\u00e9charge 0,25-25 s, DIN EN175301-803, 12-240 V AC\\\/DC, IP65 pour l'\u00e9limination du condensat. LDA Belgique\",\"breadcrumb\":{\"@id\":\"https:\\\/\\\/lda.be\\\/fr\\\/produit\\\/serie-crt-minuteur-de-relevage-de-condensats\\\/#breadcrumb\"},\"inLanguage\":\"fr-FR\",\"potentialAction\":[{\"@type\":\"ReadAction\",\"target\":[\"https:\\\/\\\/lda.be\\\/fr\\\/produit\\\/serie-crt-minuteur-de-relevage-de-condensats\\\/\"]}]},{\"@type\":\"ImageObject\",\"inLanguage\":\"fr-FR\",\"@id\":\"https:\\\/\\\/lda.be\\\/fr\\\/produit\\\/serie-crt-minuteur-de-relevage-de-condensats\\\/#primaryimage\",\"url\":\"https:\\\/\\\/lda.be\\\/wp-content\\\/uploads\\\/2025\\\/07\\\/crt.webp\",\"contentUrl\":\"https:\\\/\\\/lda.be\\\/wp-content\\\/uploads\\\/2025\\\/07\\\/crt.webp\",\"width\":800,\"height\":800,\"caption\":\"crt timer canfield\"},{\"@type\":\"BreadcrumbList\",\"@id\":\"https:\\\/\\\/lda.be\\\/fr\\\/produit\\\/serie-crt-minuteur-de-relevage-de-condensats\\\/#breadcrumb\",\"itemListElement\":[{\"@type\":\"ListItem\",\"position\":1,\"name\":\"Accueil\",\"item\":\"https:\\\/\\\/lda.be\\\/fr\\\/\"},{\"@type\":\"ListItem\",\"position\":2,\"name\":\"Produits\",\"item\":\"https:\\\/\\\/lda.be\\\/fr\\\/produits\\\/\"},{\"@type\":\"ListItem\",\"position\":3,\"name\":\"S\u00e9rie CRT &#8211; Minuteur de relevage de condensats\"}]},{\"@type\":\"WebSite\",\"@id\":\"https:\\\/\\\/lda.be\\\/fr\\\/#website\",\"url\":\"https:\\\/\\\/lda.be\\\/fr\\\/\",\"name\":\"LDA Belgium\",\"description\":\"Solutions For Life\",\"publisher\":{\"@id\":\"https:\\\/\\\/lda.be\\\/fr\\\/#organization\"},\"potentialAction\":[{\"@type\":\"SearchAction\",\"target\":{\"@type\":\"EntryPoint\",\"urlTemplate\":\"https:\\\/\\\/lda.be\\\/fr\\\/?s={search_term_string}\"},\"query-input\":{\"@type\":\"PropertyValueSpecification\",\"valueRequired\":true,\"valueName\":\"search_term_string\"}}],\"inLanguage\":\"fr-FR\"},{\"@type\":\"Organization\",\"@id\":\"https:\\\/\\\/lda.be\\\/fr\\\/#organization\",\"name\":\"LDA Belgium\",\"url\":\"https:\\\/\\\/lda.be\\\/fr\\\/\",\"logo\":{\"@type\":\"ImageObject\",\"inLanguage\":\"fr-FR\",\"@id\":\"https:\\\/\\\/lda.be\\\/fr\\\/#\\\/schema\\\/logo\\\/image\\\/\",\"url\":\"https:\\\/\\\/lda.be\\\/wp-content\\\/uploads\\\/2022\\\/07\\\/Logo-LDA.webp\",\"contentUrl\":\"https:\\\/\\\/lda.be\\\/wp-content\\\/uploads\\\/2022\\\/07\\\/Logo-LDA.webp\",\"width\":311,\"height\":101,\"caption\":\"LDA Belgium\"},\"image\":{\"@id\":\"https:\\\/\\\/lda.be\\\/fr\\\/#\\\/schema\\\/logo\\\/image\\\/\"},\"sameAs\":[\"https:\\\/\\\/www.linkedin.com\\\/company\\\/lda-belgium-nv\"]}]}<\/script>\n<!-- \/ Yoast SEO plugin. -->","yoast_head_json":{"title":"S\u00e9rie CRT - Minuteur de relevage de condensats - LDA Belgique","description":"Temporisateur de condensat Canfield CRT, cycle 1-45 min, d\u00e9charge 0,25-25 s, DIN EN175301-803, 12-240 V AC\/DC, IP65 pour l'\u00e9limination du condensat. LDA Belgique","robots":{"index":"index","follow":"follow","max-snippet":"max-snippet:-1","max-image-preview":"max-image-preview:large","max-video-preview":"max-video-preview:-1"},"canonical":"https:\/\/lda.be\/fr\/produit\/serie-crt-minuteur-de-relevage-de-condensats\/","og_locale":"fr_FR","og_type":"article","og_title":"S\u00e9rie CRT - Minuteur de relevage de condensats - LDA Belgique","og_description":"Temporisateur de condensat Canfield CRT, cycle 1-45 min, d\u00e9charge 0,25-25 s, DIN EN175301-803, 12-240 V AC\/DC, IP65 pour l'\u00e9limination du condensat. LDA Belgique","og_url":"https:\/\/lda.be\/fr\/produit\/serie-crt-minuteur-de-relevage-de-condensats\/","og_site_name":"LDA Belgique","article_modified_time":"2025-07-16T12:13:19+00:00","og_image":[{"width":800,"height":800,"url":"https:\/\/lda.be\/wp-content\/uploads\/2025\/07\/crt.webp","type":"image\/webp"}],"twitter_card":"summary_large_image","twitter_misc":{"Dur\u00e9e de lecture estim\u00e9e":"2 minutes"},"schema":{"@context":"https:\/\/schema.org","@graph":[{"@type":"WebPage","@id":"https:\/\/lda.be\/fr\/produit\/serie-crt-minuteur-de-relevage-de-condensats\/","url":"https:\/\/lda.be\/fr\/produit\/serie-crt-minuteur-de-relevage-de-condensats\/","name":"S\u00e9rie CRT - Minuteur de relevage de condensats - LDA Belgique","isPartOf":{"@id":"https:\/\/lda.be\/fr\/#website"},"primaryImageOfPage":{"@id":"https:\/\/lda.be\/fr\/produit\/serie-crt-minuteur-de-relevage-de-condensats\/#primaryimage"},"image":{"@id":"https:\/\/lda.be\/fr\/produit\/serie-crt-minuteur-de-relevage-de-condensats\/#primaryimage"},"thumbnailUrl":"https:\/\/lda.be\/wp-content\/uploads\/2025\/07\/crt.webp","datePublished":"2025-07-16T12:02:26+00:00","dateModified":"2025-07-16T12:13:19+00:00","description":"Temporisateur de condensat Canfield CRT, cycle 1-45 min, d\u00e9charge 0,25-25 s, DIN EN175301-803, 12-240 V AC\/DC, IP65 pour l'\u00e9limination du condensat. LDA Belgique","breadcrumb":{"@id":"https:\/\/lda.be\/fr\/produit\/serie-crt-minuteur-de-relevage-de-condensats\/#breadcrumb"},"inLanguage":"fr-FR","potentialAction":[{"@type":"ReadAction","target":["https:\/\/lda.be\/fr\/produit\/serie-crt-minuteur-de-relevage-de-condensats\/"]}]},{"@type":"ImageObject","inLanguage":"fr-FR","@id":"https:\/\/lda.be\/fr\/produit\/serie-crt-minuteur-de-relevage-de-condensats\/#primaryimage","url":"https:\/\/lda.be\/wp-content\/uploads\/2025\/07\/crt.webp","contentUrl":"https:\/\/lda.be\/wp-content\/uploads\/2025\/07\/crt.webp","width":800,"height":800,"caption":"crt timer canfield"},{"@type":"BreadcrumbList","@id":"https:\/\/lda.be\/fr\/produit\/serie-crt-minuteur-de-relevage-de-condensats\/#breadcrumb","itemListElement":[{"@type":"ListItem","position":1,"name":"Accueil","item":"https:\/\/lda.be\/fr\/"},{"@type":"ListItem","position":2,"name":"Produits","item":"https:\/\/lda.be\/fr\/produits\/"},{"@type":"ListItem","position":3,"name":"S\u00e9rie CRT &#8211; Minuteur de relevage de condensats"}]},{"@type":"WebSite","@id":"https:\/\/lda.be\/fr\/#website","url":"https:\/\/lda.be\/fr\/","name":"LDA Belgium","description":"Solutions For Life","publisher":{"@id":"https:\/\/lda.be\/fr\/#organization"},"potentialAction":[{"@type":"SearchAction","target":{"@type":"EntryPoint","urlTemplate":"https:\/\/lda.be\/fr\/?s={search_term_string}"},"query-input":{"@type":"PropertyValueSpecification","valueRequired":true,"valueName":"search_term_string"}}],"inLanguage":"fr-FR"},{"@type":"Organization","@id":"https:\/\/lda.be\/fr\/#organization","name":"LDA Belgium","url":"https:\/\/lda.be\/fr\/","logo":{"@type":"ImageObject","inLanguage":"fr-FR","@id":"https:\/\/lda.be\/fr\/#\/schema\/logo\/image\/","url":"https:\/\/lda.be\/wp-content\/uploads\/2022\/07\/Logo-LDA.webp","contentUrl":"https:\/\/lda.be\/wp-content\/uploads\/2022\/07\/Logo-LDA.webp","width":311,"height":101,"caption":"LDA Belgium"},"image":{"@id":"https:\/\/lda.be\/fr\/#\/schema\/logo\/image\/"},"sameAs":["https:\/\/www.linkedin.com\/company\/lda-belgium-nv"]}]}},"_links":{"self":[{"href":"https:\/\/lda.be\/fr\/wp-json\/wp\/v2\/product\/9712","targetHints":{"allow":["GET"]}}],"collection":[{"href":"https:\/\/lda.be\/fr\/wp-json\/wp\/v2\/product"}],"about":[{"href":"https:\/\/lda.be\/fr\/wp-json\/wp\/v2\/types\/product"}],"replies":[{"embeddable":true,"href":"https:\/\/lda.be\/fr\/wp-json\/wp\/v2\/comments?post=9712"}],"wp:featuredmedia":[{"embeddable":true,"href":"https:\/\/lda.be\/fr\/wp-json\/wp\/v2\/media\/9707"}],"wp:attachment":[{"href":"https:\/\/lda.be\/fr\/wp-json\/wp\/v2\/media?parent=9712"}],"wp:term":[{"taxonomy":"product_brand","embeddable":true,"href":"https:\/\/lda.be\/fr\/wp-json\/wp\/v2\/product_brand?post=9712"},{"taxonomy":"product_cat","embeddable":true,"href":"https:\/\/lda.be\/fr\/wp-json\/wp\/v2\/product_cat?post=9712"},{"taxonomy":"product_tag","embeddable":true,"href":"https:\/\/lda.be\/fr\/wp-json\/wp\/v2\/product_tag?post=9712"}],"curies":[{"name":"wp","href":"https:\/\/api.w.org\/{rel}","templated":true}]}}