{"id":9722,"date":"2025-07-16T13:33:50","date_gmt":"2025-07-16T12:33:50","guid":{"rendered":"https:\/\/lda.be\/?post_type=product&#038;p=9722"},"modified":"2025-07-16T13:43:07","modified_gmt":"2025-07-16T12:43:07","slug":"serie-mbt-minuterie-industrielle-multifonctionnelle","status":"publish","type":"product","link":"https:\/\/lda.be\/fr\/produit\/serie-mbt-minuterie-industrielle-multifonctionnelle\/","title":{"rendered":"S\u00e9rie MBT &#8211; Minuterie industrielle multifonctionnelle"},"content":{"rendered":"<p>Le MBT de Canfield Connector est une minuterie industrielle multifonctionnelle qui combine jusqu&#8217;\u00e0 12 fonctions de temporisation diff\u00e9rentes dans un seul module. Gr\u00e2ce \u00e0 sa conception universelle, le MBT peut \u00eatre utilis\u00e9 directement dans des applications mobiles, industrielles et d&#8217;automatisation. Il fonctionne sur une large plage de tension de 12-240 VDC et 24-240 VAC (50\/60 Hz), et offre une plage de temps r\u00e9glable de 0,1 seconde \u00e0 33,3 heures.<\/p>\n<p>Le MBT dispose de deux d\u00e9clencheurs : un d\u00e9clencheur m\u00e9canique (contact de commutation) et un d\u00e9clencheur logique (signal 5-48 V), ce qui lui permet de s&#8217;adapter \u00e0 presque toutes les installations. Le signal de sortie logique int\u00e9gr\u00e9 permet de cascader les minuteries entre elles, ce qui facilite la cr\u00e9ation de s\u00e9quences temporelles complexes. Chaque mode se r\u00e8gle facilement \u00e0 l&#8217;aide de commutateurs rotatifs et de voyants lumineux qui fournissent un retour d&#8217;information visuel sur l&#8217;\u00e9tat de l&#8217;appareil.<\/p>\n<p>Les applications vont des cycles de temporisation pneumatiques aux processus de r\u00e9initialisation automatis\u00e9s dans les syst\u00e8mes de vannes, d&#8217;\u00e9clairage, de s\u00e9curit\u00e9 ou de moteurs.<\/p>\n<p>Vous voulez savoir si le MBT convient \u00e0 votre application ? Demandez un devis \u00e0 LDA Belgium d\u00e8s aujourd&#8217;hui et d\u00e9couvrez la polyvalence des solutions de temporisation de Canfield Connector.<\/p>\n","protected":false},"excerpt":{"rendered":"<p>Le MBT de Canfield Connector est une minuterie industrielle multifonctionnelle qui combine jusqu&#8217;\u00e0 12 fonctions de temporisation diff\u00e9rentes dans un seul module. Gr\u00e2ce \u00e0 sa conception universelle, le MBT peut \u00eatre utilis\u00e9 directement dans des applications mobiles, industrielles et d&#8217;automatisation. Il fonctionne sur une large plage de tension de 12-240 VDC et 24-240 VAC (50\/60 [&hellip;]<\/p>\n","protected":false},"featured_media":9716,"comment_status":"closed","ping_status":"closed","template":"","meta":[],"product_brand":[1610],"product_cat":[818,836],"product_tag":[],"class_list":{"0":"post-9722","1":"product","2":"type-product","3":"status-publish","4":"has-post-thumbnail","6":"product_brand-canfield","7":"product_cat-connecteurs-et-cables","8":"product_cat-minuteries-et-electronique","10":"first","11":"instock","12":"shipping-taxable","13":"product-type-simple"},"yoast_head":"<!-- This site is optimized with the Yoast SEO plugin v27.3 - https:\/\/yoast.com\/product\/yoast-seo-wordpress\/ -->\n<title>S\u00e9rie MBT - Minuterie industrielle multifonctionnelle - LDA Belgique<\/title>\n<meta name=\"description\" content=\"Minuterie industrielle multifonction Canfield MBT, 12 fonctions, 0.1s-33.3h, 12-240 VDC \/ 24-240 VAC, montage DIN, IP65, bo\u00eetier \u00e9poxy. LDA Belgique.\" \/>\n<meta name=\"robots\" content=\"index, follow, max-snippet:-1, max-image-preview:large, max-video-preview:-1\" \/>\n<link rel=\"canonical\" href=\"https:\/\/lda.be\/fr\/produit\/serie-mbt-minuterie-industrielle-multifonctionnelle\/\" \/>\n<meta property=\"og:locale\" content=\"fr_FR\" \/>\n<meta property=\"og:type\" content=\"article\" \/>\n<meta property=\"og:title\" content=\"S\u00e9rie MBT - Minuterie industrielle multifonctionnelle - LDA Belgique\" \/>\n<meta property=\"og:description\" content=\"Minuterie industrielle multifonction Canfield MBT, 12 fonctions, 0.1s-33.3h, 12-240 VDC \/ 24-240 VAC, montage DIN, IP65, bo\u00eetier \u00e9poxy. LDA Belgique.\" \/>\n<meta property=\"og:url\" content=\"https:\/\/lda.be\/fr\/produit\/serie-mbt-minuterie-industrielle-multifonctionnelle\/\" \/>\n<meta property=\"og:site_name\" content=\"LDA Belgique\" \/>\n<meta property=\"article:modified_time\" content=\"2025-07-16T12:43:07+00:00\" \/>\n<meta property=\"og:image\" content=\"https:\/\/lda.be\/wp-content\/uploads\/2025\/07\/mbt.webp\" \/>\n\t<meta property=\"og:image:width\" content=\"800\" \/>\n\t<meta property=\"og:image:height\" content=\"800\" \/>\n\t<meta property=\"og:image:type\" content=\"image\/webp\" \/>\n<meta name=\"twitter:card\" content=\"summary_large_image\" \/>\n<meta name=\"twitter:label1\" content=\"Dur\u00e9e de lecture estim\u00e9e\" \/>\n\t<meta name=\"twitter:data1\" content=\"1 minute\" \/>\n<script type=\"application\/ld+json\" class=\"yoast-schema-graph\">{\"@context\":\"https:\\\/\\\/schema.org\",\"@graph\":[{\"@type\":\"WebPage\",\"@id\":\"https:\\\/\\\/lda.be\\\/fr\\\/produit\\\/serie-mbt-minuterie-industrielle-multifonctionnelle\\\/\",\"url\":\"https:\\\/\\\/lda.be\\\/fr\\\/produit\\\/serie-mbt-minuterie-industrielle-multifonctionnelle\\\/\",\"name\":\"S\u00e9rie MBT - Minuterie industrielle multifonctionnelle - LDA Belgique\",\"isPartOf\":{\"@id\":\"https:\\\/\\\/lda.be\\\/fr\\\/#website\"},\"primaryImageOfPage\":{\"@id\":\"https:\\\/\\\/lda.be\\\/fr\\\/produit\\\/serie-mbt-minuterie-industrielle-multifonctionnelle\\\/#primaryimage\"},\"image\":{\"@id\":\"https:\\\/\\\/lda.be\\\/fr\\\/produit\\\/serie-mbt-minuterie-industrielle-multifonctionnelle\\\/#primaryimage\"},\"thumbnailUrl\":\"https:\\\/\\\/lda.be\\\/wp-content\\\/uploads\\\/2025\\\/07\\\/mbt.webp\",\"datePublished\":\"2025-07-16T12:33:50+00:00\",\"dateModified\":\"2025-07-16T12:43:07+00:00\",\"description\":\"Minuterie industrielle multifonction Canfield MBT, 12 fonctions, 0.1s-33.3h, 12-240 VDC \\\/ 24-240 VAC, montage DIN, IP65, bo\u00eetier \u00e9poxy. LDA Belgique.\",\"breadcrumb\":{\"@id\":\"https:\\\/\\\/lda.be\\\/fr\\\/produit\\\/serie-mbt-minuterie-industrielle-multifonctionnelle\\\/#breadcrumb\"},\"inLanguage\":\"fr-FR\",\"potentialAction\":[{\"@type\":\"ReadAction\",\"target\":[\"https:\\\/\\\/lda.be\\\/fr\\\/produit\\\/serie-mbt-minuterie-industrielle-multifonctionnelle\\\/\"]}]},{\"@type\":\"ImageObject\",\"inLanguage\":\"fr-FR\",\"@id\":\"https:\\\/\\\/lda.be\\\/fr\\\/produit\\\/serie-mbt-minuterie-industrielle-multifonctionnelle\\\/#primaryimage\",\"url\":\"https:\\\/\\\/lda.be\\\/wp-content\\\/uploads\\\/2025\\\/07\\\/mbt.webp\",\"contentUrl\":\"https:\\\/\\\/lda.be\\\/wp-content\\\/uploads\\\/2025\\\/07\\\/mbt.webp\",\"width\":800,\"height\":800,\"caption\":\"MBT timer canfield\"},{\"@type\":\"BreadcrumbList\",\"@id\":\"https:\\\/\\\/lda.be\\\/fr\\\/produit\\\/serie-mbt-minuterie-industrielle-multifonctionnelle\\\/#breadcrumb\",\"itemListElement\":[{\"@type\":\"ListItem\",\"position\":1,\"name\":\"Accueil\",\"item\":\"https:\\\/\\\/lda.be\\\/fr\\\/\"},{\"@type\":\"ListItem\",\"position\":2,\"name\":\"Produits\",\"item\":\"https:\\\/\\\/lda.be\\\/fr\\\/produits\\\/\"},{\"@type\":\"ListItem\",\"position\":3,\"name\":\"S\u00e9rie MBT &#8211; Minuterie industrielle multifonctionnelle\"}]},{\"@type\":\"WebSite\",\"@id\":\"https:\\\/\\\/lda.be\\\/fr\\\/#website\",\"url\":\"https:\\\/\\\/lda.be\\\/fr\\\/\",\"name\":\"LDA Belgium\",\"description\":\"Solutions For Life\",\"publisher\":{\"@id\":\"https:\\\/\\\/lda.be\\\/fr\\\/#organization\"},\"potentialAction\":[{\"@type\":\"SearchAction\",\"target\":{\"@type\":\"EntryPoint\",\"urlTemplate\":\"https:\\\/\\\/lda.be\\\/fr\\\/?s={search_term_string}\"},\"query-input\":{\"@type\":\"PropertyValueSpecification\",\"valueRequired\":true,\"valueName\":\"search_term_string\"}}],\"inLanguage\":\"fr-FR\"},{\"@type\":\"Organization\",\"@id\":\"https:\\\/\\\/lda.be\\\/fr\\\/#organization\",\"name\":\"LDA Belgium\",\"url\":\"https:\\\/\\\/lda.be\\\/fr\\\/\",\"logo\":{\"@type\":\"ImageObject\",\"inLanguage\":\"fr-FR\",\"@id\":\"https:\\\/\\\/lda.be\\\/fr\\\/#\\\/schema\\\/logo\\\/image\\\/\",\"url\":\"https:\\\/\\\/lda.be\\\/wp-content\\\/uploads\\\/2022\\\/07\\\/Logo-LDA.webp\",\"contentUrl\":\"https:\\\/\\\/lda.be\\\/wp-content\\\/uploads\\\/2022\\\/07\\\/Logo-LDA.webp\",\"width\":311,\"height\":101,\"caption\":\"LDA Belgium\"},\"image\":{\"@id\":\"https:\\\/\\\/lda.be\\\/fr\\\/#\\\/schema\\\/logo\\\/image\\\/\"},\"sameAs\":[\"https:\\\/\\\/www.linkedin.com\\\/company\\\/lda-belgium-nv\"]}]}<\/script>\n<!-- \/ Yoast SEO plugin. -->","yoast_head_json":{"title":"S\u00e9rie MBT - Minuterie industrielle multifonctionnelle - LDA Belgique","description":"Minuterie industrielle multifonction Canfield MBT, 12 fonctions, 0.1s-33.3h, 12-240 VDC \/ 24-240 VAC, montage DIN, IP65, bo\u00eetier \u00e9poxy. LDA Belgique.","robots":{"index":"index","follow":"follow","max-snippet":"max-snippet:-1","max-image-preview":"max-image-preview:large","max-video-preview":"max-video-preview:-1"},"canonical":"https:\/\/lda.be\/fr\/produit\/serie-mbt-minuterie-industrielle-multifonctionnelle\/","og_locale":"fr_FR","og_type":"article","og_title":"S\u00e9rie MBT - Minuterie industrielle multifonctionnelle - LDA Belgique","og_description":"Minuterie industrielle multifonction Canfield MBT, 12 fonctions, 0.1s-33.3h, 12-240 VDC \/ 24-240 VAC, montage DIN, IP65, bo\u00eetier \u00e9poxy. LDA Belgique.","og_url":"https:\/\/lda.be\/fr\/produit\/serie-mbt-minuterie-industrielle-multifonctionnelle\/","og_site_name":"LDA Belgique","article_modified_time":"2025-07-16T12:43:07+00:00","og_image":[{"width":800,"height":800,"url":"https:\/\/lda.be\/wp-content\/uploads\/2025\/07\/mbt.webp","type":"image\/webp"}],"twitter_card":"summary_large_image","twitter_misc":{"Dur\u00e9e de lecture estim\u00e9e":"1 minute"},"schema":{"@context":"https:\/\/schema.org","@graph":[{"@type":"WebPage","@id":"https:\/\/lda.be\/fr\/produit\/serie-mbt-minuterie-industrielle-multifonctionnelle\/","url":"https:\/\/lda.be\/fr\/produit\/serie-mbt-minuterie-industrielle-multifonctionnelle\/","name":"S\u00e9rie MBT - Minuterie industrielle multifonctionnelle - LDA Belgique","isPartOf":{"@id":"https:\/\/lda.be\/fr\/#website"},"primaryImageOfPage":{"@id":"https:\/\/lda.be\/fr\/produit\/serie-mbt-minuterie-industrielle-multifonctionnelle\/#primaryimage"},"image":{"@id":"https:\/\/lda.be\/fr\/produit\/serie-mbt-minuterie-industrielle-multifonctionnelle\/#primaryimage"},"thumbnailUrl":"https:\/\/lda.be\/wp-content\/uploads\/2025\/07\/mbt.webp","datePublished":"2025-07-16T12:33:50+00:00","dateModified":"2025-07-16T12:43:07+00:00","description":"Minuterie industrielle multifonction Canfield MBT, 12 fonctions, 0.1s-33.3h, 12-240 VDC \/ 24-240 VAC, montage DIN, IP65, bo\u00eetier \u00e9poxy. LDA Belgique.","breadcrumb":{"@id":"https:\/\/lda.be\/fr\/produit\/serie-mbt-minuterie-industrielle-multifonctionnelle\/#breadcrumb"},"inLanguage":"fr-FR","potentialAction":[{"@type":"ReadAction","target":["https:\/\/lda.be\/fr\/produit\/serie-mbt-minuterie-industrielle-multifonctionnelle\/"]}]},{"@type":"ImageObject","inLanguage":"fr-FR","@id":"https:\/\/lda.be\/fr\/produit\/serie-mbt-minuterie-industrielle-multifonctionnelle\/#primaryimage","url":"https:\/\/lda.be\/wp-content\/uploads\/2025\/07\/mbt.webp","contentUrl":"https:\/\/lda.be\/wp-content\/uploads\/2025\/07\/mbt.webp","width":800,"height":800,"caption":"MBT timer canfield"},{"@type":"BreadcrumbList","@id":"https:\/\/lda.be\/fr\/produit\/serie-mbt-minuterie-industrielle-multifonctionnelle\/#breadcrumb","itemListElement":[{"@type":"ListItem","position":1,"name":"Accueil","item":"https:\/\/lda.be\/fr\/"},{"@type":"ListItem","position":2,"name":"Produits","item":"https:\/\/lda.be\/fr\/produits\/"},{"@type":"ListItem","position":3,"name":"S\u00e9rie MBT &#8211; Minuterie industrielle multifonctionnelle"}]},{"@type":"WebSite","@id":"https:\/\/lda.be\/fr\/#website","url":"https:\/\/lda.be\/fr\/","name":"LDA Belgium","description":"Solutions For Life","publisher":{"@id":"https:\/\/lda.be\/fr\/#organization"},"potentialAction":[{"@type":"SearchAction","target":{"@type":"EntryPoint","urlTemplate":"https:\/\/lda.be\/fr\/?s={search_term_string}"},"query-input":{"@type":"PropertyValueSpecification","valueRequired":true,"valueName":"search_term_string"}}],"inLanguage":"fr-FR"},{"@type":"Organization","@id":"https:\/\/lda.be\/fr\/#organization","name":"LDA Belgium","url":"https:\/\/lda.be\/fr\/","logo":{"@type":"ImageObject","inLanguage":"fr-FR","@id":"https:\/\/lda.be\/fr\/#\/schema\/logo\/image\/","url":"https:\/\/lda.be\/wp-content\/uploads\/2022\/07\/Logo-LDA.webp","contentUrl":"https:\/\/lda.be\/wp-content\/uploads\/2022\/07\/Logo-LDA.webp","width":311,"height":101,"caption":"LDA Belgium"},"image":{"@id":"https:\/\/lda.be\/fr\/#\/schema\/logo\/image\/"},"sameAs":["https:\/\/www.linkedin.com\/company\/lda-belgium-nv"]}]}},"_links":{"self":[{"href":"https:\/\/lda.be\/fr\/wp-json\/wp\/v2\/product\/9722","targetHints":{"allow":["GET"]}}],"collection":[{"href":"https:\/\/lda.be\/fr\/wp-json\/wp\/v2\/product"}],"about":[{"href":"https:\/\/lda.be\/fr\/wp-json\/wp\/v2\/types\/product"}],"replies":[{"embeddable":true,"href":"https:\/\/lda.be\/fr\/wp-json\/wp\/v2\/comments?post=9722"}],"wp:featuredmedia":[{"embeddable":true,"href":"https:\/\/lda.be\/fr\/wp-json\/wp\/v2\/media\/9716"}],"wp:attachment":[{"href":"https:\/\/lda.be\/fr\/wp-json\/wp\/v2\/media?parent=9722"}],"wp:term":[{"taxonomy":"product_brand","embeddable":true,"href":"https:\/\/lda.be\/fr\/wp-json\/wp\/v2\/product_brand?post=9722"},{"taxonomy":"product_cat","embeddable":true,"href":"https:\/\/lda.be\/fr\/wp-json\/wp\/v2\/product_cat?post=9722"},{"taxonomy":"product_tag","embeddable":true,"href":"https:\/\/lda.be\/fr\/wp-json\/wp\/v2\/product_tag?post=9722"}],"curies":[{"name":"wp","href":"https:\/\/api.w.org\/{rel}","templated":true}]}}