{"id":9731,"date":"2025-07-16T15:21:25","date_gmt":"2025-07-16T14:21:25","guid":{"rendered":"https:\/\/lda.be\/?post_type=product&#038;p=9731"},"modified":"2025-07-16T15:42:20","modified_gmt":"2025-07-16T14:42:20","slug":"serie-tmlt-module-de-minuterie-micrologique-a-semi-conducteurs","status":"publish","type":"product","link":"https:\/\/lda.be\/fr\/produit\/serie-tmlt-module-de-minuterie-micrologique-a-semi-conducteurs\/","title":{"rendered":"S\u00e9rie TMLT &#8211; Module de minuterie micrologique \u00e0 semi-conducteurs"},"content":{"rendered":"<p>Le TMLT de Canfield est une minuterie multifonction contr\u00f4l\u00e9e par microprocesseur, de conception ultra-compacte et robuste. Cette minuterie offre six fonctions programmables, deux gammes de tension, six types de sortie (puits\/source, marche\/arr\u00eat en premier) et 13 plages de temps r\u00e9glables de 0,1 \u00e0 2000 secondes.<\/p>\n<p>Le bo\u00eetier est enti\u00e8rement recouvert de polyamide thermoplastique pour une protection contre la poussi\u00e8re, les vibrations et l&#8217;humidit\u00e9, et est conforme \u00e0 la norme NEMA 1. Gr\u00e2ce \u00e0 l&#8217;utilisation de connecteurs AMP Faston de .250&#8243;, l&#8217;installation est facile. Le TMLT peut \u00eatre command\u00e9 avec un bouton de r\u00e9glage manuel ou un potentiom\u00e8tre \u00e0 vis. Le TMLT est \u00e9quip\u00e9 d&#8217;une LED d&#8217;\u00e9tat pour un diagnostic rapide. Le montage est possible par vis ou, en option, par un adaptateur pour rail DIN (P\/N : DRM-100).<\/p>\n<p>Applications : vannes pneumatiques, commandes de relais, machines cycliques, r\u00e9initialisations automatiques, retards de processus et bien d&#8217;autres encore.<\/p>\n<p>Demandez votre devis \u00e0 LDA Belgium d\u00e8s aujourd&#8217;hui et d\u00e9couvrez comment le Canfield TMLT r\u00e9pond \u00e0 vos besoins de synchronisation de mani\u00e8re pr\u00e9cise et compacte !<\/p>\n","protected":false},"excerpt":{"rendered":"<p>Le TMLT de Canfield est une minuterie multifonction contr\u00f4l\u00e9e par microprocesseur, de conception ultra-compacte et robuste. Cette minuterie offre six fonctions programmables, deux gammes de tension, six types de sortie (puits\/source, marche\/arr\u00eat en premier) et 13 plages de temps r\u00e9glables de 0,1 \u00e0 2000 secondes. Le bo\u00eetier est enti\u00e8rement recouvert de polyamide thermoplastique pour une [&hellip;]<\/p>\n","protected":false},"featured_media":9726,"comment_status":"closed","ping_status":"closed","template":"","meta":[],"product_brand":[1610],"product_cat":[818,836],"product_tag":[],"class_list":{"0":"post-9731","1":"product","2":"type-product","3":"status-publish","4":"has-post-thumbnail","6":"product_brand-canfield","7":"product_cat-connecteurs-et-cables","8":"product_cat-minuteries-et-electronique","10":"first","11":"instock","12":"shipping-taxable","13":"product-type-simple"},"yoast_head":"<!-- This site is optimized with the Yoast SEO plugin v27.3 - https:\/\/yoast.com\/product\/yoast-seo-wordpress\/ -->\n<title>S\u00e9rie TMLT - Module de minuterie micrologique \u00e0 semi-conducteurs - LDA Belgique<\/title>\n<meta name=\"description\" content=\"Minuterie compacte multifonction Canfield TMLT, 6 fonctions, 13 plages de temps, 12-240 V AC\/DC ou 12-60 V DC, IP54, montage DIN ou \u00e0 vis. LDA Belgique.\" \/>\n<meta name=\"robots\" content=\"index, follow, max-snippet:-1, max-image-preview:large, max-video-preview:-1\" \/>\n<link rel=\"canonical\" href=\"https:\/\/lda.be\/fr\/produit\/serie-tmlt-module-de-minuterie-micrologique-a-semi-conducteurs\/\" \/>\n<meta property=\"og:locale\" content=\"fr_FR\" \/>\n<meta property=\"og:type\" content=\"article\" \/>\n<meta property=\"og:title\" content=\"S\u00e9rie TMLT - Module de minuterie micrologique \u00e0 semi-conducteurs - LDA Belgique\" \/>\n<meta property=\"og:description\" content=\"Minuterie compacte multifonction Canfield TMLT, 6 fonctions, 13 plages de temps, 12-240 V AC\/DC ou 12-60 V DC, IP54, montage DIN ou \u00e0 vis. LDA Belgique.\" \/>\n<meta property=\"og:url\" content=\"https:\/\/lda.be\/fr\/produit\/serie-tmlt-module-de-minuterie-micrologique-a-semi-conducteurs\/\" \/>\n<meta property=\"og:site_name\" content=\"LDA Belgique\" \/>\n<meta property=\"article:modified_time\" content=\"2025-07-16T14:42:20+00:00\" \/>\n<meta property=\"og:image\" content=\"https:\/\/lda.be\/wp-content\/uploads\/2025\/07\/tmlt.webp\" \/>\n\t<meta property=\"og:image:width\" content=\"1080\" \/>\n\t<meta property=\"og:image:height\" content=\"1080\" \/>\n\t<meta property=\"og:image:type\" content=\"image\/webp\" \/>\n<meta name=\"twitter:card\" content=\"summary_large_image\" \/>\n<script type=\"application\/ld+json\" class=\"yoast-schema-graph\">{\"@context\":\"https:\\\/\\\/schema.org\",\"@graph\":[{\"@type\":\"WebPage\",\"@id\":\"https:\\\/\\\/lda.be\\\/fr\\\/produit\\\/serie-tmlt-module-de-minuterie-micrologique-a-semi-conducteurs\\\/\",\"url\":\"https:\\\/\\\/lda.be\\\/fr\\\/produit\\\/serie-tmlt-module-de-minuterie-micrologique-a-semi-conducteurs\\\/\",\"name\":\"S\u00e9rie TMLT - Module de minuterie micrologique \u00e0 semi-conducteurs - LDA Belgique\",\"isPartOf\":{\"@id\":\"https:\\\/\\\/lda.be\\\/fr\\\/#website\"},\"primaryImageOfPage\":{\"@id\":\"https:\\\/\\\/lda.be\\\/fr\\\/produit\\\/serie-tmlt-module-de-minuterie-micrologique-a-semi-conducteurs\\\/#primaryimage\"},\"image\":{\"@id\":\"https:\\\/\\\/lda.be\\\/fr\\\/produit\\\/serie-tmlt-module-de-minuterie-micrologique-a-semi-conducteurs\\\/#primaryimage\"},\"thumbnailUrl\":\"https:\\\/\\\/lda.be\\\/wp-content\\\/uploads\\\/2025\\\/07\\\/tmlt.webp\",\"datePublished\":\"2025-07-16T14:21:25+00:00\",\"dateModified\":\"2025-07-16T14:42:20+00:00\",\"description\":\"Minuterie compacte multifonction Canfield TMLT, 6 fonctions, 13 plages de temps, 12-240 V AC\\\/DC ou 12-60 V DC, IP54, montage DIN ou \u00e0 vis. LDA Belgique.\",\"breadcrumb\":{\"@id\":\"https:\\\/\\\/lda.be\\\/fr\\\/produit\\\/serie-tmlt-module-de-minuterie-micrologique-a-semi-conducteurs\\\/#breadcrumb\"},\"inLanguage\":\"fr-FR\",\"potentialAction\":[{\"@type\":\"ReadAction\",\"target\":[\"https:\\\/\\\/lda.be\\\/fr\\\/produit\\\/serie-tmlt-module-de-minuterie-micrologique-a-semi-conducteurs\\\/\"]}]},{\"@type\":\"ImageObject\",\"inLanguage\":\"fr-FR\",\"@id\":\"https:\\\/\\\/lda.be\\\/fr\\\/produit\\\/serie-tmlt-module-de-minuterie-micrologique-a-semi-conducteurs\\\/#primaryimage\",\"url\":\"https:\\\/\\\/lda.be\\\/wp-content\\\/uploads\\\/2025\\\/07\\\/tmlt.webp\",\"contentUrl\":\"https:\\\/\\\/lda.be\\\/wp-content\\\/uploads\\\/2025\\\/07\\\/tmlt.webp\",\"width\":1080,\"height\":1080,\"caption\":\"canfield tmlt\"},{\"@type\":\"BreadcrumbList\",\"@id\":\"https:\\\/\\\/lda.be\\\/fr\\\/produit\\\/serie-tmlt-module-de-minuterie-micrologique-a-semi-conducteurs\\\/#breadcrumb\",\"itemListElement\":[{\"@type\":\"ListItem\",\"position\":1,\"name\":\"Accueil\",\"item\":\"https:\\\/\\\/lda.be\\\/fr\\\/\"},{\"@type\":\"ListItem\",\"position\":2,\"name\":\"Produits\",\"item\":\"https:\\\/\\\/lda.be\\\/fr\\\/produits\\\/\"},{\"@type\":\"ListItem\",\"position\":3,\"name\":\"S\u00e9rie TMLT &#8211; Module de minuterie micrologique \u00e0 semi-conducteurs\"}]},{\"@type\":\"WebSite\",\"@id\":\"https:\\\/\\\/lda.be\\\/fr\\\/#website\",\"url\":\"https:\\\/\\\/lda.be\\\/fr\\\/\",\"name\":\"LDA Belgium\",\"description\":\"Solutions For Life\",\"publisher\":{\"@id\":\"https:\\\/\\\/lda.be\\\/fr\\\/#organization\"},\"potentialAction\":[{\"@type\":\"SearchAction\",\"target\":{\"@type\":\"EntryPoint\",\"urlTemplate\":\"https:\\\/\\\/lda.be\\\/fr\\\/?s={search_term_string}\"},\"query-input\":{\"@type\":\"PropertyValueSpecification\",\"valueRequired\":true,\"valueName\":\"search_term_string\"}}],\"inLanguage\":\"fr-FR\"},{\"@type\":\"Organization\",\"@id\":\"https:\\\/\\\/lda.be\\\/fr\\\/#organization\",\"name\":\"LDA Belgium\",\"url\":\"https:\\\/\\\/lda.be\\\/fr\\\/\",\"logo\":{\"@type\":\"ImageObject\",\"inLanguage\":\"fr-FR\",\"@id\":\"https:\\\/\\\/lda.be\\\/fr\\\/#\\\/schema\\\/logo\\\/image\\\/\",\"url\":\"https:\\\/\\\/lda.be\\\/wp-content\\\/uploads\\\/2022\\\/07\\\/Logo-LDA.webp\",\"contentUrl\":\"https:\\\/\\\/lda.be\\\/wp-content\\\/uploads\\\/2022\\\/07\\\/Logo-LDA.webp\",\"width\":311,\"height\":101,\"caption\":\"LDA Belgium\"},\"image\":{\"@id\":\"https:\\\/\\\/lda.be\\\/fr\\\/#\\\/schema\\\/logo\\\/image\\\/\"},\"sameAs\":[\"https:\\\/\\\/www.linkedin.com\\\/company\\\/lda-belgium-nv\"]}]}<\/script>\n<!-- \/ Yoast SEO plugin. -->","yoast_head_json":{"title":"S\u00e9rie TMLT - Module de minuterie micrologique \u00e0 semi-conducteurs - LDA Belgique","description":"Minuterie compacte multifonction Canfield TMLT, 6 fonctions, 13 plages de temps, 12-240 V AC\/DC ou 12-60 V DC, IP54, montage DIN ou \u00e0 vis. LDA Belgique.","robots":{"index":"index","follow":"follow","max-snippet":"max-snippet:-1","max-image-preview":"max-image-preview:large","max-video-preview":"max-video-preview:-1"},"canonical":"https:\/\/lda.be\/fr\/produit\/serie-tmlt-module-de-minuterie-micrologique-a-semi-conducteurs\/","og_locale":"fr_FR","og_type":"article","og_title":"S\u00e9rie TMLT - Module de minuterie micrologique \u00e0 semi-conducteurs - LDA Belgique","og_description":"Minuterie compacte multifonction Canfield TMLT, 6 fonctions, 13 plages de temps, 12-240 V AC\/DC ou 12-60 V DC, IP54, montage DIN ou \u00e0 vis. LDA Belgique.","og_url":"https:\/\/lda.be\/fr\/produit\/serie-tmlt-module-de-minuterie-micrologique-a-semi-conducteurs\/","og_site_name":"LDA Belgique","article_modified_time":"2025-07-16T14:42:20+00:00","og_image":[{"width":1080,"height":1080,"url":"https:\/\/lda.be\/wp-content\/uploads\/2025\/07\/tmlt.webp","type":"image\/webp"}],"twitter_card":"summary_large_image","schema":{"@context":"https:\/\/schema.org","@graph":[{"@type":"WebPage","@id":"https:\/\/lda.be\/fr\/produit\/serie-tmlt-module-de-minuterie-micrologique-a-semi-conducteurs\/","url":"https:\/\/lda.be\/fr\/produit\/serie-tmlt-module-de-minuterie-micrologique-a-semi-conducteurs\/","name":"S\u00e9rie TMLT - Module de minuterie micrologique \u00e0 semi-conducteurs - LDA Belgique","isPartOf":{"@id":"https:\/\/lda.be\/fr\/#website"},"primaryImageOfPage":{"@id":"https:\/\/lda.be\/fr\/produit\/serie-tmlt-module-de-minuterie-micrologique-a-semi-conducteurs\/#primaryimage"},"image":{"@id":"https:\/\/lda.be\/fr\/produit\/serie-tmlt-module-de-minuterie-micrologique-a-semi-conducteurs\/#primaryimage"},"thumbnailUrl":"https:\/\/lda.be\/wp-content\/uploads\/2025\/07\/tmlt.webp","datePublished":"2025-07-16T14:21:25+00:00","dateModified":"2025-07-16T14:42:20+00:00","description":"Minuterie compacte multifonction Canfield TMLT, 6 fonctions, 13 plages de temps, 12-240 V AC\/DC ou 12-60 V DC, IP54, montage DIN ou \u00e0 vis. LDA Belgique.","breadcrumb":{"@id":"https:\/\/lda.be\/fr\/produit\/serie-tmlt-module-de-minuterie-micrologique-a-semi-conducteurs\/#breadcrumb"},"inLanguage":"fr-FR","potentialAction":[{"@type":"ReadAction","target":["https:\/\/lda.be\/fr\/produit\/serie-tmlt-module-de-minuterie-micrologique-a-semi-conducteurs\/"]}]},{"@type":"ImageObject","inLanguage":"fr-FR","@id":"https:\/\/lda.be\/fr\/produit\/serie-tmlt-module-de-minuterie-micrologique-a-semi-conducteurs\/#primaryimage","url":"https:\/\/lda.be\/wp-content\/uploads\/2025\/07\/tmlt.webp","contentUrl":"https:\/\/lda.be\/wp-content\/uploads\/2025\/07\/tmlt.webp","width":1080,"height":1080,"caption":"canfield tmlt"},{"@type":"BreadcrumbList","@id":"https:\/\/lda.be\/fr\/produit\/serie-tmlt-module-de-minuterie-micrologique-a-semi-conducteurs\/#breadcrumb","itemListElement":[{"@type":"ListItem","position":1,"name":"Accueil","item":"https:\/\/lda.be\/fr\/"},{"@type":"ListItem","position":2,"name":"Produits","item":"https:\/\/lda.be\/fr\/produits\/"},{"@type":"ListItem","position":3,"name":"S\u00e9rie TMLT &#8211; Module de minuterie micrologique \u00e0 semi-conducteurs"}]},{"@type":"WebSite","@id":"https:\/\/lda.be\/fr\/#website","url":"https:\/\/lda.be\/fr\/","name":"LDA Belgium","description":"Solutions For Life","publisher":{"@id":"https:\/\/lda.be\/fr\/#organization"},"potentialAction":[{"@type":"SearchAction","target":{"@type":"EntryPoint","urlTemplate":"https:\/\/lda.be\/fr\/?s={search_term_string}"},"query-input":{"@type":"PropertyValueSpecification","valueRequired":true,"valueName":"search_term_string"}}],"inLanguage":"fr-FR"},{"@type":"Organization","@id":"https:\/\/lda.be\/fr\/#organization","name":"LDA Belgium","url":"https:\/\/lda.be\/fr\/","logo":{"@type":"ImageObject","inLanguage":"fr-FR","@id":"https:\/\/lda.be\/fr\/#\/schema\/logo\/image\/","url":"https:\/\/lda.be\/wp-content\/uploads\/2022\/07\/Logo-LDA.webp","contentUrl":"https:\/\/lda.be\/wp-content\/uploads\/2022\/07\/Logo-LDA.webp","width":311,"height":101,"caption":"LDA Belgium"},"image":{"@id":"https:\/\/lda.be\/fr\/#\/schema\/logo\/image\/"},"sameAs":["https:\/\/www.linkedin.com\/company\/lda-belgium-nv"]}]}},"_links":{"self":[{"href":"https:\/\/lda.be\/fr\/wp-json\/wp\/v2\/product\/9731","targetHints":{"allow":["GET"]}}],"collection":[{"href":"https:\/\/lda.be\/fr\/wp-json\/wp\/v2\/product"}],"about":[{"href":"https:\/\/lda.be\/fr\/wp-json\/wp\/v2\/types\/product"}],"replies":[{"embeddable":true,"href":"https:\/\/lda.be\/fr\/wp-json\/wp\/v2\/comments?post=9731"}],"wp:featuredmedia":[{"embeddable":true,"href":"https:\/\/lda.be\/fr\/wp-json\/wp\/v2\/media\/9726"}],"wp:attachment":[{"href":"https:\/\/lda.be\/fr\/wp-json\/wp\/v2\/media?parent=9731"}],"wp:term":[{"taxonomy":"product_brand","embeddable":true,"href":"https:\/\/lda.be\/fr\/wp-json\/wp\/v2\/product_brand?post=9731"},{"taxonomy":"product_cat","embeddable":true,"href":"https:\/\/lda.be\/fr\/wp-json\/wp\/v2\/product_cat?post=9731"},{"taxonomy":"product_tag","embeddable":true,"href":"https:\/\/lda.be\/fr\/wp-json\/wp\/v2\/product_tag?post=9731"}],"curies":[{"name":"wp","href":"https:\/\/api.w.org\/{rel}","templated":true}]}}