{"id":9760,"date":"2025-07-17T12:53:28","date_gmt":"2025-07-17T11:53:28","guid":{"rendered":"https:\/\/lda.be\/?post_type=product&#038;p=9760"},"modified":"2025-07-17T13:10:34","modified_gmt":"2025-07-17T12:10:34","slug":"serie-crdvs-vanne-de-condensat-a-auto-apprentissage","status":"publish","type":"product","link":"https:\/\/lda.be\/fr\/produit\/serie-crdvs-vanne-de-condensat-a-auto-apprentissage\/","title":{"rendered":"S\u00e9rie CRDVS &#8211; vanne de condensat \u00e0 auto-apprentissage"},"content":{"rendered":"<p>Le CRDV\/S de Spartan Scientific est une vanne de condensat \u00e0 auto-apprentissage qui automatise enti\u00e8rement l&#8217;\u00e9limination de l&#8217;humidit\u00e9 des syst\u00e8mes d&#8217;air comprim\u00e9. Gr\u00e2ce \u00e0 un syst\u00e8me de contr\u00f4le en boucle ferm\u00e9e avec mesure de l&#8217;humidit\u00e9, la CRDV\/S pr\u00e9vient efficacement la rouille, le colmatage et l&#8217;usure pr\u00e9matur\u00e9e des \u00e9quipements. Gr\u00e2ce \u00e0 sa fonction intelligente d&#8217;auto-nettoyage, \u00e0 ses voyants lumineux et \u00e0 sa conception robuste, cette vanne ne n\u00e9cessite que tr\u00e8s peu d&#8217;entretien et est pr\u00eate pour une installation \u00ab plug-and-play \u00bb.<\/p>\n<p>En option, le CRDV\/S est dot\u00e9 d&#8217;une connectivit\u00e9 Wi-Fi qui permet aux utilisateurs de suivre les donn\u00e9es en temps r\u00e9el telles que la temp\u00e9rature, les cycles et l&#8217;historique des vidanges via une application (iOS, Android et ordinateur de bureau). Des alertes peuvent \u00eatre envoy\u00e9es automatiquement par courriel ou SMS. Tout cela fait du CRDV\/S une solution particuli\u00e8rement efficace et tourn\u00e9e vers l&#8217;avenir par rapport aux purgeurs traditionnels \u00e0 commande temporelle.<\/p>\n<p>Les applications comprennent les compresseurs d&#8217;air, les r\u00e9servoirs d&#8217;air comprim\u00e9, les filtres et les installations industrielles o\u00f9 l&#8217;accumulation d&#8217;humidit\u00e9 provoque des dommages ou augmente les co\u00fbts de maintenance.<\/p>\n<p>Vous voulez savoir si le CRDV\/S prot\u00e9gera mieux votre installation ? Demandez d\u00e8s aujourd&#8217;hui un devis \u00e0 LDA Belgium.<\/p>\n","protected":false},"excerpt":{"rendered":"<p>Le CRDV\/S de Spartan Scientific est une vanne de condensat \u00e0 auto-apprentissage qui automatise enti\u00e8rement l&#8217;\u00e9limination de l&#8217;humidit\u00e9 des syst\u00e8mes d&#8217;air comprim\u00e9. Gr\u00e2ce \u00e0 un syst\u00e8me de contr\u00f4le en boucle ferm\u00e9e avec mesure de l&#8217;humidit\u00e9, la CRDV\/S pr\u00e9vient efficacement la rouille, le colmatage et l&#8217;usure pr\u00e9matur\u00e9e des \u00e9quipements. Gr\u00e2ce \u00e0 sa fonction intelligente d&#8217;auto-nettoyage, \u00e0 [&hellip;]<\/p>\n","protected":false},"featured_media":9757,"comment_status":"closed","ping_status":"closed","template":"","meta":[],"product_brand":[1610],"product_cat":[996,1642,1645],"product_tag":[],"class_list":{"0":"post-9760","1":"product","2":"type-product","3":"status-publish","4":"has-post-thumbnail","6":"product_brand-canfield","7":"product_cat-pneumatique","8":"product_cat-pneumatique-reservoirs-dair-et-accessoires","9":"product_cat-pneumatique-accessoires-pour-reservoirs-dair","11":"first","12":"instock","13":"shipping-taxable","14":"product-type-simple"},"yoast_head":"<!-- This site is optimized with the Yoast SEO plugin v27.3 - https:\/\/yoast.com\/product\/yoast-seo-wordpress\/ -->\n<title>S\u00e9rie CRDVS - vanne de condensat \u00e0 auto-apprentissage - LDA Belgique<\/title>\n<meta name=\"description\" content=\"Purgeur de condensat intelligent Spartan CRDV\/S avec Wi-Fi, 1\/2&quot; NPT, auto-apprentissage, syst\u00e8me en boucle ferm\u00e9e, 120 VAC. A d\u00e9couvrir chez LDA Belgium.\" \/>\n<meta name=\"robots\" content=\"index, follow, max-snippet:-1, max-image-preview:large, max-video-preview:-1\" \/>\n<link rel=\"canonical\" href=\"https:\/\/lda.be\/fr\/produit\/serie-crdvs-vanne-de-condensat-a-auto-apprentissage\/\" \/>\n<meta property=\"og:locale\" content=\"fr_FR\" \/>\n<meta property=\"og:type\" content=\"article\" \/>\n<meta property=\"og:title\" content=\"S\u00e9rie CRDVS - vanne de condensat \u00e0 auto-apprentissage - LDA Belgique\" \/>\n<meta property=\"og:description\" content=\"Purgeur de condensat intelligent Spartan CRDV\/S avec Wi-Fi, 1\/2&quot; NPT, auto-apprentissage, syst\u00e8me en boucle ferm\u00e9e, 120 VAC. A d\u00e9couvrir chez LDA Belgium.\" \/>\n<meta property=\"og:url\" content=\"https:\/\/lda.be\/fr\/produit\/serie-crdvs-vanne-de-condensat-a-auto-apprentissage\/\" \/>\n<meta property=\"og:site_name\" content=\"LDA Belgique\" \/>\n<meta property=\"article:modified_time\" content=\"2025-07-17T12:10:34+00:00\" \/>\n<meta property=\"og:image\" content=\"https:\/\/lda.be\/wp-content\/uploads\/2025\/07\/crds.webp\" \/>\n\t<meta property=\"og:image:width\" content=\"800\" \/>\n\t<meta property=\"og:image:height\" content=\"800\" \/>\n\t<meta property=\"og:image:type\" content=\"image\/webp\" \/>\n<meta name=\"twitter:card\" content=\"summary_large_image\" \/>\n<meta name=\"twitter:label1\" content=\"Dur\u00e9e de lecture estim\u00e9e\" \/>\n\t<meta name=\"twitter:data1\" content=\"1 minute\" \/>\n<script type=\"application\/ld+json\" class=\"yoast-schema-graph\">{\"@context\":\"https:\\\/\\\/schema.org\",\"@graph\":[{\"@type\":\"WebPage\",\"@id\":\"https:\\\/\\\/lda.be\\\/fr\\\/produit\\\/serie-crdvs-vanne-de-condensat-a-auto-apprentissage\\\/\",\"url\":\"https:\\\/\\\/lda.be\\\/fr\\\/produit\\\/serie-crdvs-vanne-de-condensat-a-auto-apprentissage\\\/\",\"name\":\"S\u00e9rie CRDVS - vanne de condensat \u00e0 auto-apprentissage - LDA Belgique\",\"isPartOf\":{\"@id\":\"https:\\\/\\\/lda.be\\\/fr\\\/#website\"},\"primaryImageOfPage\":{\"@id\":\"https:\\\/\\\/lda.be\\\/fr\\\/produit\\\/serie-crdvs-vanne-de-condensat-a-auto-apprentissage\\\/#primaryimage\"},\"image\":{\"@id\":\"https:\\\/\\\/lda.be\\\/fr\\\/produit\\\/serie-crdvs-vanne-de-condensat-a-auto-apprentissage\\\/#primaryimage\"},\"thumbnailUrl\":\"https:\\\/\\\/lda.be\\\/wp-content\\\/uploads\\\/2025\\\/07\\\/crds.webp\",\"datePublished\":\"2025-07-17T11:53:28+00:00\",\"dateModified\":\"2025-07-17T12:10:34+00:00\",\"description\":\"Purgeur de condensat intelligent Spartan CRDV\\\/S avec Wi-Fi, 1\\\/2\\\" NPT, auto-apprentissage, syst\u00e8me en boucle ferm\u00e9e, 120 VAC. A d\u00e9couvrir chez LDA Belgium.\",\"breadcrumb\":{\"@id\":\"https:\\\/\\\/lda.be\\\/fr\\\/produit\\\/serie-crdvs-vanne-de-condensat-a-auto-apprentissage\\\/#breadcrumb\"},\"inLanguage\":\"fr-FR\",\"potentialAction\":[{\"@type\":\"ReadAction\",\"target\":[\"https:\\\/\\\/lda.be\\\/fr\\\/produit\\\/serie-crdvs-vanne-de-condensat-a-auto-apprentissage\\\/\"]}]},{\"@type\":\"ImageObject\",\"inLanguage\":\"fr-FR\",\"@id\":\"https:\\\/\\\/lda.be\\\/fr\\\/produit\\\/serie-crdvs-vanne-de-condensat-a-auto-apprentissage\\\/#primaryimage\",\"url\":\"https:\\\/\\\/lda.be\\\/wp-content\\\/uploads\\\/2025\\\/07\\\/crds.webp\",\"contentUrl\":\"https:\\\/\\\/lda.be\\\/wp-content\\\/uploads\\\/2025\\\/07\\\/crds.webp\",\"width\":800,\"height\":800,\"caption\":\"canfield CRDVS valve\"},{\"@type\":\"BreadcrumbList\",\"@id\":\"https:\\\/\\\/lda.be\\\/fr\\\/produit\\\/serie-crdvs-vanne-de-condensat-a-auto-apprentissage\\\/#breadcrumb\",\"itemListElement\":[{\"@type\":\"ListItem\",\"position\":1,\"name\":\"Accueil\",\"item\":\"https:\\\/\\\/lda.be\\\/fr\\\/\"},{\"@type\":\"ListItem\",\"position\":2,\"name\":\"Produits\",\"item\":\"https:\\\/\\\/lda.be\\\/fr\\\/produits\\\/\"},{\"@type\":\"ListItem\",\"position\":3,\"name\":\"S\u00e9rie CRDVS &#8211; vanne de condensat \u00e0 auto-apprentissage\"}]},{\"@type\":\"WebSite\",\"@id\":\"https:\\\/\\\/lda.be\\\/fr\\\/#website\",\"url\":\"https:\\\/\\\/lda.be\\\/fr\\\/\",\"name\":\"LDA Belgium\",\"description\":\"Solutions For Life\",\"publisher\":{\"@id\":\"https:\\\/\\\/lda.be\\\/fr\\\/#organization\"},\"potentialAction\":[{\"@type\":\"SearchAction\",\"target\":{\"@type\":\"EntryPoint\",\"urlTemplate\":\"https:\\\/\\\/lda.be\\\/fr\\\/?s={search_term_string}\"},\"query-input\":{\"@type\":\"PropertyValueSpecification\",\"valueRequired\":true,\"valueName\":\"search_term_string\"}}],\"inLanguage\":\"fr-FR\"},{\"@type\":\"Organization\",\"@id\":\"https:\\\/\\\/lda.be\\\/fr\\\/#organization\",\"name\":\"LDA Belgium\",\"url\":\"https:\\\/\\\/lda.be\\\/fr\\\/\",\"logo\":{\"@type\":\"ImageObject\",\"inLanguage\":\"fr-FR\",\"@id\":\"https:\\\/\\\/lda.be\\\/fr\\\/#\\\/schema\\\/logo\\\/image\\\/\",\"url\":\"https:\\\/\\\/lda.be\\\/wp-content\\\/uploads\\\/2022\\\/07\\\/Logo-LDA.webp\",\"contentUrl\":\"https:\\\/\\\/lda.be\\\/wp-content\\\/uploads\\\/2022\\\/07\\\/Logo-LDA.webp\",\"width\":311,\"height\":101,\"caption\":\"LDA Belgium\"},\"image\":{\"@id\":\"https:\\\/\\\/lda.be\\\/fr\\\/#\\\/schema\\\/logo\\\/image\\\/\"},\"sameAs\":[\"https:\\\/\\\/www.linkedin.com\\\/company\\\/lda-belgium-nv\"]}]}<\/script>\n<!-- \/ Yoast SEO plugin. -->","yoast_head_json":{"title":"S\u00e9rie CRDVS - vanne de condensat \u00e0 auto-apprentissage - LDA Belgique","description":"Purgeur de condensat intelligent Spartan CRDV\/S avec Wi-Fi, 1\/2\" NPT, auto-apprentissage, syst\u00e8me en boucle ferm\u00e9e, 120 VAC. A d\u00e9couvrir chez LDA Belgium.","robots":{"index":"index","follow":"follow","max-snippet":"max-snippet:-1","max-image-preview":"max-image-preview:large","max-video-preview":"max-video-preview:-1"},"canonical":"https:\/\/lda.be\/fr\/produit\/serie-crdvs-vanne-de-condensat-a-auto-apprentissage\/","og_locale":"fr_FR","og_type":"article","og_title":"S\u00e9rie CRDVS - vanne de condensat \u00e0 auto-apprentissage - LDA Belgique","og_description":"Purgeur de condensat intelligent Spartan CRDV\/S avec Wi-Fi, 1\/2\" NPT, auto-apprentissage, syst\u00e8me en boucle ferm\u00e9e, 120 VAC. A d\u00e9couvrir chez LDA Belgium.","og_url":"https:\/\/lda.be\/fr\/produit\/serie-crdvs-vanne-de-condensat-a-auto-apprentissage\/","og_site_name":"LDA Belgique","article_modified_time":"2025-07-17T12:10:34+00:00","og_image":[{"width":800,"height":800,"url":"https:\/\/lda.be\/wp-content\/uploads\/2025\/07\/crds.webp","type":"image\/webp"}],"twitter_card":"summary_large_image","twitter_misc":{"Dur\u00e9e de lecture estim\u00e9e":"1 minute"},"schema":{"@context":"https:\/\/schema.org","@graph":[{"@type":"WebPage","@id":"https:\/\/lda.be\/fr\/produit\/serie-crdvs-vanne-de-condensat-a-auto-apprentissage\/","url":"https:\/\/lda.be\/fr\/produit\/serie-crdvs-vanne-de-condensat-a-auto-apprentissage\/","name":"S\u00e9rie CRDVS - vanne de condensat \u00e0 auto-apprentissage - LDA Belgique","isPartOf":{"@id":"https:\/\/lda.be\/fr\/#website"},"primaryImageOfPage":{"@id":"https:\/\/lda.be\/fr\/produit\/serie-crdvs-vanne-de-condensat-a-auto-apprentissage\/#primaryimage"},"image":{"@id":"https:\/\/lda.be\/fr\/produit\/serie-crdvs-vanne-de-condensat-a-auto-apprentissage\/#primaryimage"},"thumbnailUrl":"https:\/\/lda.be\/wp-content\/uploads\/2025\/07\/crds.webp","datePublished":"2025-07-17T11:53:28+00:00","dateModified":"2025-07-17T12:10:34+00:00","description":"Purgeur de condensat intelligent Spartan CRDV\/S avec Wi-Fi, 1\/2\" NPT, auto-apprentissage, syst\u00e8me en boucle ferm\u00e9e, 120 VAC. A d\u00e9couvrir chez LDA Belgium.","breadcrumb":{"@id":"https:\/\/lda.be\/fr\/produit\/serie-crdvs-vanne-de-condensat-a-auto-apprentissage\/#breadcrumb"},"inLanguage":"fr-FR","potentialAction":[{"@type":"ReadAction","target":["https:\/\/lda.be\/fr\/produit\/serie-crdvs-vanne-de-condensat-a-auto-apprentissage\/"]}]},{"@type":"ImageObject","inLanguage":"fr-FR","@id":"https:\/\/lda.be\/fr\/produit\/serie-crdvs-vanne-de-condensat-a-auto-apprentissage\/#primaryimage","url":"https:\/\/lda.be\/wp-content\/uploads\/2025\/07\/crds.webp","contentUrl":"https:\/\/lda.be\/wp-content\/uploads\/2025\/07\/crds.webp","width":800,"height":800,"caption":"canfield CRDVS valve"},{"@type":"BreadcrumbList","@id":"https:\/\/lda.be\/fr\/produit\/serie-crdvs-vanne-de-condensat-a-auto-apprentissage\/#breadcrumb","itemListElement":[{"@type":"ListItem","position":1,"name":"Accueil","item":"https:\/\/lda.be\/fr\/"},{"@type":"ListItem","position":2,"name":"Produits","item":"https:\/\/lda.be\/fr\/produits\/"},{"@type":"ListItem","position":3,"name":"S\u00e9rie CRDVS &#8211; vanne de condensat \u00e0 auto-apprentissage"}]},{"@type":"WebSite","@id":"https:\/\/lda.be\/fr\/#website","url":"https:\/\/lda.be\/fr\/","name":"LDA Belgium","description":"Solutions For Life","publisher":{"@id":"https:\/\/lda.be\/fr\/#organization"},"potentialAction":[{"@type":"SearchAction","target":{"@type":"EntryPoint","urlTemplate":"https:\/\/lda.be\/fr\/?s={search_term_string}"},"query-input":{"@type":"PropertyValueSpecification","valueRequired":true,"valueName":"search_term_string"}}],"inLanguage":"fr-FR"},{"@type":"Organization","@id":"https:\/\/lda.be\/fr\/#organization","name":"LDA Belgium","url":"https:\/\/lda.be\/fr\/","logo":{"@type":"ImageObject","inLanguage":"fr-FR","@id":"https:\/\/lda.be\/fr\/#\/schema\/logo\/image\/","url":"https:\/\/lda.be\/wp-content\/uploads\/2022\/07\/Logo-LDA.webp","contentUrl":"https:\/\/lda.be\/wp-content\/uploads\/2022\/07\/Logo-LDA.webp","width":311,"height":101,"caption":"LDA Belgium"},"image":{"@id":"https:\/\/lda.be\/fr\/#\/schema\/logo\/image\/"},"sameAs":["https:\/\/www.linkedin.com\/company\/lda-belgium-nv"]}]}},"_links":{"self":[{"href":"https:\/\/lda.be\/fr\/wp-json\/wp\/v2\/product\/9760","targetHints":{"allow":["GET"]}}],"collection":[{"href":"https:\/\/lda.be\/fr\/wp-json\/wp\/v2\/product"}],"about":[{"href":"https:\/\/lda.be\/fr\/wp-json\/wp\/v2\/types\/product"}],"replies":[{"embeddable":true,"href":"https:\/\/lda.be\/fr\/wp-json\/wp\/v2\/comments?post=9760"}],"wp:featuredmedia":[{"embeddable":true,"href":"https:\/\/lda.be\/fr\/wp-json\/wp\/v2\/media\/9757"}],"wp:attachment":[{"href":"https:\/\/lda.be\/fr\/wp-json\/wp\/v2\/media?parent=9760"}],"wp:term":[{"taxonomy":"product_brand","embeddable":true,"href":"https:\/\/lda.be\/fr\/wp-json\/wp\/v2\/product_brand?post=9760"},{"taxonomy":"product_cat","embeddable":true,"href":"https:\/\/lda.be\/fr\/wp-json\/wp\/v2\/product_cat?post=9760"},{"taxonomy":"product_tag","embeddable":true,"href":"https:\/\/lda.be\/fr\/wp-json\/wp\/v2\/product_tag?post=9760"}],"curies":[{"name":"wp","href":"https:\/\/api.w.org\/{rel}","templated":true}]}}