{"id":9779,"date":"2025-07-17T14:07:00","date_gmt":"2025-07-17T13:07:00","guid":{"rendered":"https:\/\/lda.be\/?post_type=product&#038;p=9779"},"modified":"2025-07-17T14:47:20","modified_gmt":"2025-07-17T13:47:20","slug":"a1t-a2t-pg9-connecteur-pour-electrovanne-din-43650","status":"publish","type":"product","link":"https:\/\/lda.be\/fr\/produit\/a1t-a2t-pg9-connecteur-pour-electrovanne-din-43650\/","title":{"rendered":"A1t &#8211; A2t PG9 connecteur pour \u00e9lectrovanne &#8211; DIN 43650"},"content":{"rendered":"<p>Les connecteurs d&#8217;\u00e9lectrovannes A1t &#8211; A2t PG9 conformes \u00e0 la norme EN 175301-803 Type A (anciennement DIN 43650) sont con\u00e7us pour une connexion \u00e9lectrique durable et s\u00fbre des \u00e9lectrovannes et des capteurs industriels. Ils sont disponibles dans des variantes avec ou sans composants \u00e9lectroniques int\u00e9gr\u00e9s tels que des indicateurs LED, des varistances ou des diodes.<\/p>\n<p>Leur configuration modulaire, leur construction robuste et leur protection jusqu&#8217;\u00e0 IP65 les destinent \u00e0 des applications industrielles intensives. Omal propose \u00e9galement des versions transparentes ou compactes avec diff\u00e9rentes couleurs de LED et de circuits \u00e9lectroniques, ainsi que des connecteurs FASTON et des options de personnalisation sur demande.<\/p>\n<p>Application : vannes, syst\u00e8mes d&#8217;air comprim\u00e9, hydraulique, automatisation des processus, technologie des capteurs.<\/p>\n<p>Demandez d\u00e8s aujourd&#8217;hui un devis \u00e0 LDA Belgium.<\/p>\n","protected":false},"excerpt":{"rendered":"<p>Les connecteurs d&#8217;\u00e9lectrovannes A1t &#8211; A2t PG9 conformes \u00e0 la norme EN 175301-803 Type A (anciennement DIN 43650) sont con\u00e7us pour une connexion \u00e9lectrique durable et s\u00fbre des \u00e9lectrovannes et des capteurs industriels. Ils sont disponibles dans des variantes avec ou sans composants \u00e9lectroniques int\u00e9gr\u00e9s tels que des indicateurs LED, des varistances ou des diodes. [&hellip;]<\/p>\n","protected":false},"featured_media":9773,"comment_status":"closed","ping_status":"closed","template":"","meta":[],"product_brand":[1609],"product_cat":[818,828,1608],"product_tag":[],"class_list":{"0":"post-9779","1":"product","2":"type-product","3":"status-publish","4":"has-post-thumbnail","6":"product_brand-omal","7":"product_cat-connecteurs-et-cables","8":"product_cat-connecteurs","9":"product_cat-connecteurs-industriels-de-type-a-b-c-et-micro","11":"first","12":"instock","13":"shipping-taxable","14":"product-type-simple"},"yoast_head":"<!-- This site is optimized with the Yoast SEO plugin v27.3 - https:\/\/yoast.com\/product\/yoast-seo-wordpress\/ -->\n<title>A1t - A2t PG9 connecteur pour \u00e9lectrovanne - DIN 43650 - LDA Belgique<\/title>\n<meta name=\"description\" content=\"Connecteurs d&#039;\u00e9lectrovannes Omal selon EN 175301-803 Type A, IP65, jusqu&#039;\u00e0 250 V \/ 16 A. Pour vannes, capteurs et automatisation industrielle.\" \/>\n<meta name=\"robots\" content=\"index, follow, max-snippet:-1, max-image-preview:large, max-video-preview:-1\" \/>\n<link rel=\"canonical\" href=\"https:\/\/lda.be\/fr\/produit\/a1t-a2t-pg9-connecteur-pour-electrovanne-din-43650\/\" \/>\n<meta property=\"og:locale\" content=\"fr_FR\" \/>\n<meta property=\"og:type\" content=\"article\" \/>\n<meta property=\"og:title\" content=\"A1t - A2t PG9 connecteur pour \u00e9lectrovanne - DIN 43650 - LDA Belgique\" \/>\n<meta property=\"og:description\" content=\"Connecteurs d&#039;\u00e9lectrovannes Omal selon EN 175301-803 Type A, IP65, jusqu&#039;\u00e0 250 V \/ 16 A. Pour vannes, capteurs et automatisation industrielle.\" \/>\n<meta property=\"og:url\" content=\"https:\/\/lda.be\/fr\/produit\/a1t-a2t-pg9-connecteur-pour-electrovanne-din-43650\/\" \/>\n<meta property=\"og:site_name\" content=\"LDA Belgique\" \/>\n<meta property=\"article:modified_time\" content=\"2025-07-17T13:47:20+00:00\" \/>\n<meta property=\"og:image\" content=\"https:\/\/lda.be\/wp-content\/uploads\/2025\/07\/a1t.webp\" \/>\n\t<meta property=\"og:image:width\" content=\"800\" \/>\n\t<meta property=\"og:image:height\" content=\"800\" \/>\n\t<meta property=\"og:image:type\" content=\"image\/webp\" \/>\n<meta name=\"twitter:card\" content=\"summary_large_image\" \/>\n<meta name=\"twitter:label1\" content=\"Dur\u00e9e de lecture estim\u00e9e\" \/>\n\t<meta name=\"twitter:data1\" content=\"1 minute\" \/>\n<script type=\"application\/ld+json\" class=\"yoast-schema-graph\">{\"@context\":\"https:\\\/\\\/schema.org\",\"@graph\":[{\"@type\":\"WebPage\",\"@id\":\"https:\\\/\\\/lda.be\\\/fr\\\/produit\\\/a1t-a2t-pg9-connecteur-pour-electrovanne-din-43650\\\/\",\"url\":\"https:\\\/\\\/lda.be\\\/fr\\\/produit\\\/a1t-a2t-pg9-connecteur-pour-electrovanne-din-43650\\\/\",\"name\":\"A1t - A2t PG9 connecteur pour \u00e9lectrovanne - DIN 43650 - LDA Belgique\",\"isPartOf\":{\"@id\":\"https:\\\/\\\/lda.be\\\/fr\\\/#website\"},\"primaryImageOfPage\":{\"@id\":\"https:\\\/\\\/lda.be\\\/fr\\\/produit\\\/a1t-a2t-pg9-connecteur-pour-electrovanne-din-43650\\\/#primaryimage\"},\"image\":{\"@id\":\"https:\\\/\\\/lda.be\\\/fr\\\/produit\\\/a1t-a2t-pg9-connecteur-pour-electrovanne-din-43650\\\/#primaryimage\"},\"thumbnailUrl\":\"https:\\\/\\\/lda.be\\\/wp-content\\\/uploads\\\/2025\\\/07\\\/a1t.webp\",\"datePublished\":\"2025-07-17T13:07:00+00:00\",\"dateModified\":\"2025-07-17T13:47:20+00:00\",\"description\":\"Connecteurs d'\u00e9lectrovannes Omal selon EN 175301-803 Type A, IP65, jusqu'\u00e0 250 V \\\/ 16 A. Pour vannes, capteurs et automatisation industrielle.\",\"breadcrumb\":{\"@id\":\"https:\\\/\\\/lda.be\\\/fr\\\/produit\\\/a1t-a2t-pg9-connecteur-pour-electrovanne-din-43650\\\/#breadcrumb\"},\"inLanguage\":\"fr-FR\",\"potentialAction\":[{\"@type\":\"ReadAction\",\"target\":[\"https:\\\/\\\/lda.be\\\/fr\\\/produit\\\/a1t-a2t-pg9-connecteur-pour-electrovanne-din-43650\\\/\"]}]},{\"@type\":\"ImageObject\",\"inLanguage\":\"fr-FR\",\"@id\":\"https:\\\/\\\/lda.be\\\/fr\\\/produit\\\/a1t-a2t-pg9-connecteur-pour-electrovanne-din-43650\\\/#primaryimage\",\"url\":\"https:\\\/\\\/lda.be\\\/wp-content\\\/uploads\\\/2025\\\/07\\\/a1t.webp\",\"contentUrl\":\"https:\\\/\\\/lda.be\\\/wp-content\\\/uploads\\\/2025\\\/07\\\/a1t.webp\",\"width\":800,\"height\":800,\"caption\":\"a1t - a2t Omal\"},{\"@type\":\"BreadcrumbList\",\"@id\":\"https:\\\/\\\/lda.be\\\/fr\\\/produit\\\/a1t-a2t-pg9-connecteur-pour-electrovanne-din-43650\\\/#breadcrumb\",\"itemListElement\":[{\"@type\":\"ListItem\",\"position\":1,\"name\":\"Accueil\",\"item\":\"https:\\\/\\\/lda.be\\\/fr\\\/\"},{\"@type\":\"ListItem\",\"position\":2,\"name\":\"Produits\",\"item\":\"https:\\\/\\\/lda.be\\\/fr\\\/produits\\\/\"},{\"@type\":\"ListItem\",\"position\":3,\"name\":\"A1t &#8211; A2t PG9 connecteur pour \u00e9lectrovanne &#8211; DIN 43650\"}]},{\"@type\":\"WebSite\",\"@id\":\"https:\\\/\\\/lda.be\\\/fr\\\/#website\",\"url\":\"https:\\\/\\\/lda.be\\\/fr\\\/\",\"name\":\"LDA Belgium\",\"description\":\"Solutions For Life\",\"publisher\":{\"@id\":\"https:\\\/\\\/lda.be\\\/fr\\\/#organization\"},\"potentialAction\":[{\"@type\":\"SearchAction\",\"target\":{\"@type\":\"EntryPoint\",\"urlTemplate\":\"https:\\\/\\\/lda.be\\\/fr\\\/?s={search_term_string}\"},\"query-input\":{\"@type\":\"PropertyValueSpecification\",\"valueRequired\":true,\"valueName\":\"search_term_string\"}}],\"inLanguage\":\"fr-FR\"},{\"@type\":\"Organization\",\"@id\":\"https:\\\/\\\/lda.be\\\/fr\\\/#organization\",\"name\":\"LDA Belgium\",\"url\":\"https:\\\/\\\/lda.be\\\/fr\\\/\",\"logo\":{\"@type\":\"ImageObject\",\"inLanguage\":\"fr-FR\",\"@id\":\"https:\\\/\\\/lda.be\\\/fr\\\/#\\\/schema\\\/logo\\\/image\\\/\",\"url\":\"https:\\\/\\\/lda.be\\\/wp-content\\\/uploads\\\/2022\\\/07\\\/Logo-LDA.webp\",\"contentUrl\":\"https:\\\/\\\/lda.be\\\/wp-content\\\/uploads\\\/2022\\\/07\\\/Logo-LDA.webp\",\"width\":311,\"height\":101,\"caption\":\"LDA Belgium\"},\"image\":{\"@id\":\"https:\\\/\\\/lda.be\\\/fr\\\/#\\\/schema\\\/logo\\\/image\\\/\"},\"sameAs\":[\"https:\\\/\\\/www.linkedin.com\\\/company\\\/lda-belgium-nv\"]}]}<\/script>\n<!-- \/ Yoast SEO plugin. -->","yoast_head_json":{"title":"A1t - A2t PG9 connecteur pour \u00e9lectrovanne - DIN 43650 - LDA Belgique","description":"Connecteurs d'\u00e9lectrovannes Omal selon EN 175301-803 Type A, IP65, jusqu'\u00e0 250 V \/ 16 A. Pour vannes, capteurs et automatisation industrielle.","robots":{"index":"index","follow":"follow","max-snippet":"max-snippet:-1","max-image-preview":"max-image-preview:large","max-video-preview":"max-video-preview:-1"},"canonical":"https:\/\/lda.be\/fr\/produit\/a1t-a2t-pg9-connecteur-pour-electrovanne-din-43650\/","og_locale":"fr_FR","og_type":"article","og_title":"A1t - A2t PG9 connecteur pour \u00e9lectrovanne - DIN 43650 - LDA Belgique","og_description":"Connecteurs d'\u00e9lectrovannes Omal selon EN 175301-803 Type A, IP65, jusqu'\u00e0 250 V \/ 16 A. Pour vannes, capteurs et automatisation industrielle.","og_url":"https:\/\/lda.be\/fr\/produit\/a1t-a2t-pg9-connecteur-pour-electrovanne-din-43650\/","og_site_name":"LDA Belgique","article_modified_time":"2025-07-17T13:47:20+00:00","og_image":[{"width":800,"height":800,"url":"https:\/\/lda.be\/wp-content\/uploads\/2025\/07\/a1t.webp","type":"image\/webp"}],"twitter_card":"summary_large_image","twitter_misc":{"Dur\u00e9e de lecture estim\u00e9e":"1 minute"},"schema":{"@context":"https:\/\/schema.org","@graph":[{"@type":"WebPage","@id":"https:\/\/lda.be\/fr\/produit\/a1t-a2t-pg9-connecteur-pour-electrovanne-din-43650\/","url":"https:\/\/lda.be\/fr\/produit\/a1t-a2t-pg9-connecteur-pour-electrovanne-din-43650\/","name":"A1t - A2t PG9 connecteur pour \u00e9lectrovanne - DIN 43650 - LDA Belgique","isPartOf":{"@id":"https:\/\/lda.be\/fr\/#website"},"primaryImageOfPage":{"@id":"https:\/\/lda.be\/fr\/produit\/a1t-a2t-pg9-connecteur-pour-electrovanne-din-43650\/#primaryimage"},"image":{"@id":"https:\/\/lda.be\/fr\/produit\/a1t-a2t-pg9-connecteur-pour-electrovanne-din-43650\/#primaryimage"},"thumbnailUrl":"https:\/\/lda.be\/wp-content\/uploads\/2025\/07\/a1t.webp","datePublished":"2025-07-17T13:07:00+00:00","dateModified":"2025-07-17T13:47:20+00:00","description":"Connecteurs d'\u00e9lectrovannes Omal selon EN 175301-803 Type A, IP65, jusqu'\u00e0 250 V \/ 16 A. Pour vannes, capteurs et automatisation industrielle.","breadcrumb":{"@id":"https:\/\/lda.be\/fr\/produit\/a1t-a2t-pg9-connecteur-pour-electrovanne-din-43650\/#breadcrumb"},"inLanguage":"fr-FR","potentialAction":[{"@type":"ReadAction","target":["https:\/\/lda.be\/fr\/produit\/a1t-a2t-pg9-connecteur-pour-electrovanne-din-43650\/"]}]},{"@type":"ImageObject","inLanguage":"fr-FR","@id":"https:\/\/lda.be\/fr\/produit\/a1t-a2t-pg9-connecteur-pour-electrovanne-din-43650\/#primaryimage","url":"https:\/\/lda.be\/wp-content\/uploads\/2025\/07\/a1t.webp","contentUrl":"https:\/\/lda.be\/wp-content\/uploads\/2025\/07\/a1t.webp","width":800,"height":800,"caption":"a1t - a2t Omal"},{"@type":"BreadcrumbList","@id":"https:\/\/lda.be\/fr\/produit\/a1t-a2t-pg9-connecteur-pour-electrovanne-din-43650\/#breadcrumb","itemListElement":[{"@type":"ListItem","position":1,"name":"Accueil","item":"https:\/\/lda.be\/fr\/"},{"@type":"ListItem","position":2,"name":"Produits","item":"https:\/\/lda.be\/fr\/produits\/"},{"@type":"ListItem","position":3,"name":"A1t &#8211; A2t PG9 connecteur pour \u00e9lectrovanne &#8211; DIN 43650"}]},{"@type":"WebSite","@id":"https:\/\/lda.be\/fr\/#website","url":"https:\/\/lda.be\/fr\/","name":"LDA Belgium","description":"Solutions For Life","publisher":{"@id":"https:\/\/lda.be\/fr\/#organization"},"potentialAction":[{"@type":"SearchAction","target":{"@type":"EntryPoint","urlTemplate":"https:\/\/lda.be\/fr\/?s={search_term_string}"},"query-input":{"@type":"PropertyValueSpecification","valueRequired":true,"valueName":"search_term_string"}}],"inLanguage":"fr-FR"},{"@type":"Organization","@id":"https:\/\/lda.be\/fr\/#organization","name":"LDA Belgium","url":"https:\/\/lda.be\/fr\/","logo":{"@type":"ImageObject","inLanguage":"fr-FR","@id":"https:\/\/lda.be\/fr\/#\/schema\/logo\/image\/","url":"https:\/\/lda.be\/wp-content\/uploads\/2022\/07\/Logo-LDA.webp","contentUrl":"https:\/\/lda.be\/wp-content\/uploads\/2022\/07\/Logo-LDA.webp","width":311,"height":101,"caption":"LDA Belgium"},"image":{"@id":"https:\/\/lda.be\/fr\/#\/schema\/logo\/image\/"},"sameAs":["https:\/\/www.linkedin.com\/company\/lda-belgium-nv"]}]}},"_links":{"self":[{"href":"https:\/\/lda.be\/fr\/wp-json\/wp\/v2\/product\/9779","targetHints":{"allow":["GET"]}}],"collection":[{"href":"https:\/\/lda.be\/fr\/wp-json\/wp\/v2\/product"}],"about":[{"href":"https:\/\/lda.be\/fr\/wp-json\/wp\/v2\/types\/product"}],"replies":[{"embeddable":true,"href":"https:\/\/lda.be\/fr\/wp-json\/wp\/v2\/comments?post=9779"}],"wp:featuredmedia":[{"embeddable":true,"href":"https:\/\/lda.be\/fr\/wp-json\/wp\/v2\/media\/9773"}],"wp:attachment":[{"href":"https:\/\/lda.be\/fr\/wp-json\/wp\/v2\/media?parent=9779"}],"wp:term":[{"taxonomy":"product_brand","embeddable":true,"href":"https:\/\/lda.be\/fr\/wp-json\/wp\/v2\/product_brand?post=9779"},{"taxonomy":"product_cat","embeddable":true,"href":"https:\/\/lda.be\/fr\/wp-json\/wp\/v2\/product_cat?post=9779"},{"taxonomy":"product_tag","embeddable":true,"href":"https:\/\/lda.be\/fr\/wp-json\/wp\/v2\/product_tag?post=9779"}],"curies":[{"name":"wp","href":"https:\/\/api.w.org\/{rel}","templated":true}]}}