{"id":9788,"date":"2025-07-17T15:19:35","date_gmt":"2025-07-17T14:19:35","guid":{"rendered":"https:\/\/lda.be\/?post_type=product&#038;p=9788"},"modified":"2025-07-17T15:33:24","modified_gmt":"2025-07-17T14:33:24","slug":"a1-a2-pg11-connecteur-delectrovanne-din-43650","status":"publish","type":"product","link":"https:\/\/lda.be\/fr\/produit\/a1-a2-pg11-connecteur-delectrovanne-din-43650\/","title":{"rendered":"A1 &#8211; A2 PG11 connecteur d&#8217;\u00e9lectrovanne DIN 43650"},"content":{"rendered":"<p>Les connecteurs pour \u00e9lectrovannes PG11 A1 &#8211; A2 d&#8217;Omal, conformes \u00e0 la norme EN 175301-803 Type A (anciennement DIN 43650), assurent une connexion \u00e9lectrique durable et s\u00fbre pour les \u00e9lectrovannes dans les applications industrielles exigeantes. Gr\u00e2ce \u00e0 leur bo\u00eetier en PA66 renforc\u00e9 \u00e0 30 % de fibres de verre, ces connecteurs r\u00e9sistent \u00e0 des temp\u00e9ratures allant de -30 \u00b0C \u00e0 +125 \u00b0C, aux contraintes m\u00e9caniques et aux influences chimiques.<\/p>\n<p>Disponibles avec ou sans composants \u00e9lectroniques int\u00e9gr\u00e9s tels que varistances, diodes, ponts redresseurs ou LED d&#8217;indication (10-250 V), ces connecteurs offrent une protection CEM compl\u00e8te. Le mod\u00e8le est con\u00e7u pour des tensions de fonctionnement allant jusqu&#8217;\u00e0 250 V AC ou 300 V DC avec un courant nominal de 10 A (max. 16 A). La protection IP65 (EN 60529) garantit l&#8217;\u00e9tanch\u00e9it\u00e9 \u00e0 la poussi\u00e8re et aux projections d&#8217;eau. L&#8217;\u00e9lectrovanne peut ainsi \u00eatre install\u00e9e dans des environnements humides ou poussi\u00e9reux.<\/p>\n<p>Gr\u00e2ce au presse-\u00e9toupe PG11, les c\u00e2bles d&#8217;un diam\u00e8tre ext\u00e9rieur de 8 \u00e0 10 mm s&#8217;adaptent, et l&#8217;installation est facile gr\u00e2ce \u00e0 la vis et au joint fournis. Les connecteurs conviennent aux applications dans les domaines de la robinetterie, de l&#8217;hydraulique, de la pneumatique, de l&#8217;air comprim\u00e9, des syst\u00e8mes sous pression, des pompes et de la technologie des capteurs.<\/p>\n<p>Vous \u00eates int\u00e9ress\u00e9 par un connecteur personnalis\u00e9 ou par un circuit sp\u00e9cifique ? Demandez d\u00e8s aujourd&#8217;hui votre configuration ou votre devis \u00e0 LDA<\/p>\n","protected":false},"excerpt":{"rendered":"<p>Les connecteurs pour \u00e9lectrovannes PG11 A1 &#8211; A2 d&#8217;Omal, conformes \u00e0 la norme EN 175301-803 Type A (anciennement DIN 43650), assurent une connexion \u00e9lectrique durable et s\u00fbre pour les \u00e9lectrovannes dans les applications industrielles exigeantes. Gr\u00e2ce \u00e0 leur bo\u00eetier en PA66 renforc\u00e9 \u00e0 30 % de fibres de verre, ces connecteurs r\u00e9sistent \u00e0 des temp\u00e9ratures [&hellip;]<\/p>\n","protected":false},"featured_media":9783,"comment_status":"closed","ping_status":"closed","template":"","meta":[],"product_brand":[1609],"product_cat":[818,828,1608],"product_tag":[],"class_list":{"0":"post-9788","1":"product","2":"type-product","3":"status-publish","4":"has-post-thumbnail","6":"product_brand-omal","7":"product_cat-connecteurs-et-cables","8":"product_cat-connecteurs","9":"product_cat-connecteurs-industriels-de-type-a-b-c-et-micro","11":"first","12":"instock","13":"shipping-taxable","14":"product-type-simple"},"yoast_head":"<!-- This site is optimized with the Yoast SEO plugin v27.3 - https:\/\/yoast.com\/product\/yoast-seo-wordpress\/ -->\n<title>A1 - A2 PG11 connecteur d&#039;\u00e9lectrovanne DIN 43650 - LDA Belgique<\/title>\n<meta name=\"description\" content=\"Connecteur d&#039;\u00e9lectrovanne Omal, PG11, IP65, 250 V AC, 10 A, avec LED, varistor, diode ou cellule de pont. DIN 43650 Type A. Commandez via LDA Belgium.\" \/>\n<meta name=\"robots\" content=\"index, follow, max-snippet:-1, max-image-preview:large, max-video-preview:-1\" \/>\n<link rel=\"canonical\" href=\"https:\/\/lda.be\/fr\/produit\/a1-a2-pg11-connecteur-delectrovanne-din-43650\/\" \/>\n<meta property=\"og:locale\" content=\"fr_FR\" \/>\n<meta property=\"og:type\" content=\"article\" \/>\n<meta property=\"og:title\" content=\"A1 - A2 PG11 connecteur d&#039;\u00e9lectrovanne DIN 43650 - LDA Belgique\" \/>\n<meta property=\"og:description\" content=\"Connecteur d&#039;\u00e9lectrovanne Omal, PG11, IP65, 250 V AC, 10 A, avec LED, varistor, diode ou cellule de pont. DIN 43650 Type A. Commandez via LDA Belgium.\" \/>\n<meta property=\"og:url\" content=\"https:\/\/lda.be\/fr\/produit\/a1-a2-pg11-connecteur-delectrovanne-din-43650\/\" \/>\n<meta property=\"og:site_name\" content=\"LDA Belgique\" \/>\n<meta property=\"article:modified_time\" content=\"2025-07-17T14:33:24+00:00\" \/>\n<meta property=\"og:image\" content=\"https:\/\/lda.be\/wp-content\/uploads\/2025\/07\/pg11.webp\" \/>\n\t<meta property=\"og:image:width\" content=\"800\" \/>\n\t<meta property=\"og:image:height\" content=\"800\" \/>\n\t<meta property=\"og:image:type\" content=\"image\/webp\" \/>\n<meta name=\"twitter:card\" content=\"summary_large_image\" \/>\n<meta name=\"twitter:label1\" content=\"Dur\u00e9e de lecture estim\u00e9e\" \/>\n\t<meta name=\"twitter:data1\" content=\"2 minutes\" \/>\n<script type=\"application\/ld+json\" class=\"yoast-schema-graph\">{\"@context\":\"https:\\\/\\\/schema.org\",\"@graph\":[{\"@type\":\"WebPage\",\"@id\":\"https:\\\/\\\/lda.be\\\/fr\\\/produit\\\/a1-a2-pg11-connecteur-delectrovanne-din-43650\\\/\",\"url\":\"https:\\\/\\\/lda.be\\\/fr\\\/produit\\\/a1-a2-pg11-connecteur-delectrovanne-din-43650\\\/\",\"name\":\"A1 - A2 PG11 connecteur d'\u00e9lectrovanne DIN 43650 - LDA Belgique\",\"isPartOf\":{\"@id\":\"https:\\\/\\\/lda.be\\\/fr\\\/#website\"},\"primaryImageOfPage\":{\"@id\":\"https:\\\/\\\/lda.be\\\/fr\\\/produit\\\/a1-a2-pg11-connecteur-delectrovanne-din-43650\\\/#primaryimage\"},\"image\":{\"@id\":\"https:\\\/\\\/lda.be\\\/fr\\\/produit\\\/a1-a2-pg11-connecteur-delectrovanne-din-43650\\\/#primaryimage\"},\"thumbnailUrl\":\"https:\\\/\\\/lda.be\\\/wp-content\\\/uploads\\\/2025\\\/07\\\/pg11.webp\",\"datePublished\":\"2025-07-17T14:19:35+00:00\",\"dateModified\":\"2025-07-17T14:33:24+00:00\",\"description\":\"Connecteur d'\u00e9lectrovanne Omal, PG11, IP65, 250 V AC, 10 A, avec LED, varistor, diode ou cellule de pont. DIN 43650 Type A. Commandez via LDA Belgium.\",\"breadcrumb\":{\"@id\":\"https:\\\/\\\/lda.be\\\/fr\\\/produit\\\/a1-a2-pg11-connecteur-delectrovanne-din-43650\\\/#breadcrumb\"},\"inLanguage\":\"fr-FR\",\"potentialAction\":[{\"@type\":\"ReadAction\",\"target\":[\"https:\\\/\\\/lda.be\\\/fr\\\/produit\\\/a1-a2-pg11-connecteur-delectrovanne-din-43650\\\/\"]}]},{\"@type\":\"ImageObject\",\"inLanguage\":\"fr-FR\",\"@id\":\"https:\\\/\\\/lda.be\\\/fr\\\/produit\\\/a1-a2-pg11-connecteur-delectrovanne-din-43650\\\/#primaryimage\",\"url\":\"https:\\\/\\\/lda.be\\\/wp-content\\\/uploads\\\/2025\\\/07\\\/pg11.webp\",\"contentUrl\":\"https:\\\/\\\/lda.be\\\/wp-content\\\/uploads\\\/2025\\\/07\\\/pg11.webp\",\"width\":800,\"height\":800,\"caption\":\"omal pg11 a1 -a2 magneetventiel connector\"},{\"@type\":\"BreadcrumbList\",\"@id\":\"https:\\\/\\\/lda.be\\\/fr\\\/produit\\\/a1-a2-pg11-connecteur-delectrovanne-din-43650\\\/#breadcrumb\",\"itemListElement\":[{\"@type\":\"ListItem\",\"position\":1,\"name\":\"Accueil\",\"item\":\"https:\\\/\\\/lda.be\\\/fr\\\/\"},{\"@type\":\"ListItem\",\"position\":2,\"name\":\"Produits\",\"item\":\"https:\\\/\\\/lda.be\\\/fr\\\/produits\\\/\"},{\"@type\":\"ListItem\",\"position\":3,\"name\":\"A1 &#8211; A2 PG11 connecteur d&#8217;\u00e9lectrovanne DIN 43650\"}]},{\"@type\":\"WebSite\",\"@id\":\"https:\\\/\\\/lda.be\\\/fr\\\/#website\",\"url\":\"https:\\\/\\\/lda.be\\\/fr\\\/\",\"name\":\"LDA Belgium\",\"description\":\"Solutions For Life\",\"publisher\":{\"@id\":\"https:\\\/\\\/lda.be\\\/fr\\\/#organization\"},\"potentialAction\":[{\"@type\":\"SearchAction\",\"target\":{\"@type\":\"EntryPoint\",\"urlTemplate\":\"https:\\\/\\\/lda.be\\\/fr\\\/?s={search_term_string}\"},\"query-input\":{\"@type\":\"PropertyValueSpecification\",\"valueRequired\":true,\"valueName\":\"search_term_string\"}}],\"inLanguage\":\"fr-FR\"},{\"@type\":\"Organization\",\"@id\":\"https:\\\/\\\/lda.be\\\/fr\\\/#organization\",\"name\":\"LDA Belgium\",\"url\":\"https:\\\/\\\/lda.be\\\/fr\\\/\",\"logo\":{\"@type\":\"ImageObject\",\"inLanguage\":\"fr-FR\",\"@id\":\"https:\\\/\\\/lda.be\\\/fr\\\/#\\\/schema\\\/logo\\\/image\\\/\",\"url\":\"https:\\\/\\\/lda.be\\\/wp-content\\\/uploads\\\/2022\\\/07\\\/Logo-LDA.webp\",\"contentUrl\":\"https:\\\/\\\/lda.be\\\/wp-content\\\/uploads\\\/2022\\\/07\\\/Logo-LDA.webp\",\"width\":311,\"height\":101,\"caption\":\"LDA Belgium\"},\"image\":{\"@id\":\"https:\\\/\\\/lda.be\\\/fr\\\/#\\\/schema\\\/logo\\\/image\\\/\"},\"sameAs\":[\"https:\\\/\\\/www.linkedin.com\\\/company\\\/lda-belgium-nv\"]}]}<\/script>\n<!-- \/ Yoast SEO plugin. -->","yoast_head_json":{"title":"A1 - A2 PG11 connecteur d'\u00e9lectrovanne DIN 43650 - LDA Belgique","description":"Connecteur d'\u00e9lectrovanne Omal, PG11, IP65, 250 V AC, 10 A, avec LED, varistor, diode ou cellule de pont. DIN 43650 Type A. Commandez via LDA Belgium.","robots":{"index":"index","follow":"follow","max-snippet":"max-snippet:-1","max-image-preview":"max-image-preview:large","max-video-preview":"max-video-preview:-1"},"canonical":"https:\/\/lda.be\/fr\/produit\/a1-a2-pg11-connecteur-delectrovanne-din-43650\/","og_locale":"fr_FR","og_type":"article","og_title":"A1 - A2 PG11 connecteur d'\u00e9lectrovanne DIN 43650 - LDA Belgique","og_description":"Connecteur d'\u00e9lectrovanne Omal, PG11, IP65, 250 V AC, 10 A, avec LED, varistor, diode ou cellule de pont. DIN 43650 Type A. Commandez via LDA Belgium.","og_url":"https:\/\/lda.be\/fr\/produit\/a1-a2-pg11-connecteur-delectrovanne-din-43650\/","og_site_name":"LDA Belgique","article_modified_time":"2025-07-17T14:33:24+00:00","og_image":[{"width":800,"height":800,"url":"https:\/\/lda.be\/wp-content\/uploads\/2025\/07\/pg11.webp","type":"image\/webp"}],"twitter_card":"summary_large_image","twitter_misc":{"Dur\u00e9e de lecture estim\u00e9e":"2 minutes"},"schema":{"@context":"https:\/\/schema.org","@graph":[{"@type":"WebPage","@id":"https:\/\/lda.be\/fr\/produit\/a1-a2-pg11-connecteur-delectrovanne-din-43650\/","url":"https:\/\/lda.be\/fr\/produit\/a1-a2-pg11-connecteur-delectrovanne-din-43650\/","name":"A1 - A2 PG11 connecteur d'\u00e9lectrovanne DIN 43650 - LDA Belgique","isPartOf":{"@id":"https:\/\/lda.be\/fr\/#website"},"primaryImageOfPage":{"@id":"https:\/\/lda.be\/fr\/produit\/a1-a2-pg11-connecteur-delectrovanne-din-43650\/#primaryimage"},"image":{"@id":"https:\/\/lda.be\/fr\/produit\/a1-a2-pg11-connecteur-delectrovanne-din-43650\/#primaryimage"},"thumbnailUrl":"https:\/\/lda.be\/wp-content\/uploads\/2025\/07\/pg11.webp","datePublished":"2025-07-17T14:19:35+00:00","dateModified":"2025-07-17T14:33:24+00:00","description":"Connecteur d'\u00e9lectrovanne Omal, PG11, IP65, 250 V AC, 10 A, avec LED, varistor, diode ou cellule de pont. DIN 43650 Type A. Commandez via LDA Belgium.","breadcrumb":{"@id":"https:\/\/lda.be\/fr\/produit\/a1-a2-pg11-connecteur-delectrovanne-din-43650\/#breadcrumb"},"inLanguage":"fr-FR","potentialAction":[{"@type":"ReadAction","target":["https:\/\/lda.be\/fr\/produit\/a1-a2-pg11-connecteur-delectrovanne-din-43650\/"]}]},{"@type":"ImageObject","inLanguage":"fr-FR","@id":"https:\/\/lda.be\/fr\/produit\/a1-a2-pg11-connecteur-delectrovanne-din-43650\/#primaryimage","url":"https:\/\/lda.be\/wp-content\/uploads\/2025\/07\/pg11.webp","contentUrl":"https:\/\/lda.be\/wp-content\/uploads\/2025\/07\/pg11.webp","width":800,"height":800,"caption":"omal pg11 a1 -a2 magneetventiel connector"},{"@type":"BreadcrumbList","@id":"https:\/\/lda.be\/fr\/produit\/a1-a2-pg11-connecteur-delectrovanne-din-43650\/#breadcrumb","itemListElement":[{"@type":"ListItem","position":1,"name":"Accueil","item":"https:\/\/lda.be\/fr\/"},{"@type":"ListItem","position":2,"name":"Produits","item":"https:\/\/lda.be\/fr\/produits\/"},{"@type":"ListItem","position":3,"name":"A1 &#8211; A2 PG11 connecteur d&#8217;\u00e9lectrovanne DIN 43650"}]},{"@type":"WebSite","@id":"https:\/\/lda.be\/fr\/#website","url":"https:\/\/lda.be\/fr\/","name":"LDA Belgium","description":"Solutions For Life","publisher":{"@id":"https:\/\/lda.be\/fr\/#organization"},"potentialAction":[{"@type":"SearchAction","target":{"@type":"EntryPoint","urlTemplate":"https:\/\/lda.be\/fr\/?s={search_term_string}"},"query-input":{"@type":"PropertyValueSpecification","valueRequired":true,"valueName":"search_term_string"}}],"inLanguage":"fr-FR"},{"@type":"Organization","@id":"https:\/\/lda.be\/fr\/#organization","name":"LDA Belgium","url":"https:\/\/lda.be\/fr\/","logo":{"@type":"ImageObject","inLanguage":"fr-FR","@id":"https:\/\/lda.be\/fr\/#\/schema\/logo\/image\/","url":"https:\/\/lda.be\/wp-content\/uploads\/2022\/07\/Logo-LDA.webp","contentUrl":"https:\/\/lda.be\/wp-content\/uploads\/2022\/07\/Logo-LDA.webp","width":311,"height":101,"caption":"LDA Belgium"},"image":{"@id":"https:\/\/lda.be\/fr\/#\/schema\/logo\/image\/"},"sameAs":["https:\/\/www.linkedin.com\/company\/lda-belgium-nv"]}]}},"_links":{"self":[{"href":"https:\/\/lda.be\/fr\/wp-json\/wp\/v2\/product\/9788","targetHints":{"allow":["GET"]}}],"collection":[{"href":"https:\/\/lda.be\/fr\/wp-json\/wp\/v2\/product"}],"about":[{"href":"https:\/\/lda.be\/fr\/wp-json\/wp\/v2\/types\/product"}],"replies":[{"embeddable":true,"href":"https:\/\/lda.be\/fr\/wp-json\/wp\/v2\/comments?post=9788"}],"wp:featuredmedia":[{"embeddable":true,"href":"https:\/\/lda.be\/fr\/wp-json\/wp\/v2\/media\/9783"}],"wp:attachment":[{"href":"https:\/\/lda.be\/fr\/wp-json\/wp\/v2\/media?parent=9788"}],"wp:term":[{"taxonomy":"product_brand","embeddable":true,"href":"https:\/\/lda.be\/fr\/wp-json\/wp\/v2\/product_brand?post=9788"},{"taxonomy":"product_cat","embeddable":true,"href":"https:\/\/lda.be\/fr\/wp-json\/wp\/v2\/product_cat?post=9788"},{"taxonomy":"product_tag","embeddable":true,"href":"https:\/\/lda.be\/fr\/wp-json\/wp\/v2\/product_tag?post=9788"}],"curies":[{"name":"wp","href":"https:\/\/api.w.org\/{rel}","templated":true}]}}