{"id":9801,"date":"2025-07-18T08:52:06","date_gmt":"2025-07-18T07:52:06","guid":{"rendered":"https:\/\/lda.be\/?post_type=product&#038;p=9801"},"modified":"2025-07-18T09:16:16","modified_gmt":"2025-07-18T08:16:16","slug":"a1t-a2t-pg11-connecteur-delectrovanne-din-43650","status":"publish","type":"product","link":"https:\/\/lda.be\/fr\/produit\/a1t-a2t-pg11-connecteur-delectrovanne-din-43650\/","title":{"rendered":"A1T &#8211; A2T PG11 connecteur d&#8217;electrovanne DIN 43650"},"content":{"rendered":"<p>Les connecteurs pour \u00e9lectrovannes A1t &#8211; A2t PG11 d&#8217;Omal avec (DIN 43650) constituent une connexion fiable pour les \u00e9lectrovannes. Adapt\u00e9s aux connexions \u00e0 2 ou 3 p\u00f4les (+PE), ces mod\u00e8les pr\u00e9sentent un espacement des contacts de 18 mm et un bo\u00eetier en PA66 renforc\u00e9 de 30 % de fibres de verre et r\u00e9sistant \u00e0 des temp\u00e9ratures \u00e9lev\u00e9es jusqu&#8217;\u00e0 +125 \u00b0C.<\/p>\n<p>Les connecteurs sont disponibles en version standard (A1 = 26,8 mm, A2 = 32 mm) et \u00e9galement en version transparente avec indication visuelle de l&#8217;\u00e9tat par LED en jaune, rouge ou vert. Gr\u00e2ce aux composants \u00e9lectroniques int\u00e9gr\u00e9s tels que l&#8217;indication par LED, le varistor, la diode ou la cellule de pont, ces connecteurs offrent une protection suppl\u00e9mentaire contre les surtensions, les surintensit\u00e9s et les interf\u00e9rences.<\/p>\n<p>Pour les applications o\u00f9 la fiabilit\u00e9, la protection CEM et la rapidit\u00e9 d&#8217;installation sont cruciales, ces connecteurs d&#8217;\u00e9lectrovannes Omal constituent un excellent choix. La fixation s&#8217;effectue \u00e0 l&#8217;aide d&#8217;un presse-\u00e9toupe PG11 (pour un diam\u00e8tre de c\u00e2ble de 8 \u00e0 10 mm) et d&#8217;un joint + vis fournis. L&#8217;indice de protection est IP65 conform\u00e9ment \u00e0 la norme EN 60529.<\/p>\n","protected":false},"excerpt":{"rendered":"<p>Les connecteurs pour \u00e9lectrovannes A1t &#8211; A2t PG11 d&#8217;Omal avec (DIN 43650) constituent une connexion fiable pour les \u00e9lectrovannes. Adapt\u00e9s aux connexions \u00e0 2 ou 3 p\u00f4les (+PE), ces mod\u00e8les pr\u00e9sentent un espacement des contacts de 18 mm et un bo\u00eetier en PA66 renforc\u00e9 de 30 % de fibres de verre et r\u00e9sistant \u00e0 des [&hellip;]<\/p>\n","protected":false},"featured_media":9795,"comment_status":"closed","ping_status":"closed","template":"","meta":[],"product_brand":[1609],"product_cat":[818,828,1608],"product_tag":[],"class_list":{"0":"post-9801","1":"product","2":"type-product","3":"status-publish","4":"has-post-thumbnail","6":"product_brand-omal","7":"product_cat-connecteurs-et-cables","8":"product_cat-connecteurs","9":"product_cat-connecteurs-industriels-de-type-a-b-c-et-micro","11":"first","12":"instock","13":"shipping-taxable","14":"product-type-simple"},"yoast_head":"<!-- This site is optimized with the Yoast SEO plugin v27.3 - https:\/\/yoast.com\/product\/yoast-seo-wordpress\/ -->\n<title>A1T - A2T PG11 connecteur d&#039;electrovanne DIN 43650 - LDA Belgique<\/title>\n<meta name=\"description\" content=\"Connecteur Omal pour \u00e9lectrovanne, PG11, 250 V AC \/ 300 V DC, 10 A, IP65, avec LED, varistor, diode ou cellule de pont. DIN 43650 (EN 175301-803-A), PA66, 2P+PE ou 3P+PE. LDA Belgique.\" \/>\n<meta name=\"robots\" content=\"index, follow, max-snippet:-1, max-image-preview:large, max-video-preview:-1\" \/>\n<link rel=\"canonical\" href=\"https:\/\/lda.be\/fr\/produit\/a1t-a2t-pg11-connecteur-delectrovanne-din-43650\/\" \/>\n<meta property=\"og:locale\" content=\"fr_FR\" \/>\n<meta property=\"og:type\" content=\"article\" \/>\n<meta property=\"og:title\" content=\"A1T - A2T PG11 connecteur d&#039;electrovanne DIN 43650 - LDA Belgique\" \/>\n<meta property=\"og:description\" content=\"Connecteur Omal pour \u00e9lectrovanne, PG11, 250 V AC \/ 300 V DC, 10 A, IP65, avec LED, varistor, diode ou cellule de pont. DIN 43650 (EN 175301-803-A), PA66, 2P+PE ou 3P+PE. LDA Belgique.\" \/>\n<meta property=\"og:url\" content=\"https:\/\/lda.be\/fr\/produit\/a1t-a2t-pg11-connecteur-delectrovanne-din-43650\/\" \/>\n<meta property=\"og:site_name\" content=\"LDA Belgique\" \/>\n<meta property=\"article:modified_time\" content=\"2025-07-18T08:16:16+00:00\" \/>\n<meta property=\"og:image\" content=\"https:\/\/lda.be\/wp-content\/uploads\/2025\/07\/a1t-a2t-pg-11.webp\" \/>\n\t<meta property=\"og:image:width\" content=\"800\" \/>\n\t<meta property=\"og:image:height\" content=\"800\" \/>\n\t<meta property=\"og:image:type\" content=\"image\/webp\" \/>\n<meta name=\"twitter:card\" content=\"summary_large_image\" \/>\n<meta name=\"twitter:label1\" content=\"Dur\u00e9e de lecture estim\u00e9e\" \/>\n\t<meta name=\"twitter:data1\" content=\"2 minutes\" \/>\n<script type=\"application\/ld+json\" class=\"yoast-schema-graph\">{\"@context\":\"https:\\\/\\\/schema.org\",\"@graph\":[{\"@type\":\"WebPage\",\"@id\":\"https:\\\/\\\/lda.be\\\/fr\\\/produit\\\/a1t-a2t-pg11-connecteur-delectrovanne-din-43650\\\/\",\"url\":\"https:\\\/\\\/lda.be\\\/fr\\\/produit\\\/a1t-a2t-pg11-connecteur-delectrovanne-din-43650\\\/\",\"name\":\"A1T - A2T PG11 connecteur d'electrovanne DIN 43650 - LDA Belgique\",\"isPartOf\":{\"@id\":\"https:\\\/\\\/lda.be\\\/fr\\\/#website\"},\"primaryImageOfPage\":{\"@id\":\"https:\\\/\\\/lda.be\\\/fr\\\/produit\\\/a1t-a2t-pg11-connecteur-delectrovanne-din-43650\\\/#primaryimage\"},\"image\":{\"@id\":\"https:\\\/\\\/lda.be\\\/fr\\\/produit\\\/a1t-a2t-pg11-connecteur-delectrovanne-din-43650\\\/#primaryimage\"},\"thumbnailUrl\":\"https:\\\/\\\/lda.be\\\/wp-content\\\/uploads\\\/2025\\\/07\\\/a1t-a2t-pg-11.webp\",\"datePublished\":\"2025-07-18T07:52:06+00:00\",\"dateModified\":\"2025-07-18T08:16:16+00:00\",\"description\":\"Connecteur Omal pour \u00e9lectrovanne, PG11, 250 V AC \\\/ 300 V DC, 10 A, IP65, avec LED, varistor, diode ou cellule de pont. DIN 43650 (EN 175301-803-A), PA66, 2P+PE ou 3P+PE. LDA Belgique.\",\"breadcrumb\":{\"@id\":\"https:\\\/\\\/lda.be\\\/fr\\\/produit\\\/a1t-a2t-pg11-connecteur-delectrovanne-din-43650\\\/#breadcrumb\"},\"inLanguage\":\"fr-FR\",\"potentialAction\":[{\"@type\":\"ReadAction\",\"target\":[\"https:\\\/\\\/lda.be\\\/fr\\\/produit\\\/a1t-a2t-pg11-connecteur-delectrovanne-din-43650\\\/\"]}]},{\"@type\":\"ImageObject\",\"inLanguage\":\"fr-FR\",\"@id\":\"https:\\\/\\\/lda.be\\\/fr\\\/produit\\\/a1t-a2t-pg11-connecteur-delectrovanne-din-43650\\\/#primaryimage\",\"url\":\"https:\\\/\\\/lda.be\\\/wp-content\\\/uploads\\\/2025\\\/07\\\/a1t-a2t-pg-11.webp\",\"contentUrl\":\"https:\\\/\\\/lda.be\\\/wp-content\\\/uploads\\\/2025\\\/07\\\/a1t-a2t-pg-11.webp\",\"width\":800,\"height\":800,\"caption\":\"a1t a2t pg 11\"},{\"@type\":\"BreadcrumbList\",\"@id\":\"https:\\\/\\\/lda.be\\\/fr\\\/produit\\\/a1t-a2t-pg11-connecteur-delectrovanne-din-43650\\\/#breadcrumb\",\"itemListElement\":[{\"@type\":\"ListItem\",\"position\":1,\"name\":\"Accueil\",\"item\":\"https:\\\/\\\/lda.be\\\/fr\\\/\"},{\"@type\":\"ListItem\",\"position\":2,\"name\":\"Produits\",\"item\":\"https:\\\/\\\/lda.be\\\/fr\\\/produits\\\/\"},{\"@type\":\"ListItem\",\"position\":3,\"name\":\"A1T &#8211; A2T PG11 connecteur d&#8217;electrovanne DIN 43650\"}]},{\"@type\":\"WebSite\",\"@id\":\"https:\\\/\\\/lda.be\\\/fr\\\/#website\",\"url\":\"https:\\\/\\\/lda.be\\\/fr\\\/\",\"name\":\"LDA Belgium\",\"description\":\"Solutions For Life\",\"publisher\":{\"@id\":\"https:\\\/\\\/lda.be\\\/fr\\\/#organization\"},\"potentialAction\":[{\"@type\":\"SearchAction\",\"target\":{\"@type\":\"EntryPoint\",\"urlTemplate\":\"https:\\\/\\\/lda.be\\\/fr\\\/?s={search_term_string}\"},\"query-input\":{\"@type\":\"PropertyValueSpecification\",\"valueRequired\":true,\"valueName\":\"search_term_string\"}}],\"inLanguage\":\"fr-FR\"},{\"@type\":\"Organization\",\"@id\":\"https:\\\/\\\/lda.be\\\/fr\\\/#organization\",\"name\":\"LDA Belgium\",\"url\":\"https:\\\/\\\/lda.be\\\/fr\\\/\",\"logo\":{\"@type\":\"ImageObject\",\"inLanguage\":\"fr-FR\",\"@id\":\"https:\\\/\\\/lda.be\\\/fr\\\/#\\\/schema\\\/logo\\\/image\\\/\",\"url\":\"https:\\\/\\\/lda.be\\\/wp-content\\\/uploads\\\/2022\\\/07\\\/Logo-LDA.webp\",\"contentUrl\":\"https:\\\/\\\/lda.be\\\/wp-content\\\/uploads\\\/2022\\\/07\\\/Logo-LDA.webp\",\"width\":311,\"height\":101,\"caption\":\"LDA Belgium\"},\"image\":{\"@id\":\"https:\\\/\\\/lda.be\\\/fr\\\/#\\\/schema\\\/logo\\\/image\\\/\"},\"sameAs\":[\"https:\\\/\\\/www.linkedin.com\\\/company\\\/lda-belgium-nv\"]}]}<\/script>\n<!-- \/ Yoast SEO plugin. -->","yoast_head_json":{"title":"A1T - A2T PG11 connecteur d'electrovanne DIN 43650 - LDA Belgique","description":"Connecteur Omal pour \u00e9lectrovanne, PG11, 250 V AC \/ 300 V DC, 10 A, IP65, avec LED, varistor, diode ou cellule de pont. DIN 43650 (EN 175301-803-A), PA66, 2P+PE ou 3P+PE. LDA Belgique.","robots":{"index":"index","follow":"follow","max-snippet":"max-snippet:-1","max-image-preview":"max-image-preview:large","max-video-preview":"max-video-preview:-1"},"canonical":"https:\/\/lda.be\/fr\/produit\/a1t-a2t-pg11-connecteur-delectrovanne-din-43650\/","og_locale":"fr_FR","og_type":"article","og_title":"A1T - A2T PG11 connecteur d'electrovanne DIN 43650 - LDA Belgique","og_description":"Connecteur Omal pour \u00e9lectrovanne, PG11, 250 V AC \/ 300 V DC, 10 A, IP65, avec LED, varistor, diode ou cellule de pont. DIN 43650 (EN 175301-803-A), PA66, 2P+PE ou 3P+PE. LDA Belgique.","og_url":"https:\/\/lda.be\/fr\/produit\/a1t-a2t-pg11-connecteur-delectrovanne-din-43650\/","og_site_name":"LDA Belgique","article_modified_time":"2025-07-18T08:16:16+00:00","og_image":[{"width":800,"height":800,"url":"https:\/\/lda.be\/wp-content\/uploads\/2025\/07\/a1t-a2t-pg-11.webp","type":"image\/webp"}],"twitter_card":"summary_large_image","twitter_misc":{"Dur\u00e9e de lecture estim\u00e9e":"2 minutes"},"schema":{"@context":"https:\/\/schema.org","@graph":[{"@type":"WebPage","@id":"https:\/\/lda.be\/fr\/produit\/a1t-a2t-pg11-connecteur-delectrovanne-din-43650\/","url":"https:\/\/lda.be\/fr\/produit\/a1t-a2t-pg11-connecteur-delectrovanne-din-43650\/","name":"A1T - A2T PG11 connecteur d'electrovanne DIN 43650 - LDA Belgique","isPartOf":{"@id":"https:\/\/lda.be\/fr\/#website"},"primaryImageOfPage":{"@id":"https:\/\/lda.be\/fr\/produit\/a1t-a2t-pg11-connecteur-delectrovanne-din-43650\/#primaryimage"},"image":{"@id":"https:\/\/lda.be\/fr\/produit\/a1t-a2t-pg11-connecteur-delectrovanne-din-43650\/#primaryimage"},"thumbnailUrl":"https:\/\/lda.be\/wp-content\/uploads\/2025\/07\/a1t-a2t-pg-11.webp","datePublished":"2025-07-18T07:52:06+00:00","dateModified":"2025-07-18T08:16:16+00:00","description":"Connecteur Omal pour \u00e9lectrovanne, PG11, 250 V AC \/ 300 V DC, 10 A, IP65, avec LED, varistor, diode ou cellule de pont. DIN 43650 (EN 175301-803-A), PA66, 2P+PE ou 3P+PE. LDA Belgique.","breadcrumb":{"@id":"https:\/\/lda.be\/fr\/produit\/a1t-a2t-pg11-connecteur-delectrovanne-din-43650\/#breadcrumb"},"inLanguage":"fr-FR","potentialAction":[{"@type":"ReadAction","target":["https:\/\/lda.be\/fr\/produit\/a1t-a2t-pg11-connecteur-delectrovanne-din-43650\/"]}]},{"@type":"ImageObject","inLanguage":"fr-FR","@id":"https:\/\/lda.be\/fr\/produit\/a1t-a2t-pg11-connecteur-delectrovanne-din-43650\/#primaryimage","url":"https:\/\/lda.be\/wp-content\/uploads\/2025\/07\/a1t-a2t-pg-11.webp","contentUrl":"https:\/\/lda.be\/wp-content\/uploads\/2025\/07\/a1t-a2t-pg-11.webp","width":800,"height":800,"caption":"a1t a2t pg 11"},{"@type":"BreadcrumbList","@id":"https:\/\/lda.be\/fr\/produit\/a1t-a2t-pg11-connecteur-delectrovanne-din-43650\/#breadcrumb","itemListElement":[{"@type":"ListItem","position":1,"name":"Accueil","item":"https:\/\/lda.be\/fr\/"},{"@type":"ListItem","position":2,"name":"Produits","item":"https:\/\/lda.be\/fr\/produits\/"},{"@type":"ListItem","position":3,"name":"A1T &#8211; A2T PG11 connecteur d&#8217;electrovanne DIN 43650"}]},{"@type":"WebSite","@id":"https:\/\/lda.be\/fr\/#website","url":"https:\/\/lda.be\/fr\/","name":"LDA Belgium","description":"Solutions For Life","publisher":{"@id":"https:\/\/lda.be\/fr\/#organization"},"potentialAction":[{"@type":"SearchAction","target":{"@type":"EntryPoint","urlTemplate":"https:\/\/lda.be\/fr\/?s={search_term_string}"},"query-input":{"@type":"PropertyValueSpecification","valueRequired":true,"valueName":"search_term_string"}}],"inLanguage":"fr-FR"},{"@type":"Organization","@id":"https:\/\/lda.be\/fr\/#organization","name":"LDA Belgium","url":"https:\/\/lda.be\/fr\/","logo":{"@type":"ImageObject","inLanguage":"fr-FR","@id":"https:\/\/lda.be\/fr\/#\/schema\/logo\/image\/","url":"https:\/\/lda.be\/wp-content\/uploads\/2022\/07\/Logo-LDA.webp","contentUrl":"https:\/\/lda.be\/wp-content\/uploads\/2022\/07\/Logo-LDA.webp","width":311,"height":101,"caption":"LDA Belgium"},"image":{"@id":"https:\/\/lda.be\/fr\/#\/schema\/logo\/image\/"},"sameAs":["https:\/\/www.linkedin.com\/company\/lda-belgium-nv"]}]}},"_links":{"self":[{"href":"https:\/\/lda.be\/fr\/wp-json\/wp\/v2\/product\/9801","targetHints":{"allow":["GET"]}}],"collection":[{"href":"https:\/\/lda.be\/fr\/wp-json\/wp\/v2\/product"}],"about":[{"href":"https:\/\/lda.be\/fr\/wp-json\/wp\/v2\/types\/product"}],"replies":[{"embeddable":true,"href":"https:\/\/lda.be\/fr\/wp-json\/wp\/v2\/comments?post=9801"}],"wp:featuredmedia":[{"embeddable":true,"href":"https:\/\/lda.be\/fr\/wp-json\/wp\/v2\/media\/9795"}],"wp:attachment":[{"href":"https:\/\/lda.be\/fr\/wp-json\/wp\/v2\/media?parent=9801"}],"wp:term":[{"taxonomy":"product_brand","embeddable":true,"href":"https:\/\/lda.be\/fr\/wp-json\/wp\/v2\/product_brand?post=9801"},{"taxonomy":"product_cat","embeddable":true,"href":"https:\/\/lda.be\/fr\/wp-json\/wp\/v2\/product_cat?post=9801"},{"taxonomy":"product_tag","embeddable":true,"href":"https:\/\/lda.be\/fr\/wp-json\/wp\/v2\/product_tag?post=9801"}],"curies":[{"name":"wp","href":"https:\/\/api.w.org\/{rel}","templated":true}]}}