{"id":9812,"date":"2025-07-18T09:50:47","date_gmt":"2025-07-18T08:50:47","guid":{"rendered":"https:\/\/lda.be\/?post_type=product&#038;p=9812"},"modified":"2025-07-28T10:16:24","modified_gmt":"2025-07-28T09:16:24","slug":"connecteurs-delectrovannes-a1-a1t-pge-din-43650","status":"publish","type":"product","link":"https:\/\/lda.be\/fr\/produit\/connecteurs-delectrovannes-a1-a1t-pge-din-43650\/","title":{"rendered":"Connecteurs d&#8217;\u00e9lectrovannes A1 &#038; A1T PGE DIN 43650"},"content":{"rendered":"<p>Les connecteurs pour \u00e9lectrovannes Omal A1 &amp; A1T sont des raccords industriels de haute qualit\u00e9 con\u00e7us conform\u00e9ment \u00e0 la norme EN 175301-803 forme A (DIN 43650-A). Ces connecteurs conviennent aux applications exigeantes dans les domaines de l&#8217;automatisation, de l&#8217;hydraulique et de la pneumatique et offrent des performances \u00e9lev\u00e9es dans les environnements industriels difficiles.<\/p>\n<p>La variante A1T dispose d&#8217;un bo\u00eetier transparent. Elle est id\u00e9ale pour le contr\u00f4le visuel gr\u00e2ce \u00e0 son indicateur d&#8217;\u00e9tat LED visible. Le connecteur A1 PGE standard est \u00e9quip\u00e9 d&#8217;un bo\u00eetier en PA66 renforc\u00e9 \u00e0 30 % de fibre de verre qui offre une r\u00e9sistance m\u00e9canique \u00e9lev\u00e9e et une r\u00e9sistance \u00e0 des temp\u00e9ratures allant jusqu&#8217;\u00e0 +125 \u00b0C.<\/p>\n<p>Les deux mod\u00e8les sont \u00e9quip\u00e9s d&#8217;un presse-\u00e9toupe PGE adapt\u00e9 aux diam\u00e8tres de c\u00e2ble de 6 \u00e0 8 mm, d&#8217;un espacement des broches de 18 mm et sont livr\u00e9s avec une vis et un joint. Les A1 &amp; A1T PGE sont disponibles dans des versions avec circuits de protection \u00e9lectroniques int\u00e9gr\u00e9s tels que LED, varistance, diode, cellule en pont ou combinaisons de ceux-ci, pour une protection optimale contre les surtensions et une signalisation fiable.<\/p>\n","protected":false},"excerpt":{"rendered":"<p>Les connecteurs pour \u00e9lectrovannes Omal A1 &amp; A1T sont des raccords industriels de haute qualit\u00e9 con\u00e7us conform\u00e9ment \u00e0 la norme EN 175301-803 forme A (DIN 43650-A). Ces connecteurs conviennent aux applications exigeantes dans les domaines de l&#8217;automatisation, de l&#8217;hydraulique et de la pneumatique et offrent des performances \u00e9lev\u00e9es dans les environnements industriels difficiles. La variante [&hellip;]<\/p>\n","protected":false},"featured_media":10116,"comment_status":"closed","ping_status":"closed","template":"","meta":[],"product_brand":[1609],"product_cat":[818,828,1608],"product_tag":[],"class_list":{"0":"post-9812","1":"product","2":"type-product","3":"status-publish","4":"has-post-thumbnail","6":"product_brand-omal","7":"product_cat-connecteurs-et-cables","8":"product_cat-connecteurs","9":"product_cat-connecteurs-industriels-de-type-a-b-c-et-micro","11":"first","12":"instock","13":"shipping-taxable","14":"product-type-simple"},"yoast_head":"<!-- This site is optimized with the Yoast SEO plugin v27.3 - https:\/\/yoast.com\/product\/yoast-seo-wordpress\/ -->\n<title>Connecteurs d&#039;\u00e9lectrovannes A1 &amp; A1T PGE DIN 43650 - LDA Belgique<\/title>\n<meta name=\"description\" content=\"Connecteurs d&#039;\u00e9lectrovannes A1 &amp; A1T PGE, IP67, c\u00e2ble 6-8 mm, PA66 GF30, 10 A, 250 V AC \/ 300 V DC, avec LED ou diode en option. DIN 43650 ET 175301-803-A.\" \/>\n<meta name=\"robots\" content=\"index, follow, max-snippet:-1, max-image-preview:large, max-video-preview:-1\" \/>\n<link rel=\"canonical\" href=\"https:\/\/lda.be\/fr\/produit\/connecteurs-delectrovannes-a1-a1t-pge-din-43650\/\" \/>\n<meta property=\"og:locale\" content=\"fr_FR\" \/>\n<meta property=\"og:type\" content=\"article\" \/>\n<meta property=\"og:title\" content=\"Connecteurs d&#039;\u00e9lectrovannes A1 &amp; A1T PGE DIN 43650 - LDA Belgique\" \/>\n<meta property=\"og:description\" content=\"Connecteurs d&#039;\u00e9lectrovannes A1 &amp; A1T PGE, IP67, c\u00e2ble 6-8 mm, PA66 GF30, 10 A, 250 V AC \/ 300 V DC, avec LED ou diode en option. DIN 43650 ET 175301-803-A.\" \/>\n<meta property=\"og:url\" content=\"https:\/\/lda.be\/fr\/produit\/connecteurs-delectrovannes-a1-a1t-pge-din-43650\/\" \/>\n<meta property=\"og:site_name\" content=\"LDA Belgique\" \/>\n<meta property=\"article:modified_time\" content=\"2025-07-28T09:16:24+00:00\" \/>\n<meta property=\"og:image\" content=\"https:\/\/lda.be\/wp-content\/uploads\/2025\/07\/a1-a1t-pge.webp\" \/>\n\t<meta property=\"og:image:width\" content=\"800\" \/>\n\t<meta property=\"og:image:height\" content=\"800\" \/>\n\t<meta property=\"og:image:type\" content=\"image\/webp\" \/>\n<meta name=\"twitter:card\" content=\"summary_large_image\" \/>\n<meta name=\"twitter:label1\" content=\"Dur\u00e9e de lecture estim\u00e9e\" \/>\n\t<meta name=\"twitter:data1\" content=\"2 minutes\" \/>\n<script type=\"application\/ld+json\" class=\"yoast-schema-graph\">{\"@context\":\"https:\\\/\\\/schema.org\",\"@graph\":[{\"@type\":\"WebPage\",\"@id\":\"https:\\\/\\\/lda.be\\\/fr\\\/produit\\\/connecteurs-delectrovannes-a1-a1t-pge-din-43650\\\/\",\"url\":\"https:\\\/\\\/lda.be\\\/fr\\\/produit\\\/connecteurs-delectrovannes-a1-a1t-pge-din-43650\\\/\",\"name\":\"Connecteurs d'\u00e9lectrovannes A1 & A1T PGE DIN 43650 - LDA Belgique\",\"isPartOf\":{\"@id\":\"https:\\\/\\\/lda.be\\\/fr\\\/#website\"},\"primaryImageOfPage\":{\"@id\":\"https:\\\/\\\/lda.be\\\/fr\\\/produit\\\/connecteurs-delectrovannes-a1-a1t-pge-din-43650\\\/#primaryimage\"},\"image\":{\"@id\":\"https:\\\/\\\/lda.be\\\/fr\\\/produit\\\/connecteurs-delectrovannes-a1-a1t-pge-din-43650\\\/#primaryimage\"},\"thumbnailUrl\":\"https:\\\/\\\/lda.be\\\/wp-content\\\/uploads\\\/2025\\\/07\\\/a1-a1t-pge.webp\",\"datePublished\":\"2025-07-18T08:50:47+00:00\",\"dateModified\":\"2025-07-28T09:16:24+00:00\",\"description\":\"Connecteurs d'\u00e9lectrovannes A1 & A1T PGE, IP67, c\u00e2ble 6-8 mm, PA66 GF30, 10 A, 250 V AC \\\/ 300 V DC, avec LED ou diode en option. DIN 43650 ET 175301-803-A.\",\"breadcrumb\":{\"@id\":\"https:\\\/\\\/lda.be\\\/fr\\\/produit\\\/connecteurs-delectrovannes-a1-a1t-pge-din-43650\\\/#breadcrumb\"},\"inLanguage\":\"fr-FR\",\"potentialAction\":[{\"@type\":\"ReadAction\",\"target\":[\"https:\\\/\\\/lda.be\\\/fr\\\/produit\\\/connecteurs-delectrovannes-a1-a1t-pge-din-43650\\\/\"]}]},{\"@type\":\"ImageObject\",\"inLanguage\":\"fr-FR\",\"@id\":\"https:\\\/\\\/lda.be\\\/fr\\\/produit\\\/connecteurs-delectrovannes-a1-a1t-pge-din-43650\\\/#primaryimage\",\"url\":\"https:\\\/\\\/lda.be\\\/wp-content\\\/uploads\\\/2025\\\/07\\\/a1-a1t-pge.webp\",\"contentUrl\":\"https:\\\/\\\/lda.be\\\/wp-content\\\/uploads\\\/2025\\\/07\\\/a1-a1t-pge.webp\",\"width\":800,\"height\":800,\"caption\":\"A1 PGE solenoid valve connectors DIN 43650\"},{\"@type\":\"BreadcrumbList\",\"@id\":\"https:\\\/\\\/lda.be\\\/fr\\\/produit\\\/connecteurs-delectrovannes-a1-a1t-pge-din-43650\\\/#breadcrumb\",\"itemListElement\":[{\"@type\":\"ListItem\",\"position\":1,\"name\":\"Accueil\",\"item\":\"https:\\\/\\\/lda.be\\\/fr\\\/\"},{\"@type\":\"ListItem\",\"position\":2,\"name\":\"Produits\",\"item\":\"https:\\\/\\\/lda.be\\\/fr\\\/produits\\\/\"},{\"@type\":\"ListItem\",\"position\":3,\"name\":\"Connecteurs d&#8217;\u00e9lectrovannes A1 &#038; A1T PGE DIN 43650\"}]},{\"@type\":\"WebSite\",\"@id\":\"https:\\\/\\\/lda.be\\\/fr\\\/#website\",\"url\":\"https:\\\/\\\/lda.be\\\/fr\\\/\",\"name\":\"LDA Belgium\",\"description\":\"Solutions For Life\",\"publisher\":{\"@id\":\"https:\\\/\\\/lda.be\\\/fr\\\/#organization\"},\"potentialAction\":[{\"@type\":\"SearchAction\",\"target\":{\"@type\":\"EntryPoint\",\"urlTemplate\":\"https:\\\/\\\/lda.be\\\/fr\\\/?s={search_term_string}\"},\"query-input\":{\"@type\":\"PropertyValueSpecification\",\"valueRequired\":true,\"valueName\":\"search_term_string\"}}],\"inLanguage\":\"fr-FR\"},{\"@type\":\"Organization\",\"@id\":\"https:\\\/\\\/lda.be\\\/fr\\\/#organization\",\"name\":\"LDA Belgium\",\"url\":\"https:\\\/\\\/lda.be\\\/fr\\\/\",\"logo\":{\"@type\":\"ImageObject\",\"inLanguage\":\"fr-FR\",\"@id\":\"https:\\\/\\\/lda.be\\\/fr\\\/#\\\/schema\\\/logo\\\/image\\\/\",\"url\":\"https:\\\/\\\/lda.be\\\/wp-content\\\/uploads\\\/2022\\\/07\\\/Logo-LDA.webp\",\"contentUrl\":\"https:\\\/\\\/lda.be\\\/wp-content\\\/uploads\\\/2022\\\/07\\\/Logo-LDA.webp\",\"width\":311,\"height\":101,\"caption\":\"LDA Belgium\"},\"image\":{\"@id\":\"https:\\\/\\\/lda.be\\\/fr\\\/#\\\/schema\\\/logo\\\/image\\\/\"},\"sameAs\":[\"https:\\\/\\\/www.linkedin.com\\\/company\\\/lda-belgium-nv\"]}]}<\/script>\n<!-- \/ Yoast SEO plugin. -->","yoast_head_json":{"title":"Connecteurs d'\u00e9lectrovannes A1 & A1T PGE DIN 43650 - LDA Belgique","description":"Connecteurs d'\u00e9lectrovannes A1 & A1T PGE, IP67, c\u00e2ble 6-8 mm, PA66 GF30, 10 A, 250 V AC \/ 300 V DC, avec LED ou diode en option. DIN 43650 ET 175301-803-A.","robots":{"index":"index","follow":"follow","max-snippet":"max-snippet:-1","max-image-preview":"max-image-preview:large","max-video-preview":"max-video-preview:-1"},"canonical":"https:\/\/lda.be\/fr\/produit\/connecteurs-delectrovannes-a1-a1t-pge-din-43650\/","og_locale":"fr_FR","og_type":"article","og_title":"Connecteurs d'\u00e9lectrovannes A1 & A1T PGE DIN 43650 - LDA Belgique","og_description":"Connecteurs d'\u00e9lectrovannes A1 & A1T PGE, IP67, c\u00e2ble 6-8 mm, PA66 GF30, 10 A, 250 V AC \/ 300 V DC, avec LED ou diode en option. DIN 43650 ET 175301-803-A.","og_url":"https:\/\/lda.be\/fr\/produit\/connecteurs-delectrovannes-a1-a1t-pge-din-43650\/","og_site_name":"LDA Belgique","article_modified_time":"2025-07-28T09:16:24+00:00","og_image":[{"width":800,"height":800,"url":"https:\/\/lda.be\/wp-content\/uploads\/2025\/07\/a1-a1t-pge.webp","type":"image\/webp"}],"twitter_card":"summary_large_image","twitter_misc":{"Dur\u00e9e de lecture estim\u00e9e":"2 minutes"},"schema":{"@context":"https:\/\/schema.org","@graph":[{"@type":"WebPage","@id":"https:\/\/lda.be\/fr\/produit\/connecteurs-delectrovannes-a1-a1t-pge-din-43650\/","url":"https:\/\/lda.be\/fr\/produit\/connecteurs-delectrovannes-a1-a1t-pge-din-43650\/","name":"Connecteurs d'\u00e9lectrovannes A1 & A1T PGE DIN 43650 - LDA Belgique","isPartOf":{"@id":"https:\/\/lda.be\/fr\/#website"},"primaryImageOfPage":{"@id":"https:\/\/lda.be\/fr\/produit\/connecteurs-delectrovannes-a1-a1t-pge-din-43650\/#primaryimage"},"image":{"@id":"https:\/\/lda.be\/fr\/produit\/connecteurs-delectrovannes-a1-a1t-pge-din-43650\/#primaryimage"},"thumbnailUrl":"https:\/\/lda.be\/wp-content\/uploads\/2025\/07\/a1-a1t-pge.webp","datePublished":"2025-07-18T08:50:47+00:00","dateModified":"2025-07-28T09:16:24+00:00","description":"Connecteurs d'\u00e9lectrovannes A1 & A1T PGE, IP67, c\u00e2ble 6-8 mm, PA66 GF30, 10 A, 250 V AC \/ 300 V DC, avec LED ou diode en option. DIN 43650 ET 175301-803-A.","breadcrumb":{"@id":"https:\/\/lda.be\/fr\/produit\/connecteurs-delectrovannes-a1-a1t-pge-din-43650\/#breadcrumb"},"inLanguage":"fr-FR","potentialAction":[{"@type":"ReadAction","target":["https:\/\/lda.be\/fr\/produit\/connecteurs-delectrovannes-a1-a1t-pge-din-43650\/"]}]},{"@type":"ImageObject","inLanguage":"fr-FR","@id":"https:\/\/lda.be\/fr\/produit\/connecteurs-delectrovannes-a1-a1t-pge-din-43650\/#primaryimage","url":"https:\/\/lda.be\/wp-content\/uploads\/2025\/07\/a1-a1t-pge.webp","contentUrl":"https:\/\/lda.be\/wp-content\/uploads\/2025\/07\/a1-a1t-pge.webp","width":800,"height":800,"caption":"A1 PGE solenoid valve connectors DIN 43650"},{"@type":"BreadcrumbList","@id":"https:\/\/lda.be\/fr\/produit\/connecteurs-delectrovannes-a1-a1t-pge-din-43650\/#breadcrumb","itemListElement":[{"@type":"ListItem","position":1,"name":"Accueil","item":"https:\/\/lda.be\/fr\/"},{"@type":"ListItem","position":2,"name":"Produits","item":"https:\/\/lda.be\/fr\/produits\/"},{"@type":"ListItem","position":3,"name":"Connecteurs d&#8217;\u00e9lectrovannes A1 &#038; A1T PGE DIN 43650"}]},{"@type":"WebSite","@id":"https:\/\/lda.be\/fr\/#website","url":"https:\/\/lda.be\/fr\/","name":"LDA Belgium","description":"Solutions For Life","publisher":{"@id":"https:\/\/lda.be\/fr\/#organization"},"potentialAction":[{"@type":"SearchAction","target":{"@type":"EntryPoint","urlTemplate":"https:\/\/lda.be\/fr\/?s={search_term_string}"},"query-input":{"@type":"PropertyValueSpecification","valueRequired":true,"valueName":"search_term_string"}}],"inLanguage":"fr-FR"},{"@type":"Organization","@id":"https:\/\/lda.be\/fr\/#organization","name":"LDA Belgium","url":"https:\/\/lda.be\/fr\/","logo":{"@type":"ImageObject","inLanguage":"fr-FR","@id":"https:\/\/lda.be\/fr\/#\/schema\/logo\/image\/","url":"https:\/\/lda.be\/wp-content\/uploads\/2022\/07\/Logo-LDA.webp","contentUrl":"https:\/\/lda.be\/wp-content\/uploads\/2022\/07\/Logo-LDA.webp","width":311,"height":101,"caption":"LDA Belgium"},"image":{"@id":"https:\/\/lda.be\/fr\/#\/schema\/logo\/image\/"},"sameAs":["https:\/\/www.linkedin.com\/company\/lda-belgium-nv"]}]}},"_links":{"self":[{"href":"https:\/\/lda.be\/fr\/wp-json\/wp\/v2\/product\/9812","targetHints":{"allow":["GET"]}}],"collection":[{"href":"https:\/\/lda.be\/fr\/wp-json\/wp\/v2\/product"}],"about":[{"href":"https:\/\/lda.be\/fr\/wp-json\/wp\/v2\/types\/product"}],"replies":[{"embeddable":true,"href":"https:\/\/lda.be\/fr\/wp-json\/wp\/v2\/comments?post=9812"}],"wp:featuredmedia":[{"embeddable":true,"href":"https:\/\/lda.be\/fr\/wp-json\/wp\/v2\/media\/10116"}],"wp:attachment":[{"href":"https:\/\/lda.be\/fr\/wp-json\/wp\/v2\/media?parent=9812"}],"wp:term":[{"taxonomy":"product_brand","embeddable":true,"href":"https:\/\/lda.be\/fr\/wp-json\/wp\/v2\/product_brand?post=9812"},{"taxonomy":"product_cat","embeddable":true,"href":"https:\/\/lda.be\/fr\/wp-json\/wp\/v2\/product_cat?post=9812"},{"taxonomy":"product_tag","embeddable":true,"href":"https:\/\/lda.be\/fr\/wp-json\/wp\/v2\/product_tag?post=9812"}],"curies":[{"name":"wp","href":"https:\/\/api.w.org\/{rel}","templated":true}]}}