{"id":9853,"date":"2025-07-18T12:51:23","date_gmt":"2025-07-18T11:51:23","guid":{"rendered":"https:\/\/lda.be\/?post_type=product&#038;p=9853"},"modified":"2025-07-28T09:34:18","modified_gmt":"2025-07-28T08:34:18","slug":"a1-1-2%e2%80%b3-nptf-connecteurs-pour-electrovannes","status":"publish","type":"product","link":"https:\/\/lda.be\/fr\/produit\/a1-1-2%e2%80%b3-nptf-connecteurs-pour-electrovannes\/","title":{"rendered":"A1 &#038; A1T 1\/2\u2033 NPTF  connecteurs pour \u00e9lectrovannes"},"content":{"rendered":"<p>Les connecteurs pour \u00e9lectrovannes Omal A1 &amp; A1T NPTF 1\/2&#8243; ont \u00e9t\u00e9 d\u00e9velopp\u00e9s pour le raccordement d&#8217;\u00e9lectrovannes conformes \u00e0 la norme EN 175301-803-A (DIN 43650). Les deux mod\u00e8les allient un design compact \u00e0 une construction robuste, id\u00e9ale pour les applications dans des environnements industriels exigeants.<\/p>\n<p>Le bo\u00eetier en PA66 renforc\u00e9 (avec 30 % de fibre de verre) offre une excellente r\u00e9sistance m\u00e9canique, et l&#8217;indice de protection IP65 garantit un fonctionnement durable sous l&#8217;influence de la poussi\u00e8re, de l&#8217;humidit\u00e9 et des variations de temp\u00e9rature. La version A1T est \u00e9quip\u00e9e d&#8217;un bo\u00eetier transparent et propose des composants \u00e9lectroniques en option tels que des voyants LED, des varistances, des diodes ou des cellules en pont pour une fiabilit\u00e9 accrue et une protection suppl\u00e9mentaire contre les pics de tension.<\/p>\n<p>Les deux connecteurs sont faciles \u00e0 installer gr\u00e2ce \u00e0 l&#8217;espacement standard des broches de 18 mm, \u00e0 une entr\u00e9e de c\u00e2ble adapt\u00e9e \u00e0 un diam\u00e8tre de 6 \u00e0 8 mm et \u00e0 une hauteur interne qui s&#8217;int\u00e8gre dans des syst\u00e8mes compacts. Ils sont livr\u00e9s complets avec vis et joint et conviennent aux applications dans les domaines de la pneumatique, de l&#8217;hydraulique et de l&#8217;automatisation des processus.<\/p>\n<p>Vous souhaitez demander un devis ? Contactez LDA Belgique pour obtenir des conseils ou un prix comp\u00e9titif.<\/p>\n","protected":false},"excerpt":{"rendered":"<p>Les connecteurs pour \u00e9lectrovannes Omal A1 &amp; A1T NPTF 1\/2&#8243; ont \u00e9t\u00e9 d\u00e9velopp\u00e9s pour le raccordement d&#8217;\u00e9lectrovannes conformes \u00e0 la norme EN 175301-803-A (DIN 43650). Les deux mod\u00e8les allient un design compact \u00e0 une construction robuste, id\u00e9ale pour les applications dans des environnements industriels exigeants. Le bo\u00eetier en PA66 renforc\u00e9 (avec 30 % de fibre [&hellip;]<\/p>\n","protected":false},"featured_media":10111,"comment_status":"closed","ping_status":"closed","template":"","meta":[],"product_brand":[1609],"product_cat":[818,828,1608],"product_tag":[],"class_list":{"0":"post-9853","1":"product","2":"type-product","3":"status-publish","4":"has-post-thumbnail","6":"product_brand-omal","7":"product_cat-connecteurs-et-cables","8":"product_cat-connecteurs","9":"product_cat-connecteurs-industriels-de-type-a-b-c-et-micro","11":"first","12":"instock","13":"shipping-taxable","14":"product-type-simple"},"yoast_head":"<!-- This site is optimized with the Yoast SEO plugin v27.3 - https:\/\/yoast.com\/product\/yoast-seo-wordpress\/ -->\n<title>A1 &amp; A1T 1\/2\u2033 NPTF connecteurs pour \u00e9lectrovannes - LDA Belgique<\/title>\n<meta name=\"description\" content=\"Les connecteurs pour \u00e9lectrovannes Omal A1 &amp; A1T NPTF 1\/2&quot; ont \u00e9t\u00e9 d\u00e9velopp\u00e9s pour le raccordement d&#039;\u00e9lectrovannes conformes a LDA Belgique\" \/>\n<meta name=\"robots\" content=\"index, follow, max-snippet:-1, max-image-preview:large, max-video-preview:-1\" \/>\n<link rel=\"canonical\" href=\"https:\/\/lda.be\/fr\/produit\/a1-1-2%e2%80%b3-nptf-connecteurs-pour-electrovannes\/\" \/>\n<meta property=\"og:locale\" content=\"fr_FR\" \/>\n<meta property=\"og:type\" content=\"article\" \/>\n<meta property=\"og:title\" content=\"A1 &amp; A1T 1\/2\u2033 NPTF connecteurs pour \u00e9lectrovannes - LDA Belgique\" \/>\n<meta property=\"og:description\" content=\"Les connecteurs pour \u00e9lectrovannes Omal A1 &amp; A1T NPTF 1\/2&quot; ont \u00e9t\u00e9 d\u00e9velopp\u00e9s pour le raccordement d&#039;\u00e9lectrovannes conformes a LDA Belgique\" \/>\n<meta property=\"og:url\" content=\"https:\/\/lda.be\/fr\/produit\/a1-1-2%e2%80%b3-nptf-connecteurs-pour-electrovannes\/\" \/>\n<meta property=\"og:site_name\" content=\"LDA Belgique\" \/>\n<meta property=\"article:modified_time\" content=\"2025-07-28T08:34:18+00:00\" \/>\n<meta property=\"og:image\" content=\"https:\/\/lda.be\/wp-content\/uploads\/2025\/07\/a1-en-a1t-12.webp\" \/>\n\t<meta property=\"og:image:width\" content=\"800\" \/>\n\t<meta property=\"og:image:height\" content=\"800\" \/>\n\t<meta property=\"og:image:type\" content=\"image\/webp\" \/>\n<meta name=\"twitter:card\" content=\"summary_large_image\" \/>\n<meta name=\"twitter:label1\" content=\"Dur\u00e9e de lecture estim\u00e9e\" \/>\n\t<meta name=\"twitter:data1\" content=\"2 minutes\" \/>\n<script type=\"application\/ld+json\" class=\"yoast-schema-graph\">{\"@context\":\"https:\\\/\\\/schema.org\",\"@graph\":[{\"@type\":\"WebPage\",\"@id\":\"https:\\\/\\\/lda.be\\\/fr\\\/produit\\\/a1-1-2%e2%80%b3-nptf-connecteurs-pour-electrovannes\\\/\",\"url\":\"https:\\\/\\\/lda.be\\\/fr\\\/produit\\\/a1-1-2%e2%80%b3-nptf-connecteurs-pour-electrovannes\\\/\",\"name\":\"A1 & A1T 1\\\/2\u2033 NPTF connecteurs pour \u00e9lectrovannes - LDA Belgique\",\"isPartOf\":{\"@id\":\"https:\\\/\\\/lda.be\\\/fr\\\/#website\"},\"primaryImageOfPage\":{\"@id\":\"https:\\\/\\\/lda.be\\\/fr\\\/produit\\\/a1-1-2%e2%80%b3-nptf-connecteurs-pour-electrovannes\\\/#primaryimage\"},\"image\":{\"@id\":\"https:\\\/\\\/lda.be\\\/fr\\\/produit\\\/a1-1-2%e2%80%b3-nptf-connecteurs-pour-electrovannes\\\/#primaryimage\"},\"thumbnailUrl\":\"https:\\\/\\\/lda.be\\\/wp-content\\\/uploads\\\/2025\\\/07\\\/a1-en-a1t-12.webp\",\"datePublished\":\"2025-07-18T11:51:23+00:00\",\"dateModified\":\"2025-07-28T08:34:18+00:00\",\"description\":\"Les connecteurs pour \u00e9lectrovannes Omal A1 & A1T NPTF 1\\\/2\\\" ont \u00e9t\u00e9 d\u00e9velopp\u00e9s pour le raccordement d'\u00e9lectrovannes conformes a LDA Belgique\",\"breadcrumb\":{\"@id\":\"https:\\\/\\\/lda.be\\\/fr\\\/produit\\\/a1-1-2%e2%80%b3-nptf-connecteurs-pour-electrovannes\\\/#breadcrumb\"},\"inLanguage\":\"fr-FR\",\"potentialAction\":[{\"@type\":\"ReadAction\",\"target\":[\"https:\\\/\\\/lda.be\\\/fr\\\/produit\\\/a1-1-2%e2%80%b3-nptf-connecteurs-pour-electrovannes\\\/\"]}]},{\"@type\":\"ImageObject\",\"inLanguage\":\"fr-FR\",\"@id\":\"https:\\\/\\\/lda.be\\\/fr\\\/produit\\\/a1-1-2%e2%80%b3-nptf-connecteurs-pour-electrovannes\\\/#primaryimage\",\"url\":\"https:\\\/\\\/lda.be\\\/wp-content\\\/uploads\\\/2025\\\/07\\\/a1-en-a1t-12.webp\",\"contentUrl\":\"https:\\\/\\\/lda.be\\\/wp-content\\\/uploads\\\/2025\\\/07\\\/a1-en-a1t-12.webp\",\"width\":800,\"height\":800,\"caption\":\"Standard: EN 175301-803-A (DIN 43650-A) Connection: 1\\\/2\\\" NPTF Cable diameter: \u00d86 \u2013 8 mm Pin spacing: 18 mm Contact material: A1: CuZn silver-plated (Ag) A1T: CuZn gold-plated (Au) Housing: Base material: PA66 + 30% glass fiber A1T: Transparent top cover in PA Electronics (optional with A1T): LED indicator Varistor Diode Bridge cell Max. voltage: 250 V AC \\\/ 300 V DC Operating current: 10 A Peak current: 16 A Protection class: IP65 (EN 60529 \\\/ DIN 40050) Insulation class: C (according to VDE 0110) Temperature range: A1: -30 \u00b0C to +125 \u00b0C A1T: -25 \u00b0C to +90 \u00b0C\"},{\"@type\":\"BreadcrumbList\",\"@id\":\"https:\\\/\\\/lda.be\\\/fr\\\/produit\\\/a1-1-2%e2%80%b3-nptf-connecteurs-pour-electrovannes\\\/#breadcrumb\",\"itemListElement\":[{\"@type\":\"ListItem\",\"position\":1,\"name\":\"Accueil\",\"item\":\"https:\\\/\\\/lda.be\\\/fr\\\/\"},{\"@type\":\"ListItem\",\"position\":2,\"name\":\"Produits\",\"item\":\"https:\\\/\\\/lda.be\\\/fr\\\/produits\\\/\"},{\"@type\":\"ListItem\",\"position\":3,\"name\":\"A1 &#038; A1T 1\\\/2\u2033 NPTF connecteurs pour \u00e9lectrovannes\"}]},{\"@type\":\"WebSite\",\"@id\":\"https:\\\/\\\/lda.be\\\/fr\\\/#website\",\"url\":\"https:\\\/\\\/lda.be\\\/fr\\\/\",\"name\":\"LDA Belgium\",\"description\":\"Solutions For Life\",\"publisher\":{\"@id\":\"https:\\\/\\\/lda.be\\\/fr\\\/#organization\"},\"potentialAction\":[{\"@type\":\"SearchAction\",\"target\":{\"@type\":\"EntryPoint\",\"urlTemplate\":\"https:\\\/\\\/lda.be\\\/fr\\\/?s={search_term_string}\"},\"query-input\":{\"@type\":\"PropertyValueSpecification\",\"valueRequired\":true,\"valueName\":\"search_term_string\"}}],\"inLanguage\":\"fr-FR\"},{\"@type\":\"Organization\",\"@id\":\"https:\\\/\\\/lda.be\\\/fr\\\/#organization\",\"name\":\"LDA Belgium\",\"url\":\"https:\\\/\\\/lda.be\\\/fr\\\/\",\"logo\":{\"@type\":\"ImageObject\",\"inLanguage\":\"fr-FR\",\"@id\":\"https:\\\/\\\/lda.be\\\/fr\\\/#\\\/schema\\\/logo\\\/image\\\/\",\"url\":\"https:\\\/\\\/lda.be\\\/wp-content\\\/uploads\\\/2022\\\/07\\\/Logo-LDA.webp\",\"contentUrl\":\"https:\\\/\\\/lda.be\\\/wp-content\\\/uploads\\\/2022\\\/07\\\/Logo-LDA.webp\",\"width\":311,\"height\":101,\"caption\":\"LDA Belgium\"},\"image\":{\"@id\":\"https:\\\/\\\/lda.be\\\/fr\\\/#\\\/schema\\\/logo\\\/image\\\/\"},\"sameAs\":[\"https:\\\/\\\/www.linkedin.com\\\/company\\\/lda-belgium-nv\"]}]}<\/script>\n<!-- \/ Yoast SEO plugin. -->","yoast_head_json":{"title":"A1 & A1T 1\/2\u2033 NPTF connecteurs pour \u00e9lectrovannes - LDA Belgique","description":"Les connecteurs pour \u00e9lectrovannes Omal A1 & A1T NPTF 1\/2\" ont \u00e9t\u00e9 d\u00e9velopp\u00e9s pour le raccordement d'\u00e9lectrovannes conformes a LDA Belgique","robots":{"index":"index","follow":"follow","max-snippet":"max-snippet:-1","max-image-preview":"max-image-preview:large","max-video-preview":"max-video-preview:-1"},"canonical":"https:\/\/lda.be\/fr\/produit\/a1-1-2%e2%80%b3-nptf-connecteurs-pour-electrovannes\/","og_locale":"fr_FR","og_type":"article","og_title":"A1 & A1T 1\/2\u2033 NPTF connecteurs pour \u00e9lectrovannes - LDA Belgique","og_description":"Les connecteurs pour \u00e9lectrovannes Omal A1 & A1T NPTF 1\/2\" ont \u00e9t\u00e9 d\u00e9velopp\u00e9s pour le raccordement d'\u00e9lectrovannes conformes a LDA Belgique","og_url":"https:\/\/lda.be\/fr\/produit\/a1-1-2%e2%80%b3-nptf-connecteurs-pour-electrovannes\/","og_site_name":"LDA Belgique","article_modified_time":"2025-07-28T08:34:18+00:00","og_image":[{"width":800,"height":800,"url":"https:\/\/lda.be\/wp-content\/uploads\/2025\/07\/a1-en-a1t-12.webp","type":"image\/webp"}],"twitter_card":"summary_large_image","twitter_misc":{"Dur\u00e9e de lecture estim\u00e9e":"2 minutes"},"schema":{"@context":"https:\/\/schema.org","@graph":[{"@type":"WebPage","@id":"https:\/\/lda.be\/fr\/produit\/a1-1-2%e2%80%b3-nptf-connecteurs-pour-electrovannes\/","url":"https:\/\/lda.be\/fr\/produit\/a1-1-2%e2%80%b3-nptf-connecteurs-pour-electrovannes\/","name":"A1 & A1T 1\/2\u2033 NPTF connecteurs pour \u00e9lectrovannes - LDA Belgique","isPartOf":{"@id":"https:\/\/lda.be\/fr\/#website"},"primaryImageOfPage":{"@id":"https:\/\/lda.be\/fr\/produit\/a1-1-2%e2%80%b3-nptf-connecteurs-pour-electrovannes\/#primaryimage"},"image":{"@id":"https:\/\/lda.be\/fr\/produit\/a1-1-2%e2%80%b3-nptf-connecteurs-pour-electrovannes\/#primaryimage"},"thumbnailUrl":"https:\/\/lda.be\/wp-content\/uploads\/2025\/07\/a1-en-a1t-12.webp","datePublished":"2025-07-18T11:51:23+00:00","dateModified":"2025-07-28T08:34:18+00:00","description":"Les connecteurs pour \u00e9lectrovannes Omal A1 & A1T NPTF 1\/2\" ont \u00e9t\u00e9 d\u00e9velopp\u00e9s pour le raccordement d'\u00e9lectrovannes conformes a LDA Belgique","breadcrumb":{"@id":"https:\/\/lda.be\/fr\/produit\/a1-1-2%e2%80%b3-nptf-connecteurs-pour-electrovannes\/#breadcrumb"},"inLanguage":"fr-FR","potentialAction":[{"@type":"ReadAction","target":["https:\/\/lda.be\/fr\/produit\/a1-1-2%e2%80%b3-nptf-connecteurs-pour-electrovannes\/"]}]},{"@type":"ImageObject","inLanguage":"fr-FR","@id":"https:\/\/lda.be\/fr\/produit\/a1-1-2%e2%80%b3-nptf-connecteurs-pour-electrovannes\/#primaryimage","url":"https:\/\/lda.be\/wp-content\/uploads\/2025\/07\/a1-en-a1t-12.webp","contentUrl":"https:\/\/lda.be\/wp-content\/uploads\/2025\/07\/a1-en-a1t-12.webp","width":800,"height":800,"caption":"Standard: EN 175301-803-A (DIN 43650-A) Connection: 1\/2\" NPTF Cable diameter: \u00d86 \u2013 8 mm Pin spacing: 18 mm Contact material: A1: CuZn silver-plated (Ag) A1T: CuZn gold-plated (Au) Housing: Base material: PA66 + 30% glass fiber A1T: Transparent top cover in PA Electronics (optional with A1T): LED indicator Varistor Diode Bridge cell Max. voltage: 250 V AC \/ 300 V DC Operating current: 10 A Peak current: 16 A Protection class: IP65 (EN 60529 \/ DIN 40050) Insulation class: C (according to VDE 0110) Temperature range: A1: -30 \u00b0C to +125 \u00b0C A1T: -25 \u00b0C to +90 \u00b0C"},{"@type":"BreadcrumbList","@id":"https:\/\/lda.be\/fr\/produit\/a1-1-2%e2%80%b3-nptf-connecteurs-pour-electrovannes\/#breadcrumb","itemListElement":[{"@type":"ListItem","position":1,"name":"Accueil","item":"https:\/\/lda.be\/fr\/"},{"@type":"ListItem","position":2,"name":"Produits","item":"https:\/\/lda.be\/fr\/produits\/"},{"@type":"ListItem","position":3,"name":"A1 &#038; A1T 1\/2\u2033 NPTF connecteurs pour \u00e9lectrovannes"}]},{"@type":"WebSite","@id":"https:\/\/lda.be\/fr\/#website","url":"https:\/\/lda.be\/fr\/","name":"LDA Belgium","description":"Solutions For Life","publisher":{"@id":"https:\/\/lda.be\/fr\/#organization"},"potentialAction":[{"@type":"SearchAction","target":{"@type":"EntryPoint","urlTemplate":"https:\/\/lda.be\/fr\/?s={search_term_string}"},"query-input":{"@type":"PropertyValueSpecification","valueRequired":true,"valueName":"search_term_string"}}],"inLanguage":"fr-FR"},{"@type":"Organization","@id":"https:\/\/lda.be\/fr\/#organization","name":"LDA Belgium","url":"https:\/\/lda.be\/fr\/","logo":{"@type":"ImageObject","inLanguage":"fr-FR","@id":"https:\/\/lda.be\/fr\/#\/schema\/logo\/image\/","url":"https:\/\/lda.be\/wp-content\/uploads\/2022\/07\/Logo-LDA.webp","contentUrl":"https:\/\/lda.be\/wp-content\/uploads\/2022\/07\/Logo-LDA.webp","width":311,"height":101,"caption":"LDA Belgium"},"image":{"@id":"https:\/\/lda.be\/fr\/#\/schema\/logo\/image\/"},"sameAs":["https:\/\/www.linkedin.com\/company\/lda-belgium-nv"]}]}},"_links":{"self":[{"href":"https:\/\/lda.be\/fr\/wp-json\/wp\/v2\/product\/9853","targetHints":{"allow":["GET"]}}],"collection":[{"href":"https:\/\/lda.be\/fr\/wp-json\/wp\/v2\/product"}],"about":[{"href":"https:\/\/lda.be\/fr\/wp-json\/wp\/v2\/types\/product"}],"replies":[{"embeddable":true,"href":"https:\/\/lda.be\/fr\/wp-json\/wp\/v2\/comments?post=9853"}],"wp:featuredmedia":[{"embeddable":true,"href":"https:\/\/lda.be\/fr\/wp-json\/wp\/v2\/media\/10111"}],"wp:attachment":[{"href":"https:\/\/lda.be\/fr\/wp-json\/wp\/v2\/media?parent=9853"}],"wp:term":[{"taxonomy":"product_brand","embeddable":true,"href":"https:\/\/lda.be\/fr\/wp-json\/wp\/v2\/product_brand?post=9853"},{"taxonomy":"product_cat","embeddable":true,"href":"https:\/\/lda.be\/fr\/wp-json\/wp\/v2\/product_cat?post=9853"},{"taxonomy":"product_tag","embeddable":true,"href":"https:\/\/lda.be\/fr\/wp-json\/wp\/v2\/product_tag?post=9853"}],"curies":[{"name":"wp","href":"https:\/\/api.w.org\/{rel}","templated":true}]}}