{"id":9907,"date":"2025-07-22T13:14:12","date_gmt":"2025-07-22T12:14:12","guid":{"rendered":"https:\/\/lda.be\/?post_type=product&#038;p=9907"},"modified":"2025-07-22T13:25:35","modified_gmt":"2025-07-22T12:25:35","slug":"serie-ka1-ka2-connecteurs-delectrovannes","status":"publish","type":"product","link":"https:\/\/lda.be\/fr\/produit\/serie-ka1-ka2-connecteurs-delectrovannes\/","title":{"rendered":"S\u00e9rie KA1 &#8211; KA2 &#8211; Connecteurs d&#8217;\u00e9lectrovannes"},"content":{"rendered":"<p>L&#8217;Omal KA1 \/ KA2 est un connecteur d&#8217;\u00e9lectrovanne de haute qualit\u00e9 avec des composants \u00e9lectroniques int\u00e9gr\u00e9s. Pour un fonctionnement fiable dans des environnements industriels exigeants, c&#8217;est le bon choix. Ce connecteur est dot\u00e9 d&#8217;un bo\u00eetier transparent pour une visibilit\u00e9 directe de l&#8217;\u00e9tat des LED et est conforme \u00e0 la norme EN 175301-803 type A (DIN 43650-A). La s\u00e9rie KA convient aux applications avec \u00e9lectrovannes, pressostats ou capteurs.<\/p>\n<p>Les mod\u00e8les KA1 et KA2 prennent en charge de nombreuses options de connexion : PG9, PG11 ou 1\/2&#8243; NPTF, avec des diam\u00e8tres de c\u00e2ble compatibles de 6 mm \u00e0 10 mm. Les contacts CuZn argent\u00e9s ou dor\u00e9s offrent un courant nominal de 10 A et des tensions allant jusqu&#8217;\u00e0 250 V AC \/ 300 V DC, selon le circuit interne. Gr\u00e2ce \u00e0 son bo\u00eetier en PA66 avec 30 % de fibres de verre, ce connecteur r\u00e9siste \u00e0 des temp\u00e9ratures allant de -30 \u00b0C \u00e0 +125 \u00b0C et r\u00e9pond \u00e0 l&#8217;indice de protection IP65.<\/p>\n<p>Selon la version, le connecteur est disponible avec une indication LED int\u00e9gr\u00e9e, des varistances (VDR), des diodes ou un pont de redressement pour la suppression des surtensions.<\/p>\n<p>Vous vous demandez si l&#8217;Omal KA1 ou KA2 convient \u00e0 votre installation ?\u00a0 <a href=\"https:\/\/lda.be\/fr\/contact\/\">Demandez un devis<\/a> sans engagement \u00e0 LDA Belgium ici.<\/p>\n","protected":false},"excerpt":{"rendered":"<p>L&#8217;Omal KA1 \/ KA2 est un connecteur d&#8217;\u00e9lectrovanne de haute qualit\u00e9 avec des composants \u00e9lectroniques int\u00e9gr\u00e9s. Pour un fonctionnement fiable dans des environnements industriels exigeants, c&#8217;est le bon choix. Ce connecteur est dot\u00e9 d&#8217;un bo\u00eetier transparent pour une visibilit\u00e9 directe de l&#8217;\u00e9tat des LED et est conforme \u00e0 la norme EN 175301-803 type A (DIN [&hellip;]<\/p>\n","protected":false},"featured_media":9902,"comment_status":"closed","ping_status":"closed","template":"","meta":[],"product_brand":[1609],"product_cat":[818,828,1608],"product_tag":[],"class_list":{"0":"post-9907","1":"product","2":"type-product","3":"status-publish","4":"has-post-thumbnail","6":"product_brand-omal","7":"product_cat-connecteurs-et-cables","8":"product_cat-connecteurs","9":"product_cat-connecteurs-industriels-de-type-a-b-c-et-micro","11":"first","12":"instock","13":"shipping-taxable","14":"product-type-simple"},"yoast_head":"<!-- This site is optimized with the Yoast SEO plugin v27.3 - https:\/\/yoast.com\/product\/yoast-seo-wordpress\/ -->\n<title>S\u00e9rie KA1 - KA2 - Connecteurs d&#039;\u00e9lectrovannes - LDA Belgique<\/title>\n<meta name=\"description\" content=\"Connecteurs pour \u00e9lectrovannes Omal KA1 et KA2 selon EN 175301-803 (DIN 43650-A) PG9, PG11 ou 1\/2&quot; NPTF. Demandez d\u00e8s aujourd&#039;hui \u00e0 LDA Belgium.\" \/>\n<meta name=\"robots\" content=\"index, follow, max-snippet:-1, max-image-preview:large, max-video-preview:-1\" \/>\n<link rel=\"canonical\" href=\"https:\/\/lda.be\/fr\/produit\/serie-ka1-ka2-connecteurs-delectrovannes\/\" \/>\n<meta property=\"og:locale\" content=\"fr_FR\" \/>\n<meta property=\"og:type\" content=\"article\" \/>\n<meta property=\"og:title\" content=\"S\u00e9rie KA1 - KA2 - Connecteurs d&#039;\u00e9lectrovannes - LDA Belgique\" \/>\n<meta property=\"og:description\" content=\"Connecteurs pour \u00e9lectrovannes Omal KA1 et KA2 selon EN 175301-803 (DIN 43650-A) PG9, PG11 ou 1\/2&quot; NPTF. Demandez d\u00e8s aujourd&#039;hui \u00e0 LDA Belgium.\" \/>\n<meta property=\"og:url\" content=\"https:\/\/lda.be\/fr\/produit\/serie-ka1-ka2-connecteurs-delectrovannes\/\" \/>\n<meta property=\"og:site_name\" content=\"LDA Belgique\" \/>\n<meta property=\"article:modified_time\" content=\"2025-07-22T12:25:35+00:00\" \/>\n<meta property=\"og:image\" content=\"https:\/\/lda.be\/wp-content\/uploads\/2025\/07\/KA1.webp\" \/>\n\t<meta property=\"og:image:width\" content=\"800\" \/>\n\t<meta property=\"og:image:height\" content=\"800\" \/>\n\t<meta property=\"og:image:type\" content=\"image\/webp\" \/>\n<meta name=\"twitter:card\" content=\"summary_large_image\" \/>\n<meta name=\"twitter:label1\" content=\"Dur\u00e9e de lecture estim\u00e9e\" \/>\n\t<meta name=\"twitter:data1\" content=\"2 minutes\" \/>\n<script type=\"application\/ld+json\" class=\"yoast-schema-graph\">{\"@context\":\"https:\\\/\\\/schema.org\",\"@graph\":[{\"@type\":\"WebPage\",\"@id\":\"https:\\\/\\\/lda.be\\\/fr\\\/produit\\\/serie-ka1-ka2-connecteurs-delectrovannes\\\/\",\"url\":\"https:\\\/\\\/lda.be\\\/fr\\\/produit\\\/serie-ka1-ka2-connecteurs-delectrovannes\\\/\",\"name\":\"S\u00e9rie KA1 - KA2 - Connecteurs d'\u00e9lectrovannes - LDA Belgique\",\"isPartOf\":{\"@id\":\"https:\\\/\\\/lda.be\\\/fr\\\/#website\"},\"primaryImageOfPage\":{\"@id\":\"https:\\\/\\\/lda.be\\\/fr\\\/produit\\\/serie-ka1-ka2-connecteurs-delectrovannes\\\/#primaryimage\"},\"image\":{\"@id\":\"https:\\\/\\\/lda.be\\\/fr\\\/produit\\\/serie-ka1-ka2-connecteurs-delectrovannes\\\/#primaryimage\"},\"thumbnailUrl\":\"https:\\\/\\\/lda.be\\\/wp-content\\\/uploads\\\/2025\\\/07\\\/KA1.webp\",\"datePublished\":\"2025-07-22T12:14:12+00:00\",\"dateModified\":\"2025-07-22T12:25:35+00:00\",\"description\":\"Connecteurs pour \u00e9lectrovannes Omal KA1 et KA2 selon EN 175301-803 (DIN 43650-A) PG9, PG11 ou 1\\\/2\\\" NPTF. Demandez d\u00e8s aujourd'hui \u00e0 LDA Belgium.\",\"breadcrumb\":{\"@id\":\"https:\\\/\\\/lda.be\\\/fr\\\/produit\\\/serie-ka1-ka2-connecteurs-delectrovannes\\\/#breadcrumb\"},\"inLanguage\":\"fr-FR\",\"potentialAction\":[{\"@type\":\"ReadAction\",\"target\":[\"https:\\\/\\\/lda.be\\\/fr\\\/produit\\\/serie-ka1-ka2-connecteurs-delectrovannes\\\/\"]}]},{\"@type\":\"ImageObject\",\"inLanguage\":\"fr-FR\",\"@id\":\"https:\\\/\\\/lda.be\\\/fr\\\/produit\\\/serie-ka1-ka2-connecteurs-delectrovannes\\\/#primaryimage\",\"url\":\"https:\\\/\\\/lda.be\\\/wp-content\\\/uploads\\\/2025\\\/07\\\/KA1.webp\",\"contentUrl\":\"https:\\\/\\\/lda.be\\\/wp-content\\\/uploads\\\/2025\\\/07\\\/KA1.webp\",\"width\":800,\"height\":800,\"caption\":\"Omal KA1 en KA2 magneet ventiel\"},{\"@type\":\"BreadcrumbList\",\"@id\":\"https:\\\/\\\/lda.be\\\/fr\\\/produit\\\/serie-ka1-ka2-connecteurs-delectrovannes\\\/#breadcrumb\",\"itemListElement\":[{\"@type\":\"ListItem\",\"position\":1,\"name\":\"Accueil\",\"item\":\"https:\\\/\\\/lda.be\\\/fr\\\/\"},{\"@type\":\"ListItem\",\"position\":2,\"name\":\"Produits\",\"item\":\"https:\\\/\\\/lda.be\\\/fr\\\/produits\\\/\"},{\"@type\":\"ListItem\",\"position\":3,\"name\":\"S\u00e9rie KA1 &#8211; KA2 &#8211; Connecteurs d&#8217;\u00e9lectrovannes\"}]},{\"@type\":\"WebSite\",\"@id\":\"https:\\\/\\\/lda.be\\\/fr\\\/#website\",\"url\":\"https:\\\/\\\/lda.be\\\/fr\\\/\",\"name\":\"LDA Belgium\",\"description\":\"Solutions For Life\",\"publisher\":{\"@id\":\"https:\\\/\\\/lda.be\\\/fr\\\/#organization\"},\"potentialAction\":[{\"@type\":\"SearchAction\",\"target\":{\"@type\":\"EntryPoint\",\"urlTemplate\":\"https:\\\/\\\/lda.be\\\/fr\\\/?s={search_term_string}\"},\"query-input\":{\"@type\":\"PropertyValueSpecification\",\"valueRequired\":true,\"valueName\":\"search_term_string\"}}],\"inLanguage\":\"fr-FR\"},{\"@type\":\"Organization\",\"@id\":\"https:\\\/\\\/lda.be\\\/fr\\\/#organization\",\"name\":\"LDA Belgium\",\"url\":\"https:\\\/\\\/lda.be\\\/fr\\\/\",\"logo\":{\"@type\":\"ImageObject\",\"inLanguage\":\"fr-FR\",\"@id\":\"https:\\\/\\\/lda.be\\\/fr\\\/#\\\/schema\\\/logo\\\/image\\\/\",\"url\":\"https:\\\/\\\/lda.be\\\/wp-content\\\/uploads\\\/2022\\\/07\\\/Logo-LDA.webp\",\"contentUrl\":\"https:\\\/\\\/lda.be\\\/wp-content\\\/uploads\\\/2022\\\/07\\\/Logo-LDA.webp\",\"width\":311,\"height\":101,\"caption\":\"LDA Belgium\"},\"image\":{\"@id\":\"https:\\\/\\\/lda.be\\\/fr\\\/#\\\/schema\\\/logo\\\/image\\\/\"},\"sameAs\":[\"https:\\\/\\\/www.linkedin.com\\\/company\\\/lda-belgium-nv\"]}]}<\/script>\n<!-- \/ Yoast SEO plugin. -->","yoast_head_json":{"title":"S\u00e9rie KA1 - KA2 - Connecteurs d'\u00e9lectrovannes - LDA Belgique","description":"Connecteurs pour \u00e9lectrovannes Omal KA1 et KA2 selon EN 175301-803 (DIN 43650-A) PG9, PG11 ou 1\/2\" NPTF. Demandez d\u00e8s aujourd'hui \u00e0 LDA Belgium.","robots":{"index":"index","follow":"follow","max-snippet":"max-snippet:-1","max-image-preview":"max-image-preview:large","max-video-preview":"max-video-preview:-1"},"canonical":"https:\/\/lda.be\/fr\/produit\/serie-ka1-ka2-connecteurs-delectrovannes\/","og_locale":"fr_FR","og_type":"article","og_title":"S\u00e9rie KA1 - KA2 - Connecteurs d'\u00e9lectrovannes - LDA Belgique","og_description":"Connecteurs pour \u00e9lectrovannes Omal KA1 et KA2 selon EN 175301-803 (DIN 43650-A) PG9, PG11 ou 1\/2\" NPTF. Demandez d\u00e8s aujourd'hui \u00e0 LDA Belgium.","og_url":"https:\/\/lda.be\/fr\/produit\/serie-ka1-ka2-connecteurs-delectrovannes\/","og_site_name":"LDA Belgique","article_modified_time":"2025-07-22T12:25:35+00:00","og_image":[{"width":800,"height":800,"url":"https:\/\/lda.be\/wp-content\/uploads\/2025\/07\/KA1.webp","type":"image\/webp"}],"twitter_card":"summary_large_image","twitter_misc":{"Dur\u00e9e de lecture estim\u00e9e":"2 minutes"},"schema":{"@context":"https:\/\/schema.org","@graph":[{"@type":"WebPage","@id":"https:\/\/lda.be\/fr\/produit\/serie-ka1-ka2-connecteurs-delectrovannes\/","url":"https:\/\/lda.be\/fr\/produit\/serie-ka1-ka2-connecteurs-delectrovannes\/","name":"S\u00e9rie KA1 - KA2 - Connecteurs d'\u00e9lectrovannes - LDA Belgique","isPartOf":{"@id":"https:\/\/lda.be\/fr\/#website"},"primaryImageOfPage":{"@id":"https:\/\/lda.be\/fr\/produit\/serie-ka1-ka2-connecteurs-delectrovannes\/#primaryimage"},"image":{"@id":"https:\/\/lda.be\/fr\/produit\/serie-ka1-ka2-connecteurs-delectrovannes\/#primaryimage"},"thumbnailUrl":"https:\/\/lda.be\/wp-content\/uploads\/2025\/07\/KA1.webp","datePublished":"2025-07-22T12:14:12+00:00","dateModified":"2025-07-22T12:25:35+00:00","description":"Connecteurs pour \u00e9lectrovannes Omal KA1 et KA2 selon EN 175301-803 (DIN 43650-A) PG9, PG11 ou 1\/2\" NPTF. Demandez d\u00e8s aujourd'hui \u00e0 LDA Belgium.","breadcrumb":{"@id":"https:\/\/lda.be\/fr\/produit\/serie-ka1-ka2-connecteurs-delectrovannes\/#breadcrumb"},"inLanguage":"fr-FR","potentialAction":[{"@type":"ReadAction","target":["https:\/\/lda.be\/fr\/produit\/serie-ka1-ka2-connecteurs-delectrovannes\/"]}]},{"@type":"ImageObject","inLanguage":"fr-FR","@id":"https:\/\/lda.be\/fr\/produit\/serie-ka1-ka2-connecteurs-delectrovannes\/#primaryimage","url":"https:\/\/lda.be\/wp-content\/uploads\/2025\/07\/KA1.webp","contentUrl":"https:\/\/lda.be\/wp-content\/uploads\/2025\/07\/KA1.webp","width":800,"height":800,"caption":"Omal KA1 en KA2 magneet ventiel"},{"@type":"BreadcrumbList","@id":"https:\/\/lda.be\/fr\/produit\/serie-ka1-ka2-connecteurs-delectrovannes\/#breadcrumb","itemListElement":[{"@type":"ListItem","position":1,"name":"Accueil","item":"https:\/\/lda.be\/fr\/"},{"@type":"ListItem","position":2,"name":"Produits","item":"https:\/\/lda.be\/fr\/produits\/"},{"@type":"ListItem","position":3,"name":"S\u00e9rie KA1 &#8211; KA2 &#8211; Connecteurs d&#8217;\u00e9lectrovannes"}]},{"@type":"WebSite","@id":"https:\/\/lda.be\/fr\/#website","url":"https:\/\/lda.be\/fr\/","name":"LDA Belgium","description":"Solutions For Life","publisher":{"@id":"https:\/\/lda.be\/fr\/#organization"},"potentialAction":[{"@type":"SearchAction","target":{"@type":"EntryPoint","urlTemplate":"https:\/\/lda.be\/fr\/?s={search_term_string}"},"query-input":{"@type":"PropertyValueSpecification","valueRequired":true,"valueName":"search_term_string"}}],"inLanguage":"fr-FR"},{"@type":"Organization","@id":"https:\/\/lda.be\/fr\/#organization","name":"LDA Belgium","url":"https:\/\/lda.be\/fr\/","logo":{"@type":"ImageObject","inLanguage":"fr-FR","@id":"https:\/\/lda.be\/fr\/#\/schema\/logo\/image\/","url":"https:\/\/lda.be\/wp-content\/uploads\/2022\/07\/Logo-LDA.webp","contentUrl":"https:\/\/lda.be\/wp-content\/uploads\/2022\/07\/Logo-LDA.webp","width":311,"height":101,"caption":"LDA Belgium"},"image":{"@id":"https:\/\/lda.be\/fr\/#\/schema\/logo\/image\/"},"sameAs":["https:\/\/www.linkedin.com\/company\/lda-belgium-nv"]}]}},"_links":{"self":[{"href":"https:\/\/lda.be\/fr\/wp-json\/wp\/v2\/product\/9907","targetHints":{"allow":["GET"]}}],"collection":[{"href":"https:\/\/lda.be\/fr\/wp-json\/wp\/v2\/product"}],"about":[{"href":"https:\/\/lda.be\/fr\/wp-json\/wp\/v2\/types\/product"}],"replies":[{"embeddable":true,"href":"https:\/\/lda.be\/fr\/wp-json\/wp\/v2\/comments?post=9907"}],"wp:featuredmedia":[{"embeddable":true,"href":"https:\/\/lda.be\/fr\/wp-json\/wp\/v2\/media\/9902"}],"wp:attachment":[{"href":"https:\/\/lda.be\/fr\/wp-json\/wp\/v2\/media?parent=9907"}],"wp:term":[{"taxonomy":"product_brand","embeddable":true,"href":"https:\/\/lda.be\/fr\/wp-json\/wp\/v2\/product_brand?post=9907"},{"taxonomy":"product_cat","embeddable":true,"href":"https:\/\/lda.be\/fr\/wp-json\/wp\/v2\/product_cat?post=9907"},{"taxonomy":"product_tag","embeddable":true,"href":"https:\/\/lda.be\/fr\/wp-json\/wp\/v2\/product_tag?post=9907"}],"curies":[{"name":"wp","href":"https:\/\/api.w.org\/{rel}","templated":true}]}}