{"id":9926,"date":"2025-07-22T14:02:40","date_gmt":"2025-07-22T13:02:40","guid":{"rendered":"https:\/\/lda.be\/?post_type=product&#038;p=9926"},"modified":"2025-07-22T14:35:07","modified_gmt":"2025-07-22T13:35:07","slug":"a2t-pressosato-connecteurs-de-electrovanne","status":"publish","type":"product","link":"https:\/\/lda.be\/fr\/produit\/a2t-pressosato-connecteurs-de-electrovanne\/","title":{"rendered":"A2T Pressosato &#8211; Connecteurs de \u00e9lectrovanne"},"content":{"rendered":"<p>Le Pressostato A2T d&#8217;Omal est un connecteur fiable d&#8217;\u00e9lectrovanne \u00e0 3 p\u00f4les utilis\u00e9 pour les pressostats et autres syst\u00e8mes de mesure et de contr\u00f4le. L&#8217;A2T est conforme \u00e0 la norme EN 175301-803-A (DIN 43650). Il s&#8217;agit d&#8217;un connecteur offrant d&#8217;excellentes performances \u00e9lectriques et un degr\u00e9 de protection \u00e9lev\u00e9 (IP65) pour les environnements industriels exigeants.<\/p>\n<p>Le bo\u00eetier transparent rend les LED d&#8217;\u00e9tat visibles de l&#8217;ext\u00e9rieur avec un choix de combinaisons de couleurs diff\u00e9rentes pour un diagnostic visuel facile. Gr\u00e2ce \u00e0 l&#8217;indicateur LED int\u00e9gr\u00e9 et \u00e0 la protection de la tension (10\/50 V ou 70\/250 V), l&#8217;A2T est id\u00e9al pour les applications o\u00f9 la surveillance continue est cruciale.<\/p>\n<p>Le connecteur de l&#8217;\u00e9lectrovanne est compatible avec les presse-\u00e9toupes PG9 ou PG11 et convient pour des diam\u00e8tres de c\u00e2ble de 6 \u00e0 10 mm. Omal propose plusieurs versions avec des joints profil\u00e9s ou plats, en fonction de l&#8217;\u00e9tanch\u00e9it\u00e9 souhait\u00e9e.<\/p>\n<p><img fetchpriority=\"high\" decoding=\"async\" class=\"\" src=\"https:\/\/i0.wp.com\/www.omalitalia.it\/wp-content\/uploads\/2017\/06\/pressostato.png?resize=486%2C351\" width=\"274\" height=\"198\" \/><\/p>\n","protected":false},"excerpt":{"rendered":"<p>Le Pressostato A2T d&#8217;Omal est un connecteur fiable d&#8217;\u00e9lectrovanne \u00e0 3 p\u00f4les utilis\u00e9 pour les pressostats et autres syst\u00e8mes de mesure et de contr\u00f4le. L&#8217;A2T est conforme \u00e0 la norme EN 175301-803-A (DIN 43650). Il s&#8217;agit d&#8217;un connecteur offrant d&#8217;excellentes performances \u00e9lectriques et un degr\u00e9 de protection \u00e9lev\u00e9 (IP65) pour les environnements industriels exigeants. Le [&hellip;]<\/p>\n","protected":false},"featured_media":9914,"comment_status":"closed","ping_status":"closed","template":"","meta":[],"product_brand":[1609],"product_cat":[818,828,1608],"product_tag":[],"class_list":{"0":"post-9926","1":"product","2":"type-product","3":"status-publish","4":"has-post-thumbnail","6":"product_brand-omal","7":"product_cat-connecteurs-et-cables","8":"product_cat-connecteurs","9":"product_cat-connecteurs-industriels-de-type-a-b-c-et-micro","11":"first","12":"instock","13":"shipping-taxable","14":"product-type-simple"},"yoast_head":"<!-- This site is optimized with the Yoast SEO plugin v27.3 - https:\/\/yoast.com\/product\/yoast-seo-wordpress\/ -->\n<title>A2T Pressosato - Connecteurs de \u00e9lectrovanne - LDA Belgique<\/title>\n<meta name=\"description\" content=\"Le Pressostato A2T d&#039;Omal est un connecteur fiable d&#039;\u00e9lectrovanne \u00e0 3 p\u00f4les utilis\u00e9 pour les pressostats et autres syst\u00e8mes de mesure et de contr\u00f4le. Chez LDA\" \/>\n<meta name=\"robots\" content=\"index, follow, max-snippet:-1, max-image-preview:large, max-video-preview:-1\" \/>\n<link rel=\"canonical\" href=\"https:\/\/lda.be\/fr\/produit\/a2t-pressosato-connecteurs-de-electrovanne\/\" \/>\n<meta property=\"og:locale\" content=\"fr_FR\" \/>\n<meta property=\"og:type\" content=\"article\" \/>\n<meta property=\"og:title\" content=\"A2T Pressosato - Connecteurs de \u00e9lectrovanne - LDA Belgique\" \/>\n<meta property=\"og:description\" content=\"Le Pressostato A2T d&#039;Omal est un connecteur fiable d&#039;\u00e9lectrovanne \u00e0 3 p\u00f4les utilis\u00e9 pour les pressostats et autres syst\u00e8mes de mesure et de contr\u00f4le. Chez LDA\" \/>\n<meta property=\"og:url\" content=\"https:\/\/lda.be\/fr\/produit\/a2t-pressosato-connecteurs-de-electrovanne\/\" \/>\n<meta property=\"og:site_name\" content=\"LDA Belgique\" \/>\n<meta property=\"article:modified_time\" content=\"2025-07-22T13:35:07+00:00\" \/>\n<meta property=\"og:image\" content=\"https:\/\/lda.be\/wp-content\/uploads\/2025\/07\/a2t.webp\" \/>\n\t<meta property=\"og:image:width\" content=\"800\" \/>\n\t<meta property=\"og:image:height\" content=\"800\" \/>\n\t<meta property=\"og:image:type\" content=\"image\/webp\" \/>\n<meta name=\"twitter:card\" content=\"summary_large_image\" \/>\n<meta name=\"twitter:label1\" content=\"Dur\u00e9e de lecture estim\u00e9e\" \/>\n\t<meta name=\"twitter:data1\" content=\"1 minute\" \/>\n<script type=\"application\/ld+json\" class=\"yoast-schema-graph\">{\"@context\":\"https:\\\/\\\/schema.org\",\"@graph\":[{\"@type\":\"WebPage\",\"@id\":\"https:\\\/\\\/lda.be\\\/fr\\\/produit\\\/a2t-pressosato-connecteurs-de-electrovanne\\\/\",\"url\":\"https:\\\/\\\/lda.be\\\/fr\\\/produit\\\/a2t-pressosato-connecteurs-de-electrovanne\\\/\",\"name\":\"A2T Pressosato - Connecteurs de \u00e9lectrovanne - LDA Belgique\",\"isPartOf\":{\"@id\":\"https:\\\/\\\/lda.be\\\/fr\\\/#website\"},\"primaryImageOfPage\":{\"@id\":\"https:\\\/\\\/lda.be\\\/fr\\\/produit\\\/a2t-pressosato-connecteurs-de-electrovanne\\\/#primaryimage\"},\"image\":{\"@id\":\"https:\\\/\\\/lda.be\\\/fr\\\/produit\\\/a2t-pressosato-connecteurs-de-electrovanne\\\/#primaryimage\"},\"thumbnailUrl\":\"https:\\\/\\\/lda.be\\\/wp-content\\\/uploads\\\/2025\\\/07\\\/a2t.webp\",\"datePublished\":\"2025-07-22T13:02:40+00:00\",\"dateModified\":\"2025-07-22T13:35:07+00:00\",\"description\":\"Le Pressostato A2T d'Omal est un connecteur fiable d'\u00e9lectrovanne \u00e0 3 p\u00f4les utilis\u00e9 pour les pressostats et autres syst\u00e8mes de mesure et de contr\u00f4le. Chez LDA\",\"breadcrumb\":{\"@id\":\"https:\\\/\\\/lda.be\\\/fr\\\/produit\\\/a2t-pressosato-connecteurs-de-electrovanne\\\/#breadcrumb\"},\"inLanguage\":\"fr-FR\",\"potentialAction\":[{\"@type\":\"ReadAction\",\"target\":[\"https:\\\/\\\/lda.be\\\/fr\\\/produit\\\/a2t-pressosato-connecteurs-de-electrovanne\\\/\"]}]},{\"@type\":\"ImageObject\",\"inLanguage\":\"fr-FR\",\"@id\":\"https:\\\/\\\/lda.be\\\/fr\\\/produit\\\/a2t-pressosato-connecteurs-de-electrovanne\\\/#primaryimage\",\"url\":\"https:\\\/\\\/lda.be\\\/wp-content\\\/uploads\\\/2025\\\/07\\\/a2t.webp\",\"contentUrl\":\"https:\\\/\\\/lda.be\\\/wp-content\\\/uploads\\\/2025\\\/07\\\/a2t.webp\",\"width\":800,\"height\":800,\"caption\":\"Omal a2t magneetventiel connector\"},{\"@type\":\"BreadcrumbList\",\"@id\":\"https:\\\/\\\/lda.be\\\/fr\\\/produit\\\/a2t-pressosato-connecteurs-de-electrovanne\\\/#breadcrumb\",\"itemListElement\":[{\"@type\":\"ListItem\",\"position\":1,\"name\":\"Accueil\",\"item\":\"https:\\\/\\\/lda.be\\\/fr\\\/\"},{\"@type\":\"ListItem\",\"position\":2,\"name\":\"Produits\",\"item\":\"https:\\\/\\\/lda.be\\\/fr\\\/produits\\\/\"},{\"@type\":\"ListItem\",\"position\":3,\"name\":\"A2T Pressosato &#8211; Connecteurs de \u00e9lectrovanne\"}]},{\"@type\":\"WebSite\",\"@id\":\"https:\\\/\\\/lda.be\\\/fr\\\/#website\",\"url\":\"https:\\\/\\\/lda.be\\\/fr\\\/\",\"name\":\"LDA Belgium\",\"description\":\"Solutions For Life\",\"publisher\":{\"@id\":\"https:\\\/\\\/lda.be\\\/fr\\\/#organization\"},\"potentialAction\":[{\"@type\":\"SearchAction\",\"target\":{\"@type\":\"EntryPoint\",\"urlTemplate\":\"https:\\\/\\\/lda.be\\\/fr\\\/?s={search_term_string}\"},\"query-input\":{\"@type\":\"PropertyValueSpecification\",\"valueRequired\":true,\"valueName\":\"search_term_string\"}}],\"inLanguage\":\"fr-FR\"},{\"@type\":\"Organization\",\"@id\":\"https:\\\/\\\/lda.be\\\/fr\\\/#organization\",\"name\":\"LDA Belgium\",\"url\":\"https:\\\/\\\/lda.be\\\/fr\\\/\",\"logo\":{\"@type\":\"ImageObject\",\"inLanguage\":\"fr-FR\",\"@id\":\"https:\\\/\\\/lda.be\\\/fr\\\/#\\\/schema\\\/logo\\\/image\\\/\",\"url\":\"https:\\\/\\\/lda.be\\\/wp-content\\\/uploads\\\/2022\\\/07\\\/Logo-LDA.webp\",\"contentUrl\":\"https:\\\/\\\/lda.be\\\/wp-content\\\/uploads\\\/2022\\\/07\\\/Logo-LDA.webp\",\"width\":311,\"height\":101,\"caption\":\"LDA Belgium\"},\"image\":{\"@id\":\"https:\\\/\\\/lda.be\\\/fr\\\/#\\\/schema\\\/logo\\\/image\\\/\"},\"sameAs\":[\"https:\\\/\\\/www.linkedin.com\\\/company\\\/lda-belgium-nv\"]}]}<\/script>\n<!-- \/ Yoast SEO plugin. -->","yoast_head_json":{"title":"A2T Pressosato - Connecteurs de \u00e9lectrovanne - LDA Belgique","description":"Le Pressostato A2T d'Omal est un connecteur fiable d'\u00e9lectrovanne \u00e0 3 p\u00f4les utilis\u00e9 pour les pressostats et autres syst\u00e8mes de mesure et de contr\u00f4le. Chez LDA","robots":{"index":"index","follow":"follow","max-snippet":"max-snippet:-1","max-image-preview":"max-image-preview:large","max-video-preview":"max-video-preview:-1"},"canonical":"https:\/\/lda.be\/fr\/produit\/a2t-pressosato-connecteurs-de-electrovanne\/","og_locale":"fr_FR","og_type":"article","og_title":"A2T Pressosato - Connecteurs de \u00e9lectrovanne - LDA Belgique","og_description":"Le Pressostato A2T d'Omal est un connecteur fiable d'\u00e9lectrovanne \u00e0 3 p\u00f4les utilis\u00e9 pour les pressostats et autres syst\u00e8mes de mesure et de contr\u00f4le. Chez LDA","og_url":"https:\/\/lda.be\/fr\/produit\/a2t-pressosato-connecteurs-de-electrovanne\/","og_site_name":"LDA Belgique","article_modified_time":"2025-07-22T13:35:07+00:00","og_image":[{"width":800,"height":800,"url":"https:\/\/lda.be\/wp-content\/uploads\/2025\/07\/a2t.webp","type":"image\/webp"}],"twitter_card":"summary_large_image","twitter_misc":{"Dur\u00e9e de lecture estim\u00e9e":"1 minute"},"schema":{"@context":"https:\/\/schema.org","@graph":[{"@type":"WebPage","@id":"https:\/\/lda.be\/fr\/produit\/a2t-pressosato-connecteurs-de-electrovanne\/","url":"https:\/\/lda.be\/fr\/produit\/a2t-pressosato-connecteurs-de-electrovanne\/","name":"A2T Pressosato - Connecteurs de \u00e9lectrovanne - LDA Belgique","isPartOf":{"@id":"https:\/\/lda.be\/fr\/#website"},"primaryImageOfPage":{"@id":"https:\/\/lda.be\/fr\/produit\/a2t-pressosato-connecteurs-de-electrovanne\/#primaryimage"},"image":{"@id":"https:\/\/lda.be\/fr\/produit\/a2t-pressosato-connecteurs-de-electrovanne\/#primaryimage"},"thumbnailUrl":"https:\/\/lda.be\/wp-content\/uploads\/2025\/07\/a2t.webp","datePublished":"2025-07-22T13:02:40+00:00","dateModified":"2025-07-22T13:35:07+00:00","description":"Le Pressostato A2T d'Omal est un connecteur fiable d'\u00e9lectrovanne \u00e0 3 p\u00f4les utilis\u00e9 pour les pressostats et autres syst\u00e8mes de mesure et de contr\u00f4le. Chez LDA","breadcrumb":{"@id":"https:\/\/lda.be\/fr\/produit\/a2t-pressosato-connecteurs-de-electrovanne\/#breadcrumb"},"inLanguage":"fr-FR","potentialAction":[{"@type":"ReadAction","target":["https:\/\/lda.be\/fr\/produit\/a2t-pressosato-connecteurs-de-electrovanne\/"]}]},{"@type":"ImageObject","inLanguage":"fr-FR","@id":"https:\/\/lda.be\/fr\/produit\/a2t-pressosato-connecteurs-de-electrovanne\/#primaryimage","url":"https:\/\/lda.be\/wp-content\/uploads\/2025\/07\/a2t.webp","contentUrl":"https:\/\/lda.be\/wp-content\/uploads\/2025\/07\/a2t.webp","width":800,"height":800,"caption":"Omal a2t magneetventiel connector"},{"@type":"BreadcrumbList","@id":"https:\/\/lda.be\/fr\/produit\/a2t-pressosato-connecteurs-de-electrovanne\/#breadcrumb","itemListElement":[{"@type":"ListItem","position":1,"name":"Accueil","item":"https:\/\/lda.be\/fr\/"},{"@type":"ListItem","position":2,"name":"Produits","item":"https:\/\/lda.be\/fr\/produits\/"},{"@type":"ListItem","position":3,"name":"A2T Pressosato &#8211; Connecteurs de \u00e9lectrovanne"}]},{"@type":"WebSite","@id":"https:\/\/lda.be\/fr\/#website","url":"https:\/\/lda.be\/fr\/","name":"LDA Belgium","description":"Solutions For Life","publisher":{"@id":"https:\/\/lda.be\/fr\/#organization"},"potentialAction":[{"@type":"SearchAction","target":{"@type":"EntryPoint","urlTemplate":"https:\/\/lda.be\/fr\/?s={search_term_string}"},"query-input":{"@type":"PropertyValueSpecification","valueRequired":true,"valueName":"search_term_string"}}],"inLanguage":"fr-FR"},{"@type":"Organization","@id":"https:\/\/lda.be\/fr\/#organization","name":"LDA Belgium","url":"https:\/\/lda.be\/fr\/","logo":{"@type":"ImageObject","inLanguage":"fr-FR","@id":"https:\/\/lda.be\/fr\/#\/schema\/logo\/image\/","url":"https:\/\/lda.be\/wp-content\/uploads\/2022\/07\/Logo-LDA.webp","contentUrl":"https:\/\/lda.be\/wp-content\/uploads\/2022\/07\/Logo-LDA.webp","width":311,"height":101,"caption":"LDA Belgium"},"image":{"@id":"https:\/\/lda.be\/fr\/#\/schema\/logo\/image\/"},"sameAs":["https:\/\/www.linkedin.com\/company\/lda-belgium-nv"]}]}},"_links":{"self":[{"href":"https:\/\/lda.be\/fr\/wp-json\/wp\/v2\/product\/9926","targetHints":{"allow":["GET"]}}],"collection":[{"href":"https:\/\/lda.be\/fr\/wp-json\/wp\/v2\/product"}],"about":[{"href":"https:\/\/lda.be\/fr\/wp-json\/wp\/v2\/types\/product"}],"replies":[{"embeddable":true,"href":"https:\/\/lda.be\/fr\/wp-json\/wp\/v2\/comments?post=9926"}],"wp:featuredmedia":[{"embeddable":true,"href":"https:\/\/lda.be\/fr\/wp-json\/wp\/v2\/media\/9914"}],"wp:attachment":[{"href":"https:\/\/lda.be\/fr\/wp-json\/wp\/v2\/media?parent=9926"}],"wp:term":[{"taxonomy":"product_brand","embeddable":true,"href":"https:\/\/lda.be\/fr\/wp-json\/wp\/v2\/product_brand?post=9926"},{"taxonomy":"product_cat","embeddable":true,"href":"https:\/\/lda.be\/fr\/wp-json\/wp\/v2\/product_cat?post=9926"},{"taxonomy":"product_tag","embeddable":true,"href":"https:\/\/lda.be\/fr\/wp-json\/wp\/v2\/product_tag?post=9926"}],"curies":[{"name":"wp","href":"https:\/\/api.w.org\/{rel}","templated":true}]}}