{"id":9927,"date":"2025-07-22T14:28:48","date_gmt":"2025-07-22T13:28:48","guid":{"rendered":"https:\/\/lda.be\/?post_type=product&#038;p=9927"},"modified":"2025-07-28T09:00:58","modified_gmt":"2025-07-28T08:00:58","slug":"serie-b1-b1t-pg9-connecteurs-pour-electrovannes","status":"publish","type":"product","link":"https:\/\/lda.be\/fr\/produit\/serie-b1-b1t-pg9-connecteurs-pour-electrovannes\/","title":{"rendered":"S\u00e9rie B1 &#038; B1T PG9 &#8211; Connecteurs pour \u00e9lectrovannes"},"content":{"rendered":"<p>Les connecteurs pour \u00e9lectrovannes Omal B1 et B1T PG9 sont des solutions fiables et durables pour les applications industrielles o\u00f9 une connexion \u00e9lectrique s\u00fbre est essentielle. Gr\u00e2ce \u00e0 leur conception compacte et \u00e0 leur bo\u00eetier robuste, ils conviennent \u00e0 une utilisation dans des environnements exigeants tels que l&#8217;automatisation, l&#8217;hydraulique et la pneumatique.<\/p>\n<p>Le B1 PG9 est le mod\u00e8le standard et offre une connexion solide qui r\u00e9siste \u00e0 la poussi\u00e8re, \u00e0 l&#8217;humidit\u00e9 et aux variations de temp\u00e9rature. Le connecteur est \u00e9quip\u00e9 de broches de contact de haute qualit\u00e9 et est livr\u00e9 avec tous les composants n\u00e9cessaires pour une installation simple et s\u00fbre.<\/p>\n<p>Le B1T PG9 est la version plus compl\u00e8te, \u00e9quip\u00e9e de composants \u00e9lectroniques int\u00e9gr\u00e9s et d&#8217;un capot transparent qui permet, par exemple, l&#8217;indication LED. Cela le rend particuli\u00e8rement adapt\u00e9 aux applications o\u00f9 un contr\u00f4le visuel ou une protection contre les surtensions est souhait\u00e9.<\/p>\n<p>Les deux connecteurs sont con\u00e7us conform\u00e9ment aux normes industrielles en vigueur et garantissent une longue dur\u00e9e de vie et des performances stables. Ils peuvent \u00eatre utilis\u00e9s dans diverses installations o\u00f9 la fiabilit\u00e9 est primordiale.<\/p>\n<p>Vous envisagez une application avec ces Omal B1 &amp; B1T connecteurs ? <a href=\"https:\/\/lda.be\/fr\/contact\/\">Demandez un devis<\/a> sans engagement \u00e0 LDA Belgique et d\u00e9couvrez notre service personnalis\u00e9 et nos prix comp\u00e9titifs.<\/p>\n","protected":false},"excerpt":{"rendered":"<p>Les connecteurs pour \u00e9lectrovannes Omal B1 et B1T PG9 sont des solutions fiables et durables pour les applications industrielles o\u00f9 une connexion \u00e9lectrique s\u00fbre est essentielle. Gr\u00e2ce \u00e0 leur conception compacte et \u00e0 leur bo\u00eetier robuste, ils conviennent \u00e0 une utilisation dans des environnements exigeants tels que l&#8217;automatisation, l&#8217;hydraulique et la pneumatique. Le B1 PG9 [&hellip;]<\/p>\n","protected":false},"featured_media":10105,"comment_status":"closed","ping_status":"closed","template":"","meta":[],"product_brand":[1609],"product_cat":[818,828,1608],"product_tag":[],"class_list":{"0":"post-9927","1":"product","2":"type-product","3":"status-publish","4":"has-post-thumbnail","6":"product_brand-omal","7":"product_cat-connecteurs-et-cables","8":"product_cat-connecteurs","9":"product_cat-connecteurs-industriels-de-type-a-b-c-et-micro","11":"first","12":"instock","13":"shipping-taxable","14":"product-type-simple"},"yoast_head":"<!-- This site is optimized with the Yoast SEO plugin v27.3 - https:\/\/yoast.com\/product\/yoast-seo-wordpress\/ -->\n<title>S\u00e9rie B1 &amp; B1T PG9 - Connecteurs pour \u00e9lectrovannes - LDA Belgique<\/title>\n<meta name=\"description\" content=\"Connecteur d&#039;\u00e9lectrovanne Omal B1 &amp; B1T avec presse-\u00e9toupe PG9. protection IP65, 250 V AC ou 300 V DC, adapt\u00e9 \u00e0 10 A. Disponible aupr\u00e8s de LDA Belgique.\" \/>\n<meta name=\"robots\" content=\"index, follow, max-snippet:-1, max-image-preview:large, max-video-preview:-1\" \/>\n<link rel=\"canonical\" href=\"https:\/\/lda.be\/fr\/produit\/serie-b1-b1t-pg9-connecteurs-pour-electrovannes\/\" \/>\n<meta property=\"og:locale\" content=\"fr_FR\" \/>\n<meta property=\"og:type\" content=\"article\" \/>\n<meta property=\"og:title\" content=\"S\u00e9rie B1 &amp; B1T PG9 - Connecteurs pour \u00e9lectrovannes - LDA Belgique\" \/>\n<meta property=\"og:description\" content=\"Connecteur d&#039;\u00e9lectrovanne Omal B1 &amp; B1T avec presse-\u00e9toupe PG9. protection IP65, 250 V AC ou 300 V DC, adapt\u00e9 \u00e0 10 A. Disponible aupr\u00e8s de LDA Belgique.\" \/>\n<meta property=\"og:url\" content=\"https:\/\/lda.be\/fr\/produit\/serie-b1-b1t-pg9-connecteurs-pour-electrovannes\/\" \/>\n<meta property=\"og:site_name\" content=\"LDA Belgique\" \/>\n<meta property=\"article:modified_time\" content=\"2025-07-28T08:00:58+00:00\" \/>\n<meta property=\"og:image\" content=\"https:\/\/lda.be\/wp-content\/uploads\/2025\/07\/b1-en-b1t-pg9.webp\" \/>\n\t<meta property=\"og:image:width\" content=\"800\" \/>\n\t<meta property=\"og:image:height\" content=\"800\" \/>\n\t<meta property=\"og:image:type\" content=\"image\/webp\" \/>\n<meta name=\"twitter:card\" content=\"summary_large_image\" \/>\n<meta name=\"twitter:label1\" content=\"Dur\u00e9e de lecture estim\u00e9e\" \/>\n\t<meta name=\"twitter:data1\" content=\"2 minutes\" \/>\n<script type=\"application\/ld+json\" class=\"yoast-schema-graph\">{\"@context\":\"https:\\\/\\\/schema.org\",\"@graph\":[{\"@type\":\"WebPage\",\"@id\":\"https:\\\/\\\/lda.be\\\/fr\\\/produit\\\/serie-b1-b1t-pg9-connecteurs-pour-electrovannes\\\/\",\"url\":\"https:\\\/\\\/lda.be\\\/fr\\\/produit\\\/serie-b1-b1t-pg9-connecteurs-pour-electrovannes\\\/\",\"name\":\"S\u00e9rie B1 & B1T PG9 - Connecteurs pour \u00e9lectrovannes - LDA Belgique\",\"isPartOf\":{\"@id\":\"https:\\\/\\\/lda.be\\\/fr\\\/#website\"},\"primaryImageOfPage\":{\"@id\":\"https:\\\/\\\/lda.be\\\/fr\\\/produit\\\/serie-b1-b1t-pg9-connecteurs-pour-electrovannes\\\/#primaryimage\"},\"image\":{\"@id\":\"https:\\\/\\\/lda.be\\\/fr\\\/produit\\\/serie-b1-b1t-pg9-connecteurs-pour-electrovannes\\\/#primaryimage\"},\"thumbnailUrl\":\"https:\\\/\\\/lda.be\\\/wp-content\\\/uploads\\\/2025\\\/07\\\/b1-en-b1t-pg9.webp\",\"datePublished\":\"2025-07-22T13:28:48+00:00\",\"dateModified\":\"2025-07-28T08:00:58+00:00\",\"description\":\"Connecteur d'\u00e9lectrovanne Omal B1 & B1T avec presse-\u00e9toupe PG9. protection IP65, 250 V AC ou 300 V DC, adapt\u00e9 \u00e0 10 A. Disponible aupr\u00e8s de LDA Belgique.\",\"breadcrumb\":{\"@id\":\"https:\\\/\\\/lda.be\\\/fr\\\/produit\\\/serie-b1-b1t-pg9-connecteurs-pour-electrovannes\\\/#breadcrumb\"},\"inLanguage\":\"fr-FR\",\"potentialAction\":[{\"@type\":\"ReadAction\",\"target\":[\"https:\\\/\\\/lda.be\\\/fr\\\/produit\\\/serie-b1-b1t-pg9-connecteurs-pour-electrovannes\\\/\"]}]},{\"@type\":\"ImageObject\",\"inLanguage\":\"fr-FR\",\"@id\":\"https:\\\/\\\/lda.be\\\/fr\\\/produit\\\/serie-b1-b1t-pg9-connecteurs-pour-electrovannes\\\/#primaryimage\",\"url\":\"https:\\\/\\\/lda.be\\\/wp-content\\\/uploads\\\/2025\\\/07\\\/b1-en-b1t-pg9.webp\",\"contentUrl\":\"https:\\\/\\\/lda.be\\\/wp-content\\\/uploads\\\/2025\\\/07\\\/b1-en-b1t-pg9.webp\",\"width\":800,\"height\":800,\"caption\":\"Omal b1 & B1T pg9\"},{\"@type\":\"BreadcrumbList\",\"@id\":\"https:\\\/\\\/lda.be\\\/fr\\\/produit\\\/serie-b1-b1t-pg9-connecteurs-pour-electrovannes\\\/#breadcrumb\",\"itemListElement\":[{\"@type\":\"ListItem\",\"position\":1,\"name\":\"Accueil\",\"item\":\"https:\\\/\\\/lda.be\\\/fr\\\/\"},{\"@type\":\"ListItem\",\"position\":2,\"name\":\"Produits\",\"item\":\"https:\\\/\\\/lda.be\\\/fr\\\/produits\\\/\"},{\"@type\":\"ListItem\",\"position\":3,\"name\":\"S\u00e9rie B1 &#038; B1T PG9 &#8211; Connecteurs pour \u00e9lectrovannes\"}]},{\"@type\":\"WebSite\",\"@id\":\"https:\\\/\\\/lda.be\\\/fr\\\/#website\",\"url\":\"https:\\\/\\\/lda.be\\\/fr\\\/\",\"name\":\"LDA Belgium\",\"description\":\"Solutions For Life\",\"publisher\":{\"@id\":\"https:\\\/\\\/lda.be\\\/fr\\\/#organization\"},\"potentialAction\":[{\"@type\":\"SearchAction\",\"target\":{\"@type\":\"EntryPoint\",\"urlTemplate\":\"https:\\\/\\\/lda.be\\\/fr\\\/?s={search_term_string}\"},\"query-input\":{\"@type\":\"PropertyValueSpecification\",\"valueRequired\":true,\"valueName\":\"search_term_string\"}}],\"inLanguage\":\"fr-FR\"},{\"@type\":\"Organization\",\"@id\":\"https:\\\/\\\/lda.be\\\/fr\\\/#organization\",\"name\":\"LDA Belgium\",\"url\":\"https:\\\/\\\/lda.be\\\/fr\\\/\",\"logo\":{\"@type\":\"ImageObject\",\"inLanguage\":\"fr-FR\",\"@id\":\"https:\\\/\\\/lda.be\\\/fr\\\/#\\\/schema\\\/logo\\\/image\\\/\",\"url\":\"https:\\\/\\\/lda.be\\\/wp-content\\\/uploads\\\/2022\\\/07\\\/Logo-LDA.webp\",\"contentUrl\":\"https:\\\/\\\/lda.be\\\/wp-content\\\/uploads\\\/2022\\\/07\\\/Logo-LDA.webp\",\"width\":311,\"height\":101,\"caption\":\"LDA Belgium\"},\"image\":{\"@id\":\"https:\\\/\\\/lda.be\\\/fr\\\/#\\\/schema\\\/logo\\\/image\\\/\"},\"sameAs\":[\"https:\\\/\\\/www.linkedin.com\\\/company\\\/lda-belgium-nv\"]}]}<\/script>\n<!-- \/ Yoast SEO plugin. -->","yoast_head_json":{"title":"S\u00e9rie B1 & B1T PG9 - Connecteurs pour \u00e9lectrovannes - LDA Belgique","description":"Connecteur d'\u00e9lectrovanne Omal B1 & B1T avec presse-\u00e9toupe PG9. protection IP65, 250 V AC ou 300 V DC, adapt\u00e9 \u00e0 10 A. Disponible aupr\u00e8s de LDA Belgique.","robots":{"index":"index","follow":"follow","max-snippet":"max-snippet:-1","max-image-preview":"max-image-preview:large","max-video-preview":"max-video-preview:-1"},"canonical":"https:\/\/lda.be\/fr\/produit\/serie-b1-b1t-pg9-connecteurs-pour-electrovannes\/","og_locale":"fr_FR","og_type":"article","og_title":"S\u00e9rie B1 & B1T PG9 - Connecteurs pour \u00e9lectrovannes - LDA Belgique","og_description":"Connecteur d'\u00e9lectrovanne Omal B1 & B1T avec presse-\u00e9toupe PG9. protection IP65, 250 V AC ou 300 V DC, adapt\u00e9 \u00e0 10 A. Disponible aupr\u00e8s de LDA Belgique.","og_url":"https:\/\/lda.be\/fr\/produit\/serie-b1-b1t-pg9-connecteurs-pour-electrovannes\/","og_site_name":"LDA Belgique","article_modified_time":"2025-07-28T08:00:58+00:00","og_image":[{"width":800,"height":800,"url":"https:\/\/lda.be\/wp-content\/uploads\/2025\/07\/b1-en-b1t-pg9.webp","type":"image\/webp"}],"twitter_card":"summary_large_image","twitter_misc":{"Dur\u00e9e de lecture estim\u00e9e":"2 minutes"},"schema":{"@context":"https:\/\/schema.org","@graph":[{"@type":"WebPage","@id":"https:\/\/lda.be\/fr\/produit\/serie-b1-b1t-pg9-connecteurs-pour-electrovannes\/","url":"https:\/\/lda.be\/fr\/produit\/serie-b1-b1t-pg9-connecteurs-pour-electrovannes\/","name":"S\u00e9rie B1 & B1T PG9 - Connecteurs pour \u00e9lectrovannes - LDA Belgique","isPartOf":{"@id":"https:\/\/lda.be\/fr\/#website"},"primaryImageOfPage":{"@id":"https:\/\/lda.be\/fr\/produit\/serie-b1-b1t-pg9-connecteurs-pour-electrovannes\/#primaryimage"},"image":{"@id":"https:\/\/lda.be\/fr\/produit\/serie-b1-b1t-pg9-connecteurs-pour-electrovannes\/#primaryimage"},"thumbnailUrl":"https:\/\/lda.be\/wp-content\/uploads\/2025\/07\/b1-en-b1t-pg9.webp","datePublished":"2025-07-22T13:28:48+00:00","dateModified":"2025-07-28T08:00:58+00:00","description":"Connecteur d'\u00e9lectrovanne Omal B1 & B1T avec presse-\u00e9toupe PG9. protection IP65, 250 V AC ou 300 V DC, adapt\u00e9 \u00e0 10 A. Disponible aupr\u00e8s de LDA Belgique.","breadcrumb":{"@id":"https:\/\/lda.be\/fr\/produit\/serie-b1-b1t-pg9-connecteurs-pour-electrovannes\/#breadcrumb"},"inLanguage":"fr-FR","potentialAction":[{"@type":"ReadAction","target":["https:\/\/lda.be\/fr\/produit\/serie-b1-b1t-pg9-connecteurs-pour-electrovannes\/"]}]},{"@type":"ImageObject","inLanguage":"fr-FR","@id":"https:\/\/lda.be\/fr\/produit\/serie-b1-b1t-pg9-connecteurs-pour-electrovannes\/#primaryimage","url":"https:\/\/lda.be\/wp-content\/uploads\/2025\/07\/b1-en-b1t-pg9.webp","contentUrl":"https:\/\/lda.be\/wp-content\/uploads\/2025\/07\/b1-en-b1t-pg9.webp","width":800,"height":800,"caption":"Omal b1 & B1T pg9"},{"@type":"BreadcrumbList","@id":"https:\/\/lda.be\/fr\/produit\/serie-b1-b1t-pg9-connecteurs-pour-electrovannes\/#breadcrumb","itemListElement":[{"@type":"ListItem","position":1,"name":"Accueil","item":"https:\/\/lda.be\/fr\/"},{"@type":"ListItem","position":2,"name":"Produits","item":"https:\/\/lda.be\/fr\/produits\/"},{"@type":"ListItem","position":3,"name":"S\u00e9rie B1 &#038; B1T PG9 &#8211; Connecteurs pour \u00e9lectrovannes"}]},{"@type":"WebSite","@id":"https:\/\/lda.be\/fr\/#website","url":"https:\/\/lda.be\/fr\/","name":"LDA Belgium","description":"Solutions For Life","publisher":{"@id":"https:\/\/lda.be\/fr\/#organization"},"potentialAction":[{"@type":"SearchAction","target":{"@type":"EntryPoint","urlTemplate":"https:\/\/lda.be\/fr\/?s={search_term_string}"},"query-input":{"@type":"PropertyValueSpecification","valueRequired":true,"valueName":"search_term_string"}}],"inLanguage":"fr-FR"},{"@type":"Organization","@id":"https:\/\/lda.be\/fr\/#organization","name":"LDA Belgium","url":"https:\/\/lda.be\/fr\/","logo":{"@type":"ImageObject","inLanguage":"fr-FR","@id":"https:\/\/lda.be\/fr\/#\/schema\/logo\/image\/","url":"https:\/\/lda.be\/wp-content\/uploads\/2022\/07\/Logo-LDA.webp","contentUrl":"https:\/\/lda.be\/wp-content\/uploads\/2022\/07\/Logo-LDA.webp","width":311,"height":101,"caption":"LDA Belgium"},"image":{"@id":"https:\/\/lda.be\/fr\/#\/schema\/logo\/image\/"},"sameAs":["https:\/\/www.linkedin.com\/company\/lda-belgium-nv"]}]}},"_links":{"self":[{"href":"https:\/\/lda.be\/fr\/wp-json\/wp\/v2\/product\/9927","targetHints":{"allow":["GET"]}}],"collection":[{"href":"https:\/\/lda.be\/fr\/wp-json\/wp\/v2\/product"}],"about":[{"href":"https:\/\/lda.be\/fr\/wp-json\/wp\/v2\/types\/product"}],"replies":[{"embeddable":true,"href":"https:\/\/lda.be\/fr\/wp-json\/wp\/v2\/comments?post=9927"}],"wp:featuredmedia":[{"embeddable":true,"href":"https:\/\/lda.be\/fr\/wp-json\/wp\/v2\/media\/10105"}],"wp:attachment":[{"href":"https:\/\/lda.be\/fr\/wp-json\/wp\/v2\/media?parent=9927"}],"wp:term":[{"taxonomy":"product_brand","embeddable":true,"href":"https:\/\/lda.be\/fr\/wp-json\/wp\/v2\/product_brand?post=9927"},{"taxonomy":"product_cat","embeddable":true,"href":"https:\/\/lda.be\/fr\/wp-json\/wp\/v2\/product_cat?post=9927"},{"taxonomy":"product_tag","embeddable":true,"href":"https:\/\/lda.be\/fr\/wp-json\/wp\/v2\/product_tag?post=9927"}],"curies":[{"name":"wp","href":"https:\/\/api.w.org\/{rel}","templated":true}]}}